{"id":1033603,"date":"2025-07-23T10:28:17","date_gmt":"2025-07-23T08:28:17","guid":{"rendered":"https:\/\/www.lourdes-france.org\/?page_id=1033603"},"modified":"2025-08-27T12:25:12","modified_gmt":"2025-08-27T10:25:12","slug":"5-gruende-zu-spenden","status":"publish","type":"page","link":"https:\/\/www.lourdes-france.org\/de\/unterstuetzen-sie-uns\/5-gruende-zu-spenden\/","title":{"rendered":"5 raisons de donner au Sanctuaire de Lourdes"},"content":{"rendered":"\t\t<div data-elementor-type=\"wp-page\" data-elementor-id=\"1033603\" class=\"elementor elementor-1033603 elementor-1025219\" data-elementor-post-type=\"page\">\n\t\t\t\t\t\t<section class=\"elementor-section elementor-top-section elementor-element elementor-element-4cfeeae elementor-section-full_width elementor-section-stretched elementor-section-height-default elementor-section-height-default\" data-id=\"4cfeeae\" data-element_type=\"section\" data-settings=\"{&quot;stretch_section&quot;:&quot;section-stretched&quot;,&quot;background_background&quot;:&quot;classic&quot;}\">\n\t\t\t\t\t\t<div class=\"elementor-container elementor-column-gap-default\">\n\t\t\t\t\t<div class=\"elementor-column elementor-col-100 elementor-top-column elementor-element elementor-element-02bc77f\" data-id=\"02bc77f\" data-element_type=\"column\">\n\t\t\t<div class=\"elementor-widget-wrap elementor-element-populated\">\n\t\t\t\t\t\t<div class=\"elementor-element elementor-element-3a4d075 elementor-widget elementor-widget-spacer\" data-id=\"3a4d075\" data-element_type=\"widget\" data-widget_type=\"spacer.default\">\n\t\t\t\t<div class=\"elementor-widget-container\">\n\t\t\t\t\t\t\t<div class=\"elementor-spacer\">\n\t\t\t<div class=\"elementor-spacer-inner\"><\/div>\n\t\t<\/div>\n\t\t\t\t\t\t<\/div>\n\t\t\t\t<\/div>\n\t\t\t\t\t<\/div>\n\t\t<\/div>\n\t\t\t\t\t<\/div>\n\t\t<\/section>\n\t\t\t\t<section class=\"elementor-section elementor-top-section elementor-element elementor-element-3e72068 elementor-section-full_width elementor-section-height-default elementor-section-height-default\" data-id=\"3e72068\" data-element_type=\"section\" data-settings=\"{&quot;background_background&quot;:&quot;classic&quot;}\">\n\t\t\t\t\t\t<div class=\"elementor-container elementor-column-gap-default\">\n\t\t\t\t\t<div class=\"elementor-column elementor-col-100 elementor-top-column elementor-element elementor-element-5315277\" data-id=\"5315277\" data-element_type=\"column\">\n\t\t\t<div class=\"elementor-widget-wrap elementor-element-populated\">\n\t\t\t\t\t\t<div class=\"elementor-element elementor-element-bbf1209 elementor-widget elementor-widget-spacer\" data-id=\"bbf1209\" data-element_type=\"widget\" data-widget_type=\"spacer.default\">\n\t\t\t\t<div class=\"elementor-widget-container\">\n\t\t\t\t\t\t\t<div class=\"elementor-spacer\">\n\t\t\t<div class=\"elementor-spacer-inner\"><\/div>\n\t\t<\/div>\n\t\t\t\t\t\t<\/div>\n\t\t\t\t<\/div>\n\t\t\t\t<div class=\"elementor-element elementor-element-897d5de elementor-widget elementor-widget-heading\" data-id=\"897d5de\" data-element_type=\"widget\" data-widget_type=\"heading.default\">\n\t\t\t\t<div class=\"elementor-widget-container\">\n\t\t\t\t\t<h2 class=\"elementor-heading-title elementor-size-default\">5 Gr\u00fcnde, f\u00fcr die Wallfahrtsst\u00e4tte von Lourdes zu spenden\n<\/h2>\t\t\t\t<\/div>\n\t\t\t\t<\/div>\n\t\t\t\t<div class=\"elementor-element elementor-element-deff42b elementor-widget elementor-widget-heading\" data-id=\"deff42b\" data-element_type=\"widget\" data-widget_type=\"heading.default\">\n\t\t\t\t<div class=\"elementor-widget-container\">\n\t\t\t\t\t<h2 class=\"elementor-heading-title elementor-size-default\">_________________<\/h2>\t\t\t\t<\/div>\n\t\t\t\t<\/div>\n\t\t\t\t<div class=\"elementor-element elementor-element-69dde582 elementor-widget elementor-widget-text-editor\" data-id=\"69dde582\" data-element_type=\"widget\" data-widget_type=\"text-editor.default\">\n\t\t\t\t<div class=\"elementor-widget-container\">\n\t\t\t\t\t\t\t\t\t<p>Mit einer Spende f\u00fcr die <a href=\"https:\/\/www.lourdes-france.com\/de\/\">Wallfahrtsst\u00e4tte von Lourdes<\/a> beteiligen Sie sich aktiv an ihrer geistlichen, menschlichen und solidarischen Aufgabe.<\/p>\n<h2><span style=\"text-decoration: underline;\"><strong>Hier sind 5 Gr\u00fcnde f\u00fcr eine Spende:<\/strong><\/span><\/h2>\n<h4><ol><li><b>Grund: Unterst\u00fctzung eines Ortes des Glaubens und der Hoffnung<\/b><\/li><\/ol><\/h4>\n<p>Lourdes empf\u00e4ngt jedes Jahr mehr als <a href=\"https:\/\/www.lourdes-france.org\/de\/la-frequentation-en-lourdes\/\">3 Millionen Pilger<\/a> aus aller Welt.Ihre Spenden erm\u00f6glichen es, diesen Ort des Gebets, der Besinnung und des Friedens ohne Beschr\u00e4nkung durch finanzielle Mittel zug\u00e4nglich f\u00fcr alle zu halten<\/p>\n<h4><ol start=\"2\"><li><b>Grund: Hilfe f\u00fcr Kranke und Menschen mit Behinderung<\/b><\/li><\/ol><\/h4>\n<p>Die Wallfahrtsst\u00e4tte ist ein besonderer Ort zur Aufnahme von Menschen in Not. Die Spenden werden zur Finanzierung der medizinischen Infrastruktur verwendet, damit sie ihre <a href=\"https:\/\/www.lourdes-france.com\/de\/lourdes-un-sanctuaire-accessible-a-tous\/\">Wallfahrt<\/a> unbeschr\u00e4nkt erfahren k\u00f6nnen.<\/p>\n<h4><ol start=\"3\"><li><b>Grund: Bewahrung eines religi\u00f6sen und historischen Erbes<\/b><\/li><\/ol><\/h4>\n<p>Drei Basiliken, 25 Kapellen, Einrichtungen und das \u00d6kosystem auf einem 55 Hektar gro\u00dfen Gel\u00e4nde m\u00fcssen st\u00e4ndig gepflegt werden. Ihre Unterst\u00fctzung erm\u00f6glicht es, dieses einzigartige, geschichtstr\u00e4chtige und vom Glauben gepr\u00e4gte Erbe zu bewahren.<\/p>\n<h4><ol start=\"4\"><li><b>Grund: Unterst\u00fctzung der Evangelisierungsmission<\/b><\/li><\/ol><\/h4>\n<p>Die Spenden werden auch f\u00fcr die Ausbildung von <a href=\"https:\/\/www.lourdes-france.com\/de\/freiwillige\/\">Freiwilligen<\/a> und <a href=\"https:\/\/hospitalite-nd-lourdes.com\/de\/\">Hospitaliers<\/a>, die Organisation der religi\u00f6sen Feier, insbesondere der gro\u00dfen Prozessionen, und die Verbreitung der Botschaft von Lourdes in der ganzen Welt verwendet.<\/p>\n<h4><ol start=\"5\"><li><b>Grund: Eine sinnvolle Geste der Gro\u00dfz\u00fcgigkeit<\/b><\/li><\/ol><\/h4>\n<p>Mit einer Spende an die Wallfahrtsst\u00e4tte setzen Sie ein konkretes Zeichen des Glaubens, der Dankbarkeit oder der Solidarit\u00e4t. Sie beteiligen sich an einem gemeinsamen Werk, das Generationen verbindet und Tausende von Menschen tief ber\u00fchrt.<\/p>\t\t\t\t\t\t\t\t<\/div>\n\t\t\t\t<\/div>\n\t\t\t\t<div class=\"elementor-element elementor-element-c0dd253 elementor-widget elementor-widget-link-in-bio\" data-id=\"c0dd253\" data-element_type=\"widget\" data-widget_type=\"link-in-bio.default\">\n\t\t\t\t<div class=\"elementor-widget-container\">\n\t\t\t\t\t\t\t<div class=\"e-link-in-bio e-link-in-bio\">\n\t\t\t<div class=\"e-link-in-bio__content\">\n\n\t\t\t\t\t\t<div class=\"e-link-in-bio__identity\">\n\t\t\t\t\t\t\t\t\t<div class=\"e-link-in-bio__identity-image e-link-in-bio__identity-image-profile has-border has-style-circle\">\n\t\t\t\t\t\t\t<img fetchpriority=\"high\" decoding=\"async\" width=\"300\" height=\"200\" src=\"https:\/\/www.lourdes-france.org\/wp-content\/uploads\/2025\/08\/21_service-donateur-01-scaled-1-1-1-300x200.jpg\" class=\"e-link-in-bio__identity-image-element\" alt=\"\" srcset=\"https:\/\/www.lourdes-france.org\/wp-content\/uploads\/2025\/08\/21_service-donateur-01-scaled-1-1-1-300x200.jpg 300w, https:\/\/www.lourdes-france.org\/wp-content\/uploads\/2025\/08\/21_service-donateur-01-scaled-1-1-1-1024x683.jpg 1024w, https:\/\/www.lourdes-france.org\/wp-content\/uploads\/2025\/08\/21_service-donateur-01-scaled-1-1-1-768x512.jpg 768w, https:\/\/www.lourdes-france.org\/wp-content\/uploads\/2025\/08\/21_service-donateur-01-scaled-1-1-1-1536x1024.jpg 1536w, https:\/\/www.lourdes-france.org\/wp-content\/uploads\/2025\/08\/21_service-donateur-01-scaled-1-1-1-2048x1366.jpg 2048w\" sizes=\"(max-width: 300px) 100vw, 300px\" \/>\t\t\t\t\t\t\t\t\t\t\t\t\t<\/div>\n\t\t\t\t\t\t\t<\/div>\n\t\t\t\t\t<div class=\"e-link-in-bio__bio\">\n\t\t\t\t<h2 class=\"e-link-in-bio__heading\">Der Spender-Service<\/h2>\t\t\t\t<h2 class=\"e-link-in-bio__title\">Wallfahrtsort Notre-Dame de Lourdes<\/h2>\t\t\t\t\t\t\t\t\t\t\t<\/div>\n\t\t\t\t\t<div class=\"e-link-in-bio__icons has-size-medium\">\n\t\t\t\t\t\t\t<div class=\"e-link-in-bio__icon is-size-medium\">\n\t\t\t\t\t<a aria-label=\"Telephone\" class=\"e-link-in-bio__icon-link\" href=\"tel:+33562428282\">\n\t\t\t\t\t\t<span class=\"e-link-in-bio__icon-svg\">\n\t\t\t\t\t\t\t<i aria-hidden=\"true\" class=\"fas fa-phone-alt\"><\/i>\t\t\t\t\t\t<\/span>\n\t\t\t\t\t\t\t\t\t\t\t<\/a>\n\t\t\t\t<\/div>\n\t\t\t\t\t\t\t<div class=\"e-link-in-bio__icon is-size-medium\">\n\t\t\t\t\t<a aria-label=\"Email\" class=\"e-link-in-bio__icon-link\" href=\"mailto:donateur@lourdes-france.com\">\n\t\t\t\t\t\t<span class=\"e-link-in-bio__icon-svg\">\n\t\t\t\t\t\t\t<i aria-hidden=\"true\" class=\"fas fa-envelope\"><\/i>\t\t\t\t\t\t<\/span>\n\t\t\t\t\t\t\t\t\t\t\t<\/a>\n\t\t\t\t<\/div>\n\t\t\t\t\t<\/div>\n\t\t\n\t\t<div class=\"e-link-in-bio__ctas has-type-button\">\n\t\t\t\t\t\t\t<a target=\"_blank\" rel=\"noopener \" class=\"e-link-in-bio__cta is-type-button has-corners-rounded\" href=\"\">\n\t\t\t\t\t\t\t\t\t\t<span class=\"e-link-in-bio__cta-text\">\n\t\t\t\t\t\t1 avenue Mgr Th\u00e9as \u2013 65 108 Lourdes  France\t\t\t\t\t<\/span>\n\t\t\t\t<\/a>\n\t\t\t\t\t<\/div>\n\t\t\n\t\t\t<\/div>\n\t\t\t<div class=\"e-link-in-bio__bg\">\n\t\t\t\t<div class=\"e-link-in-bio__bg-overlay\"><\/div>\n\t\t\t<\/div>\n\t\t<\/div>\n\t\t\t\t\t\t<\/div>\n\t\t\t\t<\/div>\n\t\t\t\t<div class=\"elementor-element elementor-element-a723d0b elementor-view-default elementor-widget elementor-widget-icon\" data-id=\"a723d0b\" data-element_type=\"widget\" data-widget_type=\"icon.default\">\n\t\t\t\t<div class=\"elementor-widget-container\">\n\t\t\t\t\t\t\t<div class=\"elementor-icon-wrapper\">\n\t\t\t<div class=\"elementor-icon\">\n\t\t\t<i aria-hidden=\"true\" class=\"fas fa-church\"><\/i>\t\t\t<\/div>\n\t\t<\/div>\n\t\t\t\t\t\t<\/div>\n\t\t\t\t<\/div>\n\t\t\t\t\t<\/div>\n\t\t<\/div>\n\t\t\t\t\t<\/div>\n\t\t<\/section>\n\t\t\t\t<\/div>\n\t\t","protected":false},"excerpt":{"rendered":"<p>5 Gr\u00fcnde, f\u00fcr die Wallfahrtsst\u00e4tte von Lourdes zu spenden _________________ Mit einer Spende f\u00fcr die Wallfahrtsst\u00e4tte von Lourdes beteiligen Sie sich aktiv an ihrer geistlichen, menschlichen und solidarischen Aufgabe. Hier sind 5 Gr\u00fcnde f\u00fcr eine Spende: Grund: Unterst\u00fctzung eines Ortes &hellip; <a href=\"https:\/\/www.lourdes-france.org\/de\/unterstuetzen-sie-uns\/5-gruende-zu-spenden\/\">Weiter<\/a><\/p>\n","protected":false},"author":7,"featured_media":1033718,"parent":1033707,"menu_order":0,"comment_status":"closed","ping_status":"closed","template":"","meta":{"_acf_changed":false,"footnotes":""},"class_list":["post-1033603","page","type-page","status-publish","has-post-thumbnail","hentry"],"acf":[],"yoast_head":"<!-- This site is optimized with the Yoast SEO plugin v24.7 - https:\/\/yoast.com\/wordpress\/plugins\/seo\/ -->\n<title>5 Gr\u00fcnde f\u00fcr das Heiligtum von Lourdes zu spenden<\/title>\n<meta name=\"description\" content=\"Warum f\u00fcr das Heiligtum spenden? Warum diese Wahl? Warum Lourdes? 5 Gr\u00fcnde, f\u00fcr das Heiligtum von Lourdes zu spenden.\" \/>\n<meta name=\"robots\" content=\"index, follow, max-snippet:-1, max-image-preview:large, max-video-preview:-1\" \/>\n<link rel=\"canonical\" href=\"https:\/\/www.lourdes-france.org\/de\/unterstuetzen-sie-uns\/5-gruende-zu-spenden\/\" \/>\n<meta name=\"twitter:label1\" content=\"Gesch\u00e4tzte Lesezeit\" \/>\n\t<meta name=\"twitter:data1\" content=\"2\u00a0Minuten\" \/>\n<script type=\"application\/ld+json\" class=\"yoast-schema-graph\">{\"@context\":\"https:\/\/schema.org\",\"@graph\":[{\"@type\":\"WebPage\",\"@id\":\"https:\/\/www.lourdes-france.org\/de\/unterstuetzen-sie-uns\/5-gruende-zu-spenden\/\",\"url\":\"https:\/\/www.lourdes-france.org\/de\/unterstuetzen-sie-uns\/5-gruende-zu-spenden\/\",\"name\":\"5 Gr\u00fcnde f\u00fcr das Heiligtum von Lourdes zu spenden\",\"isPartOf\":{\"@id\":\"https:\/\/preprod-lourdes.cawita.com\/#website\"},\"primaryImageOfPage\":{\"@id\":\"https:\/\/www.lourdes-france.org\/de\/unterstuetzen-sie-uns\/5-gruende-zu-spenden\/#primaryimage\"},\"image\":{\"@id\":\"https:\/\/www.lourdes-france.org\/de\/unterstuetzen-sie-uns\/5-gruende-zu-spenden\/#primaryimage\"},\"thumbnailUrl\":\"https:\/\/www.lourdes-france.org\/wp-content\/uploads\/2025\/07\/Nous-soutenir-scaled-1.jpg\",\"datePublished\":\"2025-07-23T08:28:17+00:00\",\"dateModified\":\"2025-08-27T10:25:12+00:00\",\"description\":\"Warum f\u00fcr das Heiligtum spenden? Warum diese Wahl? Warum Lourdes? 5 Gr\u00fcnde, f\u00fcr das Heiligtum von Lourdes zu spenden.\",\"breadcrumb\":{\"@id\":\"https:\/\/www.lourdes-france.org\/de\/unterstuetzen-sie-uns\/5-gruende-zu-spenden\/#breadcrumb\"},\"inLanguage\":\"de\",\"potentialAction\":[{\"@type\":\"ReadAction\",\"target\":[\"https:\/\/www.lourdes-france.org\/de\/unterstuetzen-sie-uns\/5-gruende-zu-spenden\/\"]}]},{\"@type\":\"ImageObject\",\"inLanguage\":\"de\",\"@id\":\"https:\/\/www.lourdes-france.org\/de\/unterstuetzen-sie-uns\/5-gruende-zu-spenden\/#primaryimage\",\"url\":\"https:\/\/www.lourdes-france.org\/wp-content\/uploads\/2025\/07\/Nous-soutenir-scaled-1.jpg\",\"contentUrl\":\"https:\/\/www.lourdes-france.org\/wp-content\/uploads\/2025\/07\/Nous-soutenir-scaled-1.jpg\",\"width\":2560,\"height\":1707,\"caption\":\"Pourquoi faire un don au Sanctuaire de Lourdes ?\"},{\"@type\":\"BreadcrumbList\",\"@id\":\"https:\/\/www.lourdes-france.org\/de\/unterstuetzen-sie-uns\/5-gruende-zu-spenden\/#breadcrumb\",\"itemListElement\":[{\"@type\":\"ListItem\",\"position\":1,\"name\":\"Accueil\",\"item\":\"https:\/\/www.lourdes-france.org\/\"},{\"@type\":\"ListItem\",\"position\":2,\"name\":\"UNTERST\u00dcTZEN SIE UNS\",\"item\":\"https:\/\/www.lourdes-france.org\/de\/unterstuetzen-sie-uns\/\"},{\"@type\":\"ListItem\",\"position\":3,\"name\":\"5 raisons de donner au Sanctuaire de Lourdes\"}]},{\"@type\":\"WebSite\",\"@id\":\"https:\/\/preprod-lourdes.cawita.com\/#website\",\"url\":\"https:\/\/preprod-lourdes.cawita.com\/\",\"name\":\"Soutenir le Sanctuaire Notre-Dame de Lourdes\",\"description\":\"\",\"potentialAction\":[{\"@type\":\"SearchAction\",\"target\":{\"@type\":\"EntryPoint\",\"urlTemplate\":\"https:\/\/preprod-lourdes.cawita.com\/?s={search_term_string}\"},\"query-input\":{\"@type\":\"PropertyValueSpecification\",\"valueRequired\":true,\"valueName\":\"search_term_string\"}}],\"inLanguage\":\"de\"}]}<\/script>\n<!-- \/ Yoast SEO plugin. -->","yoast_head_json":{"title":"5 Gr\u00fcnde f\u00fcr das Heiligtum von Lourdes zu spenden","description":"Warum f\u00fcr das Heiligtum spenden? Warum diese Wahl? Warum Lourdes? 5 Gr\u00fcnde, f\u00fcr das Heiligtum von Lourdes zu spenden.","robots":{"index":"index","follow":"follow","max-snippet":"max-snippet:-1","max-image-preview":"max-image-preview:large","max-video-preview":"max-video-preview:-1"},"canonical":"https:\/\/www.lourdes-france.org\/de\/unterstuetzen-sie-uns\/5-gruende-zu-spenden\/","twitter_misc":{"Gesch\u00e4tzte Lesezeit":"2\u00a0Minuten"},"schema":{"@context":"https:\/\/schema.org","@graph":[{"@type":"WebPage","@id":"https:\/\/www.lourdes-france.org\/de\/unterstuetzen-sie-uns\/5-gruende-zu-spenden\/","url":"https:\/\/www.lourdes-france.org\/de\/unterstuetzen-sie-uns\/5-gruende-zu-spenden\/","name":"5 Gr\u00fcnde f\u00fcr das Heiligtum von Lourdes zu spenden","isPartOf":{"@id":"https:\/\/preprod-lourdes.cawita.com\/#website"},"primaryImageOfPage":{"@id":"https:\/\/www.lourdes-france.org\/de\/unterstuetzen-sie-uns\/5-gruende-zu-spenden\/#primaryimage"},"image":{"@id":"https:\/\/www.lourdes-france.org\/de\/unterstuetzen-sie-uns\/5-gruende-zu-spenden\/#primaryimage"},"thumbnailUrl":"https:\/\/www.lourdes-france.org\/wp-content\/uploads\/2025\/07\/Nous-soutenir-scaled-1.jpg","datePublished":"2025-07-23T08:28:17+00:00","dateModified":"2025-08-27T10:25:12+00:00","description":"Warum f\u00fcr das Heiligtum spenden? Warum diese Wahl? Warum Lourdes? 5 Gr\u00fcnde, f\u00fcr das Heiligtum von Lourdes zu spenden.","breadcrumb":{"@id":"https:\/\/www.lourdes-france.org\/de\/unterstuetzen-sie-uns\/5-gruende-zu-spenden\/#breadcrumb"},"inLanguage":"de","potentialAction":[{"@type":"ReadAction","target":["https:\/\/www.lourdes-france.org\/de\/unterstuetzen-sie-uns\/5-gruende-zu-spenden\/"]}]},{"@type":"ImageObject","inLanguage":"de","@id":"https:\/\/www.lourdes-france.org\/de\/unterstuetzen-sie-uns\/5-gruende-zu-spenden\/#primaryimage","url":"https:\/\/www.lourdes-france.org\/wp-content\/uploads\/2025\/07\/Nous-soutenir-scaled-1.jpg","contentUrl":"https:\/\/www.lourdes-france.org\/wp-content\/uploads\/2025\/07\/Nous-soutenir-scaled-1.jpg","width":2560,"height":1707,"caption":"Pourquoi faire un don au Sanctuaire de Lourdes ?"},{"@type":"BreadcrumbList","@id":"https:\/\/www.lourdes-france.org\/de\/unterstuetzen-sie-uns\/5-gruende-zu-spenden\/#breadcrumb","itemListElement":[{"@type":"ListItem","position":1,"name":"Accueil","item":"https:\/\/www.lourdes-france.org\/"},{"@type":"ListItem","position":2,"name":"UNTERST\u00dcTZEN SIE UNS","item":"https:\/\/www.lourdes-france.org\/de\/unterstuetzen-sie-uns\/"},{"@type":"ListItem","position":3,"name":"5 raisons de donner au Sanctuaire de Lourdes"}]},{"@type":"WebSite","@id":"https:\/\/preprod-lourdes.cawita.com\/#website","url":"https:\/\/preprod-lourdes.cawita.com\/","name":"Soutenir le Sanctuaire Notre-Dame de Lourdes","description":"","potentialAction":[{"@type":"SearchAction","target":{"@type":"EntryPoint","urlTemplate":"https:\/\/preprod-lourdes.cawita.com\/?s={search_term_string}"},"query-input":{"@type":"PropertyValueSpecification","valueRequired":true,"valueName":"search_term_string"}}],"inLanguage":"de"}]}},"_links":{"self":[{"href":"https:\/\/www.lourdes-france.org\/de\/wp-json\/wp\/v2\/pages\/1033603","targetHints":{"allow":["GET"]}}],"collection":[{"href":"https:\/\/www.lourdes-france.org\/de\/wp-json\/wp\/v2\/pages"}],"about":[{"href":"https:\/\/www.lourdes-france.org\/de\/wp-json\/wp\/v2\/types\/page"}],"author":[{"embeddable":true,"href":"https:\/\/www.lourdes-france.org\/de\/wp-json\/wp\/v2\/users\/7"}],"replies":[{"embeddable":true,"href":"https:\/\/www.lourdes-france.org\/de\/wp-json\/wp\/v2\/comments?post=1033603"}],"version-history":[{"count":3,"href":"https:\/\/www.lourdes-france.org\/de\/wp-json\/wp\/v2\/pages\/1033603\/revisions"}],"predecessor-version":[{"id":1061547,"href":"https:\/\/www.lourdes-france.org\/de\/wp-json\/wp\/v2\/pages\/1033603\/revisions\/1061547"}],"up":[{"embeddable":true,"href":"https:\/\/www.lourdes-france.org\/de\/wp-json\/wp\/v2\/pages\/1033707"}],"wp:featuredmedia":[{"embeddable":true,"href":"https:\/\/www.lourdes-france.org\/de\/wp-json\/wp\/v2\/media\/1033718"}],"wp:attachment":[{"href":"https:\/\/www.lourdes-france.org\/de\/wp-json\/wp\/v2\/media?parent=1033603"}],"curies":[{"name":"wp","href":"https:\/\/api.w.org\/{rel}","templated":true}]}}