{"id":1033608,"date":"2025-07-16T11:54:59","date_gmt":"2025-07-16T09:54:59","guid":{"rendered":"https:\/\/www.lourdes-france.org\/?page_id=1033608"},"modified":"2025-08-26T18:03:53","modified_gmt":"2025-08-26T16:03:53","slug":"verwendet-spende","status":"publish","type":"page","link":"https:\/\/www.lourdes-france.org\/de\/unterstuetzen-sie-uns\/verwendet-spende\/","title":{"rendered":"Comment est utilis\u00e9 votre don ?"},"content":{"rendered":"\t\t<div data-elementor-type=\"wp-page\" data-elementor-id=\"1033608\" class=\"elementor elementor-1033608 elementor-1028424\" data-elementor-post-type=\"page\">\n\t\t\t\t\t\t<section class=\"elementor-section elementor-top-section elementor-element elementor-element-61dc0d9 elementor-section-full_width elementor-section-stretched elementor-section-height-default elementor-section-height-default\" data-id=\"61dc0d9\" data-element_type=\"section\" data-settings=\"{&quot;stretch_section&quot;:&quot;section-stretched&quot;,&quot;background_background&quot;:&quot;classic&quot;}\">\n\t\t\t\t\t\t<div class=\"elementor-container elementor-column-gap-default\">\n\t\t\t\t\t<div class=\"elementor-column elementor-col-100 elementor-top-column elementor-element elementor-element-007492c\" data-id=\"007492c\" data-element_type=\"column\">\n\t\t\t<div class=\"elementor-widget-wrap elementor-element-populated\">\n\t\t\t\t\t\t<div class=\"elementor-element elementor-element-110a63f elementor-widget elementor-widget-spacer\" data-id=\"110a63f\" data-element_type=\"widget\" data-widget_type=\"spacer.default\">\n\t\t\t\t<div class=\"elementor-widget-container\">\n\t\t\t\t\t\t\t<div class=\"elementor-spacer\">\n\t\t\t<div class=\"elementor-spacer-inner\"><\/div>\n\t\t<\/div>\n\t\t\t\t\t\t<\/div>\n\t\t\t\t<\/div>\n\t\t\t\t\t<\/div>\n\t\t<\/div>\n\t\t\t\t\t<\/div>\n\t\t<\/section>\n\t\t\t\t<section class=\"elementor-section elementor-top-section elementor-element elementor-element-8962cc6 elementor-section-full_width elementor-section-height-default elementor-section-height-default\" data-id=\"8962cc6\" data-element_type=\"section\" data-settings=\"{&quot;background_background&quot;:&quot;classic&quot;}\">\n\t\t\t\t\t\t<div class=\"elementor-container elementor-column-gap-default\">\n\t\t\t\t\t<div class=\"elementor-column elementor-col-100 elementor-top-column elementor-element elementor-element-b1a606a\" data-id=\"b1a606a\" data-element_type=\"column\">\n\t\t\t<div class=\"elementor-widget-wrap elementor-element-populated\">\n\t\t\t\t\t\t<div class=\"elementor-element elementor-element-59188bf elementor-widget elementor-widget-spacer\" data-id=\"59188bf\" data-element_type=\"widget\" data-widget_type=\"spacer.default\">\n\t\t\t\t<div class=\"elementor-widget-container\">\n\t\t\t\t\t\t\t<div class=\"elementor-spacer\">\n\t\t\t<div class=\"elementor-spacer-inner\"><\/div>\n\t\t<\/div>\n\t\t\t\t\t\t<\/div>\n\t\t\t\t<\/div>\n\t\t\t\t<div class=\"elementor-element elementor-element-c46ba45 elementor-widget elementor-widget-heading\" data-id=\"c46ba45\" data-element_type=\"widget\" data-widget_type=\"heading.default\">\n\t\t\t\t<div class=\"elementor-widget-container\">\n\t\t\t\t\t<h2 class=\"elementor-heading-title elementor-size-default\">Wie wird Ihre Spende verwendet?\n<\/h2>\t\t\t\t<\/div>\n\t\t\t\t<\/div>\n\t\t\t\t<div class=\"elementor-element elementor-element-682b814 elementor-widget elementor-widget-heading\" data-id=\"682b814\" data-element_type=\"widget\" data-widget_type=\"heading.default\">\n\t\t\t\t<div class=\"elementor-widget-container\">\n\t\t\t\t\t<h2 class=\"elementor-heading-title elementor-size-default\">_________________<\/h2>\t\t\t\t<\/div>\n\t\t\t\t<\/div>\n\t\t\t\t<div class=\"elementor-element elementor-element-b24e318 elementor-widget elementor-widget-text-editor\" data-id=\"b24e318\" data-element_type=\"widget\" data-widget_type=\"text-editor.default\">\n\t\t\t\t<div class=\"elementor-widget-container\">\n\t\t\t\t\t\t\t\t\t<p>Ihre Spende erm\u00f6glicht es der Wallfahrtsst\u00e4tte, die Werte der Gastfreundschaft, Universalit\u00e4t, Unentgeltlichkeit, Einfachheit, Demut und Achtung in die Praxis umzusetzen.<\/p><p><b>GRAFIK:<\/b><\/p><p><b>93 % unserer Mittel werden f\u00fcr den Empfang der Pilger verwendet<\/b><\/p><p>Laufende Aufgaben zum Empfang der Pilger vor Ort: 93 %<br \/>Kosten f\u00fcr die Mittelbeschaffung: 7 %<\/p><p><b>Kosten pro Pilger: 7,2 \u20ac (im Jahr 2024)<\/b><\/p><p>Zu Lasten der Wallfahrtsst\u00e4tte<br \/>19,2 %\u2026\u2026\u2026\u2026.Gottesdienst und Seelsorge<br \/>16,1 %&#8230;&#8230;&#8230;&#8230;.Instandhaltung, Wartung und Energie<br \/>15,8 %\u2026..\u2026\u2026\u2026Sammlung von Ressourcen (Verwaltung von Kerzen, Spenden\u2026)<br \/>14,5 %\u2026\u2026\u2026\u2026..Abschreibungen auf Investitionen<br \/>8,5 %&#8230;&#8230;&#8230;&#8230;..Verwaltung<br \/>8 %&#8230;&#8230;&#8230;&#8230;&#8230;..Sicherheit der Pilger und Erste-Hilfe-Station<br \/>7 %&#8230;&#8230;&#8230;&#8230;&#8230;..Kommunikation und Verbreitung der Botschaft<br \/>5 %&#8230;&#8230;&#8230;&#8230;&#8230;..Empfang der Pilger und Gruppen<br \/>1,2 %&#8230;&#8230;&#8230;&#8230;&#8230;Ehrenamtliche Mitarbeit<br \/>1,2 %&#8230;&#8230;&#8230;&#8230;&#8230;Versicherungen<br \/>1 %&#8230;&#8230;&#8230;&#8230;&#8230;&#8230;Steuern und Abgaben<br \/>2,5 %&#8230;&#8230;&#8230;&#8230;&#8230;Sonstige Aufwendungen<\/p><p>Quelle:\u00a0T\u00e4tigkeitsbericht 2024<\/p><p>Mit einer Spende von 100 \u20ac \u00fcbernehme ich die Kosten f\u00fcr die Betreuung einer kleinen Gruppe von 14 Pilgern f\u00fcr einen Tag.<\/p><p>Mit einer Spende von 1000 \u20ac \u00fcbernehme ich die Kosten f\u00fcr die Aufnahme einer Pilgergruppe von fast 140 Personen, die einen Tag in Lourdes verbringen m\u00f6chten.<\/p>\t\t\t\t\t\t\t\t<\/div>\n\t\t\t\t<\/div>\n\t\t\t\t<div class=\"elementor-element elementor-element-bef2ab7 elementor-widget elementor-widget-link-in-bio\" data-id=\"bef2ab7\" data-element_type=\"widget\" data-widget_type=\"link-in-bio.default\">\n\t\t\t\t<div class=\"elementor-widget-container\">\n\t\t\t\t\t\t\t<div class=\"e-link-in-bio e-link-in-bio\">\n\t\t\t<div class=\"e-link-in-bio__content\">\n\n\t\t\t\t\t\t<div class=\"e-link-in-bio__identity\">\n\t\t\t\t\t\t\t\t\t<div class=\"e-link-in-bio__identity-image e-link-in-bio__identity-image-profile has-border has-style-circle\">\n\t\t\t\t\t\t\t<img fetchpriority=\"high\" decoding=\"async\" width=\"300\" height=\"200\" src=\"https:\/\/www.lourdes-france.org\/wp-content\/uploads\/2025\/08\/21_service-donateur-01-scaled-1-1-1-300x200.jpg\" class=\"e-link-in-bio__identity-image-element\" alt=\"\" srcset=\"https:\/\/www.lourdes-france.org\/wp-content\/uploads\/2025\/08\/21_service-donateur-01-scaled-1-1-1-300x200.jpg 300w, https:\/\/www.lourdes-france.org\/wp-content\/uploads\/2025\/08\/21_service-donateur-01-scaled-1-1-1-1024x683.jpg 1024w, https:\/\/www.lourdes-france.org\/wp-content\/uploads\/2025\/08\/21_service-donateur-01-scaled-1-1-1-768x512.jpg 768w, https:\/\/www.lourdes-france.org\/wp-content\/uploads\/2025\/08\/21_service-donateur-01-scaled-1-1-1-1536x1024.jpg 1536w, https:\/\/www.lourdes-france.org\/wp-content\/uploads\/2025\/08\/21_service-donateur-01-scaled-1-1-1-2048x1366.jpg 2048w\" sizes=\"(max-width: 300px) 100vw, 300px\" \/>\t\t\t\t\t\t\t\t\t\t\t\t\t<\/div>\n\t\t\t\t\t\t\t<\/div>\n\t\t\t\t\t<div class=\"e-link-in-bio__bio\">\n\t\t\t\t<h2 class=\"e-link-in-bio__heading\">Der Spender-Service<\/h2>\t\t\t\t<h2 class=\"e-link-in-bio__title\">Wallfahrtsort Notre-Dame de Lourdes<\/h2>\t\t\t\t\t\t\t\t\t\t\t<\/div>\n\t\t\t\t\t<div class=\"e-link-in-bio__icons has-size-medium\">\n\t\t\t\t\t\t\t<div class=\"e-link-in-bio__icon is-size-medium\">\n\t\t\t\t\t<a aria-label=\"Telephone\" class=\"e-link-in-bio__icon-link\" href=\"tel:+33562428282\">\n\t\t\t\t\t\t<span class=\"e-link-in-bio__icon-svg\">\n\t\t\t\t\t\t\t<i aria-hidden=\"true\" class=\"fas fa-phone-alt\"><\/i>\t\t\t\t\t\t<\/span>\n\t\t\t\t\t\t\t\t\t\t\t<\/a>\n\t\t\t\t<\/div>\n\t\t\t\t\t\t\t<div class=\"e-link-in-bio__icon is-size-medium\">\n\t\t\t\t\t<a aria-label=\"Email\" class=\"e-link-in-bio__icon-link\" href=\"mailto:donateur@lourdes-france.com\">\n\t\t\t\t\t\t<span class=\"e-link-in-bio__icon-svg\">\n\t\t\t\t\t\t\t<i aria-hidden=\"true\" class=\"fas fa-envelope\"><\/i>\t\t\t\t\t\t<\/span>\n\t\t\t\t\t\t\t\t\t\t\t<\/a>\n\t\t\t\t<\/div>\n\t\t\t\t\t<\/div>\n\t\t\n\t\t<div class=\"e-link-in-bio__ctas has-type-button\">\n\t\t\t\t\t\t\t<a target=\"_blank\" rel=\"noopener \" class=\"e-link-in-bio__cta is-type-button has-corners-rounded\" href=\"\">\n\t\t\t\t\t\t\t\t\t\t<span class=\"e-link-in-bio__cta-text\">\n\t\t\t\t\t\t1 avenue Mgr Th\u00e9as \u2013 65 108 Lourdes  France\t\t\t\t\t<\/span>\n\t\t\t\t<\/a>\n\t\t\t\t\t<\/div>\n\t\t\n\t\t\t<\/div>\n\t\t\t<div class=\"e-link-in-bio__bg\">\n\t\t\t\t<div class=\"e-link-in-bio__bg-overlay\"><\/div>\n\t\t\t<\/div>\n\t\t<\/div>\n\t\t\t\t\t\t<\/div>\n\t\t\t\t<\/div>\n\t\t\t\t<div class=\"elementor-element elementor-element-c7fb6af elementor-view-default elementor-widget elementor-widget-icon\" data-id=\"c7fb6af\" data-element_type=\"widget\" data-widget_type=\"icon.default\">\n\t\t\t\t<div class=\"elementor-widget-container\">\n\t\t\t\t\t\t\t<div class=\"elementor-icon-wrapper\">\n\t\t\t<div class=\"elementor-icon\">\n\t\t\t<i aria-hidden=\"true\" class=\"fas fa-church\"><\/i>\t\t\t<\/div>\n\t\t<\/div>\n\t\t\t\t\t\t<\/div>\n\t\t\t\t<\/div>\n\t\t\t\t\t<\/div>\n\t\t<\/div>\n\t\t\t\t\t<\/div>\n\t\t<\/section>\n\t\t\t\t<\/div>\n\t\t","protected":false},"excerpt":{"rendered":"<p>Wie wird Ihre Spende verwendet? _________________ Ihre Spende erm\u00f6glicht es der Wallfahrtsst\u00e4tte, die Werte der Gastfreundschaft, Universalit\u00e4t, Unentgeltlichkeit, Einfachheit, Demut und Achtung in die Praxis umzusetzen. GRAFIK: 93 % unserer Mittel werden f\u00fcr den Empfang der Pilger verwendet Laufende Aufgaben &hellip; <a href=\"https:\/\/www.lourdes-france.org\/de\/unterstuetzen-sie-uns\/verwendet-spende\/\">Weiter<\/a><\/p>\n","protected":false},"author":7,"featured_media":1033718,"parent":1033707,"menu_order":0,"comment_status":"closed","ping_status":"closed","template":"","meta":{"_acf_changed":false,"footnotes":""},"class_list":["post-1033608","page","type-page","status-publish","has-post-thumbnail","hentry"],"acf":[],"yoast_head":"<!-- This site is optimized with the Yoast SEO plugin v24.7 - https:\/\/yoast.com\/wordpress\/plugins\/seo\/ -->\n<title>Wie wird Ihre Spende verwendet?<\/title>\n<meta name=\"description\" content=\"Warum f\u00fcr das Heiligtum spenden? Warum diese Entscheidung? Warum Lourdes? 5 Gr\u00fcnde, f\u00fcr das Heiligtum von Lourdes zu spenden.\" \/>\n<meta name=\"robots\" content=\"index, follow, max-snippet:-1, max-image-preview:large, max-video-preview:-1\" \/>\n<link rel=\"canonical\" href=\"https:\/\/www.lourdes-france.org\/de\/unterstuetzen-sie-uns\/verwendet-spende\/\" \/>\n<meta name=\"twitter:label1\" content=\"Gesch\u00e4tzte Lesezeit\" \/>\n\t<meta name=\"twitter:data1\" content=\"2\u00a0Minuten\" \/>\n<script type=\"application\/ld+json\" class=\"yoast-schema-graph\">{\"@context\":\"https:\/\/schema.org\",\"@graph\":[{\"@type\":\"WebPage\",\"@id\":\"https:\/\/www.lourdes-france.org\/de\/unterstuetzen-sie-uns\/verwendet-spende\/\",\"url\":\"https:\/\/www.lourdes-france.org\/de\/unterstuetzen-sie-uns\/verwendet-spende\/\",\"name\":\"Wie wird Ihre Spende verwendet?\",\"isPartOf\":{\"@id\":\"https:\/\/preprod-lourdes.cawita.com\/#website\"},\"primaryImageOfPage\":{\"@id\":\"https:\/\/www.lourdes-france.org\/de\/unterstuetzen-sie-uns\/verwendet-spende\/#primaryimage\"},\"image\":{\"@id\":\"https:\/\/www.lourdes-france.org\/de\/unterstuetzen-sie-uns\/verwendet-spende\/#primaryimage\"},\"thumbnailUrl\":\"https:\/\/www.lourdes-france.org\/wp-content\/uploads\/2025\/07\/Nous-soutenir-scaled-1.jpg\",\"datePublished\":\"2025-07-16T09:54:59+00:00\",\"dateModified\":\"2025-08-26T16:03:53+00:00\",\"description\":\"Warum f\u00fcr das Heiligtum spenden? Warum diese Entscheidung? Warum Lourdes? 5 Gr\u00fcnde, f\u00fcr das Heiligtum von Lourdes zu spenden.\",\"breadcrumb\":{\"@id\":\"https:\/\/www.lourdes-france.org\/de\/unterstuetzen-sie-uns\/verwendet-spende\/#breadcrumb\"},\"inLanguage\":\"de\",\"potentialAction\":[{\"@type\":\"ReadAction\",\"target\":[\"https:\/\/www.lourdes-france.org\/de\/unterstuetzen-sie-uns\/verwendet-spende\/\"]}]},{\"@type\":\"ImageObject\",\"inLanguage\":\"de\",\"@id\":\"https:\/\/www.lourdes-france.org\/de\/unterstuetzen-sie-uns\/verwendet-spende\/#primaryimage\",\"url\":\"https:\/\/www.lourdes-france.org\/wp-content\/uploads\/2025\/07\/Nous-soutenir-scaled-1.jpg\",\"contentUrl\":\"https:\/\/www.lourdes-france.org\/wp-content\/uploads\/2025\/07\/Nous-soutenir-scaled-1.jpg\",\"width\":2560,\"height\":1707,\"caption\":\"Pourquoi faire un don au Sanctuaire de Lourdes ?\"},{\"@type\":\"BreadcrumbList\",\"@id\":\"https:\/\/www.lourdes-france.org\/de\/unterstuetzen-sie-uns\/verwendet-spende\/#breadcrumb\",\"itemListElement\":[{\"@type\":\"ListItem\",\"position\":1,\"name\":\"Accueil\",\"item\":\"https:\/\/www.lourdes-france.org\/\"},{\"@type\":\"ListItem\",\"position\":2,\"name\":\"UNTERST\u00dcTZEN SIE UNS\",\"item\":\"https:\/\/www.lourdes-france.org\/de\/unterstuetzen-sie-uns\/\"},{\"@type\":\"ListItem\",\"position\":3,\"name\":\"Comment est utilis\u00e9 votre don ?\"}]},{\"@type\":\"WebSite\",\"@id\":\"https:\/\/preprod-lourdes.cawita.com\/#website\",\"url\":\"https:\/\/preprod-lourdes.cawita.com\/\",\"name\":\"Soutenir le Sanctuaire Notre-Dame de Lourdes\",\"description\":\"\",\"potentialAction\":[{\"@type\":\"SearchAction\",\"target\":{\"@type\":\"EntryPoint\",\"urlTemplate\":\"https:\/\/preprod-lourdes.cawita.com\/?s={search_term_string}\"},\"query-input\":{\"@type\":\"PropertyValueSpecification\",\"valueRequired\":true,\"valueName\":\"search_term_string\"}}],\"inLanguage\":\"de\"}]}<\/script>\n<!-- \/ Yoast SEO plugin. -->","yoast_head_json":{"title":"Wie wird Ihre Spende verwendet?","description":"Warum f\u00fcr das Heiligtum spenden? Warum diese Entscheidung? Warum Lourdes? 5 Gr\u00fcnde, f\u00fcr das Heiligtum von Lourdes zu spenden.","robots":{"index":"index","follow":"follow","max-snippet":"max-snippet:-1","max-image-preview":"max-image-preview:large","max-video-preview":"max-video-preview:-1"},"canonical":"https:\/\/www.lourdes-france.org\/de\/unterstuetzen-sie-uns\/verwendet-spende\/","twitter_misc":{"Gesch\u00e4tzte Lesezeit":"2\u00a0Minuten"},"schema":{"@context":"https:\/\/schema.org","@graph":[{"@type":"WebPage","@id":"https:\/\/www.lourdes-france.org\/de\/unterstuetzen-sie-uns\/verwendet-spende\/","url":"https:\/\/www.lourdes-france.org\/de\/unterstuetzen-sie-uns\/verwendet-spende\/","name":"Wie wird Ihre Spende verwendet?","isPartOf":{"@id":"https:\/\/preprod-lourdes.cawita.com\/#website"},"primaryImageOfPage":{"@id":"https:\/\/www.lourdes-france.org\/de\/unterstuetzen-sie-uns\/verwendet-spende\/#primaryimage"},"image":{"@id":"https:\/\/www.lourdes-france.org\/de\/unterstuetzen-sie-uns\/verwendet-spende\/#primaryimage"},"thumbnailUrl":"https:\/\/www.lourdes-france.org\/wp-content\/uploads\/2025\/07\/Nous-soutenir-scaled-1.jpg","datePublished":"2025-07-16T09:54:59+00:00","dateModified":"2025-08-26T16:03:53+00:00","description":"Warum f\u00fcr das Heiligtum spenden? Warum diese Entscheidung? Warum Lourdes? 5 Gr\u00fcnde, f\u00fcr das Heiligtum von Lourdes zu spenden.","breadcrumb":{"@id":"https:\/\/www.lourdes-france.org\/de\/unterstuetzen-sie-uns\/verwendet-spende\/#breadcrumb"},"inLanguage":"de","potentialAction":[{"@type":"ReadAction","target":["https:\/\/www.lourdes-france.org\/de\/unterstuetzen-sie-uns\/verwendet-spende\/"]}]},{"@type":"ImageObject","inLanguage":"de","@id":"https:\/\/www.lourdes-france.org\/de\/unterstuetzen-sie-uns\/verwendet-spende\/#primaryimage","url":"https:\/\/www.lourdes-france.org\/wp-content\/uploads\/2025\/07\/Nous-soutenir-scaled-1.jpg","contentUrl":"https:\/\/www.lourdes-france.org\/wp-content\/uploads\/2025\/07\/Nous-soutenir-scaled-1.jpg","width":2560,"height":1707,"caption":"Pourquoi faire un don au Sanctuaire de Lourdes ?"},{"@type":"BreadcrumbList","@id":"https:\/\/www.lourdes-france.org\/de\/unterstuetzen-sie-uns\/verwendet-spende\/#breadcrumb","itemListElement":[{"@type":"ListItem","position":1,"name":"Accueil","item":"https:\/\/www.lourdes-france.org\/"},{"@type":"ListItem","position":2,"name":"UNTERST\u00dcTZEN SIE UNS","item":"https:\/\/www.lourdes-france.org\/de\/unterstuetzen-sie-uns\/"},{"@type":"ListItem","position":3,"name":"Comment est utilis\u00e9 votre don ?"}]},{"@type":"WebSite","@id":"https:\/\/preprod-lourdes.cawita.com\/#website","url":"https:\/\/preprod-lourdes.cawita.com\/","name":"Soutenir le Sanctuaire Notre-Dame de Lourdes","description":"","potentialAction":[{"@type":"SearchAction","target":{"@type":"EntryPoint","urlTemplate":"https:\/\/preprod-lourdes.cawita.com\/?s={search_term_string}"},"query-input":{"@type":"PropertyValueSpecification","valueRequired":true,"valueName":"search_term_string"}}],"inLanguage":"de"}]}},"_links":{"self":[{"href":"https:\/\/www.lourdes-france.org\/de\/wp-json\/wp\/v2\/pages\/1033608","targetHints":{"allow":["GET"]}}],"collection":[{"href":"https:\/\/www.lourdes-france.org\/de\/wp-json\/wp\/v2\/pages"}],"about":[{"href":"https:\/\/www.lourdes-france.org\/de\/wp-json\/wp\/v2\/types\/page"}],"author":[{"embeddable":true,"href":"https:\/\/www.lourdes-france.org\/de\/wp-json\/wp\/v2\/users\/7"}],"replies":[{"embeddable":true,"href":"https:\/\/www.lourdes-france.org\/de\/wp-json\/wp\/v2\/comments?post=1033608"}],"version-history":[{"count":3,"href":"https:\/\/www.lourdes-france.org\/de\/wp-json\/wp\/v2\/pages\/1033608\/revisions"}],"predecessor-version":[{"id":1061244,"href":"https:\/\/www.lourdes-france.org\/de\/wp-json\/wp\/v2\/pages\/1033608\/revisions\/1061244"}],"up":[{"embeddable":true,"href":"https:\/\/www.lourdes-france.org\/de\/wp-json\/wp\/v2\/pages\/1033707"}],"wp:featuredmedia":[{"embeddable":true,"href":"https:\/\/www.lourdes-france.org\/de\/wp-json\/wp\/v2\/media\/1033718"}],"wp:attachment":[{"href":"https:\/\/www.lourdes-france.org\/de\/wp-json\/wp\/v2\/media?parent=1033608"}],"curies":[{"name":"wp","href":"https:\/\/api.w.org\/{rel}","templated":true}]}}