{"id":1033629,"date":"2025-07-23T14:50:40","date_gmt":"2025-07-23T12:50:40","guid":{"rendered":"https:\/\/www.lourdes-france.org\/?page_id=1033629"},"modified":"2025-09-03T15:41:17","modified_gmt":"2025-09-03T13:41:17","slug":"auswirkungen-ihrer-spende","status":"publish","type":"page","link":"https:\/\/www.lourdes-france.org\/de\/unterstuetzen-sie-uns\/auswirkungen-ihrer-spende\/","title":{"rendered":"Soutenez Lourdes : Offrez un avenir \u00e0 l\u2019Esp\u00e9rance"},"content":{"rendered":"\t\t<div data-elementor-type=\"wp-page\" data-elementor-id=\"1033629\" class=\"elementor elementor-1033629 elementor-1028432\" data-elementor-post-type=\"page\">\n\t\t\t\t\t\t<section class=\"elementor-section elementor-top-section elementor-element elementor-element-8381c13 elementor-section-full_width elementor-section-stretched elementor-section-height-default elementor-section-height-default\" data-id=\"8381c13\" data-element_type=\"section\" data-settings=\"{&quot;stretch_section&quot;:&quot;section-stretched&quot;,&quot;background_background&quot;:&quot;classic&quot;}\">\n\t\t\t\t\t\t<div class=\"elementor-container elementor-column-gap-default\">\n\t\t\t\t\t<div class=\"elementor-column elementor-col-100 elementor-top-column elementor-element elementor-element-a5fa780\" data-id=\"a5fa780\" data-element_type=\"column\">\n\t\t\t<div class=\"elementor-widget-wrap elementor-element-populated\">\n\t\t\t\t\t\t<div class=\"elementor-element elementor-element-769332c elementor-widget elementor-widget-spacer\" data-id=\"769332c\" data-element_type=\"widget\" data-widget_type=\"spacer.default\">\n\t\t\t\t<div class=\"elementor-widget-container\">\n\t\t\t\t\t\t\t<div class=\"elementor-spacer\">\n\t\t\t<div class=\"elementor-spacer-inner\"><\/div>\n\t\t<\/div>\n\t\t\t\t\t\t<\/div>\n\t\t\t\t<\/div>\n\t\t\t\t\t<\/div>\n\t\t<\/div>\n\t\t\t\t\t<\/div>\n\t\t<\/section>\n\t\t\t\t<section class=\"elementor-section elementor-top-section elementor-element elementor-element-f30ccc5 elementor-section-full_width elementor-section-height-default elementor-section-height-default\" data-id=\"f30ccc5\" data-element_type=\"section\" data-settings=\"{&quot;background_background&quot;:&quot;classic&quot;}\">\n\t\t\t\t\t\t<div class=\"elementor-container elementor-column-gap-default\">\n\t\t\t\t\t<div class=\"elementor-column elementor-col-100 elementor-top-column elementor-element elementor-element-68639d6\" data-id=\"68639d6\" data-element_type=\"column\">\n\t\t\t<div class=\"elementor-widget-wrap elementor-element-populated\">\n\t\t\t\t\t\t<div class=\"elementor-element elementor-element-4d49535 elementor-widget elementor-widget-spacer\" data-id=\"4d49535\" data-element_type=\"widget\" data-widget_type=\"spacer.default\">\n\t\t\t\t<div class=\"elementor-widget-container\">\n\t\t\t\t\t\t\t<div class=\"elementor-spacer\">\n\t\t\t<div class=\"elementor-spacer-inner\"><\/div>\n\t\t<\/div>\n\t\t\t\t\t\t<\/div>\n\t\t\t\t<\/div>\n\t\t\t\t<div class=\"elementor-element elementor-element-7ee462f elementor-widget elementor-widget-heading\" data-id=\"7ee462f\" data-element_type=\"widget\" data-widget_type=\"heading.default\">\n\t\t\t\t<div class=\"elementor-widget-container\">\n\t\t\t\t\t<h2 class=\"elementor-heading-title elementor-size-default\">Unterst\u00fctzen Sie Lourdes: Spenden Sie eine Zukunft f\u00fcr die Hoffnung<\/h2>\t\t\t\t<\/div>\n\t\t\t\t<\/div>\n\t\t\t\t<div class=\"elementor-element elementor-element-7e5a7b4 elementor-widget elementor-widget-heading\" data-id=\"7e5a7b4\" data-element_type=\"widget\" data-widget_type=\"heading.default\">\n\t\t\t\t<div class=\"elementor-widget-container\">\n\t\t\t\t\t<h2 class=\"elementor-heading-title elementor-size-default\">_________________<\/h2>\t\t\t\t<\/div>\n\t\t\t\t<\/div>\n\t\t\t\t<div class=\"elementor-element elementor-element-33ef6fc elementor-widget elementor-widget-text-editor\" data-id=\"33ef6fc\" data-element_type=\"widget\" data-widget_type=\"text-editor.default\">\n\t\t\t\t<div class=\"elementor-widget-container\">\n\t\t\t\t\t\t\t\t\t<p>Seit 1858 ist die <a href=\"https:\/\/www.lourdes-france.com\/de\/\">Wallfahrtsst\u00e4tte von Lourdes<\/a> ein Ort des Glaubens, der Heilung und der Aufnahme f\u00fcr Millionen von Pilgern aus aller Welt, insbesondere f\u00fcr Kranke und Schwache. Entgegen der landl\u00e4ufigen Meinung erh\u00e4lt Lourdes jedoch\u00a0<b>keinerlei \u00f6ffentliche oder kirchliche Zusch\u00fcsse. Es lebt ausschlie\u00dflich von der Gro\u00dfz\u00fcgigkeit seiner Spender.<\/b><\/p><p>Heute ist Ihre Hilfe mehr denn je notwendig, um:<\/p><h2><b>1. Konkrete Projekte zur Aufnahme und Versorgung zu finanzieren<\/b><\/h2><p>\u2022\u00a0\u00a0<b>Ein neuer Krankenwagen<\/b> wird angeschafft, um die Sicherheit der Pilger zu erh\u00f6hen. F\u00fcr Menschen in medizinischer Not z\u00e4hlt jede Minute.<br \/>\u2022\u00a0\u00a0<b>Die Renovierung der Sainte-Bernadette-<a href=\"https:\/\/www.lourdes-france.com\/de\/lourdes-un-sanctuaire-accessible-a-tous\/\">Br\u00fccke<\/a><\/b>, die f\u00fcr die Zug\u00e4nglichkeit von Menschen mit eingeschr\u00e4nkter Mobilit\u00e4t unerl\u00e4sslich ist, ist dringend erforderlich, um einen sicheren Weg zwischen den heiligen St\u00e4tten zu gew\u00e4hrleisten.<br \/>\u2022 An den St\u00e4tten von gro\u00dfer Symbolkraft sind regelm\u00e4\u00dfige Instandhaltungsarbeiten erforderlich: die Basiliken, die Grotte, die Kapellen, die Brunnen &#8230;<\/p><h2><b>2. Einen w\u00fcrdigen Empfang f\u00fcr Alle erm\u00f6glichen<\/b><\/h2><p>\u2022 Lourdes ist eine der wenigen Wallfahrtsst\u00e4tten weltweit, die so viele kranke und behinderte Menschen aufnehmen. Ihre Spenden finanzieren den Zugang zu Unterk\u00fcnften, Rollst\u00fchlen, Begleitstrukturen<br \/>\u2022 und medizinischen Ger\u00e4ten.<br \/>\u2022 Dank Ihnen wird\u00a0<b>niemand zur\u00fcckgelassen<\/b>, auch wenn er keine finanziellen Mittel hat.<\/p><h2><b>3. Die religi\u00f6sen Aufgaben der Wallfahrtsst\u00e4tte gew\u00e4hrleisten<\/b><\/h2><p>\u2022 Feierlichkeiten, Prozessionen, Krankensegnungen, Exerzitien, Gebetswachen: All dies wird durch Ihre Unterst\u00fctzung erm\u00f6glicht.<br \/>\u2022 Lourdes vermittelt jeden Tag eine Botschaft der Hoffnung, die Gl\u00e4ubige und Besucher aus aller Welt tief ber\u00fchrt.<\/p><h2><b>Wie kann man spenden?<\/b><\/h2><p>Es ist einfach, schnell und sicher:<br \/>\u2022\u00a0\u00a0<b>Online:<\/b>\u00a0auf www.lourdes-france.org\/faire-un-don<br \/>\u2022\u00a0\u00a0<b>Per Post:\u00a0<\/b>zu H\u00e4nden der Wallfahrtsst\u00e4tte: Sanctuaire Notre Dame de Lourdes \u2013 1 Avenue Mgr Th\u00e9as \u2013 65108 Lourdes Cedex \u2013 Frankreich<br \/>\u2022\u00a0\u00a0<b>Per monatlichem Lastschriftverfahren:<\/b>\u00a0um Lourdes das ganze Jahr \u00fcber in Ihrem eigenen Rhythmus zu unterst\u00fctzen.<\/p><p><b>Jede Spende z\u00e4hlt. Jede Geste tr\u00e4gt zum Aufbau von Lourdes bei.<\/b><\/p><p>Mit Ihrer Unterst\u00fctzung der Wallfahrtsst\u00e4tte erm\u00f6glichen Sie diesem einzigartigen Ort, seine<br \/>Mission fortzusetzen: Menschen willkommen zu hei\u00dfen, zu beten, zu begleiten und Hoffnung zu schenken.<\/p><p><b>Vielen Dank f\u00fcr Ihre Gro\u00dfz\u00fcgigkeit.<\/b><\/p>\t\t\t\t\t\t\t\t<\/div>\n\t\t\t\t<\/div>\n\t\t\t\t<div class=\"elementor-element elementor-element-ca18f36 elementor-widget elementor-widget-link-in-bio\" data-id=\"ca18f36\" data-element_type=\"widget\" data-widget_type=\"link-in-bio.default\">\n\t\t\t\t<div class=\"elementor-widget-container\">\n\t\t\t\t\t\t\t<div class=\"e-link-in-bio e-link-in-bio\">\n\t\t\t<div class=\"e-link-in-bio__content\">\n\n\t\t\t\t\t\t<div class=\"e-link-in-bio__identity\">\n\t\t\t\t\t\t\t\t\t<div class=\"e-link-in-bio__identity-image e-link-in-bio__identity-image-profile has-border has-style-circle\">\n\t\t\t\t\t\t\t<img fetchpriority=\"high\" decoding=\"async\" width=\"300\" height=\"200\" src=\"https:\/\/www.lourdes-france.org\/wp-content\/uploads\/2025\/08\/21_service-donateur-01-scaled-1-1-1-300x200.jpg\" class=\"e-link-in-bio__identity-image-element\" alt=\"\" srcset=\"https:\/\/www.lourdes-france.org\/wp-content\/uploads\/2025\/08\/21_service-donateur-01-scaled-1-1-1-300x200.jpg 300w, https:\/\/www.lourdes-france.org\/wp-content\/uploads\/2025\/08\/21_service-donateur-01-scaled-1-1-1-1024x683.jpg 1024w, https:\/\/www.lourdes-france.org\/wp-content\/uploads\/2025\/08\/21_service-donateur-01-scaled-1-1-1-768x512.jpg 768w, https:\/\/www.lourdes-france.org\/wp-content\/uploads\/2025\/08\/21_service-donateur-01-scaled-1-1-1-1536x1024.jpg 1536w, https:\/\/www.lourdes-france.org\/wp-content\/uploads\/2025\/08\/21_service-donateur-01-scaled-1-1-1-2048x1366.jpg 2048w\" sizes=\"(max-width: 300px) 100vw, 300px\" \/>\t\t\t\t\t\t\t\t\t\t\t\t\t<\/div>\n\t\t\t\t\t\t\t<\/div>\n\t\t\t\t\t<div class=\"e-link-in-bio__bio\">\n\t\t\t\t<h2 class=\"e-link-in-bio__heading\">Der Spender-Service<\/h2>\t\t\t\t<h2 class=\"e-link-in-bio__title\">Wallfahrtsort Notre-Dame de Lourdes<\/h2>\t\t\t\t\t\t\t\t\t\t\t<\/div>\n\t\t\t\t\t<div class=\"e-link-in-bio__icons has-size-medium\">\n\t\t\t\t\t\t\t<div class=\"e-link-in-bio__icon is-size-medium\">\n\t\t\t\t\t<a aria-label=\"Telephone\" class=\"e-link-in-bio__icon-link\" href=\"tel:+33562428282\">\n\t\t\t\t\t\t<span class=\"e-link-in-bio__icon-svg\">\n\t\t\t\t\t\t\t<i aria-hidden=\"true\" class=\"fas fa-phone-alt\"><\/i>\t\t\t\t\t\t<\/span>\n\t\t\t\t\t\t\t\t\t\t\t<\/a>\n\t\t\t\t<\/div>\n\t\t\t\t\t\t\t<div class=\"e-link-in-bio__icon is-size-medium\">\n\t\t\t\t\t<a aria-label=\"Email\" class=\"e-link-in-bio__icon-link\" href=\"mailto:donateur@lourdes-france.com\">\n\t\t\t\t\t\t<span class=\"e-link-in-bio__icon-svg\">\n\t\t\t\t\t\t\t<i aria-hidden=\"true\" class=\"fas fa-envelope\"><\/i>\t\t\t\t\t\t<\/span>\n\t\t\t\t\t\t\t\t\t\t\t<\/a>\n\t\t\t\t<\/div>\n\t\t\t\t\t<\/div>\n\t\t\n\t\t<div class=\"e-link-in-bio__ctas has-type-button\">\n\t\t\t\t\t\t\t<a target=\"_blank\" rel=\"noopener \" class=\"e-link-in-bio__cta is-type-button has-corners-rounded\" href=\"\">\n\t\t\t\t\t\t\t\t\t\t<span class=\"e-link-in-bio__cta-text\">\n\t\t\t\t\t\t1 avenue Mgr Th\u00e9as \u2013 65 108 Lourdes  France\t\t\t\t\t<\/span>\n\t\t\t\t<\/a>\n\t\t\t\t\t<\/div>\n\t\t\n\t\t\t<\/div>\n\t\t\t<div class=\"e-link-in-bio__bg\">\n\t\t\t\t<div class=\"e-link-in-bio__bg-overlay\"><\/div>\n\t\t\t<\/div>\n\t\t<\/div>\n\t\t\t\t\t\t<\/div>\n\t\t\t\t<\/div>\n\t\t\t\t<div class=\"elementor-element elementor-element-04ddf23 elementor-view-default elementor-widget elementor-widget-icon\" data-id=\"04ddf23\" data-element_type=\"widget\" data-widget_type=\"icon.default\">\n\t\t\t\t<div class=\"elementor-widget-container\">\n\t\t\t\t\t\t\t<div class=\"elementor-icon-wrapper\">\n\t\t\t<div class=\"elementor-icon\">\n\t\t\t<i aria-hidden=\"true\" class=\"fas fa-church\"><\/i>\t\t\t<\/div>\n\t\t<\/div>\n\t\t\t\t\t\t<\/div>\n\t\t\t\t<\/div>\n\t\t\t\t\t<\/div>\n\t\t<\/div>\n\t\t\t\t\t<\/div>\n\t\t<\/section>\n\t\t\t\t<\/div>\n\t\t","protected":false},"excerpt":{"rendered":"<p>Unterst\u00fctzen Sie Lourdes: Spenden Sie eine Zukunft f\u00fcr die Hoffnung _________________ Seit 1858 ist die Wallfahrtsst\u00e4tte von Lourdes ein Ort des Glaubens, der Heilung und der Aufnahme f\u00fcr Millionen von Pilgern aus aller Welt, insbesondere f\u00fcr Kranke und Schwache. Entgegen &hellip; <a href=\"https:\/\/www.lourdes-france.org\/de\/unterstuetzen-sie-uns\/auswirkungen-ihrer-spende\/\">Weiter<\/a><\/p>\n","protected":false},"author":7,"featured_media":1033718,"parent":1033707,"menu_order":0,"comment_status":"closed","ping_status":"closed","template":"","meta":{"_acf_changed":false,"footnotes":""},"class_list":["post-1033629","page","type-page","status-publish","has-post-thumbnail","hentry"],"acf":[],"yoast_head":"<!-- This site is optimized with the Yoast SEO plugin v24.7 - https:\/\/yoast.com\/wordpress\/plugins\/seo\/ -->\n<title>Unterst\u00fctzen Sie das Heiligtum<\/title>\n<meta name=\"description\" content=\"Wenn Sie das Heiligtum unterst\u00fctzen, finanzieren Sie konkrete Projekte des Glaubens, der Heilung und der Aufnahme. Lourdes lebt dank Ihrer Gro\u00dfz\u00fcgigkeit.\" \/>\n<meta name=\"robots\" content=\"index, follow, max-snippet:-1, max-image-preview:large, max-video-preview:-1\" \/>\n<link rel=\"canonical\" href=\"https:\/\/www.lourdes-france.org\/de\/unterstuetzen-sie-uns\/auswirkungen-ihrer-spende\/\" \/>\n<meta name=\"twitter:label1\" content=\"Gesch\u00e4tzte Lesezeit\" \/>\n\t<meta name=\"twitter:data1\" content=\"3\u00a0Minuten\" \/>\n<script type=\"application\/ld+json\" class=\"yoast-schema-graph\">{\"@context\":\"https:\/\/schema.org\",\"@graph\":[{\"@type\":\"WebPage\",\"@id\":\"https:\/\/www.lourdes-france.org\/de\/unterstuetzen-sie-uns\/auswirkungen-ihrer-spende\/\",\"url\":\"https:\/\/www.lourdes-france.org\/de\/unterstuetzen-sie-uns\/auswirkungen-ihrer-spende\/\",\"name\":\"Unterst\u00fctzen Sie das Heiligtum\",\"isPartOf\":{\"@id\":\"https:\/\/preprod-lourdes.cawita.com\/#website\"},\"primaryImageOfPage\":{\"@id\":\"https:\/\/www.lourdes-france.org\/de\/unterstuetzen-sie-uns\/auswirkungen-ihrer-spende\/#primaryimage\"},\"image\":{\"@id\":\"https:\/\/www.lourdes-france.org\/de\/unterstuetzen-sie-uns\/auswirkungen-ihrer-spende\/#primaryimage\"},\"thumbnailUrl\":\"https:\/\/www.lourdes-france.org\/wp-content\/uploads\/2025\/07\/Nous-soutenir-scaled-1.jpg\",\"datePublished\":\"2025-07-23T12:50:40+00:00\",\"dateModified\":\"2025-09-03T13:41:17+00:00\",\"description\":\"Wenn Sie das Heiligtum unterst\u00fctzen, finanzieren Sie konkrete Projekte des Glaubens, der Heilung und der Aufnahme. Lourdes lebt dank Ihrer Gro\u00dfz\u00fcgigkeit.\",\"breadcrumb\":{\"@id\":\"https:\/\/www.lourdes-france.org\/de\/unterstuetzen-sie-uns\/auswirkungen-ihrer-spende\/#breadcrumb\"},\"inLanguage\":\"de\",\"potentialAction\":[{\"@type\":\"ReadAction\",\"target\":[\"https:\/\/www.lourdes-france.org\/de\/unterstuetzen-sie-uns\/auswirkungen-ihrer-spende\/\"]}]},{\"@type\":\"ImageObject\",\"inLanguage\":\"de\",\"@id\":\"https:\/\/www.lourdes-france.org\/de\/unterstuetzen-sie-uns\/auswirkungen-ihrer-spende\/#primaryimage\",\"url\":\"https:\/\/www.lourdes-france.org\/wp-content\/uploads\/2025\/07\/Nous-soutenir-scaled-1.jpg\",\"contentUrl\":\"https:\/\/www.lourdes-france.org\/wp-content\/uploads\/2025\/07\/Nous-soutenir-scaled-1.jpg\",\"width\":2560,\"height\":1707,\"caption\":\"Pourquoi faire un don au Sanctuaire de Lourdes ?\"},{\"@type\":\"BreadcrumbList\",\"@id\":\"https:\/\/www.lourdes-france.org\/de\/unterstuetzen-sie-uns\/auswirkungen-ihrer-spende\/#breadcrumb\",\"itemListElement\":[{\"@type\":\"ListItem\",\"position\":1,\"name\":\"Accueil\",\"item\":\"https:\/\/www.lourdes-france.org\/\"},{\"@type\":\"ListItem\",\"position\":2,\"name\":\"UNTERST\u00dcTZEN SIE UNS\",\"item\":\"https:\/\/www.lourdes-france.org\/de\/unterstuetzen-sie-uns\/\"},{\"@type\":\"ListItem\",\"position\":3,\"name\":\"Soutenez Lourdes : Offrez un avenir \u00e0 l\u2019Esp\u00e9rance\"}]},{\"@type\":\"WebSite\",\"@id\":\"https:\/\/preprod-lourdes.cawita.com\/#website\",\"url\":\"https:\/\/preprod-lourdes.cawita.com\/\",\"name\":\"Soutenir le Sanctuaire Notre-Dame de Lourdes\",\"description\":\"\",\"potentialAction\":[{\"@type\":\"SearchAction\",\"target\":{\"@type\":\"EntryPoint\",\"urlTemplate\":\"https:\/\/preprod-lourdes.cawita.com\/?s={search_term_string}\"},\"query-input\":{\"@type\":\"PropertyValueSpecification\",\"valueRequired\":true,\"valueName\":\"search_term_string\"}}],\"inLanguage\":\"de\"}]}<\/script>\n<!-- \/ Yoast SEO plugin. -->","yoast_head_json":{"title":"Unterst\u00fctzen Sie das Heiligtum","description":"Wenn Sie das Heiligtum unterst\u00fctzen, finanzieren Sie konkrete Projekte des Glaubens, der Heilung und der Aufnahme. Lourdes lebt dank Ihrer Gro\u00dfz\u00fcgigkeit.","robots":{"index":"index","follow":"follow","max-snippet":"max-snippet:-1","max-image-preview":"max-image-preview:large","max-video-preview":"max-video-preview:-1"},"canonical":"https:\/\/www.lourdes-france.org\/de\/unterstuetzen-sie-uns\/auswirkungen-ihrer-spende\/","twitter_misc":{"Gesch\u00e4tzte Lesezeit":"3\u00a0Minuten"},"schema":{"@context":"https:\/\/schema.org","@graph":[{"@type":"WebPage","@id":"https:\/\/www.lourdes-france.org\/de\/unterstuetzen-sie-uns\/auswirkungen-ihrer-spende\/","url":"https:\/\/www.lourdes-france.org\/de\/unterstuetzen-sie-uns\/auswirkungen-ihrer-spende\/","name":"Unterst\u00fctzen Sie das Heiligtum","isPartOf":{"@id":"https:\/\/preprod-lourdes.cawita.com\/#website"},"primaryImageOfPage":{"@id":"https:\/\/www.lourdes-france.org\/de\/unterstuetzen-sie-uns\/auswirkungen-ihrer-spende\/#primaryimage"},"image":{"@id":"https:\/\/www.lourdes-france.org\/de\/unterstuetzen-sie-uns\/auswirkungen-ihrer-spende\/#primaryimage"},"thumbnailUrl":"https:\/\/www.lourdes-france.org\/wp-content\/uploads\/2025\/07\/Nous-soutenir-scaled-1.jpg","datePublished":"2025-07-23T12:50:40+00:00","dateModified":"2025-09-03T13:41:17+00:00","description":"Wenn Sie das Heiligtum unterst\u00fctzen, finanzieren Sie konkrete Projekte des Glaubens, der Heilung und der Aufnahme. Lourdes lebt dank Ihrer Gro\u00dfz\u00fcgigkeit.","breadcrumb":{"@id":"https:\/\/www.lourdes-france.org\/de\/unterstuetzen-sie-uns\/auswirkungen-ihrer-spende\/#breadcrumb"},"inLanguage":"de","potentialAction":[{"@type":"ReadAction","target":["https:\/\/www.lourdes-france.org\/de\/unterstuetzen-sie-uns\/auswirkungen-ihrer-spende\/"]}]},{"@type":"ImageObject","inLanguage":"de","@id":"https:\/\/www.lourdes-france.org\/de\/unterstuetzen-sie-uns\/auswirkungen-ihrer-spende\/#primaryimage","url":"https:\/\/www.lourdes-france.org\/wp-content\/uploads\/2025\/07\/Nous-soutenir-scaled-1.jpg","contentUrl":"https:\/\/www.lourdes-france.org\/wp-content\/uploads\/2025\/07\/Nous-soutenir-scaled-1.jpg","width":2560,"height":1707,"caption":"Pourquoi faire un don au Sanctuaire de Lourdes ?"},{"@type":"BreadcrumbList","@id":"https:\/\/www.lourdes-france.org\/de\/unterstuetzen-sie-uns\/auswirkungen-ihrer-spende\/#breadcrumb","itemListElement":[{"@type":"ListItem","position":1,"name":"Accueil","item":"https:\/\/www.lourdes-france.org\/"},{"@type":"ListItem","position":2,"name":"UNTERST\u00dcTZEN SIE UNS","item":"https:\/\/www.lourdes-france.org\/de\/unterstuetzen-sie-uns\/"},{"@type":"ListItem","position":3,"name":"Soutenez Lourdes : Offrez un avenir \u00e0 l\u2019Esp\u00e9rance"}]},{"@type":"WebSite","@id":"https:\/\/preprod-lourdes.cawita.com\/#website","url":"https:\/\/preprod-lourdes.cawita.com\/","name":"Soutenir le Sanctuaire Notre-Dame de Lourdes","description":"","potentialAction":[{"@type":"SearchAction","target":{"@type":"EntryPoint","urlTemplate":"https:\/\/preprod-lourdes.cawita.com\/?s={search_term_string}"},"query-input":{"@type":"PropertyValueSpecification","valueRequired":true,"valueName":"search_term_string"}}],"inLanguage":"de"}]}},"_links":{"self":[{"href":"https:\/\/www.lourdes-france.org\/de\/wp-json\/wp\/v2\/pages\/1033629","targetHints":{"allow":["GET"]}}],"collection":[{"href":"https:\/\/www.lourdes-france.org\/de\/wp-json\/wp\/v2\/pages"}],"about":[{"href":"https:\/\/www.lourdes-france.org\/de\/wp-json\/wp\/v2\/types\/page"}],"author":[{"embeddable":true,"href":"https:\/\/www.lourdes-france.org\/de\/wp-json\/wp\/v2\/users\/7"}],"replies":[{"embeddable":true,"href":"https:\/\/www.lourdes-france.org\/de\/wp-json\/wp\/v2\/comments?post=1033629"}],"version-history":[{"count":3,"href":"https:\/\/www.lourdes-france.org\/de\/wp-json\/wp\/v2\/pages\/1033629\/revisions"}],"predecessor-version":[{"id":1064179,"href":"https:\/\/www.lourdes-france.org\/de\/wp-json\/wp\/v2\/pages\/1033629\/revisions\/1064179"}],"up":[{"embeddable":true,"href":"https:\/\/www.lourdes-france.org\/de\/wp-json\/wp\/v2\/pages\/1033707"}],"wp:featuredmedia":[{"embeddable":true,"href":"https:\/\/www.lourdes-france.org\/de\/wp-json\/wp\/v2\/media\/1033718"}],"wp:attachment":[{"href":"https:\/\/www.lourdes-france.org\/de\/wp-json\/wp\/v2\/media?parent=1033629"}],"curies":[{"name":"wp","href":"https:\/\/api.w.org\/{rel}","templated":true}]}}