{"id":1034125,"date":"2025-07-15T15:10:11","date_gmt":"2025-07-15T13:10:11","guid":{"rendered":"https:\/\/www.lourdes-france.org\/?page_id=1034125"},"modified":"2025-09-09T09:34:50","modified_gmt":"2025-09-09T07:34:50","slug":"hoffnung-weitergeben-vermaechtnis","status":"publish","type":"page","link":"https:\/\/www.lourdes-france.org\/de\/weitergeben\/hoffnung-weitergeben-vermaechtnis\/","title":{"rendered":"Transmettre l\u2019esp\u00e9rance au-del\u00e0 de votre vie : faites un legs au Sanctuaire de Lourdes"},"content":{"rendered":"\t\t<div data-elementor-type=\"wp-page\" data-elementor-id=\"1034125\" class=\"elementor elementor-1034125 elementor-1028435\" data-elementor-post-type=\"page\">\n\t\t\t\t\t\t<section class=\"elementor-section elementor-top-section elementor-element elementor-element-ad7e210 elementor-section-full_width elementor-section-stretched elementor-section-height-default elementor-section-height-default\" data-id=\"ad7e210\" data-element_type=\"section\" data-settings=\"{&quot;stretch_section&quot;:&quot;section-stretched&quot;,&quot;background_background&quot;:&quot;classic&quot;}\">\n\t\t\t\t\t\t<div class=\"elementor-container elementor-column-gap-default\">\n\t\t\t\t\t<div class=\"elementor-column elementor-col-100 elementor-top-column elementor-element elementor-element-d06d679\" data-id=\"d06d679\" data-element_type=\"column\">\n\t\t\t<div class=\"elementor-widget-wrap elementor-element-populated\">\n\t\t\t\t\t\t<div class=\"elementor-element elementor-element-af08be9 elementor-widget elementor-widget-spacer\" data-id=\"af08be9\" data-element_type=\"widget\" data-widget_type=\"spacer.default\">\n\t\t\t\t<div class=\"elementor-widget-container\">\n\t\t\t\t\t\t\t<div class=\"elementor-spacer\">\n\t\t\t<div class=\"elementor-spacer-inner\"><\/div>\n\t\t<\/div>\n\t\t\t\t\t\t<\/div>\n\t\t\t\t<\/div>\n\t\t\t\t\t<\/div>\n\t\t<\/div>\n\t\t\t\t\t<\/div>\n\t\t<\/section>\n\t\t\t\t<section class=\"elementor-section elementor-top-section elementor-element elementor-element-f48fca2 elementor-section-full_width elementor-section-height-default elementor-section-height-default\" data-id=\"f48fca2\" data-element_type=\"section\" data-settings=\"{&quot;background_background&quot;:&quot;classic&quot;}\">\n\t\t\t\t\t\t<div class=\"elementor-container elementor-column-gap-default\">\n\t\t\t\t\t<div class=\"elementor-column elementor-col-100 elementor-top-column elementor-element elementor-element-5d80fe1\" data-id=\"5d80fe1\" data-element_type=\"column\">\n\t\t\t<div class=\"elementor-widget-wrap elementor-element-populated\">\n\t\t\t\t\t\t<div class=\"elementor-element elementor-element-d8a02b4 elementor-widget elementor-widget-spacer\" data-id=\"d8a02b4\" data-element_type=\"widget\" data-widget_type=\"spacer.default\">\n\t\t\t\t<div class=\"elementor-widget-container\">\n\t\t\t\t\t\t\t<div class=\"elementor-spacer\">\n\t\t\t<div class=\"elementor-spacer-inner\"><\/div>\n\t\t<\/div>\n\t\t\t\t\t\t<\/div>\n\t\t\t\t<\/div>\n\t\t\t\t<div class=\"elementor-element elementor-element-9037aec elementor-widget elementor-widget-heading\" data-id=\"9037aec\" data-element_type=\"widget\" data-widget_type=\"heading.default\">\n\t\t\t\t<div class=\"elementor-widget-container\">\n\t\t\t\t\t<h2 class=\"elementor-heading-title elementor-size-default\">Geben Sie die Hoffnung \u00fcber Ihr Leben hinaus weiter: Vererben Sie der Wallfahrtsst\u00e4tte von Lourdes\n<\/h2>\t\t\t\t<\/div>\n\t\t\t\t<\/div>\n\t\t\t\t<div class=\"elementor-element elementor-element-e7d4c27 elementor-widget elementor-widget-heading\" data-id=\"e7d4c27\" data-element_type=\"widget\" data-widget_type=\"heading.default\">\n\t\t\t\t<div class=\"elementor-widget-container\">\n\t\t\t\t\t<h2 class=\"elementor-heading-title elementor-size-default\">_________________<\/h2>\t\t\t\t<\/div>\n\t\t\t\t<\/div>\n\t\t\t\t<div class=\"elementor-element elementor-element-6dfaac3 elementor-widget elementor-widget-text-editor\" data-id=\"6dfaac3\" data-element_type=\"widget\" data-widget_type=\"text-editor.default\">\n\t\t\t\t<div class=\"elementor-widget-container\">\n\t\t\t\t\t\t\t\t\t<p>Was w\u00e4re, wenn Ihre Gro\u00dfz\u00fcgigkeit auch nach Ihrem Tod noch Fr\u00fcchte tragen w\u00fcrde?<\/p><p>Mit einem\u00a0<b>Verm\u00e4chtnis<\/b>\u00a0an die <a href=\"https:\/\/www.lourdes-france.com\/de\/\">Wallfahrtsst\u00e4tte von Lourdes<\/a> setzen Sie ein starkes und nachhaltiges Zeichen des Glaubens, der Weitergabe und der Hoffnung.<\/p><p>Seit <a href=\"https:\/\/www.lourdes-france.com\/de\/die-erscheinungen\">den Erscheinungen<\/a> der Jungfrau Maria vor Bernadette im Jahr 1858<\/p><p>ist Lourdes ein Ort des Gebets, der Heilung und der Aufnahme f\u00fcr Millionen von Pilgern. Jedes Jahr kommen kranke, gebrechliche und auf der Suche nach Sinn befindliche Menschen hierher, um dank der Tausenden helfenden H\u00e4nde, die sich in Lourdes selbstlos engagieren, zu beten. Die Wallfahrtsst\u00e4tte lebt ausschlie\u00dflich von der <a href=\"https:\/\/hospitalite-nd-lourdes.com\/de\/\">Gro\u00dfz\u00fcgigkeit der Gl\u00e4ubigen<\/a>: Sie erh\u00e4lt\u00a0<b>keine staatlichen Zusch\u00fcsse und keine Zuwendungen vom Vatikan.<\/b><\/p><p>Wenn Sie sich daf\u00fcr entscheiden, einen Teil Ihres Verm\u00f6gens durch ein\u00a0<a href=\"https:\/\/www.lourdes-france.org\/de\/?page_id=1034096\"><b>Verm\u00e4chtnis, eine Schenkung oder eine Lebensversicherung<\/b><\/a>\u00a0an die Wallfahrtsst\u00e4tte zu \u00fcbertragen, werden Sie zu einem\u00a0<b>Zukunftsgestalter<\/b>:<\/p><p>\u2022 Sie tragen zur Instandhaltung und Renovierung dieser weltber\u00fchmten Wallfahrtsst\u00e4tte bei.<\/p><p>\u2022 Sie erm\u00f6glichen die Aufnahme <a href=\"https:\/\/www.lourdes-france.org\/?page_id=1027988&amp;preview=true\">von kranken, behinderten oder gebrechlichen Menschen<\/a>.<\/p><p>\u2022 Sie unterst\u00fctzen die geistlichen, pastoralen und humanit\u00e4ren Aufgaben der Wallfahrtsst\u00e4tte.<\/p><p>\u2022 Sie hinterlassen eine Spur Ihres Engagements f\u00fcr ein Werk des Glaubens und der Liebe.<\/p><p>Ein Verm\u00e4chtnis an Lourdes ist eine freie, widerrufbare und zutiefst menschliche Handlung. Es kann sich um eine Immobilie, einen Geldbetrag, Wertpapiere oder einen anderen Teil Ihres Verm\u00f6gens handeln. Wenn Sie keine direkten Erben haben, wird Ihr Verm\u00e4chtnis vollst\u00e4ndig und ohne Erbschaftssteuer f\u00fcr die Wallfahrtsst\u00e4tte verwendet.<\/p><p>F\u00fcr komplexere Anfragen \u2013 Schenkung aus dem Nachlass, Schenkung des blo\u00dfen Eigentums, Schenkung von Wertpapieren, Schenkung von Immobilien oder vor\u00fcbergehende \u00dcbertragung des Nie\u00dfbrauchs, \u00dcbertragung von Urheberrechten usw. \u2013 stehen wir Ihnen gerne zur Verf\u00fcgung, um Sie zu beraten und Sie bei Ihren Schritten zu begleiten.<\/p>\t\t\t\t\t\t\t\t<\/div>\n\t\t\t\t<\/div>\n\t\t\t\t<div class=\"elementor-element elementor-element-0cd4093 elementor-widget elementor-widget-link-in-bio\" data-id=\"0cd4093\" data-element_type=\"widget\" data-widget_type=\"link-in-bio.default\">\n\t\t\t\t<div class=\"elementor-widget-container\">\n\t\t\t\t\t\t\t<div class=\"e-link-in-bio e-link-in-bio\">\n\t\t\t<div class=\"e-link-in-bio__content\">\n\n\t\t\t\t\t\t<div class=\"e-link-in-bio__identity\">\n\t\t\t\t\t\t\t\t\t<div class=\"e-link-in-bio__identity-image e-link-in-bio__identity-image-profile has-border has-style-circle\">\n\t\t\t\t\t\t\t<img fetchpriority=\"high\" decoding=\"async\" width=\"300\" height=\"261\" src=\"https:\/\/www.lourdes-france.org\/wp-content\/uploads\/2025\/08\/corinne_gimenez-1-1-1-1-300x261.png\" class=\"e-link-in-bio__identity-image-element\" alt=\"\" srcset=\"https:\/\/www.lourdes-france.org\/wp-content\/uploads\/2025\/08\/corinne_gimenez-1-1-1-1-300x261.png 300w, https:\/\/www.lourdes-france.org\/wp-content\/uploads\/2025\/08\/corinne_gimenez-1-1-1-1-1024x889.png 1024w, https:\/\/www.lourdes-france.org\/wp-content\/uploads\/2025\/08\/corinne_gimenez-1-1-1-1-768x667.png 768w, https:\/\/www.lourdes-france.org\/wp-content\/uploads\/2025\/08\/corinne_gimenez-1-1-1-1-1536x1334.png 1536w, https:\/\/www.lourdes-france.org\/wp-content\/uploads\/2025\/08\/corinne_gimenez-1-1-1-1.png 1779w\" sizes=\"(max-width: 300px) 100vw, 300px\" \/>\t\t\t\t\t\t\t\t\t\t\t\t\t<\/div>\n\t\t\t\t\t\t\t<\/div>\n\t\t\t\t\t<div class=\"e-link-in-bio__bio\">\n\t\t\t\t<h2 class=\"e-link-in-bio__heading\">Corinne GIMENEZ<\/h2>\t\t\t\t<h2 class=\"e-link-in-bio__title\">Spendendienste\nHeiligtum Unserer Lieben Frau von Lourdes<\/h2>\t\t\t\t\t\t\t\t\t\t\t<\/div>\n\t\t\t\t\t<div class=\"e-link-in-bio__icons has-size-medium\">\n\t\t\t\t\t\t\t<div class=\"e-link-in-bio__icon is-size-medium\">\n\t\t\t\t\t<a aria-label=\"Telephone\" class=\"e-link-in-bio__icon-link\" href=\"tel:+33562428282\">\n\t\t\t\t\t\t<span class=\"e-link-in-bio__icon-svg\">\n\t\t\t\t\t\t\t<i aria-hidden=\"true\" class=\"fas fa-phone-alt\"><\/i>\t\t\t\t\t\t<\/span>\n\t\t\t\t\t\t\t\t\t\t\t<\/a>\n\t\t\t\t<\/div>\n\t\t\t\t\t\t\t<div class=\"e-link-in-bio__icon is-size-medium\">\n\t\t\t\t\t<a aria-label=\"Email\" class=\"e-link-in-bio__icon-link\" href=\"mailto:corinne.gimenez@lourdes-france.com\">\n\t\t\t\t\t\t<span class=\"e-link-in-bio__icon-svg\">\n\t\t\t\t\t\t\t<i aria-hidden=\"true\" class=\"fas fa-envelope\"><\/i>\t\t\t\t\t\t<\/span>\n\t\t\t\t\t\t\t\t\t\t\t<\/a>\n\t\t\t\t<\/div>\n\t\t\t\t\t<\/div>\n\t\t\n\t\t<div class=\"e-link-in-bio__ctas has-type-button\">\n\t\t\t\t\t\t\t<a target=\"_blank\" rel=\"noopener \" class=\"e-link-in-bio__cta is-type-button has-corners-rounded\" href=\"\">\n\t\t\t\t\t\t\t\t\t\t<span class=\"e-link-in-bio__cta-text\">\n\t\t\t\t\t\t1 avenue Mgr Th\u00e9as \u2013 65 108 Lourdes  France\t\t\t\t\t<\/span>\n\t\t\t\t<\/a>\n\t\t\t\t\t<\/div>\n\t\t\n\t\t\t<\/div>\n\t\t\t<div class=\"e-link-in-bio__bg\">\n\t\t\t\t<div class=\"e-link-in-bio__bg-overlay\"><\/div>\n\t\t\t<\/div>\n\t\t<\/div>\n\t\t\t\t\t\t<\/div>\n\t\t\t\t<\/div>\n\t\t\t\t<div class=\"elementor-element elementor-element-da2835d elementor-view-default elementor-widget elementor-widget-icon\" data-id=\"da2835d\" data-element_type=\"widget\" data-widget_type=\"icon.default\">\n\t\t\t\t<div class=\"elementor-widget-container\">\n\t\t\t\t\t\t\t<div class=\"elementor-icon-wrapper\">\n\t\t\t<div class=\"elementor-icon\">\n\t\t\t<i aria-hidden=\"true\" class=\"fas fa-church\"><\/i>\t\t\t<\/div>\n\t\t<\/div>\n\t\t\t\t\t\t<\/div>\n\t\t\t\t<\/div>\n\t\t\t\t\t<\/div>\n\t\t<\/div>\n\t\t\t\t\t<\/div>\n\t\t<\/section>\n\t\t\t\t<\/div>\n\t\t","protected":false},"excerpt":{"rendered":"<p>Geben Sie die Hoffnung \u00fcber Ihr Leben hinaus weiter: Vererben Sie der Wallfahrtsst\u00e4tte von Lourdes _________________ Was w\u00e4re, wenn Ihre Gro\u00dfz\u00fcgigkeit auch nach Ihrem Tod noch Fr\u00fcchte tragen w\u00fcrde? Mit einem\u00a0Verm\u00e4chtnis\u00a0an die Wallfahrtsst\u00e4tte von Lourdes setzen Sie ein starkes und &hellip; <a href=\"https:\/\/www.lourdes-france.org\/de\/weitergeben\/hoffnung-weitergeben-vermaechtnis\/\">Weiter<\/a><\/p>\n","protected":false},"author":7,"featured_media":1028787,"parent":1034096,"menu_order":0,"comment_status":"closed","ping_status":"closed","template":"","meta":{"_acf_changed":false,"footnotes":""},"class_list":["post-1034125","page","type-page","status-publish","has-post-thumbnail","hentry"],"acf":[],"yoast_head":"<!-- This site is optimized with the Yoast SEO plugin v24.7 - https:\/\/yoast.com\/wordpress\/plugins\/seo\/ -->\n<title>Hoffnung \u00fcber Ihr Leben hinaus weitergeben<\/title>\n<meta name=\"description\" content=\"Ein Verm\u00e4chtnis an das Heiligtum von Lourdes zu hinterlassen, ist eine starke und nachhaltige Geste des Glaubens, der Weitergabe und der Hoffnung und macht Sie zu einem Gestalter der Zukunft.\" \/>\n<meta name=\"robots\" content=\"index, follow, max-snippet:-1, max-image-preview:large, max-video-preview:-1\" \/>\n<link rel=\"canonical\" href=\"https:\/\/www.lourdes-france.org\/de\/weitergeben\/hoffnung-weitergeben-vermaechtnis\/\" \/>\n<meta name=\"twitter:label1\" content=\"Gesch\u00e4tzte Lesezeit\" \/>\n\t<meta name=\"twitter:data1\" content=\"2\u00a0Minuten\" \/>\n<script type=\"application\/ld+json\" class=\"yoast-schema-graph\">{\"@context\":\"https:\/\/schema.org\",\"@graph\":[{\"@type\":\"WebPage\",\"@id\":\"https:\/\/www.lourdes-france.org\/de\/weitergeben\/hoffnung-weitergeben-vermaechtnis\/\",\"url\":\"https:\/\/www.lourdes-france.org\/de\/weitergeben\/hoffnung-weitergeben-vermaechtnis\/\",\"name\":\"Hoffnung \u00fcber Ihr Leben hinaus weitergeben\",\"isPartOf\":{\"@id\":\"https:\/\/preprod-lourdes.cawita.com\/#website\"},\"primaryImageOfPage\":{\"@id\":\"https:\/\/www.lourdes-france.org\/de\/weitergeben\/hoffnung-weitergeben-vermaechtnis\/#primaryimage\"},\"image\":{\"@id\":\"https:\/\/www.lourdes-france.org\/de\/weitergeben\/hoffnung-weitergeben-vermaechtnis\/#primaryimage\"},\"thumbnailUrl\":\"https:\/\/www.lourdes-france.org\/wp-content\/uploads\/2025\/07\/Legs-AssVie-Donation-scaled.jpg\",\"datePublished\":\"2025-07-15T13:10:11+00:00\",\"dateModified\":\"2025-09-09T07:34:50+00:00\",\"description\":\"Ein Verm\u00e4chtnis an das Heiligtum von Lourdes zu hinterlassen, ist eine starke und nachhaltige Geste des Glaubens, der Weitergabe und der Hoffnung und macht Sie zu einem Gestalter der Zukunft.\",\"breadcrumb\":{\"@id\":\"https:\/\/www.lourdes-france.org\/de\/weitergeben\/hoffnung-weitergeben-vermaechtnis\/#breadcrumb\"},\"inLanguage\":\"de\",\"potentialAction\":[{\"@type\":\"ReadAction\",\"target\":[\"https:\/\/www.lourdes-france.org\/de\/weitergeben\/hoffnung-weitergeben-vermaechtnis\/\"]}]},{\"@type\":\"ImageObject\",\"inLanguage\":\"de\",\"@id\":\"https:\/\/www.lourdes-france.org\/de\/weitergeben\/hoffnung-weitergeben-vermaechtnis\/#primaryimage\",\"url\":\"https:\/\/www.lourdes-france.org\/wp-content\/uploads\/2025\/07\/Legs-AssVie-Donation-scaled.jpg\",\"contentUrl\":\"https:\/\/www.lourdes-france.org\/wp-content\/uploads\/2025\/07\/Legs-AssVie-Donation-scaled.jpg\",\"width\":2560,\"height\":1707,\"caption\":\"Legs, donations et assurance-vie \u00e0 Lourdes\"},{\"@type\":\"BreadcrumbList\",\"@id\":\"https:\/\/www.lourdes-france.org\/de\/weitergeben\/hoffnung-weitergeben-vermaechtnis\/#breadcrumb\",\"itemListElement\":[{\"@type\":\"ListItem\",\"position\":1,\"name\":\"Accueil\",\"item\":\"https:\/\/www.lourdes-france.org\/\"},{\"@type\":\"ListItem\",\"position\":2,\"name\":\"Legs, donations et assurance-vie\",\"item\":\"https:\/\/www.lourdes-france.org\/de\/weitergeben\/\"},{\"@type\":\"ListItem\",\"position\":3,\"name\":\"Transmettre l\u2019esp\u00e9rance au-del\u00e0 de votre vie : faites un legs au Sanctuaire de Lourdes\"}]},{\"@type\":\"WebSite\",\"@id\":\"https:\/\/preprod-lourdes.cawita.com\/#website\",\"url\":\"https:\/\/preprod-lourdes.cawita.com\/\",\"name\":\"Soutenir le Sanctuaire Notre-Dame de Lourdes\",\"description\":\"\",\"potentialAction\":[{\"@type\":\"SearchAction\",\"target\":{\"@type\":\"EntryPoint\",\"urlTemplate\":\"https:\/\/preprod-lourdes.cawita.com\/?s={search_term_string}\"},\"query-input\":{\"@type\":\"PropertyValueSpecification\",\"valueRequired\":true,\"valueName\":\"search_term_string\"}}],\"inLanguage\":\"de\"}]}<\/script>\n<!-- \/ Yoast SEO plugin. -->","yoast_head_json":{"title":"Hoffnung \u00fcber Ihr Leben hinaus weitergeben","description":"Ein Verm\u00e4chtnis an das Heiligtum von Lourdes zu hinterlassen, ist eine starke und nachhaltige Geste des Glaubens, der Weitergabe und der Hoffnung und macht Sie zu einem Gestalter der Zukunft.","robots":{"index":"index","follow":"follow","max-snippet":"max-snippet:-1","max-image-preview":"max-image-preview:large","max-video-preview":"max-video-preview:-1"},"canonical":"https:\/\/www.lourdes-france.org\/de\/weitergeben\/hoffnung-weitergeben-vermaechtnis\/","twitter_misc":{"Gesch\u00e4tzte Lesezeit":"2\u00a0Minuten"},"schema":{"@context":"https:\/\/schema.org","@graph":[{"@type":"WebPage","@id":"https:\/\/www.lourdes-france.org\/de\/weitergeben\/hoffnung-weitergeben-vermaechtnis\/","url":"https:\/\/www.lourdes-france.org\/de\/weitergeben\/hoffnung-weitergeben-vermaechtnis\/","name":"Hoffnung \u00fcber Ihr Leben hinaus weitergeben","isPartOf":{"@id":"https:\/\/preprod-lourdes.cawita.com\/#website"},"primaryImageOfPage":{"@id":"https:\/\/www.lourdes-france.org\/de\/weitergeben\/hoffnung-weitergeben-vermaechtnis\/#primaryimage"},"image":{"@id":"https:\/\/www.lourdes-france.org\/de\/weitergeben\/hoffnung-weitergeben-vermaechtnis\/#primaryimage"},"thumbnailUrl":"https:\/\/www.lourdes-france.org\/wp-content\/uploads\/2025\/07\/Legs-AssVie-Donation-scaled.jpg","datePublished":"2025-07-15T13:10:11+00:00","dateModified":"2025-09-09T07:34:50+00:00","description":"Ein Verm\u00e4chtnis an das Heiligtum von Lourdes zu hinterlassen, ist eine starke und nachhaltige Geste des Glaubens, der Weitergabe und der Hoffnung und macht Sie zu einem Gestalter der Zukunft.","breadcrumb":{"@id":"https:\/\/www.lourdes-france.org\/de\/weitergeben\/hoffnung-weitergeben-vermaechtnis\/#breadcrumb"},"inLanguage":"de","potentialAction":[{"@type":"ReadAction","target":["https:\/\/www.lourdes-france.org\/de\/weitergeben\/hoffnung-weitergeben-vermaechtnis\/"]}]},{"@type":"ImageObject","inLanguage":"de","@id":"https:\/\/www.lourdes-france.org\/de\/weitergeben\/hoffnung-weitergeben-vermaechtnis\/#primaryimage","url":"https:\/\/www.lourdes-france.org\/wp-content\/uploads\/2025\/07\/Legs-AssVie-Donation-scaled.jpg","contentUrl":"https:\/\/www.lourdes-france.org\/wp-content\/uploads\/2025\/07\/Legs-AssVie-Donation-scaled.jpg","width":2560,"height":1707,"caption":"Legs, donations et assurance-vie \u00e0 Lourdes"},{"@type":"BreadcrumbList","@id":"https:\/\/www.lourdes-france.org\/de\/weitergeben\/hoffnung-weitergeben-vermaechtnis\/#breadcrumb","itemListElement":[{"@type":"ListItem","position":1,"name":"Accueil","item":"https:\/\/www.lourdes-france.org\/"},{"@type":"ListItem","position":2,"name":"Legs, donations et assurance-vie","item":"https:\/\/www.lourdes-france.org\/de\/weitergeben\/"},{"@type":"ListItem","position":3,"name":"Transmettre l\u2019esp\u00e9rance au-del\u00e0 de votre vie : faites un legs au Sanctuaire de Lourdes"}]},{"@type":"WebSite","@id":"https:\/\/preprod-lourdes.cawita.com\/#website","url":"https:\/\/preprod-lourdes.cawita.com\/","name":"Soutenir le Sanctuaire Notre-Dame de Lourdes","description":"","potentialAction":[{"@type":"SearchAction","target":{"@type":"EntryPoint","urlTemplate":"https:\/\/preprod-lourdes.cawita.com\/?s={search_term_string}"},"query-input":{"@type":"PropertyValueSpecification","valueRequired":true,"valueName":"search_term_string"}}],"inLanguage":"de"}]}},"_links":{"self":[{"href":"https:\/\/www.lourdes-france.org\/de\/wp-json\/wp\/v2\/pages\/1034125","targetHints":{"allow":["GET"]}}],"collection":[{"href":"https:\/\/www.lourdes-france.org\/de\/wp-json\/wp\/v2\/pages"}],"about":[{"href":"https:\/\/www.lourdes-france.org\/de\/wp-json\/wp\/v2\/types\/page"}],"author":[{"embeddable":true,"href":"https:\/\/www.lourdes-france.org\/de\/wp-json\/wp\/v2\/users\/7"}],"replies":[{"embeddable":true,"href":"https:\/\/www.lourdes-france.org\/de\/wp-json\/wp\/v2\/comments?post=1034125"}],"version-history":[{"count":3,"href":"https:\/\/www.lourdes-france.org\/de\/wp-json\/wp\/v2\/pages\/1034125\/revisions"}],"predecessor-version":[{"id":1066117,"href":"https:\/\/www.lourdes-france.org\/de\/wp-json\/wp\/v2\/pages\/1034125\/revisions\/1066117"}],"up":[{"embeddable":true,"href":"https:\/\/www.lourdes-france.org\/de\/wp-json\/wp\/v2\/pages\/1034096"}],"wp:featuredmedia":[{"embeddable":true,"href":"https:\/\/www.lourdes-france.org\/de\/wp-json\/wp\/v2\/media\/1028787"}],"wp:attachment":[{"href":"https:\/\/www.lourdes-france.org\/de\/wp-json\/wp\/v2\/media?parent=1034125"}],"curies":[{"name":"wp","href":"https:\/\/api.w.org\/{rel}","templated":true}]}}