{"id":1034452,"date":"2025-08-04T12:59:10","date_gmt":"2025-08-04T10:59:10","guid":{"rendered":"https:\/\/www.lourdes-france.org\/?page_id=1034452"},"modified":"2025-09-16T14:10:02","modified_gmt":"2025-09-16T12:10:02","slug":"6-gruende-fuer-ein-vermaechtnis","status":"publish","type":"page","link":"https:\/\/www.lourdes-france.org\/de\/6-gruende-fuer-ein-vermaechtnis\/","title":{"rendered":"L\u00e9guer en toute confiance : les 8 raisons de choisir le Sanctuaire de Lourdes"},"content":{"rendered":"\t\t<div data-elementor-type=\"wp-page\" data-elementor-id=\"1034452\" class=\"elementor elementor-1034452 elementor-1028438\" data-elementor-post-type=\"page\">\n\t\t\t\t\t\t<section class=\"elementor-section elementor-top-section elementor-element elementor-element-0ffb0fa elementor-section-full_width elementor-section-stretched elementor-section-height-default elementor-section-height-default\" data-id=\"0ffb0fa\" data-element_type=\"section\" data-settings=\"{&quot;stretch_section&quot;:&quot;section-stretched&quot;,&quot;background_background&quot;:&quot;classic&quot;}\">\n\t\t\t\t\t\t<div class=\"elementor-container elementor-column-gap-default\">\n\t\t\t\t\t<div class=\"elementor-column elementor-col-100 elementor-top-column elementor-element elementor-element-7e77cb3\" data-id=\"7e77cb3\" data-element_type=\"column\">\n\t\t\t<div class=\"elementor-widget-wrap elementor-element-populated\">\n\t\t\t\t\t\t<div class=\"elementor-element elementor-element-9a8dd2a elementor-widget elementor-widget-spacer\" data-id=\"9a8dd2a\" data-element_type=\"widget\" data-widget_type=\"spacer.default\">\n\t\t\t\t<div class=\"elementor-widget-container\">\n\t\t\t\t\t\t\t<div class=\"elementor-spacer\">\n\t\t\t<div class=\"elementor-spacer-inner\"><\/div>\n\t\t<\/div>\n\t\t\t\t\t\t<\/div>\n\t\t\t\t<\/div>\n\t\t\t\t\t<\/div>\n\t\t<\/div>\n\t\t\t\t\t<\/div>\n\t\t<\/section>\n\t\t\t\t<section class=\"elementor-section elementor-top-section elementor-element elementor-element-fd1455c elementor-section-full_width elementor-section-height-default elementor-section-height-default\" data-id=\"fd1455c\" data-element_type=\"section\" data-settings=\"{&quot;background_background&quot;:&quot;classic&quot;}\">\n\t\t\t\t\t\t<div class=\"elementor-container elementor-column-gap-default\">\n\t\t\t\t\t<div class=\"elementor-column elementor-col-100 elementor-top-column elementor-element elementor-element-a1f8ce7\" data-id=\"a1f8ce7\" data-element_type=\"column\">\n\t\t\t<div class=\"elementor-widget-wrap elementor-element-populated\">\n\t\t\t\t\t\t<div class=\"elementor-element elementor-element-7903275 elementor-widget elementor-widget-spacer\" data-id=\"7903275\" data-element_type=\"widget\" data-widget_type=\"spacer.default\">\n\t\t\t\t<div class=\"elementor-widget-container\">\n\t\t\t\t\t\t\t<div class=\"elementor-spacer\">\n\t\t\t<div class=\"elementor-spacer-inner\"><\/div>\n\t\t<\/div>\n\t\t\t\t\t\t<\/div>\n\t\t\t\t<\/div>\n\t\t\t\t<div class=\"elementor-element elementor-element-94fea9d elementor-widget elementor-widget-heading\" data-id=\"94fea9d\" data-element_type=\"widget\" data-widget_type=\"heading.default\">\n\t\t\t\t<div class=\"elementor-widget-container\">\n\t\t\t\t\t<h2 class=\"elementor-heading-title elementor-size-default\">Mit Vertrauen vererben:\n6 Gr\u00fcnde, sich f\u00fcr die Wallfahrtsst\u00e4tte von Lourdes zu entscheiden\n<\/h2>\t\t\t\t<\/div>\n\t\t\t\t<\/div>\n\t\t\t\t<div class=\"elementor-element elementor-element-44f4091 elementor-widget elementor-widget-heading\" data-id=\"44f4091\" data-element_type=\"widget\" data-widget_type=\"heading.default\">\n\t\t\t\t<div class=\"elementor-widget-container\">\n\t\t\t\t\t<h2 class=\"elementor-heading-title elementor-size-default\">_________________<\/h2>\t\t\t\t<\/div>\n\t\t\t\t<\/div>\n\t\t\t\t<div class=\"elementor-element elementor-element-bc5353c elementor-widget elementor-widget-text-editor\" data-id=\"bc5353c\" data-element_type=\"widget\" data-widget_type=\"text-editor.default\">\n\t\t\t\t<div class=\"elementor-widget-container\">\n\t\t\t\t\t\t\t\t\t<p><b>Verm\u00e4chtnis des Glaubens und der Hoffnung<\/b>: Die Wallfahrtsst\u00e4tte Unserer Lieben Frau von Lourdes garantiert Ihnen eine pers\u00f6nliche Begleitung und eine sorgf\u00e4ltige Verwaltung Ihres Verm\u00e4chtnisses. Um Ihre Gro\u00dfz\u00fcgigkeit zu w\u00fcrdigen, verpflichten wir uns zur Einhaltung von acht wesentlichen Grunds\u00e4tzen.<\/p><h2><b>1. GRUND: Ihr Anliegen im Zentrum von Lourdes<\/b><\/h2><p>Die Wallfahrtsst\u00e4tte von Lourdes widmet jede Spende der Aufnahme von Kranken, der Instandhaltung der heiligen St\u00e4tte und der Weitergabe <a href=\"https:\/\/www.lourdes-france.com\/de\/die-botschaft-von-lourdes\/\">der Botschaft der Jungfrau Maria<\/a>. Ihr Verm\u00e4chtnis wird genau f\u00fcr den Zweck verwendet, den Sie unterst\u00fctzen m\u00f6chten. Wenn Sie es vorziehen, k\u00f6nnen Sie uns die Verantwortung f\u00fcr die Verwendung Ihres Verm\u00e4chtnisses entsprechend den vorrangigen Bed\u00fcrfnissen der Wallfahrtsst\u00e4tte \u00fcbertragen.<\/p><h2><b>2. GRUND Effizienz und konkrete Wirkung<\/b><\/h2><p>Jede Gabe der Gro\u00dfz\u00fcgigkeit kommt den n\u00fctzlichsten Projekten zugute: Renovierung der Infrastruktur,<a href=\"https:\/\/www.lourdes-france.org\/?page_id=1027988&amp;preview=true\"> Aufnahme von bed\u00fcrftigen Menschen<\/a>, seelsorgerische Aktivit\u00e4ten&#8230; Ihr Verm\u00e4chtnis tr\u00e4gt direkt zu sichtbaren, nachhaltigen und gewissenhaft durchgef\u00fchrten Ma\u00dfnahmen bei.<\/p><h2><b>3. GRUND Eine wohlgesinnte und kostenlose Begleitung<\/b><\/h2><p>Wir bieten Ihnen eine pers\u00f6nliche, unverbindliche Begleitung, damit Sie in aller Ruhe \u00fcber Ihre Nachlassplanung nachdenken k\u00f6nnen. Unser engagiertes Team steht Ihnen jederzeit zur Verf\u00fcgung.<\/p><h2><b>4. GRUND Diskretion und Vertraulichkeit<\/b><\/h2><p>Alle unsere Gespr\u00e4che, unabh\u00e4ngig vom Kommunikationskanal (Post, Telefon, Gespr\u00e4ch in Lourdes oder bei Ihnen zu Hause), sind streng vertraulich. Ihr Anliegen wird diskret und sorgf\u00e4ltig behandelt.<\/p><h2><b>5. GRUND Professionalit\u00e4t und Ethik<\/b><\/h2><p>Die Vertreter der Wallfahrtsst\u00e4tte von Lourdes begleiten Sie in einer rein professionellen Beziehung. Sie \u00fcben keine pers\u00f6nliche oder private Funktion aus und werden niemals au\u00dferhalb ihres Auftrags t\u00e4tig.<\/p><h2><b>6. GRUND Transparenz und Integrit\u00e4t<\/b><\/h2><p>Die Wallfahrtsst\u00e4tte handelt nach klaren Grunds\u00e4tzen der uneigenn\u00fctzigen Verwaltung. Kein Mitglied unseres Teams darf pers\u00f6nliche Zuwendungen erhalten oder als Einzelperson in einem Testament aufgef\u00fchrt werden. Alle Gelder werden ausschlie\u00dflich f\u00fcr die Arbeit der Wallfahrtsst\u00e4tte verwendet.<\/p><h2><b>Lourdes, ein Ort f\u00fcr heute und morgen<\/b><\/h2><p>Mit Ihrer Entscheidung, der Wallfahrtsst\u00e4tte von Lourdes etwas zu vermachen, geben Sie eine Botschaft des Glaubens, des Friedens und des Lichts an k\u00fcnftige Generationen weiter.<\/p><p>Weitere Informationen finden Sie unter:<br \/><a href=\"https:\/\/www.lourdes-france.org\/de\/transmettre\/\">www.lourdes-france.org\/de\/transmettre<\/a><\/p>\t\t\t\t\t\t\t\t<\/div>\n\t\t\t\t<\/div>\n\t\t\t\t<div class=\"elementor-element elementor-element-7cd12e3 elementor-widget elementor-widget-link-in-bio\" data-id=\"7cd12e3\" data-element_type=\"widget\" data-widget_type=\"link-in-bio.default\">\n\t\t\t\t<div class=\"elementor-widget-container\">\n\t\t\t\t\t\t\t<div class=\"e-link-in-bio e-link-in-bio\">\n\t\t\t<div class=\"e-link-in-bio__content\">\n\n\t\t\t\t\t\t<div class=\"e-link-in-bio__identity\">\n\t\t\t\t\t\t\t\t\t<div class=\"e-link-in-bio__identity-image e-link-in-bio__identity-image-profile has-border has-style-circle\">\n\t\t\t\t\t\t\t<img fetchpriority=\"high\" decoding=\"async\" width=\"300\" height=\"261\" src=\"https:\/\/www.lourdes-france.org\/wp-content\/uploads\/2025\/08\/corinne_gimenez-1-1-1-1-300x261.png\" class=\"e-link-in-bio__identity-image-element\" alt=\"\" srcset=\"https:\/\/www.lourdes-france.org\/wp-content\/uploads\/2025\/08\/corinne_gimenez-1-1-1-1-300x261.png 300w, https:\/\/www.lourdes-france.org\/wp-content\/uploads\/2025\/08\/corinne_gimenez-1-1-1-1-1024x889.png 1024w, https:\/\/www.lourdes-france.org\/wp-content\/uploads\/2025\/08\/corinne_gimenez-1-1-1-1-768x667.png 768w, https:\/\/www.lourdes-france.org\/wp-content\/uploads\/2025\/08\/corinne_gimenez-1-1-1-1-1536x1334.png 1536w, https:\/\/www.lourdes-france.org\/wp-content\/uploads\/2025\/08\/corinne_gimenez-1-1-1-1.png 1779w\" sizes=\"(max-width: 300px) 100vw, 300px\" \/>\t\t\t\t\t\t\t\t\t\t\t\t\t<\/div>\n\t\t\t\t\t\t\t<\/div>\n\t\t\t\t\t<div class=\"e-link-in-bio__bio\">\n\t\t\t\t<h2 class=\"e-link-in-bio__heading\">Corinne GIMENEZ<\/h2>\t\t\t\t<h2 class=\"e-link-in-bio__title\">Spendendienste\nHeiligtum Unserer Lieben Frau von Lourdes<\/h2>\t\t\t\t\t\t\t\t\t\t\t<\/div>\n\t\t\t\t\t<div class=\"e-link-in-bio__icons has-size-medium\">\n\t\t\t\t\t\t\t<div class=\"e-link-in-bio__icon is-size-medium\">\n\t\t\t\t\t<a aria-label=\"Telephone\" class=\"e-link-in-bio__icon-link\" href=\"tel:+33562428282\">\n\t\t\t\t\t\t<span class=\"e-link-in-bio__icon-svg\">\n\t\t\t\t\t\t\t<i aria-hidden=\"true\" class=\"fas fa-phone-alt\"><\/i>\t\t\t\t\t\t<\/span>\n\t\t\t\t\t\t\t\t\t\t\t<\/a>\n\t\t\t\t<\/div>\n\t\t\t\t\t\t\t<div class=\"e-link-in-bio__icon is-size-medium\">\n\t\t\t\t\t<a aria-label=\"Email\" class=\"e-link-in-bio__icon-link\" href=\"mailto:corinne.gimenez@lourdes-france.com\">\n\t\t\t\t\t\t<span class=\"e-link-in-bio__icon-svg\">\n\t\t\t\t\t\t\t<i aria-hidden=\"true\" class=\"fas fa-envelope\"><\/i>\t\t\t\t\t\t<\/span>\n\t\t\t\t\t\t\t\t\t\t\t<\/a>\n\t\t\t\t<\/div>\n\t\t\t\t\t<\/div>\n\t\t\n\t\t<div class=\"e-link-in-bio__ctas has-type-button\">\n\t\t\t\t\t\t\t<a target=\"_blank\" rel=\"noopener \" class=\"e-link-in-bio__cta is-type-button has-corners-rounded\" href=\"\">\n\t\t\t\t\t\t\t\t\t\t<span class=\"e-link-in-bio__cta-text\">\n\t\t\t\t\t\t1 avenue Mgr Th\u00e9as \u2013 65 108 Lourdes  France\t\t\t\t\t<\/span>\n\t\t\t\t<\/a>\n\t\t\t\t\t<\/div>\n\t\t\n\t\t\t<\/div>\n\t\t\t<div class=\"e-link-in-bio__bg\">\n\t\t\t\t<div class=\"e-link-in-bio__bg-overlay\"><\/div>\n\t\t\t<\/div>\n\t\t<\/div>\n\t\t\t\t\t\t<\/div>\n\t\t\t\t<\/div>\n\t\t\t\t<div class=\"elementor-element elementor-element-422190a elementor-view-default elementor-widget elementor-widget-icon\" data-id=\"422190a\" data-element_type=\"widget\" data-widget_type=\"icon.default\">\n\t\t\t\t<div class=\"elementor-widget-container\">\n\t\t\t\t\t\t\t<div class=\"elementor-icon-wrapper\">\n\t\t\t<div class=\"elementor-icon\">\n\t\t\t<i aria-hidden=\"true\" class=\"fas fa-church\"><\/i>\t\t\t<\/div>\n\t\t<\/div>\n\t\t\t\t\t\t<\/div>\n\t\t\t\t<\/div>\n\t\t\t\t\t<\/div>\n\t\t<\/div>\n\t\t\t\t\t<\/div>\n\t\t<\/section>\n\t\t\t\t<\/div>\n\t\t","protected":false},"excerpt":{"rendered":"<p>Mit Vertrauen vererben: 6 Gr\u00fcnde, sich f\u00fcr die Wallfahrtsst\u00e4tte von Lourdes zu entscheiden _________________ Verm\u00e4chtnis des Glaubens und der Hoffnung: Die Wallfahrtsst\u00e4tte Unserer Lieben Frau von Lourdes garantiert Ihnen eine pers\u00f6nliche Begleitung und eine sorgf\u00e4ltige Verwaltung Ihres Verm\u00e4chtnisses. Um Ihre &hellip; <a href=\"https:\/\/www.lourdes-france.org\/de\/6-gruende-fuer-ein-vermaechtnis\/\">Weiter<\/a><\/p>\n","protected":false},"author":7,"featured_media":1028787,"parent":0,"menu_order":0,"comment_status":"closed","ping_status":"closed","template":"","meta":{"_acf_changed":false,"footnotes":""},"class_list":["post-1034452","page","type-page","status-publish","has-post-thumbnail","hentry"],"acf":[],"yoast_head":"<!-- This site is optimized with the Yoast SEO plugin v24.7 - https:\/\/yoast.com\/wordpress\/plugins\/seo\/ -->\n<title>Verm\u00e4chtnis in aller Zuversicht: 6 Gr\u00fcnde, sich f\u00fcr das Heiligtum von Lourdes zu entscheiden<\/title>\n<meta name=\"description\" content=\"Das Heiligtum Notre-Dame de Lourdes garantiert Ihnen eine pers\u00f6nliche Betreuung und eine sorgf\u00e4ltige Verwaltung Ihres Verm\u00e4chtnisses oder Ihrer Lebensversicherung.\" \/>\n<meta name=\"robots\" content=\"index, follow, max-snippet:-1, max-image-preview:large, max-video-preview:-1\" \/>\n<link rel=\"canonical\" href=\"https:\/\/www.lourdes-france.org\/de\/6-gruende-fuer-ein-vermaechtnis\/\" \/>\n<meta name=\"twitter:label1\" content=\"Gesch\u00e4tzte Lesezeit\" \/>\n\t<meta name=\"twitter:data1\" content=\"3\u00a0Minuten\" \/>\n<script type=\"application\/ld+json\" class=\"yoast-schema-graph\">{\"@context\":\"https:\/\/schema.org\",\"@graph\":[{\"@type\":\"WebPage\",\"@id\":\"https:\/\/www.lourdes-france.org\/de\/6-gruende-fuer-ein-vermaechtnis\/\",\"url\":\"https:\/\/www.lourdes-france.org\/de\/6-gruende-fuer-ein-vermaechtnis\/\",\"name\":\"Verm\u00e4chtnis in aller Zuversicht: 6 Gr\u00fcnde, sich f\u00fcr das Heiligtum von Lourdes zu entscheiden\",\"isPartOf\":{\"@id\":\"https:\/\/preprod-lourdes.cawita.com\/#website\"},\"primaryImageOfPage\":{\"@id\":\"https:\/\/www.lourdes-france.org\/de\/6-gruende-fuer-ein-vermaechtnis\/#primaryimage\"},\"image\":{\"@id\":\"https:\/\/www.lourdes-france.org\/de\/6-gruende-fuer-ein-vermaechtnis\/#primaryimage\"},\"thumbnailUrl\":\"https:\/\/www.lourdes-france.org\/wp-content\/uploads\/2025\/07\/Legs-AssVie-Donation-scaled.jpg\",\"datePublished\":\"2025-08-04T10:59:10+00:00\",\"dateModified\":\"2025-09-16T12:10:02+00:00\",\"description\":\"Das Heiligtum Notre-Dame de Lourdes garantiert Ihnen eine pers\u00f6nliche Betreuung und eine sorgf\u00e4ltige Verwaltung Ihres Verm\u00e4chtnisses oder Ihrer Lebensversicherung.\",\"breadcrumb\":{\"@id\":\"https:\/\/www.lourdes-france.org\/de\/6-gruende-fuer-ein-vermaechtnis\/#breadcrumb\"},\"inLanguage\":\"de\",\"potentialAction\":[{\"@type\":\"ReadAction\",\"target\":[\"https:\/\/www.lourdes-france.org\/de\/6-gruende-fuer-ein-vermaechtnis\/\"]}]},{\"@type\":\"ImageObject\",\"inLanguage\":\"de\",\"@id\":\"https:\/\/www.lourdes-france.org\/de\/6-gruende-fuer-ein-vermaechtnis\/#primaryimage\",\"url\":\"https:\/\/www.lourdes-france.org\/wp-content\/uploads\/2025\/07\/Legs-AssVie-Donation-scaled.jpg\",\"contentUrl\":\"https:\/\/www.lourdes-france.org\/wp-content\/uploads\/2025\/07\/Legs-AssVie-Donation-scaled.jpg\",\"width\":2560,\"height\":1707,\"caption\":\"Legs, donations et assurance-vie \u00e0 Lourdes\"},{\"@type\":\"BreadcrumbList\",\"@id\":\"https:\/\/www.lourdes-france.org\/de\/6-gruende-fuer-ein-vermaechtnis\/#breadcrumb\",\"itemListElement\":[{\"@type\":\"ListItem\",\"position\":1,\"name\":\"Accueil\",\"item\":\"https:\/\/www.lourdes-france.org\/\"},{\"@type\":\"ListItem\",\"position\":2,\"name\":\"L\u00e9guer en toute confiance : les 8 raisons de choisir le Sanctuaire de Lourdes\"}]},{\"@type\":\"WebSite\",\"@id\":\"https:\/\/preprod-lourdes.cawita.com\/#website\",\"url\":\"https:\/\/preprod-lourdes.cawita.com\/\",\"name\":\"Soutenir le Sanctuaire Notre-Dame de Lourdes\",\"description\":\"\",\"potentialAction\":[{\"@type\":\"SearchAction\",\"target\":{\"@type\":\"EntryPoint\",\"urlTemplate\":\"https:\/\/preprod-lourdes.cawita.com\/?s={search_term_string}\"},\"query-input\":{\"@type\":\"PropertyValueSpecification\",\"valueRequired\":true,\"valueName\":\"search_term_string\"}}],\"inLanguage\":\"de\"}]}<\/script>\n<!-- \/ Yoast SEO plugin. -->","yoast_head_json":{"title":"Verm\u00e4chtnis in aller Zuversicht: 6 Gr\u00fcnde, sich f\u00fcr das Heiligtum von Lourdes zu entscheiden","description":"Das Heiligtum Notre-Dame de Lourdes garantiert Ihnen eine pers\u00f6nliche Betreuung und eine sorgf\u00e4ltige Verwaltung Ihres Verm\u00e4chtnisses oder Ihrer Lebensversicherung.","robots":{"index":"index","follow":"follow","max-snippet":"max-snippet:-1","max-image-preview":"max-image-preview:large","max-video-preview":"max-video-preview:-1"},"canonical":"https:\/\/www.lourdes-france.org\/de\/6-gruende-fuer-ein-vermaechtnis\/","twitter_misc":{"Gesch\u00e4tzte Lesezeit":"3\u00a0Minuten"},"schema":{"@context":"https:\/\/schema.org","@graph":[{"@type":"WebPage","@id":"https:\/\/www.lourdes-france.org\/de\/6-gruende-fuer-ein-vermaechtnis\/","url":"https:\/\/www.lourdes-france.org\/de\/6-gruende-fuer-ein-vermaechtnis\/","name":"Verm\u00e4chtnis in aller Zuversicht: 6 Gr\u00fcnde, sich f\u00fcr das Heiligtum von Lourdes zu entscheiden","isPartOf":{"@id":"https:\/\/preprod-lourdes.cawita.com\/#website"},"primaryImageOfPage":{"@id":"https:\/\/www.lourdes-france.org\/de\/6-gruende-fuer-ein-vermaechtnis\/#primaryimage"},"image":{"@id":"https:\/\/www.lourdes-france.org\/de\/6-gruende-fuer-ein-vermaechtnis\/#primaryimage"},"thumbnailUrl":"https:\/\/www.lourdes-france.org\/wp-content\/uploads\/2025\/07\/Legs-AssVie-Donation-scaled.jpg","datePublished":"2025-08-04T10:59:10+00:00","dateModified":"2025-09-16T12:10:02+00:00","description":"Das Heiligtum Notre-Dame de Lourdes garantiert Ihnen eine pers\u00f6nliche Betreuung und eine sorgf\u00e4ltige Verwaltung Ihres Verm\u00e4chtnisses oder Ihrer Lebensversicherung.","breadcrumb":{"@id":"https:\/\/www.lourdes-france.org\/de\/6-gruende-fuer-ein-vermaechtnis\/#breadcrumb"},"inLanguage":"de","potentialAction":[{"@type":"ReadAction","target":["https:\/\/www.lourdes-france.org\/de\/6-gruende-fuer-ein-vermaechtnis\/"]}]},{"@type":"ImageObject","inLanguage":"de","@id":"https:\/\/www.lourdes-france.org\/de\/6-gruende-fuer-ein-vermaechtnis\/#primaryimage","url":"https:\/\/www.lourdes-france.org\/wp-content\/uploads\/2025\/07\/Legs-AssVie-Donation-scaled.jpg","contentUrl":"https:\/\/www.lourdes-france.org\/wp-content\/uploads\/2025\/07\/Legs-AssVie-Donation-scaled.jpg","width":2560,"height":1707,"caption":"Legs, donations et assurance-vie \u00e0 Lourdes"},{"@type":"BreadcrumbList","@id":"https:\/\/www.lourdes-france.org\/de\/6-gruende-fuer-ein-vermaechtnis\/#breadcrumb","itemListElement":[{"@type":"ListItem","position":1,"name":"Accueil","item":"https:\/\/www.lourdes-france.org\/"},{"@type":"ListItem","position":2,"name":"L\u00e9guer en toute confiance : les 8 raisons de choisir le Sanctuaire de Lourdes"}]},{"@type":"WebSite","@id":"https:\/\/preprod-lourdes.cawita.com\/#website","url":"https:\/\/preprod-lourdes.cawita.com\/","name":"Soutenir le Sanctuaire Notre-Dame de Lourdes","description":"","potentialAction":[{"@type":"SearchAction","target":{"@type":"EntryPoint","urlTemplate":"https:\/\/preprod-lourdes.cawita.com\/?s={search_term_string}"},"query-input":{"@type":"PropertyValueSpecification","valueRequired":true,"valueName":"search_term_string"}}],"inLanguage":"de"}]}},"_links":{"self":[{"href":"https:\/\/www.lourdes-france.org\/de\/wp-json\/wp\/v2\/pages\/1034452","targetHints":{"allow":["GET"]}}],"collection":[{"href":"https:\/\/www.lourdes-france.org\/de\/wp-json\/wp\/v2\/pages"}],"about":[{"href":"https:\/\/www.lourdes-france.org\/de\/wp-json\/wp\/v2\/types\/page"}],"author":[{"embeddable":true,"href":"https:\/\/www.lourdes-france.org\/de\/wp-json\/wp\/v2\/users\/7"}],"replies":[{"embeddable":true,"href":"https:\/\/www.lourdes-france.org\/de\/wp-json\/wp\/v2\/comments?post=1034452"}],"version-history":[{"count":3,"href":"https:\/\/www.lourdes-france.org\/de\/wp-json\/wp\/v2\/pages\/1034452\/revisions"}],"predecessor-version":[{"id":1068561,"href":"https:\/\/www.lourdes-france.org\/de\/wp-json\/wp\/v2\/pages\/1034452\/revisions\/1068561"}],"wp:featuredmedia":[{"embeddable":true,"href":"https:\/\/www.lourdes-france.org\/de\/wp-json\/wp\/v2\/media\/1028787"}],"wp:attachment":[{"href":"https:\/\/www.lourdes-france.org\/de\/wp-json\/wp\/v2\/media?parent=1034452"}],"curies":[{"name":"wp","href":"https:\/\/api.w.org\/{rel}","templated":true}]}}