{"id":1034482,"date":"2025-08-04T12:33:07","date_gmt":"2025-08-04T10:33:07","guid":{"rendered":"https:\/\/www.lourdes-france.org\/?page_id=1034482"},"modified":"2025-09-09T09:17:23","modified_gmt":"2025-09-09T07:17:23","slug":"vermoegen-vererben","status":"publish","type":"page","link":"https:\/\/www.lourdes-france.org\/de\/weitergeben\/vermoegen-vererben\/","title":{"rendered":"L\u00e9guer, donner, transmettre : un acte de foi en faveur du Sanctuaire de Lourdes"},"content":{"rendered":"\t\t<div data-elementor-type=\"wp-page\" data-elementor-id=\"1034482\" class=\"elementor elementor-1034482 elementor-1028440\" data-elementor-post-type=\"page\">\n\t\t\t\t\t\t<section class=\"elementor-section elementor-top-section elementor-element elementor-element-702c0eb elementor-section-full_width elementor-section-stretched elementor-section-height-default elementor-section-height-default\" data-id=\"702c0eb\" data-element_type=\"section\" data-settings=\"{&quot;stretch_section&quot;:&quot;section-stretched&quot;,&quot;background_background&quot;:&quot;classic&quot;}\">\n\t\t\t\t\t\t<div class=\"elementor-container elementor-column-gap-default\">\n\t\t\t\t\t<div class=\"elementor-column elementor-col-100 elementor-top-column elementor-element elementor-element-f874315\" data-id=\"f874315\" data-element_type=\"column\">\n\t\t\t<div class=\"elementor-widget-wrap elementor-element-populated\">\n\t\t\t\t\t\t<div class=\"elementor-element elementor-element-b0dad01 elementor-widget elementor-widget-spacer\" data-id=\"b0dad01\" data-element_type=\"widget\" data-widget_type=\"spacer.default\">\n\t\t\t\t<div class=\"elementor-widget-container\">\n\t\t\t\t\t\t\t<div class=\"elementor-spacer\">\n\t\t\t<div class=\"elementor-spacer-inner\"><\/div>\n\t\t<\/div>\n\t\t\t\t\t\t<\/div>\n\t\t\t\t<\/div>\n\t\t\t\t\t<\/div>\n\t\t<\/div>\n\t\t\t\t\t<\/div>\n\t\t<\/section>\n\t\t\t\t<section class=\"elementor-section elementor-top-section elementor-element elementor-element-0679aed elementor-section-full_width elementor-section-height-default elementor-section-height-default\" data-id=\"0679aed\" data-element_type=\"section\" data-settings=\"{&quot;background_background&quot;:&quot;classic&quot;}\">\n\t\t\t\t\t\t<div class=\"elementor-container elementor-column-gap-default\">\n\t\t\t\t\t<div class=\"elementor-column elementor-col-100 elementor-top-column elementor-element elementor-element-6571606\" data-id=\"6571606\" data-element_type=\"column\">\n\t\t\t<div class=\"elementor-widget-wrap elementor-element-populated\">\n\t\t\t\t\t\t<div class=\"elementor-element elementor-element-3049a0e elementor-widget elementor-widget-spacer\" data-id=\"3049a0e\" data-element_type=\"widget\" data-widget_type=\"spacer.default\">\n\t\t\t\t<div class=\"elementor-widget-container\">\n\t\t\t\t\t\t\t<div class=\"elementor-spacer\">\n\t\t\t<div class=\"elementor-spacer-inner\"><\/div>\n\t\t<\/div>\n\t\t\t\t\t\t<\/div>\n\t\t\t\t<\/div>\n\t\t\t\t<div class=\"elementor-element elementor-element-c072c6b elementor-widget elementor-widget-heading\" data-id=\"c072c6b\" data-element_type=\"widget\" data-widget_type=\"heading.default\">\n\t\t\t\t<div class=\"elementor-widget-container\">\n\t\t\t\t\t<h2 class=\"elementor-heading-title elementor-size-default\">Vermachen, spenden, weitergeben:\nein Akt des Glaubens zugunsten der Wallfahrtsst\u00e4tte von Lourdes\n<\/h2>\t\t\t\t<\/div>\n\t\t\t\t<\/div>\n\t\t\t\t<div class=\"elementor-element elementor-element-04e55e8 elementor-widget elementor-widget-heading\" data-id=\"04e55e8\" data-element_type=\"widget\" data-widget_type=\"heading.default\">\n\t\t\t\t<div class=\"elementor-widget-container\">\n\t\t\t\t\t<h2 class=\"elementor-heading-title elementor-size-default\">_________________<\/h2>\t\t\t\t<\/div>\n\t\t\t\t<\/div>\n\t\t\t\t<div class=\"elementor-element elementor-element-20d33cf elementor-widget elementor-widget-text-editor\" data-id=\"20d33cf\" data-element_type=\"widget\" data-widget_type=\"text-editor.default\">\n\t\t\t\t<div class=\"elementor-widget-container\">\n\t\t\t\t\t\t\t\t\t<p>Als Ort des Gebets, der Heilung, der Hoffnung und des Trostes ist die Wallfahrtsst\u00e4tte<a href=\"https:\/\/www.lourdes-france.com\/de\/\"> Unserer Lieben Frau von Lourdes<\/a> ein geistlicher Leuchtturm f\u00fcr die Weltkirche. Indem Sie ihr Ihr gesamtes Verm\u00f6gen oder einen Teil davon anvertrauen, setzen Sie Ihr Engagement als Gl\u00e4ubiger fort und tragen dazu bei, <a href=\"https:\/\/www.lourdes-france.com\/de\/die-botschaft-von-lourdes\/\">die Botschaft Mariens an Bernadette<\/a> f\u00fcr k\u00fcnftige <strong>Generationen<\/strong> weiterzugeben.<\/p><p>Als gemeinn\u00fctzige Vereinigung ist die Wallfahrtsst\u00e4tte\u00a0<b>von allen Erbschafts- und Schenkungssteuern befreit<\/b>. Somit flie\u00dfen\u00a0<b>100 % Ihrer Zuwendung<\/b>\u00a0in ihre Aufgaben: <a href=\"https:\/\/www.lourdes-france.org\/?page_id=1033085&amp;preview=true\">Aufnahme von Kranken<\/a>, Erhaltung der <a href=\"https:\/\/www.lourdes-france.com\/de\/pilger-fur-einen-tag\/die-grotte\/\">Grotte<\/a>, Instandhaltung der Gottesdienstst\u00e4tten, Begleitung der Pilger und Unterst\u00fctzung im Gebet.<\/p><h2><b>Warum der Wallfahrtsst\u00e4tte von Lourdes etwas vermachen?<\/b><\/h2><p>Sie\u00a0<b>haben keine direkten Erben<\/b>\u00a0und m\u00f6chten, dass Ihr Verm\u00f6gen einem sinnvollen Werk der Kirche zugute kommt.<\/p><p>\u2022 Sie m\u00f6chten\u00a0<b>Ihr Verm\u00f6gen vor oft hohen Erbschaftssteuern<\/b>\u00a0sch\u00fctzen.<br \/>\u2022 Sie m\u00f6chten Ihr Leben in eine\u00a0<b>geistliche Kontinuit\u00e4t<\/b>\u00a0einbinden, indem Sie einen Ort der Marienverehrung unterst\u00fctzen.<br \/>\u2022 Sie m\u00f6chten\u00a0<b>den christlichen Werten<\/b>\u00a0des Glaubens, der N\u00e4chstenliebe und der Gastfreundschaft treu bleiben.<\/p><p style=\"text-align: center;\"><em>\u201eDer Wallfahrtsst\u00e4tte etwas zu vermachen, ist ein Akt des Glaubens. Es bedeutet, Maria zu vertrauen, damit meine letzte Geste ein lebendiges Gebet sein wird.\u201c<\/em><\/p><p style=\"text-align: center;\">\u2014 Zeugnis eines anonymen Spenders<\/p><h2><b>Was kann ich vermachen?<\/b><\/h2><p>Sie k\u00f6nnen vermachen oder spenden:<br \/>\u2022\u00a0\u00a0<b>Immobilien<\/b>: Wohnung, Haus, Grundst\u00fcck&#8230;<br \/>\u2022\u00a0\u00a0<b>Bewegliche G\u00fcter<\/b>: Geld, Bankkonten, Wertpapierportfolios, Schmuck, Kunstwerke, Urheberrechte&#8230;<br \/>\u2022 Eine\u00a0<b>Lebensversicherung<\/b>, in der die Wallfahrtsst\u00e4tte als Beg\u00fcnstigte eingesetzt wird.<\/p><h2><b>Was ist der Unterschied zwischen einer Schenkung, einer Spende und einem Verm\u00e4chtnis?<\/b><\/h2><p>\u2022\u00a0\u00a0<b>Die Schenkung<\/b>\u00a0ist eine sofortige Geste: Sie \u00fcbertragen einen Geldbetrag oder einen Gegenstand direkt.<br \/>\u2022\u00a0\u00a0<b>Die Schenkung\u00a0<\/b>ist eine notariell beglaubigte Urkunde, die zu Lebzeiten abgegeben wird und mit der ein Verm\u00f6genswert sofort auf den Verein \u00fcbertragen wird.<br \/>\u2022\u00a0\u00a0<b>Das Verm\u00e4chtnis tritt mit Ihrem Tod<\/b>\u00a0durch ein Testament in Kraft: Sie regeln im Voraus die Aufteilung Ihres Verm\u00f6gens.<\/p><h2><b>Ein Verm\u00e4chtnis an die Wallfahrtsst\u00e4tte von Lourdes<\/b><\/h2><p>Mit einem Verm\u00e4chtnis k\u00f6nnen Sie in Ihrem Testament festlegen, wer nach Ihrem Tod Ihr Verm\u00f6gen erh\u00e4lt. Das Testament kann jederzeit ge\u00e4ndert werden. Wenn Sie direkte Erben haben, ist diesen gesetzlich ein Pflichtteil vorbehalten. Der Rest kann frei an die Wallfahrtsst\u00e4tte \u00fcbertragen werden.<\/p><h2><b>Was ist, wenn ich k\u00fcrzlich geerbt habe?<\/b><\/h2><p>Sie k\u00f6nnen eine\u00a0<b>Spende aus dem Nachlass<\/b>\u00a0t\u00e4tigen, d. h. einen Teil des Erbes, das Sie gerade erhalten haben, als Geste der Dankbarkeit oder Solidarit\u00e4t weitergeben.<\/p><h2><b>Wie kann man ein Testament ohne Notar aufsetzen?<\/b><\/h2><p>Es ist m\u00f6glich, ein\u00a0<b>eigenh\u00e4ndiges Testament<\/b>\u00a0(handschriftlich, datiert und unterschrieben) zu verfassen. Dieses Dokument ist rechtsg\u00fcltig, wenn es klar formuliert ist. F\u00fcr mehr Sicherheit k\u00f6nnen Sie jedoch einen Notar konsultieren oder sich von uns beraten lassen.<\/p><h2><b>Was ist ein Universalverm\u00e4chtnis?<\/b><\/h2><p>Der\u00a0<b>Universalverm\u00e4chtnisnehmer<\/b>\u00a0ist die Person oder Einrichtung, der Sie\u00a0<b>Ihr gesamtes Verm\u00f6gen<\/b>\u00a0vermachen (mit Ausnahme des Pflichtteils f\u00fcr direkte Erben, falls vorhanden). Die Wallfahrtsst\u00e4tte von Lourdes kann als Universalverm\u00e4chtnisnehmer oder als Sonderverm\u00e4chtnisnehmer (f\u00fcr einen bestimmten Betrag oder einen bestimmten Verm\u00f6genswert) eingesetzt werden.<\/p><h2><b>Warum sollte man zu Lebzeiten eine Schenkung machen?<\/b><\/h2><p>Eine Schenkung ist eine freiwillige Handlung, mit der Sie einen Verm\u00f6genswert sofort \u00fcbertragen k\u00f6nnen. Es ist eine einfache M\u00f6glichkeit, die Fr\u00fcchte Ihrer Gro\u00dfz\u00fcgigkeit noch zu Lebzeiten zu sehen und gleichzeitig bestimmte Steuervorteile zu genie\u00dfen.<\/p><h2><b>Lebensversicherung: Wie kann man die Wallfahrtsst\u00e4tte als Beg\u00fcnstigte benennen?<\/b><\/h2><p>Sie m\u00fcssen lediglich in der Beg\u00fcnstigtenklausel Ihres Vertrags angeben:<br \/><strong>\u201eLe Sanctuaire Notre Dame de Lourdes \u2013 1 Avenue Mgr Th\u00e9as \u2013 65108 Lourdes Cedex \u2013 Frankreich\u201d<br \/><br \/><\/strong>Dieses Kapital ist vollst\u00e4ndig steuerfrei und wird gem\u00e4\u00df Ihrem Willen f\u00fcr die Aufgaben der Wallfahrtsst\u00e4tte verwendet.<\/p><h2><b>Und wie sieht es steuerlich aus?<\/b><\/h2><p>Die Wallfahrtsst\u00e4tte ist als gemeinn\u00fctziger Verein von Steuern auf Spenden, Verm\u00e4chtnisse, Schenkungen und Lebensversicherungen befreit. Es fallen keine Erbschaftssteuern an. Ihre Gro\u00dfz\u00fcgigkeit kommt somit vollst\u00e4ndig und ohne Verlust dem Werk von Lourdes zugute.<\/p><h2><b>Weitere Informationen zu Verm\u00e4chtnisse, Schenkungen und Lebensversicherungen erhalten<\/b><\/h2>\t\t\t\t\t\t\t\t<\/div>\n\t\t\t\t<\/div>\n\t\t\t\t<div class=\"elementor-element elementor-element-716fc78 elementor-button-align-stretch elementor-widget elementor-widget-form\" data-id=\"716fc78\" data-element_type=\"widget\" data-settings=\"{&quot;step_next_label&quot;:&quot;Weiter&quot;,&quot;step_previous_label&quot;:&quot;Vorheriger&quot;,&quot;button_width&quot;:&quot;100&quot;,&quot;step_type&quot;:&quot;number_text&quot;,&quot;step_icon_shape&quot;:&quot;circle&quot;}\" data-widget_type=\"form.default\">\n\t\t\t\t<div class=\"elementor-widget-container\">\n\t\t\t\t\t\t\t<form class=\"elementor-form\" method=\"post\" name=\"brochure-legs-assurence-vie-donartions\" aria-label=\"brochure-legs-assurence-vie-donartions\">\n\t\t\t<input type=\"hidden\" name=\"post_id\" value=\"1034482\"\/>\n\t\t\t<input type=\"hidden\" name=\"form_id\" value=\"716fc78\"\/>\n\t\t\t<input type=\"hidden\" name=\"referer_title\" value=\"Verm\u00f6gen vererben, spenden, weitergeben\" \/>\n\n\t\t\t\t\t\t\t<input type=\"hidden\" name=\"queried_id\" value=\"1034482\"\/>\n\t\t\t\n\t\t\t<div class=\"elementor-form-fields-wrapper elementor-labels-above\">\n\t\t\t\t\t\t\t\t<div class=\"elementor-field-type-text elementor-field-group elementor-column elementor-field-group-name elementor-col-100\">\n\t\t\t\t\t\t\t\t\t\t\t\t<label for=\"form-field-name\" class=\"elementor-field-label\">\n\t\t\t\t\t\t\t\tName\t\t\t\t\t\t\t<\/label>\n\t\t\t\t\t\t\t\t\t\t\t\t\t\t<input size=\"1\" type=\"text\" name=\"form_fields[name]\" id=\"form-field-name\" class=\"elementor-field elementor-size-sm  elementor-field-textual\" placeholder=\"Name\">\n\t\t\t\t\t\t\t\t\t\t\t<\/div>\n\t\t\t\t\t\t\t\t<div class=\"elementor-field-type-email elementor-field-group elementor-column elementor-field-group-email elementor-col-100 elementor-field-required\">\n\t\t\t\t\t\t\t\t\t\t\t\t<label for=\"form-field-email\" class=\"elementor-field-label\">\n\t\t\t\t\t\t\t\tE-mail\t\t\t\t\t\t\t<\/label>\n\t\t\t\t\t\t\t\t\t\t\t\t\t\t<input size=\"1\" type=\"email\" name=\"form_fields[email]\" id=\"form-field-email\" class=\"elementor-field elementor-size-sm  elementor-field-textual\" placeholder=\"E-mail\" required=\"required\">\n\t\t\t\t\t\t\t\t\t\t\t<\/div>\n\t\t\t\t\t\t\t\t<div class=\"elementor-field-type-textarea elementor-field-group elementor-column elementor-field-group-message elementor-col-100\">\n\t\t\t\t\t\t\t\t\t\t\t\t<label for=\"form-field-message\" class=\"elementor-field-label\">\n\t\t\t\t\t\t\t\tNachricht\t\t\t\t\t\t\t<\/label>\n\t\t\t\t\t\t<textarea class=\"elementor-field-textual elementor-field  elementor-size-sm\" name=\"form_fields[message]\" id=\"form-field-message\" rows=\"4\" placeholder=\"Nachricht\"><\/textarea>\t\t\t\t<\/div>\n\t\t\t\t\t\t\t\t<div class=\"elementor-field-group elementor-column elementor-field-type-submit elementor-col-100 e-form__buttons\">\n\t\t\t\t\t<button class=\"elementor-button elementor-size-sm\" type=\"submit\">\n\t\t\t\t\t\t<span class=\"elementor-button-content-wrapper\">\n\t\t\t\t\t\t\t\t\t\t\t\t\t\t\t\t\t\t\t\t\t\t<span class=\"elementor-button-text\">Senden<\/span>\n\t\t\t\t\t\t\t\t\t\t\t\t\t<\/span>\n\t\t\t\t\t<\/button>\n\t\t\t\t<\/div>\n\t\t\t<\/div>\n\t\t<\/form>\n\t\t\t\t\t\t<\/div>\n\t\t\t\t<\/div>\n\t\t\t\t<div class=\"elementor-element elementor-element-e80088b elementor-widget elementor-widget-text-editor\" data-id=\"e80088b\" data-element_type=\"widget\" data-widget_type=\"text-editor.default\">\n\t\t\t\t<div class=\"elementor-widget-container\">\n\t\t\t\t\t\t\t\t\t<p>oder rufen Sie uns unter <a href=\"tel:+33 5 62 42 82 82\">+33 5 62 42 82 82<\/a> an.<\/p><h2><b>Vertrauliche Begleitung<\/b><\/h2><p>Unsere Spenderbetreuung steht Ihnen gerne zur Verf\u00fcgung, um Ihre Fragen zu beantworten, Sie bei Ihren Schritten zu begleiten und Ihnen zu helfen, in Ruhe und im Glauben zu entscheiden.<\/p><p><b>Direkter Kontakt:<br \/><\/b><a href=\"mailto:donateur@lourdes-france.com\">donateur@lourdes-france.com<\/a><br \/>Tel. <a href=\"http:\/\/+33 5 62 42 82 82\" data-wplink-url-error=\"true\">+33 5 62 42 82 82<\/a><br \/>Sanctuaire Notre-Dame de Lourdes \u2013 1 avenue Mgr Th\u00e9as \u2013 65108 Lourdes Cedex<\/p>\t\t\t\t\t\t\t\t<\/div>\n\t\t\t\t<\/div>\n\t\t\t\t<div class=\"elementor-element elementor-element-bf7af54 elementor-widget elementor-widget-link-in-bio\" data-id=\"bf7af54\" data-element_type=\"widget\" data-widget_type=\"link-in-bio.default\">\n\t\t\t\t<div class=\"elementor-widget-container\">\n\t\t\t\t\t\t\t<div class=\"e-link-in-bio e-link-in-bio\">\n\t\t\t<div class=\"e-link-in-bio__content\">\n\n\t\t\t\t\t\t<div class=\"e-link-in-bio__identity\">\n\t\t\t\t\t\t\t\t\t<div class=\"e-link-in-bio__identity-image e-link-in-bio__identity-image-profile has-border has-style-circle\">\n\t\t\t\t\t\t\t<img fetchpriority=\"high\" decoding=\"async\" width=\"300\" height=\"261\" src=\"https:\/\/www.lourdes-france.org\/wp-content\/uploads\/2025\/08\/corinne_gimenez-1-1-1-300x261.png\" class=\"e-link-in-bio__identity-image-element\" alt=\"\" srcset=\"https:\/\/www.lourdes-france.org\/wp-content\/uploads\/2025\/08\/corinne_gimenez-1-1-1-300x261.png 300w, https:\/\/www.lourdes-france.org\/wp-content\/uploads\/2025\/08\/corinne_gimenez-1-1-1-1024x889.png 1024w, https:\/\/www.lourdes-france.org\/wp-content\/uploads\/2025\/08\/corinne_gimenez-1-1-1-768x667.png 768w, https:\/\/www.lourdes-france.org\/wp-content\/uploads\/2025\/08\/corinne_gimenez-1-1-1-1536x1334.png 1536w, https:\/\/www.lourdes-france.org\/wp-content\/uploads\/2025\/08\/corinne_gimenez-1-1-1.png 1779w\" sizes=\"(max-width: 300px) 100vw, 300px\" \/>\t\t\t\t\t\t\t\t\t\t\t\t\t<\/div>\n\t\t\t\t\t\t\t<\/div>\n\t\t\t\t\t<div class=\"e-link-in-bio__bio\">\n\t\t\t\t<h2 class=\"e-link-in-bio__heading\">Corinne GIMENEZ<\/h2>\t\t\t\t<h2 class=\"e-link-in-bio__title\">Spendendienste\nHeiligtum Unserer Lieben Frau von Lourdes<\/h2>\t\t\t\t\t\t\t\t\t\t\t<\/div>\n\t\t\t\t\t<div class=\"e-link-in-bio__icons has-size-medium\">\n\t\t\t\t\t\t\t<div class=\"e-link-in-bio__icon is-size-medium\">\n\t\t\t\t\t<a aria-label=\"Telephone\" class=\"e-link-in-bio__icon-link\" href=\"tel:+33562428282\">\n\t\t\t\t\t\t<span class=\"e-link-in-bio__icon-svg\">\n\t\t\t\t\t\t\t<i aria-hidden=\"true\" class=\"fas fa-phone-alt\"><\/i>\t\t\t\t\t\t<\/span>\n\t\t\t\t\t\t\t\t\t\t\t<\/a>\n\t\t\t\t<\/div>\n\t\t\t\t\t\t\t<div class=\"e-link-in-bio__icon is-size-medium\">\n\t\t\t\t\t<a aria-label=\"Email\" class=\"e-link-in-bio__icon-link\" href=\"mailto:corinne.gimenez@lourdes-france.com\">\n\t\t\t\t\t\t<span class=\"e-link-in-bio__icon-svg\">\n\t\t\t\t\t\t\t<i aria-hidden=\"true\" class=\"fas fa-envelope\"><\/i>\t\t\t\t\t\t<\/span>\n\t\t\t\t\t\t\t\t\t\t\t<\/a>\n\t\t\t\t<\/div>\n\t\t\t\t\t<\/div>\n\t\t\n\t\t<div class=\"e-link-in-bio__ctas has-type-button\">\n\t\t\t\t\t\t\t<a target=\"_blank\" rel=\"noopener \" class=\"e-link-in-bio__cta is-type-button has-corners-rounded\" href=\"\">\n\t\t\t\t\t\t\t\t\t\t<span class=\"e-link-in-bio__cta-text\">\n\t\t\t\t\t\t1 avenue Mgr Th\u00e9as \u2013 65 108 Lourdes  France\t\t\t\t\t<\/span>\n\t\t\t\t<\/a>\n\t\t\t\t\t<\/div>\n\t\t\n\t\t\t<\/div>\n\t\t\t<div class=\"e-link-in-bio__bg\">\n\t\t\t\t<div class=\"e-link-in-bio__bg-overlay\"><\/div>\n\t\t\t<\/div>\n\t\t<\/div>\n\t\t\t\t\t\t<\/div>\n\t\t\t\t<\/div>\n\t\t\t\t<div class=\"elementor-element elementor-element-f93520a elementor-view-default elementor-widget elementor-widget-icon\" data-id=\"f93520a\" data-element_type=\"widget\" data-widget_type=\"icon.default\">\n\t\t\t\t<div class=\"elementor-widget-container\">\n\t\t\t\t\t\t\t<div class=\"elementor-icon-wrapper\">\n\t\t\t<div class=\"elementor-icon\">\n\t\t\t<i aria-hidden=\"true\" class=\"fas fa-church\"><\/i>\t\t\t<\/div>\n\t\t<\/div>\n\t\t\t\t\t\t<\/div>\n\t\t\t\t<\/div>\n\t\t\t\t\t<\/div>\n\t\t<\/div>\n\t\t\t\t\t<\/div>\n\t\t<\/section>\n\t\t\t\t<\/div>\n\t\t","protected":false},"excerpt":{"rendered":"<p>Vermachen, spenden, weitergeben: ein Akt des Glaubens zugunsten der Wallfahrtsst\u00e4tte von Lourdes _________________ Als Ort des Gebets, der Heilung, der Hoffnung und des Trostes ist die Wallfahrtsst\u00e4tte Unserer Lieben Frau von Lourdes ein geistlicher Leuchtturm f\u00fcr die Weltkirche. Indem Sie &hellip; <a href=\"https:\/\/www.lourdes-france.org\/de\/weitergeben\/vermoegen-vererben\/\">Weiter<\/a><\/p>\n","protected":false},"author":7,"featured_media":1028787,"parent":1034096,"menu_order":0,"comment_status":"closed","ping_status":"closed","template":"","meta":{"_acf_changed":false,"footnotes":""},"class_list":["post-1034482","page","type-page","status-publish","has-post-thumbnail","hentry"],"acf":[],"yoast_head":"<!-- This site is optimized with the Yoast SEO plugin v24.7 - https:\/\/yoast.com\/wordpress\/plugins\/seo\/ -->\n<title>Verm\u00f6gen vererben, spenden, weitergeben<\/title>\n<meta name=\"description\" content=\"Setzen Sie ein Zeichen des Glaubens. Indem Sie Ihr Verm\u00f6gen ganz oder teilweise dem Heiligtum anvertrauen, setzen Sie Ihr Engagement als Gl\u00e4ubiger\/in fort.\" \/>\n<meta name=\"robots\" content=\"index, follow, max-snippet:-1, max-image-preview:large, max-video-preview:-1\" \/>\n<link rel=\"canonical\" href=\"https:\/\/www.lourdes-france.org\/de\/weitergeben\/vermoegen-vererben\/\" \/>\n<meta name=\"twitter:label1\" content=\"Gesch\u00e4tzte Lesezeit\" \/>\n\t<meta name=\"twitter:data1\" content=\"4\u00a0Minuten\" \/>\n<script type=\"application\/ld+json\" class=\"yoast-schema-graph\">{\"@context\":\"https:\/\/schema.org\",\"@graph\":[{\"@type\":\"WebPage\",\"@id\":\"https:\/\/www.lourdes-france.org\/de\/weitergeben\/vermoegen-vererben\/\",\"url\":\"https:\/\/www.lourdes-france.org\/de\/weitergeben\/vermoegen-vererben\/\",\"name\":\"Verm\u00f6gen vererben, spenden, weitergeben\",\"isPartOf\":{\"@id\":\"https:\/\/preprod-lourdes.cawita.com\/#website\"},\"primaryImageOfPage\":{\"@id\":\"https:\/\/www.lourdes-france.org\/de\/weitergeben\/vermoegen-vererben\/#primaryimage\"},\"image\":{\"@id\":\"https:\/\/www.lourdes-france.org\/de\/weitergeben\/vermoegen-vererben\/#primaryimage\"},\"thumbnailUrl\":\"https:\/\/www.lourdes-france.org\/wp-content\/uploads\/2025\/07\/Legs-AssVie-Donation-scaled.jpg\",\"datePublished\":\"2025-08-04T10:33:07+00:00\",\"dateModified\":\"2025-09-09T07:17:23+00:00\",\"description\":\"Setzen Sie ein Zeichen des Glaubens. Indem Sie Ihr Verm\u00f6gen ganz oder teilweise dem Heiligtum anvertrauen, setzen Sie Ihr Engagement als Gl\u00e4ubiger\/in fort.\",\"breadcrumb\":{\"@id\":\"https:\/\/www.lourdes-france.org\/de\/weitergeben\/vermoegen-vererben\/#breadcrumb\"},\"inLanguage\":\"de\",\"potentialAction\":[{\"@type\":\"ReadAction\",\"target\":[\"https:\/\/www.lourdes-france.org\/de\/weitergeben\/vermoegen-vererben\/\"]}]},{\"@type\":\"ImageObject\",\"inLanguage\":\"de\",\"@id\":\"https:\/\/www.lourdes-france.org\/de\/weitergeben\/vermoegen-vererben\/#primaryimage\",\"url\":\"https:\/\/www.lourdes-france.org\/wp-content\/uploads\/2025\/07\/Legs-AssVie-Donation-scaled.jpg\",\"contentUrl\":\"https:\/\/www.lourdes-france.org\/wp-content\/uploads\/2025\/07\/Legs-AssVie-Donation-scaled.jpg\",\"width\":2560,\"height\":1707,\"caption\":\"Legs, donations et assurance-vie \u00e0 Lourdes\"},{\"@type\":\"BreadcrumbList\",\"@id\":\"https:\/\/www.lourdes-france.org\/de\/weitergeben\/vermoegen-vererben\/#breadcrumb\",\"itemListElement\":[{\"@type\":\"ListItem\",\"position\":1,\"name\":\"Accueil\",\"item\":\"https:\/\/www.lourdes-france.org\/\"},{\"@type\":\"ListItem\",\"position\":2,\"name\":\"Legs, donations et assurance-vie\",\"item\":\"https:\/\/www.lourdes-france.org\/de\/weitergeben\/\"},{\"@type\":\"ListItem\",\"position\":3,\"name\":\"L\u00e9guer, donner, transmettre : un acte de foi en faveur du Sanctuaire de Lourdes\"}]},{\"@type\":\"WebSite\",\"@id\":\"https:\/\/preprod-lourdes.cawita.com\/#website\",\"url\":\"https:\/\/preprod-lourdes.cawita.com\/\",\"name\":\"Soutenir le Sanctuaire Notre-Dame de Lourdes\",\"description\":\"\",\"potentialAction\":[{\"@type\":\"SearchAction\",\"target\":{\"@type\":\"EntryPoint\",\"urlTemplate\":\"https:\/\/preprod-lourdes.cawita.com\/?s={search_term_string}\"},\"query-input\":{\"@type\":\"PropertyValueSpecification\",\"valueRequired\":true,\"valueName\":\"search_term_string\"}}],\"inLanguage\":\"de\"}]}<\/script>\n<!-- \/ Yoast SEO plugin. -->","yoast_head_json":{"title":"Verm\u00f6gen vererben, spenden, weitergeben","description":"Setzen Sie ein Zeichen des Glaubens. Indem Sie Ihr Verm\u00f6gen ganz oder teilweise dem Heiligtum anvertrauen, setzen Sie Ihr Engagement als Gl\u00e4ubiger\/in fort.","robots":{"index":"index","follow":"follow","max-snippet":"max-snippet:-1","max-image-preview":"max-image-preview:large","max-video-preview":"max-video-preview:-1"},"canonical":"https:\/\/www.lourdes-france.org\/de\/weitergeben\/vermoegen-vererben\/","twitter_misc":{"Gesch\u00e4tzte Lesezeit":"4\u00a0Minuten"},"schema":{"@context":"https:\/\/schema.org","@graph":[{"@type":"WebPage","@id":"https:\/\/www.lourdes-france.org\/de\/weitergeben\/vermoegen-vererben\/","url":"https:\/\/www.lourdes-france.org\/de\/weitergeben\/vermoegen-vererben\/","name":"Verm\u00f6gen vererben, spenden, weitergeben","isPartOf":{"@id":"https:\/\/preprod-lourdes.cawita.com\/#website"},"primaryImageOfPage":{"@id":"https:\/\/www.lourdes-france.org\/de\/weitergeben\/vermoegen-vererben\/#primaryimage"},"image":{"@id":"https:\/\/www.lourdes-france.org\/de\/weitergeben\/vermoegen-vererben\/#primaryimage"},"thumbnailUrl":"https:\/\/www.lourdes-france.org\/wp-content\/uploads\/2025\/07\/Legs-AssVie-Donation-scaled.jpg","datePublished":"2025-08-04T10:33:07+00:00","dateModified":"2025-09-09T07:17:23+00:00","description":"Setzen Sie ein Zeichen des Glaubens. Indem Sie Ihr Verm\u00f6gen ganz oder teilweise dem Heiligtum anvertrauen, setzen Sie Ihr Engagement als Gl\u00e4ubiger\/in fort.","breadcrumb":{"@id":"https:\/\/www.lourdes-france.org\/de\/weitergeben\/vermoegen-vererben\/#breadcrumb"},"inLanguage":"de","potentialAction":[{"@type":"ReadAction","target":["https:\/\/www.lourdes-france.org\/de\/weitergeben\/vermoegen-vererben\/"]}]},{"@type":"ImageObject","inLanguage":"de","@id":"https:\/\/www.lourdes-france.org\/de\/weitergeben\/vermoegen-vererben\/#primaryimage","url":"https:\/\/www.lourdes-france.org\/wp-content\/uploads\/2025\/07\/Legs-AssVie-Donation-scaled.jpg","contentUrl":"https:\/\/www.lourdes-france.org\/wp-content\/uploads\/2025\/07\/Legs-AssVie-Donation-scaled.jpg","width":2560,"height":1707,"caption":"Legs, donations et assurance-vie \u00e0 Lourdes"},{"@type":"BreadcrumbList","@id":"https:\/\/www.lourdes-france.org\/de\/weitergeben\/vermoegen-vererben\/#breadcrumb","itemListElement":[{"@type":"ListItem","position":1,"name":"Accueil","item":"https:\/\/www.lourdes-france.org\/"},{"@type":"ListItem","position":2,"name":"Legs, donations et assurance-vie","item":"https:\/\/www.lourdes-france.org\/de\/weitergeben\/"},{"@type":"ListItem","position":3,"name":"L\u00e9guer, donner, transmettre : un acte de foi en faveur du Sanctuaire de Lourdes"}]},{"@type":"WebSite","@id":"https:\/\/preprod-lourdes.cawita.com\/#website","url":"https:\/\/preprod-lourdes.cawita.com\/","name":"Soutenir le Sanctuaire Notre-Dame de Lourdes","description":"","potentialAction":[{"@type":"SearchAction","target":{"@type":"EntryPoint","urlTemplate":"https:\/\/preprod-lourdes.cawita.com\/?s={search_term_string}"},"query-input":{"@type":"PropertyValueSpecification","valueRequired":true,"valueName":"search_term_string"}}],"inLanguage":"de"}]}},"_links":{"self":[{"href":"https:\/\/www.lourdes-france.org\/de\/wp-json\/wp\/v2\/pages\/1034482","targetHints":{"allow":["GET"]}}],"collection":[{"href":"https:\/\/www.lourdes-france.org\/de\/wp-json\/wp\/v2\/pages"}],"about":[{"href":"https:\/\/www.lourdes-france.org\/de\/wp-json\/wp\/v2\/types\/page"}],"author":[{"embeddable":true,"href":"https:\/\/www.lourdes-france.org\/de\/wp-json\/wp\/v2\/users\/7"}],"replies":[{"embeddable":true,"href":"https:\/\/www.lourdes-france.org\/de\/wp-json\/wp\/v2\/comments?post=1034482"}],"version-history":[{"count":3,"href":"https:\/\/www.lourdes-france.org\/de\/wp-json\/wp\/v2\/pages\/1034482\/revisions"}],"predecessor-version":[{"id":1066104,"href":"https:\/\/www.lourdes-france.org\/de\/wp-json\/wp\/v2\/pages\/1034482\/revisions\/1066104"}],"up":[{"embeddable":true,"href":"https:\/\/www.lourdes-france.org\/de\/wp-json\/wp\/v2\/pages\/1034096"}],"wp:featuredmedia":[{"embeddable":true,"href":"https:\/\/www.lourdes-france.org\/de\/wp-json\/wp\/v2\/media\/1028787"}],"wp:attachment":[{"href":"https:\/\/www.lourdes-france.org\/de\/wp-json\/wp\/v2\/media?parent=1034482"}],"curies":[{"name":"wp","href":"https:\/\/api.w.org\/{rel}","templated":true}]}}