{"id":1034577,"date":"2025-09-03T15:49:39","date_gmt":"2025-09-03T13:49:39","guid":{"rendered":"https:\/\/www.lourdes-france.org\/?page_id=1034577"},"modified":"2025-09-03T15:49:39","modified_gmt":"2025-09-03T13:49:39","slug":"freunde-de-lourdes","status":"publish","type":"page","link":"https:\/\/www.lourdes-france.org\/de\/freunde-de-lourdes\/","title":{"rendered":"Devenir Amis de Lourdes"},"content":{"rendered":"\t\t<div data-elementor-type=\"wp-page\" data-elementor-id=\"1034577\" class=\"elementor elementor-1034577 elementor-1025212\" data-elementor-post-type=\"page\">\n\t\t\t\t\t\t<section class=\"elementor-section elementor-top-section elementor-element elementor-element-6893f6b elementor-section-full_width elementor-section-stretched elementor-section-height-default elementor-section-height-default\" data-id=\"6893f6b\" data-element_type=\"section\" data-settings=\"{&quot;stretch_section&quot;:&quot;section-stretched&quot;,&quot;background_background&quot;:&quot;classic&quot;}\">\n\t\t\t\t\t\t<div class=\"elementor-container elementor-column-gap-default\">\n\t\t\t\t\t<div class=\"elementor-column elementor-col-100 elementor-top-column elementor-element elementor-element-dcf85db\" data-id=\"dcf85db\" data-element_type=\"column\">\n\t\t\t<div class=\"elementor-widget-wrap elementor-element-populated\">\n\t\t\t\t\t\t<div class=\"elementor-element elementor-element-684da66 elementor-widget elementor-widget-spacer\" data-id=\"684da66\" data-element_type=\"widget\" data-widget_type=\"spacer.default\">\n\t\t\t\t<div class=\"elementor-widget-container\">\n\t\t\t\t\t\t\t<div class=\"elementor-spacer\">\n\t\t\t<div class=\"elementor-spacer-inner\"><\/div>\n\t\t<\/div>\n\t\t\t\t\t\t<\/div>\n\t\t\t\t<\/div>\n\t\t\t\t\t<\/div>\n\t\t<\/div>\n\t\t\t\t\t<\/div>\n\t\t<\/section>\n\t\t\t\t<section class=\"elementor-section elementor-top-section elementor-element elementor-element-7b2426a elementor-section-full_width elementor-section-height-default elementor-section-height-default\" data-id=\"7b2426a\" data-element_type=\"section\" data-settings=\"{&quot;background_background&quot;:&quot;classic&quot;}\">\n\t\t\t\t\t\t<div class=\"elementor-container elementor-column-gap-default\">\n\t\t\t\t\t<div class=\"elementor-column elementor-col-100 elementor-top-column elementor-element elementor-element-85961b6\" data-id=\"85961b6\" data-element_type=\"column\">\n\t\t\t<div class=\"elementor-widget-wrap elementor-element-populated\">\n\t\t\t\t\t\t<div class=\"elementor-element elementor-element-45c02e5 elementor-widget elementor-widget-spacer\" data-id=\"45c02e5\" data-element_type=\"widget\" data-widget_type=\"spacer.default\">\n\t\t\t\t<div class=\"elementor-widget-container\">\n\t\t\t\t\t\t\t<div class=\"elementor-spacer\">\n\t\t\t<div class=\"elementor-spacer-inner\"><\/div>\n\t\t<\/div>\n\t\t\t\t\t\t<\/div>\n\t\t\t\t<\/div>\n\t\t\t\t<div class=\"elementor-element elementor-element-9baf952 elementor-widget elementor-widget-heading\" data-id=\"9baf952\" data-element_type=\"widget\" data-widget_type=\"heading.default\">\n\t\t\t\t<div class=\"elementor-widget-container\">\n\t\t\t\t\t<h2 class=\"elementor-heading-title elementor-size-default\">Ich werde Freund von Lourdes\n<\/h2>\t\t\t\t<\/div>\n\t\t\t\t<\/div>\n\t\t\t\t<div class=\"elementor-element elementor-element-f1648b4 elementor-widget elementor-widget-heading\" data-id=\"f1648b4\" data-element_type=\"widget\" data-widget_type=\"heading.default\">\n\t\t\t\t<div class=\"elementor-widget-container\">\n\t\t\t\t\t<h2 class=\"elementor-heading-title elementor-size-default\">_________________<\/h2>\t\t\t\t<\/div>\n\t\t\t\t<\/div>\n\t\t\t\t<div class=\"elementor-element elementor-element-4abe8b3 elementor-widget elementor-widget-text-editor\" data-id=\"4abe8b3\" data-element_type=\"widget\" data-widget_type=\"text-editor.default\">\n\t\t\t\t<div class=\"elementor-widget-container\">\n\t\t\t\t\t\t\t\t\t<p>Die Freunde von Lourdes bilden eine Gemeinschaft von Wohlt\u00e4tern, die durch das Gebet und die Treue zur <a href=\"https:\/\/www.lourdes-france.com\/de\/die-botschaft-von-lourdes\/\">Botschaft der Jungfrau<\/a> Maria verbunden sind. Ihr geistliches und materielles Engagement unterst\u00fctzt konkret die Aufgaben der Wallfahrtsst\u00e4tte. Dank ihrer regelm\u00e4\u00dfigen Spenden k\u00f6nnen jedes Jahr Tausende von Pilgern, insbesondere die Schw\u00e4chsten, aufgenommen werden.<\/p><h2><b>Warum den Freunden von Lourdes beitreten?<\/b><\/h2><p>Den Freunden von Lourdes beizutreten ist viel mehr als eine einfache Spende. Es bedeutet, Teil einer lebendigen geistlichen Gemeinschaft zu werden, die durch den Glauben und das Gebet verbunden ist.<\/p><h4><b>Die Ziele der Wallfahrtsst\u00e4tte nachhaltig unterst\u00fctzen<\/b><\/h4><p>Jede Spende tr\u00e4gt dazu bei, einen einzigartigen Ort der Hoffnung und des Trostes f\u00fcr Millionen von Pilgern, insbesondere f\u00fcr Kranke, Schwache, Jugendliche und \u00c4rmste, zu erhalten. Als Freund von Lourdes unterst\u00fctzen Sie direkt die geistlichen, pastoralen und gastfreundlichen Aktivit\u00e4ten der Wallfahrtsst\u00e4tte.<\/p><h4><b>Teil eines Netzwerks des Glaubens und des Gebets sein<\/b><\/h4><p>Die Freunde von Lourdes leben in br\u00fcderlicher Gemeinschaft um die Jungfrau Maria, auch wenn sie physisch \u00fcber die ganze Welt verstreut sind. Jedes Mitglied wird t\u00e4glich in der <a href=\"https:\/\/www.lourdes-france.com\/de\/pilger-fur-einen-tag\/die-grotte\/\">Grotte<\/a> von Lourdes in die Gebete der <a href=\"https:\/\/www.lourdes-france.com\/de\/die-geistlichen-der-wallfahrtsstatte\/\">Kapl\u00e4ne<\/a> der Wallfahrtsst\u00e4tte aufgenommen, die dort treu alle Anliegen vorbringen.<\/p><h4><b>Eine sinnvolle Geste<\/b><\/h4><p>Als Freund von Lourdes k\u00f6nnen Sie Ihren Glauben in einer konkreten Handlung verankern und Ihre pers\u00f6nliche Verbundenheit in missionarisches Engagement umwandeln. Dieser Schritt entspricht dem Aufruf Mariens: \u201eHierher in Prozession zu kommen\u201c.<\/p><h4><b>Wo auch immer sie sich auf der Welt befinden&#8230;<\/b><\/h4><p>\u2022 Jeden Monat erhalten die <a href=\"https:\/\/mailchi.mp\/lourdes-france\/e8896m71yn\">Freunde von Lourdes<\/a> einen Brief aus der Wallfahrtsst\u00e4tte, der in sechs Sprachen \u00fcbersetzt wird, um im Gebet vereint zu bleiben und \u00fcber das Leben in Lourdes informiert zu sein.<br \/>\u2022\u00a0\u00a0<b>Jeden 11. des Monats wird in der Basilika Unserer Lieben Frau vom Rosenkranz<\/b>\u00a0eine Heilige Messe f\u00fcr alle Freunde von Lourdes und Wohlt\u00e4ter der Wallfahrtsst\u00e4tte gefeiert.<br \/>\u2022 Jeden Tag haben die Freunde von Lourdes die M\u00f6glichkeit, die Feierlichkeiten live aus der Grotte zu verfolgen, jederzeit eine Gebetsintention oder eine Kerze in den Lichtkapellen abzustellen, indem sie die App \u201ePrier avec Lourdes\u201d (Mit Lourdes beten) herunterladen.<\/p><p>Den Freunden von Lourdes beizutreten bedeutet, sich aktiv dem Ruf der Jungfrau Maria anzuschlie\u00dfen. Es ist die Entscheidung f\u00fcr ein\u00a0<b>geistliches, konkretes und br\u00fcderliches<\/b>\u00a0Engagement im Dienste eines weltweit einzigartigen Ortes.<\/p>\t\t\t\t\t\t\t\t<\/div>\n\t\t\t\t<\/div>\n\t\t\t\t<div class=\"elementor-element elementor-element-440e361 elementor-view-default elementor-widget elementor-widget-icon\" data-id=\"440e361\" data-element_type=\"widget\" data-widget_type=\"icon.default\">\n\t\t\t\t<div class=\"elementor-widget-container\">\n\t\t\t\t\t\t\t<div class=\"elementor-icon-wrapper\">\n\t\t\t<div class=\"elementor-icon\">\n\t\t\t<i aria-hidden=\"true\" class=\"fas fa-church\"><\/i>\t\t\t<\/div>\n\t\t<\/div>\n\t\t\t\t\t\t<\/div>\n\t\t\t\t<\/div>\n\t\t\t\t\t<\/div>\n\t\t<\/div>\n\t\t\t\t\t<\/div>\n\t\t<\/section>\n\t\t\t\t<\/div>\n\t\t","protected":false},"excerpt":{"rendered":"<p>Ich werde Freund von Lourdes _________________ Die Freunde von Lourdes bilden eine Gemeinschaft von Wohlt\u00e4tern, die durch das Gebet und die Treue zur Botschaft der Jungfrau Maria verbunden sind. Ihr geistliches und materielles Engagement unterst\u00fctzt konkret die Aufgaben der Wallfahrtsst\u00e4tte. &hellip; <a href=\"https:\/\/www.lourdes-france.org\/de\/freunde-de-lourdes\/\">Weiter<\/a><\/p>\n","protected":false},"author":7,"featured_media":1028794,"parent":0,"menu_order":0,"comment_status":"closed","ping_status":"closed","template":"","meta":{"_acf_changed":false,"footnotes":""},"class_list":["post-1034577","page","type-page","status-publish","has-post-thumbnail","hentry"],"acf":[],"yoast_head":"<!-- This site is optimized with the Yoast SEO plugin v24.7 - https:\/\/yoast.com\/wordpress\/plugins\/seo\/ -->\n<title>Freunde von Lourdes werden<\/title>\n<meta name=\"description\" content=\"Die Freunde von Lourdes bilden eine Gemeinschaft von Wohlt\u00e4tern, die durch das Gebet und die Treue zur Botschaft der Jungfrau Maria verbunden sind. Schlie\u00dfen Sie sich ihnen an!\" \/>\n<meta name=\"robots\" content=\"index, follow, max-snippet:-1, max-image-preview:large, max-video-preview:-1\" \/>\n<link rel=\"canonical\" href=\"https:\/\/www.lourdes-france.org\/de\/freunde-de-lourdes\/\" \/>\n<meta name=\"twitter:label1\" content=\"Gesch\u00e4tzte Lesezeit\" \/>\n\t<meta name=\"twitter:data1\" content=\"3\u00a0Minuten\" \/>\n<script type=\"application\/ld+json\" class=\"yoast-schema-graph\">{\"@context\":\"https:\/\/schema.org\",\"@graph\":[{\"@type\":\"WebPage\",\"@id\":\"https:\/\/www.lourdes-france.org\/de\/freunde-de-lourdes\/\",\"url\":\"https:\/\/www.lourdes-france.org\/de\/freunde-de-lourdes\/\",\"name\":\"Freunde von Lourdes werden\",\"isPartOf\":{\"@id\":\"https:\/\/preprod-lourdes.cawita.com\/#website\"},\"primaryImageOfPage\":{\"@id\":\"https:\/\/www.lourdes-france.org\/de\/freunde-de-lourdes\/#primaryimage\"},\"image\":{\"@id\":\"https:\/\/www.lourdes-france.org\/de\/freunde-de-lourdes\/#primaryimage\"},\"thumbnailUrl\":\"https:\/\/www.lourdes-france.org\/wp-content\/uploads\/2025\/07\/Amis-de-Lourdes-scaled.jpg\",\"datePublished\":\"2025-09-03T13:49:39+00:00\",\"description\":\"Die Freunde von Lourdes bilden eine Gemeinschaft von Wohlt\u00e4tern, die durch das Gebet und die Treue zur Botschaft der Jungfrau Maria verbunden sind. Schlie\u00dfen Sie sich ihnen an!\",\"breadcrumb\":{\"@id\":\"https:\/\/www.lourdes-france.org\/de\/freunde-de-lourdes\/#breadcrumb\"},\"inLanguage\":\"de\",\"potentialAction\":[{\"@type\":\"ReadAction\",\"target\":[\"https:\/\/www.lourdes-france.org\/de\/freunde-de-lourdes\/\"]}]},{\"@type\":\"ImageObject\",\"inLanguage\":\"de\",\"@id\":\"https:\/\/www.lourdes-france.org\/de\/freunde-de-lourdes\/#primaryimage\",\"url\":\"https:\/\/www.lourdes-france.org\/wp-content\/uploads\/2025\/07\/Amis-de-Lourdes-scaled.jpg\",\"contentUrl\":\"https:\/\/www.lourdes-france.org\/wp-content\/uploads\/2025\/07\/Amis-de-Lourdes-scaled.jpg\",\"width\":2560,\"height\":1707,\"caption\":\"Devenir Amis de Lourdes\"},{\"@type\":\"BreadcrumbList\",\"@id\":\"https:\/\/www.lourdes-france.org\/de\/freunde-de-lourdes\/#breadcrumb\",\"itemListElement\":[{\"@type\":\"ListItem\",\"position\":1,\"name\":\"Accueil\",\"item\":\"https:\/\/www.lourdes-france.org\/\"},{\"@type\":\"ListItem\",\"position\":2,\"name\":\"Devenir Amis de Lourdes\"}]},{\"@type\":\"WebSite\",\"@id\":\"https:\/\/preprod-lourdes.cawita.com\/#website\",\"url\":\"https:\/\/preprod-lourdes.cawita.com\/\",\"name\":\"Soutenir le Sanctuaire Notre-Dame de Lourdes\",\"description\":\"\",\"potentialAction\":[{\"@type\":\"SearchAction\",\"target\":{\"@type\":\"EntryPoint\",\"urlTemplate\":\"https:\/\/preprod-lourdes.cawita.com\/?s={search_term_string}\"},\"query-input\":{\"@type\":\"PropertyValueSpecification\",\"valueRequired\":true,\"valueName\":\"search_term_string\"}}],\"inLanguage\":\"de\"}]}<\/script>\n<!-- \/ Yoast SEO plugin. -->","yoast_head_json":{"title":"Freunde von Lourdes werden","description":"Die Freunde von Lourdes bilden eine Gemeinschaft von Wohlt\u00e4tern, die durch das Gebet und die Treue zur Botschaft der Jungfrau Maria verbunden sind. Schlie\u00dfen Sie sich ihnen an!","robots":{"index":"index","follow":"follow","max-snippet":"max-snippet:-1","max-image-preview":"max-image-preview:large","max-video-preview":"max-video-preview:-1"},"canonical":"https:\/\/www.lourdes-france.org\/de\/freunde-de-lourdes\/","twitter_misc":{"Gesch\u00e4tzte Lesezeit":"3\u00a0Minuten"},"schema":{"@context":"https:\/\/schema.org","@graph":[{"@type":"WebPage","@id":"https:\/\/www.lourdes-france.org\/de\/freunde-de-lourdes\/","url":"https:\/\/www.lourdes-france.org\/de\/freunde-de-lourdes\/","name":"Freunde von Lourdes werden","isPartOf":{"@id":"https:\/\/preprod-lourdes.cawita.com\/#website"},"primaryImageOfPage":{"@id":"https:\/\/www.lourdes-france.org\/de\/freunde-de-lourdes\/#primaryimage"},"image":{"@id":"https:\/\/www.lourdes-france.org\/de\/freunde-de-lourdes\/#primaryimage"},"thumbnailUrl":"https:\/\/www.lourdes-france.org\/wp-content\/uploads\/2025\/07\/Amis-de-Lourdes-scaled.jpg","datePublished":"2025-09-03T13:49:39+00:00","description":"Die Freunde von Lourdes bilden eine Gemeinschaft von Wohlt\u00e4tern, die durch das Gebet und die Treue zur Botschaft der Jungfrau Maria verbunden sind. Schlie\u00dfen Sie sich ihnen an!","breadcrumb":{"@id":"https:\/\/www.lourdes-france.org\/de\/freunde-de-lourdes\/#breadcrumb"},"inLanguage":"de","potentialAction":[{"@type":"ReadAction","target":["https:\/\/www.lourdes-france.org\/de\/freunde-de-lourdes\/"]}]},{"@type":"ImageObject","inLanguage":"de","@id":"https:\/\/www.lourdes-france.org\/de\/freunde-de-lourdes\/#primaryimage","url":"https:\/\/www.lourdes-france.org\/wp-content\/uploads\/2025\/07\/Amis-de-Lourdes-scaled.jpg","contentUrl":"https:\/\/www.lourdes-france.org\/wp-content\/uploads\/2025\/07\/Amis-de-Lourdes-scaled.jpg","width":2560,"height":1707,"caption":"Devenir Amis de Lourdes"},{"@type":"BreadcrumbList","@id":"https:\/\/www.lourdes-france.org\/de\/freunde-de-lourdes\/#breadcrumb","itemListElement":[{"@type":"ListItem","position":1,"name":"Accueil","item":"https:\/\/www.lourdes-france.org\/"},{"@type":"ListItem","position":2,"name":"Devenir Amis de Lourdes"}]},{"@type":"WebSite","@id":"https:\/\/preprod-lourdes.cawita.com\/#website","url":"https:\/\/preprod-lourdes.cawita.com\/","name":"Soutenir le Sanctuaire Notre-Dame de Lourdes","description":"","potentialAction":[{"@type":"SearchAction","target":{"@type":"EntryPoint","urlTemplate":"https:\/\/preprod-lourdes.cawita.com\/?s={search_term_string}"},"query-input":{"@type":"PropertyValueSpecification","valueRequired":true,"valueName":"search_term_string"}}],"inLanguage":"de"}]}},"_links":{"self":[{"href":"https:\/\/www.lourdes-france.org\/de\/wp-json\/wp\/v2\/pages\/1034577","targetHints":{"allow":["GET"]}}],"collection":[{"href":"https:\/\/www.lourdes-france.org\/de\/wp-json\/wp\/v2\/pages"}],"about":[{"href":"https:\/\/www.lourdes-france.org\/de\/wp-json\/wp\/v2\/types\/page"}],"author":[{"embeddable":true,"href":"https:\/\/www.lourdes-france.org\/de\/wp-json\/wp\/v2\/users\/7"}],"replies":[{"embeddable":true,"href":"https:\/\/www.lourdes-france.org\/de\/wp-json\/wp\/v2\/comments?post=1034577"}],"version-history":[{"count":3,"href":"https:\/\/www.lourdes-france.org\/de\/wp-json\/wp\/v2\/pages\/1034577\/revisions"}],"predecessor-version":[{"id":1064187,"href":"https:\/\/www.lourdes-france.org\/de\/wp-json\/wp\/v2\/pages\/1034577\/revisions\/1064187"}],"wp:featuredmedia":[{"embeddable":true,"href":"https:\/\/www.lourdes-france.org\/de\/wp-json\/wp\/v2\/media\/1028794"}],"wp:attachment":[{"href":"https:\/\/www.lourdes-france.org\/de\/wp-json\/wp\/v2\/media?parent=1034577"}],"curies":[{"name":"wp","href":"https:\/\/api.w.org\/{rel}","templated":true}]}}