{"id":1034600,"date":"2025-09-03T16:07:42","date_gmt":"2025-09-03T14:07:42","guid":{"rendered":"https:\/\/www.lourdes-france.org\/?page_id=1034600"},"modified":"2025-09-03T16:09:03","modified_gmt":"2025-09-03T14:09:03","slug":"der-spendenservice","status":"publish","type":"page","link":"https:\/\/www.lourdes-france.org\/de\/der-spendenservice\/","title":{"rendered":"Le service des donateurs : une \u00e9coute au service de la foi et du don"},"content":{"rendered":"\t\t<div data-elementor-type=\"wp-page\" data-elementor-id=\"1034600\" class=\"elementor elementor-1034600 elementor-1025216\" data-elementor-post-type=\"page\">\n\t\t\t\t\t\t<section class=\"elementor-section elementor-top-section elementor-element elementor-element-ecb4f6d elementor-section-full_width elementor-section-stretched elementor-section-height-default elementor-section-height-default\" data-id=\"ecb4f6d\" data-element_type=\"section\" data-settings=\"{&quot;stretch_section&quot;:&quot;section-stretched&quot;,&quot;background_background&quot;:&quot;classic&quot;}\">\n\t\t\t\t\t\t<div class=\"elementor-container elementor-column-gap-default\">\n\t\t\t\t\t<div class=\"elementor-column elementor-col-100 elementor-top-column elementor-element elementor-element-fe444c1\" data-id=\"fe444c1\" data-element_type=\"column\">\n\t\t\t<div class=\"elementor-widget-wrap elementor-element-populated\">\n\t\t\t\t\t\t<div class=\"elementor-element elementor-element-9bda83f elementor-widget elementor-widget-spacer\" data-id=\"9bda83f\" data-element_type=\"widget\" data-widget_type=\"spacer.default\">\n\t\t\t\t<div class=\"elementor-widget-container\">\n\t\t\t\t\t\t\t<div class=\"elementor-spacer\">\n\t\t\t<div class=\"elementor-spacer-inner\"><\/div>\n\t\t<\/div>\n\t\t\t\t\t\t<\/div>\n\t\t\t\t<\/div>\n\t\t\t\t\t<\/div>\n\t\t<\/div>\n\t\t\t\t\t<\/div>\n\t\t<\/section>\n\t\t\t\t<section class=\"elementor-section elementor-top-section elementor-element elementor-element-a6c20f1 elementor-section-full_width elementor-section-height-default elementor-section-height-default\" data-id=\"a6c20f1\" data-element_type=\"section\" data-settings=\"{&quot;background_background&quot;:&quot;classic&quot;}\">\n\t\t\t\t\t\t<div class=\"elementor-container elementor-column-gap-default\">\n\t\t\t\t\t<div class=\"elementor-column elementor-col-100 elementor-top-column elementor-element elementor-element-6334bcf\" data-id=\"6334bcf\" data-element_type=\"column\">\n\t\t\t<div class=\"elementor-widget-wrap elementor-element-populated\">\n\t\t\t\t\t\t<div class=\"elementor-element elementor-element-748ed7f elementor-widget elementor-widget-spacer\" data-id=\"748ed7f\" data-element_type=\"widget\" data-widget_type=\"spacer.default\">\n\t\t\t\t<div class=\"elementor-widget-container\">\n\t\t\t\t\t\t\t<div class=\"elementor-spacer\">\n\t\t\t<div class=\"elementor-spacer-inner\"><\/div>\n\t\t<\/div>\n\t\t\t\t\t\t<\/div>\n\t\t\t\t<\/div>\n\t\t\t\t<div class=\"elementor-element elementor-element-8cace83 elementor-widget elementor-widget-heading\" data-id=\"8cace83\" data-element_type=\"widget\" data-widget_type=\"heading.default\">\n\t\t\t\t<div class=\"elementor-widget-container\">\n\t\t\t\t\t<h2 class=\"elementor-heading-title elementor-size-default\">Der Spender-Service: ein Hinh\u00f6ren im Dienste des Glaubens und des Gebens<\/h2>\t\t\t\t<\/div>\n\t\t\t\t<\/div>\n\t\t\t\t<div class=\"elementor-element elementor-element-d368f11 elementor-widget elementor-widget-heading\" data-id=\"d368f11\" data-element_type=\"widget\" data-widget_type=\"heading.default\">\n\t\t\t\t<div class=\"elementor-widget-container\">\n\t\t\t\t\t<h2 class=\"elementor-heading-title elementor-size-default\">_________________<\/h2>\t\t\t\t<\/div>\n\t\t\t\t<\/div>\n\t\t\t\t<div class=\"elementor-element elementor-element-332e4da elementor-widget elementor-widget-image\" data-id=\"332e4da\" data-element_type=\"widget\" data-widget_type=\"image.default\">\n\t\t\t\t<div class=\"elementor-widget-container\">\n\t\t\t\t\t\t\t\t\t\t\t\t\t\t\t<img fetchpriority=\"high\" decoding=\"async\" width=\"1024\" height=\"683\" src=\"https:\/\/www.lourdes-france.org\/wp-content\/uploads\/2025\/07\/21_service-donateur-01-1024x683.jpg\" class=\"attachment-large size-large wp-image-1028866\" alt=\"Service des donateurs Corrine et Cathy\" srcset=\"https:\/\/www.lourdes-france.org\/wp-content\/uploads\/2025\/07\/21_service-donateur-01-1024x683.jpg 1024w, https:\/\/www.lourdes-france.org\/wp-content\/uploads\/2025\/07\/21_service-donateur-01-300x200.jpg 300w, https:\/\/www.lourdes-france.org\/wp-content\/uploads\/2025\/07\/21_service-donateur-01-768x512.jpg 768w, https:\/\/www.lourdes-france.org\/wp-content\/uploads\/2025\/07\/21_service-donateur-01-1536x1024.jpg 1536w, https:\/\/www.lourdes-france.org\/wp-content\/uploads\/2025\/07\/21_service-donateur-01-2048x1365.jpg 2048w\" sizes=\"(max-width: 1024px) 100vw, 1024px\" \/>\t\t\t\t\t\t\t\t\t\t\t\t\t\t\t<\/div>\n\t\t\t\t<\/div>\n\t\t\t\t<div class=\"elementor-element elementor-element-abf7d28 elementor-widget elementor-widget-text-editor\" data-id=\"abf7d28\" data-element_type=\"widget\" data-widget_type=\"text-editor.default\">\n\t\t\t\t<div class=\"elementor-widget-container\">\n\t\t\t\t\t\t\t\t\t<p>In der Wallfahrtsst\u00e4tte <a href=\"https:\/\/www.lourdes-france.com\/de\/\">Unserer Lieben Frau von Lourdes<\/a> ist jede Spende viel mehr als eine materielle Unterst\u00fctzung: Sie ist ein Akt des Vertrauens, ein sichtbar gemachtes Gebet, eine lebendige Verbindung zwischen einem gro\u00dfz\u00fcgigen Herzen und diesem gesegneten Ort, an dem die Jungfrau Maria weiterhin so viele Seelen ber\u00fchrt.<\/p><p>Der Spenden-Service ist da, um diejenigen, die sich daf\u00fcr entscheiden, die Aufgabe der Wallfahrtsst\u00e4tte zu unterst\u00fctzen,\u00a0<b>angemessen zu begleiten<\/b>. Diese Aufgabe hat zwei Seiten:\u00a0<b>die <a href=\"https:\/\/www.lourdes-france.org\/?page_id=1033085&amp;preview=true\">Schw\u00e4chsten<\/a> an einem Ort des Friedens willkommen zu hei\u00dfen und Tag f\u00fcr Tag die Gnade von Lourdes<\/b>\u00a0weiterleben zu lassen, wo das Leiden beachtet, getragen und geheiligt wird.<\/p><h2><b>Eine diskrete, treue und menschliche Pr\u00e4senz<\/b><\/h2><p>\u2022 Das ganze Jahr \u00fcber schreiben oder rufen uns Gl\u00e4ubige aus verschiedenen Gr\u00fcnden an:<br \/>\u2022 Sie m\u00f6chten den Betrag ihrer regelm\u00e4\u00dfigen Unterst\u00fctzung anpassen.<br \/>\u2022 Sie m\u00f6chten ihre Adresse \u00e4ndern.<br \/>\u2022 Sie sind besorgt, ob sie ihre Steuerbescheinigung erhalten haben.<br \/>\u2022 Sie vertrauen uns die Erinnerung an einen geliebten Menschen an.<br \/>\u2022 Sie m\u00f6chten wissen, wie sie ihre Spende f\u00fcr einen bestimmten Zweck verwenden k\u00f6nnen (Aufnahme von Kranken, Restaurierung der Wallfahrtsst\u00e4tte, Heilige Messe, Kerzenopfer usw.).<\/p><p><b>Hinter jedem Schritt steht eine Geschichte<\/b>. Eine Familie, die von einer Heilungsgnade gepr\u00e4gt ist. Ein ehemaliger Hospitalier, der zu alt geworden ist, um zu dienen, aber weiterhin durch seine Spende die Kranken \u201etr\u00e4gt\u201c. Eine einsame Person, die in Lourdes eine unsichtbare, aber lebendige Pr\u00e4senz findet.<\/p><h2><b>Die Nachverfolgung der Spenden, eine religi\u00f6se Verantwortung<\/b><\/h2><p>Jede Spende wird mit Respekt, Dankbarkeit und <a href=\"https:\/\/www.lourdes-france.org\/de\/?page_id=1033623&amp;preview=true\">Vertraulichkeit<\/a> entgegengenommen. Sie wird sorgf\u00e4ltig registriert, weitergeleitet und mit gro\u00dfer Sorgfalt gem\u00e4\u00df dem Willen des Spenders verwendet. Wir arbeiten mit vertrauensw\u00fcrdigen Partnern zusammen, um eine Verwaltung zu gew\u00e4hrleisten, die den Erwartungen derjenigen entspricht, die einen Teil ihres Verm\u00f6gens Lourdes anvertrauen.<\/p><h2><b>Geben ist eine andere Art zu beten<\/b><\/h2><p>Viele unserer <a href=\"https:\/\/www.lourdes-france.org\/de\/?page_id=1034577&amp;preview=true\">Wohlt\u00e4ter<\/a> schreiben uns, dass sie nicht mehr zur Wallfahrt kommen k\u00f6nnen, aber dass das Geben f\u00fcr sie immer noch ein Schritt in Richtung der <a href=\"https:\/\/www.lourdes-france.com\/de\/pilger-fur-einen-tag\/die-grotte\/\">Grotte<\/a> von Lourdes ist.<\/p><p>Andere m\u00f6chten ihr Engagement f\u00fcr ein Leben im Glauben, einen in Lourdes begonnenen geistlichen Weg fortsetzen, den sie aufgrund von Krankheit, Alter oder Entfernung nicht anders weiterf\u00fchren k\u00f6nnen. Jede Spende ist ein Licht, das in der <a href=\"https:\/\/www.lourdes-france.com\/de\/pilger-fur-einen-tag\/die-grotte\/\">Grotte<\/a> von Lourdes abgestellt wird, ein Zeichen der Verbundenheit.<\/p><p style=\"text-align: center;\"><em>\u201eWas mich immer wieder bewegt, ist zu sehen, wie weit die Treue der Spender zur\u00fcckreicht. Einige haben Lourdes als Kinder kennengelernt, andere haben einen leidenden Angeh\u00f6rigen dorthin begleitet. Viele sehen in dieser Geste einen Akt der Liebe zu Maria und zu den Kleinsten.\u201c<\/em><\/p><p style=\"text-align: center;\">\u2014 Zeugnis von Corinne, zust\u00e4ndig f\u00fcr Spenderbeziehungen in der Wallfahrtsst\u00e4tte<\/p><p><b>Bei Fragen, \u00c4nderungen oder besonderen W\u00fcnschen:<\/b><\/p><p><b>Spenderbeziehungen \u2013 Sanctuaire Notre Dame de Lourdes<br \/><\/b><a href=\"http:\/\/+33 5 62 42 82 82\" data-wplink-url-error=\"true\">+33 5 62 42 82 82<\/a><br \/><a href=\"mailto:donateur@lourdes-france.com\">donateur@lourdes-france.com<\/a><br \/>1 avenue Mgr Th\u00e9as \u2013 65108 Lourdes Cedex \u2013 Frankreich<\/p>\t\t\t\t\t\t\t\t<\/div>\n\t\t\t\t<\/div>\n\t\t\t\t<div class=\"elementor-element elementor-element-dbb5d56 elementor-view-default elementor-widget elementor-widget-icon\" data-id=\"dbb5d56\" data-element_type=\"widget\" data-widget_type=\"icon.default\">\n\t\t\t\t<div class=\"elementor-widget-container\">\n\t\t\t\t\t\t\t<div class=\"elementor-icon-wrapper\">\n\t\t\t<div class=\"elementor-icon\">\n\t\t\t<i aria-hidden=\"true\" class=\"fas fa-church\"><\/i>\t\t\t<\/div>\n\t\t<\/div>\n\t\t\t\t\t\t<\/div>\n\t\t\t\t<\/div>\n\t\t\t\t\t<\/div>\n\t\t<\/div>\n\t\t\t\t\t<\/div>\n\t\t<\/section>\n\t\t\t\t<\/div>\n\t\t","protected":false},"excerpt":{"rendered":"<p>Der Spender-Service: ein Hinh\u00f6ren im Dienste des Glaubens und des Gebens _________________ In der Wallfahrtsst\u00e4tte Unserer Lieben Frau von Lourdes ist jede Spende viel mehr als eine materielle Unterst\u00fctzung: Sie ist ein Akt des Vertrauens, ein sichtbar gemachtes Gebet, eine &hellip; <a href=\"https:\/\/www.lourdes-france.org\/de\/der-spendenservice\/\">Weiter<\/a><\/p>\n","protected":false},"author":7,"featured_media":0,"parent":0,"menu_order":0,"comment_status":"closed","ping_status":"closed","template":"","meta":{"_acf_changed":false,"footnotes":""},"class_list":["post-1034600","page","type-page","status-publish","hentry"],"acf":[],"yoast_head":"<!-- This site is optimized with the Yoast SEO plugin v24.7 - https:\/\/yoast.com\/wordpress\/plugins\/seo\/ -->\n<title>Der Spendenservice: ein offenes Ohr f\u00fcr den Glauben und das Spenden<\/title>\n<meta name=\"description\" content=\"Der Spendenservice begleitet diejenigen, die sich daf\u00fcr entscheiden, die Mission des Heiligtums mit einer Spende zu unterst\u00fctzen.\" \/>\n<meta name=\"robots\" content=\"index, follow, max-snippet:-1, max-image-preview:large, max-video-preview:-1\" \/>\n<link rel=\"canonical\" href=\"https:\/\/www.lourdes-france.org\/de\/der-spendenservice\/\" \/>\n<meta name=\"twitter:label1\" content=\"Gesch\u00e4tzte Lesezeit\" \/>\n\t<meta name=\"twitter:data1\" content=\"3\u00a0Minuten\" \/>\n<script type=\"application\/ld+json\" class=\"yoast-schema-graph\">{\"@context\":\"https:\/\/schema.org\",\"@graph\":[{\"@type\":\"WebPage\",\"@id\":\"https:\/\/www.lourdes-france.org\/de\/der-spendenservice\/\",\"url\":\"https:\/\/www.lourdes-france.org\/de\/der-spendenservice\/\",\"name\":\"Der Spendenservice: ein offenes Ohr f\u00fcr den Glauben und das Spenden\",\"isPartOf\":{\"@id\":\"https:\/\/preprod-lourdes.cawita.com\/#website\"},\"primaryImageOfPage\":{\"@id\":\"https:\/\/www.lourdes-france.org\/de\/der-spendenservice\/#primaryimage\"},\"image\":{\"@id\":\"https:\/\/www.lourdes-france.org\/de\/der-spendenservice\/#primaryimage\"},\"thumbnailUrl\":\"https:\/\/www.lourdes-france.org\/wp-content\/uploads\/2025\/07\/21_service-donateur-01-1024x683.jpg\",\"datePublished\":\"2025-09-03T14:07:42+00:00\",\"dateModified\":\"2025-09-03T14:09:03+00:00\",\"description\":\"Der Spendenservice begleitet diejenigen, die sich daf\u00fcr entscheiden, die Mission des Heiligtums mit einer Spende zu unterst\u00fctzen.\",\"breadcrumb\":{\"@id\":\"https:\/\/www.lourdes-france.org\/de\/der-spendenservice\/#breadcrumb\"},\"inLanguage\":\"de\",\"potentialAction\":[{\"@type\":\"ReadAction\",\"target\":[\"https:\/\/www.lourdes-france.org\/de\/der-spendenservice\/\"]}]},{\"@type\":\"ImageObject\",\"inLanguage\":\"de\",\"@id\":\"https:\/\/www.lourdes-france.org\/de\/der-spendenservice\/#primaryimage\",\"url\":\"https:\/\/www.lourdes-france.org\/wp-content\/uploads\/2025\/07\/21_service-donateur-01-1024x683.jpg\",\"contentUrl\":\"https:\/\/www.lourdes-france.org\/wp-content\/uploads\/2025\/07\/21_service-donateur-01-1024x683.jpg\"},{\"@type\":\"BreadcrumbList\",\"@id\":\"https:\/\/www.lourdes-france.org\/de\/der-spendenservice\/#breadcrumb\",\"itemListElement\":[{\"@type\":\"ListItem\",\"position\":1,\"name\":\"Accueil\",\"item\":\"https:\/\/www.lourdes-france.org\/\"},{\"@type\":\"ListItem\",\"position\":2,\"name\":\"Le service des donateurs : une \u00e9coute au service de la foi et du don\"}]},{\"@type\":\"WebSite\",\"@id\":\"https:\/\/preprod-lourdes.cawita.com\/#website\",\"url\":\"https:\/\/preprod-lourdes.cawita.com\/\",\"name\":\"Soutenir le Sanctuaire Notre-Dame de Lourdes\",\"description\":\"\",\"potentialAction\":[{\"@type\":\"SearchAction\",\"target\":{\"@type\":\"EntryPoint\",\"urlTemplate\":\"https:\/\/preprod-lourdes.cawita.com\/?s={search_term_string}\"},\"query-input\":{\"@type\":\"PropertyValueSpecification\",\"valueRequired\":true,\"valueName\":\"search_term_string\"}}],\"inLanguage\":\"de\"}]}<\/script>\n<!-- \/ Yoast SEO plugin. -->","yoast_head_json":{"title":"Der Spendenservice: ein offenes Ohr f\u00fcr den Glauben und das Spenden","description":"Der Spendenservice begleitet diejenigen, die sich daf\u00fcr entscheiden, die Mission des Heiligtums mit einer Spende zu unterst\u00fctzen.","robots":{"index":"index","follow":"follow","max-snippet":"max-snippet:-1","max-image-preview":"max-image-preview:large","max-video-preview":"max-video-preview:-1"},"canonical":"https:\/\/www.lourdes-france.org\/de\/der-spendenservice\/","twitter_misc":{"Gesch\u00e4tzte Lesezeit":"3\u00a0Minuten"},"schema":{"@context":"https:\/\/schema.org","@graph":[{"@type":"WebPage","@id":"https:\/\/www.lourdes-france.org\/de\/der-spendenservice\/","url":"https:\/\/www.lourdes-france.org\/de\/der-spendenservice\/","name":"Der Spendenservice: ein offenes Ohr f\u00fcr den Glauben und das Spenden","isPartOf":{"@id":"https:\/\/preprod-lourdes.cawita.com\/#website"},"primaryImageOfPage":{"@id":"https:\/\/www.lourdes-france.org\/de\/der-spendenservice\/#primaryimage"},"image":{"@id":"https:\/\/www.lourdes-france.org\/de\/der-spendenservice\/#primaryimage"},"thumbnailUrl":"https:\/\/www.lourdes-france.org\/wp-content\/uploads\/2025\/07\/21_service-donateur-01-1024x683.jpg","datePublished":"2025-09-03T14:07:42+00:00","dateModified":"2025-09-03T14:09:03+00:00","description":"Der Spendenservice begleitet diejenigen, die sich daf\u00fcr entscheiden, die Mission des Heiligtums mit einer Spende zu unterst\u00fctzen.","breadcrumb":{"@id":"https:\/\/www.lourdes-france.org\/de\/der-spendenservice\/#breadcrumb"},"inLanguage":"de","potentialAction":[{"@type":"ReadAction","target":["https:\/\/www.lourdes-france.org\/de\/der-spendenservice\/"]}]},{"@type":"ImageObject","inLanguage":"de","@id":"https:\/\/www.lourdes-france.org\/de\/der-spendenservice\/#primaryimage","url":"https:\/\/www.lourdes-france.org\/wp-content\/uploads\/2025\/07\/21_service-donateur-01-1024x683.jpg","contentUrl":"https:\/\/www.lourdes-france.org\/wp-content\/uploads\/2025\/07\/21_service-donateur-01-1024x683.jpg"},{"@type":"BreadcrumbList","@id":"https:\/\/www.lourdes-france.org\/de\/der-spendenservice\/#breadcrumb","itemListElement":[{"@type":"ListItem","position":1,"name":"Accueil","item":"https:\/\/www.lourdes-france.org\/"},{"@type":"ListItem","position":2,"name":"Le service des donateurs : une \u00e9coute au service de la foi et du don"}]},{"@type":"WebSite","@id":"https:\/\/preprod-lourdes.cawita.com\/#website","url":"https:\/\/preprod-lourdes.cawita.com\/","name":"Soutenir le Sanctuaire Notre-Dame de Lourdes","description":"","potentialAction":[{"@type":"SearchAction","target":{"@type":"EntryPoint","urlTemplate":"https:\/\/preprod-lourdes.cawita.com\/?s={search_term_string}"},"query-input":{"@type":"PropertyValueSpecification","valueRequired":true,"valueName":"search_term_string"}}],"inLanguage":"de"}]}},"_links":{"self":[{"href":"https:\/\/www.lourdes-france.org\/de\/wp-json\/wp\/v2\/pages\/1034600","targetHints":{"allow":["GET"]}}],"collection":[{"href":"https:\/\/www.lourdes-france.org\/de\/wp-json\/wp\/v2\/pages"}],"about":[{"href":"https:\/\/www.lourdes-france.org\/de\/wp-json\/wp\/v2\/types\/page"}],"author":[{"embeddable":true,"href":"https:\/\/www.lourdes-france.org\/de\/wp-json\/wp\/v2\/users\/7"}],"replies":[{"embeddable":true,"href":"https:\/\/www.lourdes-france.org\/de\/wp-json\/wp\/v2\/comments?post=1034600"}],"version-history":[{"count":3,"href":"https:\/\/www.lourdes-france.org\/de\/wp-json\/wp\/v2\/pages\/1034600\/revisions"}],"predecessor-version":[{"id":1064221,"href":"https:\/\/www.lourdes-france.org\/de\/wp-json\/wp\/v2\/pages\/1034600\/revisions\/1064221"}],"wp:attachment":[{"href":"https:\/\/www.lourdes-france.org\/de\/wp-json\/wp\/v2\/media?parent=1034600"}],"curies":[{"name":"wp","href":"https:\/\/api.w.org\/{rel}","templated":true}]}}