{"id":1037098,"date":"2025-08-07T12:49:39","date_gmt":"2025-08-07T10:49:39","guid":{"rendered":"https:\/\/www.lourdes-france.org\/?page_id=1037098"},"modified":"2026-02-04T15:06:03","modified_gmt":"2026-02-04T14:06:03","slug":"culture-patrimoine","status":"publish","type":"page","link":"https:\/\/www.lourdes-france.org\/de\/culture-patrimoine\/","title":{"rendered":"Culture et patrimoine"},"content":{"rendered":"\t\t<div data-elementor-type=\"wp-page\" data-elementor-id=\"1037098\" class=\"elementor elementor-1037098 elementor-1031461\" data-elementor-post-type=\"page\">\n\t\t\t\t\t\t<section class=\"elementor-section elementor-top-section elementor-element elementor-element-18be7ef elementor-section-full_width elementor-section-stretched elementor-section-height-default elementor-section-height-default\" data-id=\"18be7ef\" data-element_type=\"section\" data-settings=\"{&quot;stretch_section&quot;:&quot;section-stretched&quot;,&quot;background_background&quot;:&quot;classic&quot;}\">\n\t\t\t\t\t\t<div class=\"elementor-container elementor-column-gap-default\">\n\t\t\t\t\t<div class=\"elementor-column elementor-col-100 elementor-top-column elementor-element elementor-element-cea7a92\" data-id=\"cea7a92\" data-element_type=\"column\">\n\t\t\t<div class=\"elementor-widget-wrap elementor-element-populated\">\n\t\t\t\t\t\t<div class=\"elementor-element elementor-element-2eb3852 elementor-widget elementor-widget-spacer\" data-id=\"2eb3852\" data-element_type=\"widget\" data-widget_type=\"spacer.default\">\n\t\t\t\t<div class=\"elementor-widget-container\">\n\t\t\t\t\t\t\t<div class=\"elementor-spacer\">\n\t\t\t<div class=\"elementor-spacer-inner\"><\/div>\n\t\t<\/div>\n\t\t\t\t\t\t<\/div>\n\t\t\t\t<\/div>\n\t\t\t\t\t<\/div>\n\t\t<\/div>\n\t\t\t\t\t<\/div>\n\t\t<\/section>\n\t\t\t\t<section class=\"elementor-section elementor-top-section elementor-element elementor-element-2bc6fa8 elementor-section-full_width elementor-section-height-default elementor-section-height-default\" data-id=\"2bc6fa8\" data-element_type=\"section\" data-settings=\"{&quot;background_background&quot;:&quot;classic&quot;}\">\n\t\t\t\t\t\t<div class=\"elementor-container elementor-column-gap-default\">\n\t\t\t\t\t<div class=\"elementor-column elementor-col-100 elementor-top-column elementor-element elementor-element-d796885\" data-id=\"d796885\" data-element_type=\"column\">\n\t\t\t<div class=\"elementor-widget-wrap elementor-element-populated\">\n\t\t\t\t\t\t<div class=\"elementor-element elementor-element-6fddc8b elementor-widget elementor-widget-spacer\" data-id=\"6fddc8b\" data-element_type=\"widget\" data-widget_type=\"spacer.default\">\n\t\t\t\t<div class=\"elementor-widget-container\">\n\t\t\t\t\t\t\t<div class=\"elementor-spacer\">\n\t\t\t<div class=\"elementor-spacer-inner\"><\/div>\n\t\t<\/div>\n\t\t\t\t\t\t<\/div>\n\t\t\t\t<\/div>\n\t\t\t\t<div class=\"elementor-element elementor-element-64c993e elementor-widget elementor-widget-heading\" data-id=\"64c993e\" data-element_type=\"widget\" data-widget_type=\"heading.default\">\n\t\t\t\t<div class=\"elementor-widget-container\">\n\t\t\t\t\t<h1 class=\"elementor-heading-title elementor-size-default\">KULTUR UND KULTURERBE DER WALLFAHRTSST\u00c4TTE VON LOURDES<\/h1>\t\t\t\t<\/div>\n\t\t\t\t<\/div>\n\t\t\t\t<div class=\"elementor-element elementor-element-8e9e7e5 elementor-widget elementor-widget-heading\" data-id=\"8e9e7e5\" data-element_type=\"widget\" data-widget_type=\"heading.default\">\n\t\t\t\t<div class=\"elementor-widget-container\">\n\t\t\t\t\t<h2 class=\"elementor-heading-title elementor-size-default\">_________________<\/h2>\t\t\t\t<\/div>\n\t\t\t\t<\/div>\n\t\t\t\t<div class=\"elementor-element elementor-element-38dabbf elementor-widget elementor-widget-text-editor\" data-id=\"38dabbf\" data-element_type=\"widget\" data-widget_type=\"text-editor.default\">\n\t\t\t\t<div class=\"elementor-widget-container\">\n\t\t\t\t\t\t\t\t\t<p data-start=\"715\" data-end=\"850\">Seit 1858 ist Lourdes nicht nur ein Ort des Glaubens und des Gebets. Es ist auch ein Ort voller Geschichte, Kultur und Sch\u00f6nheit.<br \/>Die Wallfahrtsst\u00e4tte bewahrt ein au\u00dfergew\u00f6hnliches architektonisches, k\u00fcnstlerisches und dokumentarisches Erbe. Die Erhaltung dieser Sch\u00e4tze, ihre Erforschung und Weitergabe an k\u00fcnftige Generationen sind ein wesentlicher Bestandteil der Aufgabe der Wallfahrtsst\u00e4tte.<br \/>Dank seiner spezialisierten Teams sorgt Lourdes t\u00e4glich f\u00fcr die Instandhaltung seiner Geb\u00e4ude, den Schutz seiner Kunstwerke und die Bewahrung der Erinnerung an die Millionen von Pilgern, die diesen Ort besucht haben. Entdecken Sie den kulturellen und historischen Reichtum der Wallfahrtsst\u00e4tte im Dienste des Glaubens und der Geschichte.<\/p><h3 style=\"text-align: center;\" data-start=\"1389\" data-end=\"1427\">Erfahren Sie mehr \u00fcber unsere spezifischen Dienste:<\/h3>\t\t\t\t\t\t\t\t<\/div>\n\t\t\t\t<\/div>\n\t\t\t\t<section class=\"elementor-section elementor-inner-section elementor-element elementor-element-856c21b elementor-section-boxed elementor-section-height-default elementor-section-height-default\" data-id=\"856c21b\" data-element_type=\"section\">\n\t\t\t\t\t\t<div class=\"elementor-container elementor-column-gap-default\">\n\t\t\t\t\t<div class=\"elementor-column elementor-col-50 elementor-inner-column elementor-element elementor-element-c0bedb2\" data-id=\"c0bedb2\" data-element_type=\"column\">\n\t\t\t<div class=\"elementor-widget-wrap elementor-element-populated\">\n\t\t\t\t\t\t<div class=\"elementor-element elementor-element-770a2e3 elementor-widget elementor-widget-image\" data-id=\"770a2e3\" data-element_type=\"widget\" data-widget_type=\"image.default\">\n\t\t\t\t<div class=\"elementor-widget-container\">\n\t\t\t\t\t\t\t\t\t\t\t\t\t\t\t\t<a href=\"https:\/\/www.lourdes-france.org\/de\/service-de-conservation-du-patrimoine\/\">\n\t\t\t\t\t\t\t<img fetchpriority=\"high\" decoding=\"async\" width=\"819\" height=\"1024\" src=\"https:\/\/www.lourdes-france.org\/wp-content\/uploads\/2025\/09\/patrimoine_DE-819x1024.jpg\" class=\"elementor-animation-grow attachment-large size-large wp-image-1073197\" alt=\"\" srcset=\"https:\/\/www.lourdes-france.org\/wp-content\/uploads\/2025\/09\/patrimoine_DE-819x1024.jpg 819w, https:\/\/www.lourdes-france.org\/wp-content\/uploads\/2025\/09\/patrimoine_DE-240x300.jpg 240w, https:\/\/www.lourdes-france.org\/wp-content\/uploads\/2025\/09\/patrimoine_DE-768x960.jpg 768w, https:\/\/www.lourdes-france.org\/wp-content\/uploads\/2025\/09\/patrimoine_DE.jpg 1080w\" sizes=\"(max-width: 819px) 100vw, 819px\" \/>\t\t\t\t\t\t\t\t<\/a>\n\t\t\t\t\t\t\t\t\t\t\t\t\t\t\t<\/div>\n\t\t\t\t<\/div>\n\t\t\t\t\t<\/div>\n\t\t<\/div>\n\t\t\t\t<div class=\"elementor-column elementor-col-50 elementor-inner-column elementor-element elementor-element-ee45ffd\" data-id=\"ee45ffd\" data-element_type=\"column\">\n\t\t\t<div class=\"elementor-widget-wrap elementor-element-populated\">\n\t\t\t\t\t\t<div class=\"elementor-element elementor-element-f7496a7 elementor-widget elementor-widget-image\" data-id=\"f7496a7\" data-element_type=\"widget\" data-widget_type=\"image.default\">\n\t\t\t\t<div class=\"elementor-widget-container\">\n\t\t\t\t\t\t\t\t\t\t\t\t\t\t\t\t<a href=\"https:\/\/www.lourdes-france.org\/de\/le-service-des-archives-et-bibliotheques-du-sanctuaire\/\">\n\t\t\t\t\t\t\t<img decoding=\"async\" width=\"819\" height=\"1024\" src=\"https:\/\/www.lourdes-france.org\/wp-content\/uploads\/2025\/09\/archives_DE-819x1024.jpg\" class=\"elementor-animation-grow attachment-large size-large wp-image-1073205\" alt=\"\" srcset=\"https:\/\/www.lourdes-france.org\/wp-content\/uploads\/2025\/09\/archives_DE-819x1024.jpg 819w, https:\/\/www.lourdes-france.org\/wp-content\/uploads\/2025\/09\/archives_DE-240x300.jpg 240w, https:\/\/www.lourdes-france.org\/wp-content\/uploads\/2025\/09\/archives_DE-768x960.jpg 768w, https:\/\/www.lourdes-france.org\/wp-content\/uploads\/2025\/09\/archives_DE.jpg 1080w\" sizes=\"(max-width: 819px) 100vw, 819px\" \/>\t\t\t\t\t\t\t\t<\/a>\n\t\t\t\t\t\t\t\t\t\t\t\t\t\t\t<\/div>\n\t\t\t\t<\/div>\n\t\t\t\t\t<\/div>\n\t\t<\/div>\n\t\t\t\t\t<\/div>\n\t\t<\/section>\n\t\t\t\t<div class=\"elementor-element elementor-element-24721a3 elementor-view-default elementor-widget elementor-widget-icon\" data-id=\"24721a3\" data-element_type=\"widget\" data-widget_type=\"icon.default\">\n\t\t\t\t<div class=\"elementor-widget-container\">\n\t\t\t\t\t\t\t<div class=\"elementor-icon-wrapper\">\n\t\t\t<div class=\"elementor-icon\">\n\t\t\t<i aria-hidden=\"true\" class=\"fas fa-church\"><\/i>\t\t\t<\/div>\n\t\t<\/div>\n\t\t\t\t\t\t<\/div>\n\t\t\t\t<\/div>\n\t\t\t\t\t<\/div>\n\t\t<\/div>\n\t\t\t\t\t<\/div>\n\t\t<\/section>\n\t\t\t\t<\/div>\n\t\t","protected":false},"excerpt":{"rendered":"<p>KULTUR UND KULTURERBE DER WALLFAHRTSST\u00c4TTE VON LOURDES _________________ Seit 1858 ist Lourdes nicht nur ein Ort des Glaubens und des Gebets. Es ist auch ein Ort voller Geschichte, Kultur und Sch\u00f6nheit.Die Wallfahrtsst\u00e4tte bewahrt ein au\u00dfergew\u00f6hnliches architektonisches, k\u00fcnstlerisches und dokumentarisches Erbe. &hellip; <a href=\"https:\/\/www.lourdes-france.org\/de\/culture-patrimoine\/\">Weiter<\/a><\/p>\n","protected":false},"author":7,"featured_media":873481,"parent":0,"menu_order":0,"comment_status":"closed","ping_status":"closed","template":"","meta":{"_acf_changed":false,"footnotes":""},"class_list":["post-1037098","page","type-page","status-publish","has-post-thumbnail","hentry"],"acf":[],"yoast_head":"<!-- This site is optimized with the Yoast SEO plugin v24.7 - https:\/\/yoast.com\/wordpress\/plugins\/seo\/ -->\n<title>Culture et patrimoine<\/title>\n<meta name=\"description\" content=\"Le Sanctuaire de Lourdes n\u2019est pas seulement un lieu de foi et de pri\u00e8re. C\u2019est aussi un lieu charg\u00e9 de culture et de patrimoine.\" \/>\n<meta name=\"robots\" content=\"index, follow, max-snippet:-1, max-image-preview:large, max-video-preview:-1\" \/>\n<link rel=\"canonical\" href=\"https:\/\/www.lourdes-france.org\/es\/culture-patrimoine\/\" \/>\n<meta name=\"twitter:label1\" content=\"Gesch\u00e4tzte Lesezeit\" \/>\n\t<meta name=\"twitter:data1\" content=\"2\u00a0Minuten\" \/>\n<script type=\"application\/ld+json\" class=\"yoast-schema-graph\">{\"@context\":\"https:\/\/schema.org\",\"@graph\":[{\"@type\":\"WebPage\",\"@id\":\"https:\/\/www.lourdes-france.org\/es\/culture-patrimoine\/\",\"url\":\"https:\/\/www.lourdes-france.org\/es\/culture-patrimoine\/\",\"name\":\"Culture et patrimoine\",\"isPartOf\":{\"@id\":\"https:\/\/preprod-lourdes.cawita.com\/#website\"},\"primaryImageOfPage\":{\"@id\":\"https:\/\/www.lourdes-france.org\/es\/culture-patrimoine\/#primaryimage\"},\"image\":{\"@id\":\"https:\/\/www.lourdes-france.org\/es\/culture-patrimoine\/#primaryimage\"},\"thumbnailUrl\":\"https:\/\/www.lourdes-france.org\/wp-content\/uploads\/2022\/10\/Archives_et_patrimoine-scaled.jpg\",\"datePublished\":\"2025-08-07T10:49:39+00:00\",\"dateModified\":\"2026-02-04T14:06:03+00:00\",\"description\":\"Le Sanctuaire de Lourdes n\u2019est pas seulement un lieu de foi et de pri\u00e8re. C\u2019est aussi un lieu charg\u00e9 de culture et de patrimoine.\",\"breadcrumb\":{\"@id\":\"https:\/\/www.lourdes-france.org\/es\/culture-patrimoine\/#breadcrumb\"},\"inLanguage\":\"de\",\"potentialAction\":[{\"@type\":\"ReadAction\",\"target\":[\"https:\/\/www.lourdes-france.org\/es\/culture-patrimoine\/\"]}]},{\"@type\":\"ImageObject\",\"inLanguage\":\"de\",\"@id\":\"https:\/\/www.lourdes-france.org\/es\/culture-patrimoine\/#primaryimage\",\"url\":\"https:\/\/www.lourdes-france.org\/wp-content\/uploads\/2022\/10\/Archives_et_patrimoine-scaled.jpg\",\"contentUrl\":\"https:\/\/www.lourdes-france.org\/wp-content\/uploads\/2022\/10\/Archives_et_patrimoine-scaled.jpg\",\"width\":2560,\"height\":1707,\"caption\":\"Archives_et_patrimoine\"},{\"@type\":\"BreadcrumbList\",\"@id\":\"https:\/\/www.lourdes-france.org\/es\/culture-patrimoine\/#breadcrumb\",\"itemListElement\":[{\"@type\":\"ListItem\",\"position\":1,\"name\":\"Accueil\",\"item\":\"https:\/\/www.lourdes-france.org\/\"},{\"@type\":\"ListItem\",\"position\":2,\"name\":\"Culture et patrimoine\"}]},{\"@type\":\"WebSite\",\"@id\":\"https:\/\/preprod-lourdes.cawita.com\/#website\",\"url\":\"https:\/\/preprod-lourdes.cawita.com\/\",\"name\":\"Soutenir le Sanctuaire Notre-Dame de Lourdes\",\"description\":\"\",\"potentialAction\":[{\"@type\":\"SearchAction\",\"target\":{\"@type\":\"EntryPoint\",\"urlTemplate\":\"https:\/\/preprod-lourdes.cawita.com\/?s={search_term_string}\"},\"query-input\":{\"@type\":\"PropertyValueSpecification\",\"valueRequired\":true,\"valueName\":\"search_term_string\"}}],\"inLanguage\":\"de\"}]}<\/script>\n<!-- \/ Yoast SEO plugin. -->","yoast_head_json":{"title":"Culture et patrimoine","description":"Le Sanctuaire de Lourdes n\u2019est pas seulement un lieu de foi et de pri\u00e8re. C\u2019est aussi un lieu charg\u00e9 de culture et de patrimoine.","robots":{"index":"index","follow":"follow","max-snippet":"max-snippet:-1","max-image-preview":"max-image-preview:large","max-video-preview":"max-video-preview:-1"},"canonical":"https:\/\/www.lourdes-france.org\/es\/culture-patrimoine\/","twitter_misc":{"Gesch\u00e4tzte Lesezeit":"2\u00a0Minuten"},"schema":{"@context":"https:\/\/schema.org","@graph":[{"@type":"WebPage","@id":"https:\/\/www.lourdes-france.org\/es\/culture-patrimoine\/","url":"https:\/\/www.lourdes-france.org\/es\/culture-patrimoine\/","name":"Culture et patrimoine","isPartOf":{"@id":"https:\/\/preprod-lourdes.cawita.com\/#website"},"primaryImageOfPage":{"@id":"https:\/\/www.lourdes-france.org\/es\/culture-patrimoine\/#primaryimage"},"image":{"@id":"https:\/\/www.lourdes-france.org\/es\/culture-patrimoine\/#primaryimage"},"thumbnailUrl":"https:\/\/www.lourdes-france.org\/wp-content\/uploads\/2022\/10\/Archives_et_patrimoine-scaled.jpg","datePublished":"2025-08-07T10:49:39+00:00","dateModified":"2026-02-04T14:06:03+00:00","description":"Le Sanctuaire de Lourdes n\u2019est pas seulement un lieu de foi et de pri\u00e8re. C\u2019est aussi un lieu charg\u00e9 de culture et de patrimoine.","breadcrumb":{"@id":"https:\/\/www.lourdes-france.org\/es\/culture-patrimoine\/#breadcrumb"},"inLanguage":"de","potentialAction":[{"@type":"ReadAction","target":["https:\/\/www.lourdes-france.org\/es\/culture-patrimoine\/"]}]},{"@type":"ImageObject","inLanguage":"de","@id":"https:\/\/www.lourdes-france.org\/es\/culture-patrimoine\/#primaryimage","url":"https:\/\/www.lourdes-france.org\/wp-content\/uploads\/2022\/10\/Archives_et_patrimoine-scaled.jpg","contentUrl":"https:\/\/www.lourdes-france.org\/wp-content\/uploads\/2022\/10\/Archives_et_patrimoine-scaled.jpg","width":2560,"height":1707,"caption":"Archives_et_patrimoine"},{"@type":"BreadcrumbList","@id":"https:\/\/www.lourdes-france.org\/es\/culture-patrimoine\/#breadcrumb","itemListElement":[{"@type":"ListItem","position":1,"name":"Accueil","item":"https:\/\/www.lourdes-france.org\/"},{"@type":"ListItem","position":2,"name":"Culture et patrimoine"}]},{"@type":"WebSite","@id":"https:\/\/preprod-lourdes.cawita.com\/#website","url":"https:\/\/preprod-lourdes.cawita.com\/","name":"Soutenir le Sanctuaire Notre-Dame de Lourdes","description":"","potentialAction":[{"@type":"SearchAction","target":{"@type":"EntryPoint","urlTemplate":"https:\/\/preprod-lourdes.cawita.com\/?s={search_term_string}"},"query-input":{"@type":"PropertyValueSpecification","valueRequired":true,"valueName":"search_term_string"}}],"inLanguage":"de"}]}},"_links":{"self":[{"href":"https:\/\/www.lourdes-france.org\/de\/wp-json\/wp\/v2\/pages\/1037098","targetHints":{"allow":["GET"]}}],"collection":[{"href":"https:\/\/www.lourdes-france.org\/de\/wp-json\/wp\/v2\/pages"}],"about":[{"href":"https:\/\/www.lourdes-france.org\/de\/wp-json\/wp\/v2\/types\/page"}],"author":[{"embeddable":true,"href":"https:\/\/www.lourdes-france.org\/de\/wp-json\/wp\/v2\/users\/7"}],"replies":[{"embeddable":true,"href":"https:\/\/www.lourdes-france.org\/de\/wp-json\/wp\/v2\/comments?post=1037098"}],"version-history":[{"count":3,"href":"https:\/\/www.lourdes-france.org\/de\/wp-json\/wp\/v2\/pages\/1037098\/revisions"}],"predecessor-version":[{"id":1096988,"href":"https:\/\/www.lourdes-france.org\/de\/wp-json\/wp\/v2\/pages\/1037098\/revisions\/1096988"}],"wp:featuredmedia":[{"embeddable":true,"href":"https:\/\/www.lourdes-france.org\/de\/wp-json\/wp\/v2\/media\/873481"}],"wp:attachment":[{"href":"https:\/\/www.lourdes-france.org\/de\/wp-json\/wp\/v2\/media?parent=1037098"}],"curies":[{"name":"wp","href":"https:\/\/api.w.org\/{rel}","templated":true}]}}