{"id":1044544,"date":"2025-08-04T12:05:03","date_gmt":"2025-08-04T10:05:03","guid":{"rendered":"https:\/\/www.lourdes-france.org\/?page_id=1044544"},"modified":"2025-08-21T12:15:15","modified_gmt":"2025-08-21T10:15:15","slug":"accueillir-les-pelerins","status":"publish","type":"page","link":"https:\/\/www.lourdes-france.org\/de\/les-pelerinages\/accueillir-les-pelerins\/","title":{"rendered":"Notre mission : Accueillir les p\u00e8lerins"},"content":{"rendered":"\t\t<div data-elementor-type=\"wp-page\" data-elementor-id=\"1044544\" class=\"elementor elementor-1044544 elementor-1033083\" data-elementor-post-type=\"page\">\n\t\t\t\t\t\t<section class=\"elementor-section elementor-top-section elementor-element elementor-element-59ebcbe2 elementor-section-full_width elementor-section-stretched elementor-section-height-default elementor-section-height-default\" data-id=\"59ebcbe2\" data-element_type=\"section\" data-settings=\"{&quot;stretch_section&quot;:&quot;section-stretched&quot;,&quot;background_background&quot;:&quot;classic&quot;}\">\n\t\t\t\t\t\t<div class=\"elementor-container elementor-column-gap-default\">\n\t\t\t\t\t<div class=\"elementor-column elementor-col-100 elementor-top-column elementor-element elementor-element-3aba37e7\" data-id=\"3aba37e7\" data-element_type=\"column\">\n\t\t\t<div class=\"elementor-widget-wrap elementor-element-populated\">\n\t\t\t\t\t\t<div class=\"elementor-element elementor-element-74ff8152 elementor-widget elementor-widget-spacer\" data-id=\"74ff8152\" data-element_type=\"widget\" data-widget_type=\"spacer.default\">\n\t\t\t\t<div class=\"elementor-widget-container\">\n\t\t\t\t\t\t\t<div class=\"elementor-spacer\">\n\t\t\t<div class=\"elementor-spacer-inner\"><\/div>\n\t\t<\/div>\n\t\t\t\t\t\t<\/div>\n\t\t\t\t<\/div>\n\t\t\t\t\t<\/div>\n\t\t<\/div>\n\t\t\t\t\t<\/div>\n\t\t<\/section>\n\t\t\t\t<section class=\"elementor-section elementor-top-section elementor-element elementor-element-3de66f46 elementor-section-full_width elementor-section-height-default elementor-section-height-default\" data-id=\"3de66f46\" data-element_type=\"section\" data-settings=\"{&quot;background_background&quot;:&quot;classic&quot;}\">\n\t\t\t\t\t\t<div class=\"elementor-container elementor-column-gap-default\">\n\t\t\t\t\t<div class=\"elementor-column elementor-col-100 elementor-top-column elementor-element elementor-element-759c00f2\" data-id=\"759c00f2\" data-element_type=\"column\">\n\t\t\t<div class=\"elementor-widget-wrap elementor-element-populated\">\n\t\t\t\t\t\t<div class=\"elementor-element elementor-element-5d4e919a elementor-widget elementor-widget-spacer\" data-id=\"5d4e919a\" data-element_type=\"widget\" data-widget_type=\"spacer.default\">\n\t\t\t\t<div class=\"elementor-widget-container\">\n\t\t\t\t\t\t\t<div class=\"elementor-spacer\">\n\t\t\t<div class=\"elementor-spacer-inner\"><\/div>\n\t\t<\/div>\n\t\t\t\t\t\t<\/div>\n\t\t\t\t<\/div>\n\t\t\t\t<div class=\"elementor-element elementor-element-65ee58a3 elementor-widget elementor-widget-heading\" data-id=\"65ee58a3\" data-element_type=\"widget\" data-widget_type=\"heading.default\">\n\t\t\t\t<div class=\"elementor-widget-container\">\n\t\t\t\t\t<h2 class=\"elementor-heading-title elementor-size-default\">Unser Auftrag: <br>Pilger zu empfangen\n<\/h2>\t\t\t\t<\/div>\n\t\t\t\t<\/div>\n\t\t\t\t<div class=\"elementor-element elementor-element-5d1e6656 elementor-widget elementor-widget-heading\" data-id=\"5d1e6656\" data-element_type=\"widget\" data-widget_type=\"heading.default\">\n\t\t\t\t<div class=\"elementor-widget-container\">\n\t\t\t\t\t<h2 class=\"elementor-heading-title elementor-size-default\">_________________<\/h2>\t\t\t\t<\/div>\n\t\t\t\t<\/div>\n\t\t\t\t<div class=\"elementor-element elementor-element-1908c8cd elementor-widget elementor-widget-text-editor\" data-id=\"1908c8cd\" data-element_type=\"widget\" data-widget_type=\"text-editor.default\">\n\t\t\t\t<div class=\"elementor-widget-container\">\n\t\t\t\t\t\t\t\t\t<p class=\"s3\" style=\"text-align: center;\"><strong><span class=\"s5\">Seit den\u00a0<\/span><span class=\"s6\">Erscheinungen<\/span><span class=\"s5\">\u00a0der Jungfrau Maria vor\u00a0<\/span><span class=\"s6\">Bernadette Soubirous<\/span><span class=\"s5\">\u00a0im Jahr 1858 ist es die wichtigste Aufgabe der\u00a0<\/span><span class=\"s6\">Wallfahrtsst\u00e4tte Lourdes<\/span><span class=\"s5\">, Pilgerinnen und Pilger in Lourdes zu empfangen.<\/span><\/strong><\/p><p class=\"s3\">\u00a0<\/p><p class=\"s3\"><span class=\"s7\" style=\"color: #007a9e;\">Immer gr\u00f6\u00dfer werdende Pilgerscharen<\/span><\/p><p class=\"s3\"><span class=\"s5\">Schon seit den Erscheinungen der Jungfrau Maria vor der jungen<a href=\"https:\/\/www.lourdes-france.com\/bernadette-soubirous\/\"> Bernadette Soubirous<\/a> aus Bigorre str\u00f6mten Gl\u00e4ubige und Pilger zur <a href=\"https:\/\/www.lourdes-france.com\/pelerin-dun-jour\/la-grotte\/\">Grotte<\/a> von Lourdes.<\/span><\/p><p class=\"s3\"><span class=\"s5\">Ab 1862 und der\u00a0<\/span><a href=\"https:\/\/www.lourdes-france.com\/miracles-et-guerisons\/\"><span class=\"s6\">offiziellen Anerkennung der Erscheinungen<\/span><\/a><span class=\"s5\">\u00a0durch den Mandatsbrief (mandement) von Mgr. Laurence, Bischof von Tarbes, musste der Bitte der Jungfrau Maria nachgekommen werden, \u201ehierher in Prozession zu kommen und dort eine Kapelle zu errichten\u201d.<\/span><\/p><p class=\"s3\"><span class=\"s5\">Schnell wurde eine Krypta errichtet, dann erhielt die erste Kapelle den Namen \u201eUnbefleckte Empf\u00e4ngnis\u201d.<\/span><\/p><p class=\"s3\"><span class=\"s5\">Es folgten zwei weitere <a href=\"https:\/\/www.lourdes-france.org\/?page_id=1023858&amp;preview=true\">Basiliken<\/a>, eine Kirche, die der heiligen Bernadette gewidmet ist, und zahlreiche Kapellen, immer mit dem Wunsch und der Absicht der Wallfahrtsst\u00e4tte, die <a href=\"https:\/\/www.lourdes-france.org\/?page_id=1033089&amp;preview=true\">Pilger<\/a>, die jedes Jahr zu Tausenden nach Lourdes kommen, bestm\u00f6glich zu empfangen.<\/span><\/p>\t\t\t\t\t\t\t\t<\/div>\n\t\t\t\t<\/div>\n\t\t\t\t<div class=\"elementor-element elementor-element-99fe805 elementor-widget elementor-widget-image\" data-id=\"99fe805\" data-element_type=\"widget\" data-widget_type=\"image.default\">\n\t\t\t\t<div class=\"elementor-widget-container\">\n\t\t\t\t\t\t\t\t\t\t\t\t\t\t\t<img fetchpriority=\"high\" decoding=\"async\" width=\"768\" height=\"512\" src=\"https:\/\/www.lourdes-france.org\/wp-content\/uploads\/2025\/08\/image_mise_en_avant-pele_national-1-768x512.jpg\" class=\"attachment-medium_large size-medium_large wp-image-1050774\" alt=\"Messe du p\u00e8lerinage national \u00e0 Lourdes\" srcset=\"https:\/\/www.lourdes-france.org\/wp-content\/uploads\/2025\/08\/image_mise_en_avant-pele_national-1-768x512.jpg 768w, https:\/\/www.lourdes-france.org\/wp-content\/uploads\/2025\/08\/image_mise_en_avant-pele_national-1-300x200.jpg 300w, https:\/\/www.lourdes-france.org\/wp-content\/uploads\/2025\/08\/image_mise_en_avant-pele_national-1-1024x683.jpg 1024w, https:\/\/www.lourdes-france.org\/wp-content\/uploads\/2025\/08\/image_mise_en_avant-pele_national-1-1536x1024.jpg 1536w, https:\/\/www.lourdes-france.org\/wp-content\/uploads\/2025\/08\/image_mise_en_avant-pele_national-1-2048x1365.jpg 2048w\" sizes=\"(max-width: 768px) 100vw, 768px\" \/>\t\t\t\t\t\t\t\t\t\t\t\t\t\t\t<\/div>\n\t\t\t\t<\/div>\n\t\t\t\t<div class=\"elementor-element elementor-element-7c14206 elementor-widget elementor-widget-text-editor\" data-id=\"7c14206\" data-element_type=\"widget\" data-widget_type=\"text-editor.default\">\n\t\t\t\t<div class=\"elementor-widget-container\">\n\t\t\t\t\t\t\t\t\t<p class=\"s3\"><span style=\"color: #007a9e;\"><strong><span class=\"s2\">Die Botschaft von Lourdes weitergeben<\/span><\/strong><\/span><\/p><p class=\"s3\"><span class=\"s5\">Die Wallfahrtsst\u00e4tte ist bem\u00fcht, jeden Pilger, der ihre Pforten \u00fcberschreitet, willkommen zu hei\u00dfen. <\/span><span class=\"s5\">Ob praktizierender Katholik oder Besucher auf der Durchreise, jeder Pilger, der die Wallfahrtsst\u00e4tte betritt, wird von der\u00a0<\/span><span class=\"s6\">Gemeinschaft zur Aufnahme<\/span><span class=\"s5\">\u00a0von Pilgern mit dem gleichen Respekt empfangen.<\/span><\/p><p class=\"s3\"><span class=\"s5\">Die Wallfahrtsst\u00e4tte von Lourdes ist eine Kirche unter freiem Himmel, die ihren Pilgern die M\u00f6glichkeit bietet, ihren Glauben, ihre Spiritualit\u00e4t oder ihre Entdeckung der\u00a0<\/span><span class=\"s6\">Botschaft von Lourdes<\/span><span class=\"s5\">\u00a0in aller Ruhe und Stille zu entfalten.<\/span><\/p><p class=\"s3\"><span class=\"s5\">Die Teilnahme an Prozessionen, Heiligen Messen und Rosenkranzgebeten ist kostenlos. Es werden zahlreiche\u00a0<\/span><span class=\"s6\">Aktivit\u00e4ten angeboten<\/span><span class=\"s5\">, um die Geschichte der Erscheinungen und das Leben von Bernadette Soubirous zu entdecken oder zu vertiefen. Au\u00dferdem besteht die M\u00f6glichkeit,\u00a0<\/span><span class=\"s6\">eine Kerze<\/span><span class=\"s5\">\u00a0in den Lichtkapellen <\/span><span class=\"s6\">aufzustellen<\/span><span class=\"s5\">,\u00a0<\/span><span class=\"s6\">Wasser<\/span><span class=\"s5\">\u00a0aus den Brunnen zu trinken und sich zu waschen sowie\u00a0<\/span><span class=\"s6\">den Felsen<\/span><span class=\"s5\"> der Grotte von Lourdes zu ber\u00fchren.<\/span><\/p>\t\t\t\t\t\t\t\t<\/div>\n\t\t\t\t<\/div>\n\t\t\t\t<div class=\"elementor-element elementor-element-60688e1 elementor-widget elementor-widget-image\" data-id=\"60688e1\" data-element_type=\"widget\" data-widget_type=\"image.default\">\n\t\t\t\t<div class=\"elementor-widget-container\">\n\t\t\t\t\t\t\t\t\t\t\t\t\t\t\t<img decoding=\"async\" width=\"768\" height=\"512\" src=\"https:\/\/www.lourdes-france.org\/wp-content\/uploads\/2025\/08\/2eme_paragraphe-1-768x512.jpg\" class=\"attachment-medium_large size-medium_large wp-image-1050790\" alt=\"P\u00e8lerins\" srcset=\"https:\/\/www.lourdes-france.org\/wp-content\/uploads\/2025\/08\/2eme_paragraphe-1-768x512.jpg 768w, https:\/\/www.lourdes-france.org\/wp-content\/uploads\/2025\/08\/2eme_paragraphe-1-300x200.jpg 300w, https:\/\/www.lourdes-france.org\/wp-content\/uploads\/2025\/08\/2eme_paragraphe-1-1024x683.jpg 1024w, https:\/\/www.lourdes-france.org\/wp-content\/uploads\/2025\/08\/2eme_paragraphe-1-1536x1024.jpg 1536w, https:\/\/www.lourdes-france.org\/wp-content\/uploads\/2025\/08\/2eme_paragraphe-1-2048x1365.jpg 2048w\" sizes=\"(max-width: 768px) 100vw, 768px\" \/>\t\t\t\t\t\t\t\t\t\t\t\t\t\t\t<\/div>\n\t\t\t\t<\/div>\n\t\t\t\t<div class=\"elementor-element elementor-element-3a7324a6 elementor-view-default elementor-widget elementor-widget-icon\" data-id=\"3a7324a6\" data-element_type=\"widget\" data-widget_type=\"icon.default\">\n\t\t\t\t<div class=\"elementor-widget-container\">\n\t\t\t\t\t\t\t<div class=\"elementor-icon-wrapper\">\n\t\t\t<div class=\"elementor-icon\">\n\t\t\t<i aria-hidden=\"true\" class=\"fas fa-church\"><\/i>\t\t\t<\/div>\n\t\t<\/div>\n\t\t\t\t\t\t<\/div>\n\t\t\t\t<\/div>\n\t\t\t\t\t<\/div>\n\t\t<\/div>\n\t\t\t\t\t<\/div>\n\t\t<\/section>\n\t\t\t\t<\/div>\n\t\t","protected":false},"excerpt":{"rendered":"<p>Unser Auftrag: Pilger zu empfangen _________________ Seit den\u00a0Erscheinungen\u00a0der Jungfrau Maria vor\u00a0Bernadette Soubirous\u00a0im Jahr 1858 ist es die wichtigste Aufgabe der\u00a0Wallfahrtsst\u00e4tte Lourdes, Pilgerinnen und Pilger in Lourdes zu empfangen. \u00a0 Immer gr\u00f6\u00dfer werdende Pilgerscharen Schon seit den Erscheinungen der Jungfrau Maria &hellip; <a href=\"https:\/\/www.lourdes-france.org\/de\/les-pelerinages\/accueillir-les-pelerins\/\">Weiter<\/a><\/p>\n","protected":false},"author":7,"featured_media":1050774,"parent":889607,"menu_order":0,"comment_status":"closed","ping_status":"closed","template":"","meta":{"_acf_changed":false,"footnotes":""},"class_list":["post-1044544","page","type-page","status-publish","has-post-thumbnail","hentry"],"acf":[],"yoast_head":"<!-- This site is optimized with the Yoast SEO plugin v24.7 - https:\/\/yoast.com\/wordpress\/plugins\/seo\/ -->\n<title>Notre mission : Accueillir les p\u00e8lerins<\/title>\n<meta name=\"description\" content=\"La mission premi\u00e8re du Sanctuaire de Lourdes ? Accueillir les p\u00e8lerins \u00e0 Lourdes, dans toutes leurs pluralit\u00e9s et diversit\u00e9s.\" \/>\n<meta name=\"robots\" content=\"index, follow, max-snippet:-1, max-image-preview:large, max-video-preview:-1\" \/>\n<link rel=\"canonical\" href=\"https:\/\/www.lourdes-france.org\/de\/les-pelerinages\/accueillir-les-pelerins\/\" \/>\n<meta name=\"twitter:label1\" content=\"Gesch\u00e4tzte Lesezeit\" \/>\n\t<meta name=\"twitter:data1\" content=\"2\u00a0Minuten\" \/>\n<script type=\"application\/ld+json\" class=\"yoast-schema-graph\">{\"@context\":\"https:\/\/schema.org\",\"@graph\":[{\"@type\":\"WebPage\",\"@id\":\"https:\/\/www.lourdes-france.org\/de\/les-pelerinages\/accueillir-les-pelerins\/\",\"url\":\"https:\/\/www.lourdes-france.org\/de\/les-pelerinages\/accueillir-les-pelerins\/\",\"name\":\"Notre mission : Accueillir les p\u00e8lerins\",\"isPartOf\":{\"@id\":\"https:\/\/preprod-lourdes.cawita.com\/#website\"},\"primaryImageOfPage\":{\"@id\":\"https:\/\/www.lourdes-france.org\/de\/les-pelerinages\/accueillir-les-pelerins\/#primaryimage\"},\"image\":{\"@id\":\"https:\/\/www.lourdes-france.org\/de\/les-pelerinages\/accueillir-les-pelerins\/#primaryimage\"},\"thumbnailUrl\":\"https:\/\/www.lourdes-france.org\/wp-content\/uploads\/2025\/08\/image_mise_en_avant-pele_national-1-scaled.jpg\",\"datePublished\":\"2025-08-04T10:05:03+00:00\",\"dateModified\":\"2025-08-21T10:15:15+00:00\",\"description\":\"La mission premi\u00e8re du Sanctuaire de Lourdes ? Accueillir les p\u00e8lerins \u00e0 Lourdes, dans toutes leurs pluralit\u00e9s et diversit\u00e9s.\",\"breadcrumb\":{\"@id\":\"https:\/\/www.lourdes-france.org\/de\/les-pelerinages\/accueillir-les-pelerins\/#breadcrumb\"},\"inLanguage\":\"de\",\"potentialAction\":[{\"@type\":\"ReadAction\",\"target\":[\"https:\/\/www.lourdes-france.org\/de\/les-pelerinages\/accueillir-les-pelerins\/\"]}]},{\"@type\":\"ImageObject\",\"inLanguage\":\"de\",\"@id\":\"https:\/\/www.lourdes-france.org\/de\/les-pelerinages\/accueillir-les-pelerins\/#primaryimage\",\"url\":\"https:\/\/www.lourdes-france.org\/wp-content\/uploads\/2025\/08\/image_mise_en_avant-pele_national-1-scaled.jpg\",\"contentUrl\":\"https:\/\/www.lourdes-france.org\/wp-content\/uploads\/2025\/08\/image_mise_en_avant-pele_national-1-scaled.jpg\",\"width\":2560,\"height\":1707,\"caption\":\"Notre mission : accueillir les p\u00e8lerins\"},{\"@type\":\"BreadcrumbList\",\"@id\":\"https:\/\/www.lourdes-france.org\/de\/les-pelerinages\/accueillir-les-pelerins\/#breadcrumb\",\"itemListElement\":[{\"@type\":\"ListItem\",\"position\":1,\"name\":\"Accueil\",\"item\":\"https:\/\/www.lourdes-france.org\/\"},{\"@type\":\"ListItem\",\"position\":2,\"name\":\"Les p\u00e8lerinages\",\"item\":\"https:\/\/www.lourdes-france.org\/de\/les-pelerinages\/\"},{\"@type\":\"ListItem\",\"position\":3,\"name\":\"Notre mission : Accueillir les p\u00e8lerins\"}]},{\"@type\":\"WebSite\",\"@id\":\"https:\/\/preprod-lourdes.cawita.com\/#website\",\"url\":\"https:\/\/preprod-lourdes.cawita.com\/\",\"name\":\"Soutenir le Sanctuaire Notre-Dame de Lourdes\",\"description\":\"\",\"potentialAction\":[{\"@type\":\"SearchAction\",\"target\":{\"@type\":\"EntryPoint\",\"urlTemplate\":\"https:\/\/preprod-lourdes.cawita.com\/?s={search_term_string}\"},\"query-input\":{\"@type\":\"PropertyValueSpecification\",\"valueRequired\":true,\"valueName\":\"search_term_string\"}}],\"inLanguage\":\"de\"}]}<\/script>\n<!-- \/ Yoast SEO plugin. -->","yoast_head_json":{"title":"Notre mission : Accueillir les p\u00e8lerins","description":"La mission premi\u00e8re du Sanctuaire de Lourdes ? Accueillir les p\u00e8lerins \u00e0 Lourdes, dans toutes leurs pluralit\u00e9s et diversit\u00e9s.","robots":{"index":"index","follow":"follow","max-snippet":"max-snippet:-1","max-image-preview":"max-image-preview:large","max-video-preview":"max-video-preview:-1"},"canonical":"https:\/\/www.lourdes-france.org\/de\/les-pelerinages\/accueillir-les-pelerins\/","twitter_misc":{"Gesch\u00e4tzte Lesezeit":"2\u00a0Minuten"},"schema":{"@context":"https:\/\/schema.org","@graph":[{"@type":"WebPage","@id":"https:\/\/www.lourdes-france.org\/de\/les-pelerinages\/accueillir-les-pelerins\/","url":"https:\/\/www.lourdes-france.org\/de\/les-pelerinages\/accueillir-les-pelerins\/","name":"Notre mission : Accueillir les p\u00e8lerins","isPartOf":{"@id":"https:\/\/preprod-lourdes.cawita.com\/#website"},"primaryImageOfPage":{"@id":"https:\/\/www.lourdes-france.org\/de\/les-pelerinages\/accueillir-les-pelerins\/#primaryimage"},"image":{"@id":"https:\/\/www.lourdes-france.org\/de\/les-pelerinages\/accueillir-les-pelerins\/#primaryimage"},"thumbnailUrl":"https:\/\/www.lourdes-france.org\/wp-content\/uploads\/2025\/08\/image_mise_en_avant-pele_national-1-scaled.jpg","datePublished":"2025-08-04T10:05:03+00:00","dateModified":"2025-08-21T10:15:15+00:00","description":"La mission premi\u00e8re du Sanctuaire de Lourdes ? Accueillir les p\u00e8lerins \u00e0 Lourdes, dans toutes leurs pluralit\u00e9s et diversit\u00e9s.","breadcrumb":{"@id":"https:\/\/www.lourdes-france.org\/de\/les-pelerinages\/accueillir-les-pelerins\/#breadcrumb"},"inLanguage":"de","potentialAction":[{"@type":"ReadAction","target":["https:\/\/www.lourdes-france.org\/de\/les-pelerinages\/accueillir-les-pelerins\/"]}]},{"@type":"ImageObject","inLanguage":"de","@id":"https:\/\/www.lourdes-france.org\/de\/les-pelerinages\/accueillir-les-pelerins\/#primaryimage","url":"https:\/\/www.lourdes-france.org\/wp-content\/uploads\/2025\/08\/image_mise_en_avant-pele_national-1-scaled.jpg","contentUrl":"https:\/\/www.lourdes-france.org\/wp-content\/uploads\/2025\/08\/image_mise_en_avant-pele_national-1-scaled.jpg","width":2560,"height":1707,"caption":"Notre mission : accueillir les p\u00e8lerins"},{"@type":"BreadcrumbList","@id":"https:\/\/www.lourdes-france.org\/de\/les-pelerinages\/accueillir-les-pelerins\/#breadcrumb","itemListElement":[{"@type":"ListItem","position":1,"name":"Accueil","item":"https:\/\/www.lourdes-france.org\/"},{"@type":"ListItem","position":2,"name":"Les p\u00e8lerinages","item":"https:\/\/www.lourdes-france.org\/de\/les-pelerinages\/"},{"@type":"ListItem","position":3,"name":"Notre mission : Accueillir les p\u00e8lerins"}]},{"@type":"WebSite","@id":"https:\/\/preprod-lourdes.cawita.com\/#website","url":"https:\/\/preprod-lourdes.cawita.com\/","name":"Soutenir le Sanctuaire Notre-Dame de Lourdes","description":"","potentialAction":[{"@type":"SearchAction","target":{"@type":"EntryPoint","urlTemplate":"https:\/\/preprod-lourdes.cawita.com\/?s={search_term_string}"},"query-input":{"@type":"PropertyValueSpecification","valueRequired":true,"valueName":"search_term_string"}}],"inLanguage":"de"}]}},"_links":{"self":[{"href":"https:\/\/www.lourdes-france.org\/de\/wp-json\/wp\/v2\/pages\/1044544","targetHints":{"allow":["GET"]}}],"collection":[{"href":"https:\/\/www.lourdes-france.org\/de\/wp-json\/wp\/v2\/pages"}],"about":[{"href":"https:\/\/www.lourdes-france.org\/de\/wp-json\/wp\/v2\/types\/page"}],"author":[{"embeddable":true,"href":"https:\/\/www.lourdes-france.org\/de\/wp-json\/wp\/v2\/users\/7"}],"replies":[{"embeddable":true,"href":"https:\/\/www.lourdes-france.org\/de\/wp-json\/wp\/v2\/comments?post=1044544"}],"version-history":[{"count":3,"href":"https:\/\/www.lourdes-france.org\/de\/wp-json\/wp\/v2\/pages\/1044544\/revisions"}],"predecessor-version":[{"id":1058625,"href":"https:\/\/www.lourdes-france.org\/de\/wp-json\/wp\/v2\/pages\/1044544\/revisions\/1058625"}],"up":[{"embeddable":true,"href":"https:\/\/www.lourdes-france.org\/de\/wp-json\/wp\/v2\/pages\/889607"}],"wp:featuredmedia":[{"embeddable":true,"href":"https:\/\/www.lourdes-france.org\/de\/wp-json\/wp\/v2\/media\/1050774"}],"wp:attachment":[{"href":"https:\/\/www.lourdes-france.org\/de\/wp-json\/wp\/v2\/media?parent=1044544"}],"curies":[{"name":"wp","href":"https:\/\/api.w.org\/{rel}","templated":true}]}}