{"id":1057888,"date":"2025-08-08T12:54:30","date_gmt":"2025-08-08T10:54:30","guid":{"rendered":"https:\/\/www.lourdes-france.org\/les-pelerinages\/priere-des-pelerins\/"},"modified":"2025-08-21T12:36:53","modified_gmt":"2025-08-21T10:36:53","slug":"priere-des-pelerins","status":"publish","type":"page","link":"https:\/\/www.lourdes-france.org\/de\/les-pelerinages\/priere-des-pelerins\/","title":{"rendered":"La pri\u00e8re des p\u00e8lerins"},"content":{"rendered":"\t\t<div data-elementor-type=\"wp-page\" data-elementor-id=\"1057888\" class=\"elementor elementor-1057888 elementor-1033087\" data-elementor-post-type=\"page\">\n\t\t\t\t\t\t<section class=\"elementor-section elementor-top-section elementor-element elementor-element-248aba01 elementor-section-full_width elementor-section-stretched elementor-section-height-default elementor-section-height-default\" data-id=\"248aba01\" data-element_type=\"section\" data-settings=\"{&quot;stretch_section&quot;:&quot;section-stretched&quot;,&quot;background_background&quot;:&quot;classic&quot;}\">\n\t\t\t\t\t\t<div class=\"elementor-container elementor-column-gap-default\">\n\t\t\t\t\t<div class=\"elementor-column elementor-col-100 elementor-top-column elementor-element elementor-element-251357a7\" data-id=\"251357a7\" data-element_type=\"column\">\n\t\t\t<div class=\"elementor-widget-wrap elementor-element-populated\">\n\t\t\t\t\t\t<div class=\"elementor-element elementor-element-26436804 elementor-widget elementor-widget-spacer\" data-id=\"26436804\" data-element_type=\"widget\" data-widget_type=\"spacer.default\">\n\t\t\t\t<div class=\"elementor-widget-container\">\n\t\t\t\t\t\t\t<div class=\"elementor-spacer\">\n\t\t\t<div class=\"elementor-spacer-inner\"><\/div>\n\t\t<\/div>\n\t\t\t\t\t\t<\/div>\n\t\t\t\t<\/div>\n\t\t\t\t\t<\/div>\n\t\t<\/div>\n\t\t\t\t\t<\/div>\n\t\t<\/section>\n\t\t\t\t<section class=\"elementor-section elementor-top-section elementor-element elementor-element-60c83ed5 elementor-section-full_width elementor-section-height-default elementor-section-height-default\" data-id=\"60c83ed5\" data-element_type=\"section\" data-settings=\"{&quot;background_background&quot;:&quot;classic&quot;}\">\n\t\t\t\t\t\t<div class=\"elementor-container elementor-column-gap-default\">\n\t\t\t\t\t<div class=\"elementor-column elementor-col-100 elementor-top-column elementor-element elementor-element-388d7fa6\" data-id=\"388d7fa6\" data-element_type=\"column\">\n\t\t\t<div class=\"elementor-widget-wrap elementor-element-populated\">\n\t\t\t\t\t\t<div class=\"elementor-element elementor-element-15138ebb elementor-widget elementor-widget-spacer\" data-id=\"15138ebb\" data-element_type=\"widget\" data-widget_type=\"spacer.default\">\n\t\t\t\t<div class=\"elementor-widget-container\">\n\t\t\t\t\t\t\t<div class=\"elementor-spacer\">\n\t\t\t<div class=\"elementor-spacer-inner\"><\/div>\n\t\t<\/div>\n\t\t\t\t\t\t<\/div>\n\t\t\t\t<\/div>\n\t\t\t\t<div class=\"elementor-element elementor-element-74bef77a elementor-widget elementor-widget-heading\" data-id=\"74bef77a\" data-element_type=\"widget\" data-widget_type=\"heading.default\">\n\t\t\t\t<div class=\"elementor-widget-container\">\n\t\t\t\t\t<h2 class=\"elementor-heading-title elementor-size-default\">Das Gebet der Pilger\n<\/h2>\t\t\t\t<\/div>\n\t\t\t\t<\/div>\n\t\t\t\t<div class=\"elementor-element elementor-element-570284f7 elementor-widget elementor-widget-heading\" data-id=\"570284f7\" data-element_type=\"widget\" data-widget_type=\"heading.default\">\n\t\t\t\t<div class=\"elementor-widget-container\">\n\t\t\t\t\t<h2 class=\"elementor-heading-title elementor-size-default\">_________________<\/h2>\t\t\t\t<\/div>\n\t\t\t\t<\/div>\n\t\t\t\t<div class=\"elementor-element elementor-element-49779fbf elementor-widget elementor-widget-text-editor\" data-id=\"49779fbf\" data-element_type=\"widget\" data-widget_type=\"text-editor.default\">\n\t\t\t\t<div class=\"elementor-widget-container\">\n\t\t\t\t\t\t\t\t\t<p class=\"s4\" style=\"text-align: center;\"><strong><span class=\"s6\">Sobald man die Wallfahrtsst\u00e4tte betritt, ist alles auf Besinnung und Gebet ausgerichtet: Statuen, Kreuze und Kultst\u00e4tten empfangen den Pilger schon beim Betreten.<\/span><\/strong><\/p><h2 class=\"s4\"><span class=\"s7\">Eine Kirche unter freiem Himmel<\/span><\/h2><p class=\"s4\">\u00a0<\/p><h4 class=\"s4\"><span class=\"s7\">Ein Gebet, das in Glauben und Vertrauen verankert ist<\/span><\/h4><p class=\"s4\"><span class=\"s6\">In <a href=\"https:\/\/www.lourdes-france.org\/le-pelerinage-de-lourdes\/\">Lourdes<\/a> ist das Gebet vor allem eine Antwort des Glaubens. Die Pilger kommen betend\u00a0<\/span><span class=\"s7\">in der Hoffnung auf eine Begegnung mit Gott<\/span><span class=\"s6\">\u00a0durch die F\u00fcrsprache der Jungfrau Maria. Viele legen ihre Leiden, ihre Zweifel, ihre Erkrankten oder ihre Angeh\u00f6rigen in einem oft einfachen, aber zutiefst aufrichtigen Gebet in die Hand Gottes.<\/span><\/p><h4 class=\"s4\"><span class=\"s7\">Ein marianisches Gebet<\/span><\/h4><p class=\"s4\"><span class=\"s6\">Das Gebet in Lourdes ist im Wesentlichen\u00a0<\/span><span class=\"s7\">marianisch<\/span><span class=\"s6\">\u00a0und konzentriert sich auf die Jungfrau Maria, die 1858 <a href=\"https:\/\/www.lourdes-france.com\/bernadette-soubirous\/\">Bernadette Soubirous<\/a> erschien. Der\u00a0<\/span><a href=\"https:\/\/www.lourdes-france.com\/pelerin-dun-jour\/le-chapelet\/\"><span class=\"s7\">Rosenkranz<\/span><\/a><span class=\"s6\">\u00a0ist daher eine der gel\u00e4ufigsten Gebetsformen, die einzeln oder in Gruppen, oft vor der <a href=\"https:\/\/www.lourdes-france.com\/pelerin-dun-jour\/la-grotte\/\">Grotte von Lourdes<\/a>, gebetet wird.<\/span><\/p><p class=\"s4\"><strong><a href=\"https:\/\/www.lourdes-france.com\/de\/lourdesplus\/\"><span class=\"s5\">&gt; Live vor der Grotte beten\u00a0<\/span><\/a><\/strong><\/p><h4 class=\"s4\"><span class=\"s7\">Ein universelles Gebet<\/span><\/h4><p class=\"s4\"><span class=\"s6\">Lourdes ist ein Ort des\u00a0<\/span><span class=\"s7\">universellen<\/span><span class=\"s6\">\u00a0Gebets. <a href=\"https:\/\/www.lourdes-france.org\/?page_id=1033089&amp;preview=true\">Pilger<\/a> kommen aus aller Welt und beten in allen Sprachen. Das verleiht Lourdes eine sehr starke<\/span><span class=\"s7\">\u00a0katholische, d.h. eine\u00a0<\/span><span class=\"s6\">universelle Dimension: Jeder betet entsprechend seiner Kultur, aber alle finden sich in einer spirituellen Gemeinschaft um Maria wieder.<\/span><\/p><h4 class=\"s4\"><span class=\"s7\">Ein Heilungsgebet<\/span><\/h4><p class=\"s4\"><span class=\"s6\">Lourdes ist auch eine Wallfahrtsst\u00e4tte des\u00a0<\/span><span class=\"s7\">Leids und der Hoffnung<\/span><span class=\"s6\">. Viele Pilger kommen krank, behindert oder als Begleitpersonen. Das Gebet wird dann zu einem Schrei des Herzens, einer Bitte um Hilfe, um Frieden oder Heilung \u2013 k\u00f6rperlich, seelisch oder spritituell.<\/span><\/p><h4 class=\"s4\"><span class=\"s7\">Ein gemeinschaftliches und stilles Gebet<\/span><\/h4><p class=\"s4\"><span class=\"s6\">Das Gebet kann\u00a0<\/span><span class=\"s7\">gemeinsam<\/span><span class=\"s6\">\u00a0(Prozessionen, Heilige Messen, Nachtwachen, Anbetung&#8230;)\u00a0<\/span><span class=\"s7\">oder still und pers\u00f6nlich<\/span><span class=\"s6\">\u00a0sein, oft sehr intensiv in der Grotte von Lourdes. Viele Pilger berichten von einer einzigartigen Atmosph\u00e4re des inneren Friedens, die die Vertrautheit mit Gott f\u00f6rdert.<\/span><\/p><h4 class=\"s4\"><span class=\"s7\">Ein Gebet, begleitet von Gesten<\/span><\/h4><p class=\"s4\"><span class=\"s6\">Die Pilger beten auch mit ihrem ganzen Leib: Sie ber\u00fchren den Felsen der Grotte, entz\u00fcnden eine <a href=\"https:\/\/www.lourdes-france.com\/pelerin-dun-jour\/les-cierges\/\">Kerze<\/a>, nehmen an <a href=\"https:\/\/www.lourdes-france.com\/pelerin-dun-jour\/procession-aux-flambeaux\/\">Prozessionen<\/a> teil (insbesondere an der marianischen Lichterprozession) oder besuchen die B\u00e4der. All dies sind\u00a0<\/span><span class=\"s7\">Gebetsgesten<\/span><span class=\"s6\">, die den Glauben zum Ausdruck bringen.<\/span><\/p>\t\t\t\t\t\t\t\t<\/div>\n\t\t\t\t<\/div>\n\t\t\t\t<div class=\"elementor-element elementor-element-626df0c0 elementor-view-default elementor-widget elementor-widget-icon\" data-id=\"626df0c0\" data-element_type=\"widget\" data-widget_type=\"icon.default\">\n\t\t\t\t<div class=\"elementor-widget-container\">\n\t\t\t\t\t\t\t<div class=\"elementor-icon-wrapper\">\n\t\t\t<div class=\"elementor-icon\">\n\t\t\t<i aria-hidden=\"true\" class=\"fas fa-church\"><\/i>\t\t\t<\/div>\n\t\t<\/div>\n\t\t\t\t\t\t<\/div>\n\t\t\t\t<\/div>\n\t\t\t\t\t<\/div>\n\t\t<\/div>\n\t\t\t\t\t<\/div>\n\t\t<\/section>\n\t\t\t\t<\/div>\n\t\t","protected":false},"excerpt":{"rendered":"<p>Das Gebet der Pilger _________________ Sobald man die Wallfahrtsst\u00e4tte betritt, ist alles auf Besinnung und Gebet ausgerichtet: Statuen, Kreuze und Kultst\u00e4tten empfangen den Pilger schon beim Betreten. Eine Kirche unter freiem Himmel \u00a0 Ein Gebet, das in Glauben und Vertrauen &hellip; <a href=\"https:\/\/www.lourdes-france.org\/de\/les-pelerinages\/priere-des-pelerins\/\">Weiter<\/a><\/p>\n","protected":false},"author":7,"featured_media":1050392,"parent":889607,"menu_order":0,"comment_status":"closed","ping_status":"closed","template":"","meta":{"_acf_changed":false,"footnotes":""},"class_list":["post-1057888","page","type-page","status-publish","has-post-thumbnail","hentry"],"acf":[],"yoast_head":"<!-- This site is optimized with the Yoast SEO plugin v24.7 - https:\/\/yoast.com\/wordpress\/plugins\/seo\/ -->\n<title>La pri\u00e8re des p\u00e8lerins<\/title>\n<meta name=\"description\" content=\"Au Sanctuaire de Lourdes, la pri\u00e8re des p\u00e8lerins est partout : endroits propices au recueillement, statues, croix, lieux de culte, etc.\" \/>\n<meta name=\"robots\" content=\"index, follow, max-snippet:-1, max-image-preview:large, max-video-preview:-1\" \/>\n<link rel=\"canonical\" href=\"https:\/\/www.lourdes-france.org\/de\/les-pelerinages\/priere-des-pelerins\/\" \/>\n<meta name=\"twitter:label1\" content=\"Gesch\u00e4tzte Lesezeit\" \/>\n\t<meta name=\"twitter:data1\" content=\"2\u00a0Minuten\" \/>\n<script type=\"application\/ld+json\" class=\"yoast-schema-graph\">{\"@context\":\"https:\/\/schema.org\",\"@graph\":[{\"@type\":\"WebPage\",\"@id\":\"https:\/\/www.lourdes-france.org\/de\/les-pelerinages\/priere-des-pelerins\/\",\"url\":\"https:\/\/www.lourdes-france.org\/de\/les-pelerinages\/priere-des-pelerins\/\",\"name\":\"La pri\u00e8re des p\u00e8lerins\",\"isPartOf\":{\"@id\":\"https:\/\/preprod-lourdes.cawita.com\/#website\"},\"primaryImageOfPage\":{\"@id\":\"https:\/\/www.lourdes-france.org\/de\/les-pelerinages\/priere-des-pelerins\/#primaryimage\"},\"image\":{\"@id\":\"https:\/\/www.lourdes-france.org\/de\/les-pelerinages\/priere-des-pelerins\/#primaryimage\"},\"thumbnailUrl\":\"https:\/\/www.lourdes-france.org\/wp-content\/uploads\/2025\/08\/image_mise_en_avant_au_choix-2-scaled.jpg\",\"datePublished\":\"2025-08-08T10:54:30+00:00\",\"dateModified\":\"2025-08-21T10:36:53+00:00\",\"description\":\"Au Sanctuaire de Lourdes, la pri\u00e8re des p\u00e8lerins est partout : endroits propices au recueillement, statues, croix, lieux de culte, etc.\",\"breadcrumb\":{\"@id\":\"https:\/\/www.lourdes-france.org\/de\/les-pelerinages\/priere-des-pelerins\/#breadcrumb\"},\"inLanguage\":\"de\",\"potentialAction\":[{\"@type\":\"ReadAction\",\"target\":[\"https:\/\/www.lourdes-france.org\/de\/les-pelerinages\/priere-des-pelerins\/\"]}]},{\"@type\":\"ImageObject\",\"inLanguage\":\"de\",\"@id\":\"https:\/\/www.lourdes-france.org\/de\/les-pelerinages\/priere-des-pelerins\/#primaryimage\",\"url\":\"https:\/\/www.lourdes-france.org\/wp-content\/uploads\/2025\/08\/image_mise_en_avant_au_choix-2-scaled.jpg\",\"contentUrl\":\"https:\/\/www.lourdes-france.org\/wp-content\/uploads\/2025\/08\/image_mise_en_avant_au_choix-2-scaled.jpg\",\"width\":2560,\"height\":1707,\"caption\":\"La pri\u00e8re des p\u00e8lerins\"},{\"@type\":\"BreadcrumbList\",\"@id\":\"https:\/\/www.lourdes-france.org\/de\/les-pelerinages\/priere-des-pelerins\/#breadcrumb\",\"itemListElement\":[{\"@type\":\"ListItem\",\"position\":1,\"name\":\"Accueil\",\"item\":\"https:\/\/www.lourdes-france.org\/\"},{\"@type\":\"ListItem\",\"position\":2,\"name\":\"Les p\u00e8lerinages\",\"item\":\"https:\/\/www.lourdes-france.org\/de\/les-pelerinages\/\"},{\"@type\":\"ListItem\",\"position\":3,\"name\":\"La pri\u00e8re des p\u00e8lerins\"}]},{\"@type\":\"WebSite\",\"@id\":\"https:\/\/preprod-lourdes.cawita.com\/#website\",\"url\":\"https:\/\/preprod-lourdes.cawita.com\/\",\"name\":\"Soutenir le Sanctuaire Notre-Dame de Lourdes\",\"description\":\"\",\"potentialAction\":[{\"@type\":\"SearchAction\",\"target\":{\"@type\":\"EntryPoint\",\"urlTemplate\":\"https:\/\/preprod-lourdes.cawita.com\/?s={search_term_string}\"},\"query-input\":{\"@type\":\"PropertyValueSpecification\",\"valueRequired\":true,\"valueName\":\"search_term_string\"}}],\"inLanguage\":\"de\"}]}<\/script>\n<!-- \/ Yoast SEO plugin. -->","yoast_head_json":{"title":"La pri\u00e8re des p\u00e8lerins","description":"Au Sanctuaire de Lourdes, la pri\u00e8re des p\u00e8lerins est partout : endroits propices au recueillement, statues, croix, lieux de culte, etc.","robots":{"index":"index","follow":"follow","max-snippet":"max-snippet:-1","max-image-preview":"max-image-preview:large","max-video-preview":"max-video-preview:-1"},"canonical":"https:\/\/www.lourdes-france.org\/de\/les-pelerinages\/priere-des-pelerins\/","twitter_misc":{"Gesch\u00e4tzte Lesezeit":"2\u00a0Minuten"},"schema":{"@context":"https:\/\/schema.org","@graph":[{"@type":"WebPage","@id":"https:\/\/www.lourdes-france.org\/de\/les-pelerinages\/priere-des-pelerins\/","url":"https:\/\/www.lourdes-france.org\/de\/les-pelerinages\/priere-des-pelerins\/","name":"La pri\u00e8re des p\u00e8lerins","isPartOf":{"@id":"https:\/\/preprod-lourdes.cawita.com\/#website"},"primaryImageOfPage":{"@id":"https:\/\/www.lourdes-france.org\/de\/les-pelerinages\/priere-des-pelerins\/#primaryimage"},"image":{"@id":"https:\/\/www.lourdes-france.org\/de\/les-pelerinages\/priere-des-pelerins\/#primaryimage"},"thumbnailUrl":"https:\/\/www.lourdes-france.org\/wp-content\/uploads\/2025\/08\/image_mise_en_avant_au_choix-2-scaled.jpg","datePublished":"2025-08-08T10:54:30+00:00","dateModified":"2025-08-21T10:36:53+00:00","description":"Au Sanctuaire de Lourdes, la pri\u00e8re des p\u00e8lerins est partout : endroits propices au recueillement, statues, croix, lieux de culte, etc.","breadcrumb":{"@id":"https:\/\/www.lourdes-france.org\/de\/les-pelerinages\/priere-des-pelerins\/#breadcrumb"},"inLanguage":"de","potentialAction":[{"@type":"ReadAction","target":["https:\/\/www.lourdes-france.org\/de\/les-pelerinages\/priere-des-pelerins\/"]}]},{"@type":"ImageObject","inLanguage":"de","@id":"https:\/\/www.lourdes-france.org\/de\/les-pelerinages\/priere-des-pelerins\/#primaryimage","url":"https:\/\/www.lourdes-france.org\/wp-content\/uploads\/2025\/08\/image_mise_en_avant_au_choix-2-scaled.jpg","contentUrl":"https:\/\/www.lourdes-france.org\/wp-content\/uploads\/2025\/08\/image_mise_en_avant_au_choix-2-scaled.jpg","width":2560,"height":1707,"caption":"La pri\u00e8re des p\u00e8lerins"},{"@type":"BreadcrumbList","@id":"https:\/\/www.lourdes-france.org\/de\/les-pelerinages\/priere-des-pelerins\/#breadcrumb","itemListElement":[{"@type":"ListItem","position":1,"name":"Accueil","item":"https:\/\/www.lourdes-france.org\/"},{"@type":"ListItem","position":2,"name":"Les p\u00e8lerinages","item":"https:\/\/www.lourdes-france.org\/de\/les-pelerinages\/"},{"@type":"ListItem","position":3,"name":"La pri\u00e8re des p\u00e8lerins"}]},{"@type":"WebSite","@id":"https:\/\/preprod-lourdes.cawita.com\/#website","url":"https:\/\/preprod-lourdes.cawita.com\/","name":"Soutenir le Sanctuaire Notre-Dame de Lourdes","description":"","potentialAction":[{"@type":"SearchAction","target":{"@type":"EntryPoint","urlTemplate":"https:\/\/preprod-lourdes.cawita.com\/?s={search_term_string}"},"query-input":{"@type":"PropertyValueSpecification","valueRequired":true,"valueName":"search_term_string"}}],"inLanguage":"de"}]}},"_links":{"self":[{"href":"https:\/\/www.lourdes-france.org\/de\/wp-json\/wp\/v2\/pages\/1057888","targetHints":{"allow":["GET"]}}],"collection":[{"href":"https:\/\/www.lourdes-france.org\/de\/wp-json\/wp\/v2\/pages"}],"about":[{"href":"https:\/\/www.lourdes-france.org\/de\/wp-json\/wp\/v2\/types\/page"}],"author":[{"embeddable":true,"href":"https:\/\/www.lourdes-france.org\/de\/wp-json\/wp\/v2\/users\/7"}],"replies":[{"embeddable":true,"href":"https:\/\/www.lourdes-france.org\/de\/wp-json\/wp\/v2\/comments?post=1057888"}],"version-history":[{"count":3,"href":"https:\/\/www.lourdes-france.org\/de\/wp-json\/wp\/v2\/pages\/1057888\/revisions"}],"predecessor-version":[{"id":1058638,"href":"https:\/\/www.lourdes-france.org\/de\/wp-json\/wp\/v2\/pages\/1057888\/revisions\/1058638"}],"up":[{"embeddable":true,"href":"https:\/\/www.lourdes-france.org\/de\/wp-json\/wp\/v2\/pages\/889607"}],"wp:featuredmedia":[{"embeddable":true,"href":"https:\/\/www.lourdes-france.org\/de\/wp-json\/wp\/v2\/media\/1050392"}],"wp:attachment":[{"href":"https:\/\/www.lourdes-france.org\/de\/wp-json\/wp\/v2\/media?parent=1057888"}],"curies":[{"name":"wp","href":"https:\/\/api.w.org\/{rel}","templated":true}]}}