{"id":1058064,"date":"2025-08-18T12:55:49","date_gmt":"2025-08-18T10:55:49","guid":{"rendered":"https:\/\/www.lourdes-france.org\/les-papes-pelerins-de-lourdes\/"},"modified":"2025-08-21T14:47:20","modified_gmt":"2025-08-21T12:47:20","slug":"les-papes-pelerins-de-lourdes","status":"publish","type":"page","link":"https:\/\/www.lourdes-france.org\/de\/les-papes-pelerins-de-lourdes\/","title":{"rendered":"Les papes p\u00e8lerins de Lourdes"},"content":{"rendered":"\t\t<div data-elementor-type=\"wp-page\" data-elementor-id=\"1058064\" class=\"elementor elementor-1058064 elementor-1050298\" data-elementor-post-type=\"page\">\n\t\t\t\t\t\t<section class=\"elementor-section elementor-top-section elementor-element elementor-element-15f90e16 elementor-section-full_width elementor-section-stretched elementor-section-height-default elementor-section-height-default\" data-id=\"15f90e16\" data-element_type=\"section\" data-settings=\"{&quot;stretch_section&quot;:&quot;section-stretched&quot;,&quot;background_background&quot;:&quot;classic&quot;}\">\n\t\t\t\t\t\t<div class=\"elementor-container elementor-column-gap-default\">\n\t\t\t\t\t<div class=\"elementor-column elementor-col-100 elementor-top-column elementor-element elementor-element-7aedbad\" data-id=\"7aedbad\" data-element_type=\"column\">\n\t\t\t<div class=\"elementor-widget-wrap elementor-element-populated\">\n\t\t\t\t\t\t<div class=\"elementor-element elementor-element-6474be7c elementor-widget elementor-widget-spacer\" data-id=\"6474be7c\" data-element_type=\"widget\" data-widget_type=\"spacer.default\">\n\t\t\t\t<div class=\"elementor-widget-container\">\n\t\t\t\t\t\t\t<div class=\"elementor-spacer\">\n\t\t\t<div class=\"elementor-spacer-inner\"><\/div>\n\t\t<\/div>\n\t\t\t\t\t\t<\/div>\n\t\t\t\t<\/div>\n\t\t\t\t\t<\/div>\n\t\t<\/div>\n\t\t\t\t\t<\/div>\n\t\t<\/section>\n\t\t\t\t<section class=\"elementor-section elementor-top-section elementor-element elementor-element-a3ffc67 elementor-section-full_width elementor-section-height-default elementor-section-height-default\" data-id=\"a3ffc67\" data-element_type=\"section\" data-settings=\"{&quot;background_background&quot;:&quot;classic&quot;}\">\n\t\t\t\t\t\t<div class=\"elementor-container elementor-column-gap-default\">\n\t\t\t\t\t<div class=\"elementor-column elementor-col-100 elementor-top-column elementor-element elementor-element-35bccdf2\" data-id=\"35bccdf2\" data-element_type=\"column\">\n\t\t\t<div class=\"elementor-widget-wrap elementor-element-populated\">\n\t\t\t\t\t\t<div class=\"elementor-element elementor-element-753fbbca elementor-widget elementor-widget-spacer\" data-id=\"753fbbca\" data-element_type=\"widget\" data-widget_type=\"spacer.default\">\n\t\t\t\t<div class=\"elementor-widget-container\">\n\t\t\t\t\t\t\t<div class=\"elementor-spacer\">\n\t\t\t<div class=\"elementor-spacer-inner\"><\/div>\n\t\t<\/div>\n\t\t\t\t\t\t<\/div>\n\t\t\t\t<\/div>\n\t\t\t\t<div class=\"elementor-element elementor-element-7c5c19e2 elementor-widget elementor-widget-heading\" data-id=\"7c5c19e2\" data-element_type=\"widget\" data-widget_type=\"heading.default\">\n\t\t\t\t<div class=\"elementor-widget-container\">\n\t\t\t\t\t<h2 class=\"elementor-heading-title elementor-size-default\">Die P\u00e4pste als Lourdes-Pilger<\/h2>\t\t\t\t<\/div>\n\t\t\t\t<\/div>\n\t\t\t\t<div class=\"elementor-element elementor-element-3fbd9d06 elementor-widget elementor-widget-heading\" data-id=\"3fbd9d06\" data-element_type=\"widget\" data-widget_type=\"heading.default\">\n\t\t\t\t<div class=\"elementor-widget-container\">\n\t\t\t\t\t<h2 class=\"elementor-heading-title elementor-size-default\">_________________<\/h2>\t\t\t\t<\/div>\n\t\t\t\t<\/div>\n\t\t\t\t<div class=\"elementor-element elementor-element-1e59ce08 elementor-widget elementor-widget-text-editor\" data-id=\"1e59ce08\" data-element_type=\"widget\" data-widget_type=\"text-editor.default\">\n\t\t\t\t<div class=\"elementor-widget-container\">\n\t\t\t\t\t\t\t\t\t<p class=\"s5\"><span class=\"s4\">Am 8. Dezember 1854 verk\u00fcndete Papst Pius IX. das Dogma der Unbefleckten Empf\u00e4ngnis, das best\u00e4tigte, dass die Jungfrau Maria durch eine besondere Gnade Gottes von ihrer Empf\u00e4ngnis an vor der Erbs\u00fcnde bewahrt wurde. Dieses Glaubensmxsterium, das in der Kirche bereits lange Zeit verehrt wurde, wurde somit zur offiziellen Wahrheit des katholischen Glaubens.<\/span><\/p><p class=\"s5\"><span class=\"s4\">Vier Jahre sp\u00e4ter, 1858, erschien in <a href=\"https:\/\/www.lourdes-france.org\/les-pelerinages\/\">Lourdes<\/a> eine \u201esch\u00f6ne Dame\u201c in der Grotte von Massabielle, und zwar einem 14-j\u00e4hrigen, armen und ungebildeten M\u00e4dchen, <a href=\"https:\/\/www.lourdes-france.com\/bernadette-soubirous\/\">Bernadette Soubirous<\/a>. Am 25. M\u00e4rz, dem Fest der Verk\u00fcndigung des Herrn, enth\u00fcllte die Dame schlie\u00dflich ihren Namen: \u201e<\/span><span class=\"s6\">Que soy era Immaculada Councepciou<\/span><span class=\"s4\">\u201c (&#8222;Ich bin die Unbefleckte Empf\u00e4ngnis&#8220;).<\/span><\/p><p class=\"s5\"><span class=\"s4\">Diese Worte, die sie nicht versteht, verbl\u00fcffen Bernadette, sie \u00fcbermittelt sie jedoch wortgetreu dem Pfarrer von Lourdes. F\u00fcr ihn ist es eine \u00fcberw\u00e4ltigende Best\u00e4tigung: Dieses M\u00e4dchen, das keinesfalls in der Lage war, einen solchen theologischen Ausdruck zu erfinden, hatte unwissentlich das Dogma, das einige Jahre zuvor verk\u00fcndet worden war, beglaubigt.<\/span><\/p><p class=\"s5\"><span class=\"s4\">Die Kirche sieht in dieser Enth\u00fcllung ein starkes Zeichen: <\/span><span class=\"s6\">die Jungfrau selbst best\u00e4tigt, was die Kirche aus dem Glauben heraus definiert hat.<\/span><span class=\"s4\"> Lourdes wird so zum lebendigen Echo des Dogmas und zu einem Ort, an dem Maria ihre m\u00fctterliche, reine und der verwundeten Menschheit zugewandte Gegenwart erfahrbar macht.<\/span><\/p><h2 class=\"s8\"><span class=\"s7\">Der Blick der P\u00e4pste auf Lourdes<\/span><\/h2><p class=\"s5\"><span class=\"s4\">Die P\u00e4pste haben immer ein gro\u00dfes Interesse an Lourdes bekundet und sahen darin ein Zeichen der Vorsehung und eine Quelle der geistlichen Erneuerung f\u00fcr die Kirche.<\/span><\/p><p class=\"s9\"><span class=\"s4\">&#8211; <\/span><strong><span class=\"s6\">Pius IX<\/span><\/strong><span class=\"s4\">, der zum Zeitpunkt der Erscheinungen Papst war, erkannte 1854, vier Jahre vor den Ereignissen in Lourdes, das Dogma der Unbefleckten Empf\u00e4ngnis an, was dem Zeugnis von Bernadette eine gro\u00dfe Glaubw\u00fcrdigkeit verlieh.<\/span><\/p><p class=\"s9\"><span class=\"s4\">&#8211; <\/span><strong><span class=\"s6\">Leo XIII<\/span><\/strong><span class=\"s4\"> f\u00f6rderte die Marienverehrung in Lourdes stark und genehmigte mehrere Gebete und Abl\u00e4sse, die mit dem Heiligtum verbunden sind.<\/span><\/p><p class=\"s9\"><span class=\"s4\">&#8211; Der Heilige <\/span><strong><span class=\"s6\">Pius X<\/span><\/strong><span class=\"s4\"> leitete die Seligsprechung von Bernadette ein, die unter <\/span><span class=\"s6\">Pius XI<\/span><span class=\"s4\">1925 selig und 1933 heiliggesprochen wurde.<\/span><\/p><p class=\"s9\"><span class=\"s4\">&#8211; Der Heilige <\/span><strong><span class=\"s6\">Johannes Paul II<\/span><\/strong><span class=\"s4\"> hat die j\u00fcngste Geschichte gepr\u00e4gt, indem er Lourdes 1983 und 2004 trotz seiner fortgeschrittenen Krankheit besuchte. Johannes Paul II. wollte an diesem Ort, wo der Himmel die Erde ber\u00fchrt hat, ein Kranker unter den Kranken sein, die nach Lourdes auf Wallfahrt kommen.<\/span><\/p><p class=\"s9\"><span class=\"s4\">&#8211; Auch <\/span><strong><span class=\"s6\">Benedikt XVI<\/span><\/strong><span class=\"s4\"> unternahm 2008 anl\u00e4sslich des 150. Jahrestages der Erscheinungen eine eindrucksvolle Wallfahrt. Er betonte die Bedeutung der Stille und des Gebets, die das Herzst\u00fcck der Erfahrung von Lourdes bilden.<\/span><\/p><p class=\"s9\"><span class=\"s4\">&#8211; <strong>Papst Franziskus<\/strong> hat, obwohl er Lourdes nicht pers\u00f6nlich besucht hat, oft von Lourdes gesprochen und die Aufmerksamkeit f\u00fcr die Armen, Kranken und Schwachen hervorgehoben.<\/span><\/p><h2 class=\"s8\"><span class=\"s7\">P\u00e4pstliche Besuche in Lourdes<\/span><\/h2><p class=\"s5\"><span class=\"s4\">Sechs Kardin\u00e4le, die ab 1914 P\u00e4pste wurden, machten vor ihrer Wahl eine Wallfahrt nach Lourdes.<\/span><\/p><p class=\"s5\"><span class=\"s4\">Bereits in den 1890er Jahren waren dies der sp\u00e4tere Benedikt XV (1914-1922) und Pius XI (1922-1939).\u00a0<\/span><\/p><p class=\"s5\"><span class=\"s4\">Pius XI war es, der die Seherin von Lourdes am 14. Juni 1925 selig- und am 8. Dezember 1933 heiligsprach. Der sp\u00e4tere Pius XII (1939-1958) kam 1935 nach Lourdes. Er widmete Lourdes eine Enzyklika mit dem Titel \u201eDie Wallfahrt von Lourdes\u201c, die am 2. Juli 1957 ver\u00f6ffentlicht wurde. Der sp\u00e4tere Paul VI (1963-1978) kam zweimal nach Lourdes, 1958 und 1962, w\u00e4hrend der sp\u00e4tere Johannes Paul I (August-September 1978) 1975 eine Wallfahrt unternahm.<\/span><\/p><p class=\"s5\">\u00a0<\/p><h2 class=\"s10\"><span class=\"s7\">Lourdes empfing drei P\u00e4pste zu einem offiziellen Besuch:<\/span><\/h2><p class=\"s9\"><span class=\"s4\">&#8211; <\/span><span class=\"s6\">Johannes Paul II<\/span><span class=\"s4\"> (1983 und 2004): W\u00e4hrend seiner Besuche betete er in der Grotte von Lourdes, traf Kranke und feierte die Heilige Messe im Freien. Seine letzte Wallfahrt, bei der er im Rollstuhl sa\u00df, war ein bewegendes Zeugnis f\u00fcr den Glauben, der im Leiden gelebt wurde. Bevor er Papst wurde, kam Kardinal Karol Wojtila 1947 als junger Priester nach Lourdes, 1964 als Erzbischof von Krakau und 1975 als Kardinal von Krakau.<\/span><\/p><p class=\"s9\"><span class=\"s4\">&#8211; <\/span><span class=\"s6\">Benedikt XVI<\/span><span class=\"s4\"> (2008) : Seine Wallfahrt steht im Zeichen der Feierlichkeiten zum 150. Jahrestag der Erscheinungen. Er nahm an der Marienprozession teil und \u00fcberbrachte starke Botschaften \u00fcber den Glauben, das Leiden und die Mission der Kirche.<\/span><\/p><p class=\"s9\"><span class=\"s4\">&#8211; Nicht zu vergessen Kardinal <\/span><span class=\"s6\">Angelo Roncalli<\/span><span class=\"s4\">, der nach Lourdes kam, bevor er Papst Johannes XXIII wurde, als er in Paris Apostolischer Nuntius war. Er kam, um die Basilika St. Pius X. zu weihen, die anl\u00e4sslich des 100. Jahrestages der Erscheinungen errichtet wurde.<\/span><\/p><p class=\"s5\"><span class=\"s4\">Diese Besuche haben die Geschichte des Heiligtums tief gepr\u00e4gt und seine Verbindung mit dem Heiligen Stuhl und seine weltweite Ausstrahlung gest\u00e4rkt. Jeder Besuch eines Papstes in Lourdes wird als ein Moment der Gnade f\u00fcr die Gl\u00e4ubigen und als eine Ermutigung f\u00fcr alle, die in ihrem Leben ein Kreuz tragen, erlebt.<\/span><\/p><h2 class=\"s3\"><span class=\"s2\">Leo XIV. an der Lourdes-Grotte <\/span><\/h2><p class=\"s5\"><span class=\"s11\">Am 31. Mai, dem Vorabend von Pfingsten, zum Abschluss des Marienmonats, besuchte Papst Leo XIV. zum ersten Mal die Nachbildung der <a href=\"https:\/\/www.lourdes-france.com\/pelerin-dun-jour\/la-grotte\/\">Grotte<\/a> von Lourdes in den Vatikanischen G\u00e4rten, um dort das Ave Maria zu singen. Er brachte seine Freude zum Ausdruck und beschrieb die <a href=\"https:\/\/www.lourdes-france.com\/pelerin-dun-jour\/procession-aux-flambeaux\/\">Prozession<\/a> als \u201eeine Geste des Glaubens, durch die wir uns auf einfache und gl\u00e4ubige Weise unter dem m\u00fctterlichen Mantel Mariens versammeln\u201d<\/span><\/p>\t\t\t\t\t\t\t\t<\/div>\n\t\t\t\t<\/div>\n\t\t\t\t<div class=\"elementor-element elementor-element-a090dff elementor-skin-carousel elementor-arrows-yes elementor-pagination-type-bullets elementor-pagination-position-outside elementor-widget elementor-widget-media-carousel\" data-id=\"a090dff\" data-element_type=\"widget\" data-settings=\"{&quot;slides_per_view&quot;:&quot;1&quot;,&quot;skin&quot;:&quot;carousel&quot;,&quot;effect&quot;:&quot;slide&quot;,&quot;show_arrows&quot;:&quot;yes&quot;,&quot;pagination&quot;:&quot;bullets&quot;,&quot;speed&quot;:500,&quot;autoplay&quot;:&quot;yes&quot;,&quot;autoplay_speed&quot;:5000,&quot;loop&quot;:&quot;yes&quot;,&quot;pause_on_hover&quot;:&quot;yes&quot;,&quot;pause_on_interaction&quot;:&quot;yes&quot;,&quot;space_between&quot;:{&quot;unit&quot;:&quot;px&quot;,&quot;size&quot;:10,&quot;sizes&quot;:[]},&quot;space_between_tablet&quot;:{&quot;unit&quot;:&quot;px&quot;,&quot;size&quot;:10,&quot;sizes&quot;:[]},&quot;space_between_mobile&quot;:{&quot;unit&quot;:&quot;px&quot;,&quot;size&quot;:10,&quot;sizes&quot;:[]}}\" data-widget_type=\"media-carousel.default\">\n\t\t\t\t<div class=\"elementor-widget-container\">\n\t\t\t\t\t\t\t\t\t<div class=\"elementor-swiper\">\n\t\t\t\t\t<div class=\"elementor-main-swiper swiper\" role=\"region\" aria-roledescription=\"carousel\" aria-label=\"Diapositives\">\n\t\t\t\t<div class=\"swiper-wrapper\">\n\t\t\t\t\t\t\t\t\t\t\t<div class=\"swiper-slide\" role=\"group\" aria-roledescription=\"slide\">\n\t\t\t\t\t\t\t\t\t<div class=\"elementor-carousel-image\" role=\"img\" aria-label=\"banniere-papes\" style=\"background-image: url(&#039;https:\/\/www.lourdes-france.org\/wp-content\/uploads\/2025\/08\/banniere-papes-1.png&#039;)\">\n\n\t\t\t\n\t\t\t\t\t<\/div>\n\t\t\t\t\t\t\t\t<\/div>\n\t\t\t\t\t\t\t\t\t\t\t<div class=\"swiper-slide\" role=\"group\" aria-roledescription=\"slide\">\n\t\t\t\t\t\t\t\t\t<div class=\"elementor-carousel-image\" role=\"img\" aria-label=\"pape-francois-a-la-basilique-saint-pierre_\u00a9DR_f28a877719b82744fc7b05034916f518-min\" style=\"background-image: url(&#039;https:\/\/www.lourdes-france.org\/wp-content\/uploads\/2019\/07\/pape-francois-a-la-basilique-saint-pierre_\u00a9DR_f28a877719b82744fc7b05034916f518-min.jpg&#039;)\">\n\n\t\t\t\n\t\t\t\t\t<\/div>\n\t\t\t\t\t\t\t\t<\/div>\n\t\t\t\t\t\t\t\t\t\t\t<div class=\"swiper-slide\" role=\"group\" aria-roledescription=\"slide\">\n\t\t\t\t\t\t\t\t\t<div class=\"elementor-carousel-image\" role=\"img\" aria-label=\"pape-slideshow\" style=\"background-image: url(&#039;https:\/\/www.lourdes-france.org\/wp-content\/uploads\/2020\/05\/pape-slideshow.jpg&#039;)\">\n\n\t\t\t\n\t\t\t\t\t<\/div>\n\t\t\t\t\t\t\t\t<\/div>\n\t\t\t\t\t\t\t\t\t\t\t<div class=\"swiper-slide\" role=\"group\" aria-roledescription=\"slide\">\n\t\t\t\t\t\t\t\t\t<div class=\"elementor-carousel-image\" role=\"img\" aria-label=\"DDM \/  XAVIER DE FENOYL \/ VENUE DU PAPE  BENOIT XVI  A LOURDES A L OCCASION DU 150 EME ANNIVERSAIRE DES APPARITIONS \/  PAPE  BENOIT XVI  A LOURDES\" style=\"background-image: url(&#039;https:\/\/www.lourdes-france.org\/wp-content\/uploads\/2025\/08\/image.jpg&#039;)\">\n\n\t\t\t\n\t\t\t\t\t<\/div>\n\t\t\t\t\t\t\t\t<\/div>\n\t\t\t\t\t\t\t\t\t\t\t<div class=\"swiper-slide\" role=\"group\" aria-roledescription=\"slide\">\n\t\t\t\t\t\t\t\t\t<div class=\"elementor-carousel-image\" role=\"img\" aria-label=\"7-14-15-08-2004 Pape a\u0300 Lourdes avec Jean Vanier2(OR-Arturo Mari)\" style=\"background-image: url(&#039;https:\/\/www.lourdes-france.org\/wp-content\/uploads\/2019\/05\/7-14-15-08-2004-Pape-a\u0300-Lourdes-avec-Jean-Vanier2OR-Arturo-Mari.jpg&#039;)\">\n\n\t\t\t\n\t\t\t\t\t<\/div>\n\t\t\t\t\t\t\t\t<\/div>\n\t\t\t\t\t\t\t\t\t<\/div>\n\t\t\t\t\t\t\t\t\t\t\t\t\t\t\t<div class=\"elementor-swiper-button elementor-swiper-button-prev\" role=\"button\" tabindex=\"0\" aria-label=\"Voriger\">\n\t\t\t\t\t\t\t<i aria-hidden=\"true\" class=\"eicon-chevron-left\"><\/i>\t\t\t\t\t\t<\/div>\n\t\t\t\t\t\t<div class=\"elementor-swiper-button elementor-swiper-button-next\" role=\"button\" tabindex=\"0\" aria-label=\"N\u00e4chster\">\n\t\t\t\t\t\t\t<i aria-hidden=\"true\" class=\"eicon-chevron-right\"><\/i>\t\t\t\t\t\t<\/div>\n\t\t\t\t\t\t\t\t\t\t\t\t\t\t\t\t<div class=\"swiper-pagination\"><\/div>\n\t\t\t\t\t\t\t\t\t\t\t\t<\/div>\n\t\t\t\t<\/div>\n\t\t\t\t\t\t\t\t<\/div>\n\t\t\t\t<\/div>\n\t\t\t\t<div class=\"elementor-element elementor-element-172e3c0a elementor-view-default elementor-widget elementor-widget-icon\" data-id=\"172e3c0a\" data-element_type=\"widget\" data-widget_type=\"icon.default\">\n\t\t\t\t<div class=\"elementor-widget-container\">\n\t\t\t\t\t\t\t<div class=\"elementor-icon-wrapper\">\n\t\t\t<div class=\"elementor-icon\">\n\t\t\t<i aria-hidden=\"true\" class=\"fas fa-church\"><\/i>\t\t\t<\/div>\n\t\t<\/div>\n\t\t\t\t\t\t<\/div>\n\t\t\t\t<\/div>\n\t\t\t\t\t<\/div>\n\t\t<\/div>\n\t\t\t\t\t<\/div>\n\t\t<\/section>\n\t\t\t\t<\/div>\n\t\t","protected":false},"excerpt":{"rendered":"<p>Die P\u00e4pste als Lourdes-Pilger _________________ Am 8. Dezember 1854 verk\u00fcndete Papst Pius IX. das Dogma der Unbefleckten Empf\u00e4ngnis, das best\u00e4tigte, dass die Jungfrau Maria durch eine besondere Gnade Gottes von ihrer Empf\u00e4ngnis an vor der Erbs\u00fcnde bewahrt wurde. Dieses Glaubensmxsterium, &hellip; <a href=\"https:\/\/www.lourdes-france.org\/de\/les-papes-pelerins-de-lourdes\/\">Weiter<\/a><\/p>\n","protected":false},"author":7,"featured_media":1058044,"parent":0,"menu_order":0,"comment_status":"closed","ping_status":"closed","template":"","meta":{"_acf_changed":false,"footnotes":""},"class_list":["post-1058064","page","type-page","status-publish","has-post-thumbnail","hentry"],"acf":[],"yoast_head":"<!-- This site is optimized with the Yoast SEO plugin v24.7 - https:\/\/yoast.com\/wordpress\/plugins\/seo\/ -->\n<title>Les papes p\u00e8lerins de Lourdes<\/title>\n<meta name=\"description\" content=\"Les papes ont toujours manifest\u00e9 un grand int\u00e9r\u00eat pour Lourdes, y voyant un signe providentiel et une source de renouveau spirituel pour l\u2019\u00c9glise.\" \/>\n<meta name=\"robots\" content=\"index, follow, max-snippet:-1, max-image-preview:large, max-video-preview:-1\" \/>\n<link rel=\"canonical\" href=\"https:\/\/www.lourdes-france.org\/de\/les-papes-pelerins-de-lourdes\/\" \/>\n<meta name=\"twitter:label1\" content=\"Gesch\u00e4tzte Lesezeit\" \/>\n\t<meta name=\"twitter:data1\" content=\"5\u00a0Minuten\" \/>\n<script type=\"application\/ld+json\" class=\"yoast-schema-graph\">{\"@context\":\"https:\/\/schema.org\",\"@graph\":[{\"@type\":\"WebPage\",\"@id\":\"https:\/\/www.lourdes-france.org\/de\/les-papes-pelerins-de-lourdes\/\",\"url\":\"https:\/\/www.lourdes-france.org\/de\/les-papes-pelerins-de-lourdes\/\",\"name\":\"Les papes p\u00e8lerins de Lourdes\",\"isPartOf\":{\"@id\":\"https:\/\/preprod-lourdes.cawita.com\/#website\"},\"primaryImageOfPage\":{\"@id\":\"https:\/\/www.lourdes-france.org\/de\/les-papes-pelerins-de-lourdes\/#primaryimage\"},\"image\":{\"@id\":\"https:\/\/www.lourdes-france.org\/de\/les-papes-pelerins-de-lourdes\/#primaryimage\"},\"thumbnailUrl\":\"https:\/\/www.lourdes-france.org\/wp-content\/uploads\/2025\/08\/banniere-papes.png\",\"datePublished\":\"2025-08-18T10:55:49+00:00\",\"dateModified\":\"2025-08-21T12:47:20+00:00\",\"description\":\"Les papes ont toujours manifest\u00e9 un grand int\u00e9r\u00eat pour Lourdes, y voyant un signe providentiel et une source de renouveau spirituel pour l\u2019\u00c9glise.\",\"breadcrumb\":{\"@id\":\"https:\/\/www.lourdes-france.org\/de\/les-papes-pelerins-de-lourdes\/#breadcrumb\"},\"inLanguage\":\"de\",\"potentialAction\":[{\"@type\":\"ReadAction\",\"target\":[\"https:\/\/www.lourdes-france.org\/de\/les-papes-pelerins-de-lourdes\/\"]}]},{\"@type\":\"ImageObject\",\"inLanguage\":\"de\",\"@id\":\"https:\/\/www.lourdes-france.org\/de\/les-papes-pelerins-de-lourdes\/#primaryimage\",\"url\":\"https:\/\/www.lourdes-france.org\/wp-content\/uploads\/2025\/08\/banniere-papes.png\",\"contentUrl\":\"https:\/\/www.lourdes-france.org\/wp-content\/uploads\/2025\/08\/banniere-papes.png\",\"width\":4000,\"height\":1813},{\"@type\":\"BreadcrumbList\",\"@id\":\"https:\/\/www.lourdes-france.org\/de\/les-papes-pelerins-de-lourdes\/#breadcrumb\",\"itemListElement\":[{\"@type\":\"ListItem\",\"position\":1,\"name\":\"Accueil\",\"item\":\"https:\/\/www.lourdes-france.org\/\"},{\"@type\":\"ListItem\",\"position\":2,\"name\":\"Les papes p\u00e8lerins de Lourdes\"}]},{\"@type\":\"WebSite\",\"@id\":\"https:\/\/preprod-lourdes.cawita.com\/#website\",\"url\":\"https:\/\/preprod-lourdes.cawita.com\/\",\"name\":\"Soutenir le Sanctuaire Notre-Dame de Lourdes\",\"description\":\"\",\"potentialAction\":[{\"@type\":\"SearchAction\",\"target\":{\"@type\":\"EntryPoint\",\"urlTemplate\":\"https:\/\/preprod-lourdes.cawita.com\/?s={search_term_string}\"},\"query-input\":{\"@type\":\"PropertyValueSpecification\",\"valueRequired\":true,\"valueName\":\"search_term_string\"}}],\"inLanguage\":\"de\"}]}<\/script>\n<!-- \/ Yoast SEO plugin. -->","yoast_head_json":{"title":"Les papes p\u00e8lerins de Lourdes","description":"Les papes ont toujours manifest\u00e9 un grand int\u00e9r\u00eat pour Lourdes, y voyant un signe providentiel et une source de renouveau spirituel pour l\u2019\u00c9glise.","robots":{"index":"index","follow":"follow","max-snippet":"max-snippet:-1","max-image-preview":"max-image-preview:large","max-video-preview":"max-video-preview:-1"},"canonical":"https:\/\/www.lourdes-france.org\/de\/les-papes-pelerins-de-lourdes\/","twitter_misc":{"Gesch\u00e4tzte Lesezeit":"5\u00a0Minuten"},"schema":{"@context":"https:\/\/schema.org","@graph":[{"@type":"WebPage","@id":"https:\/\/www.lourdes-france.org\/de\/les-papes-pelerins-de-lourdes\/","url":"https:\/\/www.lourdes-france.org\/de\/les-papes-pelerins-de-lourdes\/","name":"Les papes p\u00e8lerins de Lourdes","isPartOf":{"@id":"https:\/\/preprod-lourdes.cawita.com\/#website"},"primaryImageOfPage":{"@id":"https:\/\/www.lourdes-france.org\/de\/les-papes-pelerins-de-lourdes\/#primaryimage"},"image":{"@id":"https:\/\/www.lourdes-france.org\/de\/les-papes-pelerins-de-lourdes\/#primaryimage"},"thumbnailUrl":"https:\/\/www.lourdes-france.org\/wp-content\/uploads\/2025\/08\/banniere-papes.png","datePublished":"2025-08-18T10:55:49+00:00","dateModified":"2025-08-21T12:47:20+00:00","description":"Les papes ont toujours manifest\u00e9 un grand int\u00e9r\u00eat pour Lourdes, y voyant un signe providentiel et une source de renouveau spirituel pour l\u2019\u00c9glise.","breadcrumb":{"@id":"https:\/\/www.lourdes-france.org\/de\/les-papes-pelerins-de-lourdes\/#breadcrumb"},"inLanguage":"de","potentialAction":[{"@type":"ReadAction","target":["https:\/\/www.lourdes-france.org\/de\/les-papes-pelerins-de-lourdes\/"]}]},{"@type":"ImageObject","inLanguage":"de","@id":"https:\/\/www.lourdes-france.org\/de\/les-papes-pelerins-de-lourdes\/#primaryimage","url":"https:\/\/www.lourdes-france.org\/wp-content\/uploads\/2025\/08\/banniere-papes.png","contentUrl":"https:\/\/www.lourdes-france.org\/wp-content\/uploads\/2025\/08\/banniere-papes.png","width":4000,"height":1813},{"@type":"BreadcrumbList","@id":"https:\/\/www.lourdes-france.org\/de\/les-papes-pelerins-de-lourdes\/#breadcrumb","itemListElement":[{"@type":"ListItem","position":1,"name":"Accueil","item":"https:\/\/www.lourdes-france.org\/"},{"@type":"ListItem","position":2,"name":"Les papes p\u00e8lerins de Lourdes"}]},{"@type":"WebSite","@id":"https:\/\/preprod-lourdes.cawita.com\/#website","url":"https:\/\/preprod-lourdes.cawita.com\/","name":"Soutenir le Sanctuaire Notre-Dame de Lourdes","description":"","potentialAction":[{"@type":"SearchAction","target":{"@type":"EntryPoint","urlTemplate":"https:\/\/preprod-lourdes.cawita.com\/?s={search_term_string}"},"query-input":{"@type":"PropertyValueSpecification","valueRequired":true,"valueName":"search_term_string"}}],"inLanguage":"de"}]}},"_links":{"self":[{"href":"https:\/\/www.lourdes-france.org\/de\/wp-json\/wp\/v2\/pages\/1058064","targetHints":{"allow":["GET"]}}],"collection":[{"href":"https:\/\/www.lourdes-france.org\/de\/wp-json\/wp\/v2\/pages"}],"about":[{"href":"https:\/\/www.lourdes-france.org\/de\/wp-json\/wp\/v2\/types\/page"}],"author":[{"embeddable":true,"href":"https:\/\/www.lourdes-france.org\/de\/wp-json\/wp\/v2\/users\/7"}],"replies":[{"embeddable":true,"href":"https:\/\/www.lourdes-france.org\/de\/wp-json\/wp\/v2\/comments?post=1058064"}],"version-history":[{"count":3,"href":"https:\/\/www.lourdes-france.org\/de\/wp-json\/wp\/v2\/pages\/1058064\/revisions"}],"predecessor-version":[{"id":1058729,"href":"https:\/\/www.lourdes-france.org\/de\/wp-json\/wp\/v2\/pages\/1058064\/revisions\/1058729"}],"wp:featuredmedia":[{"embeddable":true,"href":"https:\/\/www.lourdes-france.org\/de\/wp-json\/wp\/v2\/media\/1058044"}],"wp:attachment":[{"href":"https:\/\/www.lourdes-france.org\/de\/wp-json\/wp\/v2\/media?parent=1058064"}],"curies":[{"name":"wp","href":"https:\/\/api.w.org\/{rel}","templated":true}]}}