{"id":1058144,"date":"2025-07-15T16:14:05","date_gmt":"2025-07-15T14:14:05","guid":{"rendered":"https:\/\/www.lourdes-france.org\/organisation-du-sanctuaire\/association-lourdes-solidarite\/"},"modified":"2025-08-25T12:40:43","modified_gmt":"2025-08-25T10:40:43","slug":"association-lourdes-solidarite","status":"publish","type":"page","link":"https:\/\/www.lourdes-france.org\/de\/organisation-du-sanctuaire\/association-lourdes-solidarite\/","title":{"rendered":"Lourdes Solidarit\u00e9"},"content":{"rendered":"\t\t<div data-elementor-type=\"wp-page\" data-elementor-id=\"1058144\" class=\"elementor elementor-1058144 elementor-1033073\" data-elementor-post-type=\"page\">\n\t\t\t\t\t\t<section class=\"elementor-section elementor-top-section elementor-element elementor-element-300e813 elementor-section-full_width elementor-section-stretched elementor-section-height-default elementor-section-height-default\" data-id=\"300e813\" data-element_type=\"section\" data-settings=\"{&quot;stretch_section&quot;:&quot;section-stretched&quot;,&quot;background_background&quot;:&quot;classic&quot;}\">\n\t\t\t\t\t\t\t<div class=\"elementor-background-overlay\"><\/div>\n\t\t\t\t\t\t\t<div class=\"elementor-container elementor-column-gap-default\">\n\t\t\t\t\t<div class=\"elementor-column elementor-col-100 elementor-top-column elementor-element elementor-element-ebed900\" data-id=\"ebed900\" data-element_type=\"column\">\n\t\t\t<div class=\"elementor-widget-wrap elementor-element-populated\">\n\t\t\t\t\t\t<div class=\"elementor-element elementor-element-b58589a elementor-widget elementor-widget-spacer\" data-id=\"b58589a\" data-element_type=\"widget\" data-widget_type=\"spacer.default\">\n\t\t\t\t<div class=\"elementor-widget-container\">\n\t\t\t\t\t\t\t<div class=\"elementor-spacer\">\n\t\t\t<div class=\"elementor-spacer-inner\"><\/div>\n\t\t<\/div>\n\t\t\t\t\t\t<\/div>\n\t\t\t\t<\/div>\n\t\t\t\t<div class=\"elementor-element elementor-element-d45a52d elementor-widget elementor-widget-image\" data-id=\"d45a52d\" data-element_type=\"widget\" data-widget_type=\"image.default\">\n\t\t\t\t<div class=\"elementor-widget-container\">\n\t\t\t\t\t\t\t\t\t\t\t\t\t\t\t<img fetchpriority=\"high\" decoding=\"async\" width=\"778\" height=\"273\" src=\"https:\/\/www.lourdes-france.org\/wp-content\/uploads\/2025\/07\/logo_friends-of.png\" class=\"attachment-large size-large wp-image-1033202\" alt=\"logo Lourdes Solidarit\u00e9\" srcset=\"https:\/\/www.lourdes-france.org\/wp-content\/uploads\/2025\/07\/logo_friends-of.png 778w, https:\/\/www.lourdes-france.org\/wp-content\/uploads\/2025\/07\/logo_friends-of-300x105.png 300w, https:\/\/www.lourdes-france.org\/wp-content\/uploads\/2025\/07\/logo_friends-of-768x269.png 768w\" sizes=\"(max-width: 778px) 100vw, 778px\" \/>\t\t\t\t\t\t\t\t\t\t\t\t\t\t\t<\/div>\n\t\t\t\t<\/div>\n\t\t\t\t<div class=\"elementor-element elementor-element-4d3a7df elementor-widget elementor-widget-spacer\" data-id=\"4d3a7df\" data-element_type=\"widget\" data-widget_type=\"spacer.default\">\n\t\t\t\t<div class=\"elementor-widget-container\">\n\t\t\t\t\t\t\t<div class=\"elementor-spacer\">\n\t\t\t<div class=\"elementor-spacer-inner\"><\/div>\n\t\t<\/div>\n\t\t\t\t\t\t<\/div>\n\t\t\t\t<\/div>\n\t\t\t\t\t<\/div>\n\t\t<\/div>\n\t\t\t\t\t<\/div>\n\t\t<\/section>\n\t\t\t\t<section class=\"elementor-section elementor-top-section elementor-element elementor-element-6945400 elementor-section-full_width elementor-section-height-default elementor-section-height-default\" data-id=\"6945400\" data-element_type=\"section\" data-settings=\"{&quot;background_background&quot;:&quot;classic&quot;}\">\n\t\t\t\t\t\t<div class=\"elementor-container elementor-column-gap-default\">\n\t\t\t\t\t<div class=\"elementor-column elementor-col-100 elementor-top-column elementor-element elementor-element-dfb9f0e\" data-id=\"dfb9f0e\" data-element_type=\"column\">\n\t\t\t<div class=\"elementor-widget-wrap elementor-element-populated\">\n\t\t\t\t\t\t<div class=\"elementor-element elementor-element-846787c elementor-widget elementor-widget-spacer\" data-id=\"846787c\" data-element_type=\"widget\" data-widget_type=\"spacer.default\">\n\t\t\t\t<div class=\"elementor-widget-container\">\n\t\t\t\t\t\t\t<div class=\"elementor-spacer\">\n\t\t\t<div class=\"elementor-spacer-inner\"><\/div>\n\t\t<\/div>\n\t\t\t\t\t\t<\/div>\n\t\t\t\t<\/div>\n\t\t\t\t<div class=\"elementor-element elementor-element-0b4134f elementor-widget elementor-widget-heading\" data-id=\"0b4134f\" data-element_type=\"widget\" data-widget_type=\"heading.default\">\n\t\t\t\t<div class=\"elementor-widget-container\">\n\t\t\t\t\t<h2 class=\"elementor-heading-title elementor-size-default\">VEREIN NACH DEM GESETZ VON 1901 VON ALLGEMEINEM INTERESSE\n\u00ab LOURDES SOLIDARIT\u00c9 \u00bb<\/h2>\t\t\t\t<\/div>\n\t\t\t\t<\/div>\n\t\t\t\t<div class=\"elementor-element elementor-element-a3b221e elementor-widget elementor-widget-heading\" data-id=\"a3b221e\" data-element_type=\"widget\" data-widget_type=\"heading.default\">\n\t\t\t\t<div class=\"elementor-widget-container\">\n\t\t\t\t\t<h2 class=\"elementor-heading-title elementor-size-default\">_________________<\/h2>\t\t\t\t<\/div>\n\t\t\t\t<\/div>\n\t\t\t\t<div class=\"elementor-element elementor-element-26de0be elementor-widget elementor-widget-text-editor\" data-id=\"26de0be\" data-element_type=\"widget\" data-widget_type=\"text-editor.default\">\n\t\t\t\t<div class=\"elementor-widget-container\">\n\t\t\t\t\t\t\t\t\t<div class=\"page\" title=\"Page 5\"><div class=\"layoutArea\"><div class=\"column\"><h2>Auszug aus der Satzung:<\/h2><p>Der Verein hat zum Ziel, alle sozialen und medizinisch-sozialen Aktivita\u0308ten zu entwickeln, die sich insbesondere an a\u0308ltere Menschen, Menschen mit Behinderung oder Menschen in wirtschaftlicher und sozialer Notlage richten. Die Aktivita\u0308ten des Vereins richten sich hauptsa\u0308chlich, aber nicht ausschlie\u00dflich, an Besucher der <a href=\"https:\/\/www.lourdes-france.org\/organisation-sanctuaire-lourdes\/\">Wallfahrtssta\u0308tte von Lourdes<\/a>.<\/p><h2>Aktionen und Projekte:<\/h2><p>Seit zwei Jahren sammelt der Verein Lourdes Solidarite\u0301s Spenden und fu\u0308hrt Arbeiten durch, um die Sanita\u0308ranlagen der Wallfahrtssta\u0308tte barrierefrei zu gestalten. Sechs der zwo\u0308lf Sanita\u0308ranlagen wurden renoviert und sind nun vollsta\u0308ndig barrierefrei. Die Arbeiten werden<\/p><\/div><\/div><\/div><div class=\"page\" title=\"Page 6\"><div class=\"layoutArea\"><div class=\"column\"><p>im Winter 2025\/2026 mit dem Bau der Sanita\u0308ranlagen an der Rampe Sud fortgesetzt, fu\u0308r die der Verein Spenden sammelt.<\/p><p>Der Verein hat die Schulung des Personals des Rettungszentrums der Wallfahrtssta\u0308tte fu\u0308r den Umgang mit Menschen mit unsichtbaren Behinderungen als na\u0308chstes Ziel festgelegt.<\/p><p>Je nach den Spendeneinga\u0308ngen kann der Verein in die Arbeiten eingreifen, um den Empfang von Menschen mit verschiedenen Behinderungen zu erleichtern (z. B. Installation von Induktionsschleifen).<\/p><p>Der Verein Lourdes Solidarite\u0301s ist Ansprechpartner fu\u0308r Tra\u0308ger sozialer oder medizinisch- sozialer Projekte, die hauptsa\u0308chlich am Standort der Wallfahrtssta\u0308tte durchgefu\u0308hrt werden sollen.<\/p><h2>Wie kann man spenden?<\/h2><p><em>Der Stiftungsfonds Lourdes United nimmt Spenden fu\u0308r Lourdes Solidarite\u0301s entgegen und verteilt sie weiter.<\/em><\/p><p>Per Scheck (auf franzo\u0308sisch) ausgestellt auf \u201eLourdes United\u201d und adressiert an Sanctuaire Notre Dame de Lourdes, Services des Donateurs, 1 avenue Mgr The\u0301as, 65100 LOURDES<\/p><p>Per Banku\u0308berweisung: Kontaktieren Sie <a href=\"mailto:donateur@lourdes-france.com\">donateur@lourdes-france.com<\/a><br \/>Bei Fragen: <a href=\"mailto:donateur@lourdes-france.com\">donateur@lourdes-france.com<\/a> oder +33 5 62 42 82 82<\/p><\/div><\/div><\/div>\t\t\t\t\t\t\t\t<\/div>\n\t\t\t\t<\/div>\n\t\t\t\t<div class=\"elementor-element elementor-element-dfe2040 elementor-widget elementor-widget-link-in-bio\" data-id=\"dfe2040\" data-element_type=\"widget\" data-widget_type=\"link-in-bio.default\">\n\t\t\t\t<div class=\"elementor-widget-container\">\n\t\t\t\t\t\t\t<div class=\"e-link-in-bio e-link-in-bio\">\n\t\t\t<div class=\"e-link-in-bio__content\">\n\n\t\t\t\t\t\t<div class=\"e-link-in-bio__identity\">\n\t\t\t\t\t\t\t\t\t<div class=\"e-link-in-bio__identity-image e-link-in-bio__identity-image-profile has-border has-style-circle\">\n\t\t\t\t\t\t\t<img decoding=\"async\" width=\"300\" height=\"200\" src=\"https:\/\/www.lourdes-france.org\/wp-content\/uploads\/2025\/07\/21_service-donateur-01-300x200.jpg\" class=\"e-link-in-bio__identity-image-element\" alt=\"Service des donateurs Corrine et Cathy\" srcset=\"https:\/\/www.lourdes-france.org\/wp-content\/uploads\/2025\/07\/21_service-donateur-01-300x200.jpg 300w, https:\/\/www.lourdes-france.org\/wp-content\/uploads\/2025\/07\/21_service-donateur-01-1024x683.jpg 1024w, https:\/\/www.lourdes-france.org\/wp-content\/uploads\/2025\/07\/21_service-donateur-01-768x512.jpg 768w, https:\/\/www.lourdes-france.org\/wp-content\/uploads\/2025\/07\/21_service-donateur-01-1536x1024.jpg 1536w, https:\/\/www.lourdes-france.org\/wp-content\/uploads\/2025\/07\/21_service-donateur-01-2048x1365.jpg 2048w\" sizes=\"(max-width: 300px) 100vw, 300px\" \/>\t\t\t\t\t\t\t\t\t\t\t\t\t<\/div>\n\t\t\t\t\t\t\t<\/div>\n\t\t\t\t\t<div class=\"e-link-in-bio__bio\">\n\t\t\t\t<h2 class=\"e-link-in-bio__heading\">Service des Donateurs<\/h2>\t\t\t\t<h2 class=\"e-link-in-bio__title\">Sanctuaire Notre-Dame de Lourdes<\/h2>\t\t\t\t\t\t\t\t\t\t\t<\/div>\n\t\t\t\t\t<div class=\"e-link-in-bio__icons has-size-medium\">\n\t\t\t\t\t\t\t<div class=\"e-link-in-bio__icon is-size-medium\">\n\t\t\t\t\t<a aria-label=\"Telephone\" class=\"e-link-in-bio__icon-link\" href=\"tel:+33562428282\">\n\t\t\t\t\t\t<span class=\"e-link-in-bio__icon-svg\">\n\t\t\t\t\t\t\t<i aria-hidden=\"true\" class=\"fas fa-phone-alt\"><\/i>\t\t\t\t\t\t<\/span>\n\t\t\t\t\t\t\t\t\t\t\t<\/a>\n\t\t\t\t<\/div>\n\t\t\t\t\t\t\t<div class=\"e-link-in-bio__icon is-size-medium\">\n\t\t\t\t\t<a aria-label=\"Email\" class=\"e-link-in-bio__icon-link\" href=\"mailto:donateur@lourdes-france.com\">\n\t\t\t\t\t\t<span class=\"e-link-in-bio__icon-svg\">\n\t\t\t\t\t\t\t<i aria-hidden=\"true\" class=\"fas fa-envelope\"><\/i>\t\t\t\t\t\t<\/span>\n\t\t\t\t\t\t\t\t\t\t\t<\/a>\n\t\t\t\t<\/div>\n\t\t\t\t\t<\/div>\n\t\t\n\t\t<div class=\"e-link-in-bio__ctas has-type-button\">\n\t\t\t\t\t\t\t<a target=\"_blank\" rel=\"noopener \" class=\"e-link-in-bio__cta is-type-button has-corners-rounded\" href=\"\">\n\t\t\t\t\t\t\t\t\t\t<span class=\"e-link-in-bio__cta-text\">\n\t\t\t\t\t\t1 avenue Mgr Th\u00e9as \u2013 65 108 Lourdes  France\t\t\t\t\t<\/span>\n\t\t\t\t<\/a>\n\t\t\t\t\t<\/div>\n\t\t\n\t\t\t<\/div>\n\t\t\t<div class=\"e-link-in-bio__bg\">\n\t\t\t\t<div class=\"e-link-in-bio__bg-overlay\"><\/div>\n\t\t\t<\/div>\n\t\t<\/div>\n\t\t\t\t\t\t<\/div>\n\t\t\t\t<\/div>\n\t\t\t\t<div class=\"elementor-element elementor-element-8d4f980 elementor-view-default elementor-widget elementor-widget-icon\" data-id=\"8d4f980\" data-element_type=\"widget\" data-widget_type=\"icon.default\">\n\t\t\t\t<div class=\"elementor-widget-container\">\n\t\t\t\t\t\t\t<div class=\"elementor-icon-wrapper\">\n\t\t\t<div class=\"elementor-icon\">\n\t\t\t<i aria-hidden=\"true\" class=\"fas fa-church\"><\/i>\t\t\t<\/div>\n\t\t<\/div>\n\t\t\t\t\t\t<\/div>\n\t\t\t\t<\/div>\n\t\t\t\t\t<\/div>\n\t\t<\/div>\n\t\t\t\t\t<\/div>\n\t\t<\/section>\n\t\t\t\t<\/div>\n\t\t","protected":false},"excerpt":{"rendered":"<p>VEREIN NACH DEM GESETZ VON 1901 VON ALLGEMEINEM INTERESSE \u00ab LOURDES SOLIDARIT\u00c9 \u00bb _________________ Auszug aus der Satzung: Der Verein hat zum Ziel, alle sozialen und medizinisch-sozialen Aktivita\u0308ten zu entwickeln, die sich insbesondere an a\u0308ltere Menschen, Menschen mit Behinderung oder &hellip; <a href=\"https:\/\/www.lourdes-france.org\/de\/organisation-du-sanctuaire\/association-lourdes-solidarite\/\">Weiter<\/a><\/p>\n","protected":false},"author":7,"featured_media":1054375,"parent":889623,"menu_order":0,"comment_status":"closed","ping_status":"closed","template":"","meta":{"_acf_changed":false,"footnotes":""},"class_list":["post-1058144","page","type-page","status-publish","has-post-thumbnail","hentry"],"acf":[],"yoast_head":"<!-- This site is optimized with the Yoast SEO plugin v24.7 - https:\/\/yoast.com\/wordpress\/plugins\/seo\/ -->\n<title>Association Lourdes solidarit\u00e9<\/title>\n<meta name=\"description\" content=\"L\u2019association Lourdes solidarit\u00e9 a pour objet de d\u00e9velopper toutes activit\u00e9s sociales et m\u00e9dico-sociales aupr\u00e8s des plus d\u00e9munis.\" \/>\n<meta name=\"robots\" content=\"index, follow, max-snippet:-1, max-image-preview:large, max-video-preview:-1\" \/>\n<link rel=\"canonical\" href=\"https:\/\/www.lourdes-france.org\/de\/organisation-du-sanctuaire\/association-lourdes-solidarite\/\" \/>\n<meta name=\"twitter:label1\" content=\"Gesch\u00e4tzte Lesezeit\" \/>\n\t<meta name=\"twitter:data1\" content=\"2\u00a0Minuten\" \/>\n<script type=\"application\/ld+json\" class=\"yoast-schema-graph\">{\"@context\":\"https:\/\/schema.org\",\"@graph\":[{\"@type\":\"WebPage\",\"@id\":\"https:\/\/www.lourdes-france.org\/de\/organisation-du-sanctuaire\/association-lourdes-solidarite\/\",\"url\":\"https:\/\/www.lourdes-france.org\/de\/organisation-du-sanctuaire\/association-lourdes-solidarite\/\",\"name\":\"Association Lourdes solidarit\u00e9\",\"isPartOf\":{\"@id\":\"https:\/\/preprod-lourdes.cawita.com\/#website\"},\"primaryImageOfPage\":{\"@id\":\"https:\/\/www.lourdes-france.org\/de\/organisation-du-sanctuaire\/association-lourdes-solidarite\/#primaryimage\"},\"image\":{\"@id\":\"https:\/\/www.lourdes-france.org\/de\/organisation-du-sanctuaire\/association-lourdes-solidarite\/#primaryimage\"},\"thumbnailUrl\":\"https:\/\/www.lourdes-france.org\/wp-content\/uploads\/2025\/08\/lourdes-solidarites.jpg\",\"datePublished\":\"2025-07-15T14:14:05+00:00\",\"dateModified\":\"2025-08-25T10:40:43+00:00\",\"description\":\"L\u2019association Lourdes solidarit\u00e9 a pour objet de d\u00e9velopper toutes activit\u00e9s sociales et m\u00e9dico-sociales aupr\u00e8s des plus d\u00e9munis.\",\"breadcrumb\":{\"@id\":\"https:\/\/www.lourdes-france.org\/de\/organisation-du-sanctuaire\/association-lourdes-solidarite\/#breadcrumb\"},\"inLanguage\":\"de\",\"potentialAction\":[{\"@type\":\"ReadAction\",\"target\":[\"https:\/\/www.lourdes-france.org\/de\/organisation-du-sanctuaire\/association-lourdes-solidarite\/\"]}]},{\"@type\":\"ImageObject\",\"inLanguage\":\"de\",\"@id\":\"https:\/\/www.lourdes-france.org\/de\/organisation-du-sanctuaire\/association-lourdes-solidarite\/#primaryimage\",\"url\":\"https:\/\/www.lourdes-france.org\/wp-content\/uploads\/2025\/08\/lourdes-solidarites.jpg\",\"contentUrl\":\"https:\/\/www.lourdes-france.org\/wp-content\/uploads\/2025\/08\/lourdes-solidarites.jpg\",\"width\":1080,\"height\":1350,\"caption\":\"Lourdes solidarit\u00e9s\"},{\"@type\":\"BreadcrumbList\",\"@id\":\"https:\/\/www.lourdes-france.org\/de\/organisation-du-sanctuaire\/association-lourdes-solidarite\/#breadcrumb\",\"itemListElement\":[{\"@type\":\"ListItem\",\"position\":1,\"name\":\"Accueil\",\"item\":\"https:\/\/www.lourdes-france.org\/\"},{\"@type\":\"ListItem\",\"position\":2,\"name\":\"Organisation du Sanctuaire\",\"item\":\"https:\/\/www.lourdes-france.org\/organisation-sanctuaire-lourdes\/\"},{\"@type\":\"ListItem\",\"position\":3,\"name\":\"Lourdes Solidarit\u00e9\"}]},{\"@type\":\"WebSite\",\"@id\":\"https:\/\/preprod-lourdes.cawita.com\/#website\",\"url\":\"https:\/\/preprod-lourdes.cawita.com\/\",\"name\":\"Soutenir le Sanctuaire Notre-Dame de Lourdes\",\"description\":\"\",\"potentialAction\":[{\"@type\":\"SearchAction\",\"target\":{\"@type\":\"EntryPoint\",\"urlTemplate\":\"https:\/\/preprod-lourdes.cawita.com\/?s={search_term_string}\"},\"query-input\":{\"@type\":\"PropertyValueSpecification\",\"valueRequired\":true,\"valueName\":\"search_term_string\"}}],\"inLanguage\":\"de\"}]}<\/script>\n<!-- \/ Yoast SEO plugin. -->","yoast_head_json":{"title":"Association Lourdes solidarit\u00e9","description":"L\u2019association Lourdes solidarit\u00e9 a pour objet de d\u00e9velopper toutes activit\u00e9s sociales et m\u00e9dico-sociales aupr\u00e8s des plus d\u00e9munis.","robots":{"index":"index","follow":"follow","max-snippet":"max-snippet:-1","max-image-preview":"max-image-preview:large","max-video-preview":"max-video-preview:-1"},"canonical":"https:\/\/www.lourdes-france.org\/de\/organisation-du-sanctuaire\/association-lourdes-solidarite\/","twitter_misc":{"Gesch\u00e4tzte Lesezeit":"2\u00a0Minuten"},"schema":{"@context":"https:\/\/schema.org","@graph":[{"@type":"WebPage","@id":"https:\/\/www.lourdes-france.org\/de\/organisation-du-sanctuaire\/association-lourdes-solidarite\/","url":"https:\/\/www.lourdes-france.org\/de\/organisation-du-sanctuaire\/association-lourdes-solidarite\/","name":"Association Lourdes solidarit\u00e9","isPartOf":{"@id":"https:\/\/preprod-lourdes.cawita.com\/#website"},"primaryImageOfPage":{"@id":"https:\/\/www.lourdes-france.org\/de\/organisation-du-sanctuaire\/association-lourdes-solidarite\/#primaryimage"},"image":{"@id":"https:\/\/www.lourdes-france.org\/de\/organisation-du-sanctuaire\/association-lourdes-solidarite\/#primaryimage"},"thumbnailUrl":"https:\/\/www.lourdes-france.org\/wp-content\/uploads\/2025\/08\/lourdes-solidarites.jpg","datePublished":"2025-07-15T14:14:05+00:00","dateModified":"2025-08-25T10:40:43+00:00","description":"L\u2019association Lourdes solidarit\u00e9 a pour objet de d\u00e9velopper toutes activit\u00e9s sociales et m\u00e9dico-sociales aupr\u00e8s des plus d\u00e9munis.","breadcrumb":{"@id":"https:\/\/www.lourdes-france.org\/de\/organisation-du-sanctuaire\/association-lourdes-solidarite\/#breadcrumb"},"inLanguage":"de","potentialAction":[{"@type":"ReadAction","target":["https:\/\/www.lourdes-france.org\/de\/organisation-du-sanctuaire\/association-lourdes-solidarite\/"]}]},{"@type":"ImageObject","inLanguage":"de","@id":"https:\/\/www.lourdes-france.org\/de\/organisation-du-sanctuaire\/association-lourdes-solidarite\/#primaryimage","url":"https:\/\/www.lourdes-france.org\/wp-content\/uploads\/2025\/08\/lourdes-solidarites.jpg","contentUrl":"https:\/\/www.lourdes-france.org\/wp-content\/uploads\/2025\/08\/lourdes-solidarites.jpg","width":1080,"height":1350,"caption":"Lourdes solidarit\u00e9s"},{"@type":"BreadcrumbList","@id":"https:\/\/www.lourdes-france.org\/de\/organisation-du-sanctuaire\/association-lourdes-solidarite\/#breadcrumb","itemListElement":[{"@type":"ListItem","position":1,"name":"Accueil","item":"https:\/\/www.lourdes-france.org\/"},{"@type":"ListItem","position":2,"name":"Organisation du Sanctuaire","item":"https:\/\/www.lourdes-france.org\/organisation-sanctuaire-lourdes\/"},{"@type":"ListItem","position":3,"name":"Lourdes Solidarit\u00e9"}]},{"@type":"WebSite","@id":"https:\/\/preprod-lourdes.cawita.com\/#website","url":"https:\/\/preprod-lourdes.cawita.com\/","name":"Soutenir le Sanctuaire Notre-Dame de Lourdes","description":"","potentialAction":[{"@type":"SearchAction","target":{"@type":"EntryPoint","urlTemplate":"https:\/\/preprod-lourdes.cawita.com\/?s={search_term_string}"},"query-input":{"@type":"PropertyValueSpecification","valueRequired":true,"valueName":"search_term_string"}}],"inLanguage":"de"}]}},"_links":{"self":[{"href":"https:\/\/www.lourdes-france.org\/de\/wp-json\/wp\/v2\/pages\/1058144","targetHints":{"allow":["GET"]}}],"collection":[{"href":"https:\/\/www.lourdes-france.org\/de\/wp-json\/wp\/v2\/pages"}],"about":[{"href":"https:\/\/www.lourdes-france.org\/de\/wp-json\/wp\/v2\/types\/page"}],"author":[{"embeddable":true,"href":"https:\/\/www.lourdes-france.org\/de\/wp-json\/wp\/v2\/users\/7"}],"replies":[{"embeddable":true,"href":"https:\/\/www.lourdes-france.org\/de\/wp-json\/wp\/v2\/comments?post=1058144"}],"version-history":[{"count":3,"href":"https:\/\/www.lourdes-france.org\/de\/wp-json\/wp\/v2\/pages\/1058144\/revisions"}],"predecessor-version":[{"id":1060249,"href":"https:\/\/www.lourdes-france.org\/de\/wp-json\/wp\/v2\/pages\/1058144\/revisions\/1060249"}],"up":[{"embeddable":true,"href":"https:\/\/www.lourdes-france.org\/de\/wp-json\/wp\/v2\/pages\/889623"}],"wp:featuredmedia":[{"embeddable":true,"href":"https:\/\/www.lourdes-france.org\/de\/wp-json\/wp\/v2\/media\/1054375"}],"wp:attachment":[{"href":"https:\/\/www.lourdes-france.org\/de\/wp-json\/wp\/v2\/media?parent=1058144"}],"curies":[{"name":"wp","href":"https:\/\/api.w.org\/{rel}","templated":true}]}}