{"id":1058154,"date":"2025-07-15T16:26:01","date_gmt":"2025-07-15T14:26:01","guid":{"rendered":"https:\/\/www.lourdes-france.org\/organisation-du-sanctuaire\/association-lourdes-environnement\/"},"modified":"2025-08-25T12:34:18","modified_gmt":"2025-08-25T10:34:18","slug":"association-lourdes-environnement","status":"publish","type":"page","link":"https:\/\/www.lourdes-france.org\/de\/organisation-du-sanctuaire\/association-lourdes-environnement\/","title":{"rendered":"Lourdes Environnement"},"content":{"rendered":"\t\t<div data-elementor-type=\"wp-page\" data-elementor-id=\"1058154\" class=\"elementor elementor-1058154 elementor-1033079\" data-elementor-post-type=\"page\">\n\t\t\t\t\t\t<section class=\"elementor-section elementor-top-section elementor-element elementor-element-311f84e elementor-section-full_width elementor-section-stretched elementor-section-height-default elementor-section-height-default\" data-id=\"311f84e\" data-element_type=\"section\" data-settings=\"{&quot;stretch_section&quot;:&quot;section-stretched&quot;,&quot;background_background&quot;:&quot;classic&quot;}\">\n\t\t\t\t\t\t\t<div class=\"elementor-background-overlay\"><\/div>\n\t\t\t\t\t\t\t<div class=\"elementor-container elementor-column-gap-default\">\n\t\t\t\t\t<div class=\"elementor-column elementor-col-100 elementor-top-column elementor-element elementor-element-c47a9c1\" data-id=\"c47a9c1\" data-element_type=\"column\">\n\t\t\t<div class=\"elementor-widget-wrap elementor-element-populated\">\n\t\t\t\t\t\t<div class=\"elementor-element elementor-element-da35dae elementor-widget elementor-widget-spacer\" data-id=\"da35dae\" data-element_type=\"widget\" data-widget_type=\"spacer.default\">\n\t\t\t\t<div class=\"elementor-widget-container\">\n\t\t\t\t\t\t\t<div class=\"elementor-spacer\">\n\t\t\t<div class=\"elementor-spacer-inner\"><\/div>\n\t\t<\/div>\n\t\t\t\t\t\t<\/div>\n\t\t\t\t<\/div>\n\t\t\t\t<div class=\"elementor-element elementor-element-c592306 elementor-widget elementor-widget-image\" data-id=\"c592306\" data-element_type=\"widget\" data-widget_type=\"image.default\">\n\t\t\t\t<div class=\"elementor-widget-container\">\n\t\t\t\t\t\t\t\t\t\t\t\t\t\t\t<img fetchpriority=\"high\" decoding=\"async\" width=\"876\" height=\"246\" src=\"https:\/\/www.lourdes-france.org\/wp-content\/uploads\/2025\/07\/logo_jeunesse.png\" class=\"attachment-large size-large wp-image-1033209\" alt=\"logo Lourdes Environnement\" srcset=\"https:\/\/www.lourdes-france.org\/wp-content\/uploads\/2025\/07\/logo_jeunesse.png 876w, https:\/\/www.lourdes-france.org\/wp-content\/uploads\/2025\/07\/logo_jeunesse-300x84.png 300w, https:\/\/www.lourdes-france.org\/wp-content\/uploads\/2025\/07\/logo_jeunesse-768x216.png 768w\" sizes=\"(max-width: 876px) 100vw, 876px\" \/>\t\t\t\t\t\t\t\t\t\t\t\t\t\t\t<\/div>\n\t\t\t\t<\/div>\n\t\t\t\t<div class=\"elementor-element elementor-element-5cc6ca7 elementor-widget elementor-widget-spacer\" data-id=\"5cc6ca7\" data-element_type=\"widget\" data-widget_type=\"spacer.default\">\n\t\t\t\t<div class=\"elementor-widget-container\">\n\t\t\t\t\t\t\t<div class=\"elementor-spacer\">\n\t\t\t<div class=\"elementor-spacer-inner\"><\/div>\n\t\t<\/div>\n\t\t\t\t\t\t<\/div>\n\t\t\t\t<\/div>\n\t\t\t\t\t<\/div>\n\t\t<\/div>\n\t\t\t\t\t<\/div>\n\t\t<\/section>\n\t\t\t\t<section class=\"elementor-section elementor-top-section elementor-element elementor-element-2d09ab1 elementor-section-full_width elementor-section-height-default elementor-section-height-default\" data-id=\"2d09ab1\" data-element_type=\"section\" data-settings=\"{&quot;background_background&quot;:&quot;classic&quot;}\">\n\t\t\t\t\t\t<div class=\"elementor-container elementor-column-gap-default\">\n\t\t\t\t\t<div class=\"elementor-column elementor-col-100 elementor-top-column elementor-element elementor-element-30934f5\" data-id=\"30934f5\" data-element_type=\"column\">\n\t\t\t<div class=\"elementor-widget-wrap elementor-element-populated\">\n\t\t\t\t\t\t<div class=\"elementor-element elementor-element-8c8cfd4 elementor-widget elementor-widget-spacer\" data-id=\"8c8cfd4\" data-element_type=\"widget\" data-widget_type=\"spacer.default\">\n\t\t\t\t<div class=\"elementor-widget-container\">\n\t\t\t\t\t\t\t<div class=\"elementor-spacer\">\n\t\t\t<div class=\"elementor-spacer-inner\"><\/div>\n\t\t<\/div>\n\t\t\t\t\t\t<\/div>\n\t\t\t\t<\/div>\n\t\t\t\t<div class=\"elementor-element elementor-element-a93e991 elementor-widget elementor-widget-heading\" data-id=\"a93e991\" data-element_type=\"widget\" data-widget_type=\"heading.default\">\n\t\t\t\t<div class=\"elementor-widget-container\">\n\t\t\t\t\t<h2 class=\"elementor-heading-title elementor-size-default\">VEREIN NACH DEM GESETZ VON 1901 VON ALLGEMEINEM INTERESSE\n\u00ab LOURDES ENVIRONNEMENT \u00bb<\/h2>\t\t\t\t<\/div>\n\t\t\t\t<\/div>\n\t\t\t\t<div class=\"elementor-element elementor-element-f3c5416 elementor-widget elementor-widget-heading\" data-id=\"f3c5416\" data-element_type=\"widget\" data-widget_type=\"heading.default\">\n\t\t\t\t<div class=\"elementor-widget-container\">\n\t\t\t\t\t<h2 class=\"elementor-heading-title elementor-size-default\">_________________<\/h2>\t\t\t\t<\/div>\n\t\t\t\t<\/div>\n\t\t\t\t<div class=\"elementor-element elementor-element-71372f1 elementor-widget elementor-widget-text-editor\" data-id=\"71372f1\" data-element_type=\"widget\" data-widget_type=\"text-editor.default\">\n\t\t\t\t<div class=\"elementor-widget-container\">\n\t\t\t\t\t\t\t\t\t<div class=\"page\" title=\"Page 3\"><div class=\"layoutArea\"><div class=\"column\"><h2>Auszug aus der Satzung:<\/h2><p>Der Verein hat zum Ziel, alle Aktivita\u0308ten von allgemeinem Interesse zu entwickeln, die darauf abzielen, aufzuwerten und zu erhalten, sowie ganz allgemein alle Aktivita\u0308ten durchzufu\u0308hren, die zur Erhaltung und Regeneration der natu\u0308rlichen Umwelt der <a href=\"https:\/\/www.lourdes-france.org\/organisation-sanctuaire-lourdes\/\">Wallfahrtssta\u0308tte von Lourdes<\/a> beitragen, im Rahmen einer vorbildlichen Bewirtschaftung, die den o\u0308kologischen Herausforderungen der Anpassung der O\u0308kosysteme an den Klimawandel gerecht wird.<\/p><h2>Ma\u00dfnahmen und Projekte:<\/h2><p>Das Gela\u0308nde der Wallfahrtssta\u0308tte umfasst 55 Hektar, darunter u\u0308berwiegend <a href=\"https:\/\/www.lourdes-france.org\/?page_id=1023880&amp;preview=true\">Gru\u0308nfla\u0308chen<\/a> und zahlreiche bemerkenswerte Ba\u0308ume, mehrere Kilometer Ufer des Gave de Pau, der durch die Wallfahrtssta\u0308tte flie\u00dft, und ein bemerkenswertes Felsengut. Es ist Teil des Natura-2000- Netzwerks.<\/p><p>Die Erhaltung dieses Naturerbes umfasst neben der ta\u0308glichen Pflege auch den Schutz der Artenvielfalt (Beka\u0308mpfung invasiver Arten, Erhaltung der Lebensra\u0308ume von Wanderfischen im Gave, von Vo\u0308geln und Insekten auf dem Gela\u0308nde, Anpflanzung einheimischer Baumarten).<\/p><p>Das Wasserkraftwerk der Wallfahrtssta\u0308tte deckt 50 % des <a href=\"https:\/\/www.lourdes-france.org\/?page_id=1023882&amp;preview=true\">Strombedarfs des Gela\u0308ndes<\/a>.<\/p><p>Ein Projekt zielt darauf ab, die Wallfahrtssta\u0308tte vollsta\u0308ndig energieautark zu machen und damit auch ihren CO2-Fu\u00dfabdruck deutlich zu reduzieren.<\/p><p>Verschiedene Projekte und Bildungsma\u00dfnahmen sind geplant, um das natu\u0308rliche Kulturerbe der Wallfahrtssta\u0308tte aufzuwerten und die O\u0308ffentlichkeit fu\u0308r ein nachhaltiges Engagement zu sensibilisieren und zu mobilisieren.<\/p><h2>Wie Sie spenden ko\u0308nnen:<\/h2><p><em>Der Stiftungsfonds Lourdes United nimmt Spenden fu\u0308r Lourdes Environnement entgegen und verteilt sie weiter.<\/em><\/p><\/div><\/div><\/div><div class=\"page\" title=\"Page 4\"><div class=\"layoutArea\"><div class=\"column\"><p>Per Scheck (franzo\u0308sisch) ausgestellt auf \u201eLourdes United\u201d und adressiert an Sanctuaire Notre Dame de Lourdes, Services des Donateurs, 1 avenue Mgr The\u0301as, 65100 LOURDES<\/p><p>Per Banku\u0308berweisung: Kontaktieren Sie <a href=\"mailto:donateur@lourdes-france.com\">donateur@lourdes-france.com<\/a><br \/>Bei Fragen: <a href=\"mailto:donateur@lourdes-france.com\">donateur@lourdes-france.com<\/a> oder +33 5 62 42 82 82<\/p><\/div><\/div><\/div>\t\t\t\t\t\t\t\t<\/div>\n\t\t\t\t<\/div>\n\t\t\t\t<div class=\"elementor-element elementor-element-99eb007 elementor-widget elementor-widget-link-in-bio\" data-id=\"99eb007\" data-element_type=\"widget\" data-widget_type=\"link-in-bio.default\">\n\t\t\t\t<div class=\"elementor-widget-container\">\n\t\t\t\t\t\t\t<div class=\"e-link-in-bio e-link-in-bio\">\n\t\t\t<div class=\"e-link-in-bio__content\">\n\n\t\t\t\t\t\t<div class=\"e-link-in-bio__identity\">\n\t\t\t\t\t\t\t\t\t<div class=\"e-link-in-bio__identity-image e-link-in-bio__identity-image-profile has-border has-style-circle\">\n\t\t\t\t\t\t\t<img decoding=\"async\" width=\"300\" height=\"200\" src=\"https:\/\/www.lourdes-france.org\/wp-content\/uploads\/2025\/07\/21_service-donateur-01-300x200.jpg\" class=\"e-link-in-bio__identity-image-element\" alt=\"Service des donateurs Corrine et Cathy\" srcset=\"https:\/\/www.lourdes-france.org\/wp-content\/uploads\/2025\/07\/21_service-donateur-01-300x200.jpg 300w, https:\/\/www.lourdes-france.org\/wp-content\/uploads\/2025\/07\/21_service-donateur-01-1024x683.jpg 1024w, https:\/\/www.lourdes-france.org\/wp-content\/uploads\/2025\/07\/21_service-donateur-01-768x512.jpg 768w, https:\/\/www.lourdes-france.org\/wp-content\/uploads\/2025\/07\/21_service-donateur-01-1536x1024.jpg 1536w, https:\/\/www.lourdes-france.org\/wp-content\/uploads\/2025\/07\/21_service-donateur-01-2048x1365.jpg 2048w\" sizes=\"(max-width: 300px) 100vw, 300px\" \/>\t\t\t\t\t\t\t\t\t\t\t\t\t<\/div>\n\t\t\t\t\t\t\t<\/div>\n\t\t\t\t\t<div class=\"e-link-in-bio__bio\">\n\t\t\t\t<h2 class=\"e-link-in-bio__heading\">Service des Donateurs<\/h2>\t\t\t\t<h2 class=\"e-link-in-bio__title\">Sanctuaire Notre-Dame de Lourdes<\/h2>\t\t\t\t\t\t\t\t\t\t\t<\/div>\n\t\t\t\t\t<div class=\"e-link-in-bio__icons has-size-medium\">\n\t\t\t\t\t\t\t<div class=\"e-link-in-bio__icon is-size-medium\">\n\t\t\t\t\t<a aria-label=\"Telephone\" class=\"e-link-in-bio__icon-link\" href=\"tel:+33562428282\">\n\t\t\t\t\t\t<span class=\"e-link-in-bio__icon-svg\">\n\t\t\t\t\t\t\t<i aria-hidden=\"true\" class=\"fas fa-phone-alt\"><\/i>\t\t\t\t\t\t<\/span>\n\t\t\t\t\t\t\t\t\t\t\t<\/a>\n\t\t\t\t<\/div>\n\t\t\t\t\t\t\t<div class=\"e-link-in-bio__icon is-size-medium\">\n\t\t\t\t\t<a aria-label=\"Email\" class=\"e-link-in-bio__icon-link\" href=\"mailto:donateur@lourdes-france.com\">\n\t\t\t\t\t\t<span class=\"e-link-in-bio__icon-svg\">\n\t\t\t\t\t\t\t<i aria-hidden=\"true\" class=\"fas fa-envelope\"><\/i>\t\t\t\t\t\t<\/span>\n\t\t\t\t\t\t\t\t\t\t\t<\/a>\n\t\t\t\t<\/div>\n\t\t\t\t\t<\/div>\n\t\t\n\t\t<div class=\"e-link-in-bio__ctas has-type-button\">\n\t\t\t\t\t\t\t<a target=\"_blank\" rel=\"noopener \" class=\"e-link-in-bio__cta is-type-button has-corners-rounded\" href=\"\">\n\t\t\t\t\t\t\t\t\t\t<span class=\"e-link-in-bio__cta-text\">\n\t\t\t\t\t\t1 avenue Mgr Th\u00e9as \u2013 65 108 Lourdes  France\t\t\t\t\t<\/span>\n\t\t\t\t<\/a>\n\t\t\t\t\t<\/div>\n\t\t\n\t\t\t<\/div>\n\t\t\t<div class=\"e-link-in-bio__bg\">\n\t\t\t\t<div class=\"e-link-in-bio__bg-overlay\"><\/div>\n\t\t\t<\/div>\n\t\t<\/div>\n\t\t\t\t\t\t<\/div>\n\t\t\t\t<\/div>\n\t\t\t\t<div class=\"elementor-element elementor-element-c7d1c44 elementor-view-default elementor-widget elementor-widget-icon\" data-id=\"c7d1c44\" data-element_type=\"widget\" data-widget_type=\"icon.default\">\n\t\t\t\t<div class=\"elementor-widget-container\">\n\t\t\t\t\t\t\t<div class=\"elementor-icon-wrapper\">\n\t\t\t<div class=\"elementor-icon\">\n\t\t\t<i aria-hidden=\"true\" class=\"fas fa-church\"><\/i>\t\t\t<\/div>\n\t\t<\/div>\n\t\t\t\t\t\t<\/div>\n\t\t\t\t<\/div>\n\t\t\t\t\t<\/div>\n\t\t<\/div>\n\t\t\t\t\t<\/div>\n\t\t<\/section>\n\t\t\t\t<\/div>\n\t\t","protected":false},"excerpt":{"rendered":"<p>VEREIN NACH DEM GESETZ VON 1901 VON ALLGEMEINEM INTERESSE \u00ab LOURDES ENVIRONNEMENT \u00bb _________________ Auszug aus der Satzung: Der Verein hat zum Ziel, alle Aktivita\u0308ten von allgemeinem Interesse zu entwickeln, die darauf abzielen, aufzuwerten und zu erhalten, sowie ganz allgemein &hellip; <a href=\"https:\/\/www.lourdes-france.org\/de\/organisation-du-sanctuaire\/association-lourdes-environnement\/\">Weiter<\/a><\/p>\n","protected":false},"author":7,"featured_media":1054400,"parent":889623,"menu_order":0,"comment_status":"closed","ping_status":"closed","template":"","meta":{"_acf_changed":false,"footnotes":""},"class_list":["post-1058154","page","type-page","status-publish","has-post-thumbnail","hentry"],"acf":[],"yoast_head":"<!-- This site is optimized with the Yoast SEO plugin v24.7 - https:\/\/yoast.com\/wordpress\/plugins\/seo\/ -->\n<title>Association Lourdes environnement<\/title>\n<meta name=\"description\" content=\"L\u2019association Lourdes environnement a pour but de d\u00e9velopper toutes activit\u00e9s visant \u00e0 \u00e9tudier, valoriser et pr\u00e9server la biodiversit\u00e9 du Sanctuaire.\" \/>\n<meta name=\"robots\" content=\"index, follow, max-snippet:-1, max-image-preview:large, max-video-preview:-1\" \/>\n<link rel=\"canonical\" href=\"https:\/\/www.lourdes-france.org\/de\/organisation-du-sanctuaire\/association-lourdes-environnement\/\" \/>\n<meta name=\"twitter:label1\" content=\"Gesch\u00e4tzte Lesezeit\" \/>\n\t<meta name=\"twitter:data1\" content=\"2\u00a0Minuten\" \/>\n<script type=\"application\/ld+json\" class=\"yoast-schema-graph\">{\"@context\":\"https:\/\/schema.org\",\"@graph\":[{\"@type\":\"WebPage\",\"@id\":\"https:\/\/www.lourdes-france.org\/de\/organisation-du-sanctuaire\/association-lourdes-environnement\/\",\"url\":\"https:\/\/www.lourdes-france.org\/de\/organisation-du-sanctuaire\/association-lourdes-environnement\/\",\"name\":\"Association Lourdes environnement\",\"isPartOf\":{\"@id\":\"https:\/\/preprod-lourdes.cawita.com\/#website\"},\"primaryImageOfPage\":{\"@id\":\"https:\/\/www.lourdes-france.org\/de\/organisation-du-sanctuaire\/association-lourdes-environnement\/#primaryimage\"},\"image\":{\"@id\":\"https:\/\/www.lourdes-france.org\/de\/organisation-du-sanctuaire\/association-lourdes-environnement\/#primaryimage\"},\"thumbnailUrl\":\"https:\/\/www.lourdes-france.org\/wp-content\/uploads\/2025\/08\/lourdes-environnement.jpg\",\"datePublished\":\"2025-07-15T14:26:01+00:00\",\"dateModified\":\"2025-08-25T10:34:18+00:00\",\"description\":\"L\u2019association Lourdes environnement a pour but de d\u00e9velopper toutes activit\u00e9s visant \u00e0 \u00e9tudier, valoriser et pr\u00e9server la biodiversit\u00e9 du Sanctuaire.\",\"breadcrumb\":{\"@id\":\"https:\/\/www.lourdes-france.org\/de\/organisation-du-sanctuaire\/association-lourdes-environnement\/#breadcrumb\"},\"inLanguage\":\"de\",\"potentialAction\":[{\"@type\":\"ReadAction\",\"target\":[\"https:\/\/www.lourdes-france.org\/de\/organisation-du-sanctuaire\/association-lourdes-environnement\/\"]}]},{\"@type\":\"ImageObject\",\"inLanguage\":\"de\",\"@id\":\"https:\/\/www.lourdes-france.org\/de\/organisation-du-sanctuaire\/association-lourdes-environnement\/#primaryimage\",\"url\":\"https:\/\/www.lourdes-france.org\/wp-content\/uploads\/2025\/08\/lourdes-environnement.jpg\",\"contentUrl\":\"https:\/\/www.lourdes-france.org\/wp-content\/uploads\/2025\/08\/lourdes-environnement.jpg\",\"width\":1080,\"height\":1350,\"caption\":\"Association Lourdes environnement\"},{\"@type\":\"BreadcrumbList\",\"@id\":\"https:\/\/www.lourdes-france.org\/de\/organisation-du-sanctuaire\/association-lourdes-environnement\/#breadcrumb\",\"itemListElement\":[{\"@type\":\"ListItem\",\"position\":1,\"name\":\"Accueil\",\"item\":\"https:\/\/www.lourdes-france.org\/\"},{\"@type\":\"ListItem\",\"position\":2,\"name\":\"Organisation du Sanctuaire\",\"item\":\"https:\/\/www.lourdes-france.org\/organisation-sanctuaire-lourdes\/\"},{\"@type\":\"ListItem\",\"position\":3,\"name\":\"Lourdes Environnement\"}]},{\"@type\":\"WebSite\",\"@id\":\"https:\/\/preprod-lourdes.cawita.com\/#website\",\"url\":\"https:\/\/preprod-lourdes.cawita.com\/\",\"name\":\"Soutenir le Sanctuaire Notre-Dame de Lourdes\",\"description\":\"\",\"potentialAction\":[{\"@type\":\"SearchAction\",\"target\":{\"@type\":\"EntryPoint\",\"urlTemplate\":\"https:\/\/preprod-lourdes.cawita.com\/?s={search_term_string}\"},\"query-input\":{\"@type\":\"PropertyValueSpecification\",\"valueRequired\":true,\"valueName\":\"search_term_string\"}}],\"inLanguage\":\"de\"}]}<\/script>\n<!-- \/ Yoast SEO plugin. -->","yoast_head_json":{"title":"Association Lourdes environnement","description":"L\u2019association Lourdes environnement a pour but de d\u00e9velopper toutes activit\u00e9s visant \u00e0 \u00e9tudier, valoriser et pr\u00e9server la biodiversit\u00e9 du Sanctuaire.","robots":{"index":"index","follow":"follow","max-snippet":"max-snippet:-1","max-image-preview":"max-image-preview:large","max-video-preview":"max-video-preview:-1"},"canonical":"https:\/\/www.lourdes-france.org\/de\/organisation-du-sanctuaire\/association-lourdes-environnement\/","twitter_misc":{"Gesch\u00e4tzte Lesezeit":"2\u00a0Minuten"},"schema":{"@context":"https:\/\/schema.org","@graph":[{"@type":"WebPage","@id":"https:\/\/www.lourdes-france.org\/de\/organisation-du-sanctuaire\/association-lourdes-environnement\/","url":"https:\/\/www.lourdes-france.org\/de\/organisation-du-sanctuaire\/association-lourdes-environnement\/","name":"Association Lourdes environnement","isPartOf":{"@id":"https:\/\/preprod-lourdes.cawita.com\/#website"},"primaryImageOfPage":{"@id":"https:\/\/www.lourdes-france.org\/de\/organisation-du-sanctuaire\/association-lourdes-environnement\/#primaryimage"},"image":{"@id":"https:\/\/www.lourdes-france.org\/de\/organisation-du-sanctuaire\/association-lourdes-environnement\/#primaryimage"},"thumbnailUrl":"https:\/\/www.lourdes-france.org\/wp-content\/uploads\/2025\/08\/lourdes-environnement.jpg","datePublished":"2025-07-15T14:26:01+00:00","dateModified":"2025-08-25T10:34:18+00:00","description":"L\u2019association Lourdes environnement a pour but de d\u00e9velopper toutes activit\u00e9s visant \u00e0 \u00e9tudier, valoriser et pr\u00e9server la biodiversit\u00e9 du Sanctuaire.","breadcrumb":{"@id":"https:\/\/www.lourdes-france.org\/de\/organisation-du-sanctuaire\/association-lourdes-environnement\/#breadcrumb"},"inLanguage":"de","potentialAction":[{"@type":"ReadAction","target":["https:\/\/www.lourdes-france.org\/de\/organisation-du-sanctuaire\/association-lourdes-environnement\/"]}]},{"@type":"ImageObject","inLanguage":"de","@id":"https:\/\/www.lourdes-france.org\/de\/organisation-du-sanctuaire\/association-lourdes-environnement\/#primaryimage","url":"https:\/\/www.lourdes-france.org\/wp-content\/uploads\/2025\/08\/lourdes-environnement.jpg","contentUrl":"https:\/\/www.lourdes-france.org\/wp-content\/uploads\/2025\/08\/lourdes-environnement.jpg","width":1080,"height":1350,"caption":"Association Lourdes environnement"},{"@type":"BreadcrumbList","@id":"https:\/\/www.lourdes-france.org\/de\/organisation-du-sanctuaire\/association-lourdes-environnement\/#breadcrumb","itemListElement":[{"@type":"ListItem","position":1,"name":"Accueil","item":"https:\/\/www.lourdes-france.org\/"},{"@type":"ListItem","position":2,"name":"Organisation du Sanctuaire","item":"https:\/\/www.lourdes-france.org\/organisation-sanctuaire-lourdes\/"},{"@type":"ListItem","position":3,"name":"Lourdes Environnement"}]},{"@type":"WebSite","@id":"https:\/\/preprod-lourdes.cawita.com\/#website","url":"https:\/\/preprod-lourdes.cawita.com\/","name":"Soutenir le Sanctuaire Notre-Dame de Lourdes","description":"","potentialAction":[{"@type":"SearchAction","target":{"@type":"EntryPoint","urlTemplate":"https:\/\/preprod-lourdes.cawita.com\/?s={search_term_string}"},"query-input":{"@type":"PropertyValueSpecification","valueRequired":true,"valueName":"search_term_string"}}],"inLanguage":"de"}]}},"_links":{"self":[{"href":"https:\/\/www.lourdes-france.org\/de\/wp-json\/wp\/v2\/pages\/1058154","targetHints":{"allow":["GET"]}}],"collection":[{"href":"https:\/\/www.lourdes-france.org\/de\/wp-json\/wp\/v2\/pages"}],"about":[{"href":"https:\/\/www.lourdes-france.org\/de\/wp-json\/wp\/v2\/types\/page"}],"author":[{"embeddable":true,"href":"https:\/\/www.lourdes-france.org\/de\/wp-json\/wp\/v2\/users\/7"}],"replies":[{"embeddable":true,"href":"https:\/\/www.lourdes-france.org\/de\/wp-json\/wp\/v2\/comments?post=1058154"}],"version-history":[{"count":3,"href":"https:\/\/www.lourdes-france.org\/de\/wp-json\/wp\/v2\/pages\/1058154\/revisions"}],"predecessor-version":[{"id":1060240,"href":"https:\/\/www.lourdes-france.org\/de\/wp-json\/wp\/v2\/pages\/1058154\/revisions\/1060240"}],"up":[{"embeddable":true,"href":"https:\/\/www.lourdes-france.org\/de\/wp-json\/wp\/v2\/pages\/889623"}],"wp:featuredmedia":[{"embeddable":true,"href":"https:\/\/www.lourdes-france.org\/de\/wp-json\/wp\/v2\/media\/1054400"}],"wp:attachment":[{"href":"https:\/\/www.lourdes-france.org\/de\/wp-json\/wp\/v2\/media?parent=1058154"}],"curies":[{"name":"wp","href":"https:\/\/api.w.org\/{rel}","templated":true}]}}