{"id":1058169,"date":"2025-08-18T12:00:05","date_gmt":"2025-08-18T10:00:05","guid":{"rendered":"https:\/\/www.lourdes-france.org\/organisation-du-sanctuaire\/fonds-de-partage-porteurs-esperance\/"},"modified":"2025-09-10T11:38:25","modified_gmt":"2025-09-10T09:38:25","slug":"fonds-de-partage-porteurs-esperance","status":"publish","type":"page","link":"https:\/\/www.lourdes-france.org\/de\/organisation-du-sanctuaire\/fonds-de-partage-porteurs-esperance\/","title":{"rendered":"Fonds de partage"},"content":{"rendered":"\t\t<div data-elementor-type=\"wp-page\" data-elementor-id=\"1058169\" class=\"elementor elementor-1058169 elementor-1033081\" data-elementor-post-type=\"page\">\n\t\t\t\t\t\t<section class=\"elementor-section elementor-top-section elementor-element elementor-element-a214dc2 elementor-section-full_width elementor-section-stretched elementor-section-height-default elementor-section-height-default\" data-id=\"a214dc2\" data-element_type=\"section\" data-settings=\"{&quot;stretch_section&quot;:&quot;section-stretched&quot;,&quot;background_background&quot;:&quot;classic&quot;}\">\n\t\t\t\t\t\t\t<div class=\"elementor-background-overlay\"><\/div>\n\t\t\t\t\t\t\t<div class=\"elementor-container elementor-column-gap-default\">\n\t\t\t\t\t<div class=\"elementor-column elementor-col-100 elementor-top-column elementor-element elementor-element-0621417\" data-id=\"0621417\" data-element_type=\"column\">\n\t\t\t<div class=\"elementor-widget-wrap elementor-element-populated\">\n\t\t\t\t\t\t<div class=\"elementor-element elementor-element-66c4db2 elementor-widget elementor-widget-spacer\" data-id=\"66c4db2\" data-element_type=\"widget\" data-widget_type=\"spacer.default\">\n\t\t\t\t<div class=\"elementor-widget-container\">\n\t\t\t\t\t\t\t<div class=\"elementor-spacer\">\n\t\t\t<div class=\"elementor-spacer-inner\"><\/div>\n\t\t<\/div>\n\t\t\t\t\t\t<\/div>\n\t\t\t\t<\/div>\n\t\t\t\t<div class=\"elementor-element elementor-element-0dd6dc1 elementor-widget elementor-widget-image\" data-id=\"0dd6dc1\" data-element_type=\"widget\" data-widget_type=\"image.default\">\n\t\t\t\t<div class=\"elementor-widget-container\">\n\t\t\t\t\t\t\t\t\t\t\t\t\t\t\t<img fetchpriority=\"high\" decoding=\"async\" width=\"1024\" height=\"1024\" src=\"https:\/\/www.lourdes-france.org\/wp-content\/uploads\/2025\/08\/porteur-esperance_esperance-blanc-1024x1024.png\" class=\"attachment-large size-large wp-image-1056196\" alt=\"\" srcset=\"https:\/\/www.lourdes-france.org\/wp-content\/uploads\/2025\/08\/porteur-esperance_esperance-blanc-1024x1024.png 1024w, https:\/\/www.lourdes-france.org\/wp-content\/uploads\/2025\/08\/porteur-esperance_esperance-blanc-300x300.png 300w, https:\/\/www.lourdes-france.org\/wp-content\/uploads\/2025\/08\/porteur-esperance_esperance-blanc-150x150.png 150w, https:\/\/www.lourdes-france.org\/wp-content\/uploads\/2025\/08\/porteur-esperance_esperance-blanc-768x768.png 768w, https:\/\/www.lourdes-france.org\/wp-content\/uploads\/2025\/08\/porteur-esperance_esperance-blanc-1536x1536.png 1536w, https:\/\/www.lourdes-france.org\/wp-content\/uploads\/2025\/08\/porteur-esperance_esperance-blanc.png 1772w\" sizes=\"(max-width: 1024px) 100vw, 1024px\" \/>\t\t\t\t\t\t\t\t\t\t\t\t\t\t\t<\/div>\n\t\t\t\t<\/div>\n\t\t\t\t<div class=\"elementor-element elementor-element-f7d84f0 elementor-widget elementor-widget-spacer\" data-id=\"f7d84f0\" data-element_type=\"widget\" data-widget_type=\"spacer.default\">\n\t\t\t\t<div class=\"elementor-widget-container\">\n\t\t\t\t\t\t\t<div class=\"elementor-spacer\">\n\t\t\t<div class=\"elementor-spacer-inner\"><\/div>\n\t\t<\/div>\n\t\t\t\t\t\t<\/div>\n\t\t\t\t<\/div>\n\t\t\t\t\t<\/div>\n\t\t<\/div>\n\t\t\t\t\t<\/div>\n\t\t<\/section>\n\t\t\t\t<section class=\"elementor-section elementor-top-section elementor-element elementor-element-5c23536 elementor-section-full_width elementor-section-height-default elementor-section-height-default\" data-id=\"5c23536\" data-element_type=\"section\" data-settings=\"{&quot;background_background&quot;:&quot;classic&quot;}\">\n\t\t\t\t\t\t<div class=\"elementor-container elementor-column-gap-default\">\n\t\t\t\t\t<div class=\"elementor-column elementor-col-100 elementor-top-column elementor-element elementor-element-a648d7e\" data-id=\"a648d7e\" data-element_type=\"column\">\n\t\t\t<div class=\"elementor-widget-wrap elementor-element-populated\">\n\t\t\t\t\t\t<div class=\"elementor-element elementor-element-7be6599 elementor-widget elementor-widget-spacer\" data-id=\"7be6599\" data-element_type=\"widget\" data-widget_type=\"spacer.default\">\n\t\t\t\t<div class=\"elementor-widget-container\">\n\t\t\t\t\t\t\t<div class=\"elementor-spacer\">\n\t\t\t<div class=\"elementor-spacer-inner\"><\/div>\n\t\t<\/div>\n\t\t\t\t\t\t<\/div>\n\t\t\t\t<\/div>\n\t\t\t\t<div class=\"elementor-element elementor-element-3b4f8b8 elementor-widget elementor-widget-heading\" data-id=\"3b4f8b8\" data-element_type=\"widget\" data-widget_type=\"heading.default\">\n\t\t\t\t<div class=\"elementor-widget-container\">\n\t\t\t\t\t<h2 class=\"elementor-heading-title elementor-size-default\">FONDS DE PARTAGE<\/h2>\t\t\t\t<\/div>\n\t\t\t\t<\/div>\n\t\t\t\t<div class=\"elementor-element elementor-element-e030c27 elementor-widget elementor-widget-heading\" data-id=\"e030c27\" data-element_type=\"widget\" data-widget_type=\"heading.default\">\n\t\t\t\t<div class=\"elementor-widget-container\">\n\t\t\t\t\t<h1 class=\"elementor-heading-title elementor-size-default\">PORTEURS D\u2019ESP\u00c9RANCE<\/h1>\t\t\t\t<\/div>\n\t\t\t\t<\/div>\n\t\t\t\t<div class=\"elementor-element elementor-element-55ddfae elementor-widget elementor-widget-heading\" data-id=\"55ddfae\" data-element_type=\"widget\" data-widget_type=\"heading.default\">\n\t\t\t\t<div class=\"elementor-widget-container\">\n\t\t\t\t\t<h2 class=\"elementor-heading-title elementor-size-default\">_________________<\/h2>\t\t\t\t<\/div>\n\t\t\t\t<\/div>\n\t\t\t\t<div class=\"elementor-element elementor-element-f9ca2cd elementor-widget elementor-widget-text-editor\" data-id=\"f9ca2cd\" data-element_type=\"widget\" data-widget_type=\"text-editor.default\">\n\t\t\t\t<div class=\"elementor-widget-container\">\n\t\t\t\t\t\t\t\t\t<p>Porteurs d&#8217;Esp\u00e9rance est un fonds de partage qui a pour objectif de pr\u00e9server le capital tout en respectant des crit\u00e8res ESG. Il offre une gestion flexible avec une poche obligataire qui a pour objectif de d\u00e9livrer du rendement tout en limitant la volatilit\u00e9 du portefeuille, et une poche actions pouvant aller jusqu\u2019\u00e0 50 %.<\/p><p>Le fonds contribue, au travers de dons et en fonction de la part s\u00e9lectionn\u00e9e, au financement du programme Entraide &amp; \u00c9ducation de la Fondation Notre Dame, des missions d\u2019\u00e9ducation et de solidarit\u00e9 des Foyers de Charit\u00e9, des actions de soutien en faveur du <a href=\"https:\/\/www.lourdes-france.org\/organisation-sanctuaire-lourdes\/\" target=\"_blank\" rel=\"noopener\">Sanctuaire Notre-Dame de Lourdes<\/a> ou\u00a0de l&#8217;association CORREF &amp; Compagnie.\u00a0<\/p><p>Pour plus d\u2019informations, merci de contacter\u00a0:<\/p><p><a href=\"mailto:porteursdesperance@lourdes-france.com\">porteursdesperance@lourdes-france.com<\/a> ou +33 5 62 42 82 82<\/p>\t\t\t\t\t\t\t\t<\/div>\n\t\t\t\t<\/div>\n\t\t\t\t<div class=\"elementor-element elementor-element-ad9eaab elementor-view-default elementor-widget elementor-widget-icon\" data-id=\"ad9eaab\" data-element_type=\"widget\" data-widget_type=\"icon.default\">\n\t\t\t\t<div class=\"elementor-widget-container\">\n\t\t\t\t\t\t\t<div class=\"elementor-icon-wrapper\">\n\t\t\t<div class=\"elementor-icon\">\n\t\t\t<i aria-hidden=\"true\" class=\"fas fa-church\"><\/i>\t\t\t<\/div>\n\t\t<\/div>\n\t\t\t\t\t\t<\/div>\n\t\t\t\t<\/div>\n\t\t\t\t\t<\/div>\n\t\t<\/div>\n\t\t\t\t\t<\/div>\n\t\t<\/section>\n\t\t\t\t<\/div>\n\t\t","protected":false},"excerpt":{"rendered":"<p>FONDS DE PARTAGE PORTEURS D\u2019ESPERANCE _________________ Porteurs d&#8217;Esp\u00e9rance est un fonds de partage qui a pour objectif de pr\u00e9server le capital tout en respectant des crit\u00e8res ESG. Il offre une gestion flexible avec une poche obligataire qui a pour objectif &hellip; <a href=\"https:\/\/www.lourdes-france.org\/de\/organisation-du-sanctuaire\/fonds-de-partage-porteurs-esperance\/\">Weiter<\/a><\/p>\n","protected":false},"author":7,"featured_media":1054408,"parent":889623,"menu_order":0,"comment_status":"closed","ping_status":"closed","template":"","meta":{"_acf_changed":false,"footnotes":""},"class_list":["post-1058169","page","type-page","status-publish","has-post-thumbnail","hentry"],"acf":[],"yoast_head":"<!-- This site is optimized with the Yoast SEO plugin v24.7 - https:\/\/yoast.com\/wordpress\/plugins\/seo\/ -->\n<title>Fonds de partage &quot;Porteurs d&#039;esp\u00e9rance&quot;<\/title>\n<meta name=\"description\" content=\"Fonds de partage &quot;Porteurs d&#039;esp\u00e9rance&quot; a pour objectif de pr\u00e9server le capital tout en respectant des crit\u00e8res ESG.\" \/>\n<meta name=\"robots\" content=\"index, follow, max-snippet:-1, max-image-preview:large, max-video-preview:-1\" \/>\n<link rel=\"canonical\" href=\"https:\/\/www.lourdes-france.org\/de\/organisation-du-sanctuaire\/fonds-de-partage-porteurs-esperance\/\" \/>\n<meta name=\"twitter:label1\" content=\"Gesch\u00e4tzte Lesezeit\" \/>\n\t<meta name=\"twitter:data1\" content=\"1\u00a0Minute\" \/>\n<script type=\"application\/ld+json\" class=\"yoast-schema-graph\">{\"@context\":\"https:\/\/schema.org\",\"@graph\":[{\"@type\":\"WebPage\",\"@id\":\"https:\/\/www.lourdes-france.org\/de\/organisation-du-sanctuaire\/fonds-de-partage-porteurs-esperance\/\",\"url\":\"https:\/\/www.lourdes-france.org\/de\/organisation-du-sanctuaire\/fonds-de-partage-porteurs-esperance\/\",\"name\":\"Fonds de partage \\\"Porteurs d'esp\u00e9rance\\\"\",\"isPartOf\":{\"@id\":\"https:\/\/preprod-lourdes.cawita.com\/#website\"},\"primaryImageOfPage\":{\"@id\":\"https:\/\/www.lourdes-france.org\/de\/organisation-du-sanctuaire\/fonds-de-partage-porteurs-esperance\/#primaryimage\"},\"image\":{\"@id\":\"https:\/\/www.lourdes-france.org\/de\/organisation-du-sanctuaire\/fonds-de-partage-porteurs-esperance\/#primaryimage\"},\"thumbnailUrl\":\"https:\/\/www.lourdes-france.org\/wp-content\/uploads\/2025\/08\/porteurs-esperence.jpg\",\"datePublished\":\"2025-08-18T10:00:05+00:00\",\"dateModified\":\"2025-09-10T09:38:25+00:00\",\"description\":\"Fonds de partage \\\"Porteurs d'esp\u00e9rance\\\" a pour objectif de pr\u00e9server le capital tout en respectant des crit\u00e8res ESG.\",\"breadcrumb\":{\"@id\":\"https:\/\/www.lourdes-france.org\/de\/organisation-du-sanctuaire\/fonds-de-partage-porteurs-esperance\/#breadcrumb\"},\"inLanguage\":\"de\",\"potentialAction\":[{\"@type\":\"ReadAction\",\"target\":[\"https:\/\/www.lourdes-france.org\/de\/organisation-du-sanctuaire\/fonds-de-partage-porteurs-esperance\/\"]}]},{\"@type\":\"ImageObject\",\"inLanguage\":\"de\",\"@id\":\"https:\/\/www.lourdes-france.org\/de\/organisation-du-sanctuaire\/fonds-de-partage-porteurs-esperance\/#primaryimage\",\"url\":\"https:\/\/www.lourdes-france.org\/wp-content\/uploads\/2025\/08\/porteurs-esperence.jpg\",\"contentUrl\":\"https:\/\/www.lourdes-france.org\/wp-content\/uploads\/2025\/08\/porteurs-esperence.jpg\",\"width\":1080,\"height\":1350,\"caption\":\"Fonds de partage \\\"Porteurs d'esp\u00e9rance\\\"\"},{\"@type\":\"BreadcrumbList\",\"@id\":\"https:\/\/www.lourdes-france.org\/de\/organisation-du-sanctuaire\/fonds-de-partage-porteurs-esperance\/#breadcrumb\",\"itemListElement\":[{\"@type\":\"ListItem\",\"position\":1,\"name\":\"Accueil\",\"item\":\"https:\/\/www.lourdes-france.org\/\"},{\"@type\":\"ListItem\",\"position\":2,\"name\":\"Organisation du Sanctuaire\",\"item\":\"https:\/\/www.lourdes-france.org\/organisation-sanctuaire-lourdes\/\"},{\"@type\":\"ListItem\",\"position\":3,\"name\":\"Fonds de partage\"}]},{\"@type\":\"WebSite\",\"@id\":\"https:\/\/preprod-lourdes.cawita.com\/#website\",\"url\":\"https:\/\/preprod-lourdes.cawita.com\/\",\"name\":\"Soutenir le Sanctuaire Notre-Dame de Lourdes\",\"description\":\"\",\"potentialAction\":[{\"@type\":\"SearchAction\",\"target\":{\"@type\":\"EntryPoint\",\"urlTemplate\":\"https:\/\/preprod-lourdes.cawita.com\/?s={search_term_string}\"},\"query-input\":{\"@type\":\"PropertyValueSpecification\",\"valueRequired\":true,\"valueName\":\"search_term_string\"}}],\"inLanguage\":\"de\"}]}<\/script>\n<!-- \/ Yoast SEO plugin. -->","yoast_head_json":{"title":"Fonds de partage \"Porteurs d'esp\u00e9rance\"","description":"Fonds de partage \"Porteurs d'esp\u00e9rance\" a pour objectif de pr\u00e9server le capital tout en respectant des crit\u00e8res ESG.","robots":{"index":"index","follow":"follow","max-snippet":"max-snippet:-1","max-image-preview":"max-image-preview:large","max-video-preview":"max-video-preview:-1"},"canonical":"https:\/\/www.lourdes-france.org\/de\/organisation-du-sanctuaire\/fonds-de-partage-porteurs-esperance\/","twitter_misc":{"Gesch\u00e4tzte Lesezeit":"1\u00a0Minute"},"schema":{"@context":"https:\/\/schema.org","@graph":[{"@type":"WebPage","@id":"https:\/\/www.lourdes-france.org\/de\/organisation-du-sanctuaire\/fonds-de-partage-porteurs-esperance\/","url":"https:\/\/www.lourdes-france.org\/de\/organisation-du-sanctuaire\/fonds-de-partage-porteurs-esperance\/","name":"Fonds de partage \"Porteurs d'esp\u00e9rance\"","isPartOf":{"@id":"https:\/\/preprod-lourdes.cawita.com\/#website"},"primaryImageOfPage":{"@id":"https:\/\/www.lourdes-france.org\/de\/organisation-du-sanctuaire\/fonds-de-partage-porteurs-esperance\/#primaryimage"},"image":{"@id":"https:\/\/www.lourdes-france.org\/de\/organisation-du-sanctuaire\/fonds-de-partage-porteurs-esperance\/#primaryimage"},"thumbnailUrl":"https:\/\/www.lourdes-france.org\/wp-content\/uploads\/2025\/08\/porteurs-esperence.jpg","datePublished":"2025-08-18T10:00:05+00:00","dateModified":"2025-09-10T09:38:25+00:00","description":"Fonds de partage \"Porteurs d'esp\u00e9rance\" a pour objectif de pr\u00e9server le capital tout en respectant des crit\u00e8res ESG.","breadcrumb":{"@id":"https:\/\/www.lourdes-france.org\/de\/organisation-du-sanctuaire\/fonds-de-partage-porteurs-esperance\/#breadcrumb"},"inLanguage":"de","potentialAction":[{"@type":"ReadAction","target":["https:\/\/www.lourdes-france.org\/de\/organisation-du-sanctuaire\/fonds-de-partage-porteurs-esperance\/"]}]},{"@type":"ImageObject","inLanguage":"de","@id":"https:\/\/www.lourdes-france.org\/de\/organisation-du-sanctuaire\/fonds-de-partage-porteurs-esperance\/#primaryimage","url":"https:\/\/www.lourdes-france.org\/wp-content\/uploads\/2025\/08\/porteurs-esperence.jpg","contentUrl":"https:\/\/www.lourdes-france.org\/wp-content\/uploads\/2025\/08\/porteurs-esperence.jpg","width":1080,"height":1350,"caption":"Fonds de partage \"Porteurs d'esp\u00e9rance\""},{"@type":"BreadcrumbList","@id":"https:\/\/www.lourdes-france.org\/de\/organisation-du-sanctuaire\/fonds-de-partage-porteurs-esperance\/#breadcrumb","itemListElement":[{"@type":"ListItem","position":1,"name":"Accueil","item":"https:\/\/www.lourdes-france.org\/"},{"@type":"ListItem","position":2,"name":"Organisation du Sanctuaire","item":"https:\/\/www.lourdes-france.org\/organisation-sanctuaire-lourdes\/"},{"@type":"ListItem","position":3,"name":"Fonds de partage"}]},{"@type":"WebSite","@id":"https:\/\/preprod-lourdes.cawita.com\/#website","url":"https:\/\/preprod-lourdes.cawita.com\/","name":"Soutenir le Sanctuaire Notre-Dame de Lourdes","description":"","potentialAction":[{"@type":"SearchAction","target":{"@type":"EntryPoint","urlTemplate":"https:\/\/preprod-lourdes.cawita.com\/?s={search_term_string}"},"query-input":{"@type":"PropertyValueSpecification","valueRequired":true,"valueName":"search_term_string"}}],"inLanguage":"de"}]}},"_links":{"self":[{"href":"https:\/\/www.lourdes-france.org\/de\/wp-json\/wp\/v2\/pages\/1058169","targetHints":{"allow":["GET"]}}],"collection":[{"href":"https:\/\/www.lourdes-france.org\/de\/wp-json\/wp\/v2\/pages"}],"about":[{"href":"https:\/\/www.lourdes-france.org\/de\/wp-json\/wp\/v2\/types\/page"}],"author":[{"embeddable":true,"href":"https:\/\/www.lourdes-france.org\/de\/wp-json\/wp\/v2\/users\/7"}],"replies":[{"embeddable":true,"href":"https:\/\/www.lourdes-france.org\/de\/wp-json\/wp\/v2\/comments?post=1058169"}],"version-history":[{"count":3,"href":"https:\/\/www.lourdes-france.org\/de\/wp-json\/wp\/v2\/pages\/1058169\/revisions"}],"predecessor-version":[{"id":1066735,"href":"https:\/\/www.lourdes-france.org\/de\/wp-json\/wp\/v2\/pages\/1058169\/revisions\/1066735"}],"up":[{"embeddable":true,"href":"https:\/\/www.lourdes-france.org\/de\/wp-json\/wp\/v2\/pages\/889623"}],"wp:featuredmedia":[{"embeddable":true,"href":"https:\/\/www.lourdes-france.org\/de\/wp-json\/wp\/v2\/media\/1054408"}],"wp:attachment":[{"href":"https:\/\/www.lourdes-france.org\/de\/wp-json\/wp\/v2\/media?parent=1058169"}],"curies":[{"name":"wp","href":"https:\/\/api.w.org\/{rel}","templated":true}]}}