{"id":1058523,"date":"2025-08-20T09:26:49","date_gmt":"2025-08-20T07:26:49","guid":{"rendered":"https:\/\/www.lourdes-france.org\/pelerinages-organises-de-lourdes\/"},"modified":"2025-11-06T10:04:13","modified_gmt":"2025-11-06T09:04:13","slug":"die-organisierten-wallfahrten-nach-lourdes","status":"publish","type":"page","link":"https:\/\/www.lourdes-france.org\/de\/die-organisierten-wallfahrten-nach-lourdes\/","title":{"rendered":"Die organisierten Wallfahrten nach Lourdes"},"content":{"rendered":"\t\t<div data-elementor-type=\"wp-page\" data-elementor-id=\"1058523\" class=\"elementor elementor-1058523 elementor-1057719\" data-elementor-post-type=\"page\">\n\t\t\t\t\t\t<section class=\"elementor-section elementor-top-section elementor-element elementor-element-8606a60 elementor-section-full_width elementor-section-stretched elementor-section-height-default elementor-section-height-default\" data-id=\"8606a60\" data-element_type=\"section\" data-settings=\"{&quot;stretch_section&quot;:&quot;section-stretched&quot;,&quot;background_background&quot;:&quot;classic&quot;}\">\n\t\t\t\t\t\t<div class=\"elementor-container elementor-column-gap-default\">\n\t\t\t\t\t<div class=\"elementor-column elementor-col-100 elementor-top-column elementor-element elementor-element-6d1362f\" data-id=\"6d1362f\" data-element_type=\"column\">\n\t\t\t<div class=\"elementor-widget-wrap elementor-element-populated\">\n\t\t\t\t\t\t<div class=\"elementor-element elementor-element-ddc845f elementor-widget elementor-widget-spacer\" data-id=\"ddc845f\" data-element_type=\"widget\" data-widget_type=\"spacer.default\">\n\t\t\t\t<div class=\"elementor-widget-container\">\n\t\t\t\t\t\t\t<div class=\"elementor-spacer\">\n\t\t\t<div class=\"elementor-spacer-inner\"><\/div>\n\t\t<\/div>\n\t\t\t\t\t\t<\/div>\n\t\t\t\t<\/div>\n\t\t\t\t\t<\/div>\n\t\t<\/div>\n\t\t\t\t\t<\/div>\n\t\t<\/section>\n\t\t\t\t<section class=\"elementor-section elementor-top-section elementor-element elementor-element-e1f674f elementor-section-full_width elementor-section-height-default elementor-section-height-default\" data-id=\"e1f674f\" data-element_type=\"section\" data-settings=\"{&quot;background_background&quot;:&quot;classic&quot;}\">\n\t\t\t\t\t\t<div class=\"elementor-container elementor-column-gap-default\">\n\t\t\t\t\t<div class=\"elementor-column elementor-col-100 elementor-top-column elementor-element elementor-element-95f9054\" data-id=\"95f9054\" data-element_type=\"column\">\n\t\t\t<div class=\"elementor-widget-wrap elementor-element-populated\">\n\t\t\t\t\t\t<div class=\"elementor-element elementor-element-26e2f7e elementor-widget elementor-widget-spacer\" data-id=\"26e2f7e\" data-element_type=\"widget\" data-widget_type=\"spacer.default\">\n\t\t\t\t<div class=\"elementor-widget-container\">\n\t\t\t\t\t\t\t<div class=\"elementor-spacer\">\n\t\t\t<div class=\"elementor-spacer-inner\"><\/div>\n\t\t<\/div>\n\t\t\t\t\t\t<\/div>\n\t\t\t\t<\/div>\n\t\t\t\t<div class=\"elementor-element elementor-element-ead11da elementor-widget elementor-widget-heading\" data-id=\"ead11da\" data-element_type=\"widget\" data-widget_type=\"heading.default\">\n\t\t\t\t<div class=\"elementor-widget-container\">\n\t\t\t\t\t<h2 class=\"elementor-heading-title elementor-size-default\">Die organisierten Wallfahrten nach Lourdes\n<\/h2>\t\t\t\t<\/div>\n\t\t\t\t<\/div>\n\t\t\t\t<div class=\"elementor-element elementor-element-ddccbfc elementor-widget elementor-widget-heading\" data-id=\"ddccbfc\" data-element_type=\"widget\" data-widget_type=\"heading.default\">\n\t\t\t\t<div class=\"elementor-widget-container\">\n\t\t\t\t\t<h2 class=\"elementor-heading-title elementor-size-default\">_________________<\/h2>\t\t\t\t<\/div>\n\t\t\t\t<\/div>\n\t\t\t\t<div class=\"elementor-element elementor-element-2b79b05 elementor-widget elementor-widget-text-editor\" data-id=\"2b79b05\" data-element_type=\"widget\" data-widget_type=\"text-editor.default\">\n\t\t\t\t<div class=\"elementor-widget-container\">\n\t\t\t\t\t\t\t\t\t<p class=\"s6\" style=\"text-align: center;\"><strong><span class=\"s4\">Auf individueller Ebene ist die <\/span><a href=\"https:\/\/www.lourdes-france.org\/les-pelerinages\/\"><span class=\"s5\">Wallfahrt<\/span><\/a><span class=\"s4\"> ein Schritt, den jeder unternehmen kann, um sich der Lehre der Kirche zu vergewissern: Unser Leben auf Erden ist eine Pilgerschaft, die uns zu Gott f\u00fchrt.<br \/><\/span><\/strong><strong><span class=\"s4\">Eine Wallfahrt, die von einer Gruppe Gl\u00e4ubiger oder einer religi\u00f6sen Gemeinschaft unternommen wird, ist ein gemeinschaftlicher Akt, der den Glauben bezeugt, der sie bewegt.<\/span><\/strong><\/p>\t\t\t\t\t\t\t\t<\/div>\n\t\t\t\t<\/div>\n\t\t\t\t<div class=\"elementor-element elementor-element-003ae93 elementor-widget elementor-widget-text-editor\" data-id=\"003ae93\" data-element_type=\"widget\" data-widget_type=\"text-editor.default\">\n\t\t\t\t<div class=\"elementor-widget-container\">\n\t\t\t\t\t\t\t\t\t<h5 style=\"text-align: center;\">\u00a0<\/h5><h2 class=\"s8\"><span class=\"s7\">Geschichte der Wallfahrten nach Lourdes<\/span><\/h2><p class=\"s3\"><span class=\"s9\">Seit dem 11. Februar 1858, dem Tag der ersten Erscheinung, hat der Andrang zur Grotte stetig zugenommen.<\/span><\/p><p class=\"s3\"><span class=\"s10\">\u201eSagt den Priestern, man m\u00f6ge hier eine Kapelle errichten und dorthin in Prozession kommen.\u201c<\/span><\/p><p class=\"s3\"><span class=\"s9\">Die ersten offiziellen <\/span><a href=\"https:\/\/www.lourdes-france.com\/quest-ce-quun-pelerinage\/\"><span class=\"s11\">Pilgerfahrten<\/span><\/a><span class=\"s9\"> fanden statt, seitdem die <\/span><a href=\"https:\/\/www.lourdes-france.com\/les-apparitions-de-lourdes\/\"><span class=\"s11\">Erscheinungen<\/span><\/a><span class=\"s9\"> 1862 anerkannt worden waren. Sie kamen haupts\u00e4chlich aus den Pyren\u00e4en und wurden auf Initiative der Pfarreien organisiert. Die erste davon, die von Loubajac, begab sich am 25. Juli 1864 zur Grotte.<\/span><\/p><p class=\"s3\"><span class=\"s9\">Das Jahr 1866 markiert einen wichtigen Meilenstein mit der Ankunft der Missionare der Unbefleckten Empf\u00e4ngnis, die die Wallfahrten konkret organisierten. Im selben Jahr wurde die Krypta geweiht und der Gottesdienst in der <\/span><a href=\"https:\/\/www.lourdes-france.com\/pelerin-dun-jour\/la-grotte\/\"><span class=\"s11\">Grotte<\/span><\/a><span class=\"s9\"> von Massabielle eingef\u00fchrt. Schlie\u00dflich kamen die ersten Eisenbahnz\u00fcge am Bahnhof von Lourdes an, die zahlreiche Pilger bef\u00f6rderten.<\/span><\/p>\t\t\t\t\t\t\t\t<\/div>\n\t\t\t\t<\/div>\n\t\t\t\t<div class=\"elementor-element elementor-element-e4726a6 elementor-widget elementor-widget-image\" data-id=\"e4726a6\" data-element_type=\"widget\" data-widget_type=\"image.default\">\n\t\t\t\t<div class=\"elementor-widget-container\">\n\t\t\t\t\t\t\t\t\t\t\t\t\t\t\t<img fetchpriority=\"high\" decoding=\"async\" width=\"768\" height=\"512\" src=\"https:\/\/www.lourdes-france.org\/wp-content\/uploads\/2025\/08\/2024-messe-Lyon-Grotte-23-768x512.jpg\" class=\"attachment-medium_large size-medium_large wp-image-1057797\" alt=\"P\u00e8lerinage de Lyon en route pour la Grotte de Lourdes\" srcset=\"https:\/\/www.lourdes-france.org\/wp-content\/uploads\/2025\/08\/2024-messe-Lyon-Grotte-23-768x512.jpg 768w, https:\/\/www.lourdes-france.org\/wp-content\/uploads\/2025\/08\/2024-messe-Lyon-Grotte-23-300x200.jpg 300w, https:\/\/www.lourdes-france.org\/wp-content\/uploads\/2025\/08\/2024-messe-Lyon-Grotte-23-1024x683.jpg 1024w, https:\/\/www.lourdes-france.org\/wp-content\/uploads\/2025\/08\/2024-messe-Lyon-Grotte-23-1536x1024.jpg 1536w, https:\/\/www.lourdes-france.org\/wp-content\/uploads\/2025\/08\/2024-messe-Lyon-Grotte-23-2048x1365.jpg 2048w\" sizes=\"(max-width: 768px) 100vw, 768px\" \/>\t\t\t\t\t\t\t\t\t\t\t\t\t\t\t<\/div>\n\t\t\t\t<\/div>\n\t\t\t\t<div class=\"elementor-element elementor-element-00e495c elementor-widget elementor-widget-text-editor\" data-id=\"00e495c\" data-element_type=\"widget\" data-widget_type=\"text-editor.default\">\n\t\t\t\t<div class=\"elementor-widget-container\">\n\t\t\t\t\t\t\t\t\t<h2 class=\"s8\"><span class=\"s7\">Fortschreitende Organisation der Pilgerfahrten nach Lourdes<\/span><\/h2><p class=\"s3\"><span class=\"s9\">1872 wurde, begeistert vom Erfolg der ersten Wallfahrt der Vereinigung Notre-Dame de Salut \u00e0 La Salette, ein Generalrat f\u00fcr Wallfahrten gegr\u00fcndet.<\/span><\/p><p class=\"s3\"><span class=\"s9\">Schon sehr fr\u00fch wurden <\/span><a href=\"https:\/\/www.lourdes-france.org\/?page_id=1033085&amp;preview=true\"><span class=\"s11\">kranke Menschen<\/span><\/a><span class=\"s9\"> in die Wallfahrten integriert. Um ihnen eine geeignete Unterkunft zu bieten, beginnen die Filles de Notre-Dame des Douleurs 1874 mit dem Bau eines Krankenhauses \u201eNotre-Dame des Douleurs\u201d. 1885 wird die Hospitalit\u00e9 Notre-Dame de Lourdes gegr\u00fcndet, um diese kranken Pilger bei ihrer Ankunft in Lourdes zu versorgen.<\/span><\/p><p class=\"s3\"><span class=\"s9\">Um die Pilger aufzunehmen, wurden erste Ma\u00dfnahmen ergriffen: Der Flusslauf des Gave wurde zur\u00fcckgedr\u00e4ngt, um den Platz vor der Grotte zu vergr\u00f6\u00dfern, und es wurden erste Schutzbauten errichtet.<\/span><\/p><p class=\"s3\"><span class=\"s9\">1883 wurde das <\/span><a href=\"https:\/\/www.lourdes-france.com\/le-bureau-des-constatations\/\"><span class=\"s11\">Bureau des Constatations M\u00e9dicales<\/span><\/a><span class=\"s9\"> (B\u00fcro f\u00fcr medizinische Befunde) eingerichtet. Es wurde Dr. Saint-Maclou anvertraut, der sich der Beobachtung von Heilungen widmete.<\/span><\/p><p class=\"s3\"><span class=\"s9\">Erst 1938, nach einem Dekret des Heiligen Stuhls zur F\u00f6rderung von Wallfahrten, koordinierte die Association des Directeurs Dioc\u00e9sains de P\u00e8lerinages (Vereinigung der Di\u00f6zesanpilgerleiter) die verschiedenen Wallfahrtsaktivit\u00e4ten. Die 1949 auf nationaler Ebene gegr\u00fcndete Association Nationale des Directeurs Dioc\u00e9sains de P\u00e8lerinages (ANDDP) organisiert Wallfahrten in materieller und spiritueller Hinsicht.<\/span><\/p>\t\t\t\t\t\t\t\t<\/div>\n\t\t\t\t<\/div>\n\t\t\t\t<div class=\"elementor-element elementor-element-005ae71 elementor-widget elementor-widget-text-editor\" data-id=\"005ae71\" data-element_type=\"widget\" data-widget_type=\"text-editor.default\">\n\t\t\t\t<div class=\"elementor-widget-container\">\n\t\t\t\t\t\t\t\t\t<h2 class=\"s8\"><span class=\"s7\">In Lourdes gibt es verschiedene Arten von Wallfahrten:<\/span><\/h2><p class=\"s3\"><span class=\"s9\">\u2022 Di\u00f6zesanwallfahrten: Lille, Middlesbrough&#8230; die um ihren Bischof herum und mit ihrer Hospitalit\u00e9 organisiert wurden<br \/><\/span><span class=\"s9\">\u2022 Wallfahrtsketten: Unitalsi<\/span><span class=\"s9\">, Pilgerb\u00fcros<\/span><span class=\"s9\">..<br \/><\/span><span class=\"s9\">\u2022 \u201eThemenpilgerfahrten\u201d: Gardians, Motorradfahrer, Landwirte&#8230;<br \/><\/span><span class=\"s9\">\u2022 Nationale Pilgerfahrten: Assomptionisten (franz\u00f6sische Nationalwallfahrt), Rosenkranzwallfahrt der Domi<\/span><span class=\"s9\">ni<\/span><span class=\"s9\">kaner (Rosaire)&#8230;<br \/><\/span><span class=\"s9\">\u2022 Internationale Wallfahrten: PMI (Internationale Milit\u00e4rwallfahrt), des Malteserordens&#8230;<br \/><\/span><span class=\"s9\">\u2022 \u201ePunktuelle\u201c Versammlungen<\/span><\/p>\t\t\t\t\t\t\t\t<\/div>\n\t\t\t\t<\/div>\n\t\t\t\t<div class=\"elementor-element elementor-element-4c13698 elementor--h-position-center elementor--v-position-middle elementor-arrows-position-inside elementor-pagination-position-inside elementor-widget elementor-widget-slides\" data-id=\"4c13698\" data-element_type=\"widget\" data-settings=\"{&quot;navigation&quot;:&quot;both&quot;,&quot;autoplay&quot;:&quot;yes&quot;,&quot;pause_on_hover&quot;:&quot;yes&quot;,&quot;pause_on_interaction&quot;:&quot;yes&quot;,&quot;autoplay_speed&quot;:5000,&quot;infinite&quot;:&quot;yes&quot;,&quot;transition&quot;:&quot;slide&quot;,&quot;transition_speed&quot;:500}\" data-widget_type=\"slides.default\">\n\t\t\t\t<div class=\"elementor-widget-container\">\n\t\t\t\t\t\t\t\t\t<div class=\"elementor-swiper\">\n\t\t\t\t\t<div class=\"elementor-slides-wrapper elementor-main-swiper swiper\" role=\"region\" aria-roledescription=\"carousel\" aria-label=\"Diapositives\" dir=\"ltr\" data-animation=\"fadeInUp\">\n\t\t\t\t<div class=\"swiper-wrapper elementor-slides\">\n\t\t\t\t\t\t\t\t\t\t<div class=\"elementor-repeater-item-a145700 swiper-slide\" role=\"group\" aria-roledescription=\"slide\"><div class=\"swiper-slide-bg\" role=\"img\" aria-label=\"Messe \u00e0 l&#039;Hemicycle pour le p\u00e8lerinage des motards\"><\/div><div class=\"swiper-slide-inner\" ><div class=\"swiper-slide-contents\"><\/div><\/div><\/div><div class=\"elementor-repeater-item-9892028 swiper-slide\" role=\"group\" aria-roledescription=\"slide\"><div class=\"swiper-slide-bg\" role=\"img\" aria-label=\"Messe pur le p\u00e8lerinage de Lyon\"><\/div><div class=\"swiper-slide-inner\" ><div class=\"swiper-slide-contents\"><\/div><\/div><\/div><div class=\"elementor-repeater-item-e735a50 swiper-slide\" role=\"group\" aria-roledescription=\"slide\"><div class=\"swiper-slide-bg\" role=\"img\" aria-label=\"Messe d&#039;onction lors du p\u00e8lerinage du Rosaire\"><\/div><div class=\"swiper-slide-inner\" ><div class=\"swiper-slide-contents\"><\/div><\/div><\/div><div class=\"elementor-repeater-item-3327adc swiper-slide\" role=\"group\" aria-roledescription=\"slide\"><div class=\"swiper-slide-bg\" role=\"img\" aria-label=\"Messe \u00e0 la Grotte pour le p\u00e8lerinage Voir ensemble\"><\/div><div class=\"swiper-slide-inner\" ><div class=\"swiper-slide-contents\"><\/div><\/div><\/div><div class=\"elementor-repeater-item-2af1347 swiper-slide\" role=\"group\" aria-roledescription=\"slide\"><div class=\"swiper-slide-bg\" role=\"img\" aria-label=\"Messe \u00e0 la Basilique souterraine Pie X du p\u00e8lerinage HCPT\"><\/div><div class=\"swiper-slide-inner\" ><div class=\"swiper-slide-contents\"><\/div><\/div><\/div><div class=\"elementor-repeater-item-a2cea01 swiper-slide\" role=\"group\" aria-roledescription=\"slide\"><div class=\"swiper-slide-bg\" role=\"img\" aria-label=\"Messe d&#039;engagement au p\u00e8lerinage du rosaire\"><\/div><div class=\"swiper-slide-inner\" ><div class=\"swiper-slide-contents\"><\/div><\/div><\/div><div class=\"elementor-repeater-item-0e33a3d swiper-slide\" role=\"group\" aria-roledescription=\"slide\"><div class=\"swiper-slide-bg\" role=\"img\" aria-label=\"P\u00e8lerinage militaire international\"><\/div><div class=\"swiper-slide-inner\" ><div class=\"swiper-slide-contents\"><\/div><\/div><\/div>\t\t\t\t<\/div>\n\t\t\t\t\t\t\t\t\t\t\t\t\t\t\t<div class=\"elementor-swiper-button elementor-swiper-button-prev\" role=\"button\" tabindex=\"0\" aria-label=\"Vorheriger Slide\">\n\t\t\t\t\t\t\t<i aria-hidden=\"true\" class=\"eicon-chevron-left\"><\/i>\t\t\t\t\t\t<\/div>\n\t\t\t\t\t\t<div class=\"elementor-swiper-button elementor-swiper-button-next\" role=\"button\" tabindex=\"0\" aria-label=\"N\u00e4chster Slide\">\n\t\t\t\t\t\t\t<i aria-hidden=\"true\" class=\"eicon-chevron-right\"><\/i>\t\t\t\t\t\t<\/div>\n\t\t\t\t\t\t\t\t\t\t\t\t\t\t\t\t<div class=\"swiper-pagination\"><\/div>\n\t\t\t\t\t\t\t\t\t\t\t\t<\/div>\n\t\t\t\t<\/div>\n\t\t\t\t\t\t\t\t<\/div>\n\t\t\t\t<\/div>\n\t\t\t\t<div class=\"elementor-element elementor-element-18413d1 elementor-align-center elementor-widget elementor-widget-button\" data-id=\"18413d1\" data-element_type=\"widget\" data-widget_type=\"button.default\">\n\t\t\t\t<div class=\"elementor-widget-container\">\n\t\t\t\t\t\t\t\t\t<div class=\"elementor-button-wrapper\">\n\t\t\t\t\t<a class=\"elementor-button elementor-button-link elementor-size-sm\" href=\"https:\/\/www.lourdes-france.com\/rejoindre-un-pelerinage\/\" target=\"_blank\">\n\t\t\t\t\t\t<span class=\"elementor-button-content-wrapper\">\n\t\t\t\t\t\t\t\t\t<span class=\"elementor-button-text\">An einer Pilgerreise in meiner N\u00e4he teilnehmen<\/span>\n\t\t\t\t\t<\/span>\n\t\t\t\t\t<\/a>\n\t\t\t\t<\/div>\n\t\t\t\t\t\t\t\t<\/div>\n\t\t\t\t<\/div>\n\t\t\t\t<div class=\"elementor-element elementor-element-ba0cea8 elementor-view-default elementor-widget elementor-widget-icon\" data-id=\"ba0cea8\" data-element_type=\"widget\" data-widget_type=\"icon.default\">\n\t\t\t\t<div class=\"elementor-widget-container\">\n\t\t\t\t\t\t\t<div class=\"elementor-icon-wrapper\">\n\t\t\t<div class=\"elementor-icon\">\n\t\t\t<i aria-hidden=\"true\" class=\"fas fa-church\"><\/i>\t\t\t<\/div>\n\t\t<\/div>\n\t\t\t\t\t\t<\/div>\n\t\t\t\t<\/div>\n\t\t\t\t\t<\/div>\n\t\t<\/div>\n\t\t\t\t\t<\/div>\n\t\t<\/section>\n\t\t\t\t<\/div>\n\t\t","protected":false},"excerpt":{"rendered":"<p>Die organisierten Wallfahrten nach Lourdes _________________ Auf individueller Ebene ist die Wallfahrt ein Schritt, den jeder unternehmen kann, um sich der Lehre der Kirche zu vergewissern: Unser Leben auf Erden ist eine Pilgerschaft, die uns zu Gott f\u00fchrt.Eine Wallfahrt, die &hellip; <a href=\"https:\/\/www.lourdes-france.org\/de\/die-organisierten-wallfahrten-nach-lourdes\/\">Weiter<\/a><\/p>\n","protected":false},"author":7,"featured_media":1052451,"parent":0,"menu_order":0,"comment_status":"closed","ping_status":"closed","template":"","meta":{"_acf_changed":false,"footnotes":""},"class_list":["post-1058523","page","type-page","status-publish","has-post-thumbnail","hentry"],"acf":[],"yoast_head":"<!-- This site is optimized with the Yoast SEO plugin v24.7 - https:\/\/yoast.com\/wordpress\/plugins\/seo\/ -->\n<title>Die organisierten Wallfahrten nach Lourdes<\/title>\n<meta name=\"description\" content=\"Un p\u00e8lerinage entrepris par un groupe de fid\u00e8les ou une communaut\u00e9 religieuse est un acte collectif qui t\u00e9moigne de la Foi qui l\u2019anime.\" \/>\n<meta name=\"robots\" content=\"index, follow, max-snippet:-1, max-image-preview:large, max-video-preview:-1\" \/>\n<link rel=\"canonical\" href=\"https:\/\/www.lourdes-france.org\/de\/die-organisierten-wallfahrten-nach-lourdes\/\" \/>\n<meta name=\"twitter:label1\" content=\"Gesch\u00e4tzte Lesezeit\" \/>\n\t<meta name=\"twitter:data1\" content=\"3\u00a0Minuten\" \/>\n<script type=\"application\/ld+json\" class=\"yoast-schema-graph\">{\"@context\":\"https:\/\/schema.org\",\"@graph\":[{\"@type\":\"WebPage\",\"@id\":\"https:\/\/www.lourdes-france.org\/de\/die-organisierten-wallfahrten-nach-lourdes\/\",\"url\":\"https:\/\/www.lourdes-france.org\/de\/die-organisierten-wallfahrten-nach-lourdes\/\",\"name\":\"Die organisierten Wallfahrten nach Lourdes\",\"isPartOf\":{\"@id\":\"https:\/\/preprod-lourdes.cawita.com\/#website\"},\"primaryImageOfPage\":{\"@id\":\"https:\/\/www.lourdes-france.org\/de\/die-organisierten-wallfahrten-nach-lourdes\/#primaryimage\"},\"image\":{\"@id\":\"https:\/\/www.lourdes-france.org\/de\/die-organisierten-wallfahrten-nach-lourdes\/#primaryimage\"},\"thumbnailUrl\":\"https:\/\/www.lourdes-france.org\/wp-content\/uploads\/2025\/08\/53247757921_4292f8f471_o.jpg\",\"datePublished\":\"2025-08-20T07:26:49+00:00\",\"dateModified\":\"2025-11-06T09:04:13+00:00\",\"description\":\"Un p\u00e8lerinage entrepris par un groupe de fid\u00e8les ou une communaut\u00e9 religieuse est un acte collectif qui t\u00e9moigne de la Foi qui l\u2019anime.\",\"breadcrumb\":{\"@id\":\"https:\/\/www.lourdes-france.org\/de\/die-organisierten-wallfahrten-nach-lourdes\/#breadcrumb\"},\"inLanguage\":\"de\",\"potentialAction\":[{\"@type\":\"ReadAction\",\"target\":[\"https:\/\/www.lourdes-france.org\/de\/die-organisierten-wallfahrten-nach-lourdes\/\"]}]},{\"@type\":\"ImageObject\",\"inLanguage\":\"de\",\"@id\":\"https:\/\/www.lourdes-france.org\/de\/die-organisierten-wallfahrten-nach-lourdes\/#primaryimage\",\"url\":\"https:\/\/www.lourdes-france.org\/wp-content\/uploads\/2025\/08\/53247757921_4292f8f471_o.jpg\",\"contentUrl\":\"https:\/\/www.lourdes-france.org\/wp-content\/uploads\/2025\/08\/53247757921_4292f8f471_o.jpg\",\"width\":1920,\"height\":1080,\"caption\":\"Les p\u00e8lerinages organis\u00e9s de Lourdes\"},{\"@type\":\"BreadcrumbList\",\"@id\":\"https:\/\/www.lourdes-france.org\/de\/die-organisierten-wallfahrten-nach-lourdes\/#breadcrumb\",\"itemListElement\":[{\"@type\":\"ListItem\",\"position\":1,\"name\":\"Accueil\",\"item\":\"https:\/\/www.lourdes-france.org\/\"},{\"@type\":\"ListItem\",\"position\":2,\"name\":\"Die organisierten Wallfahrten nach Lourdes\"}]},{\"@type\":\"WebSite\",\"@id\":\"https:\/\/preprod-lourdes.cawita.com\/#website\",\"url\":\"https:\/\/preprod-lourdes.cawita.com\/\",\"name\":\"Soutenir le Sanctuaire Notre-Dame de Lourdes\",\"description\":\"\",\"potentialAction\":[{\"@type\":\"SearchAction\",\"target\":{\"@type\":\"EntryPoint\",\"urlTemplate\":\"https:\/\/preprod-lourdes.cawita.com\/?s={search_term_string}\"},\"query-input\":{\"@type\":\"PropertyValueSpecification\",\"valueRequired\":true,\"valueName\":\"search_term_string\"}}],\"inLanguage\":\"de\"}]}<\/script>\n<!-- \/ Yoast SEO plugin. -->","yoast_head_json":{"title":"Die organisierten Wallfahrten nach Lourdes","description":"Un p\u00e8lerinage entrepris par un groupe de fid\u00e8les ou une communaut\u00e9 religieuse est un acte collectif qui t\u00e9moigne de la Foi qui l\u2019anime.","robots":{"index":"index","follow":"follow","max-snippet":"max-snippet:-1","max-image-preview":"max-image-preview:large","max-video-preview":"max-video-preview:-1"},"canonical":"https:\/\/www.lourdes-france.org\/de\/die-organisierten-wallfahrten-nach-lourdes\/","twitter_misc":{"Gesch\u00e4tzte Lesezeit":"3\u00a0Minuten"},"schema":{"@context":"https:\/\/schema.org","@graph":[{"@type":"WebPage","@id":"https:\/\/www.lourdes-france.org\/de\/die-organisierten-wallfahrten-nach-lourdes\/","url":"https:\/\/www.lourdes-france.org\/de\/die-organisierten-wallfahrten-nach-lourdes\/","name":"Die organisierten Wallfahrten nach Lourdes","isPartOf":{"@id":"https:\/\/preprod-lourdes.cawita.com\/#website"},"primaryImageOfPage":{"@id":"https:\/\/www.lourdes-france.org\/de\/die-organisierten-wallfahrten-nach-lourdes\/#primaryimage"},"image":{"@id":"https:\/\/www.lourdes-france.org\/de\/die-organisierten-wallfahrten-nach-lourdes\/#primaryimage"},"thumbnailUrl":"https:\/\/www.lourdes-france.org\/wp-content\/uploads\/2025\/08\/53247757921_4292f8f471_o.jpg","datePublished":"2025-08-20T07:26:49+00:00","dateModified":"2025-11-06T09:04:13+00:00","description":"Un p\u00e8lerinage entrepris par un groupe de fid\u00e8les ou une communaut\u00e9 religieuse est un acte collectif qui t\u00e9moigne de la Foi qui l\u2019anime.","breadcrumb":{"@id":"https:\/\/www.lourdes-france.org\/de\/die-organisierten-wallfahrten-nach-lourdes\/#breadcrumb"},"inLanguage":"de","potentialAction":[{"@type":"ReadAction","target":["https:\/\/www.lourdes-france.org\/de\/die-organisierten-wallfahrten-nach-lourdes\/"]}]},{"@type":"ImageObject","inLanguage":"de","@id":"https:\/\/www.lourdes-france.org\/de\/die-organisierten-wallfahrten-nach-lourdes\/#primaryimage","url":"https:\/\/www.lourdes-france.org\/wp-content\/uploads\/2025\/08\/53247757921_4292f8f471_o.jpg","contentUrl":"https:\/\/www.lourdes-france.org\/wp-content\/uploads\/2025\/08\/53247757921_4292f8f471_o.jpg","width":1920,"height":1080,"caption":"Les p\u00e8lerinages organis\u00e9s de Lourdes"},{"@type":"BreadcrumbList","@id":"https:\/\/www.lourdes-france.org\/de\/die-organisierten-wallfahrten-nach-lourdes\/#breadcrumb","itemListElement":[{"@type":"ListItem","position":1,"name":"Accueil","item":"https:\/\/www.lourdes-france.org\/"},{"@type":"ListItem","position":2,"name":"Die organisierten Wallfahrten nach Lourdes"}]},{"@type":"WebSite","@id":"https:\/\/preprod-lourdes.cawita.com\/#website","url":"https:\/\/preprod-lourdes.cawita.com\/","name":"Soutenir le Sanctuaire Notre-Dame de Lourdes","description":"","potentialAction":[{"@type":"SearchAction","target":{"@type":"EntryPoint","urlTemplate":"https:\/\/preprod-lourdes.cawita.com\/?s={search_term_string}"},"query-input":{"@type":"PropertyValueSpecification","valueRequired":true,"valueName":"search_term_string"}}],"inLanguage":"de"}]}},"_links":{"self":[{"href":"https:\/\/www.lourdes-france.org\/de\/wp-json\/wp\/v2\/pages\/1058523","targetHints":{"allow":["GET"]}}],"collection":[{"href":"https:\/\/www.lourdes-france.org\/de\/wp-json\/wp\/v2\/pages"}],"about":[{"href":"https:\/\/www.lourdes-france.org\/de\/wp-json\/wp\/v2\/types\/page"}],"author":[{"embeddable":true,"href":"https:\/\/www.lourdes-france.org\/de\/wp-json\/wp\/v2\/users\/7"}],"replies":[{"embeddable":true,"href":"https:\/\/www.lourdes-france.org\/de\/wp-json\/wp\/v2\/comments?post=1058523"}],"version-history":[{"count":3,"href":"https:\/\/www.lourdes-france.org\/de\/wp-json\/wp\/v2\/pages\/1058523\/revisions"}],"predecessor-version":[{"id":1083558,"href":"https:\/\/www.lourdes-france.org\/de\/wp-json\/wp\/v2\/pages\/1058523\/revisions\/1083558"}],"wp:featuredmedia":[{"embeddable":true,"href":"https:\/\/www.lourdes-france.org\/de\/wp-json\/wp\/v2\/media\/1052451"}],"wp:attachment":[{"href":"https:\/\/www.lourdes-france.org\/de\/wp-json\/wp\/v2\/media?parent=1058523"}],"curies":[{"name":"wp","href":"https:\/\/api.w.org\/{rel}","templated":true}]}}