{"id":1058614,"date":"2025-08-08T16:50:25","date_gmt":"2025-08-08T14:50:25","guid":{"rendered":"https:\/\/www.lourdes-france.org\/les-pelerinages\/personnes-malades\/"},"modified":"2025-08-21T12:31:26","modified_gmt":"2025-08-21T10:31:26","slug":"personnes-malades","status":"publish","type":"page","link":"https:\/\/www.lourdes-france.org\/de\/les-pelerinages\/personnes-malades\/","title":{"rendered":"La pr\u00e9sence des personnes malades \u00e0 Lourdes"},"content":{"rendered":"\t\t<div data-elementor-type=\"wp-page\" data-elementor-id=\"1058614\" class=\"elementor elementor-1058614 elementor-1033085\" data-elementor-post-type=\"page\">\n\t\t\t\t\t\t<section class=\"elementor-section elementor-top-section elementor-element elementor-element-3ba4a85 elementor-section-full_width elementor-section-stretched elementor-section-height-default elementor-section-height-default\" data-id=\"3ba4a85\" data-element_type=\"section\" data-settings=\"{&quot;stretch_section&quot;:&quot;section-stretched&quot;,&quot;background_background&quot;:&quot;classic&quot;}\">\n\t\t\t\t\t\t<div class=\"elementor-container elementor-column-gap-default\">\n\t\t\t\t\t<div class=\"elementor-column elementor-col-100 elementor-top-column elementor-element elementor-element-3a0a0852\" data-id=\"3a0a0852\" data-element_type=\"column\">\n\t\t\t<div class=\"elementor-widget-wrap elementor-element-populated\">\n\t\t\t\t\t\t<div class=\"elementor-element elementor-element-365b7de8 elementor-widget elementor-widget-spacer\" data-id=\"365b7de8\" data-element_type=\"widget\" data-widget_type=\"spacer.default\">\n\t\t\t\t<div class=\"elementor-widget-container\">\n\t\t\t\t\t\t\t<div class=\"elementor-spacer\">\n\t\t\t<div class=\"elementor-spacer-inner\"><\/div>\n\t\t<\/div>\n\t\t\t\t\t\t<\/div>\n\t\t\t\t<\/div>\n\t\t\t\t\t<\/div>\n\t\t<\/div>\n\t\t\t\t\t<\/div>\n\t\t<\/section>\n\t\t\t\t<section class=\"elementor-section elementor-top-section elementor-element elementor-element-e7d4746 elementor-section-full_width elementor-section-height-default elementor-section-height-default\" data-id=\"e7d4746\" data-element_type=\"section\" data-settings=\"{&quot;background_background&quot;:&quot;classic&quot;}\">\n\t\t\t\t\t\t<div class=\"elementor-container elementor-column-gap-default\">\n\t\t\t\t\t<div class=\"elementor-column elementor-col-100 elementor-top-column elementor-element elementor-element-6ebfc8af\" data-id=\"6ebfc8af\" data-element_type=\"column\">\n\t\t\t<div class=\"elementor-widget-wrap elementor-element-populated\">\n\t\t\t\t\t\t<div class=\"elementor-element elementor-element-3174f9c6 elementor-widget elementor-widget-spacer\" data-id=\"3174f9c6\" data-element_type=\"widget\" data-widget_type=\"spacer.default\">\n\t\t\t\t<div class=\"elementor-widget-container\">\n\t\t\t\t\t\t\t<div class=\"elementor-spacer\">\n\t\t\t<div class=\"elementor-spacer-inner\"><\/div>\n\t\t<\/div>\n\t\t\t\t\t\t<\/div>\n\t\t\t\t<\/div>\n\t\t\t\t<div class=\"elementor-element elementor-element-2f1eb3fe elementor-widget elementor-widget-heading\" data-id=\"2f1eb3fe\" data-element_type=\"widget\" data-widget_type=\"heading.default\">\n\t\t\t\t<div class=\"elementor-widget-container\">\n\t\t\t\t\t<h2 class=\"elementor-heading-title elementor-size-default\">Die Anwesenheit von Kranken in Lourdes\n<\/h2>\t\t\t\t<\/div>\n\t\t\t\t<\/div>\n\t\t\t\t<div class=\"elementor-element elementor-element-11178239 elementor-widget elementor-widget-heading\" data-id=\"11178239\" data-element_type=\"widget\" data-widget_type=\"heading.default\">\n\t\t\t\t<div class=\"elementor-widget-container\">\n\t\t\t\t\t<h2 class=\"elementor-heading-title elementor-size-default\">_________________<\/h2>\t\t\t\t<\/div>\n\t\t\t\t<\/div>\n\t\t\t\t<div class=\"elementor-element elementor-element-2e6ed38e elementor-widget elementor-widget-text-editor\" data-id=\"2e6ed38e\" data-element_type=\"widget\" data-widget_type=\"text-editor.default\">\n\t\t\t\t<div class=\"elementor-widget-container\">\n\t\t\t\t\t\t\t\t\t<p class=\"s3\" style=\"text-align: center;\"><strong><span class=\"s2\">Die Besonderheit der Wallfahrtsst\u00e4tte Unserer Lieben Frau von Lourdes ist die Anwesenheit und der Stellenwert, der kranken Menschen einger\u00e4umt wird, die hierher auf Wallfahrt kommen.<\/span><\/strong><\/p><h2 class=\"s3\"><span class=\"s2\">In Lourdes stehen die Armen und Kranken an erster Stelle.<\/span><\/h2><p class=\"s3\"><span class=\"s5\"><a href=\"https:\/\/www.lourdes-france.com\/bernadette-soubirous\/\">Heilungen<\/a> und Wunder ereigneten sich bereits seit den Erscheinungen der Jungfrau Maria vor <a href=\"https:\/\/www.lourdes-france.com\/bernadette-soubirous\/\">Bernadette<\/a>. Seitdem hat Lourdes<a href=\"https:\/\/www.lourdes-france.org\/?page_id=1027988&amp;preview=true\"> zahlreiche schutzbed\u00fcrftige, gebrechliche und kranke Menschen<\/a> aufgenommen.<\/span><\/p><p class=\"s3\"><span class=\"s5\">Die Wallfahrt nach Lourdes hat sich um diese <a href=\"https:\/\/www.lourdes-france.org\/les-pelerinages\/\">Pilger<\/a> herum entwickelt, um sie zu den F\u00fc\u00dfen der Jungfrau Maria, der Unbefleckten Empf\u00e4ngnis, zu f\u00fchren.<\/span><\/p><p class=\"s3\"><span class=\"s5\">Helfer und Freiwillige stellten sich in den Dienst der Kranken und organisierten sich in Hospitalit\u00e4ten. Die Hospitalit\u00e9 Notre-Dame de Salut und sp\u00e4ter die <a href=\"https:\/\/hospitalite-nd-lourdes.com\/fr\/\">Hospitalit\u00e9 Unserer Lieben Frau von Lourdes<\/a> wurden zu diesem Zweck bereits zu Beginn der Wallfahrt nach Lourdes gegr\u00fcndet. In der Folge entstanden weltweit zahlreiche Hospitalit\u00e4ten, die Kranke nach Lourdes begleiten.<\/span><\/p><p><b>La sp\u00e9cificit\u00e9 du Sanctuaire Notre-Dame de Lourdes est la pr\u00e9sence et la place donn\u00e9e aux personnes malades qui viennent en <a href=\"https:\/\/www.lourdes-france.org\/les-pelerinages\/\" target=\"_blank\" rel=\"noopener\">p\u00e8lerinage<\/a>.<\/b><\/p>\t\t\t\t\t\t\t\t<\/div>\n\t\t\t\t<\/div>\n\t\t\t\t<div class=\"elementor-element elementor-element-b5425a2 elementor-widget elementor-widget-image\" data-id=\"b5425a2\" data-element_type=\"widget\" data-widget_type=\"image.default\">\n\t\t\t\t<div class=\"elementor-widget-container\">\n\t\t\t\t\t\t\t\t\t\t\t\t\t\t\t<img fetchpriority=\"high\" decoding=\"async\" width=\"768\" height=\"432\" src=\"https:\/\/www.lourdes-france.org\/wp-content\/uploads\/2025\/08\/Malade-1-768x432.jpg\" class=\"attachment-medium_large size-medium_large wp-image-1050879\" alt=\"Malades en procession \u00e0 Lourdes\" srcset=\"https:\/\/www.lourdes-france.org\/wp-content\/uploads\/2025\/08\/Malade-1-768x432.jpg 768w, https:\/\/www.lourdes-france.org\/wp-content\/uploads\/2025\/08\/Malade-1-300x169.jpg 300w, https:\/\/www.lourdes-france.org\/wp-content\/uploads\/2025\/08\/Malade-1-1024x576.jpg 1024w, https:\/\/www.lourdes-france.org\/wp-content\/uploads\/2025\/08\/Malade-1-1536x864.jpg 1536w, https:\/\/www.lourdes-france.org\/wp-content\/uploads\/2025\/08\/Malade-1-2048x1152.jpg 2048w\" sizes=\"(max-width: 768px) 100vw, 768px\" \/>\t\t\t\t\t\t\t\t\t\t\t\t\t\t\t<\/div>\n\t\t\t\t<\/div>\n\t\t\t\t<div class=\"elementor-element elementor-element-0b8faa2 elementor-widget elementor-widget-text-editor\" data-id=\"0b8faa2\" data-element_type=\"widget\" data-widget_type=\"text-editor.default\">\n\t\t\t\t<div class=\"elementor-widget-container\">\n\t\t\t\t\t\t\t\t\t<h2 class=\"s3\"><span class=\"s2\">Warum zieht Lourdes kranke Menschen an?<\/span><\/h2><p class=\"s3\"><span class=\"s5\">Lourdes ist ein Ort der Heilung f\u00fcr Leib und Seele. Jeder <a href=\"https:\/\/www.lourdes-france.org\/?page_id=1033089&amp;preview=true\">Pilger<\/a>, der durch die Pforten die Wallfahrtsst\u00e4tte betritt, ist auf der Suche nach Heilung, in welcher Form auch immer.<\/span><\/p><p class=\"s3\"><span class=\"s5\">Die Wallfahrtsst\u00e4tte ist ein Ort der Gnade, der Menschen anzieht, die k\u00f6rperlich oder seelisch leiden. Sie kommen hierher, um <a href=\"https:\/\/www.lourdes-france.com\/\">Heilung<\/a>, Kraft zum Weitermachen und Vorankommen zu finden, um ihre B\u00fcrden und S\u00fcnden in der <a href=\"https:\/\/www.lourdes-france.com\/pelerin-dun-jour\/la-grotte\/\">Grotte<\/a> abzulegen.<\/span><\/p><p class=\"s3\"><span class=\"s5\">Die Zeugnisse der empfangenen <a href=\"https:\/\/www.lourdes-france.com\/miracles-et-guerisons\/\">Gnaden<\/a> sind unz\u00e4hlbar, ebenso wie die Heilungen, von denen die 72 anerkannten Wunder zeugen, die greifbare Zeichen daf\u00fcr sind, dass Gott in dieser der Jungfrau Maria geweihten Wallfahrtsst\u00e4tte am Wirken ist.<\/span><\/p>\t\t\t\t\t\t\t\t<\/div>\n\t\t\t\t<\/div>\n\t\t\t\t<div class=\"elementor-element elementor-element-65a3136 elementor-widget elementor-widget-image\" data-id=\"65a3136\" data-element_type=\"widget\" data-widget_type=\"image.default\">\n\t\t\t\t<div class=\"elementor-widget-container\">\n\t\t\t\t\t\t\t\t\t\t\t\t\t\t\t<img decoding=\"async\" width=\"768\" height=\"512\" src=\"https:\/\/www.lourdes-france.org\/wp-content\/uploads\/2025\/08\/25_illu-personne-handicapee-69-768x512.jpg\" class=\"attachment-medium_large size-medium_large wp-image-1050887\" alt=\"d\u00e9poser un cierge \u00e0 Lourdes\" srcset=\"https:\/\/www.lourdes-france.org\/wp-content\/uploads\/2025\/08\/25_illu-personne-handicapee-69-768x512.jpg 768w, https:\/\/www.lourdes-france.org\/wp-content\/uploads\/2025\/08\/25_illu-personne-handicapee-69-300x200.jpg 300w, https:\/\/www.lourdes-france.org\/wp-content\/uploads\/2025\/08\/25_illu-personne-handicapee-69-1024x683.jpg 1024w, https:\/\/www.lourdes-france.org\/wp-content\/uploads\/2025\/08\/25_illu-personne-handicapee-69-1536x1024.jpg 1536w, https:\/\/www.lourdes-france.org\/wp-content\/uploads\/2025\/08\/25_illu-personne-handicapee-69-2048x1365.jpg 2048w\" sizes=\"(max-width: 768px) 100vw, 768px\" \/>\t\t\t\t\t\t\t\t\t\t\t\t\t\t\t<\/div>\n\t\t\t\t<\/div>\n\t\t\t\t<div class=\"elementor-element elementor-element-6601e1d elementor-widget elementor-widget-text-editor\" data-id=\"6601e1d\" data-element_type=\"widget\" data-widget_type=\"text-editor.default\">\n\t\t\t\t<div class=\"elementor-widget-container\">\n\t\t\t\t\t\t\t\t\t<h2 class=\"s3\"><span class=\"s2\">Spezielle Unterk\u00fcnfte<\/span><\/h2><p class=\"s3\"><span class=\"s5\">Um kranke Pilger aufzunehmen und unterzubringen, wurden Unterk\u00fcnfte gebaut.<\/span><\/p><p class=\"s3\"><span class=\"s5\">Heute sind die <a href=\"https:\/\/www.lourdes-france.org\/accueil-notre-dame\/\">\u201eAccueil Notre-Dame\u201d<\/a> und die \u201eAccueil Marie-Saint-Frai\u201d spezielle Unterk\u00fcnfte, die f\u00fcr die <a href=\"https:\/\/www.lourdes-france.org\/hebergements-sanctuaire\/\">Aufnahme<\/a> von Kranken im Rahmen einer organisierten Wallfahrt nach Lourdes eingerichtet wurden.<\/span><\/p>\t\t\t\t\t\t\t\t<\/div>\n\t\t\t\t<\/div>\n\t\t\t\t<div class=\"elementor-element elementor-element-f550351 elementor-widget elementor-widget-image\" data-id=\"f550351\" data-element_type=\"widget\" data-widget_type=\"image.default\">\n\t\t\t\t<div class=\"elementor-widget-container\">\n\t\t\t\t\t\t\t\t\t\t\t\t\t\t\t<img decoding=\"async\" width=\"768\" height=\"512\" src=\"https:\/\/www.lourdes-france.org\/wp-content\/uploads\/2025\/08\/HNDL-et-malade-49-768x512.jpg\" class=\"attachment-medium_large size-medium_large wp-image-1050895\" alt=\"Malade en charriot devant la Grotte\" srcset=\"https:\/\/www.lourdes-france.org\/wp-content\/uploads\/2025\/08\/HNDL-et-malade-49-768x512.jpg 768w, https:\/\/www.lourdes-france.org\/wp-content\/uploads\/2025\/08\/HNDL-et-malade-49-300x200.jpg 300w, https:\/\/www.lourdes-france.org\/wp-content\/uploads\/2025\/08\/HNDL-et-malade-49-1024x683.jpg 1024w, https:\/\/www.lourdes-france.org\/wp-content\/uploads\/2025\/08\/HNDL-et-malade-49-1536x1024.jpg 1536w, https:\/\/www.lourdes-france.org\/wp-content\/uploads\/2025\/08\/HNDL-et-malade-49-2048x1365.jpg 2048w\" sizes=\"(max-width: 768px) 100vw, 768px\" \/>\t\t\t\t\t\t\t\t\t\t\t\t\t\t\t<\/div>\n\t\t\t\t<\/div>\n\t\t\t\t<div class=\"elementor-element elementor-element-7a1f1af6 elementor-view-default elementor-widget elementor-widget-icon\" data-id=\"7a1f1af6\" data-element_type=\"widget\" data-widget_type=\"icon.default\">\n\t\t\t\t<div class=\"elementor-widget-container\">\n\t\t\t\t\t\t\t<div class=\"elementor-icon-wrapper\">\n\t\t\t<div class=\"elementor-icon\">\n\t\t\t<i aria-hidden=\"true\" class=\"fas fa-church\"><\/i>\t\t\t<\/div>\n\t\t<\/div>\n\t\t\t\t\t\t<\/div>\n\t\t\t\t<\/div>\n\t\t\t\t\t<\/div>\n\t\t<\/div>\n\t\t\t\t\t<\/div>\n\t\t<\/section>\n\t\t\t\t<\/div>\n\t\t","protected":false},"excerpt":{"rendered":"<p>Die Anwesenheit von Kranken in Lourdes _________________ Die Besonderheit der Wallfahrtsst\u00e4tte Unserer Lieben Frau von Lourdes ist die Anwesenheit und der Stellenwert, der kranken Menschen einger\u00e4umt wird, die hierher auf Wallfahrt kommen. In Lourdes stehen die Armen und Kranken an &hellip; <a href=\"https:\/\/www.lourdes-france.org\/de\/les-pelerinages\/personnes-malades\/\">Weiter<\/a><\/p>\n","protected":false},"author":7,"featured_media":0,"parent":889607,"menu_order":0,"comment_status":"closed","ping_status":"closed","template":"","meta":{"_acf_changed":false,"footnotes":""},"class_list":["post-1058614","page","type-page","status-publish","hentry"],"acf":[],"yoast_head":"<!-- This site is optimized with the Yoast SEO plugin v24.7 - https:\/\/yoast.com\/wordpress\/plugins\/seo\/ -->\n<title>La pr\u00e9sence des personnes malades \u00e0 Lourdes<\/title>\n<meta name=\"description\" content=\"La sp\u00e9cificit\u00e9 du Sanctuaire est la pr\u00e9sence des personnes malades \u00e0 Lourdes et la place qui leur sont donn\u00e9es, en p\u00e8lerinage dans le Sanctuaire.\" \/>\n<meta name=\"robots\" content=\"index, follow, max-snippet:-1, max-image-preview:large, max-video-preview:-1\" \/>\n<link rel=\"canonical\" href=\"https:\/\/www.lourdes-france.org\/de\/les-pelerinages\/personnes-malades\/\" \/>\n<meta name=\"twitter:label1\" content=\"Gesch\u00e4tzte Lesezeit\" \/>\n\t<meta name=\"twitter:data1\" content=\"3\u00a0Minuten\" \/>\n<script type=\"application\/ld+json\" class=\"yoast-schema-graph\">{\"@context\":\"https:\/\/schema.org\",\"@graph\":[{\"@type\":\"WebPage\",\"@id\":\"https:\/\/www.lourdes-france.org\/de\/les-pelerinages\/personnes-malades\/\",\"url\":\"https:\/\/www.lourdes-france.org\/de\/les-pelerinages\/personnes-malades\/\",\"name\":\"La pr\u00e9sence des personnes malades \u00e0 Lourdes\",\"isPartOf\":{\"@id\":\"https:\/\/preprod-lourdes.cawita.com\/#website\"},\"primaryImageOfPage\":{\"@id\":\"https:\/\/www.lourdes-france.org\/de\/les-pelerinages\/personnes-malades\/#primaryimage\"},\"image\":{\"@id\":\"https:\/\/www.lourdes-france.org\/de\/les-pelerinages\/personnes-malades\/#primaryimage\"},\"thumbnailUrl\":\"https:\/\/www.lourdes-france.org\/wp-content\/uploads\/2025\/08\/Malade-1-768x432.jpg\",\"datePublished\":\"2025-08-08T14:50:25+00:00\",\"dateModified\":\"2025-08-21T10:31:26+00:00\",\"description\":\"La sp\u00e9cificit\u00e9 du Sanctuaire est la pr\u00e9sence des personnes malades \u00e0 Lourdes et la place qui leur sont donn\u00e9es, en p\u00e8lerinage dans le Sanctuaire.\",\"breadcrumb\":{\"@id\":\"https:\/\/www.lourdes-france.org\/de\/les-pelerinages\/personnes-malades\/#breadcrumb\"},\"inLanguage\":\"de\",\"potentialAction\":[{\"@type\":\"ReadAction\",\"target\":[\"https:\/\/www.lourdes-france.org\/de\/les-pelerinages\/personnes-malades\/\"]}]},{\"@type\":\"ImageObject\",\"inLanguage\":\"de\",\"@id\":\"https:\/\/www.lourdes-france.org\/de\/les-pelerinages\/personnes-malades\/#primaryimage\",\"url\":\"https:\/\/www.lourdes-france.org\/wp-content\/uploads\/2025\/08\/Malade-1-768x432.jpg\",\"contentUrl\":\"https:\/\/www.lourdes-france.org\/wp-content\/uploads\/2025\/08\/Malade-1-768x432.jpg\"},{\"@type\":\"BreadcrumbList\",\"@id\":\"https:\/\/www.lourdes-france.org\/de\/les-pelerinages\/personnes-malades\/#breadcrumb\",\"itemListElement\":[{\"@type\":\"ListItem\",\"position\":1,\"name\":\"Accueil\",\"item\":\"https:\/\/www.lourdes-france.org\/\"},{\"@type\":\"ListItem\",\"position\":2,\"name\":\"Les p\u00e8lerinages\",\"item\":\"https:\/\/www.lourdes-france.org\/de\/les-pelerinages\/\"},{\"@type\":\"ListItem\",\"position\":3,\"name\":\"La pr\u00e9sence des personnes malades \u00e0 Lourdes\"}]},{\"@type\":\"WebSite\",\"@id\":\"https:\/\/preprod-lourdes.cawita.com\/#website\",\"url\":\"https:\/\/preprod-lourdes.cawita.com\/\",\"name\":\"Soutenir le Sanctuaire Notre-Dame de Lourdes\",\"description\":\"\",\"potentialAction\":[{\"@type\":\"SearchAction\",\"target\":{\"@type\":\"EntryPoint\",\"urlTemplate\":\"https:\/\/preprod-lourdes.cawita.com\/?s={search_term_string}\"},\"query-input\":{\"@type\":\"PropertyValueSpecification\",\"valueRequired\":true,\"valueName\":\"search_term_string\"}}],\"inLanguage\":\"de\"}]}<\/script>\n<!-- \/ Yoast SEO plugin. -->","yoast_head_json":{"title":"La pr\u00e9sence des personnes malades \u00e0 Lourdes","description":"La sp\u00e9cificit\u00e9 du Sanctuaire est la pr\u00e9sence des personnes malades \u00e0 Lourdes et la place qui leur sont donn\u00e9es, en p\u00e8lerinage dans le Sanctuaire.","robots":{"index":"index","follow":"follow","max-snippet":"max-snippet:-1","max-image-preview":"max-image-preview:large","max-video-preview":"max-video-preview:-1"},"canonical":"https:\/\/www.lourdes-france.org\/de\/les-pelerinages\/personnes-malades\/","twitter_misc":{"Gesch\u00e4tzte Lesezeit":"3\u00a0Minuten"},"schema":{"@context":"https:\/\/schema.org","@graph":[{"@type":"WebPage","@id":"https:\/\/www.lourdes-france.org\/de\/les-pelerinages\/personnes-malades\/","url":"https:\/\/www.lourdes-france.org\/de\/les-pelerinages\/personnes-malades\/","name":"La pr\u00e9sence des personnes malades \u00e0 Lourdes","isPartOf":{"@id":"https:\/\/preprod-lourdes.cawita.com\/#website"},"primaryImageOfPage":{"@id":"https:\/\/www.lourdes-france.org\/de\/les-pelerinages\/personnes-malades\/#primaryimage"},"image":{"@id":"https:\/\/www.lourdes-france.org\/de\/les-pelerinages\/personnes-malades\/#primaryimage"},"thumbnailUrl":"https:\/\/www.lourdes-france.org\/wp-content\/uploads\/2025\/08\/Malade-1-768x432.jpg","datePublished":"2025-08-08T14:50:25+00:00","dateModified":"2025-08-21T10:31:26+00:00","description":"La sp\u00e9cificit\u00e9 du Sanctuaire est la pr\u00e9sence des personnes malades \u00e0 Lourdes et la place qui leur sont donn\u00e9es, en p\u00e8lerinage dans le Sanctuaire.","breadcrumb":{"@id":"https:\/\/www.lourdes-france.org\/de\/les-pelerinages\/personnes-malades\/#breadcrumb"},"inLanguage":"de","potentialAction":[{"@type":"ReadAction","target":["https:\/\/www.lourdes-france.org\/de\/les-pelerinages\/personnes-malades\/"]}]},{"@type":"ImageObject","inLanguage":"de","@id":"https:\/\/www.lourdes-france.org\/de\/les-pelerinages\/personnes-malades\/#primaryimage","url":"https:\/\/www.lourdes-france.org\/wp-content\/uploads\/2025\/08\/Malade-1-768x432.jpg","contentUrl":"https:\/\/www.lourdes-france.org\/wp-content\/uploads\/2025\/08\/Malade-1-768x432.jpg"},{"@type":"BreadcrumbList","@id":"https:\/\/www.lourdes-france.org\/de\/les-pelerinages\/personnes-malades\/#breadcrumb","itemListElement":[{"@type":"ListItem","position":1,"name":"Accueil","item":"https:\/\/www.lourdes-france.org\/"},{"@type":"ListItem","position":2,"name":"Les p\u00e8lerinages","item":"https:\/\/www.lourdes-france.org\/de\/les-pelerinages\/"},{"@type":"ListItem","position":3,"name":"La pr\u00e9sence des personnes malades \u00e0 Lourdes"}]},{"@type":"WebSite","@id":"https:\/\/preprod-lourdes.cawita.com\/#website","url":"https:\/\/preprod-lourdes.cawita.com\/","name":"Soutenir le Sanctuaire Notre-Dame de Lourdes","description":"","potentialAction":[{"@type":"SearchAction","target":{"@type":"EntryPoint","urlTemplate":"https:\/\/preprod-lourdes.cawita.com\/?s={search_term_string}"},"query-input":{"@type":"PropertyValueSpecification","valueRequired":true,"valueName":"search_term_string"}}],"inLanguage":"de"}]}},"_links":{"self":[{"href":"https:\/\/www.lourdes-france.org\/de\/wp-json\/wp\/v2\/pages\/1058614","targetHints":{"allow":["GET"]}}],"collection":[{"href":"https:\/\/www.lourdes-france.org\/de\/wp-json\/wp\/v2\/pages"}],"about":[{"href":"https:\/\/www.lourdes-france.org\/de\/wp-json\/wp\/v2\/types\/page"}],"author":[{"embeddable":true,"href":"https:\/\/www.lourdes-france.org\/de\/wp-json\/wp\/v2\/users\/7"}],"replies":[{"embeddable":true,"href":"https:\/\/www.lourdes-france.org\/de\/wp-json\/wp\/v2\/comments?post=1058614"}],"version-history":[{"count":3,"href":"https:\/\/www.lourdes-france.org\/de\/wp-json\/wp\/v2\/pages\/1058614\/revisions"}],"predecessor-version":[{"id":1058632,"href":"https:\/\/www.lourdes-france.org\/de\/wp-json\/wp\/v2\/pages\/1058614\/revisions\/1058632"}],"up":[{"embeddable":true,"href":"https:\/\/www.lourdes-france.org\/de\/wp-json\/wp\/v2\/pages\/889607"}],"wp:attachment":[{"href":"https:\/\/www.lourdes-france.org\/de\/wp-json\/wp\/v2\/media?parent=1058614"}],"curies":[{"name":"wp","href":"https:\/\/api.w.org\/{rel}","templated":true}]}}