{"id":1058615,"date":"2025-08-08T17:14:44","date_gmt":"2025-08-08T15:14:44","guid":{"rendered":"https:\/\/www.lourdes-france.org\/les-pelerinages\/les-pelerins-de-lourdes\/"},"modified":"2025-09-29T09:52:43","modified_gmt":"2025-09-29T07:52:43","slug":"les-pelerins-de-lourdes","status":"publish","type":"page","link":"https:\/\/www.lourdes-france.org\/de\/les-pelerinages\/les-pelerins-de-lourdes\/","title":{"rendered":"Wer sind die Pilger von Lourdes?"},"content":{"rendered":"\t\t<div data-elementor-type=\"wp-page\" data-elementor-id=\"1058615\" class=\"elementor elementor-1058615 elementor-1033089\" data-elementor-post-type=\"page\">\n\t\t\t\t\t\t<section class=\"elementor-section elementor-top-section elementor-element elementor-element-30f586f2 elementor-section-full_width elementor-section-stretched elementor-section-height-default elementor-section-height-default\" data-id=\"30f586f2\" data-element_type=\"section\" data-settings=\"{&quot;stretch_section&quot;:&quot;section-stretched&quot;,&quot;background_background&quot;:&quot;classic&quot;}\">\n\t\t\t\t\t\t<div class=\"elementor-container elementor-column-gap-default\">\n\t\t\t\t\t<div class=\"elementor-column elementor-col-100 elementor-top-column elementor-element elementor-element-5407edfd\" data-id=\"5407edfd\" data-element_type=\"column\">\n\t\t\t<div class=\"elementor-widget-wrap elementor-element-populated\">\n\t\t\t\t\t\t<div class=\"elementor-element elementor-element-76c6d3db elementor-widget elementor-widget-spacer\" data-id=\"76c6d3db\" data-element_type=\"widget\" data-widget_type=\"spacer.default\">\n\t\t\t\t<div class=\"elementor-widget-container\">\n\t\t\t\t\t\t\t<div class=\"elementor-spacer\">\n\t\t\t<div class=\"elementor-spacer-inner\"><\/div>\n\t\t<\/div>\n\t\t\t\t\t\t<\/div>\n\t\t\t\t<\/div>\n\t\t\t\t\t<\/div>\n\t\t<\/div>\n\t\t\t\t\t<\/div>\n\t\t<\/section>\n\t\t\t\t<section class=\"elementor-section elementor-top-section elementor-element elementor-element-2c8639ad elementor-section-full_width elementor-section-height-default elementor-section-height-default\" data-id=\"2c8639ad\" data-element_type=\"section\" data-settings=\"{&quot;background_background&quot;:&quot;classic&quot;}\">\n\t\t\t\t\t\t<div class=\"elementor-container elementor-column-gap-default\">\n\t\t\t\t\t<div class=\"elementor-column elementor-col-100 elementor-top-column elementor-element elementor-element-1886f46f\" data-id=\"1886f46f\" data-element_type=\"column\">\n\t\t\t<div class=\"elementor-widget-wrap elementor-element-populated\">\n\t\t\t\t\t\t<div class=\"elementor-element elementor-element-5c649848 elementor-widget elementor-widget-spacer\" data-id=\"5c649848\" data-element_type=\"widget\" data-widget_type=\"spacer.default\">\n\t\t\t\t<div class=\"elementor-widget-container\">\n\t\t\t\t\t\t\t<div class=\"elementor-spacer\">\n\t\t\t<div class=\"elementor-spacer-inner\"><\/div>\n\t\t<\/div>\n\t\t\t\t\t\t<\/div>\n\t\t\t\t<\/div>\n\t\t\t\t<div class=\"elementor-element elementor-element-1d6dfa6e elementor-widget elementor-widget-heading\" data-id=\"1d6dfa6e\" data-element_type=\"widget\" data-widget_type=\"heading.default\">\n\t\t\t\t<div class=\"elementor-widget-container\">\n\t\t\t\t\t<h1 class=\"elementor-heading-title elementor-size-default\">Wer sind die Pilger von Lourdes?\n<\/h1>\t\t\t\t<\/div>\n\t\t\t\t<\/div>\n\t\t\t\t<div class=\"elementor-element elementor-element-6740d81 elementor-widget elementor-widget-heading\" data-id=\"6740d81\" data-element_type=\"widget\" data-widget_type=\"heading.default\">\n\t\t\t\t<div class=\"elementor-widget-container\">\n\t\t\t\t\t<h2 class=\"elementor-heading-title elementor-size-default\">_________________<\/h2>\t\t\t\t<\/div>\n\t\t\t\t<\/div>\n\t\t\t\t<div class=\"elementor-element elementor-element-4be2b016 elementor-widget elementor-widget-text-editor\" data-id=\"4be2b016\" data-element_type=\"widget\" data-widget_type=\"text-editor.default\">\n\t\t\t\t<div class=\"elementor-widget-container\">\n\t\t\t\t\t\t\t\t\t<p class=\"s3\"><strong><span class=\"s2\">Die\u00a0<\/span><span class=\"s5\">Wallfahrtsst\u00e4tte Unserer Lieben Frau von Lourdes<\/span><span class=\"s2\">\u00a0ist einer internationaler Wallfahrtort, ein Ort der Begegnung, der allen offen steht.<\/span><\/strong><\/p><h2 class=\"s3\"><span class=\"s2\">Die ganze Welt kommt nach Lourdes<\/span><\/h2><p class=\"s3\"><span class=\"s6\">Seit den\u00a0<\/span><span class=\"s7\">Erscheinungen<\/span><span class=\"s6\">\u00a0im Jahr 1858 str\u00f6men gro\u00dfe Menschen<\/span><span class=\"s6\">mengen<\/span><span class=\"s6\"> zur Grotte von Lourdes, rund um die kleine\u00a0<\/span><span class=\"s7\">Bernadette Soubirous<\/span><span class=\"s6\">. Wallfahrten werden organisiert und strukturiert, zun\u00e4chst in Frankreich, sehr schnell auch au\u00dferhalb des Landes. Die erste Wallfahrt aus dem Ausland findet bereits 1874 statt: Die belgische Wallfahrt f\u00fchrte mehr als tausend Pilger nach Lourdes.<\/span><\/p><p class=\"s3\"><span class=\"s6\">Um die immer gr\u00f6\u00dfer werdenden Pilgerstr\u00f6me aufnehmen zu k\u00f6nnen, wurde die Wallfahrtsst\u00e4tte im Laufe der Jahre ausgebaut und erweitert.<\/span><\/p><p class=\"s3\"><span class=\"s6\">Ob Tagespilger oder f\u00fcr l\u00e4ngere Zeit, mit der Familie oder der Di\u00f6zese, praktizierende Gl\u00e4ubige oder <\/span><span class=\"s6\">Gelegenheits-<\/span><span class=\"s6\">Besucher<\/span> <span class=\"s6\">\u2013 es ist sehr schwierig, ein \u201etypisches Profil\u201d eines Pilgers zu erstellen. Dennoch lassen sich folgende Gruppen unterscheiden:<\/span><\/p>\t\t\t\t\t\t\t\t<\/div>\n\t\t\t\t<\/div>\n\t\t\t\t<div class=\"elementor-element elementor-element-6db603a elementor-widget elementor-widget-image\" data-id=\"6db603a\" data-element_type=\"widget\" data-widget_type=\"image.default\">\n\t\t\t\t<div class=\"elementor-widget-container\">\n\t\t\t\t\t\t\t\t\t\t\t\t\t\t\t<img fetchpriority=\"high\" decoding=\"async\" width=\"768\" height=\"432\" src=\"https:\/\/www.lourdes-france.org\/wp-content\/uploads\/2025\/08\/le_monde_entier_vient-1-768x432.jpg\" class=\"attachment-medium_large size-medium_large wp-image-1057043\" alt=\"P\u00e8lerinage national lors de la f\u00eate du 15 ao\u00fbt \u00e0 Lourdes\" srcset=\"https:\/\/www.lourdes-france.org\/wp-content\/uploads\/2025\/08\/le_monde_entier_vient-1-768x432.jpg 768w, https:\/\/www.lourdes-france.org\/wp-content\/uploads\/2025\/08\/le_monde_entier_vient-1-300x169.jpg 300w, https:\/\/www.lourdes-france.org\/wp-content\/uploads\/2025\/08\/le_monde_entier_vient-1-1024x576.jpg 1024w, https:\/\/www.lourdes-france.org\/wp-content\/uploads\/2025\/08\/le_monde_entier_vient-1-1536x864.jpg 1536w, https:\/\/www.lourdes-france.org\/wp-content\/uploads\/2025\/08\/le_monde_entier_vient-1-2048x1152.jpg 2048w\" sizes=\"(max-width: 768px) 100vw, 768px\" \/>\t\t\t\t\t\t\t\t\t\t\t\t\t\t\t<\/div>\n\t\t\t\t<\/div>\n\t\t\t\t<div class=\"elementor-element elementor-element-932127a elementor-widget elementor-widget-text-editor\" data-id=\"932127a\" data-element_type=\"widget\" data-widget_type=\"text-editor.default\">\n\t\t\t\t<div class=\"elementor-widget-container\">\n\t\t\t\t\t\t\t\t\t<h2 class=\"s3\"><span class=\"s2\">Pilger in organisierten Wallfahrten<\/span><\/h2><p class=\"s3\"><span class=\"s6\">Sie machen 20 % der Besucher in Lourdes aus. Sie kommen aus geistlichen Gr\u00fcnden nach Lourdes. Oft handelt es sich um eine Pfarrei, eine Di\u00f6zese, ein Land, eine Ordensfamilie oder sogar einen Reiseveranstalter. Solche Wallfahrtsorganisationen bestehen oft schon seit mehreren Jahrzehnten, manche sogar seit \u00fcber einem Jahrhundert.<\/span><\/p><p class=\"s3\"><span class=\"s6\">Die <a href=\"https:\/\/www.lourdes-france.com\/es\/\">Wallfahrtsst\u00e4tte<\/a> kennt ihre genaue Anzahl, da sie erfasst sind. Sie stehen in engem Kontakt mit der Wallfahrtsst\u00e4tte, um Orte zu reservieren und besondere W\u00fcnsche zu \u00e4u\u00dfern.<\/span><\/p>\t\t\t\t\t\t\t\t<\/div>\n\t\t\t\t<\/div>\n\t\t\t\t<div class=\"elementor-element elementor-element-39e1165 elementor-widget elementor-widget-image\" data-id=\"39e1165\" data-element_type=\"widget\" data-widget_type=\"image.default\">\n\t\t\t\t<div class=\"elementor-widget-container\">\n\t\t\t\t\t\t\t\t\t\t\t\t\t\t\t<img decoding=\"async\" width=\"768\" height=\"512\" src=\"https:\/\/www.lourdes-france.org\/wp-content\/uploads\/2025\/08\/pelerinage_organise-768x512.jpg\" class=\"attachment-medium_large size-medium_large wp-image-1057026\" alt=\"P\u00e8lerinage organis\u00e9 \u00e0 Lourdes\" srcset=\"https:\/\/www.lourdes-france.org\/wp-content\/uploads\/2025\/08\/pelerinage_organise-768x512.jpg 768w, https:\/\/www.lourdes-france.org\/wp-content\/uploads\/2025\/08\/pelerinage_organise-300x200.jpg 300w, https:\/\/www.lourdes-france.org\/wp-content\/uploads\/2025\/08\/pelerinage_organise-1024x683.jpg 1024w, https:\/\/www.lourdes-france.org\/wp-content\/uploads\/2025\/08\/pelerinage_organise-1536x1024.jpg 1536w, https:\/\/www.lourdes-france.org\/wp-content\/uploads\/2025\/08\/pelerinage_organise-2048x1365.jpg 2048w\" sizes=\"(max-width: 768px) 100vw, 768px\" \/>\t\t\t\t\t\t\t\t\t\t\t\t\t\t\t<\/div>\n\t\t\t\t<\/div>\n\t\t\t\t<div class=\"elementor-element elementor-element-28eecdc elementor-widget elementor-widget-text-editor\" data-id=\"28eecdc\" data-element_type=\"widget\" data-widget_type=\"text-editor.default\">\n\t\t\t\t<div class=\"elementor-widget-container\">\n\t\t\t\t\t\t\t\t\t<h2 class=\"s3\"><span class=\"s2\">Einzelpilger<\/span><\/h2><p class=\"s3\"><span class=\"s6\">Sie machen 80 % der Besucher in Lourdes aus. Sie kommen allein oder mit ihrer Familie f\u00fcr einige Tage oder f\u00fcr wenige Stunden nach Lourdes. Sie mischen sich unter die gro\u00dfe Pilgermenge, um an den Feierlichkeiten teilzunehmen.<br \/><\/span><span class=\"s6\">Die Pilger kommen aus aller Welt: In der Wallfahrtsst\u00e4tte werden 80 Nationalit\u00e4ten willkommen gehei\u00dfe<\/span><span class=\"s6\">n.<br \/><\/span><span class=\"s6\">Lourdes ist international, weil die Einfachheit und Tiefe seiner Botschaft Menschen aller Nationen und Herkunft zusammenf\u00fchrt.<br \/><\/span>Die Wallfahrtsst\u00e4tte hei\u00dft alle Menschen willkommen, unabh\u00e4ngig von ihrer Kultur, ihrer Religion oder ihrer Weltanschauung. Jeder findet hier, was er sucht.<\/p>\t\t\t\t\t\t\t\t<\/div>\n\t\t\t\t<\/div>\n\t\t\t\t<div class=\"elementor-element elementor-element-4ae0121 elementor-widget elementor-widget-image\" data-id=\"4ae0121\" data-element_type=\"widget\" data-widget_type=\"image.default\">\n\t\t\t\t<div class=\"elementor-widget-container\">\n\t\t\t\t\t\t\t\t\t\t\t\t\t\t\t<img decoding=\"async\" width=\"768\" height=\"512\" src=\"https:\/\/www.lourdes-france.org\/wp-content\/uploads\/2025\/08\/pelerin_indivudel-768x512.jpg\" class=\"attachment-medium_large size-medium_large wp-image-1057051\" alt=\"Personne en fauteuil roulant \u00e0 Lourdes\" srcset=\"https:\/\/www.lourdes-france.org\/wp-content\/uploads\/2025\/08\/pelerin_indivudel-768x512.jpg 768w, https:\/\/www.lourdes-france.org\/wp-content\/uploads\/2025\/08\/pelerin_indivudel-300x200.jpg 300w, https:\/\/www.lourdes-france.org\/wp-content\/uploads\/2025\/08\/pelerin_indivudel-1024x683.jpg 1024w, https:\/\/www.lourdes-france.org\/wp-content\/uploads\/2025\/08\/pelerin_indivudel-1536x1024.jpg 1536w, https:\/\/www.lourdes-france.org\/wp-content\/uploads\/2025\/08\/pelerin_indivudel-2048x1365.jpg 2048w\" sizes=\"(max-width: 768px) 100vw, 768px\" \/>\t\t\t\t\t\t\t\t\t\t\t\t\t\t\t<\/div>\n\t\t\t\t<\/div>\n\t\t\t\t<div class=\"elementor-element elementor-element-9387462 elementor-align-center elementor-widget elementor-widget-button\" data-id=\"9387462\" data-element_type=\"widget\" data-widget_type=\"button.default\">\n\t\t\t\t<div class=\"elementor-widget-container\">\n\t\t\t\t\t\t\t\t\t<div class=\"elementor-button-wrapper\">\n\t\t\t\t\t<a class=\"elementor-button elementor-button-link elementor-size-sm\" href=\"\/les-pelerinages\/\">\n\t\t\t\t\t\t<span class=\"elementor-button-content-wrapper\">\n\t\t\t\t\t\t\t\t\t<span class=\"elementor-button-text\">Aktivit\u00e4ten f\u00fcr alle Pilger<\/span>\n\t\t\t\t\t<\/span>\n\t\t\t\t\t<\/a>\n\t\t\t\t<\/div>\n\t\t\t\t\t\t\t\t<\/div>\n\t\t\t\t<\/div>\n\t\t\t\t<div class=\"elementor-element elementor-element-b3c2fde elementor-widget elementor-widget-text-editor\" data-id=\"b3c2fde\" data-element_type=\"widget\" data-widget_type=\"text-editor.default\">\n\t\t\t\t<div class=\"elementor-widget-container\">\n\t\t\t\t\t\t\t\t\t<h2 class=\"s3\"><span class=\"s2\">Einige Zahlen<\/span><\/h2><p class=\"s3\"><strong><span class=\"s8\" style=\"color: #007a9e;\">Organisierte Wallfahrten mit kranken Menschen<br \/><\/span><\/strong><span class=\"s6\">2019: 445.000 Pilger<br \/><\/span><span class=\"s6\">2020: 35.000 Pilger (Covid-19-Pandemie)<br \/><\/span><span class=\"s6\">2021: 100.000 Pilger<br \/><\/span><span class=\"s6\">2022: 175.000 Pilger<br \/><\/span><span class=\"s6\">2023: 370.000 Pilger<br \/><\/span><span class=\"s6\">2024: 410.000 Pilger<\/span><\/p><p class=\"s3\"><span style=\"color: #007a9e;\"><strong><span class=\"s8\">Zahl der Einzelpilger und Besucher<br \/><\/span><\/strong><\/span><span class=\"s6\">2019: Tats\u00e4chliche Zahl nicht bekannt (Sch\u00e4tzung: 3,5 Millionen)<br \/><\/span><span class=\"s6\">2020: 800.000 Pilger (Covid-19-Pandemie)<br \/><\/span><span class=\"s6\">2021: 1,6 Millionen Pilger<br \/><\/span><span class=\"s6\">2022: 2,7 Millionen Pilger<br \/><\/span><span class=\"s6\">2023: 3,1 Millionen Pilger<br \/><\/span><span class=\"s6\">2024: 3,2 Millionen Pilger<\/span><\/p>\t\t\t\t\t\t\t\t<\/div>\n\t\t\t\t<\/div>\n\t\t\t\t<div class=\"elementor-element elementor-element-42d17945 elementor-view-default elementor-widget elementor-widget-icon\" data-id=\"42d17945\" data-element_type=\"widget\" data-widget_type=\"icon.default\">\n\t\t\t\t<div class=\"elementor-widget-container\">\n\t\t\t\t\t\t\t<div class=\"elementor-icon-wrapper\">\n\t\t\t<div class=\"elementor-icon\">\n\t\t\t<i aria-hidden=\"true\" class=\"fas fa-church\"><\/i>\t\t\t<\/div>\n\t\t<\/div>\n\t\t\t\t\t\t<\/div>\n\t\t\t\t<\/div>\n\t\t\t\t\t<\/div>\n\t\t<\/div>\n\t\t\t\t\t<\/div>\n\t\t<\/section>\n\t\t\t\t<\/div>\n\t\t","protected":false},"excerpt":{"rendered":"<p>Wer sind die Pilger von Lourdes? _________________ Die\u00a0Wallfahrtsst\u00e4tte Unserer Lieben Frau von Lourdes\u00a0ist einer internationaler Wallfahrtort, ein Ort der Begegnung, der allen offen steht. Die ganze Welt kommt nach Lourdes Seit den\u00a0Erscheinungen\u00a0im Jahr 1858 str\u00f6men gro\u00dfe Menschenmengen zur Grotte von &hellip; <a href=\"https:\/\/www.lourdes-france.org\/de\/les-pelerinages\/les-pelerins-de-lourdes\/\">Weiter<\/a><\/p>\n","protected":false},"author":7,"featured_media":1057035,"parent":889607,"menu_order":0,"comment_status":"closed","ping_status":"closed","template":"","meta":{"_acf_changed":false,"footnotes":""},"class_list":["post-1058615","page","type-page","status-publish","has-post-thumbnail","hentry"],"acf":[],"yoast_head":"<!-- This site is optimized with the Yoast SEO plugin v24.7 - https:\/\/yoast.com\/wordpress\/plugins\/seo\/ -->\n<title>Wer sind die Pilger von Lourdes?<\/title>\n<meta name=\"description\" content=\"P\u00e8lerin d\u2019un jour ou de toujours, en famille ou en dioc\u00e8se, fid\u00e8le pratiquant ou visiteur d\u2019une heure, qui sont les p\u00e8lerins de Lourdes ?\" \/>\n<meta name=\"robots\" content=\"index, follow, max-snippet:-1, max-image-preview:large, max-video-preview:-1\" \/>\n<link rel=\"canonical\" href=\"https:\/\/www.lourdes-france.org\/de\/les-pelerinages\/les-pelerins-de-lourdes\/\" \/>\n<meta name=\"twitter:label1\" content=\"Gesch\u00e4tzte Lesezeit\" \/>\n\t<meta name=\"twitter:data1\" content=\"3\u00a0Minuten\" \/>\n<script type=\"application\/ld+json\" class=\"yoast-schema-graph\">{\"@context\":\"https:\/\/schema.org\",\"@graph\":[{\"@type\":\"WebPage\",\"@id\":\"https:\/\/www.lourdes-france.org\/de\/les-pelerinages\/les-pelerins-de-lourdes\/\",\"url\":\"https:\/\/www.lourdes-france.org\/de\/les-pelerinages\/les-pelerins-de-lourdes\/\",\"name\":\"Wer sind die Pilger von Lourdes?\",\"isPartOf\":{\"@id\":\"https:\/\/preprod-lourdes.cawita.com\/#website\"},\"primaryImageOfPage\":{\"@id\":\"https:\/\/www.lourdes-france.org\/de\/les-pelerinages\/les-pelerins-de-lourdes\/#primaryimage\"},\"image\":{\"@id\":\"https:\/\/www.lourdes-france.org\/de\/les-pelerinages\/les-pelerins-de-lourdes\/#primaryimage\"},\"thumbnailUrl\":\"https:\/\/www.lourdes-france.org\/wp-content\/uploads\/2025\/08\/image_mise_en_avant-scaled.jpg\",\"datePublished\":\"2025-08-08T15:14:44+00:00\",\"dateModified\":\"2025-09-29T07:52:43+00:00\",\"description\":\"P\u00e8lerin d\u2019un jour ou de toujours, en famille ou en dioc\u00e8se, fid\u00e8le pratiquant ou visiteur d\u2019une heure, qui sont les p\u00e8lerins de Lourdes ?\",\"breadcrumb\":{\"@id\":\"https:\/\/www.lourdes-france.org\/de\/les-pelerinages\/les-pelerins-de-lourdes\/#breadcrumb\"},\"inLanguage\":\"de\",\"potentialAction\":[{\"@type\":\"ReadAction\",\"target\":[\"https:\/\/www.lourdes-france.org\/de\/les-pelerinages\/les-pelerins-de-lourdes\/\"]}]},{\"@type\":\"ImageObject\",\"inLanguage\":\"de\",\"@id\":\"https:\/\/www.lourdes-france.org\/de\/les-pelerinages\/les-pelerins-de-lourdes\/#primaryimage\",\"url\":\"https:\/\/www.lourdes-france.org\/wp-content\/uploads\/2025\/08\/image_mise_en_avant-scaled.jpg\",\"contentUrl\":\"https:\/\/www.lourdes-france.org\/wp-content\/uploads\/2025\/08\/image_mise_en_avant-scaled.jpg\",\"width\":2560,\"height\":1707,\"caption\":\"Qui sont les p\u00e8lerins de Lourdes\"},{\"@type\":\"BreadcrumbList\",\"@id\":\"https:\/\/www.lourdes-france.org\/de\/les-pelerinages\/les-pelerins-de-lourdes\/#breadcrumb\",\"itemListElement\":[{\"@type\":\"ListItem\",\"position\":1,\"name\":\"Accueil\",\"item\":\"https:\/\/www.lourdes-france.org\/\"},{\"@type\":\"ListItem\",\"position\":2,\"name\":\"Les p\u00e8lerinages\",\"item\":\"https:\/\/www.lourdes-france.org\/de\/les-pelerinages\/\"},{\"@type\":\"ListItem\",\"position\":3,\"name\":\"Wer sind die Pilger von Lourdes?\"}]},{\"@type\":\"WebSite\",\"@id\":\"https:\/\/preprod-lourdes.cawita.com\/#website\",\"url\":\"https:\/\/preprod-lourdes.cawita.com\/\",\"name\":\"Soutenir le Sanctuaire Notre-Dame de Lourdes\",\"description\":\"\",\"potentialAction\":[{\"@type\":\"SearchAction\",\"target\":{\"@type\":\"EntryPoint\",\"urlTemplate\":\"https:\/\/preprod-lourdes.cawita.com\/?s={search_term_string}\"},\"query-input\":{\"@type\":\"PropertyValueSpecification\",\"valueRequired\":true,\"valueName\":\"search_term_string\"}}],\"inLanguage\":\"de\"}]}<\/script>\n<!-- \/ Yoast SEO plugin. -->","yoast_head_json":{"title":"Wer sind die Pilger von Lourdes?","description":"P\u00e8lerin d\u2019un jour ou de toujours, en famille ou en dioc\u00e8se, fid\u00e8le pratiquant ou visiteur d\u2019une heure, qui sont les p\u00e8lerins de Lourdes ?","robots":{"index":"index","follow":"follow","max-snippet":"max-snippet:-1","max-image-preview":"max-image-preview:large","max-video-preview":"max-video-preview:-1"},"canonical":"https:\/\/www.lourdes-france.org\/de\/les-pelerinages\/les-pelerins-de-lourdes\/","twitter_misc":{"Gesch\u00e4tzte Lesezeit":"3\u00a0Minuten"},"schema":{"@context":"https:\/\/schema.org","@graph":[{"@type":"WebPage","@id":"https:\/\/www.lourdes-france.org\/de\/les-pelerinages\/les-pelerins-de-lourdes\/","url":"https:\/\/www.lourdes-france.org\/de\/les-pelerinages\/les-pelerins-de-lourdes\/","name":"Wer sind die Pilger von Lourdes?","isPartOf":{"@id":"https:\/\/preprod-lourdes.cawita.com\/#website"},"primaryImageOfPage":{"@id":"https:\/\/www.lourdes-france.org\/de\/les-pelerinages\/les-pelerins-de-lourdes\/#primaryimage"},"image":{"@id":"https:\/\/www.lourdes-france.org\/de\/les-pelerinages\/les-pelerins-de-lourdes\/#primaryimage"},"thumbnailUrl":"https:\/\/www.lourdes-france.org\/wp-content\/uploads\/2025\/08\/image_mise_en_avant-scaled.jpg","datePublished":"2025-08-08T15:14:44+00:00","dateModified":"2025-09-29T07:52:43+00:00","description":"P\u00e8lerin d\u2019un jour ou de toujours, en famille ou en dioc\u00e8se, fid\u00e8le pratiquant ou visiteur d\u2019une heure, qui sont les p\u00e8lerins de Lourdes ?","breadcrumb":{"@id":"https:\/\/www.lourdes-france.org\/de\/les-pelerinages\/les-pelerins-de-lourdes\/#breadcrumb"},"inLanguage":"de","potentialAction":[{"@type":"ReadAction","target":["https:\/\/www.lourdes-france.org\/de\/les-pelerinages\/les-pelerins-de-lourdes\/"]}]},{"@type":"ImageObject","inLanguage":"de","@id":"https:\/\/www.lourdes-france.org\/de\/les-pelerinages\/les-pelerins-de-lourdes\/#primaryimage","url":"https:\/\/www.lourdes-france.org\/wp-content\/uploads\/2025\/08\/image_mise_en_avant-scaled.jpg","contentUrl":"https:\/\/www.lourdes-france.org\/wp-content\/uploads\/2025\/08\/image_mise_en_avant-scaled.jpg","width":2560,"height":1707,"caption":"Qui sont les p\u00e8lerins de Lourdes"},{"@type":"BreadcrumbList","@id":"https:\/\/www.lourdes-france.org\/de\/les-pelerinages\/les-pelerins-de-lourdes\/#breadcrumb","itemListElement":[{"@type":"ListItem","position":1,"name":"Accueil","item":"https:\/\/www.lourdes-france.org\/"},{"@type":"ListItem","position":2,"name":"Les p\u00e8lerinages","item":"https:\/\/www.lourdes-france.org\/de\/les-pelerinages\/"},{"@type":"ListItem","position":3,"name":"Wer sind die Pilger von Lourdes?"}]},{"@type":"WebSite","@id":"https:\/\/preprod-lourdes.cawita.com\/#website","url":"https:\/\/preprod-lourdes.cawita.com\/","name":"Soutenir le Sanctuaire Notre-Dame de Lourdes","description":"","potentialAction":[{"@type":"SearchAction","target":{"@type":"EntryPoint","urlTemplate":"https:\/\/preprod-lourdes.cawita.com\/?s={search_term_string}"},"query-input":{"@type":"PropertyValueSpecification","valueRequired":true,"valueName":"search_term_string"}}],"inLanguage":"de"}]}},"_links":{"self":[{"href":"https:\/\/www.lourdes-france.org\/de\/wp-json\/wp\/v2\/pages\/1058615","targetHints":{"allow":["GET"]}}],"collection":[{"href":"https:\/\/www.lourdes-france.org\/de\/wp-json\/wp\/v2\/pages"}],"about":[{"href":"https:\/\/www.lourdes-france.org\/de\/wp-json\/wp\/v2\/types\/page"}],"author":[{"embeddable":true,"href":"https:\/\/www.lourdes-france.org\/de\/wp-json\/wp\/v2\/users\/7"}],"replies":[{"embeddable":true,"href":"https:\/\/www.lourdes-france.org\/de\/wp-json\/wp\/v2\/comments?post=1058615"}],"version-history":[{"count":3,"href":"https:\/\/www.lourdes-france.org\/de\/wp-json\/wp\/v2\/pages\/1058615\/revisions"}],"predecessor-version":[{"id":1073143,"href":"https:\/\/www.lourdes-france.org\/de\/wp-json\/wp\/v2\/pages\/1058615\/revisions\/1073143"}],"up":[{"embeddable":true,"href":"https:\/\/www.lourdes-france.org\/de\/wp-json\/wp\/v2\/pages\/889607"}],"wp:featuredmedia":[{"embeddable":true,"href":"https:\/\/www.lourdes-france.org\/de\/wp-json\/wp\/v2\/media\/1057035"}],"wp:attachment":[{"href":"https:\/\/www.lourdes-france.org\/de\/wp-json\/wp\/v2\/media?parent=1058615"}],"curies":[{"name":"wp","href":"https:\/\/api.w.org\/{rel}","templated":true}]}}