{"id":1063856,"date":"2022-10-04T09:58:33","date_gmt":"2022-10-04T07:58:33","guid":{"rendered":"https:\/\/www.lourdes-france.org\/le-service-des-archives-et-bibliotheques-du-sanctuaire\/"},"modified":"2025-09-02T15:27:29","modified_gmt":"2025-09-02T13:27:29","slug":"le-service-des-archives-et-bibliotheques-du-sanctuaire","status":"publish","type":"page","link":"https:\/\/www.lourdes-france.org\/de\/le-service-des-archives-et-bibliotheques-du-sanctuaire\/","title":{"rendered":"Le service des archives et biblioth\u00e8ques du Sanctuaire"},"content":{"rendered":"\t\t<div data-elementor-type=\"wp-page\" data-elementor-id=\"1063856\" class=\"elementor elementor-1063856 elementor-873474\" data-elementor-post-type=\"page\">\n\t\t\t\t\t\t<section class=\"elementor-section elementor-top-section elementor-element elementor-element-802146e elementor-section-full_width elementor-section-stretched elementor-section-height-default elementor-section-height-default\" data-id=\"802146e\" data-element_type=\"section\" data-settings=\"{&quot;stretch_section&quot;:&quot;section-stretched&quot;,&quot;background_background&quot;:&quot;classic&quot;}\">\n\t\t\t\t\t\t<div class=\"elementor-container elementor-column-gap-default\">\n\t\t\t\t\t<div class=\"elementor-column elementor-col-100 elementor-top-column elementor-element elementor-element-6115f80\" data-id=\"6115f80\" data-element_type=\"column\">\n\t\t\t<div class=\"elementor-widget-wrap elementor-element-populated\">\n\t\t\t\t\t\t<div class=\"elementor-element elementor-element-5cc3d77 elementor-widget elementor-widget-spacer\" data-id=\"5cc3d77\" data-element_type=\"widget\" data-widget_type=\"spacer.default\">\n\t\t\t\t<div class=\"elementor-widget-container\">\n\t\t\t\t\t\t\t<div class=\"elementor-spacer\">\n\t\t\t<div class=\"elementor-spacer-inner\"><\/div>\n\t\t<\/div>\n\t\t\t\t\t\t<\/div>\n\t\t\t\t<\/div>\n\t\t\t\t\t<\/div>\n\t\t<\/div>\n\t\t\t\t\t<\/div>\n\t\t<\/section>\n\t\t\t\t<section class=\"elementor-section elementor-top-section elementor-element elementor-element-3def9d4 elementor-section-full_width elementor-section-height-default elementor-section-height-default\" data-id=\"3def9d4\" data-element_type=\"section\" data-settings=\"{&quot;background_background&quot;:&quot;classic&quot;}\">\n\t\t\t\t\t\t<div class=\"elementor-container elementor-column-gap-default\">\n\t\t\t\t\t<div class=\"elementor-column elementor-col-100 elementor-top-column elementor-element elementor-element-cac3266\" data-id=\"cac3266\" data-element_type=\"column\">\n\t\t\t<div class=\"elementor-widget-wrap elementor-element-populated\">\n\t\t\t\t\t\t<div class=\"elementor-element elementor-element-10c947c elementor-widget elementor-widget-spacer\" data-id=\"10c947c\" data-element_type=\"widget\" data-widget_type=\"spacer.default\">\n\t\t\t\t<div class=\"elementor-widget-container\">\n\t\t\t\t\t\t\t<div class=\"elementor-spacer\">\n\t\t\t<div class=\"elementor-spacer-inner\"><\/div>\n\t\t<\/div>\n\t\t\t\t\t\t<\/div>\n\t\t\t\t<\/div>\n\t\t\t\t<div class=\"elementor-element elementor-element-566bbb1 elementor-widget elementor-widget-heading\" data-id=\"566bbb1\" data-element_type=\"widget\" data-widget_type=\"heading.default\">\n\t\t\t\t<div class=\"elementor-widget-container\">\n\t\t\t\t\t<h1 class=\"elementor-heading-title elementor-size-default\">Der Archiv- und Bibliotheksdienst der Wallfahrtsst\u00e4tte<\/h1>\t\t\t\t<\/div>\n\t\t\t\t<\/div>\n\t\t\t\t<div class=\"elementor-element elementor-element-3ff6bcf elementor-widget elementor-widget-heading\" data-id=\"3ff6bcf\" data-element_type=\"widget\" data-widget_type=\"heading.default\">\n\t\t\t\t<div class=\"elementor-widget-container\">\n\t\t\t\t\t<h2 class=\"elementor-heading-title elementor-size-default\">_________________<\/h2>\t\t\t\t<\/div>\n\t\t\t\t<\/div>\n\t\t\t\t<div class=\"elementor-element elementor-element-3f6bfaa elementor-widget elementor-widget-text-editor\" data-id=\"3f6bfaa\" data-element_type=\"widget\" data-widget_type=\"text-editor.default\">\n\t\t\t\t<div class=\"elementor-widget-container\">\n\t\t\t\t\t\t\t\t\t<h5><span class=\"s5\">Der Archiv- und Bibliotheksdienst der\u00a0<\/span><a href=\"https:\/\/www.lourdes-france.com\/\"><span class=\"s6\">Wallfahrtsst\u00e4tte<\/span><\/a><span class=\"s5\">\u00a0hat die Aufgabe, allen Interessierten schriftliche Quellen zur Geschichte und Entwicklung der Wallfahrtsst\u00e4tte von Lourdes zur Verf\u00fcgung zu stellen (Werke zur Geschichte von Lourdes und den Wallfahrten, schriftliche, ikonografische und fotografische Archive usw.).<\/span><\/h5>\t\t\t\t\t\t\t\t<\/div>\n\t\t\t\t<\/div>\n\t\t\t\t<div class=\"elementor-element elementor-element-7fc31b1 elementor-widget elementor-widget-text-editor\" data-id=\"7fc31b1\" data-element_type=\"widget\" data-widget_type=\"text-editor.default\">\n\t\t\t\t<div class=\"elementor-widget-container\">\n\t\t\t\t\t\t\t\t\t<p class=\"s4\"><span class=\"s7\">Die Bibliothek verf\u00fcgt au\u00dferdem \u00fcber einen\u00a0<\/span><span class=\"s5\">in <strong>Frankreich einzigartigen Bestand zur Mariologie<\/strong><\/span><span class=\"s7\">: Geschichte und Verehrung der Jungfrau Maria (Geschichte der Mariologie, Mariologische Theologie, Geschichte der Erscheinungen und Wallfahrtsst\u00e4tten weltweit, Patrologie, Theologie).<\/span><\/p><p class=\"s4\"><span class=\"s7\">Die Dokumente k\u00f6nnen vor Ort eingesehen werden. Eine Ausleihe ist nicht m\u00f6glich. Fernrecherchen sind m\u00f6glich.<\/span><\/p><p class=\"s4\"><span class=\"s7\">Der Katalog der Bibliothek ist online verf\u00fcgbar:\u00a0<\/span><a href=\"https:\/\/lourdes.centredoc.fr\/\"><span class=\"s8\">https:\/\/lourdes.centredoc.fr\/<\/span><\/a><\/p><p>\u00a0<\/p>\t\t\t\t\t\t\t\t<\/div>\n\t\t\t\t<\/div>\n\t\t\t\t<div class=\"elementor-element elementor-element-1908247 elementor-widget elementor-widget-heading\" data-id=\"1908247\" data-element_type=\"widget\" data-widget_type=\"heading.default\">\n\t\t\t\t<div class=\"elementor-widget-container\">\n\t\t\t\t\t<h2 class=\"elementor-heading-title elementor-size-default\">Weitere Informationen\n<\/h2>\t\t\t\t<\/div>\n\t\t\t\t<\/div>\n\t\t\t\t<div class=\"elementor-element elementor-element-61aa067 elementor-widget elementor-widget-link-in-bio\" data-id=\"61aa067\" data-element_type=\"widget\" data-widget_type=\"link-in-bio.default\">\n\t\t\t\t<div class=\"elementor-widget-container\">\n\t\t\t\t\t\t\t<div class=\"e-link-in-bio e-link-in-bio\">\n\t\t\t<div class=\"e-link-in-bio__content\">\n\n\t\t\t\t\t\t<div class=\"e-link-in-bio__identity\">\n\t\t\t\t\t\t\t\t\t<div class=\"e-link-in-bio__identity-image e-link-in-bio__identity-image-profile has-border has-style-circle\">\n\t\t\t\t\t\t\t<img fetchpriority=\"high\" decoding=\"async\" width=\"300\" height=\"300\" src=\"https:\/\/www.lourdes-france.org\/wp-content\/uploads\/2025\/08\/image-2-1-300x300.jpg\" class=\"e-link-in-bio__identity-image-element\" alt=\"\" srcset=\"https:\/\/www.lourdes-france.org\/wp-content\/uploads\/2025\/08\/image-2-1-300x300.jpg 300w, https:\/\/www.lourdes-france.org\/wp-content\/uploads\/2025\/08\/image-2-1-150x150.jpg 150w, https:\/\/www.lourdes-france.org\/wp-content\/uploads\/2025\/08\/image-2-1.jpg 320w\" sizes=\"(max-width: 300px) 100vw, 300px\" \/>\t\t\t\t\t\t\t\t\t\t\t\t\t<\/div>\n\t\t\t\t\t\t\t<\/div>\n\t\t\t\t\t<div class=\"e-link-in-bio__bio\">\n\t\t\t\t<h2 class=\"e-link-in-bio__heading\">Nicolas Dargegen\n<\/h2>\t\t\t\t<h2 class=\"e-link-in-bio__title\">Verantwortlicher f\u00fcr Archive und Bibliotheken\n<\/h2>\t\t\t\t\t\t\t\t\t\t\t<\/div>\n\t\t\t\t\t<div class=\"e-link-in-bio__icons has-size-medium\">\n\t\t\t\t\t\t\t<div class=\"e-link-in-bio__icon is-size-medium\">\n\t\t\t\t\t<a aria-label=\"Telephone\" class=\"e-link-in-bio__icon-link\" href=\"tel:+33%20(0)5%2062%2042%2078%2044\">\n\t\t\t\t\t\t<span class=\"e-link-in-bio__icon-svg\">\n\t\t\t\t\t\t\t<i aria-hidden=\"true\" class=\"fas fa-phone-alt\"><\/i>\t\t\t\t\t\t<\/span>\n\t\t\t\t\t\t\t\t\t\t\t<\/a>\n\t\t\t\t<\/div>\n\t\t\t\t\t\t\t<div class=\"e-link-in-bio__icon is-size-medium\">\n\t\t\t\t\t<a aria-label=\"Email\" class=\"e-link-in-bio__icon-link\" href=\"mailto:nicolas.dargegen@lourdes-france.com\">\n\t\t\t\t\t\t<span class=\"e-link-in-bio__icon-svg\">\n\t\t\t\t\t\t\t<i aria-hidden=\"true\" class=\"fas fa-envelope\"><\/i>\t\t\t\t\t\t<\/span>\n\t\t\t\t\t\t\t\t\t\t\t<\/a>\n\t\t\t\t<\/div>\n\t\t\t\t\t<\/div>\n\t\t\n\t\t<div class=\"e-link-in-bio__ctas has-type-button\">\n\t\t\t\t\t\t\t<a target=\"_blank\" rel=\"noopener \" class=\"e-link-in-bio__cta is-type-button has-corners-rounded\" href=\"\">\n\t\t\t\t\t\t\t\t\t\t<span class=\"e-link-in-bio__cta-text\">\n\t\t\t\t\t\t1 avenue Mgr Th\u00e9as \u2013 65 108 Lourdes  France\t\t\t\t\t<\/span>\n\t\t\t\t<\/a>\n\t\t\t\t\t<\/div>\n\t\t\n\t\t\t<\/div>\n\t\t\t<div class=\"e-link-in-bio__bg\">\n\t\t\t\t<div class=\"e-link-in-bio__bg-overlay\"><\/div>\n\t\t\t<\/div>\n\t\t<\/div>\n\t\t\t\t\t\t<\/div>\n\t\t\t\t<\/div>\n\t\t\t\t<div class=\"elementor-element elementor-element-18a2891 elementor-view-default elementor-widget elementor-widget-icon\" data-id=\"18a2891\" data-element_type=\"widget\" data-widget_type=\"icon.default\">\n\t\t\t\t<div class=\"elementor-widget-container\">\n\t\t\t\t\t\t\t<div class=\"elementor-icon-wrapper\">\n\t\t\t<div class=\"elementor-icon\">\n\t\t\t<i aria-hidden=\"true\" class=\"fas fa-church\"><\/i>\t\t\t<\/div>\n\t\t<\/div>\n\t\t\t\t\t\t<\/div>\n\t\t\t\t<\/div>\n\t\t\t\t\t<\/div>\n\t\t<\/div>\n\t\t\t\t\t<\/div>\n\t\t<\/section>\n\t\t\t\t<\/div>\n\t\t","protected":false},"excerpt":{"rendered":"<p>Der Archiv- und Bibliotheksdienst der Wallfahrtsst\u00e4tte _________________ Der Archiv- und Bibliotheksdienst der\u00a0Wallfahrtsst\u00e4tte\u00a0hat die Aufgabe, allen Interessierten schriftliche Quellen zur Geschichte und Entwicklung der Wallfahrtsst\u00e4tte von Lourdes zur Verf\u00fcgung zu stellen (Werke zur Geschichte von Lourdes und den Wallfahrten, schriftliche, ikonografische &hellip; <a href=\"https:\/\/www.lourdes-france.org\/de\/le-service-des-archives-et-bibliotheques-du-sanctuaire\/\">Weiter<\/a><\/p>\n","protected":false},"author":7,"featured_media":873481,"parent":0,"menu_order":0,"comment_status":"closed","ping_status":"closed","template":"","meta":{"_acf_changed":false,"footnotes":""},"class_list":["post-1063856","page","type-page","status-publish","has-post-thumbnail","hentry"],"acf":[],"yoast_head":"<!-- This site is optimized with the Yoast SEO plugin v24.7 - https:\/\/yoast.com\/wordpress\/plugins\/seo\/ -->\n<title>Service des archives et biblioth\u00e8ques<\/title>\n<meta name=\"description\" content=\"Le service des archives et biblioth\u00e8ques a pour mission de mettre \u00e0 disposition les ressources \u00e9crites sur l\u2019histoire et l\u2019\u00e9volution du Sanctuaire de Lourdes.\" \/>\n<meta name=\"robots\" content=\"index, follow, max-snippet:-1, max-image-preview:large, max-video-preview:-1\" \/>\n<link rel=\"canonical\" href=\"https:\/\/www.lourdes-france.org\/de\/le-service-des-archives-et-bibliotheques-du-sanctuaire\/\" \/>\n<meta name=\"twitter:label1\" content=\"Gesch\u00e4tzte Lesezeit\" \/>\n\t<meta name=\"twitter:data1\" content=\"1\u00a0Minute\" \/>\n<script type=\"application\/ld+json\" class=\"yoast-schema-graph\">{\"@context\":\"https:\/\/schema.org\",\"@graph\":[{\"@type\":\"WebPage\",\"@id\":\"https:\/\/www.lourdes-france.org\/de\/le-service-des-archives-et-bibliotheques-du-sanctuaire\/\",\"url\":\"https:\/\/www.lourdes-france.org\/de\/le-service-des-archives-et-bibliotheques-du-sanctuaire\/\",\"name\":\"Service des archives et biblioth\u00e8ques\",\"isPartOf\":{\"@id\":\"https:\/\/preprod-lourdes.cawita.com\/#website\"},\"primaryImageOfPage\":{\"@id\":\"https:\/\/www.lourdes-france.org\/de\/le-service-des-archives-et-bibliotheques-du-sanctuaire\/#primaryimage\"},\"image\":{\"@id\":\"https:\/\/www.lourdes-france.org\/de\/le-service-des-archives-et-bibliotheques-du-sanctuaire\/#primaryimage\"},\"thumbnailUrl\":\"https:\/\/www.lourdes-france.org\/wp-content\/uploads\/2022\/10\/Archives_et_patrimoine-scaled.jpg\",\"datePublished\":\"2022-10-04T07:58:33+00:00\",\"dateModified\":\"2025-09-02T13:27:29+00:00\",\"description\":\"Le service des archives et biblioth\u00e8ques a pour mission de mettre \u00e0 disposition les ressources \u00e9crites sur l\u2019histoire et l\u2019\u00e9volution du Sanctuaire de Lourdes.\",\"breadcrumb\":{\"@id\":\"https:\/\/www.lourdes-france.org\/de\/le-service-des-archives-et-bibliotheques-du-sanctuaire\/#breadcrumb\"},\"inLanguage\":\"de\",\"potentialAction\":[{\"@type\":\"ReadAction\",\"target\":[\"https:\/\/www.lourdes-france.org\/de\/le-service-des-archives-et-bibliotheques-du-sanctuaire\/\"]}]},{\"@type\":\"ImageObject\",\"inLanguage\":\"de\",\"@id\":\"https:\/\/www.lourdes-france.org\/de\/le-service-des-archives-et-bibliotheques-du-sanctuaire\/#primaryimage\",\"url\":\"https:\/\/www.lourdes-france.org\/wp-content\/uploads\/2022\/10\/Archives_et_patrimoine-scaled.jpg\",\"contentUrl\":\"https:\/\/www.lourdes-france.org\/wp-content\/uploads\/2022\/10\/Archives_et_patrimoine-scaled.jpg\",\"width\":2560,\"height\":1707,\"caption\":\"Archives_et_patrimoine\"},{\"@type\":\"BreadcrumbList\",\"@id\":\"https:\/\/www.lourdes-france.org\/de\/le-service-des-archives-et-bibliotheques-du-sanctuaire\/#breadcrumb\",\"itemListElement\":[{\"@type\":\"ListItem\",\"position\":1,\"name\":\"Accueil\",\"item\":\"https:\/\/www.lourdes-france.org\/\"},{\"@type\":\"ListItem\",\"position\":2,\"name\":\"Le service des archives et biblioth\u00e8ques du Sanctuaire\"}]},{\"@type\":\"WebSite\",\"@id\":\"https:\/\/preprod-lourdes.cawita.com\/#website\",\"url\":\"https:\/\/preprod-lourdes.cawita.com\/\",\"name\":\"Soutenir le Sanctuaire Notre-Dame de Lourdes\",\"description\":\"\",\"potentialAction\":[{\"@type\":\"SearchAction\",\"target\":{\"@type\":\"EntryPoint\",\"urlTemplate\":\"https:\/\/preprod-lourdes.cawita.com\/?s={search_term_string}\"},\"query-input\":{\"@type\":\"PropertyValueSpecification\",\"valueRequired\":true,\"valueName\":\"search_term_string\"}}],\"inLanguage\":\"de\"}]}<\/script>\n<!-- \/ Yoast SEO plugin. -->","yoast_head_json":{"title":"Service des archives et biblioth\u00e8ques","description":"Le service des archives et biblioth\u00e8ques a pour mission de mettre \u00e0 disposition les ressources \u00e9crites sur l\u2019histoire et l\u2019\u00e9volution du Sanctuaire de Lourdes.","robots":{"index":"index","follow":"follow","max-snippet":"max-snippet:-1","max-image-preview":"max-image-preview:large","max-video-preview":"max-video-preview:-1"},"canonical":"https:\/\/www.lourdes-france.org\/de\/le-service-des-archives-et-bibliotheques-du-sanctuaire\/","twitter_misc":{"Gesch\u00e4tzte Lesezeit":"1\u00a0Minute"},"schema":{"@context":"https:\/\/schema.org","@graph":[{"@type":"WebPage","@id":"https:\/\/www.lourdes-france.org\/de\/le-service-des-archives-et-bibliotheques-du-sanctuaire\/","url":"https:\/\/www.lourdes-france.org\/de\/le-service-des-archives-et-bibliotheques-du-sanctuaire\/","name":"Service des archives et biblioth\u00e8ques","isPartOf":{"@id":"https:\/\/preprod-lourdes.cawita.com\/#website"},"primaryImageOfPage":{"@id":"https:\/\/www.lourdes-france.org\/de\/le-service-des-archives-et-bibliotheques-du-sanctuaire\/#primaryimage"},"image":{"@id":"https:\/\/www.lourdes-france.org\/de\/le-service-des-archives-et-bibliotheques-du-sanctuaire\/#primaryimage"},"thumbnailUrl":"https:\/\/www.lourdes-france.org\/wp-content\/uploads\/2022\/10\/Archives_et_patrimoine-scaled.jpg","datePublished":"2022-10-04T07:58:33+00:00","dateModified":"2025-09-02T13:27:29+00:00","description":"Le service des archives et biblioth\u00e8ques a pour mission de mettre \u00e0 disposition les ressources \u00e9crites sur l\u2019histoire et l\u2019\u00e9volution du Sanctuaire de Lourdes.","breadcrumb":{"@id":"https:\/\/www.lourdes-france.org\/de\/le-service-des-archives-et-bibliotheques-du-sanctuaire\/#breadcrumb"},"inLanguage":"de","potentialAction":[{"@type":"ReadAction","target":["https:\/\/www.lourdes-france.org\/de\/le-service-des-archives-et-bibliotheques-du-sanctuaire\/"]}]},{"@type":"ImageObject","inLanguage":"de","@id":"https:\/\/www.lourdes-france.org\/de\/le-service-des-archives-et-bibliotheques-du-sanctuaire\/#primaryimage","url":"https:\/\/www.lourdes-france.org\/wp-content\/uploads\/2022\/10\/Archives_et_patrimoine-scaled.jpg","contentUrl":"https:\/\/www.lourdes-france.org\/wp-content\/uploads\/2022\/10\/Archives_et_patrimoine-scaled.jpg","width":2560,"height":1707,"caption":"Archives_et_patrimoine"},{"@type":"BreadcrumbList","@id":"https:\/\/www.lourdes-france.org\/de\/le-service-des-archives-et-bibliotheques-du-sanctuaire\/#breadcrumb","itemListElement":[{"@type":"ListItem","position":1,"name":"Accueil","item":"https:\/\/www.lourdes-france.org\/"},{"@type":"ListItem","position":2,"name":"Le service des archives et biblioth\u00e8ques du Sanctuaire"}]},{"@type":"WebSite","@id":"https:\/\/preprod-lourdes.cawita.com\/#website","url":"https:\/\/preprod-lourdes.cawita.com\/","name":"Soutenir le Sanctuaire Notre-Dame de Lourdes","description":"","potentialAction":[{"@type":"SearchAction","target":{"@type":"EntryPoint","urlTemplate":"https:\/\/preprod-lourdes.cawita.com\/?s={search_term_string}"},"query-input":{"@type":"PropertyValueSpecification","valueRequired":true,"valueName":"search_term_string"}}],"inLanguage":"de"}]}},"_links":{"self":[{"href":"https:\/\/www.lourdes-france.org\/de\/wp-json\/wp\/v2\/pages\/1063856","targetHints":{"allow":["GET"]}}],"collection":[{"href":"https:\/\/www.lourdes-france.org\/de\/wp-json\/wp\/v2\/pages"}],"about":[{"href":"https:\/\/www.lourdes-france.org\/de\/wp-json\/wp\/v2\/types\/page"}],"author":[{"embeddable":true,"href":"https:\/\/www.lourdes-france.org\/de\/wp-json\/wp\/v2\/users\/7"}],"replies":[{"embeddable":true,"href":"https:\/\/www.lourdes-france.org\/de\/wp-json\/wp\/v2\/comments?post=1063856"}],"version-history":[{"count":3,"href":"https:\/\/www.lourdes-france.org\/de\/wp-json\/wp\/v2\/pages\/1063856\/revisions"}],"predecessor-version":[{"id":1063868,"href":"https:\/\/www.lourdes-france.org\/de\/wp-json\/wp\/v2\/pages\/1063856\/revisions\/1063868"}],"wp:featuredmedia":[{"embeddable":true,"href":"https:\/\/www.lourdes-france.org\/de\/wp-json\/wp\/v2\/media\/873481"}],"wp:attachment":[{"href":"https:\/\/www.lourdes-france.org\/de\/wp-json\/wp\/v2\/media?parent=1063856"}],"curies":[{"name":"wp","href":"https:\/\/api.w.org\/{rel}","templated":true}]}}