{"id":1082697,"date":"2025-09-15T11:21:36","date_gmt":"2025-09-15T09:21:36","guid":{"rendered":"https:\/\/www.lourdes-france.org\/le-centre-de-ressources-historiques\/"},"modified":"2025-11-04T09:24:41","modified_gmt":"2025-11-04T08:24:41","slug":"le-centre-de-ressources-historiques","status":"publish","type":"page","link":"https:\/\/www.lourdes-france.org\/de\/le-centre-de-ressources-historiques\/","title":{"rendered":"Das Zentrum f\u00fcr historische Quellen"},"content":{"rendered":"\t\t<div data-elementor-type=\"wp-page\" data-elementor-id=\"1082697\" class=\"elementor elementor-1082697 elementor-1068128\" data-elementor-post-type=\"page\">\n\t\t\t\t\t\t<section class=\"elementor-section elementor-top-section elementor-element elementor-element-cf746c6 elementor-section-full_width elementor-section-stretched elementor-section-height-default elementor-section-height-default\" data-id=\"cf746c6\" data-element_type=\"section\" data-settings=\"{&quot;stretch_section&quot;:&quot;section-stretched&quot;,&quot;background_background&quot;:&quot;classic&quot;}\">\n\t\t\t\t\t\t<div class=\"elementor-container elementor-column-gap-default\">\n\t\t\t\t\t<div class=\"elementor-column elementor-col-100 elementor-top-column elementor-element elementor-element-4c27135\" data-id=\"4c27135\" data-element_type=\"column\">\n\t\t\t<div class=\"elementor-widget-wrap elementor-element-populated\">\n\t\t\t\t\t\t<div class=\"elementor-element elementor-element-1cf0e93 elementor-widget elementor-widget-spacer\" data-id=\"1cf0e93\" data-element_type=\"widget\" data-widget_type=\"spacer.default\">\n\t\t\t\t<div class=\"elementor-widget-container\">\n\t\t\t\t\t\t\t<div class=\"elementor-spacer\">\n\t\t\t<div class=\"elementor-spacer-inner\"><\/div>\n\t\t<\/div>\n\t\t\t\t\t\t<\/div>\n\t\t\t\t<\/div>\n\t\t\t\t\t<\/div>\n\t\t<\/div>\n\t\t\t\t\t<\/div>\n\t\t<\/section>\n\t\t\t\t<section class=\"elementor-section elementor-top-section elementor-element elementor-element-02f9c04 elementor-section-full_width elementor-section-height-default elementor-section-height-default\" data-id=\"02f9c04\" data-element_type=\"section\" data-settings=\"{&quot;background_background&quot;:&quot;classic&quot;}\">\n\t\t\t\t\t\t<div class=\"elementor-container elementor-column-gap-default\">\n\t\t\t\t\t<div class=\"elementor-column elementor-col-100 elementor-top-column elementor-element elementor-element-dd17d23\" data-id=\"dd17d23\" data-element_type=\"column\">\n\t\t\t<div class=\"elementor-widget-wrap elementor-element-populated\">\n\t\t\t\t\t\t<div class=\"elementor-element elementor-element-3856adc elementor-widget elementor-widget-spacer\" data-id=\"3856adc\" data-element_type=\"widget\" data-widget_type=\"spacer.default\">\n\t\t\t\t<div class=\"elementor-widget-container\">\n\t\t\t\t\t\t\t<div class=\"elementor-spacer\">\n\t\t\t<div class=\"elementor-spacer-inner\"><\/div>\n\t\t<\/div>\n\t\t\t\t\t\t<\/div>\n\t\t\t\t<\/div>\n\t\t\t\t<div class=\"elementor-element elementor-element-9c4a24f elementor-widget elementor-widget-heading\" data-id=\"9c4a24f\" data-element_type=\"widget\" data-widget_type=\"heading.default\">\n\t\t\t\t<div class=\"elementor-widget-container\">\n\t\t\t\t\t<h1 class=\"elementor-heading-title elementor-size-default\">Das Zentrum f\u00fcr historische Quellen\ndes Wallfahrtst\u00e4tte Unserer Lieben Frau von Lourdes<\/h1>\t\t\t\t<\/div>\n\t\t\t\t<\/div>\n\t\t\t\t<div class=\"elementor-element elementor-element-09ba635 elementor-widget elementor-widget-heading\" data-id=\"09ba635\" data-element_type=\"widget\" data-widget_type=\"heading.default\">\n\t\t\t\t<div class=\"elementor-widget-container\">\n\t\t\t\t\t<h2 class=\"elementor-heading-title elementor-size-default\">_________________<\/h2>\t\t\t\t<\/div>\n\t\t\t\t<\/div>\n\t\t\t\t<div class=\"elementor-element elementor-element-9ca2441 elementor-widget elementor-widget-text-editor\" data-id=\"9ca2441\" data-element_type=\"widget\" data-widget_type=\"text-editor.default\">\n\t\t\t\t<div class=\"elementor-widget-container\">\n\t\t\t\t\t\t\t\t\t<p class=\"s5\"><span class=\"s4\">Die Gr\u00fcndung des Zentrums f\u00fcr historische Quellen (CRH) der Wallfahrtst\u00e4tte Unserer Lieben Frau von Lourdes markiert einen wichtigen Wendepunkt f\u00fcr die Erhaltung und Vermittlung ihres au\u00dfergew\u00f6hnlichen Kulturerbes. Die Zentralisierung aller Sammlungen an einem einzigen Ort entspricht einer strategischen Notwendigkeit:<\/span><\/p><p class=\"s7\"><strong><span class=\"s4\">\u2022 <\/span><span class=\"s6\">die Erhaltung des Kulturerbes in einer geeigneten und sicheren Umgebung zu gew\u00e4hrleisten.<br \/><\/span><span class=\"s4\">\u2022 <\/span><span class=\"s6\">einen Raum f\u00fcr Ausstellungen und Kommunikation \u00fcber das kulturelle Geschehen des Heiligtums bieten.<br \/><\/span><span class=\"s4\">\u2022 <\/span><span class=\"s6\">einen f\u00fcr alle zug\u00e4nglichen Ort zur Einsichtnahme zur Verf\u00fcgung stellen.<\/span><\/strong><\/p><p class=\"s5\"><span class=\"s8\">Das Projekt zielt darauf ab, die konservatorischen R\u00e4ume zu optimieren und zu rationalisieren, indem die Sammlungen in einem einzigen Zentrum f\u00fcr historische Ressourcen zusammengefasst werden<\/span><span class=\"s4\">. Dieses Zentrum wird sowohl das bewegliche als auch das schriftliche Kulturerbe vereinen und so eine in sich geschlossene und zentralisierte Einheit bilden.<\/span> <span class=\"s4\">Die derzeit auf mehrere Standorte verteilten Sammlungen sollten unbedingt zusammengef\u00fchrt werden, um eine l\u00fcckenlose Konservierung zu erm\u00f6glichen: Desinfektionsschleusen, Entstaubungs- und Sortierbereiche, Entlade- und Lagerfl\u00e4chen, alles unter optimalen klimatischen Bedingungen und unter m\u00f6glichst weitgehender Einhaltung der im <\/span><span class=\"s9\">Vademekum der pr\u00e4ventiven Konservierung<\/span><span class=\"s4\"> (C2RMF, 2005\/2013) festgelegten Normen.<\/span><\/p><p class=\"s5\"><span class=\"s4\">Dieses Projekt ist nicht nur f\u00fcr den Schutz dieses einzigartigen historischen Schatzes von entscheidender Bedeutung, sondern auch, um Forschern, Studenten und der wissbegierigen \u00d6ffentlichkeit den Zugang zu erleichtern. Das CRH wird auch ein kulturelles Zentrum sein, ein Ort des Erfahrungsaustauschs und der Vermittlung.<\/span><\/p><p class=\"s5\"><span class=\"s4\">In einem Ausstellungsraum werden die Sch\u00e4tze des Heiligtums pr\u00e4sentiert, echte Kunstsch\u00e4tze und Zeugnisse ber\u00fchmter oder unbekannter Pilger. Durch die Zentralisierung von Textilien, Statuen, liturgischen Gegenst\u00e4nden und anderen Sammlungen gew\u00e4hrleistet das CRH deren Erhaltung und erleichtert gleichzeitig ihre Verbreitung durch Ausstellungen, Publikationen und Forschungsarbeiten.<\/span><\/p><p class=\"s5\"><span class=\"s4\">Dieses Projekt ist sowohl eine Notwendigkeit f\u00fcr das Heiligtum als auch eine starke Verpflichtung, dieses Erbe an zuk\u00fcnftige Generationen weiterzugeben.<\/span><\/p><h2 class=\"s5\"><strong><span class=\"s6\">Das Erbe des Heiligtums ist lebendig und entwickelt sich st\u00e4ndig weiter.<\/span><\/strong><\/h2><p class=\"s5\"><span class=\"s4\">Es beschr\u00e4nkt sich nicht auf Konservierungsr\u00e4ume. Liturgische Gegenst\u00e4nde wie sakrale Gef\u00e4\u00dfe oder liturgische Gew\u00e4nder, unabh\u00e4ngig von ihrer Art, werden regelm\u00e4\u00dfig f\u00fcr den Gottesdienst verwendet. Das CRH befindet sich im Herzen des Areals und an der Schnittstelle der Basiliken und wird den Transport der Werke erleichtern, ihre Nachverfolgung gew\u00e4hrleisten und f\u00fcr ihre Sicherheit sorgen.<\/span><\/p><p class=\"s5\"><span class=\"s4\">W\u00e4hrend der Gro\u00dfteil der Goldschmiedearbeiten im Schatzkammer aufbewahrt wird, wird der Fl\u00fcgel \u201ePatrimoine\u201d (Kulturerbe) des CRH einen bedeutenden Teil der Sammlungen des Heiligtums beherbergen:<\/span><\/p><p class=\"s7\"><span class=\"s4\">\u2022 liturgische Gew\u00e4nder und andere alte Textilien (darunter 300 Prozessionsbanner),<br \/><\/span><span class=\"s4\">\u2022 Statuen und Reliefs,<br \/><\/span><span class=\"s4\">\u2022 historische Kronleuchter,<br \/><\/span><span class=\"s4\">\u2022 Kirchenger\u00e4te (Kerzenleuchter, Lesepulte, Ambonen usw.),<br \/><\/span><span class=\"s4\">\u2022 liturgische Ausstattung (Alt\u00e4re, Tabernakel, Kommuniongitter usw.),<br \/><\/span><span class=\"s4\">\u2022 Votivgaben,<br \/><\/span><span class=\"s4\">\u2022 Gem\u00e4lde, Fotografien, Stiche, Lithografien, Ikonen, Reliquien,<br \/><\/span><span class=\"s4\">\u2022 Gemmaux,<br \/><\/span><span class=\"s4\">\u2022 Kr\u00fccken aus der Grotte usw.<\/span><\/p><p class=\"s5\"><span class=\"s4\">Dieses ehrgeizige Projekt wird die optimale Konservierung der Sammlungen des Heiligtums und ihre Zug\u00e4nglichkeit f\u00fcr die Zukunft gew\u00e4hrleisten. Es ist unerl\u00e4sslich, um dieses au\u00dfergew\u00f6hnliche Erbe zu sch\u00fctzen und mit der Welt zu teilen. Wir d\u00fcrfen nicht vergessen, dass das Erbe des Heiligtums auch das Erbe der Pilger ist!<\/span><\/p><h2 class=\"s5\"><span class=\"s6\">Die Archive und Bibliotheken des Heiligtums Notre-Dame de Lourdes: ein f\u00fcr alle zug\u00e4nglicher Dienst.<\/span><\/h2><p class=\"s5\"><span class=\"s4\">Die Archive und Bibliotheken des Heiligtums stehen Pilgern und Forschern gleicherma\u00dfen zur Verf\u00fcgung.<br \/><\/span><span class=\"s4\">Das Archiv umfasst mehr als einen Kilometer an Dokumenten: historische und administrative Archive des Heiligtums, aber auch Fotoarchive.<br \/><\/span><span class=\"s4\">Es wurden auch private Archive anvertraut, wie die von Bischof Laurentin, Pater Cros oder Kanonikus Charriez.<br \/><\/span><span class=\"s4\">Sie k\u00f6nnen unter Einhaltung der geltenden gesetzlichen Bestimmungen eingesehen werden.<\/span><\/p><p class=\"s5\"><span class=\"s4\">Die Bibliotheken umfassen fast 17.000 Titel, darunter insbesondere die umfassendste Sammlung zur Geschichte der Erscheinungen von Lourdes, Bernadette und der Entwicklung des Heiligtums mit der vollst\u00e4ndigen Sammlung der Zeitschriften des Heiligtums, aber auch eine au\u00dfergew\u00f6hnliche Sammlung zur Theologie, zum religi\u00f6sen Kult und zur Marienverehrung: die Marienbibliothek, die dank einer Partnerschaft mit der Soci\u00e9t\u00e9 Fran\u00e7aise d&#8217;\u00c9tudes Mariales (SFEM), die uns ihre eigene Sammlung anvertraut hat, regelm\u00e4\u00dfig erweitert wird.<\/span><\/p><p class=\"s5\"><span class=\"s4\">Die Mari<\/span><span class=\"s4\">ologische B<\/span><span class=\"s4\">ibliothek ist damit eine von nur vier Bibliotheken weltweit, die sich auf dieses Thema spezialisiert haben, und die einzige franz\u00f6sischsprachige.<\/span><\/p>\t\t\t\t\t\t\t\t<\/div>\n\t\t\t\t<\/div>\n\t\t\t\t<div class=\"elementor-element elementor-element-9b66f5f elementor-widget elementor-widget-heading\" data-id=\"9b66f5f\" data-element_type=\"widget\" data-widget_type=\"heading.default\">\n\t\t\t\t<div class=\"elementor-widget-container\">\n\t\t\t\t\t<h2 class=\"elementor-heading-title elementor-size-default\">Weitere Informationen<\/h2>\t\t\t\t<\/div>\n\t\t\t\t<\/div>\n\t\t\t\t<section class=\"elementor-section elementor-inner-section elementor-element elementor-element-998965a elementor-section-boxed elementor-section-height-default elementor-section-height-default\" data-id=\"998965a\" data-element_type=\"section\">\n\t\t\t\t\t\t<div class=\"elementor-container elementor-column-gap-default\">\n\t\t\t\t\t<div class=\"elementor-column elementor-col-50 elementor-inner-column elementor-element elementor-element-dbdf96b\" data-id=\"dbdf96b\" data-element_type=\"column\">\n\t\t\t<div class=\"elementor-widget-wrap elementor-element-populated\">\n\t\t\t\t\t\t<div class=\"elementor-element elementor-element-ad3b0f5 elementor-widget elementor-widget-link-in-bio\" data-id=\"ad3b0f5\" data-element_type=\"widget\" data-widget_type=\"link-in-bio.default\">\n\t\t\t\t<div class=\"elementor-widget-container\">\n\t\t\t\t\t\t\t<div class=\"e-link-in-bio e-link-in-bio\">\n\t\t\t<div class=\"e-link-in-bio__content\">\n\n\t\t\t\t\t\t<div class=\"e-link-in-bio__identity\">\n\t\t\t\t\t\t\t\t\t<div class=\"e-link-in-bio__identity-image e-link-in-bio__identity-image-profile has-border has-style-circle\">\n\t\t\t\t\t\t\t<img fetchpriority=\"high\" decoding=\"async\" width=\"300\" height=\"200\" src=\"https:\/\/www.lourdes-france.org\/wp-content\/uploads\/2025\/08\/2024-Robin-Archives-6-300x200.jpg\" class=\"e-link-in-bio__identity-image-element\" alt=\"\" srcset=\"https:\/\/www.lourdes-france.org\/wp-content\/uploads\/2025\/08\/2024-Robin-Archives-6-300x200.jpg 300w, https:\/\/www.lourdes-france.org\/wp-content\/uploads\/2025\/08\/2024-Robin-Archives-6-1024x683.jpg 1024w, https:\/\/www.lourdes-france.org\/wp-content\/uploads\/2025\/08\/2024-Robin-Archives-6-768x512.jpg 768w, https:\/\/www.lourdes-france.org\/wp-content\/uploads\/2025\/08\/2024-Robin-Archives-6-1536x1024.jpg 1536w, https:\/\/www.lourdes-france.org\/wp-content\/uploads\/2025\/08\/2024-Robin-Archives-6-2048x1365.jpg 2048w\" sizes=\"(max-width: 300px) 100vw, 300px\" \/>\t\t\t\t\t\t\t\t\t\t\t\t\t<\/div>\n\t\t\t\t\t\t\t<\/div>\n\t\t\t\t\t<div class=\"e-link-in-bio__bio\">\n\t\t\t\t<h2 class=\"e-link-in-bio__heading\">Robin DUPONT\n<\/h2>\t\t\t\t<h2 class=\"e-link-in-bio__title\">Konservator des Kulturerbes SNDL\n<\/h2>\t\t\t\t\t\t\t\t\t\t\t<\/div>\n\t\t\t\t\t<div class=\"e-link-in-bio__icons has-size-medium\">\n\t\t\t\t\t\t\t<div class=\"e-link-in-bio__icon is-size-medium\">\n\t\t\t\t\t<a aria-label=\"Telephone\" class=\"e-link-in-bio__icon-link\" href=\"tel:+33%20(0)5%2062%2042%2066%2048\">\n\t\t\t\t\t\t<span class=\"e-link-in-bio__icon-svg\">\n\t\t\t\t\t\t\t<i aria-hidden=\"true\" class=\"fas fa-phone-alt\"><\/i>\t\t\t\t\t\t<\/span>\n\t\t\t\t\t\t\t\t\t\t\t<\/a>\n\t\t\t\t<\/div>\n\t\t\t\t\t\t\t<div class=\"e-link-in-bio__icon is-size-medium\">\n\t\t\t\t\t<a aria-label=\"Email\" class=\"e-link-in-bio__icon-link\" href=\"mailto:robin.dupont@lourdes-france.com\">\n\t\t\t\t\t\t<span class=\"e-link-in-bio__icon-svg\">\n\t\t\t\t\t\t\t<i aria-hidden=\"true\" class=\"fas fa-envelope\"><\/i>\t\t\t\t\t\t<\/span>\n\t\t\t\t\t\t\t\t\t\t\t<\/a>\n\t\t\t\t<\/div>\n\t\t\t\t\t<\/div>\n\t\t\n\t\t<div class=\"e-link-in-bio__ctas has-type-button\">\n\t\t\t\t\t\t\t<a target=\"_blank\" rel=\"noopener \" class=\"e-link-in-bio__cta is-type-button has-corners-rounded\" href=\"\">\n\t\t\t\t\t\t\t\t\t\t<span class=\"e-link-in-bio__cta-text\">\n\t\t\t\t\t\t1 avenue Mgr Th\u00e9as \u2013 65 108 Lourdes  France\t\t\t\t\t<\/span>\n\t\t\t\t<\/a>\n\t\t\t\t\t<\/div>\n\t\t\n\t\t\t<\/div>\n\t\t\t<div class=\"e-link-in-bio__bg\">\n\t\t\t\t<div class=\"e-link-in-bio__bg-overlay\"><\/div>\n\t\t\t<\/div>\n\t\t<\/div>\n\t\t\t\t\t\t<\/div>\n\t\t\t\t<\/div>\n\t\t\t\t\t<\/div>\n\t\t<\/div>\n\t\t\t\t<div class=\"elementor-column elementor-col-50 elementor-inner-column elementor-element elementor-element-af7c4e9\" data-id=\"af7c4e9\" data-element_type=\"column\">\n\t\t\t<div class=\"elementor-widget-wrap elementor-element-populated\">\n\t\t\t\t\t\t<div class=\"elementor-element elementor-element-52142af elementor-widget elementor-widget-link-in-bio\" data-id=\"52142af\" data-element_type=\"widget\" data-widget_type=\"link-in-bio.default\">\n\t\t\t\t<div class=\"elementor-widget-container\">\n\t\t\t\t\t\t\t<div class=\"e-link-in-bio e-link-in-bio\">\n\t\t\t<div class=\"e-link-in-bio__content\">\n\n\t\t\t\t\t\t<div class=\"e-link-in-bio__identity\">\n\t\t\t\t\t\t\t\t\t<div class=\"e-link-in-bio__identity-image e-link-in-bio__identity-image-profile has-border has-style-circle\">\n\t\t\t\t\t\t\t<img decoding=\"async\" width=\"300\" height=\"300\" src=\"https:\/\/www.lourdes-france.org\/wp-content\/uploads\/2025\/08\/image-2-1-300x300.jpg\" class=\"e-link-in-bio__identity-image-element\" alt=\"\" srcset=\"https:\/\/www.lourdes-france.org\/wp-content\/uploads\/2025\/08\/image-2-1-300x300.jpg 300w, https:\/\/www.lourdes-france.org\/wp-content\/uploads\/2025\/08\/image-2-1-150x150.jpg 150w, https:\/\/www.lourdes-france.org\/wp-content\/uploads\/2025\/08\/image-2-1.jpg 320w\" sizes=\"(max-width: 300px) 100vw, 300px\" \/>\t\t\t\t\t\t\t\t\t\t\t\t\t<\/div>\n\t\t\t\t\t\t\t<\/div>\n\t\t\t\t\t<div class=\"e-link-in-bio__bio\">\n\t\t\t\t<h2 class=\"e-link-in-bio__heading\">Nicolas Dargegen\n<\/h2>\t\t\t\t<h2 class=\"e-link-in-bio__title\">Verantwortlicher f\u00fcr Archive und Bibliotheken SNDL<\/h2>\t\t\t\t\t\t\t\t\t\t\t<\/div>\n\t\t\t\t\t<div class=\"e-link-in-bio__icons has-size-medium\">\n\t\t\t\t\t\t\t<div class=\"e-link-in-bio__icon is-size-medium\">\n\t\t\t\t\t<a aria-label=\"Telephone\" class=\"e-link-in-bio__icon-link\" href=\"tel:+33%20(0)5%2062%2042%2078%2044\">\n\t\t\t\t\t\t<span class=\"e-link-in-bio__icon-svg\">\n\t\t\t\t\t\t\t<i aria-hidden=\"true\" class=\"fas fa-phone-alt\"><\/i>\t\t\t\t\t\t<\/span>\n\t\t\t\t\t\t\t\t\t\t\t<\/a>\n\t\t\t\t<\/div>\n\t\t\t\t\t\t\t<div class=\"e-link-in-bio__icon is-size-medium\">\n\t\t\t\t\t<a aria-label=\"Email\" class=\"e-link-in-bio__icon-link\" href=\"mailto:nicolas.dargegen@lourdes-france.com\">\n\t\t\t\t\t\t<span class=\"e-link-in-bio__icon-svg\">\n\t\t\t\t\t\t\t<i aria-hidden=\"true\" class=\"fas fa-envelope\"><\/i>\t\t\t\t\t\t<\/span>\n\t\t\t\t\t\t\t\t\t\t\t<\/a>\n\t\t\t\t<\/div>\n\t\t\t\t\t<\/div>\n\t\t\n\t\t<div class=\"e-link-in-bio__ctas has-type-button\">\n\t\t\t\t\t\t\t<a target=\"_blank\" rel=\"noopener \" class=\"e-link-in-bio__cta is-type-button has-corners-rounded\" href=\"\">\n\t\t\t\t\t\t\t\t\t\t<span class=\"e-link-in-bio__cta-text\">\n\t\t\t\t\t\t1 avenue Mgr Th\u00e9as \u2013 65 108 Lourdes  France\t\t\t\t\t<\/span>\n\t\t\t\t<\/a>\n\t\t\t\t\t<\/div>\n\t\t\n\t\t\t<\/div>\n\t\t\t<div class=\"e-link-in-bio__bg\">\n\t\t\t\t<div class=\"e-link-in-bio__bg-overlay\"><\/div>\n\t\t\t<\/div>\n\t\t<\/div>\n\t\t\t\t\t\t<\/div>\n\t\t\t\t<\/div>\n\t\t\t\t\t<\/div>\n\t\t<\/div>\n\t\t\t\t\t<\/div>\n\t\t<\/section>\n\t\t\t\t<div class=\"elementor-element elementor-element-22998cc elementor-view-default elementor-widget elementor-widget-icon\" data-id=\"22998cc\" data-element_type=\"widget\" data-widget_type=\"icon.default\">\n\t\t\t\t<div class=\"elementor-widget-container\">\n\t\t\t\t\t\t\t<div class=\"elementor-icon-wrapper\">\n\t\t\t<div class=\"elementor-icon\">\n\t\t\t<i aria-hidden=\"true\" class=\"fas fa-church\"><\/i>\t\t\t<\/div>\n\t\t<\/div>\n\t\t\t\t\t\t<\/div>\n\t\t\t\t<\/div>\n\t\t\t\t\t<\/div>\n\t\t<\/div>\n\t\t\t\t\t<\/div>\n\t\t<\/section>\n\t\t\t\t<\/div>\n\t\t","protected":false},"excerpt":{"rendered":"<p>Das Zentrum f\u00fcr historische Quellen des Wallfahrtst\u00e4tte Unserer Lieben Frau von Lourdes _________________ Die Gr\u00fcndung des Zentrums f\u00fcr historische Quellen (CRH) der Wallfahrtst\u00e4tte Unserer Lieben Frau von Lourdes markiert einen wichtigen Wendepunkt f\u00fcr die Erhaltung und Vermittlung ihres au\u00dfergew\u00f6hnlichen Kulturerbes. &hellip; <a href=\"https:\/\/www.lourdes-france.org\/de\/le-centre-de-ressources-historiques\/\">Weiter<\/a><\/p>\n","protected":false},"author":7,"featured_media":1068132,"parent":0,"menu_order":0,"comment_status":"closed","ping_status":"closed","template":"","meta":{"_acf_changed":false,"footnotes":""},"class_list":["post-1082697","page","type-page","status-publish","has-post-thumbnail","hentry"],"acf":[],"yoast_head":"<!-- This site is optimized with the Yoast SEO plugin v24.7 - https:\/\/yoast.com\/wordpress\/plugins\/seo\/ -->\n<title>Das Zentrum f\u00fcr historische Quellen<\/title>\n<meta name=\"robots\" content=\"index, follow, max-snippet:-1, max-image-preview:large, max-video-preview:-1\" \/>\n<link rel=\"canonical\" href=\"https:\/\/www.lourdes-france.org\/de\/le-centre-de-ressources-historiques\/\" \/>\n<meta name=\"twitter:label1\" content=\"Gesch\u00e4tzte Lesezeit\" \/>\n\t<meta name=\"twitter:data1\" content=\"5\u00a0Minuten\" \/>\n<script type=\"application\/ld+json\" class=\"yoast-schema-graph\">{\"@context\":\"https:\/\/schema.org\",\"@graph\":[{\"@type\":\"WebPage\",\"@id\":\"https:\/\/www.lourdes-france.org\/de\/le-centre-de-ressources-historiques\/\",\"url\":\"https:\/\/www.lourdes-france.org\/de\/le-centre-de-ressources-historiques\/\",\"name\":\"Das Zentrum f\u00fcr historische Quellen\",\"isPartOf\":{\"@id\":\"https:\/\/preprod-lourdes.cawita.com\/#website\"},\"primaryImageOfPage\":{\"@id\":\"https:\/\/www.lourdes-france.org\/de\/le-centre-de-ressources-historiques\/#primaryimage\"},\"image\":{\"@id\":\"https:\/\/www.lourdes-france.org\/de\/le-centre-de-ressources-historiques\/#primaryimage\"},\"thumbnailUrl\":\"https:\/\/www.lourdes-france.org\/wp-content\/uploads\/2025\/09\/crh.jpg\",\"datePublished\":\"2025-09-15T09:21:36+00:00\",\"dateModified\":\"2025-11-04T08:24:41+00:00\",\"breadcrumb\":{\"@id\":\"https:\/\/www.lourdes-france.org\/de\/le-centre-de-ressources-historiques\/#breadcrumb\"},\"inLanguage\":\"de\",\"potentialAction\":[{\"@type\":\"ReadAction\",\"target\":[\"https:\/\/www.lourdes-france.org\/de\/le-centre-de-ressources-historiques\/\"]}]},{\"@type\":\"ImageObject\",\"inLanguage\":\"de\",\"@id\":\"https:\/\/www.lourdes-france.org\/de\/le-centre-de-ressources-historiques\/#primaryimage\",\"url\":\"https:\/\/www.lourdes-france.org\/wp-content\/uploads\/2025\/09\/crh.jpg\",\"contentUrl\":\"https:\/\/www.lourdes-france.org\/wp-content\/uploads\/2025\/09\/crh.jpg\",\"width\":744,\"height\":268},{\"@type\":\"BreadcrumbList\",\"@id\":\"https:\/\/www.lourdes-france.org\/de\/le-centre-de-ressources-historiques\/#breadcrumb\",\"itemListElement\":[{\"@type\":\"ListItem\",\"position\":1,\"name\":\"Accueil\",\"item\":\"https:\/\/www.lourdes-france.org\/\"},{\"@type\":\"ListItem\",\"position\":2,\"name\":\"Das Zentrum f\u00fcr historische Quellen\"}]},{\"@type\":\"WebSite\",\"@id\":\"https:\/\/preprod-lourdes.cawita.com\/#website\",\"url\":\"https:\/\/preprod-lourdes.cawita.com\/\",\"name\":\"Soutenir le Sanctuaire Notre-Dame de Lourdes\",\"description\":\"\",\"potentialAction\":[{\"@type\":\"SearchAction\",\"target\":{\"@type\":\"EntryPoint\",\"urlTemplate\":\"https:\/\/preprod-lourdes.cawita.com\/?s={search_term_string}\"},\"query-input\":{\"@type\":\"PropertyValueSpecification\",\"valueRequired\":true,\"valueName\":\"search_term_string\"}}],\"inLanguage\":\"de\"}]}<\/script>\n<!-- \/ Yoast SEO plugin. -->","yoast_head_json":{"title":"Das Zentrum f\u00fcr historische Quellen","robots":{"index":"index","follow":"follow","max-snippet":"max-snippet:-1","max-image-preview":"max-image-preview:large","max-video-preview":"max-video-preview:-1"},"canonical":"https:\/\/www.lourdes-france.org\/de\/le-centre-de-ressources-historiques\/","twitter_misc":{"Gesch\u00e4tzte Lesezeit":"5\u00a0Minuten"},"schema":{"@context":"https:\/\/schema.org","@graph":[{"@type":"WebPage","@id":"https:\/\/www.lourdes-france.org\/de\/le-centre-de-ressources-historiques\/","url":"https:\/\/www.lourdes-france.org\/de\/le-centre-de-ressources-historiques\/","name":"Das Zentrum f\u00fcr historische Quellen","isPartOf":{"@id":"https:\/\/preprod-lourdes.cawita.com\/#website"},"primaryImageOfPage":{"@id":"https:\/\/www.lourdes-france.org\/de\/le-centre-de-ressources-historiques\/#primaryimage"},"image":{"@id":"https:\/\/www.lourdes-france.org\/de\/le-centre-de-ressources-historiques\/#primaryimage"},"thumbnailUrl":"https:\/\/www.lourdes-france.org\/wp-content\/uploads\/2025\/09\/crh.jpg","datePublished":"2025-09-15T09:21:36+00:00","dateModified":"2025-11-04T08:24:41+00:00","breadcrumb":{"@id":"https:\/\/www.lourdes-france.org\/de\/le-centre-de-ressources-historiques\/#breadcrumb"},"inLanguage":"de","potentialAction":[{"@type":"ReadAction","target":["https:\/\/www.lourdes-france.org\/de\/le-centre-de-ressources-historiques\/"]}]},{"@type":"ImageObject","inLanguage":"de","@id":"https:\/\/www.lourdes-france.org\/de\/le-centre-de-ressources-historiques\/#primaryimage","url":"https:\/\/www.lourdes-france.org\/wp-content\/uploads\/2025\/09\/crh.jpg","contentUrl":"https:\/\/www.lourdes-france.org\/wp-content\/uploads\/2025\/09\/crh.jpg","width":744,"height":268},{"@type":"BreadcrumbList","@id":"https:\/\/www.lourdes-france.org\/de\/le-centre-de-ressources-historiques\/#breadcrumb","itemListElement":[{"@type":"ListItem","position":1,"name":"Accueil","item":"https:\/\/www.lourdes-france.org\/"},{"@type":"ListItem","position":2,"name":"Das Zentrum f\u00fcr historische Quellen"}]},{"@type":"WebSite","@id":"https:\/\/preprod-lourdes.cawita.com\/#website","url":"https:\/\/preprod-lourdes.cawita.com\/","name":"Soutenir le Sanctuaire Notre-Dame de Lourdes","description":"","potentialAction":[{"@type":"SearchAction","target":{"@type":"EntryPoint","urlTemplate":"https:\/\/preprod-lourdes.cawita.com\/?s={search_term_string}"},"query-input":{"@type":"PropertyValueSpecification","valueRequired":true,"valueName":"search_term_string"}}],"inLanguage":"de"}]}},"_links":{"self":[{"href":"https:\/\/www.lourdes-france.org\/de\/wp-json\/wp\/v2\/pages\/1082697","targetHints":{"allow":["GET"]}}],"collection":[{"href":"https:\/\/www.lourdes-france.org\/de\/wp-json\/wp\/v2\/pages"}],"about":[{"href":"https:\/\/www.lourdes-france.org\/de\/wp-json\/wp\/v2\/types\/page"}],"author":[{"embeddable":true,"href":"https:\/\/www.lourdes-france.org\/de\/wp-json\/wp\/v2\/users\/7"}],"replies":[{"embeddable":true,"href":"https:\/\/www.lourdes-france.org\/de\/wp-json\/wp\/v2\/comments?post=1082697"}],"version-history":[{"count":3,"href":"https:\/\/www.lourdes-france.org\/de\/wp-json\/wp\/v2\/pages\/1082697\/revisions"}],"predecessor-version":[{"id":1082937,"href":"https:\/\/www.lourdes-france.org\/de\/wp-json\/wp\/v2\/pages\/1082697\/revisions\/1082937"}],"wp:featuredmedia":[{"embeddable":true,"href":"https:\/\/www.lourdes-france.org\/de\/wp-json\/wp\/v2\/media\/1068132"}],"wp:attachment":[{"href":"https:\/\/www.lourdes-france.org\/de\/wp-json\/wp\/v2\/media?parent=1082697"}],"curies":[{"name":"wp","href":"https:\/\/api.w.org\/{rel}","templated":true}]}}