{"id":11973,"date":"2018-08-02T17:36:17","date_gmt":"2018-08-02T15:36:17","guid":{"rendered":"https:\/\/www.lourdes-france.org\/pelerin-dun-jour\/"},"modified":"2021-03-02T16:09:27","modified_gmt":"2021-03-02T15:09:27","slug":"pilger-fur-einen-tag","status":"publish","type":"page","link":"https:\/\/www.lourdes-france.org\/de\/pilger-fur-einen-tag\/","title":{"rendered":"Pilger f\u00fcr einen Tag"},"content":{"rendered":"\t\t<div data-elementor-type=\"wp-post\" data-elementor-id=\"11973\" class=\"elementor elementor-11973 elementor-3898 elementor-bc-flex-widget\" data-elementor-post-type=\"page\">\n\t\t\t\t\t\t<section class=\"elementor-section elementor-top-section elementor-element elementor-element-8952687 elementor-section-boxed elementor-section-height-default elementor-section-height-default\" data-id=\"8952687\" data-element_type=\"section\">\n\t\t\t\t\t\t<div class=\"elementor-container elementor-column-gap-no\">\n\t\t\t\t\t<div class=\"elementor-column elementor-col-66 elementor-top-column elementor-element elementor-element-2e49a623\" data-id=\"2e49a623\" data-element_type=\"column\">\n\t\t\t<div class=\"elementor-widget-wrap elementor-element-populated\">\n\t\t\t\t\t\t<div class=\"elementor-element elementor-element-25d9d5c2 elementor-widget elementor-widget-text-editor\" data-id=\"25d9d5c2\" data-element_type=\"widget\" data-widget_type=\"text-editor.default\">\n\t\t\t\t<div class=\"elementor-widget-container\">\n\t\t\t\t\t\t\t\t\t<p>Eine Wallfahrt nach Lourdes ist f\u00fcr jeden offen und zug\u00e4nglich. Einen ersten Eindruck dieser Erfahrung zu bekommen, \u00e4ndert den Blick auf das Leben und regt dazu an, noch weiter in der eigenen spirituellen Suche voranzugehen.<br \/>F\u00fcr diejenigen, die nur einen Tag zur Verf\u00fcgung haben, hat die Wallfahrtsst\u00e4tte das Programm \u201ePilger f\u00fcr einen Tag\u201c entwickelt, das es erlaubt das Wesentliche der Botschaft von Lourdes in kurzer Zeit kennenzulernen!<\/p>\t\t\t\t\t\t\t\t<\/div>\n\t\t\t\t<\/div>\n\t\t\t\t<div class=\"elementor-element elementor-element-6fd2f6e1 elementor-widget elementor-widget-text-editor\" data-id=\"6fd2f6e1\" data-element_type=\"widget\" data-widget_type=\"text-editor.default\">\n\t\t\t\t<div class=\"elementor-widget-container\">\n\t\t\t\t\t\t\t\t\t<h2><span style=\"color: #e8a702;\">Etappen :<\/span><\/h2>\t\t\t\t\t\t\t\t<\/div>\n\t\t\t\t<\/div>\n\t\t\t\t<div class=\"elementor-element elementor-element-577d9bb2 elementor-widget elementor-widget-text-editor\" data-id=\"577d9bb2\" data-element_type=\"widget\" data-widget_type=\"text-editor.default\">\n\t\t\t\t<div class=\"elementor-widget-container\">\n\t\t\t\t\t\t\t\t\t<span class=\"parcours-listparcours\"><ul>\n \t<li>8h30*): Treffpunkt an der gekr\u00f6nten Madonna zum begleiteten Kreuzweg auf dem Esp\u00e9lugues-H\u00fcgel<\/li>\n \t<li>11h00 : Pilgermesse<\/li>\n \t<li>13h45\u00a0: Film \u00fcber die Botschaft von Lourdes und die Erscheinungen im Informationszentrum<\/li>\n \t<li>14h30*): Treffen am Informationsb\u00fcro f\u00fcr eine F\u00fchrung durch die Wallfahrtsst\u00e4tte oder auf den Spuren der Bernadette oder jeden dienstags w\u00e4hrend der Wallfahrtssaison Rosenkranzgebet in deutscher Sprache an der Grotte<\/li>\n \t<li>17h00\u00a0: von April bis Oktober Eucharistische Prozession oder Zeit zur pers\u00f6nlichen Einkehr in der Krypta<\/li>\n \t<li>18h00*) Rosenkranzgebet in deutscher Sprache in der Nische der Heiligen Bernadette<\/li>\n \t<li>21h00\u00a0: von April bis Oktober Marianische Lichterprozession (den Rest des Jahres um 20h30\u00a0: Rosenkranzgebet mit Fackeln an der Grotte w\u00e4hrend der franz\u00f6sischen Schulferien).<\/li>\n \t<li>Beichtgelegenheit in der Kapelle der Vers\u00f6hnung<\/li>\n<\/ul>\n*) in der Zeit von Juli \u2013 September durch die Pilgerseelsorge<\/span>\t\t\t\t\t\t\t\t<\/div>\n\t\t\t\t<\/div>\n\t\t\t\t<div class=\"elementor-element elementor-element-29a3881 elementor-widget elementor-widget-text-editor\" data-id=\"29a3881\" data-element_type=\"widget\" data-widget_type=\"text-editor.default\">\n\t\t\t\t<div class=\"elementor-widget-container\">\n\t\t\t\t\t\t\t\t\t<h2><span style=\"color: #e8a702;\">Spende :<\/span><\/h2>\t\t\t\t\t\t\t\t<\/div>\n\t\t\t\t<\/div>\n\t\t\t\t<div class=\"elementor-element elementor-element-22fae1a elementor-widget elementor-widget-text-editor\" data-id=\"22fae1a\" data-element_type=\"widget\" data-widget_type=\"text-editor.default\">\n\t\t\t\t<div class=\"elementor-widget-container\">\n\t\t\t\t\t\t\t\t\t<p><span style=\"color: #666666;\"><strong>5\u20ac<\/strong><\/span><\/p>\t\t\t\t\t\t\t\t<\/div>\n\t\t\t\t<\/div>\n\t\t\t\t<div class=\"elementor-element elementor-element-f39bc36 elementor-widget elementor-widget-text-editor\" data-id=\"f39bc36\" data-element_type=\"widget\" data-widget_type=\"text-editor.default\">\n\t\t\t\t<div class=\"elementor-widget-container\">\n\t\t\t\t\t\t\t\t\t<h2>Sie ben\u00f6tigen eine Auskunft :<\/h2>\t\t\t\t\t\t\t\t<\/div>\n\t\t\t\t<\/div>\n\t\t\t\t<div class=\"elementor-element elementor-element-21a4abf5 elementor-widget elementor-widget-text-editor\" data-id=\"21a4abf5\" data-element_type=\"widget\" data-widget_type=\"text-editor.default\">\n\t\t\t\t<div class=\"elementor-widget-container\">\n\t\t\t\t\t\t\t\t\t<p>Informationszentrum<br \/>+33 (0)5 62 42 20 08 oder<br \/><span style=\"color: #e8a702;\"><a style=\"color: #e8a702;\" href=\"mailto:saccueil@lourdes-france.com\">saccueil@lourdes-france.com<\/a><\/span><\/p>\t\t\t\t\t\t\t\t<\/div>\n\t\t\t\t<\/div>\n\t\t\t\t\t<\/div>\n\t\t<\/div>\n\t\t\t\t<div class=\"elementor-column elementor-col-33 elementor-top-column elementor-element elementor-element-2f0d482\" data-id=\"2f0d482\" data-element_type=\"column\">\n\t\t\t<div class=\"elementor-widget-wrap elementor-element-populated\">\n\t\t\t\t\t\t<div class=\"elementor-element elementor-element-7ba510d3 parcours-btninscription-titrepush elementor-widget elementor-widget-text-editor\" data-id=\"7ba510d3\" data-element_type=\"widget\" data-widget_type=\"text-editor.default\">\n\t\t\t\t<div class=\"elementor-widget-container\">\n\t\t\t\t\t\t\t\t\t<p>PILGER F\u00dcR EINEN TAG<\/p>\t\t\t\t\t\t\t\t<\/div>\n\t\t\t\t<\/div>\n\t\t\t\t<div class=\"elementor-element elementor-element-19559e80 elementor-widget elementor-widget-image\" data-id=\"19559e80\" data-element_type=\"widget\" data-widget_type=\"image.default\">\n\t\t\t\t<div class=\"elementor-widget-container\">\n\t\t\t\t\t\t\t\t\t\t\t\t\t\t\t<img fetchpriority=\"high\" decoding=\"async\" width=\"383\" height=\"383\" src=\"https:\/\/www.lourdes-france.org\/wp-content\/uploads\/2018\/07\/pelerinparcours.jpg\" class=\"attachment-full size-full wp-image-1324\" alt=\"\" srcset=\"https:\/\/www.lourdes-france.org\/wp-content\/uploads\/2018\/07\/pelerinparcours.jpg 383w, https:\/\/www.lourdes-france.org\/wp-content\/uploads\/2018\/07\/pelerinparcours-150x150.jpg 150w, https:\/\/www.lourdes-france.org\/wp-content\/uploads\/2018\/07\/pelerinparcours-300x300.jpg 300w\" sizes=\"(max-width: 383px) 100vw, 383px\" \/>\t\t\t\t\t\t\t\t\t\t\t\t\t\t\t<\/div>\n\t\t\t\t<\/div>\n\t\t\t\t<section class=\"elementor-section elementor-inner-section elementor-element elementor-element-2d28f41d parcours-blocpushinfos-blocsousimage elementor-section-boxed elementor-section-height-default elementor-section-height-default\" data-id=\"2d28f41d\" data-element_type=\"section\" data-settings=\"{&quot;background_background&quot;:&quot;classic&quot;}\">\n\t\t\t\t\t\t<div class=\"elementor-container elementor-column-gap-default\">\n\t\t\t\t\t<div class=\"elementor-column elementor-col-50 elementor-inner-column elementor-element elementor-element-11cdd17b\" data-id=\"11cdd17b\" data-element_type=\"column\">\n\t\t\t<div class=\"elementor-widget-wrap elementor-element-populated\">\n\t\t\t\t\t\t<div class=\"elementor-element elementor-element-7c4efac7 elementor-widget elementor-widget-image\" data-id=\"7c4efac7\" data-element_type=\"widget\" data-widget_type=\"image.default\">\n\t\t\t\t<div class=\"elementor-widget-container\">\n\t\t\t\t\t\t\t\t\t\t\t\t\t\t\t<img decoding=\"async\" src=\"https:\/\/www.lourdes-france.org\/wp-content\/uploads\/elementor\/thumbs\/icone-parcours-2-p61bwa9k0x5qrgu8us83vg1joanhq9lvpw0zm7egj4.jpg\" title=\"icone-parcours-2\" alt=\"icone-parcours-2\" loading=\"lazy\" \/>\t\t\t\t\t\t\t\t\t\t\t\t\t\t\t<\/div>\n\t\t\t\t<\/div>\n\t\t\t\t\t<\/div>\n\t\t<\/div>\n\t\t\t\t<div class=\"elementor-column elementor-col-50 elementor-inner-column elementor-element elementor-element-300e28c1\" data-id=\"300e28c1\" data-element_type=\"column\">\n\t\t\t<div class=\"elementor-widget-wrap elementor-element-populated\">\n\t\t\t\t\t\t<div class=\"elementor-element elementor-element-866bfb7 elementor-widget elementor-widget-text-editor\" data-id=\"866bfb7\" data-element_type=\"widget\" data-widget_type=\"text-editor.default\">\n\t\t\t\t<div class=\"elementor-widget-container\">\n\t\t\t\t\t\t\t\t\t<p><span class=\"parcours-blocpushinfos\">Wann : <\/span><br \/><span class=\"parcours-blocpushinfos-txt\">t\u00e4glich<\/span><br \/><span class=\"parcours-blocpushinfos\">Treffpunkt : <\/span><br \/><span class=\"parcours-blocpushinfos-txt\">8h30 an der Gekr\u00f6nten Madonna<br \/><\/span><br \/><span class=\"parcours-blocpushinfos\">Dauer : <\/span><br \/><span class=\"parcours-blocpushinfos-txt\"> 1 tag<\/span><br \/><span class=\"parcours-blocpushinfos\">Allen Besuchern offen<\/span><\/p>\t\t\t\t\t\t\t\t<\/div>\n\t\t\t\t<\/div>\n\t\t\t\t\t<\/div>\n\t\t<\/div>\n\t\t\t\t\t<\/div>\n\t\t<\/section>\n\t\t\t\t\t<\/div>\n\t\t<\/div>\n\t\t\t\t\t<\/div>\n\t\t<\/section>\n\t\t\t\t<section class=\"elementor-section elementor-top-section elementor-element elementor-element-c170fb4 elementor-section-boxed elementor-section-height-default elementor-section-height-default\" data-id=\"c170fb4\" data-element_type=\"section\">\n\t\t\t\t\t\t<div class=\"elementor-container elementor-column-gap-default\">\n\t\t\t\t\t<div class=\"elementor-column elementor-col-100 elementor-top-column elementor-element elementor-element-9dfcd3f\" data-id=\"9dfcd3f\" data-element_type=\"column\">\n\t\t\t<div class=\"elementor-widget-wrap elementor-element-populated\">\n\t\t\t\t\t\t<div class=\"elementor-element elementor-element-802802c elementor-widget elementor-widget-shortcode\" data-id=\"802802c\" data-element_type=\"widget\" data-widget_type=\"shortcode.default\">\n\t\t\t\t<div class=\"elementor-widget-container\">\n\t\t\t\t\t\t\t<div class=\"elementor-shortcode\"><script type=\"text\/javascript\">\/\/ <![CDATA[\njQuery(document).ready(function(){\n\tsetInterval( function() { AutoiFrameAdjustiFrameHeight( 'auto-iframe', 50); }, 1000 );\n});\n\/\/ ]]><\/script>\n<iframe id=\"auto-iframe\" name=\"auto-iframe\" src=\"\/sndlphp\/frmpaie\/frmProgrammes.php?p=W&#038;lang=de&#038;pr=2&#038;t=5&#038;m=5\" width=\"100%\" height=\"auto\" frameborder=\"0\" scrolling=\"no\"onload=\"AutoiFrameAdjustiFrameHeight('auto-iframe',50);\"><\/iframe><\/div>\n\t\t\t\t\t\t<\/div>\n\t\t\t\t<\/div>\n\t\t\t\t\t<\/div>\n\t\t<\/div>\n\t\t\t\t\t<\/div>\n\t\t<\/section>\n\t\t\t\t<\/div>\n\t\t","protected":false},"excerpt":{"rendered":"<p>Eine Wallfahrt nach Lourdes ist f\u00fcr jeden offen und zug\u00e4nglich. Einen ersten Eindruck dieser Erfahrung zu bekommen, \u00e4ndert den Blick auf das Leben und regt dazu an, noch weiter in der eigenen spirituellen Suche voranzugehen.F\u00fcr diejenigen, die nur einen Tag &hellip; <a href=\"https:\/\/www.lourdes-france.org\/de\/pilger-fur-einen-tag\/\">Weiter<\/a><\/p>\n","protected":false},"author":7,"featured_media":0,"parent":0,"menu_order":0,"comment_status":"closed","ping_status":"closed","template":"page-no-sidebar.php","meta":{"_acf_changed":false,"footnotes":""},"class_list":["post-11973","page","type-page","status-publish","hentry"],"acf":[],"yoast_head":"<!-- This site is optimized with the Yoast SEO plugin v24.7 - https:\/\/yoast.com\/wordpress\/plugins\/seo\/ -->\n<title>Pilger f\u00fcr einen Tag<\/title>\n<meta name=\"robots\" content=\"index, follow, max-snippet:-1, max-image-preview:large, max-video-preview:-1\" \/>\n<link rel=\"canonical\" href=\"https:\/\/www.lourdes-france.org\/de\/pilger-fur-einen-tag\/\" \/>\n<meta name=\"twitter:label1\" content=\"Gesch\u00e4tzte Lesezeit\" \/>\n\t<meta name=\"twitter:data1\" content=\"1\u00a0Minute\" \/>\n<script type=\"application\/ld+json\" class=\"yoast-schema-graph\">{\"@context\":\"https:\/\/schema.org\",\"@graph\":[{\"@type\":\"WebPage\",\"@id\":\"https:\/\/www.lourdes-france.org\/de\/pilger-fur-einen-tag\/\",\"url\":\"https:\/\/www.lourdes-france.org\/de\/pilger-fur-einen-tag\/\",\"name\":\"Pilger f\u00fcr einen Tag\",\"isPartOf\":{\"@id\":\"https:\/\/preprod-lourdes.cawita.com\/#website\"},\"primaryImageOfPage\":{\"@id\":\"https:\/\/www.lourdes-france.org\/de\/pilger-fur-einen-tag\/#primaryimage\"},\"image\":{\"@id\":\"https:\/\/www.lourdes-france.org\/de\/pilger-fur-einen-tag\/#primaryimage\"},\"thumbnailUrl\":\"https:\/\/preprod.lourdes-france.org\/wp-content\/uploads\/2018\/07\/pelerinparcours.jpg\",\"datePublished\":\"2018-08-02T15:36:17+00:00\",\"dateModified\":\"2021-03-02T15:09:27+00:00\",\"breadcrumb\":{\"@id\":\"https:\/\/www.lourdes-france.org\/de\/pilger-fur-einen-tag\/#breadcrumb\"},\"inLanguage\":\"de\",\"potentialAction\":[{\"@type\":\"ReadAction\",\"target\":[\"https:\/\/www.lourdes-france.org\/de\/pilger-fur-einen-tag\/\"]}]},{\"@type\":\"ImageObject\",\"inLanguage\":\"de\",\"@id\":\"https:\/\/www.lourdes-france.org\/de\/pilger-fur-einen-tag\/#primaryimage\",\"url\":\"https:\/\/preprod.lourdes-france.org\/wp-content\/uploads\/2018\/07\/pelerinparcours.jpg\",\"contentUrl\":\"https:\/\/preprod.lourdes-france.org\/wp-content\/uploads\/2018\/07\/pelerinparcours.jpg\"},{\"@type\":\"BreadcrumbList\",\"@id\":\"https:\/\/www.lourdes-france.org\/de\/pilger-fur-einen-tag\/#breadcrumb\",\"itemListElement\":[{\"@type\":\"ListItem\",\"position\":1,\"name\":\"Accueil\",\"item\":\"https:\/\/www.lourdes-france.org\/\"},{\"@type\":\"ListItem\",\"position\":2,\"name\":\"Pilger f\u00fcr einen Tag\"}]},{\"@type\":\"WebSite\",\"@id\":\"https:\/\/preprod-lourdes.cawita.com\/#website\",\"url\":\"https:\/\/preprod-lourdes.cawita.com\/\",\"name\":\"Soutenir le Sanctuaire Notre-Dame de Lourdes\",\"description\":\"\",\"potentialAction\":[{\"@type\":\"SearchAction\",\"target\":{\"@type\":\"EntryPoint\",\"urlTemplate\":\"https:\/\/preprod-lourdes.cawita.com\/?s={search_term_string}\"},\"query-input\":{\"@type\":\"PropertyValueSpecification\",\"valueRequired\":true,\"valueName\":\"search_term_string\"}}],\"inLanguage\":\"de\"}]}<\/script>\n<!-- \/ Yoast SEO plugin. -->","yoast_head_json":{"title":"Pilger f\u00fcr einen Tag","robots":{"index":"index","follow":"follow","max-snippet":"max-snippet:-1","max-image-preview":"max-image-preview:large","max-video-preview":"max-video-preview:-1"},"canonical":"https:\/\/www.lourdes-france.org\/de\/pilger-fur-einen-tag\/","twitter_misc":{"Gesch\u00e4tzte Lesezeit":"1\u00a0Minute"},"schema":{"@context":"https:\/\/schema.org","@graph":[{"@type":"WebPage","@id":"https:\/\/www.lourdes-france.org\/de\/pilger-fur-einen-tag\/","url":"https:\/\/www.lourdes-france.org\/de\/pilger-fur-einen-tag\/","name":"Pilger f\u00fcr einen Tag","isPartOf":{"@id":"https:\/\/preprod-lourdes.cawita.com\/#website"},"primaryImageOfPage":{"@id":"https:\/\/www.lourdes-france.org\/de\/pilger-fur-einen-tag\/#primaryimage"},"image":{"@id":"https:\/\/www.lourdes-france.org\/de\/pilger-fur-einen-tag\/#primaryimage"},"thumbnailUrl":"https:\/\/preprod.lourdes-france.org\/wp-content\/uploads\/2018\/07\/pelerinparcours.jpg","datePublished":"2018-08-02T15:36:17+00:00","dateModified":"2021-03-02T15:09:27+00:00","breadcrumb":{"@id":"https:\/\/www.lourdes-france.org\/de\/pilger-fur-einen-tag\/#breadcrumb"},"inLanguage":"de","potentialAction":[{"@type":"ReadAction","target":["https:\/\/www.lourdes-france.org\/de\/pilger-fur-einen-tag\/"]}]},{"@type":"ImageObject","inLanguage":"de","@id":"https:\/\/www.lourdes-france.org\/de\/pilger-fur-einen-tag\/#primaryimage","url":"https:\/\/preprod.lourdes-france.org\/wp-content\/uploads\/2018\/07\/pelerinparcours.jpg","contentUrl":"https:\/\/preprod.lourdes-france.org\/wp-content\/uploads\/2018\/07\/pelerinparcours.jpg"},{"@type":"BreadcrumbList","@id":"https:\/\/www.lourdes-france.org\/de\/pilger-fur-einen-tag\/#breadcrumb","itemListElement":[{"@type":"ListItem","position":1,"name":"Accueil","item":"https:\/\/www.lourdes-france.org\/"},{"@type":"ListItem","position":2,"name":"Pilger f\u00fcr einen Tag"}]},{"@type":"WebSite","@id":"https:\/\/preprod-lourdes.cawita.com\/#website","url":"https:\/\/preprod-lourdes.cawita.com\/","name":"Soutenir le Sanctuaire Notre-Dame de Lourdes","description":"","potentialAction":[{"@type":"SearchAction","target":{"@type":"EntryPoint","urlTemplate":"https:\/\/preprod-lourdes.cawita.com\/?s={search_term_string}"},"query-input":{"@type":"PropertyValueSpecification","valueRequired":true,"valueName":"search_term_string"}}],"inLanguage":"de"}]}},"_links":{"self":[{"href":"https:\/\/www.lourdes-france.org\/de\/wp-json\/wp\/v2\/pages\/11973","targetHints":{"allow":["GET"]}}],"collection":[{"href":"https:\/\/www.lourdes-france.org\/de\/wp-json\/wp\/v2\/pages"}],"about":[{"href":"https:\/\/www.lourdes-france.org\/de\/wp-json\/wp\/v2\/types\/page"}],"author":[{"embeddable":true,"href":"https:\/\/www.lourdes-france.org\/de\/wp-json\/wp\/v2\/users\/7"}],"replies":[{"embeddable":true,"href":"https:\/\/www.lourdes-france.org\/de\/wp-json\/wp\/v2\/comments?post=11973"}],"version-history":[{"count":3,"href":"https:\/\/www.lourdes-france.org\/de\/wp-json\/wp\/v2\/pages\/11973\/revisions"}],"predecessor-version":[{"id":21110,"href":"https:\/\/www.lourdes-france.org\/de\/wp-json\/wp\/v2\/pages\/11973\/revisions\/21110"}],"wp:attachment":[{"href":"https:\/\/www.lourdes-france.org\/de\/wp-json\/wp\/v2\/media?parent=11973"}],"curies":[{"name":"wp","href":"https:\/\/api.w.org\/{rel}","templated":true}]}}