{"id":12025,"date":"2018-08-02T15:50:24","date_gmt":"2018-08-02T13:50:24","guid":{"rendered":"https:\/\/www.lourdes-france.org\/mon-pelerinage-a-lourdes\/"},"modified":"2021-03-02T16:08:31","modified_gmt":"2021-03-02T15:08:31","slug":"meine-lourdeswallfahrt","status":"publish","type":"page","link":"https:\/\/www.lourdes-france.org\/de\/meine-lourdeswallfahrt\/","title":{"rendered":"Meine Lourdeswallfahrt"},"content":{"rendered":"\t\t<div data-elementor-type=\"wp-post\" data-elementor-id=\"12025\" class=\"elementor elementor-12025 elementor-3812 elementor-bc-flex-widget\" data-elementor-post-type=\"page\">\n\t\t\t\t\t\t<section class=\"elementor-section elementor-top-section elementor-element elementor-element-68dcf952 elementor-section-boxed elementor-section-height-default elementor-section-height-default\" data-id=\"68dcf952\" data-element_type=\"section\">\n\t\t\t\t\t\t<div class=\"elementor-container elementor-column-gap-no\">\n\t\t\t\t\t<div class=\"elementor-column elementor-col-66 elementor-top-column elementor-element elementor-element-4662409a\" data-id=\"4662409a\" data-element_type=\"column\">\n\t\t\t<div class=\"elementor-widget-wrap elementor-element-populated\">\n\t\t\t\t\t\t<div class=\"elementor-element elementor-element-7f59bd86 elementor-widget elementor-widget-text-editor\" data-id=\"7f59bd86\" data-element_type=\"widget\" data-widget_type=\"text-editor.default\">\n\t\t\t\t<div class=\"elementor-widget-container\">\n\t\t\t\t\t\t\t\t\t<p>Die von der Jungfrau Maria erw\u00fcnschte Wallfahrtsst\u00e4tte Notre-Dame de Lourdes ist ein gro\u00dfer Wallfahrtsort. Erleben Sie eine Wallfahrt die aus der F\u00fclle einer unersch\u00f6pflichen Quelle sch\u00f6pft, einer Quelle des Glaubens und der Hoffnung, eine Quelle der St\u00e4rkungen und des Trostes, eine Quelle des verhei\u00dfenen Gl\u00fccks &#8230;<\/p>\t\t\t\t\t\t\t\t<\/div>\n\t\t\t\t<\/div>\n\t\t\t\t<div class=\"elementor-element elementor-element-1a7185ff elementor-widget elementor-widget-text-editor\" data-id=\"1a7185ff\" data-element_type=\"widget\" data-widget_type=\"text-editor.default\">\n\t\t\t\t<div class=\"elementor-widget-container\">\n\t\t\t\t\t\t\t\t\t<h2><span style=\"color: #e8a702;\">Etappen :<\/span><\/h2>\t\t\t\t\t\t\t\t<\/div>\n\t\t\t\t<\/div>\n\t\t\t\t<div class=\"elementor-element elementor-element-624a18ca elementor-widget elementor-widget-text-editor\" data-id=\"624a18ca\" data-element_type=\"widget\" data-widget_type=\"text-editor.default\">\n\t\t\t\t<div class=\"elementor-widget-container\">\n\t\t\t\t\t\t\t\t\t<h2>Tag 1 :<\/h2>\t\t\t\t\t\t\t\t<\/div>\n\t\t\t\t<\/div>\n\t\t\t\t<div class=\"elementor-element elementor-element-213edcbd elementor-widget elementor-widget-text-editor\" data-id=\"213edcbd\" data-element_type=\"widget\" data-widget_type=\"text-editor.default\">\n\t\t\t\t<div class=\"elementor-widget-container\">\n\t\t\t\t\t\t\t\t\t<span class=\"parcours-listparcours\"><ul>\n \t<li><span style=\"color: #e8a702;\">11h00<\/span>\u00a0: Pilgermesse<\/li>\n \t<li><span style=\"color: #e8a702;\">13h45<\/span>\u00a0: Film \u00fcber die Botschaft von Lourdes und die Erscheinungen im Informationszentrum<\/li>\n \t<li><span style=\"color: #e8a702;\">14h30<\/span>\u00a0: Treffen am Informationsb\u00fcro f\u00fcr eine F\u00fchrung durch die Wallfahrtsst\u00e4tte (Juli-September) oder dienstags w\u00e4hrend der Wallfahrtssaison Rosenkranzgebet in deutscher Sprache an der Grotte<\/li>\n \t<li><span style=\"color: #e8a702;\">17h00<\/span>\u00a0: von April bis Oktober Eucharistische Prozession oder Zeit zur pers\u00f6nlichen Einkehr in der Krypta<\/li>\n \t<li><span style=\"color: #e8a702;\">18h00<\/span>\u00a0: Rosenkranzgebet in deutscher Sprache in der Nische der Heiligen Bernadette (Juli-September)<\/li>\n \t<li><span style=\"color: #e8a702;\">21h00<\/span>\u00a0: von April bis Oktober Marianische Lichterprozession (den Rest des Jahres um <span style=\"color: #e8a702;\">20h30<\/span>\u00a0: Rosenkranzgebet mit Fackeln an der Grotte w\u00e4hrend der franz\u00f6sischen Schulferien).<\/li>\n<\/ul>\t\t\t\t\t\t\t\t<\/div>\n\t\t\t\t<\/div>\n\t\t\t\t<div class=\"elementor-element elementor-element-f8364b8 elementor-widget elementor-widget-text-editor\" data-id=\"f8364b8\" data-element_type=\"widget\" data-widget_type=\"text-editor.default\">\n\t\t\t\t<div class=\"elementor-widget-container\">\n\t\t\t\t\t\t\t\t\t<h2>Tag 2 :<\/h2>\t\t\t\t\t\t\t\t<\/div>\n\t\t\t\t<\/div>\n\t\t\t\t<div class=\"elementor-element elementor-element-6ede92e elementor-widget elementor-widget-text-editor\" data-id=\"6ede92e\" data-element_type=\"widget\" data-widget_type=\"text-editor.default\">\n\t\t\t\t<div class=\"elementor-widget-container\">\n\t\t\t\t\t\t\t\t\t<span class=\"parcours-listparcours\"><ul>\n \t<li><span style=\"color: #e8a702;\">8h30<\/span> :Treffpunkt an der gekr\u00f6nten Madonna zum begleiteten Kreuzweg auf dem Esp\u00e9lugues-H\u00fcgel (Juli-September)<\/li>\n \t<li><span style=\"color: #e8a702;\">11h00<\/span> : Pilgermesse\n<span style=\"color: #e8a702;\">17h00<\/span> : Eucharistische Prozession<\/li>\n \t<li><span style=\"color: #e8a702;\">18h00<\/span>\u00a0: Rosenkranzgebet in deutscher Sprache in der Nische der Heiligen Bernadette (Juli-September)<\/li>\n \t<li><span style=\"color: #e8a702;\">21h00<\/span> : Marianische Lichterprozession<\/li>\n<\/ul><\/span>\t\t\t\t\t\t\t\t<\/div>\n\t\t\t\t<\/div>\n\t\t\t\t<div class=\"elementor-element elementor-element-c45894a elementor-widget elementor-widget-text-editor\" data-id=\"c45894a\" data-element_type=\"widget\" data-widget_type=\"text-editor.default\">\n\t\t\t\t<div class=\"elementor-widget-container\">\n\t\t\t\t\t\t\t\t\t<h2>Tag 3 :<\/h2>\t\t\t\t\t\t\t\t<\/div>\n\t\t\t\t<\/div>\n\t\t\t\t<div class=\"elementor-element elementor-element-37becdc elementor-widget elementor-widget-text-editor\" data-id=\"37becdc\" data-element_type=\"widget\" data-widget_type=\"text-editor.default\">\n\t\t\t\t<div class=\"elementor-widget-container\">\n\t\t\t\t\t\t\t\t\t<span class=\"parcours-listparcours\"><ul>\n \t<li><span style=\"color: #e8a702;\">9h00<\/span> : M\u00f6glichkeit zum Bad in den Piscines oder zur Wassergeste, geleitet durch die Hospitalit\u00e9 Notre-Dame de Lourdes<\/li>\n \t<li><span style=\"color: #e8a702;\">14h30<\/span> : Treffen zur F\u00fchrung \u00ab\u00a0Auf den Spuren der Bernadette\u00a0\u00bb(Juli-September)\n\n<span style=\"color: #e8a702;\"><\/br><\/br>F\u00fcr Kinder\u00a0:<\/br>\n\n<\/span><\/li>\n \t<li>das kleine Haus der Bernadette, kostenfreier Besuch<\/li>\n<\/ul><\/span>\t\t\t\t\t\t\t\t<\/div>\n\t\t\t\t<\/div>\n\t\t\t\t<div class=\"elementor-element elementor-element-4c48ea1 elementor-widget elementor-widget-text-editor\" data-id=\"4c48ea1\" data-element_type=\"widget\" data-widget_type=\"text-editor.default\">\n\t\t\t\t<div class=\"elementor-widget-container\">\n\t\t\t\t\t\t\t\t\t<h2><span style=\"color: #e8a702;\">Spende :<\/span><\/h2>\t\t\t\t\t\t\t\t<\/div>\n\t\t\t\t<\/div>\n\t\t\t\t<div class=\"elementor-element elementor-element-d698384 elementor-widget elementor-widget-text-editor\" data-id=\"d698384\" data-element_type=\"widget\" data-widget_type=\"text-editor.default\">\n\t\t\t\t<div class=\"elementor-widget-container\">\n\t\t\t\t\t\t\t\t\t<p><span style=\"color: #666666;\"><strong>5\u20ac<\/strong><\/span><\/p>\t\t\t\t\t\t\t\t<\/div>\n\t\t\t\t<\/div>\n\t\t\t\t<div class=\"elementor-element elementor-element-6677a62f elementor-widget elementor-widget-text-editor\" data-id=\"6677a62f\" data-element_type=\"widget\" data-widget_type=\"text-editor.default\">\n\t\t\t\t<div class=\"elementor-widget-container\">\n\t\t\t\t\t\t\t\t\t<h2>Sie ben\u00f6tigen eine Auskunft :<\/h2>\t\t\t\t\t\t\t\t<\/div>\n\t\t\t\t<\/div>\n\t\t\t\t<div class=\"elementor-element elementor-element-85cd5dc elementor-widget elementor-widget-text-editor\" data-id=\"85cd5dc\" data-element_type=\"widget\" data-widget_type=\"text-editor.default\">\n\t\t\t\t<div class=\"elementor-widget-container\">\n\t\t\t\t\t\t\t\t\t<p>Informationszentrum<br \/>+33 (0)5 62 42 20 08 oder<br \/><span style=\"color: #e8a702;\"><a style=\"color: #e8a702;\" href=\"mailto:saccueil@lourdes-france.com\">saccueil@lourdes-france.com<\/a><\/span><\/p>\t\t\t\t\t\t\t\t<\/div>\n\t\t\t\t<\/div>\n\t\t\t\t\t<\/div>\n\t\t<\/div>\n\t\t\t\t<div class=\"elementor-column elementor-col-33 elementor-top-column elementor-element elementor-element-2657a44c\" data-id=\"2657a44c\" data-element_type=\"column\">\n\t\t\t<div class=\"elementor-widget-wrap elementor-element-populated\">\n\t\t\t\t\t\t<div class=\"elementor-element elementor-element-69f4381c parcours-btninscription-titrepush elementor-widget elementor-widget-text-editor\" data-id=\"69f4381c\" data-element_type=\"widget\" data-widget_type=\"text-editor.default\">\n\t\t\t\t<div class=\"elementor-widget-container\">\n\t\t\t\t\t\t\t\t\t<p>MEINE LOUDESWALLFAHRT<\/p>\t\t\t\t\t\t\t\t<\/div>\n\t\t\t\t<\/div>\n\t\t\t\t<div class=\"elementor-element elementor-element-4e4f4239 elementor-widget elementor-widget-image\" data-id=\"4e4f4239\" data-element_type=\"widget\" data-widget_type=\"image.default\">\n\t\t\t\t<div class=\"elementor-widget-container\">\n\t\t\t\t\t\t\t\t\t\t\t\t\t\t\t<img fetchpriority=\"high\" decoding=\"async\" width=\"383\" height=\"383\" src=\"https:\/\/www.lourdes-france.org\/wp-content\/uploads\/2018\/07\/PelerinageParcours.jpg\" class=\"attachment-full size-full wp-image-1320\" alt=\"\" srcset=\"https:\/\/www.lourdes-france.org\/wp-content\/uploads\/2018\/07\/PelerinageParcours.jpg 383w, https:\/\/www.lourdes-france.org\/wp-content\/uploads\/2018\/07\/PelerinageParcours-150x150.jpg 150w, https:\/\/www.lourdes-france.org\/wp-content\/uploads\/2018\/07\/PelerinageParcours-300x300.jpg 300w\" sizes=\"(max-width: 383px) 100vw, 383px\" \/>\t\t\t\t\t\t\t\t\t\t\t\t\t\t\t<\/div>\n\t\t\t\t<\/div>\n\t\t\t\t<section class=\"elementor-section elementor-inner-section elementor-element elementor-element-6622c861 parcours-blocpushinfos-blocsousimage elementor-section-boxed elementor-section-height-default elementor-section-height-default\" data-id=\"6622c861\" data-element_type=\"section\" data-settings=\"{&quot;background_background&quot;:&quot;classic&quot;}\">\n\t\t\t\t\t\t<div class=\"elementor-container elementor-column-gap-default\">\n\t\t\t\t\t<div class=\"elementor-column elementor-col-50 elementor-inner-column elementor-element elementor-element-7be5cd40\" data-id=\"7be5cd40\" data-element_type=\"column\">\n\t\t\t<div class=\"elementor-widget-wrap elementor-element-populated\">\n\t\t\t\t\t\t<div class=\"elementor-element elementor-element-2c32d728 elementor-widget elementor-widget-image\" data-id=\"2c32d728\" data-element_type=\"widget\" data-widget_type=\"image.default\">\n\t\t\t\t<div class=\"elementor-widget-container\">\n\t\t\t\t\t\t\t\t\t\t\t\t\t\t\t<img decoding=\"async\" src=\"https:\/\/www.lourdes-france.org\/wp-content\/uploads\/elementor\/thumbs\/icone-parcours-2-p61bwa9k0x5qrgu8us83vg1joanhq9lvpw0zm7egj4.jpg\" title=\"icone-parcours-2\" alt=\"icone-parcours-2\" loading=\"lazy\" \/>\t\t\t\t\t\t\t\t\t\t\t\t\t\t\t<\/div>\n\t\t\t\t<\/div>\n\t\t\t\t\t<\/div>\n\t\t<\/div>\n\t\t\t\t<div class=\"elementor-column elementor-col-50 elementor-inner-column elementor-element elementor-element-6435a760\" data-id=\"6435a760\" data-element_type=\"column\">\n\t\t\t<div class=\"elementor-widget-wrap elementor-element-populated\">\n\t\t\t\t\t\t<div class=\"elementor-element elementor-element-556d0a3d elementor-widget elementor-widget-text-editor\" data-id=\"556d0a3d\" data-element_type=\"widget\" data-widget_type=\"text-editor.default\">\n\t\t\t\t<div class=\"elementor-widget-container\">\n\t\t\t\t\t\t\t\t\t<p><span class=\"parcours-blocpushinfos\">Wann : <br \/><\/span><span class=\"parcours-blocpushinfos-txt\">t\u00e4glich<\/span><br \/><span class=\"parcours-blocpushinfos\">Treffpunkt : <br \/><\/span><span class=\"parcours-blocpushinfos-txt\">an Ihrem ersten Tag um 8h30 an der Gekr\u00f6nten Madonna<\/span><br \/><span class=\"parcours-blocpushinfos\">Dauer :<br \/><\/span><span class=\"parcours-blocpushinfos-txt\"> 3 Tage<\/span><br \/><span class=\"parcours-blocpushinfos\">Allen Besuchern offen<\/span><\/p>\t\t\t\t\t\t\t\t<\/div>\n\t\t\t\t<\/div>\n\t\t\t\t\t<\/div>\n\t\t<\/div>\n\t\t\t\t\t<\/div>\n\t\t<\/section>\n\t\t\t\t\t<\/div>\n\t\t<\/div>\n\t\t\t\t\t<\/div>\n\t\t<\/section>\n\t\t\t\t<section class=\"elementor-section elementor-top-section elementor-element elementor-element-912ceb0 elementor-section-boxed elementor-section-height-default elementor-section-height-default\" data-id=\"912ceb0\" data-element_type=\"section\">\n\t\t\t\t\t\t<div class=\"elementor-container elementor-column-gap-no\">\n\t\t\t\t\t<div class=\"elementor-column elementor-col-100 elementor-top-column elementor-element elementor-element-cac5205\" data-id=\"cac5205\" data-element_type=\"column\">\n\t\t\t<div class=\"elementor-widget-wrap elementor-element-populated\">\n\t\t\t\t\t\t<div class=\"elementor-element elementor-element-c014e3d elementor-widget elementor-widget-shortcode\" data-id=\"c014e3d\" data-element_type=\"widget\" data-widget_type=\"shortcode.default\">\n\t\t\t\t<div class=\"elementor-widget-container\">\n\t\t\t\t\t\t\t<div class=\"elementor-shortcode\"><script type=\"text\/javascript\">\/\/ <![CDATA[\njQuery(document).ready(function(){\n\tsetInterval( function() { AutoiFrameAdjustiFrameHeight( 'auto-iframe', 50); }, 1000 );\n});\n\/\/ ]]><\/script>\n<iframe id=\"auto-iframe\" name=\"auto-iframe\" src=\"\/sndlphp\/frmpaie\/frmProgrammes.php?p=W&#038;lang=de&#038;pr=3&#038;t=5&#038;m=5\" width=\"100%\" height=\"auto\" frameborder=\"0\" scrolling=\"no\"onload=\"AutoiFrameAdjustiFrameHeight('auto-iframe',50);\"><\/iframe><\/div>\n\t\t\t\t\t\t<\/div>\n\t\t\t\t<\/div>\n\t\t\t\t\t<\/div>\n\t\t<\/div>\n\t\t\t\t\t<\/div>\n\t\t<\/section>\n\t\t\t\t<\/div>\n\t\t","protected":false},"excerpt":{"rendered":"<p>Die von der Jungfrau Maria erw\u00fcnschte Wallfahrtsst\u00e4tte Notre-Dame de Lourdes ist ein gro\u00dfer Wallfahrtsort. Erleben Sie eine Wallfahrt die aus der F\u00fclle einer unersch\u00f6pflichen Quelle sch\u00f6pft, einer Quelle des Glaubens und der Hoffnung, eine Quelle der St\u00e4rkungen und des Trostes, &hellip; <a href=\"https:\/\/www.lourdes-france.org\/de\/meine-lourdeswallfahrt\/\">Weiter<\/a><\/p>\n","protected":false},"author":7,"featured_media":0,"parent":0,"menu_order":0,"comment_status":"closed","ping_status":"closed","template":"page-no-sidebar.php","meta":{"_acf_changed":false,"footnotes":""},"class_list":["post-12025","page","type-page","status-publish","hentry"],"acf":[],"yoast_head":"<!-- This site is optimized with the Yoast SEO plugin v24.7 - https:\/\/yoast.com\/wordpress\/plugins\/seo\/ -->\n<title>Meine Lourdeswallfahrt<\/title>\n<meta name=\"robots\" content=\"index, follow, max-snippet:-1, max-image-preview:large, max-video-preview:-1\" \/>\n<link rel=\"canonical\" href=\"https:\/\/www.lourdes-france.org\/de\/meine-lourdeswallfahrt\/\" \/>\n<meta name=\"twitter:label1\" content=\"Gesch\u00e4tzte Lesezeit\" \/>\n\t<meta name=\"twitter:data1\" content=\"1\u00a0Minute\" \/>\n<script type=\"application\/ld+json\" class=\"yoast-schema-graph\">{\"@context\":\"https:\/\/schema.org\",\"@graph\":[{\"@type\":\"WebPage\",\"@id\":\"https:\/\/www.lourdes-france.org\/de\/meine-lourdeswallfahrt\/\",\"url\":\"https:\/\/www.lourdes-france.org\/de\/meine-lourdeswallfahrt\/\",\"name\":\"Meine Lourdeswallfahrt\",\"isPartOf\":{\"@id\":\"https:\/\/preprod-lourdes.cawita.com\/#website\"},\"primaryImageOfPage\":{\"@id\":\"https:\/\/www.lourdes-france.org\/de\/meine-lourdeswallfahrt\/#primaryimage\"},\"image\":{\"@id\":\"https:\/\/www.lourdes-france.org\/de\/meine-lourdeswallfahrt\/#primaryimage\"},\"thumbnailUrl\":\"https:\/\/preprod.lourdes-france.org\/wp-content\/uploads\/2018\/07\/PelerinageParcours.jpg\",\"datePublished\":\"2018-08-02T13:50:24+00:00\",\"dateModified\":\"2021-03-02T15:08:31+00:00\",\"breadcrumb\":{\"@id\":\"https:\/\/www.lourdes-france.org\/de\/meine-lourdeswallfahrt\/#breadcrumb\"},\"inLanguage\":\"de\",\"potentialAction\":[{\"@type\":\"ReadAction\",\"target\":[\"https:\/\/www.lourdes-france.org\/de\/meine-lourdeswallfahrt\/\"]}]},{\"@type\":\"ImageObject\",\"inLanguage\":\"de\",\"@id\":\"https:\/\/www.lourdes-france.org\/de\/meine-lourdeswallfahrt\/#primaryimage\",\"url\":\"https:\/\/preprod.lourdes-france.org\/wp-content\/uploads\/2018\/07\/PelerinageParcours.jpg\",\"contentUrl\":\"https:\/\/preprod.lourdes-france.org\/wp-content\/uploads\/2018\/07\/PelerinageParcours.jpg\"},{\"@type\":\"BreadcrumbList\",\"@id\":\"https:\/\/www.lourdes-france.org\/de\/meine-lourdeswallfahrt\/#breadcrumb\",\"itemListElement\":[{\"@type\":\"ListItem\",\"position\":1,\"name\":\"Accueil\",\"item\":\"https:\/\/www.lourdes-france.org\/\"},{\"@type\":\"ListItem\",\"position\":2,\"name\":\"Meine Lourdeswallfahrt\"}]},{\"@type\":\"WebSite\",\"@id\":\"https:\/\/preprod-lourdes.cawita.com\/#website\",\"url\":\"https:\/\/preprod-lourdes.cawita.com\/\",\"name\":\"Soutenir le Sanctuaire Notre-Dame de Lourdes\",\"description\":\"\",\"potentialAction\":[{\"@type\":\"SearchAction\",\"target\":{\"@type\":\"EntryPoint\",\"urlTemplate\":\"https:\/\/preprod-lourdes.cawita.com\/?s={search_term_string}\"},\"query-input\":{\"@type\":\"PropertyValueSpecification\",\"valueRequired\":true,\"valueName\":\"search_term_string\"}}],\"inLanguage\":\"de\"}]}<\/script>\n<!-- \/ Yoast SEO plugin. -->","yoast_head_json":{"title":"Meine Lourdeswallfahrt","robots":{"index":"index","follow":"follow","max-snippet":"max-snippet:-1","max-image-preview":"max-image-preview:large","max-video-preview":"max-video-preview:-1"},"canonical":"https:\/\/www.lourdes-france.org\/de\/meine-lourdeswallfahrt\/","twitter_misc":{"Gesch\u00e4tzte Lesezeit":"1\u00a0Minute"},"schema":{"@context":"https:\/\/schema.org","@graph":[{"@type":"WebPage","@id":"https:\/\/www.lourdes-france.org\/de\/meine-lourdeswallfahrt\/","url":"https:\/\/www.lourdes-france.org\/de\/meine-lourdeswallfahrt\/","name":"Meine Lourdeswallfahrt","isPartOf":{"@id":"https:\/\/preprod-lourdes.cawita.com\/#website"},"primaryImageOfPage":{"@id":"https:\/\/www.lourdes-france.org\/de\/meine-lourdeswallfahrt\/#primaryimage"},"image":{"@id":"https:\/\/www.lourdes-france.org\/de\/meine-lourdeswallfahrt\/#primaryimage"},"thumbnailUrl":"https:\/\/preprod.lourdes-france.org\/wp-content\/uploads\/2018\/07\/PelerinageParcours.jpg","datePublished":"2018-08-02T13:50:24+00:00","dateModified":"2021-03-02T15:08:31+00:00","breadcrumb":{"@id":"https:\/\/www.lourdes-france.org\/de\/meine-lourdeswallfahrt\/#breadcrumb"},"inLanguage":"de","potentialAction":[{"@type":"ReadAction","target":["https:\/\/www.lourdes-france.org\/de\/meine-lourdeswallfahrt\/"]}]},{"@type":"ImageObject","inLanguage":"de","@id":"https:\/\/www.lourdes-france.org\/de\/meine-lourdeswallfahrt\/#primaryimage","url":"https:\/\/preprod.lourdes-france.org\/wp-content\/uploads\/2018\/07\/PelerinageParcours.jpg","contentUrl":"https:\/\/preprod.lourdes-france.org\/wp-content\/uploads\/2018\/07\/PelerinageParcours.jpg"},{"@type":"BreadcrumbList","@id":"https:\/\/www.lourdes-france.org\/de\/meine-lourdeswallfahrt\/#breadcrumb","itemListElement":[{"@type":"ListItem","position":1,"name":"Accueil","item":"https:\/\/www.lourdes-france.org\/"},{"@type":"ListItem","position":2,"name":"Meine Lourdeswallfahrt"}]},{"@type":"WebSite","@id":"https:\/\/preprod-lourdes.cawita.com\/#website","url":"https:\/\/preprod-lourdes.cawita.com\/","name":"Soutenir le Sanctuaire Notre-Dame de Lourdes","description":"","potentialAction":[{"@type":"SearchAction","target":{"@type":"EntryPoint","urlTemplate":"https:\/\/preprod-lourdes.cawita.com\/?s={search_term_string}"},"query-input":{"@type":"PropertyValueSpecification","valueRequired":true,"valueName":"search_term_string"}}],"inLanguage":"de"}]}},"_links":{"self":[{"href":"https:\/\/www.lourdes-france.org\/de\/wp-json\/wp\/v2\/pages\/12025","targetHints":{"allow":["GET"]}}],"collection":[{"href":"https:\/\/www.lourdes-france.org\/de\/wp-json\/wp\/v2\/pages"}],"about":[{"href":"https:\/\/www.lourdes-france.org\/de\/wp-json\/wp\/v2\/types\/page"}],"author":[{"embeddable":true,"href":"https:\/\/www.lourdes-france.org\/de\/wp-json\/wp\/v2\/users\/7"}],"replies":[{"embeddable":true,"href":"https:\/\/www.lourdes-france.org\/de\/wp-json\/wp\/v2\/comments?post=12025"}],"version-history":[{"count":3,"href":"https:\/\/www.lourdes-france.org\/de\/wp-json\/wp\/v2\/pages\/12025\/revisions"}],"predecessor-version":[{"id":21101,"href":"https:\/\/www.lourdes-france.org\/de\/wp-json\/wp\/v2\/pages\/12025\/revisions\/21101"}],"wp:attachment":[{"href":"https:\/\/www.lourdes-france.org\/de\/wp-json\/wp\/v2\/media?parent=12025"}],"curies":[{"name":"wp","href":"https:\/\/api.w.org\/{rel}","templated":true}]}}