{"id":15109,"date":"2018-09-17T15:15:25","date_gmt":"2018-09-17T13:15:25","guid":{"rendered":"https:\/\/www.lourdes-france.org\/donnees-personnelles\/"},"modified":"2021-05-11T12:24:03","modified_gmt":"2021-05-11T10:24:03","slug":"personlichen-daten","status":"publish","type":"page","link":"https:\/\/www.lourdes-france.org\/de\/personlichen-daten\/","title":{"rendered":"Meine pers\u00f6nlichen daten in voller transparenz"},"content":{"rendered":"\t\t<div data-elementor-type=\"wp-post\" data-elementor-id=\"15109\" class=\"elementor elementor-15109 elementor-14887\" data-elementor-post-type=\"page\">\n\t\t\t\t\t\t<section class=\"elementor-section elementor-top-section elementor-element elementor-element-6b33204 elementor-section-boxed elementor-section-height-default elementor-section-height-default\" data-id=\"6b33204\" data-element_type=\"section\">\n\t\t\t\t\t\t<div class=\"elementor-container elementor-column-gap-default\">\n\t\t\t\t\t<div class=\"elementor-column elementor-col-100 elementor-top-column elementor-element elementor-element-15c2c3d\" data-id=\"15c2c3d\" data-element_type=\"column\">\n\t\t\t<div class=\"elementor-widget-wrap elementor-element-populated\">\n\t\t\t\t\t\t<div class=\"elementor-element elementor-element-cfbe5f7 elementor-widget elementor-widget-text-editor\" data-id=\"cfbe5f7\" data-element_type=\"widget\" data-widget_type=\"text-editor.default\">\n\t\t\t\t<div class=\"elementor-widget-container\">\n\t\t\t\t\t\t\t\t\t<h2>Datenschutzbestimmungen in bezug auf pers\u00f6nliche daten<\/h2><p>Die Wallfahrtsst\u00e4tte Unserer Lieben Frau von Lourdes misst dem Schutz und der Vertraulichkeit Ihrer pers\u00f6nlichen Daten, derer sie sich bedient, eine gro\u00dfe Bedeutung bei.<\/p><p>In diesem Rahmen erm\u00f6glicht die vorliegende Vertraulichkeitspolitik es Ihnen zu verstehen, welche pers\u00f6nlichen Daten wir sammeln und was wir damit tun, sowie, wie Sie Ihre Privatsph\u00e4re im Rahmen der Dienstleistungen, die wir Ihnen anbieten, sch\u00fctzen k\u00f6nnen.<\/p><p><strong>1. Welche Art von pers\u00f6nlichen Daten sammelt die Wallfahrtsst\u00e4tte Lourdes\u00a0?<\/strong><\/p><p>Wenn Sie eine Spende zugunsten der Wallfahrtsst\u00e4tte Lourdes t\u00e4tigen, sammelt diese Daten aus folgenden Bereichen\u00a0:<\/p><ul><li><p>Identifizierungsdaten:\u00a0 verpflichtend die E-Mailadresse und wenn Sie dies angeben, Name, Vorname, Postanschrift<\/p><\/li><li><p>Abrechnungsdaten und\/oder Zahlungsdaten: Datum und Uhrzeit der Zahlung, Betrag. Die Bankdetails werden nicht gespeichert.<\/p><\/li><li><p>Nutzungsdaten: Spendenzweck (alleinige Spende, in Verbindung mit einer Gebetsintention, Kerze, Stiftung einer Messe, &#8230;)<\/p><\/li><li><p>Daten zur Nachverfolgung: f\u00fcr Spenden, die nicht anonym sind, Speicherung der Identifizierungsdaten und Historisierung der Spenden.<\/p><\/li><\/ul><p><strong>2. Auf welche Weise nutzt die Wallfahrtsst\u00e4tte Lourdes Ihre Daten\u00a0?<\/strong><\/p><p>Die Wallfahrtsst\u00e4tte Lourdes nutzt Ihre Daten zur notwendigen Verwaltung Ihrer Spenden und Ausf\u00fchrung Ihrer Stiftungen.<br \/>Dies beinhaltet die Verwaltung Ihrer Anfragen (Messen, Kerzen, Gebetsintentionen), die eigentliche Zahlungsverwaltung und die Verwaltung Ihrer Fragen.<\/p><p>Sofern wir keine gegens\u00e4tzliche Benachrichtigung Ihrerseits erhalten, k\u00f6nnen Sie per Brief oder E-Mail Angebote von der Wallfahrtsst\u00e4tte Lourdes und ihrer Partner, f\u00fcr Dienste die\u00a0 denen der Wallfahrtsst\u00e4tte \u00e4hnlich sind, erhalten.<\/p><p>Ihre Daten k\u00f6nnen ebenfalls zur Netzsicherheit genutzt werden und um m\u00f6glichen Betrug zu verhindern.<br \/>Die Wallfahrtsst\u00e4tte Lourdes kann Ihre Daten ebenfalls nutzen, um ihren Rechtspflichten (dazugeh\u00f6rend die Gesetze zum Schutz vor Betrug, die Gesetze zur Geldw\u00e4sche) oder um den Aufforderungen der \u00f6ffentlichen- und Regierungsbeh\u00f6rden nachzukommen.<\/p><p>Diese Daten werden f\u00fcr den zur Bearbeitung Ihrer Anfrage notwendigen Zeitraum und w\u00e4hrend eines gesetzlich vorgeschriebenen Zeitraums von 5 Jahren gespeichert. Wenn im Laufe dieses Zeitraums keine weiteren Anfragen Ihrerseits eingehen, werden die Sie betreffenden Daten gel\u00f6scht oder, wenn es die statistischen Auswertungen erfordern anonymisiert. Im letzten Fall ist es der Wallfahrtsst\u00e4tte m\u00f6glich, die Entwicklung den Zuspruch f\u00fcr ihre Dienstleistungen zu bewerten.<\/p><p><strong>3. Wie k\u00f6nnen Sie die Sammlung und die Nutzung Ihrer Daten verwalten ?<\/strong><\/p><p>Sie haben jederzeit Zugriff auf Ihre Daten und k\u00f6nnen diese korrigieren, ihre L\u00f6schung beantragen, sich aus legitimen Gr\u00fcnden einer Datenverarbeitung aufgrund Ihrer besonderen Situation widersetzen oder\u00a0 von Ihrem Recht auf die Portabilit\u00e4t Ihrer Daten Gebrauch machen, indem Sie das daf\u00fcr vorgesehene Formular auf unserer Webseite ausf\u00fcllen(<a href=\"http:\/\/dpo.lourdes-france.org\/?p=W\">http:\/\/dpo.lourdes-france.org?p=W<\/a>), oder in dem Sie sich brieflich und mit einem Identit\u00e4tsnachweis an folgende Adresse wenden : Sanctuaire Notre-Dame de Lourdes \u2013 Informatique et Libert\u00e9s \u2013 1 avenue Mgr Th\u00e9as \u2013 65108 LOURDES Cedex.<br \/>Sie k\u00f6nnen jederzeit unseren Datenschutzbeauftragten unter folgender E-Mailadresse kontaktieren\u00a0 :\u00a0<a href=\"mailto:dpo@lourdes-france.com\" target=\"_blank\" rel=\"noopener\">dpo@lourdes-france.com<\/a><\/p><p>Die Daten, die die Wallfahrtsst\u00e4tte zu dem Zweck ben\u00f6tigt, f\u00fcr den sie gesammelt wurden (z.B. Ausstellung eines Steuerbelegs), und die notwendig f\u00fcr die Einhaltung einer Rechtsvorschrift sind, k\u00f6nnen hingegen nicht sofort gel\u00f6scht werden.<\/p><p>Wenn Sie sich an unseren Datenschutzbeauftragten wenden, k\u00f6nnen Sie auch vorgeben, wie mit Ihren Daten nach Ihrem Tod zu verfahren ist.<\/p><p>Im Falle einer Beschwerde, wonach die Wallfahrtsst\u00e4tte Ihnen keine zufriedenstellende Antwort erteilt h\u00e4tte, k\u00f6nnen Sie sich an die Commission Nationale de l\u2019Informatique et des Libert\u00e9s (CNIL), die franz\u00f6sische nationale Kommission f\u00fcr Informatik und Freiheitsrechte wenden, die f\u00fcr die Einhaltung der Vorschriften bez\u00fcglich der pers\u00f6nlichen Daten zust\u00e4ndig ist.<\/p><p><strong>4. Wie sch\u00fctzt die Wallfahrtsst\u00e4tte Unserer Lieben Frau von Lourdes Ihre pers\u00f6nlichen Daten?<\/strong><\/p><p>Die Wallfahrtsst\u00e4tte Unserer Lieben Frau von Lourdes wendet die notwendigen Ma\u00dfnahmen an, um die pers\u00f6nlichen Daten, die sie bearbeitet, zu sch\u00fctzen. Ihre Daten werden elektronisch und \/oder manuell und in jedem Fall so bearbeitet, dass ihre Sicherheit, ihr Schutz und ihre Vertraulichkeit entsprechend ihres Sensibilit\u00e4tsniveaus durch verwaltungstechnische, technische und pers\u00f6nliche Ma\u00dfnahmen gew\u00e4hrleistet sind, um ihrem Verlust, Diebstahl, Nutzung, Offenlegung oder unerlaubter Ver\u00e4nderung , vorzubeugen.<br \/>Die Abl\u00e4ufe zur Datenverarbeitung werden durch den Datenschutzbeauftragten \u00fcberwacht, um zu garantieren, dass die Vorschriften eingehalten werden.<\/p><p><strong>5. Wer kann Zugriff auf Ihre pers\u00f6nlichen Daten bekommen\u00a0?<\/strong><\/p><p>Ihre pers\u00f6nlichen Daten werden ausschlie\u00dflich von der Wallfahrtsst\u00e4tte Lourdes verarbeitet.<\/p><p>Ihre pers\u00f6nlichen Daten k\u00f6nnen ebenfalls an franz\u00f6sische Partner und entsprechend der Ethik und Moral der Wallfahrtsst\u00e4tte mit dem Ziel eines Adressaustausches\u00a0: Name, Vorname, Postanschrift, weitergegeben werden.<\/p><p>Auf Nachfrage, k\u00f6nnen sie ebenfalls an diejenigen Personen und Beh\u00f6rden weitergegeben werden, die laut Gesetzgebung, Verordnungen oder Verf\u00fcgungen von zu diesem Zweck staatlich anerkannten Beh\u00f6rden, ein Zugriffsrecht auf pers\u00f6nliche Daten haben.<\/p><p><strong>6. Entwicklung der Datenschutzbestimmungen<\/strong><\/p><p>Die vorliegenden Datenschutzbestimmungen k\u00f6nnen Ver\u00e4nderungen unterliegen, inbesondere im Falle einer Weiterentwicklung der Rechtssituation.<\/p><h2>Pers\u00f6nlichen daten\u200b<\/h2><p>Zur Aus\u00fcbung ihrer Rechte bei der Nutzung der Daten \u00fcber Sie, in vollst\u00e4ndiger Einfachheit und Transparenz, in \u00dcbereinstimmung mit den Bestimmungen des\u00a0<a href=\"https:\/\/www.cnil.fr\/fr\/plus-de-droits-pour-vos-donnees\" target=\"_blank\" rel=\"noopener\">RGPD<\/a>. Dieses Formular erm\u00f6glicht es Ihnen, eine Anfrage an den Personal Data Manager (OPD) des Heiligtums von Notre-Dame de Lourdes zu senden.<\/p>\n<div class=\"wpcf7 no-js\" id=\"wpcf7-f15089-o1\" lang=\"fr-FR\" dir=\"ltr\" data-wpcf7-id=\"15089\">\n<div class=\"screen-reader-response\"><p role=\"status\" aria-live=\"polite\" aria-atomic=\"true\"><\/p> <ul><\/ul><\/div>\n<form action=\"\/de\/wp-json\/wp\/v2\/pages\/15109#wpcf7-f15089-o1\" method=\"post\" class=\"wpcf7-form init\" aria-label=\"Formulaire de contact\" novalidate=\"novalidate\" data-status=\"init\">\n<div style=\"display: none;\">\n<input type=\"hidden\" name=\"_wpcf7\" value=\"15089\" \/>\n<input type=\"hidden\" name=\"_wpcf7_version\" value=\"6.0.5\" \/>\n<input type=\"hidden\" name=\"_wpcf7_locale\" value=\"fr_FR\" \/>\n<input type=\"hidden\" name=\"_wpcf7_unit_tag\" value=\"wpcf7-f15089-o1\" \/>\n<input type=\"hidden\" name=\"_wpcf7_container_post\" value=\"0\" \/>\n<input type=\"hidden\" name=\"_wpcf7_posted_data_hash\" value=\"\" \/>\n<input type=\"hidden\" name=\"_wpcf7cf_hidden_group_fields\" value=\"[]\" \/>\n<input type=\"hidden\" name=\"_wpcf7cf_hidden_groups\" value=\"[]\" \/>\n<input type=\"hidden\" name=\"_wpcf7cf_visible_groups\" value=\"[]\" \/>\n<input type=\"hidden\" name=\"_wpcf7cf_repeaters\" value=\"[]\" \/>\n<input type=\"hidden\" name=\"_wpcf7cf_steps\" value=\"{}\" \/>\n<input type=\"hidden\" name=\"_wpcf7cf_options\" value=\"{&quot;form_id&quot;:15089,&quot;conditions&quot;:[{&quot;then_field&quot;:&quot;group-RGPD&quot;,&quot;and_rules&quot;:[{&quot;if_field&quot;:&quot;choix&quot;,&quot;operator&quot;:&quot;equals&quot;,&quot;if_value&quot;:&quot;Andere&quot;}]}],&quot;settings&quot;:{&quot;animation&quot;:&quot;yes&quot;,&quot;animation_intime&quot;:200,&quot;animation_outtime&quot;:200,&quot;conditions_ui&quot;:&quot;normal&quot;,&quot;notice_dismissed&quot;:false,&quot;notice_dismissed_rollback-cf7-5.3.2&quot;:true,&quot;notice_dismissed_rollback-cf7-5.4.1&quot;:true,&quot;notice_dismissed_update-cf7-5.8&quot;:true,&quot;notice_dismissed_update-cf7-6.0.1&quot;:true}}\" \/>\n<input type=\"hidden\" name=\"_wpcf7_recaptcha_response\" value=\"\" \/>\n<\/div>\n<div class=\"form\">\n<div class=\"wpcf7-response-output\" aria-hidden=\"true\"><\/div>\n\t<p><span class=\"wpcf7-form-control-wrap\" data-name=\"choix\"><span class=\"wpcf7-form-control wpcf7-radio choix\"><span class=\"wpcf7-list-item first\"><input type=\"radio\" name=\"choix\" value=\"Welche pers\u00f6nlichen Daten haben Sie \u00fcber mich ?\" \/><span class=\"wpcf7-list-item-label\">Welche pers\u00f6nlichen Daten haben Sie \u00fcber mich ?<\/span><\/span><span class=\"wpcf7-list-item\"><input type=\"radio\" name=\"choix\" value=\"Ich bitte um die L\u00f6schung aller pers\u00f6nlichen Daten, die Sie \u00fcber mich haben.\" \/><span class=\"wpcf7-list-item-label\">Ich bitte um die L\u00f6schung aller pers\u00f6nlichen Daten, die Sie \u00fcber mich haben.<\/span><\/span><span class=\"wpcf7-list-item last\"><input type=\"radio\" name=\"choix\" value=\"Andere\" \/><span class=\"wpcf7-list-item-label\">Andere<\/span><\/span><\/span><\/span>\n\t<\/p>\n\t<div data-id=\"group-RGPD\" data-orig_data_id=\"group-RGPD\"  data-class=\"wpcf7cf_group\">\n\t\t<p><span class=\"wpcf7-form-control-wrap\" data-name=\"message\"><textarea cols=\"40\" rows=\"10\" maxlength=\"2000\" class=\"wpcf7-form-control wpcf7-textarea wpcf7-validates-as-required message\" aria-required=\"true\" aria-invalid=\"false\" name=\"message\"><\/textarea><\/span>\n\t\t<\/p>\n\t<\/div>\n\t<p><span class=\"label\">Meine E-Mail-Adresse*<\/span><br \/>\n<span class=\"wpcf7-form-control-wrap\" data-name=\"email\"><input size=\"40\" maxlength=\"400\" class=\"wpcf7-form-control wpcf7-email wpcf7-validates-as-required wpcf7-text wpcf7-validates-as-email email\" aria-required=\"true\" aria-invalid=\"false\" value=\"\" type=\"email\" name=\"email\" \/><\/span>\n\t<\/p>\n\t<p><span class=\"label\">Nachname*<\/span><br \/>\n<span class=\"wpcf7-form-control-wrap\" data-name=\"nom\"><input size=\"40\" maxlength=\"400\" class=\"wpcf7-form-control wpcf7-text wpcf7-validates-as-required nom\" aria-required=\"true\" aria-invalid=\"false\" value=\"\" type=\"text\" name=\"nom\" \/><\/span>\n\t<\/p>\n\t<p><span class=\"label\">Vorname*<\/span><br \/>\n<span class=\"wpcf7-form-control-wrap\" data-name=\"prenom\"><input size=\"40\" maxlength=\"400\" class=\"wpcf7-form-control wpcf7-text wpcf7-validates-as-required prenom\" aria-required=\"true\" aria-invalid=\"false\" value=\"\" type=\"text\" name=\"prenom\" \/><\/span>\n\t<\/p>\n\t<div class=\"captcha\">\n\t<span class=\"wpcf7-form-control-wrap recaptcha\" data-name=\"recaptcha\"><span data-sitekey=\"6LdivVgUAAAAABAEyWj2MpOu86GRZzaYlhP1O5KV\" class=\"wpcf7-form-control wpcf7-recaptcha g-recaptcha recaptcha\"><\/span>\r\n<noscript>\r\n\t<div class=\"grecaptcha-noscript\">\r\n\t\t<iframe src=\"https:\/\/www.google.com\/recaptcha\/api\/fallback?k=6LdivVgUAAAAABAEyWj2MpOu86GRZzaYlhP1O5KV\" frameborder=\"0\" scrolling=\"no\" width=\"310\" height=\"430\">\r\n\t\t<\/iframe>\r\n\t\t<textarea name=\"g-recaptcha-response\" rows=\"3\" cols=\"40\" placeholder=\"reCaptcha Response Here\">\r\n\t\t<\/textarea>\r\n\t<\/div>\r\n<\/noscript>\r\n<\/span>\n\t<\/div>\n\t<p><input class=\"wpcf7-form-control wpcf7-submit has-spinner\" type=\"submit\" value=\"Senden\" \/>\n\t<\/p>\n<\/div>\n<\/form>\n<\/div>\n\t\t\t\t\t\t\t\t<\/div>\n\t\t\t\t<\/div>\n\t\t\t\t\t<\/div>\n\t\t<\/div>\n\t\t\t\t\t<\/div>\n\t\t<\/section>\n\t\t\t\t<\/div>\n\t\t","protected":false},"excerpt":{"rendered":"<p>Datenschutzbestimmungen in bezug auf pers\u00f6nliche daten Die Wallfahrtsst\u00e4tte Unserer Lieben Frau von Lourdes misst dem Schutz und der Vertraulichkeit Ihrer pers\u00f6nlichen Daten, derer sie sich bedient, eine gro\u00dfe Bedeutung bei. In diesem Rahmen erm\u00f6glicht die vorliegende Vertraulichkeitspolitik es Ihnen zu &hellip; <a href=\"https:\/\/www.lourdes-france.org\/de\/personlichen-daten\/\">Continued<\/a><\/p>\n","protected":false},"author":7,"featured_media":0,"parent":0,"menu_order":0,"comment_status":"closed","ping_status":"closed","template":"","meta":{"_acf_changed":false,"footnotes":""},"class_list":["post-15109","page","type-page","status-publish","hentry"],"acf":[],"yoast_head":"<!-- This site is optimized with the Yoast SEO plugin v24.7 - https:\/\/yoast.com\/wordpress\/plugins\/seo\/ -->\n<title>Meine pers\u00f6nlichen daten in voller transparenz<\/title>\n<meta name=\"robots\" content=\"index, follow, max-snippet:-1, max-image-preview:large, max-video-preview:-1\" \/>\n<link rel=\"canonical\" href=\"https:\/\/www.lourdes-france.org\/de\/personlichen-daten\/\" \/>\n<meta name=\"twitter:label1\" content=\"Gesch\u00e4tzte Lesezeit\" \/>\n\t<meta name=\"twitter:data1\" content=\"4\u00a0Minuten\" \/>\n<script type=\"application\/ld+json\" class=\"yoast-schema-graph\">{\"@context\":\"https:\/\/schema.org\",\"@graph\":[{\"@type\":\"WebPage\",\"@id\":\"https:\/\/www.lourdes-france.org\/de\/personlichen-daten\/\",\"url\":\"https:\/\/www.lourdes-france.org\/de\/personlichen-daten\/\",\"name\":\"Meine pers\u00f6nlichen daten in voller transparenz\",\"isPartOf\":{\"@id\":\"https:\/\/preprod-lourdes.cawita.com\/#website\"},\"datePublished\":\"2018-09-17T13:15:25+00:00\",\"dateModified\":\"2021-05-11T10:24:03+00:00\",\"breadcrumb\":{\"@id\":\"https:\/\/www.lourdes-france.org\/de\/personlichen-daten\/#breadcrumb\"},\"inLanguage\":\"de\",\"potentialAction\":[{\"@type\":\"ReadAction\",\"target\":[\"https:\/\/www.lourdes-france.org\/de\/personlichen-daten\/\"]}]},{\"@type\":\"BreadcrumbList\",\"@id\":\"https:\/\/www.lourdes-france.org\/de\/personlichen-daten\/#breadcrumb\",\"itemListElement\":[{\"@type\":\"ListItem\",\"position\":1,\"name\":\"Accueil\",\"item\":\"https:\/\/www.lourdes-france.org\/\"},{\"@type\":\"ListItem\",\"position\":2,\"name\":\"Meine pers\u00f6nlichen daten in voller transparenz\"}]},{\"@type\":\"WebSite\",\"@id\":\"https:\/\/preprod-lourdes.cawita.com\/#website\",\"url\":\"https:\/\/preprod-lourdes.cawita.com\/\",\"name\":\"Soutenir le Sanctuaire Notre-Dame de Lourdes\",\"description\":\"\",\"potentialAction\":[{\"@type\":\"SearchAction\",\"target\":{\"@type\":\"EntryPoint\",\"urlTemplate\":\"https:\/\/preprod-lourdes.cawita.com\/?s={search_term_string}\"},\"query-input\":{\"@type\":\"PropertyValueSpecification\",\"valueRequired\":true,\"valueName\":\"search_term_string\"}}],\"inLanguage\":\"de\"}]}<\/script>\n<!-- \/ Yoast SEO plugin. -->","yoast_head_json":{"title":"Meine pers\u00f6nlichen daten in voller transparenz","robots":{"index":"index","follow":"follow","max-snippet":"max-snippet:-1","max-image-preview":"max-image-preview:large","max-video-preview":"max-video-preview:-1"},"canonical":"https:\/\/www.lourdes-france.org\/de\/personlichen-daten\/","twitter_misc":{"Gesch\u00e4tzte Lesezeit":"4\u00a0Minuten"},"schema":{"@context":"https:\/\/schema.org","@graph":[{"@type":"WebPage","@id":"https:\/\/www.lourdes-france.org\/de\/personlichen-daten\/","url":"https:\/\/www.lourdes-france.org\/de\/personlichen-daten\/","name":"Meine pers\u00f6nlichen daten in voller transparenz","isPartOf":{"@id":"https:\/\/preprod-lourdes.cawita.com\/#website"},"datePublished":"2018-09-17T13:15:25+00:00","dateModified":"2021-05-11T10:24:03+00:00","breadcrumb":{"@id":"https:\/\/www.lourdes-france.org\/de\/personlichen-daten\/#breadcrumb"},"inLanguage":"de","potentialAction":[{"@type":"ReadAction","target":["https:\/\/www.lourdes-france.org\/de\/personlichen-daten\/"]}]},{"@type":"BreadcrumbList","@id":"https:\/\/www.lourdes-france.org\/de\/personlichen-daten\/#breadcrumb","itemListElement":[{"@type":"ListItem","position":1,"name":"Accueil","item":"https:\/\/www.lourdes-france.org\/"},{"@type":"ListItem","position":2,"name":"Meine pers\u00f6nlichen daten in voller transparenz"}]},{"@type":"WebSite","@id":"https:\/\/preprod-lourdes.cawita.com\/#website","url":"https:\/\/preprod-lourdes.cawita.com\/","name":"Soutenir le Sanctuaire Notre-Dame de Lourdes","description":"","potentialAction":[{"@type":"SearchAction","target":{"@type":"EntryPoint","urlTemplate":"https:\/\/preprod-lourdes.cawita.com\/?s={search_term_string}"},"query-input":{"@type":"PropertyValueSpecification","valueRequired":true,"valueName":"search_term_string"}}],"inLanguage":"de"}]}},"_links":{"self":[{"href":"https:\/\/www.lourdes-france.org\/de\/wp-json\/wp\/v2\/pages\/15109","targetHints":{"allow":["GET"]}}],"collection":[{"href":"https:\/\/www.lourdes-france.org\/de\/wp-json\/wp\/v2\/pages"}],"about":[{"href":"https:\/\/www.lourdes-france.org\/de\/wp-json\/wp\/v2\/types\/page"}],"author":[{"embeddable":true,"href":"https:\/\/www.lourdes-france.org\/de\/wp-json\/wp\/v2\/users\/7"}],"replies":[{"embeddable":true,"href":"https:\/\/www.lourdes-france.org\/de\/wp-json\/wp\/v2\/comments?post=15109"}],"version-history":[{"count":20,"href":"https:\/\/www.lourdes-france.org\/de\/wp-json\/wp\/v2\/pages\/15109\/revisions"}],"predecessor-version":[{"id":623575,"href":"https:\/\/www.lourdes-france.org\/de\/wp-json\/wp\/v2\/pages\/15109\/revisions\/623575"}],"wp:attachment":[{"href":"https:\/\/www.lourdes-france.org\/de\/wp-json\/wp\/v2\/media?parent=15109"}],"curies":[{"name":"wp","href":"https:\/\/api.w.org\/{rel}","templated":true}]}}