{"id":29431,"date":"2019-02-11T14:53:05","date_gmt":"2019-02-11T13:53:05","guid":{"rendered":"https:\/\/www.lourdes-france.org\/expliquez-moi-les-apparitions\/"},"modified":"2021-03-02T16:06:53","modified_gmt":"2021-03-02T15:06:53","slug":"expliquez-moi-les-apparitions","status":"publish","type":"page","link":"https:\/\/www.lourdes-france.org\/de\/expliquez-moi-les-apparitions\/","title":{"rendered":"Freitag, 16. Juli 1858 Ablauf der 18. Erscheinung"},"content":{"rendered":"\t\t<div data-elementor-type=\"wp-post\" data-elementor-id=\"29431\" class=\"elementor elementor-29431 elementor-29149\" data-elementor-post-type=\"page\">\n\t\t\t\t\t\t<section class=\"elementor-section elementor-top-section elementor-element elementor-element-6d2c02e1 elementor-section-boxed elementor-section-height-default elementor-section-height-default\" data-id=\"6d2c02e1\" data-element_type=\"section\">\n\t\t\t\t\t\t<div class=\"elementor-container elementor-column-gap-no\">\n\t\t\t\t\t<div class=\"elementor-column elementor-col-100 elementor-top-column elementor-element elementor-element-7d9cc9a3\" data-id=\"7d9cc9a3\" data-element_type=\"column\">\n\t\t\t<div class=\"elementor-widget-wrap elementor-element-populated\">\n\t\t\t\t\t\t<div class=\"elementor-element elementor-element-45bd2ed4 elementor-widget elementor-widget-text-editor\" data-id=\"45bd2ed4\" data-element_type=\"widget\" data-widget_type=\"text-editor.default\">\n\t\t\t\t<div class=\"elementor-widget-container\">\n\t\t\t\t\t\t\t\t\t<h2><span style=\"color: #e8a702;\">Freitag, 16. Juli 1858<\/span><\/h2>\t\t\t\t\t\t\t\t<\/div>\n\t\t\t\t<\/div>\n\t\t\t\t\t<\/div>\n\t\t<\/div>\n\t\t\t\t\t<\/div>\n\t\t<\/section>\n\t\t\t\t<section class=\"elementor-section elementor-top-section elementor-element elementor-element-5c8395 elementor-section-boxed elementor-section-height-default elementor-section-height-default\" data-id=\"5c8395\" data-element_type=\"section\">\n\t\t\t\t\t\t<div class=\"elementor-container elementor-column-gap-no\">\n\t\t\t\t\t<div class=\"elementor-column elementor-col-100 elementor-top-column elementor-element elementor-element-70fc9297\" data-id=\"70fc9297\" data-element_type=\"column\">\n\t\t\t<div class=\"elementor-widget-wrap elementor-element-populated\">\n\t\t\t\t\t\t<section class=\"elementor-section elementor-inner-section elementor-element elementor-element-c70c65a elementor-section-boxed elementor-section-height-default elementor-section-height-default\" data-id=\"c70c65a\" data-element_type=\"section\">\n\t\t\t\t\t\t<div class=\"elementor-container elementor-column-gap-no\">\n\t\t\t\t\t<div class=\"elementor-column elementor-col-50 elementor-inner-column elementor-element elementor-element-db65f3b\" data-id=\"db65f3b\" data-element_type=\"column\">\n\t\t\t<div class=\"elementor-widget-wrap elementor-element-populated\">\n\t\t\t\t\t\t<div class=\"elementor-element elementor-element-48def105 elementor-widget elementor-widget-text-editor\" data-id=\"48def105\" data-element_type=\"widget\" data-widget_type=\"text-editor.default\">\n\t\t\t\t<div class=\"elementor-widget-container\">\n\t\t\t\t\t\t\t\t\t<p>Seit mehr als drei Monaten wurde Bernadette Soubirous keine Erscheinung zuteil wie jene vom 25. M\u00e4rz, bei der sie sich ihr mit den Worten vorstellte: \u201eIch bin Unbefleckte Empf\u00e4ngnis.\u201c<\/p>\t\t\t\t\t\t\t\t<\/div>\n\t\t\t\t<\/div>\n\t\t\t\t<div class=\"elementor-element elementor-element-573956a elementor-widget elementor-widget-text-editor\" data-id=\"573956a\" data-element_type=\"widget\" data-widget_type=\"text-editor.default\">\n\t\t\t\t<div class=\"elementor-widget-container\">\n\t\t\t\t\t\t\t\t\t<p>Tats\u00e4chlich geschah die letzte Erscheinung am Mittwoch nach Ostern, dem 7. April 1858. Seither haben sich viele Ereignisse an der Grotte ereignet, ohne dass Bernadette, weder aus der N\u00e4he noch aus der Ferne, sich dabei eingemischt h\u00e4tte. Das Durcheinander, das seit geraumer Zeit herrschte, veranlasst die Beh\u00f6rden, den Zugang zur Grotte ab dem 15. Juni zu untersagen. Tafeln, Bretter und Barrikaden werden daher errichtet. Wenig sp\u00e4ter wird auch der Bischof aufgrund der explosiven Situation so weit gehen, dass er den Katholiken verbietet, sich zur Grotte zu begeben. Zwei Wochen sp\u00e4ter, als sich die Geister beruhigt hatten, wird der Bischof das Verbot aufheben. Maria kann also wieder nach Massabielle kommen.<\/p>\t\t\t\t\t\t\t\t<\/div>\n\t\t\t\t<\/div>\n\t\t\t\t\t<\/div>\n\t\t<\/div>\n\t\t\t\t<div class=\"elementor-column elementor-col-50 elementor-inner-column elementor-element elementor-element-fc261fa\" data-id=\"fc261fa\" data-element_type=\"column\">\n\t\t\t<div class=\"elementor-widget-wrap elementor-element-populated\">\n\t\t\t\t\t\t<div class=\"elementor-element elementor-element-e6a27bd elementor-widget elementor-widget-image\" data-id=\"e6a27bd\" data-element_type=\"widget\" data-widget_type=\"image.default\">\n\t\t\t\t<div class=\"elementor-widget-container\">\n\t\t\t\t\t\t\t\t\t\t\t\t<figure class=\"wp-caption\">\n\t\t\t\t\t\t\t\t\t\t<img fetchpriority=\"high\" decoding=\"async\" width=\"800\" height=\"652\" src=\"https:\/\/www.lourdes-france.org\/wp-content\/uploads\/2019\/06\/2K8_APPARITIONS-18.jpg\" class=\"attachment-full size-full wp-image-55767\" alt=\"\" srcset=\"https:\/\/www.lourdes-france.org\/wp-content\/uploads\/2019\/06\/2K8_APPARITIONS-18.jpg 800w, https:\/\/www.lourdes-france.org\/wp-content\/uploads\/2019\/06\/2K8_APPARITIONS-18-300x245.jpg 300w, https:\/\/www.lourdes-france.org\/wp-content\/uploads\/2019\/06\/2K8_APPARITIONS-18-768x626.jpg 768w, https:\/\/www.lourdes-france.org\/wp-content\/uploads\/2019\/06\/2K8_APPARITIONS-18-344x280.jpg 344w\" sizes=\"(max-width: 800px) 100vw, 800px\" \/>\t\t\t\t\t\t\t\t\t\t\t<figcaption class=\"widget-image-caption wp-caption-text\"><p style=\"font-size:12px\">Cr\u00e9ation artistique de Ren\u00e9 Margotton, r\u00e9alis\u00e9s par Germaine et <\/br>Paul Sala-Malherbe<\/br>\u00a9 Sanctuaire Notre-Dame de Lourdes \/ Vincent<\/p><\/figcaption>\n\t\t\t\t\t\t\t\t\t\t<\/figure>\n\t\t\t\t\t\t\t\t\t<\/div>\n\t\t\t\t<\/div>\n\t\t\t\t\t<\/div>\n\t\t<\/div>\n\t\t\t\t\t<\/div>\n\t\t<\/section>\n\t\t\t\t<div class=\"elementor-element elementor-element-80cb1cb elementor-widget elementor-widget-text-editor\" data-id=\"80cb1cb\" data-element_type=\"widget\" data-widget_type=\"text-editor.default\">\n\t\t\t\t<div class=\"elementor-widget-container\">\n\t\t\t\t\t\t\t\t\t<p>Am Abend des 16. Juli versp\u00fcrt Bernadette erneut diesen unwiderstehlichen inneren Antrieb, der sie zur Grotte hinzieht. Es ist eine Anziehungskraft, die sie gut kennt, jedoch lange nicht versp\u00fcrt hatte. So bricht sie, begleitet von Lucile Cast\u00e9rot, ihrer gerade einmal 20 Jahre alten, j\u00fcngsten Tante auf. Aber sie passt sich den Umst\u00e4nden an. Zum einen tr\u00e4gt sie zur Tarnung geliehene, f\u00fcr sie etwas zu gro\u00dfe Kleidungsst\u00fccke, um nicht erkannt zu werden. Zum anderen w\u00e4hlt sie einen anderen, etwas l\u00e4ngeren Weg, um nicht direkt zur Grotte zu gehen. Sie \u00fcberqueren nicht den Gave und verbleiben am rechten Ufer des Gebirgsbachs.<\/p>\t\t\t\t\t\t\t\t<\/div>\n\t\t\t\t<\/div>\n\t\t\t\t<div class=\"elementor-element elementor-element-01207d9 elementor-widget elementor-widget-text-editor\" data-id=\"01207d9\" data-element_type=\"widget\" data-widget_type=\"text-editor.default\">\n\t\t\t\t<div class=\"elementor-widget-container\">\n\t\t\t\t\t\t\t\t\t<p>Bernadette kniet gegen\u00fcber der Grotte, jedoch in einer gewissen Ferne zur Felsnische. Es ist kurz vor 22 Uhr 30. Achtsam, wie es ihr die Jungfrau Maria gelehrte hatte, bekreuzigt sie sich mit einem weitausholenden Kreuzzeichen. Dann beginnt sie den Rosenkranz zu beten.<\/p>\t\t\t\t\t\t\t\t<\/div>\n\t\t\t\t<\/div>\n\t\t\t\t<div class=\"elementor-element elementor-element-8600e8e elementor-widget elementor-widget-text-editor\" data-id=\"8600e8e\" data-element_type=\"widget\" data-widget_type=\"text-editor.default\">\n\t\t\t\t<div class=\"elementor-widget-container\">\n\t\t\t\t\t\t\t\t\t<p>Zu ihrer Rechten ihre Tante Lucille, zu ihrer Linken zwei junge M\u00e4dchen, Mitglieder der Bruderschaft der Pfarrei, der Kinder Mariens, die jeweils eine brennende Kerze halten. Die Nacht ist fast angebrochen, aber im Licht der Kerzen k\u00f6nnen ihre drei Nachbarn das verkl\u00e4rte Gesicht Bernadettes, welches die Gl\u00fcckseligkeit einer anderer Realit\u00e4t widerstrahlt, sehen.<\/p>\t\t\t\t\t\t\t\t<\/div>\n\t\t\t\t<\/div>\n\t\t\t\t<div class=\"elementor-element elementor-element-4dbf151 elementor-widget elementor-widget-text-editor\" data-id=\"4dbf151\" data-element_type=\"widget\" data-widget_type=\"text-editor.default\">\n\t\t\t\t<div class=\"elementor-widget-container\">\n\t\t\t\t\t\t\t\t\t<p>Die Unbefleckte Jungfrau ist also zum 18. Mal da. Kein Wort wird ausgetauscht. Doch die Gemeinschaft zwischen der Gottesmutter und dem noch sehr jungen M\u00e4dchen aus Lourdes ist intensiv. Nach dieser letzten Erscheinung wird Bernadette unbek\u00fcmmert sagen: \u201e<em>Maria war sch\u00f6ner wie nie zuvor<\/em>\u201c. Sp\u00e4ter wird die pr\u00e4zisieren, dass sie die Selige Jungfrau so wie w\u00e4hrend der Erscheinungen, das hei\u00dft ganz nahe bei ihr, gesehen hat.<\/p>\t\t\t\t\t\t\t\t<\/div>\n\t\t\t\t<\/div>\n\t\t\t\t<div class=\"elementor-element elementor-element-a76426b elementor-widget elementor-widget-text-editor\" data-id=\"a76426b\" data-element_type=\"widget\" data-widget_type=\"text-editor.default\">\n\t\t\t\t<div class=\"elementor-widget-container\">\n\t\t\t\t\t\t\t\t\t<p>Bernadette ist sich bewusst, dass sie gerade ihre letzte Begegnung auf dieser Erde mit der Unbefleckten Jungfrau erlebt hat.<\/p>\t\t\t\t\t\t\t\t<\/div>\n\t\t\t\t<\/div>\n\t\t\t\t\t<\/div>\n\t\t<\/div>\n\t\t\t\t\t<\/div>\n\t\t<\/section>\n\t\t\t\t<section class=\"elementor-section elementor-top-section elementor-element elementor-element-63576ec elementor-section-height-min-height elementor-section-boxed elementor-section-height-default elementor-section-items-middle\" data-id=\"63576ec\" data-element_type=\"section\" data-settings=\"{&quot;background_background&quot;:&quot;classic&quot;}\">\n\t\t\t\t\t\t<div class=\"elementor-container elementor-column-gap-default\">\n\t\t\t\t\t<div class=\"elementor-column elementor-col-100 elementor-top-column elementor-element elementor-element-5a645dc\" data-id=\"5a645dc\" data-element_type=\"column\">\n\t\t\t<div class=\"elementor-widget-wrap elementor-element-populated\">\n\t\t\t\t\t\t<div class=\"elementor-element elementor-element-c5d85dd elementor-align-center elementor-widget elementor-widget-button\" data-id=\"c5d85dd\" data-element_type=\"widget\" data-widget_type=\"button.default\">\n\t\t\t\t<div class=\"elementor-widget-container\">\n\t\t\t\t\t\t\t\t\t<div class=\"elementor-button-wrapper\">\n\t\t\t\t\t<a class=\"elementor-button elementor-button-link elementor-size-sm\" href=\"\/de\/annee-bernadette-1-apparition-1-cierge\/\">\n\t\t\t\t\t\t<span class=\"elementor-button-content-wrapper\">\n\t\t\t\t\t\t\t\t\t<span class=\"elementor-button-text\">18. Erscheinung | 1 Kerze<\/span>\n\t\t\t\t\t<\/span>\n\t\t\t\t\t<\/a>\n\t\t\t\t<\/div>\n\t\t\t\t\t\t\t\t<\/div>\n\t\t\t\t<\/div>\n\t\t\t\t\t<\/div>\n\t\t<\/div>\n\t\t\t\t\t<\/div>\n\t\t<\/section>\n\t\t\t\t<section class=\"elementor-section elementor-top-section elementor-element elementor-element-9749456 elementor-section-boxed elementor-section-height-default elementor-section-height-default\" data-id=\"9749456\" data-element_type=\"section\">\n\t\t\t\t\t\t<div class=\"elementor-container elementor-column-gap-default\">\n\t\t\t\t\t<div class=\"elementor-column elementor-col-100 elementor-top-column elementor-element elementor-element-4efc5b0\" data-id=\"4efc5b0\" data-element_type=\"column\">\n\t\t\t<div class=\"elementor-widget-wrap elementor-element-populated\">\n\t\t\t\t\t\t<div class=\"elementor-element elementor-element-7fe76d6 elementor-widget elementor-widget-text-editor\" data-id=\"7fe76d6\" data-element_type=\"widget\" data-widget_type=\"text-editor.default\">\n\t\t\t\t<div class=\"elementor-widget-container\">\n\t\t\t\t\t\t\t\t\t<p>In diesem Bernadette-Jahr schl\u00e4gt die Wallfahrtsst\u00e4tte Notre-Dame de Lourdes vor, bei jedem einzelnen Erscheinungstage der Jungfrau Maria an Bernadette eine Kerze zu spenden.<\/p>\t\t\t\t\t\t\t\t<\/div>\n\t\t\t\t<\/div>\n\t\t\t\t\t<\/div>\n\t\t<\/div>\n\t\t\t\t\t<\/div>\n\t\t<\/section>\n\t\t\t\t<\/div>\n\t\t","protected":false},"excerpt":{"rendered":"<p>Freitag, 16. Juli 1858 Seit mehr als drei Monaten wurde Bernadette Soubirous keine Erscheinung zuteil wie jene vom 25. M\u00e4rz, bei der sie sich ihr mit den Worten vorstellte: \u201eIch bin Unbefleckte Empf\u00e4ngnis.\u201c Tats\u00e4chlich geschah die letzte Erscheinung am Mittwoch &hellip; <a href=\"https:\/\/www.lourdes-france.org\/de\/expliquez-moi-les-apparitions\/\">Weiter<\/a><\/p>\n","protected":false},"author":7,"featured_media":0,"parent":0,"menu_order":0,"comment_status":"closed","ping_status":"closed","template":"","meta":{"_acf_changed":false,"footnotes":""},"class_list":["post-29431","page","type-page","status-publish","hentry"],"acf":[],"yoast_head":"<!-- This site is optimized with the Yoast SEO plugin v24.7 - https:\/\/yoast.com\/wordpress\/plugins\/seo\/ -->\n<title>Freitag, 16. Juli 1858 Ablauf der 18. Erscheinung<\/title>\n<meta name=\"robots\" content=\"index, follow, max-snippet:-1, max-image-preview:large, max-video-preview:-1\" \/>\n<link rel=\"canonical\" href=\"https:\/\/www.lourdes-france.org\/de\/expliquez-moi-les-apparitions\/\" \/>\n<meta name=\"twitter:label1\" content=\"Gesch\u00e4tzte Lesezeit\" \/>\n\t<meta name=\"twitter:data1\" content=\"2\u00a0Minuten\" \/>\n<script type=\"application\/ld+json\" class=\"yoast-schema-graph\">{\"@context\":\"https:\/\/schema.org\",\"@graph\":[{\"@type\":\"WebPage\",\"@id\":\"https:\/\/www.lourdes-france.org\/de\/expliquez-moi-les-apparitions\/\",\"url\":\"https:\/\/www.lourdes-france.org\/de\/expliquez-moi-les-apparitions\/\",\"name\":\"Freitag, 16. Juli 1858 Ablauf der 18. Erscheinung\",\"isPartOf\":{\"@id\":\"https:\/\/preprod-lourdes.cawita.com\/#website\"},\"primaryImageOfPage\":{\"@id\":\"https:\/\/www.lourdes-france.org\/de\/expliquez-moi-les-apparitions\/#primaryimage\"},\"image\":{\"@id\":\"https:\/\/www.lourdes-france.org\/de\/expliquez-moi-les-apparitions\/#primaryimage\"},\"thumbnailUrl\":\"http:\/\/www.lourdes-france.org\/wp-content\/uploads\/2019\/06\/2K8_APPARITIONS-18.jpg\",\"datePublished\":\"2019-02-11T13:53:05+00:00\",\"dateModified\":\"2021-03-02T15:06:53+00:00\",\"breadcrumb\":{\"@id\":\"https:\/\/www.lourdes-france.org\/de\/expliquez-moi-les-apparitions\/#breadcrumb\"},\"inLanguage\":\"de\",\"potentialAction\":[{\"@type\":\"ReadAction\",\"target\":[\"https:\/\/www.lourdes-france.org\/de\/expliquez-moi-les-apparitions\/\"]}]},{\"@type\":\"ImageObject\",\"inLanguage\":\"de\",\"@id\":\"https:\/\/www.lourdes-france.org\/de\/expliquez-moi-les-apparitions\/#primaryimage\",\"url\":\"http:\/\/www.lourdes-france.org\/wp-content\/uploads\/2019\/06\/2K8_APPARITIONS-18.jpg\",\"contentUrl\":\"http:\/\/www.lourdes-france.org\/wp-content\/uploads\/2019\/06\/2K8_APPARITIONS-18.jpg\"},{\"@type\":\"BreadcrumbList\",\"@id\":\"https:\/\/www.lourdes-france.org\/de\/expliquez-moi-les-apparitions\/#breadcrumb\",\"itemListElement\":[{\"@type\":\"ListItem\",\"position\":1,\"name\":\"Accueil\",\"item\":\"https:\/\/www.lourdes-france.org\/\"},{\"@type\":\"ListItem\",\"position\":2,\"name\":\"Freitag, 16. Juli 1858 Ablauf der 18. Erscheinung\"}]},{\"@type\":\"WebSite\",\"@id\":\"https:\/\/preprod-lourdes.cawita.com\/#website\",\"url\":\"https:\/\/preprod-lourdes.cawita.com\/\",\"name\":\"Soutenir le Sanctuaire Notre-Dame de Lourdes\",\"description\":\"\",\"potentialAction\":[{\"@type\":\"SearchAction\",\"target\":{\"@type\":\"EntryPoint\",\"urlTemplate\":\"https:\/\/preprod-lourdes.cawita.com\/?s={search_term_string}\"},\"query-input\":{\"@type\":\"PropertyValueSpecification\",\"valueRequired\":true,\"valueName\":\"search_term_string\"}}],\"inLanguage\":\"de\"}]}<\/script>\n<!-- \/ Yoast SEO plugin. -->","yoast_head_json":{"title":"Freitag, 16. Juli 1858 Ablauf der 18. Erscheinung","robots":{"index":"index","follow":"follow","max-snippet":"max-snippet:-1","max-image-preview":"max-image-preview:large","max-video-preview":"max-video-preview:-1"},"canonical":"https:\/\/www.lourdes-france.org\/de\/expliquez-moi-les-apparitions\/","twitter_misc":{"Gesch\u00e4tzte Lesezeit":"2\u00a0Minuten"},"schema":{"@context":"https:\/\/schema.org","@graph":[{"@type":"WebPage","@id":"https:\/\/www.lourdes-france.org\/de\/expliquez-moi-les-apparitions\/","url":"https:\/\/www.lourdes-france.org\/de\/expliquez-moi-les-apparitions\/","name":"Freitag, 16. Juli 1858 Ablauf der 18. Erscheinung","isPartOf":{"@id":"https:\/\/preprod-lourdes.cawita.com\/#website"},"primaryImageOfPage":{"@id":"https:\/\/www.lourdes-france.org\/de\/expliquez-moi-les-apparitions\/#primaryimage"},"image":{"@id":"https:\/\/www.lourdes-france.org\/de\/expliquez-moi-les-apparitions\/#primaryimage"},"thumbnailUrl":"http:\/\/www.lourdes-france.org\/wp-content\/uploads\/2019\/06\/2K8_APPARITIONS-18.jpg","datePublished":"2019-02-11T13:53:05+00:00","dateModified":"2021-03-02T15:06:53+00:00","breadcrumb":{"@id":"https:\/\/www.lourdes-france.org\/de\/expliquez-moi-les-apparitions\/#breadcrumb"},"inLanguage":"de","potentialAction":[{"@type":"ReadAction","target":["https:\/\/www.lourdes-france.org\/de\/expliquez-moi-les-apparitions\/"]}]},{"@type":"ImageObject","inLanguage":"de","@id":"https:\/\/www.lourdes-france.org\/de\/expliquez-moi-les-apparitions\/#primaryimage","url":"http:\/\/www.lourdes-france.org\/wp-content\/uploads\/2019\/06\/2K8_APPARITIONS-18.jpg","contentUrl":"http:\/\/www.lourdes-france.org\/wp-content\/uploads\/2019\/06\/2K8_APPARITIONS-18.jpg"},{"@type":"BreadcrumbList","@id":"https:\/\/www.lourdes-france.org\/de\/expliquez-moi-les-apparitions\/#breadcrumb","itemListElement":[{"@type":"ListItem","position":1,"name":"Accueil","item":"https:\/\/www.lourdes-france.org\/"},{"@type":"ListItem","position":2,"name":"Freitag, 16. Juli 1858 Ablauf der 18. Erscheinung"}]},{"@type":"WebSite","@id":"https:\/\/preprod-lourdes.cawita.com\/#website","url":"https:\/\/preprod-lourdes.cawita.com\/","name":"Soutenir le Sanctuaire Notre-Dame de Lourdes","description":"","potentialAction":[{"@type":"SearchAction","target":{"@type":"EntryPoint","urlTemplate":"https:\/\/preprod-lourdes.cawita.com\/?s={search_term_string}"},"query-input":{"@type":"PropertyValueSpecification","valueRequired":true,"valueName":"search_term_string"}}],"inLanguage":"de"}]}},"_links":{"self":[{"href":"https:\/\/www.lourdes-france.org\/de\/wp-json\/wp\/v2\/pages\/29431","targetHints":{"allow":["GET"]}}],"collection":[{"href":"https:\/\/www.lourdes-france.org\/de\/wp-json\/wp\/v2\/pages"}],"about":[{"href":"https:\/\/www.lourdes-france.org\/de\/wp-json\/wp\/v2\/types\/page"}],"author":[{"embeddable":true,"href":"https:\/\/www.lourdes-france.org\/de\/wp-json\/wp\/v2\/users\/7"}],"replies":[{"embeddable":true,"href":"https:\/\/www.lourdes-france.org\/de\/wp-json\/wp\/v2\/comments?post=29431"}],"version-history":[{"count":42,"href":"https:\/\/www.lourdes-france.org\/de\/wp-json\/wp\/v2\/pages\/29431\/revisions"}],"predecessor-version":[{"id":55803,"href":"https:\/\/www.lourdes-france.org\/de\/wp-json\/wp\/v2\/pages\/29431\/revisions\/55803"}],"wp:attachment":[{"href":"https:\/\/www.lourdes-france.org\/de\/wp-json\/wp\/v2\/media?parent=29431"}],"curies":[{"name":"wp","href":"https:\/\/api.w.org\/{rel}","templated":true}]}}