{"id":356480,"date":"2018-08-28T15:25:58","date_gmt":"2018-08-28T13:25:58","guid":{"rendered":"https:\/\/www.lourdes-france.org\/accueil-ecoute\/"},"modified":"2020-12-16T15:02:30","modified_gmt":"2020-12-16T14:02:30","slug":"accueil-ecoute-ort-zum-gespraechs-angebot","status":"publish","type":"page","link":"https:\/\/www.lourdes-france.org\/de\/accueil-ecoute-ort-zum-gespraechs-angebot\/","title":{"rendered":"Ein Ort zum Gespr\u00e4chs-Angebot (Accueil \u00c9coute) steht in der Wallfahrtsst\u00e4tte zur Ihrer Verf\u00fcgung"},"content":{"rendered":"\t\t<div data-elementor-type=\"wp-post\" data-elementor-id=\"356480\" class=\"elementor elementor-356480 elementor-12101\" data-elementor-post-type=\"page\">\n\t\t\t\t\t\t<section class=\"elementor-section elementor-top-section elementor-element elementor-element-4b4dd44a elementor-section-boxed elementor-section-height-default elementor-section-height-default\" data-id=\"4b4dd44a\" data-element_type=\"section\">\n\t\t\t\t\t\t<div class=\"elementor-container elementor-column-gap-no\">\n\t\t\t\t\t<div class=\"elementor-column elementor-col-100 elementor-top-column elementor-element elementor-element-2a42236\" data-id=\"2a42236\" data-element_type=\"column\">\n\t\t\t<div class=\"elementor-widget-wrap elementor-element-populated\">\n\t\t\t\t\t\t<div class=\"elementor-element elementor-element-1d58a36f elementor-widget elementor-widget-text-editor\" data-id=\"1d58a36f\" data-element_type=\"widget\" data-widget_type=\"text-editor.default\">\n\t\t\t\t<div class=\"elementor-widget-container\">\n\t\t\t\t\t\t\t\t\t<p class=\"MsoNormal\" style=\"margin: 0cm; font-size: 12pt; font-family: Calibri, sans-serif; color: #000000; font-weight: 400;\"><b><span lang=\"DE\" style=\"font-size: 19.5pt; color: #e8a700;\">Ein Ort zum Gespr\u00e4chs-Angebot (<\/span><\/b><b><span lang=\"DE\" style=\"font-size: 19.5pt; font-family: DinPro-Bold, sans-serif; color: #e8a700;\">Accueil \u00c9coute) <\/span><\/b><b><span lang=\"DE\" style=\"font-size: 19.5pt; color: #e8a700;\">steht in der Wallfahrtsst\u00e4tte zur Ihrer Verf\u00fcgung<\/span><\/b><\/p>\t\t\t\t\t\t\t\t<\/div>\n\t\t\t\t<\/div>\n\t\t\t\t<div class=\"elementor-element elementor-element-37c26d96 elementor-widget elementor-widget-text-editor\" data-id=\"37c26d96\" data-element_type=\"widget\" data-widget_type=\"text-editor.default\">\n\t\t\t\t<div class=\"elementor-widget-container\">\n\t\t\t\t\t\t\t\t\t<p>Wer auch immer Sie sind, egal in welcher Situation Sie sich befinden und was Sie mitteilen m\u00f6chten, Sie werden willkommen sein.<\/p><p>Der Ort der Aussprache (Accueil \u00c9coute) befindet sich unter den Arkaden, rechts, wenn Sie vor der Rosenkranzbasilika stehen.<\/p><p>W\u00e4hrend der Pilgersaison (19. M\u00e4rz bis 31. Oktober) werden Sie dort montags bis samstags von 9.30 bis 11.00 Uhr und von 14.30 bis 17.00 Uhr empfangen.<br \/>W\u00e4hrend des gesamten Jahres k\u00f6nnen Sie ein Mitglied des Teams erreichen und\/oder einen Termin f\u00fcr ein Treffen bei Ihrem Besuch in der Wallfahrtsst\u00e4tte vereinbaren.<\/p>\t\t\t\t\t\t\t\t<\/div>\n\t\t\t\t<\/div>\n\t\t\t\t<div class=\"elementor-element elementor-element-75c2fcc5 elementor-widget elementor-widget-text-editor\" data-id=\"75c2fcc5\" data-element_type=\"widget\" data-widget_type=\"text-editor.default\">\n\t\t\t\t<div class=\"elementor-widget-container\">\n\t\t\t\t\t\t\t\t\t<h2><b style=\"color: #000000; font-family: Calibri, sans-serif; font-size: 12pt;\"><span lang=\"DE\" style=\"font-size: 19.5pt; color: #e8a700;\">Kontakt<\/span><\/b><span style=\"color: #e8a700;\">\u00a0<\/span><\/h2>\t\t\t\t\t\t\t\t<\/div>\n\t\t\t\t<\/div>\n\t\t\t\t<div class=\"elementor-element elementor-element-61c82722 elementor-widget elementor-widget-text-editor\" data-id=\"61c82722\" data-element_type=\"widget\" data-widget_type=\"text-editor.default\">\n\t\t\t\t<div class=\"elementor-widget-container\">\n\t\t\t\t\t\t\t\t\t<p>Sie k\u00f6nnen uns:<\/p><p>Per Telefon: <strong>Tel. +33(0)6 17 30 00 33<\/strong> \u00a0(<em>z\u00f6gern Sie nicht, eine Nachricht zu hinterlassen, wir rufen Sie zur\u00fcck<\/em><em>)<\/em>\u00a0<\/p><p>Per <a href=\"https:\/\/www.lourdes-france.org\/de\/contact\/\">E-Mail<\/a><\/p>\t\t\t\t\t\t\t\t<\/div>\n\t\t\t\t<\/div>\n\t\t\t\t\t<\/div>\n\t\t<\/div>\n\t\t\t\t\t<\/div>\n\t\t<\/section>\n\t\t\t\t<\/div>\n\t\t","protected":false},"excerpt":{"rendered":"<p>Ein Ort zum Gespr\u00e4chs-Angebot (Accueil \u00c9coute) steht in der Wallfahrtsst\u00e4tte zur Ihrer Verf\u00fcgung Wer auch immer Sie sind, egal in welcher Situation Sie sich befinden und was Sie mitteilen m\u00f6chten, Sie werden willkommen sein. Der Ort der Aussprache (Accueil \u00c9coute) &hellip; <a href=\"https:\/\/www.lourdes-france.org\/de\/accueil-ecoute-ort-zum-gespraechs-angebot\/\">Weiter<\/a><\/p>\n","protected":false},"author":2,"featured_media":0,"parent":0,"menu_order":0,"comment_status":"closed","ping_status":"closed","template":"","meta":{"_acf_changed":false,"footnotes":""},"class_list":["post-356480","page","type-page","status-publish","hentry"],"acf":[],"yoast_head":"<!-- This site is optimized with the Yoast SEO plugin v24.7 - https:\/\/yoast.com\/wordpress\/plugins\/seo\/ -->\n<title>Ein Ort zum Gespr\u00e4chs-Angebot (Accueil \u00c9coute) steht in der Wallfahrtsst\u00e4tte zur Ihrer Verf\u00fcgung<\/title>\n<meta name=\"robots\" content=\"index, follow, max-snippet:-1, max-image-preview:large, max-video-preview:-1\" \/>\n<link rel=\"canonical\" href=\"https:\/\/www.lourdes-france.org\/de\/accueil-ecoute-ort-zum-gespraechs-angebot\/\" \/>\n<meta name=\"twitter:label1\" content=\"Gesch\u00e4tzte Lesezeit\" \/>\n\t<meta name=\"twitter:data1\" content=\"1\u00a0Minute\" \/>\n<script type=\"application\/ld+json\" class=\"yoast-schema-graph\">{\"@context\":\"https:\/\/schema.org\",\"@graph\":[{\"@type\":\"WebPage\",\"@id\":\"https:\/\/www.lourdes-france.org\/de\/accueil-ecoute-ort-zum-gespraechs-angebot\/\",\"url\":\"https:\/\/www.lourdes-france.org\/de\/accueil-ecoute-ort-zum-gespraechs-angebot\/\",\"name\":\"Ein Ort zum Gespr\u00e4chs-Angebot (Accueil \u00c9coute) steht in der Wallfahrtsst\u00e4tte zur Ihrer Verf\u00fcgung\",\"isPartOf\":{\"@id\":\"https:\/\/preprod-lourdes.cawita.com\/#website\"},\"datePublished\":\"2018-08-28T13:25:58+00:00\",\"dateModified\":\"2020-12-16T14:02:30+00:00\",\"breadcrumb\":{\"@id\":\"https:\/\/www.lourdes-france.org\/de\/accueil-ecoute-ort-zum-gespraechs-angebot\/#breadcrumb\"},\"inLanguage\":\"de\",\"potentialAction\":[{\"@type\":\"ReadAction\",\"target\":[\"https:\/\/www.lourdes-france.org\/de\/accueil-ecoute-ort-zum-gespraechs-angebot\/\"]}]},{\"@type\":\"BreadcrumbList\",\"@id\":\"https:\/\/www.lourdes-france.org\/de\/accueil-ecoute-ort-zum-gespraechs-angebot\/#breadcrumb\",\"itemListElement\":[{\"@type\":\"ListItem\",\"position\":1,\"name\":\"Accueil\",\"item\":\"https:\/\/www.lourdes-france.org\/\"},{\"@type\":\"ListItem\",\"position\":2,\"name\":\"Ein Ort zum Gespr\u00e4chs-Angebot (Accueil \u00c9coute) steht in der Wallfahrtsst\u00e4tte zur Ihrer Verf\u00fcgung\"}]},{\"@type\":\"WebSite\",\"@id\":\"https:\/\/preprod-lourdes.cawita.com\/#website\",\"url\":\"https:\/\/preprod-lourdes.cawita.com\/\",\"name\":\"Soutenir le Sanctuaire Notre-Dame de Lourdes\",\"description\":\"\",\"potentialAction\":[{\"@type\":\"SearchAction\",\"target\":{\"@type\":\"EntryPoint\",\"urlTemplate\":\"https:\/\/preprod-lourdes.cawita.com\/?s={search_term_string}\"},\"query-input\":{\"@type\":\"PropertyValueSpecification\",\"valueRequired\":true,\"valueName\":\"search_term_string\"}}],\"inLanguage\":\"de\"}]}<\/script>\n<!-- \/ Yoast SEO plugin. -->","yoast_head_json":{"title":"Ein Ort zum Gespr\u00e4chs-Angebot (Accueil \u00c9coute) steht in der Wallfahrtsst\u00e4tte zur Ihrer Verf\u00fcgung","robots":{"index":"index","follow":"follow","max-snippet":"max-snippet:-1","max-image-preview":"max-image-preview:large","max-video-preview":"max-video-preview:-1"},"canonical":"https:\/\/www.lourdes-france.org\/de\/accueil-ecoute-ort-zum-gespraechs-angebot\/","twitter_misc":{"Gesch\u00e4tzte Lesezeit":"1\u00a0Minute"},"schema":{"@context":"https:\/\/schema.org","@graph":[{"@type":"WebPage","@id":"https:\/\/www.lourdes-france.org\/de\/accueil-ecoute-ort-zum-gespraechs-angebot\/","url":"https:\/\/www.lourdes-france.org\/de\/accueil-ecoute-ort-zum-gespraechs-angebot\/","name":"Ein Ort zum Gespr\u00e4chs-Angebot (Accueil \u00c9coute) steht in der Wallfahrtsst\u00e4tte zur Ihrer Verf\u00fcgung","isPartOf":{"@id":"https:\/\/preprod-lourdes.cawita.com\/#website"},"datePublished":"2018-08-28T13:25:58+00:00","dateModified":"2020-12-16T14:02:30+00:00","breadcrumb":{"@id":"https:\/\/www.lourdes-france.org\/de\/accueil-ecoute-ort-zum-gespraechs-angebot\/#breadcrumb"},"inLanguage":"de","potentialAction":[{"@type":"ReadAction","target":["https:\/\/www.lourdes-france.org\/de\/accueil-ecoute-ort-zum-gespraechs-angebot\/"]}]},{"@type":"BreadcrumbList","@id":"https:\/\/www.lourdes-france.org\/de\/accueil-ecoute-ort-zum-gespraechs-angebot\/#breadcrumb","itemListElement":[{"@type":"ListItem","position":1,"name":"Accueil","item":"https:\/\/www.lourdes-france.org\/"},{"@type":"ListItem","position":2,"name":"Ein Ort zum Gespr\u00e4chs-Angebot (Accueil \u00c9coute) steht in der Wallfahrtsst\u00e4tte zur Ihrer Verf\u00fcgung"}]},{"@type":"WebSite","@id":"https:\/\/preprod-lourdes.cawita.com\/#website","url":"https:\/\/preprod-lourdes.cawita.com\/","name":"Soutenir le Sanctuaire Notre-Dame de Lourdes","description":"","potentialAction":[{"@type":"SearchAction","target":{"@type":"EntryPoint","urlTemplate":"https:\/\/preprod-lourdes.cawita.com\/?s={search_term_string}"},"query-input":{"@type":"PropertyValueSpecification","valueRequired":true,"valueName":"search_term_string"}}],"inLanguage":"de"}]}},"_links":{"self":[{"href":"https:\/\/www.lourdes-france.org\/de\/wp-json\/wp\/v2\/pages\/356480","targetHints":{"allow":["GET"]}}],"collection":[{"href":"https:\/\/www.lourdes-france.org\/de\/wp-json\/wp\/v2\/pages"}],"about":[{"href":"https:\/\/www.lourdes-france.org\/de\/wp-json\/wp\/v2\/types\/page"}],"author":[{"embeddable":true,"href":"https:\/\/www.lourdes-france.org\/de\/wp-json\/wp\/v2\/users\/2"}],"replies":[{"embeddable":true,"href":"https:\/\/www.lourdes-france.org\/de\/wp-json\/wp\/v2\/comments?post=356480"}],"version-history":[{"count":8,"href":"https:\/\/www.lourdes-france.org\/de\/wp-json\/wp\/v2\/pages\/356480\/revisions"}],"predecessor-version":[{"id":410891,"href":"https:\/\/www.lourdes-france.org\/de\/wp-json\/wp\/v2\/pages\/356480\/revisions\/410891"}],"wp:attachment":[{"href":"https:\/\/www.lourdes-france.org\/de\/wp-json\/wp\/v2\/media?parent=356480"}],"curies":[{"name":"wp","href":"https:\/\/api.w.org\/{rel}","templated":true}]}}