{"id":459436,"date":"2020-12-18T20:36:30","date_gmt":"2020-12-18T19:36:30","guid":{"rendered":"https:\/\/www.lourdes-france.org\/journees-de-lourdes-2021\/"},"modified":"2021-02-15T12:11:21","modified_gmt":"2021-02-15T11:11:21","slug":"journees-de-lourdes-2021","status":"publish","type":"page","link":"https:\/\/www.lourdes-france.org\/de\/journees-de-lourdes-2021\/","title":{"rendered":"Journ\u00e9es de Lourdes 2021"},"content":{"rendered":"\t\t<div data-elementor-type=\"wp-page\" data-elementor-id=\"459436\" class=\"elementor elementor-459436 elementor-413787\" data-elementor-post-type=\"page\">\n\t\t\t\t\t\t<section class=\"elementor-section elementor-top-section elementor-element elementor-element-7be0f32a elementor-section-boxed elementor-section-height-default elementor-section-height-default\" data-id=\"7be0f32a\" data-element_type=\"section\">\n\t\t\t\t\t\t<div class=\"elementor-container elementor-column-gap-default\">\n\t\t\t\t\t<div class=\"elementor-column elementor-col-100 elementor-top-column elementor-element elementor-element-4ae9cbaf\" data-id=\"4ae9cbaf\" data-element_type=\"column\">\n\t\t\t<div class=\"elementor-widget-wrap elementor-element-populated\">\n\t\t\t\t\t\t\t<\/div>\n\t\t<\/div>\n\t\t\t\t\t<\/div>\n\t\t<\/section>\n\t\t\t\t<section class=\"elementor-section elementor-top-section elementor-element elementor-element-66cd0cd elementor-section-stretched elementor-section-boxed elementor-section-height-default elementor-section-height-default\" data-id=\"66cd0cd\" data-element_type=\"section\" data-settings=\"{&quot;stretch_section&quot;:&quot;section-stretched&quot;,&quot;background_background&quot;:&quot;classic&quot;}\">\n\t\t\t\t\t\t<div class=\"elementor-container elementor-column-gap-wide\">\n\t\t\t\t\t<div class=\"elementor-column elementor-col-33 elementor-top-column elementor-element elementor-element-b24dd8b\" data-id=\"b24dd8b\" data-element_type=\"column\">\n\t\t\t<div class=\"elementor-widget-wrap\">\n\t\t\t\t\t\t\t<\/div>\n\t\t<\/div>\n\t\t\t\t<div class=\"elementor-column elementor-col-33 elementor-top-column elementor-element elementor-element-27eae60\" data-id=\"27eae60\" data-element_type=\"column\" data-settings=\"{&quot;background_background&quot;:&quot;classic&quot;}\">\n\t\t\t<div class=\"elementor-widget-wrap elementor-element-populated\">\n\t\t\t\t\t\t<div class=\"elementor-element elementor-element-d3ddf89 elementor-widget elementor-widget-heading\" data-id=\"d3ddf89\" data-element_type=\"widget\" data-widget_type=\"heading.default\">\n\t\t\t\t<div class=\"elementor-widget-container\">\n\t\t\t\t\t<h2 class=\"elementor-heading-title elementor-size-default\"><span style=\"color: #000000;font-size:50px\">REPLAY<\/span><\/h2>\t\t\t\t<\/div>\n\t\t\t\t<\/div>\n\t\t\t\t<div class=\"elementor-element elementor-element-a383476 elementor-widget elementor-widget-image\" data-id=\"a383476\" data-element_type=\"widget\" data-widget_type=\"image.default\">\n\t\t\t\t<div class=\"elementor-widget-container\">\n\t\t\t\t\t\t\t\t\t\t\t\t\t\t\t<img decoding=\"async\" width=\"228\" height=\"43\" src=\"https:\/\/www.lourdes-france.org\/wp-content\/uploads\/2020\/12\/JDL_Picto_zoom-youtube.png\" class=\"attachment-full size-full wp-image-428190\" alt=\"\" \/>\t\t\t\t\t\t\t\t\t\t\t\t\t\t\t<\/div>\n\t\t\t\t<\/div>\n\t\t\t\t<div class=\"elementor-element elementor-element-c523830 elementor-align-center elementor-widget elementor-widget-button\" data-id=\"c523830\" data-element_type=\"widget\" data-widget_type=\"button.default\">\n\t\t\t\t<div class=\"elementor-widget-container\">\n\t\t\t\t\t\t\t\t\t<div class=\"elementor-button-wrapper\">\n\t\t\t\t\t<a class=\"elementor-button elementor-button-link elementor-size-md\" href=\"https:\/\/www.lourdes-france.org\/de\/programme-journees-de-lourdes-2021\/\">\n\t\t\t\t\t\t<span class=\"elementor-button-content-wrapper\">\n\t\t\t\t\t\t\t\t\t<span class=\"elementor-button-text\">Vollst\u00e4ndiges Programm anzeigen<\/span>\n\t\t\t\t\t<\/span>\n\t\t\t\t\t<\/a>\n\t\t\t\t<\/div>\n\t\t\t\t\t\t\t\t<\/div>\n\t\t\t\t<\/div>\n\t\t\t\t\t<\/div>\n\t\t<\/div>\n\t\t\t\t<div class=\"elementor-column elementor-col-33 elementor-top-column elementor-element elementor-element-c05b2ce\" data-id=\"c05b2ce\" data-element_type=\"column\">\n\t\t\t<div class=\"elementor-widget-wrap\">\n\t\t\t\t\t\t\t<\/div>\n\t\t<\/div>\n\t\t\t\t\t<\/div>\n\t\t<\/section>\n\t\t\t\t<section class=\"elementor-section elementor-top-section elementor-element elementor-element-399be1a elementor-section-stretched elementor-section-boxed elementor-section-height-default elementor-section-height-default\" data-id=\"399be1a\" data-element_type=\"section\" data-settings=\"{&quot;stretch_section&quot;:&quot;section-stretched&quot;,&quot;background_background&quot;:&quot;classic&quot;}\">\n\t\t\t\t\t\t<div class=\"elementor-container elementor-column-gap-default\">\n\t\t\t\t\t<div class=\"elementor-column elementor-col-100 elementor-top-column elementor-element elementor-element-8862cf4\" data-id=\"8862cf4\" data-element_type=\"column\">\n\t\t\t<div class=\"elementor-widget-wrap elementor-element-populated\">\n\t\t\t\t\t\t<div class=\"elementor-element elementor-element-61580bc elementor-widget elementor-widget-image\" data-id=\"61580bc\" data-element_type=\"widget\" data-widget_type=\"image.default\">\n\t\t\t\t<div class=\"elementor-widget-container\">\n\t\t\t\t\t\t\t\t\t\t\t\t\t\t\t<img fetchpriority=\"high\" decoding=\"async\" width=\"600\" height=\"161\" src=\"https:\/\/www.lourdes-france.org\/wp-content\/uploads\/2021\/01\/JDL-Programme.png\" class=\"attachment-large size-large wp-image-439120\" alt=\"\" srcset=\"https:\/\/www.lourdes-france.org\/wp-content\/uploads\/2021\/01\/JDL-Programme.png 600w, https:\/\/www.lourdes-france.org\/wp-content\/uploads\/2021\/01\/JDL-Programme-300x81.png 300w, https:\/\/www.lourdes-france.org\/wp-content\/uploads\/2021\/01\/JDL-Programme-380x102.png 380w\" sizes=\"(max-width: 600px) 100vw, 600px\" \/>\t\t\t\t\t\t\t\t\t\t\t\t\t\t\t<\/div>\n\t\t\t\t<\/div>\n\t\t\t\t\t<\/div>\n\t\t<\/div>\n\t\t\t\t\t<\/div>\n\t\t<\/section>\n\t\t\t\t<section class=\"elementor-section elementor-top-section elementor-element elementor-element-a8c7c65 elementor-section-stretched elementor-section-boxed elementor-section-height-default elementor-section-height-default\" data-id=\"a8c7c65\" data-element_type=\"section\" data-settings=\"{&quot;stretch_section&quot;:&quot;section-stretched&quot;,&quot;background_background&quot;:&quot;classic&quot;}\">\n\t\t\t\t\t\t<div class=\"elementor-container elementor-column-gap-default\">\n\t\t\t\t\t<div class=\"elementor-column elementor-col-25 elementor-top-column elementor-element elementor-element-62c1dc9\" data-id=\"62c1dc9\" data-element_type=\"column\">\n\t\t\t<div class=\"elementor-widget-wrap elementor-element-populated\">\n\t\t\t\t\t\t<div class=\"elementor-element elementor-element-f7d9841 elementor-widget elementor-widget-text-editor\" data-id=\"f7d9841\" data-element_type=\"widget\" data-widget_type=\"text-editor.default\">\n\t\t\t\t<div class=\"elementor-widget-container\">\n\t\t\t\t\t\t\t\t\t<p><img decoding=\"async\" class=\"size-full wp-image-448576 aligncenter\" src=\"https:\/\/www.lourdes-france.org\/wp-content\/uploads\/2021\/01\/JDL_Picto_smartphone.jpg\" alt=\"\" width=\"201\" height=\"101\" \/><\/p>\n<h4 style=\"text-align: center;\">Verbindung via<br \/>\nSmartphone<\/h4>\n\t\t\t\t\t\t\t\t<\/div>\n\t\t\t\t<\/div>\n\t\t\t\t\t<\/div>\n\t\t<\/div>\n\t\t\t\t<div class=\"elementor-column elementor-col-25 elementor-top-column elementor-element elementor-element-e5cf645\" data-id=\"e5cf645\" data-element_type=\"column\">\n\t\t\t<div class=\"elementor-widget-wrap elementor-element-populated\">\n\t\t\t\t\t\t<div class=\"elementor-element elementor-element-a311079 elementor-widget elementor-widget-text-editor\" data-id=\"a311079\" data-element_type=\"widget\" data-widget_type=\"text-editor.default\">\n\t\t\t\t<div class=\"elementor-widget-container\">\n\t\t\t\t\t\t\t\t\t<p><img loading=\"lazy\" decoding=\"async\" class=\"size-full wp-image-448582 aligncenter\" src=\"https:\/\/www.lourdes-france.org\/wp-content\/uploads\/2021\/01\/JDL_Picto_casque.jpg\" alt=\"\" width=\"201\" height=\"101\" \/><\/p>\n<h4 style=\"text-align: center;\">Bringen Sie Ihren Kopfh\u00f6rer<br \/>\nf\u00fcr die \u00dcbersetzungen mit<\/h4>\n\t\t\t\t\t\t\t\t<\/div>\n\t\t\t\t<\/div>\n\t\t\t\t\t<\/div>\n\t\t<\/div>\n\t\t\t\t<div class=\"elementor-column elementor-col-25 elementor-top-column elementor-element elementor-element-e092f0c\" data-id=\"e092f0c\" data-element_type=\"column\">\n\t\t\t<div class=\"elementor-widget-wrap elementor-element-populated\">\n\t\t\t\t\t\t<div class=\"elementor-element elementor-element-691724d elementor-widget elementor-widget-text-editor\" data-id=\"691724d\" data-element_type=\"widget\" data-widget_type=\"text-editor.default\">\n\t\t\t\t<div class=\"elementor-widget-container\">\n\t\t\t\t\t\t\t\t\t<p><img loading=\"lazy\" decoding=\"async\" class=\"size-full wp-image-448588 aligncenter\" src=\"https:\/\/www.lourdes-france.org\/wp-content\/uploads\/2021\/01\/JDL_Picto_zoom.jpg\" alt=\"\" width=\"201\" height=\"101\" \/><\/p>\n<h4 style=\"text-align: center;\">Zoom-Technologie<br \/>\nw\u00e4hrend des gesamten Kongresses<\/h4>\n\t\t\t\t\t\t\t\t<\/div>\n\t\t\t\t<\/div>\n\t\t\t\t\t<\/div>\n\t\t<\/div>\n\t\t\t\t<div class=\"elementor-column elementor-col-25 elementor-top-column elementor-element elementor-element-d98999b\" data-id=\"d98999b\" data-element_type=\"column\">\n\t\t\t<div class=\"elementor-widget-wrap elementor-element-populated\">\n\t\t\t\t\t\t<div class=\"elementor-element elementor-element-ce86d60 elementor-widget elementor-widget-text-editor\" data-id=\"ce86d60\" data-element_type=\"widget\" data-widget_type=\"text-editor.default\">\n\t\t\t\t<div class=\"elementor-widget-container\">\n\t\t\t\t\t\t\t\t\t<p><img loading=\"lazy\" decoding=\"async\" class=\"size-full wp-image-448570 aligncenter\" src=\"https:\/\/www.lourdes-france.org\/wp-content\/uploads\/2021\/01\/JDL_Picto_47.jpg\" alt=\"\" width=\"201\" height=\"101\" \/><\/p>\n<h4 style=\"text-align: center;\">Die Wallfahrtsst\u00e4tte von Lourdes<br \/>\nist Covid-Safe zertifiziert<\/h4>\n\t\t\t\t\t\t\t\t<\/div>\n\t\t\t\t<\/div>\n\t\t\t\t\t<\/div>\n\t\t<\/div>\n\t\t\t\t\t<\/div>\n\t\t<\/section>\n\t\t\t\t<section class=\"elementor-section elementor-top-section elementor-element elementor-element-5c16f14 elementor-section-full_width elementor-section-stretched elementor-section-height-default elementor-section-height-default\" data-id=\"5c16f14\" data-element_type=\"section\" data-settings=\"{&quot;stretch_section&quot;:&quot;section-stretched&quot;,&quot;background_background&quot;:&quot;classic&quot;}\">\n\t\t\t\t\t\t<div class=\"elementor-container elementor-column-gap-default\">\n\t\t\t\t\t<div class=\"elementor-column elementor-col-100 elementor-top-column elementor-element elementor-element-06fa14f\" data-id=\"06fa14f\" data-element_type=\"column\">\n\t\t\t<div class=\"elementor-widget-wrap elementor-element-populated\">\n\t\t\t\t\t\t<div class=\"elementor-element elementor-element-4cb6e82 elementor-widget__width-inherit elementor-widget elementor-widget-image\" data-id=\"4cb6e82\" data-element_type=\"widget\" data-widget_type=\"image.default\">\n\t\t\t\t<div class=\"elementor-widget-container\">\n\t\t\t\t\t\t\t\t\t\t\t\t\t\t\t<img loading=\"lazy\" decoding=\"async\" width=\"2000\" height=\"1142\" src=\"https:\/\/www.lourdes-france.org\/wp-content\/uploads\/2020\/12\/JDL_Vignette_header_programme.jpg\" class=\"attachment-full size-full wp-image-432407\" alt=\"\" srcset=\"https:\/\/www.lourdes-france.org\/wp-content\/uploads\/2020\/12\/JDL_Vignette_header_programme.jpg 2000w, https:\/\/www.lourdes-france.org\/wp-content\/uploads\/2020\/12\/JDL_Vignette_header_programme-300x171.jpg 300w, https:\/\/www.lourdes-france.org\/wp-content\/uploads\/2020\/12\/JDL_Vignette_header_programme-1024x585.jpg 1024w, https:\/\/www.lourdes-france.org\/wp-content\/uploads\/2020\/12\/JDL_Vignette_header_programme-768x439.jpg 768w, https:\/\/www.lourdes-france.org\/wp-content\/uploads\/2020\/12\/JDL_Vignette_header_programme-1536x877.jpg 1536w, https:\/\/www.lourdes-france.org\/wp-content\/uploads\/2020\/12\/JDL_Vignette_header_programme-380x217.jpg 380w\" sizes=\"(max-width: 2000px) 100vw, 2000px\" \/>\t\t\t\t\t\t\t\t\t\t\t\t\t\t\t<\/div>\n\t\t\t\t<\/div>\n\t\t\t\t\t<\/div>\n\t\t<\/div>\n\t\t\t\t\t<\/div>\n\t\t<\/section>\n\t\t\t\t<\/div>\n\t\t","protected":false},"excerpt":{"rendered":"<p>REPLAY Vollst\u00e4ndiges Programm anzeigen Verbindung via Smartphone Bringen Sie Ihren Kopfh\u00f6rer f\u00fcr die \u00dcbersetzungen mit Zoom-Technologie w\u00e4hrend des gesamten Kongresses Die Wallfahrtsst\u00e4tte von Lourdes ist Covid-Safe zertifiziert<\/p>\n","protected":false},"author":2,"featured_media":0,"parent":0,"menu_order":0,"comment_status":"closed","ping_status":"closed","template":"modele-jdl-hp.php","meta":{"_acf_changed":false,"footnotes":""},"class_list":["post-459436","page","type-page","status-publish","hentry"],"acf":[],"yoast_head":"<!-- This site is optimized with the Yoast SEO plugin v24.7 - https:\/\/yoast.com\/wordpress\/plugins\/seo\/ -->\n<title>Journ\u00e9es de Lourdes 2021<\/title>\n<meta name=\"robots\" content=\"index, follow, max-snippet:-1, max-image-preview:large, max-video-preview:-1\" \/>\n<link rel=\"canonical\" href=\"https:\/\/www.lourdes-france.org\/de\/journees-de-lourdes-2021\/\" \/>\n<script type=\"application\/ld+json\" class=\"yoast-schema-graph\">{\"@context\":\"https:\/\/schema.org\",\"@graph\":[{\"@type\":\"WebPage\",\"@id\":\"https:\/\/www.lourdes-france.org\/de\/journees-de-lourdes-2021\/\",\"url\":\"https:\/\/www.lourdes-france.org\/de\/journees-de-lourdes-2021\/\",\"name\":\"Journ\u00e9es de Lourdes 2021\",\"isPartOf\":{\"@id\":\"https:\/\/preprod-lourdes.cawita.com\/#website\"},\"primaryImageOfPage\":{\"@id\":\"https:\/\/www.lourdes-france.org\/de\/journees-de-lourdes-2021\/#primaryimage\"},\"image\":{\"@id\":\"https:\/\/www.lourdes-france.org\/de\/journees-de-lourdes-2021\/#primaryimage\"},\"thumbnailUrl\":\"https:\/\/www.lourdes-france.org\/wp-content\/uploads\/2020\/12\/JDL_Picto_zoom-youtube.png\",\"datePublished\":\"2020-12-18T19:36:30+00:00\",\"dateModified\":\"2021-02-15T11:11:21+00:00\",\"breadcrumb\":{\"@id\":\"https:\/\/www.lourdes-france.org\/de\/journees-de-lourdes-2021\/#breadcrumb\"},\"inLanguage\":\"de\",\"potentialAction\":[{\"@type\":\"ReadAction\",\"target\":[\"https:\/\/www.lourdes-france.org\/de\/journees-de-lourdes-2021\/\"]}]},{\"@type\":\"ImageObject\",\"inLanguage\":\"de\",\"@id\":\"https:\/\/www.lourdes-france.org\/de\/journees-de-lourdes-2021\/#primaryimage\",\"url\":\"https:\/\/www.lourdes-france.org\/wp-content\/uploads\/2020\/12\/JDL_Picto_zoom-youtube.png\",\"contentUrl\":\"https:\/\/www.lourdes-france.org\/wp-content\/uploads\/2020\/12\/JDL_Picto_zoom-youtube.png\"},{\"@type\":\"BreadcrumbList\",\"@id\":\"https:\/\/www.lourdes-france.org\/de\/journees-de-lourdes-2021\/#breadcrumb\",\"itemListElement\":[{\"@type\":\"ListItem\",\"position\":1,\"name\":\"Accueil\",\"item\":\"https:\/\/www.lourdes-france.org\/\"},{\"@type\":\"ListItem\",\"position\":2,\"name\":\"Journ\u00e9es de Lourdes 2021\"}]},{\"@type\":\"WebSite\",\"@id\":\"https:\/\/preprod-lourdes.cawita.com\/#website\",\"url\":\"https:\/\/preprod-lourdes.cawita.com\/\",\"name\":\"Soutenir le Sanctuaire Notre-Dame de Lourdes\",\"description\":\"\",\"potentialAction\":[{\"@type\":\"SearchAction\",\"target\":{\"@type\":\"EntryPoint\",\"urlTemplate\":\"https:\/\/preprod-lourdes.cawita.com\/?s={search_term_string}\"},\"query-input\":{\"@type\":\"PropertyValueSpecification\",\"valueRequired\":true,\"valueName\":\"search_term_string\"}}],\"inLanguage\":\"de\"}]}<\/script>\n<!-- \/ Yoast SEO plugin. -->","yoast_head_json":{"title":"Journ\u00e9es de Lourdes 2021","robots":{"index":"index","follow":"follow","max-snippet":"max-snippet:-1","max-image-preview":"max-image-preview:large","max-video-preview":"max-video-preview:-1"},"canonical":"https:\/\/www.lourdes-france.org\/de\/journees-de-lourdes-2021\/","schema":{"@context":"https:\/\/schema.org","@graph":[{"@type":"WebPage","@id":"https:\/\/www.lourdes-france.org\/de\/journees-de-lourdes-2021\/","url":"https:\/\/www.lourdes-france.org\/de\/journees-de-lourdes-2021\/","name":"Journ\u00e9es de Lourdes 2021","isPartOf":{"@id":"https:\/\/preprod-lourdes.cawita.com\/#website"},"primaryImageOfPage":{"@id":"https:\/\/www.lourdes-france.org\/de\/journees-de-lourdes-2021\/#primaryimage"},"image":{"@id":"https:\/\/www.lourdes-france.org\/de\/journees-de-lourdes-2021\/#primaryimage"},"thumbnailUrl":"https:\/\/www.lourdes-france.org\/wp-content\/uploads\/2020\/12\/JDL_Picto_zoom-youtube.png","datePublished":"2020-12-18T19:36:30+00:00","dateModified":"2021-02-15T11:11:21+00:00","breadcrumb":{"@id":"https:\/\/www.lourdes-france.org\/de\/journees-de-lourdes-2021\/#breadcrumb"},"inLanguage":"de","potentialAction":[{"@type":"ReadAction","target":["https:\/\/www.lourdes-france.org\/de\/journees-de-lourdes-2021\/"]}]},{"@type":"ImageObject","inLanguage":"de","@id":"https:\/\/www.lourdes-france.org\/de\/journees-de-lourdes-2021\/#primaryimage","url":"https:\/\/www.lourdes-france.org\/wp-content\/uploads\/2020\/12\/JDL_Picto_zoom-youtube.png","contentUrl":"https:\/\/www.lourdes-france.org\/wp-content\/uploads\/2020\/12\/JDL_Picto_zoom-youtube.png"},{"@type":"BreadcrumbList","@id":"https:\/\/www.lourdes-france.org\/de\/journees-de-lourdes-2021\/#breadcrumb","itemListElement":[{"@type":"ListItem","position":1,"name":"Accueil","item":"https:\/\/www.lourdes-france.org\/"},{"@type":"ListItem","position":2,"name":"Journ\u00e9es de Lourdes 2021"}]},{"@type":"WebSite","@id":"https:\/\/preprod-lourdes.cawita.com\/#website","url":"https:\/\/preprod-lourdes.cawita.com\/","name":"Soutenir le Sanctuaire Notre-Dame de Lourdes","description":"","potentialAction":[{"@type":"SearchAction","target":{"@type":"EntryPoint","urlTemplate":"https:\/\/preprod-lourdes.cawita.com\/?s={search_term_string}"},"query-input":{"@type":"PropertyValueSpecification","valueRequired":true,"valueName":"search_term_string"}}],"inLanguage":"de"}]}},"_links":{"self":[{"href":"https:\/\/www.lourdes-france.org\/de\/wp-json\/wp\/v2\/pages\/459436","targetHints":{"allow":["GET"]}}],"collection":[{"href":"https:\/\/www.lourdes-france.org\/de\/wp-json\/wp\/v2\/pages"}],"about":[{"href":"https:\/\/www.lourdes-france.org\/de\/wp-json\/wp\/v2\/types\/page"}],"author":[{"embeddable":true,"href":"https:\/\/www.lourdes-france.org\/de\/wp-json\/wp\/v2\/users\/2"}],"replies":[{"embeddable":true,"href":"https:\/\/www.lourdes-france.org\/de\/wp-json\/wp\/v2\/comments?post=459436"}],"version-history":[{"count":11,"href":"https:\/\/www.lourdes-france.org\/de\/wp-json\/wp\/v2\/pages\/459436\/revisions"}],"predecessor-version":[{"id":499129,"href":"https:\/\/www.lourdes-france.org\/de\/wp-json\/wp\/v2\/pages\/459436\/revisions\/499129"}],"wp:attachment":[{"href":"https:\/\/www.lourdes-france.org\/de\/wp-json\/wp\/v2\/media?parent=459436"}],"curies":[{"name":"wp","href":"https:\/\/api.w.org\/{rel}","templated":true}]}}