{"id":648111,"date":"2021-05-27T00:00:15","date_gmt":"2021-05-26T22:00:15","guid":{"rendered":"https:\/\/www.lourdes-france.org\/horaires-ecrans-vendredi\/"},"modified":"2022-10-21T09:50:40","modified_gmt":"2022-10-21T07:50:40","slug":"horaires-ecrans-vendredi","status":"publish","type":"page","link":"https:\/\/www.lourdes-france.org\/de\/horaires-ecrans-vendredi\/","title":{"rendered":"Horaires \u00e9crans &#8211; Vendredi"},"content":{"rendered":"\t\t<div data-elementor-type=\"wp-page\" data-elementor-id=\"648111\" class=\"elementor elementor-648111 elementor-646532\" data-elementor-post-type=\"page\">\n\t\t\t\t\t\t<section class=\"elementor-section elementor-inner-section elementor-element elementor-element-260c02f8 elementor-section-height-min-height elementor-section-boxed elementor-section-height-default\" data-id=\"260c02f8\" data-element_type=\"section\">\n\t\t\t\t\t\t<div class=\"elementor-container elementor-column-gap-default\">\n\t\t\t\t\t<div class=\"elementor-column elementor-col-33 elementor-inner-column elementor-element elementor-element-5de42e0 special-ecran-signaletique ecran-signaletique-col-1\" data-id=\"5de42e0\" data-element_type=\"column\">\n\t\t\t<div class=\"elementor-widget-wrap elementor-element-populated\">\n\t\t\t\t\t\t<div class=\"elementor-element elementor-element-724e0a9 ecran-signaletique-drapeau actif elementor-widget elementor-widget-image\" data-id=\"724e0a9\" data-element_type=\"widget\" data-widget_type=\"image.default\">\n\t\t\t\t<div class=\"elementor-widget-container\">\n\t\t\t\t\t\t\t\t\t\t\t\t\t\t\t<img decoding=\"async\" src=\"https:\/\/www.lourdes-france.org\/wp-content\/uploads\/elementor\/thumbs\/Drapeau-France-p0ydy49dql35yl0d2wcnrntuwoahchoo37t23rynhw.png\" title=\"Drapeau-France\" alt=\"Drapeau-France\" loading=\"lazy\" \/>\t\t\t\t\t\t\t\t\t\t\t\t\t\t\t<\/div>\n\t\t\t\t<\/div>\n\t\t\t\t<div class=\"elementor-element elementor-element-1a6956d ecran-signaletique-drapeau elementor-widget elementor-widget-image\" data-id=\"1a6956d\" data-element_type=\"widget\" data-widget_type=\"image.default\">\n\t\t\t\t<div class=\"elementor-widget-container\">\n\t\t\t\t\t\t\t\t\t\t\t\t\t\t\t<img decoding=\"async\" src=\"https:\/\/www.lourdes-france.org\/wp-content\/uploads\/elementor\/thumbs\/Drapeau-Italie-p0ydy577mgfcdoxkbojht4vq8q3xw8zgyeb91paybe.png\" title=\"Drapeau-Italie\" alt=\"Drapeau-Italie\" loading=\"lazy\" \/>\t\t\t\t\t\t\t\t\t\t\t\t\t\t\t<\/div>\n\t\t\t\t<\/div>\n\t\t\t\t<div class=\"elementor-element elementor-element-f0d5c56 ecran-signaletique-drapeau elementor-widget elementor-widget-image\" data-id=\"f0d5c56\" data-element_type=\"widget\" data-widget_type=\"image.default\">\n\t\t\t\t<div class=\"elementor-widget-container\">\n\t\t\t\t\t\t\t\t\t\t\t\t\t\t\t<img decoding=\"async\" src=\"https:\/\/www.lourdes-france.org\/wp-content\/uploads\/elementor\/thumbs\/Drapeau-Royaume-unis-p0ydy72w04hx0wuu0pcqy4enfhuobn6xmnm80985yy.png\" title=\"Drapeau-Royaume-unis\" alt=\"Drapeau-Royaume-unis\" loading=\"lazy\" \/>\t\t\t\t\t\t\t\t\t\t\t\t\t\t\t<\/div>\n\t\t\t\t<\/div>\n\t\t\t\t<div class=\"elementor-element elementor-element-4a054d7 ecran-signaletique-drapeau elementor-widget elementor-widget-image\" data-id=\"4a054d7\" data-element_type=\"widget\" data-widget_type=\"image.default\">\n\t\t\t\t<div class=\"elementor-widget-container\">\n\t\t\t\t\t\t\t\t\t\t\t\t\t\t\t<img decoding=\"async\" src=\"https:\/\/www.lourdes-france.org\/wp-content\/uploads\/elementor\/thumbs\/Drapeau-Espagne-p0ydy3bj8scrqh0amnq8o5ct1yd7gus0a50a35dqnu.png\" title=\"Drapeau-Espagne\" alt=\"Drapeau-Espagne\" loading=\"lazy\" \/>\t\t\t\t\t\t\t\t\t\t\t\t\t\t\t<\/div>\n\t\t\t\t<\/div>\n\t\t\t\t<div class=\"elementor-element elementor-element-044b3cc ecran-signaletique-drapeau elementor-widget elementor-widget-image\" data-id=\"044b3cc\" data-element_type=\"widget\" data-widget_type=\"image.default\">\n\t\t\t\t<div class=\"elementor-widget-container\">\n\t\t\t\t\t\t\t\t\t\t\t\t\t\t\t<img decoding=\"async\" src=\"https:\/\/www.lourdes-france.org\/wp-content\/uploads\/elementor\/thumbs\/Drapeau-Allemagne-p0ydy2dp1ybhev1ns5bm3nlcgkhu95o9y0cslvf4u2.png\" title=\"Drapeau-Allemagne\" alt=\"Drapeau-Allemagne\" loading=\"lazy\" \/>\t\t\t\t\t\t\t\t\t\t\t\t\t\t\t<\/div>\n\t\t\t\t<\/div>\n\t\t\t\t<div class=\"elementor-element elementor-element-137419b ecran-signaletique-drapeau elementor-widget elementor-widget-image\" data-id=\"137419b\" data-element_type=\"widget\" data-widget_type=\"image.default\">\n\t\t\t\t<div class=\"elementor-widget-container\">\n\t\t\t\t\t\t\t\t\t\t\t\t\t\t\t<img decoding=\"async\" src=\"https:\/\/www.lourdes-france.org\/wp-content\/uploads\/elementor\/thumbs\/Drapeau-Pays-bas-p0ydy651tagmpaw766y4dmn6u3zb3y37aiyqiz9k56.png\" title=\"Drapeau-Pays-bas\" alt=\"Drapeau-Pays-bas\" loading=\"lazy\" \/>\t\t\t\t\t\t\t\t\t\t\t\t\t\t\t<\/div>\n\t\t\t\t<\/div>\n\t\t\t\t<div class=\"elementor-element elementor-element-17e97e0 ecran-signaletique-drapeau elementor-widget elementor-widget-image\" data-id=\"17e97e0\" data-element_type=\"widget\" data-widget_type=\"image.default\">\n\t\t\t\t<div class=\"elementor-widget-container\">\n\t\t\t\t\t\t\t\t\t\t\t\t\t\t\t<img decoding=\"async\" src=\"https:\/\/www.lourdes-france.org\/wp-content\/uploads\/elementor\/thumbs\/Drapeau-Polonais-p9pxi8zylu2s5msvz0rgcijgcknyrqqjjsiop3sw8q.png\" title=\"Drapeau-Polonais\" alt=\"Drapeau-Polonais\" loading=\"lazy\" \/>\t\t\t\t\t\t\t\t\t\t\t\t\t\t\t<\/div>\n\t\t\t\t<\/div>\n\t\t\t\t\t<\/div>\n\t\t<\/div>\n\t\t\t\t<div class=\"elementor-column elementor-col-33 elementor-inner-column elementor-element elementor-element-3a077091 ecran-signaletique-col-2\" data-id=\"3a077091\" data-element_type=\"column\">\n\t\t\t<div class=\"elementor-widget-wrap elementor-element-populated\">\n\t\t\t\t\t\t<div class=\"elementor-element elementor-element-54cbb7e6 ecran-signaletique-titre elementor-widget elementor-widget-heading\" data-id=\"54cbb7e6\" data-element_type=\"widget\" data-widget_type=\"heading.default\">\n\t\t\t\t<div class=\"elementor-widget-container\">\n\t\t\t\t\t<h1 class=\"elementor-heading-title elementor-size-default\">Horaires de messe<\/h1>\t\t\t\t<\/div>\n\t\t\t\t<\/div>\n\t\t\t\t<div class=\"elementor-element elementor-element-fb208c2 ecran-signaletique-horaires elementor-widget elementor-widget-text-editor\" data-id=\"fb208c2\" data-element_type=\"widget\" data-widget_type=\"text-editor.default\">\n\t\t\t\t<div class=\"elementor-widget-container\">\n\t\t\t\t\t\t\t\t\t<p><strong>07h00<\/strong> &#8211; Crypte<br \/><strong>08h00<\/strong> &#8211; Chapelle de l&#8217;Adoration<br \/><strong>10h00<\/strong> &#8211; Grotte<br \/><strong>11h15<\/strong> &#8211; Basilique ND du Rosaire<br \/><strong>16h15<\/strong> &#8211; Basilique Immacul\u00e9e Conception<br \/><strong>18h30<\/strong> &#8211; Hospitalet <em>(forme extraordinaire)<\/em><br \/><strong>22h30<\/strong> &#8211; Grotte<\/p>\t\t\t\t\t\t\t\t<\/div>\n\t\t\t\t<\/div>\n\t\t\t\t<div class=\"elementor-element elementor-element-b2c3f29 elementor-widget elementor-widget-spacer\" data-id=\"b2c3f29\" data-element_type=\"widget\" data-widget_type=\"spacer.default\">\n\t\t\t\t<div class=\"elementor-widget-container\">\n\t\t\t\t\t\t\t<div class=\"elementor-spacer\">\n\t\t\t<div class=\"elementor-spacer-inner\"><\/div>\n\t\t<\/div>\n\t\t\t\t\t\t<\/div>\n\t\t\t\t<\/div>\n\t\t\t\t<div class=\"elementor-element elementor-element-60a6479b ecran-signaletique-titre elementor-widget elementor-widget-heading\" data-id=\"60a6479b\" data-element_type=\"widget\" data-widget_type=\"heading.default\">\n\t\t\t\t<div class=\"elementor-widget-container\">\n\t\t\t\t\t<h1 class=\"elementor-heading-title elementor-size-default\">Autres c\u00e9l\u00e9brations<\/h1>\t\t\t\t<\/div>\n\t\t\t\t<\/div>\n\t\t\t\t<div class=\"elementor-element elementor-element-3e2c28c elementor-widget elementor-widget-text-editor\" data-id=\"3e2c28c\" data-element_type=\"widget\" data-widget_type=\"text-editor.default\">\n\t\t\t\t<div class=\"elementor-widget-container\">\n\t\t\t\t\t\t\t\t\t<ul><li>Chapelet \u00e0 la Grotte \u00a0 \u00a0 \u00a0 \u00a0 \u00a0 \u00a0 \u00a0 \u00a0 \u00a0 \u00a0 \u00a0 \u00a0 \u00a0 \u00a0 \u00a0 \u00a0 \u00a0 \u00a0 \u00a0 \u00a0\u00a0\u00a0 <b>15h30<\/b><\/li><li>Adoration &#8211; Chapelle de l&#8217;Adoration\u00a0\u00a0 <b>09h00-17h00<\/b><\/li><li>Confessions \u00a0 \u00a0 \u00a0 \u00a0 \u00a0 \u00a0<b>\u00a0\u00a0\u00a0\u00a0\u00a0\u00a0\u00a0\u00a0\u00a0\u00a0\u00a0\u00a0\u00a0\u00a0\u00a0\u00a0\u00a0\u00a0\u00a0\u00a0\u00a0\u00a0 09h00-12h00 &amp; 14h30-18h00<\/b><\/li><li>Chemin de Croix \u00a0 \u00a0 \u00a0 \u00a0 \u00a0 \u00a0 \u00a0 \u00a0 \u00a0 \u00a0 \u00a0 \u00a0 \u00a0 \u00a0 \u00a0 \u00a0 \u00a0 \u00a0 \u00a0 \u00a0 \u00a0 \u00a0 \u00a0\u00a0\u00a0 <b>09h30<\/b><\/li><li>Adoration &amp; b\u00e9n\u00e9diction, <span style=\"color: #ff0000\"><em>Basilique du Rosaire<\/em> <\/span>\u00a0\u00a0\u00a0\u00a0\u00a0\u00a0\u00a0\u00a0\u00a0\u00a0\u00a0\u00a0\u00a0\u00a0\u00a0\u00a0\u00a0\u00a0\u00a0\u00a0\u00a0\u00a0 <strong><br \/>17h00<\/strong><\/li><li>Procession aux flambeaux \u00a0 \u00a0 \u00a0 \u00a0 \u00a0 \u00a0 \u00a0 \u00a0 \u00a0 \u00a0 \u00a0 \u00a0 \u00a0 \u00a0 \u00a0<b>\u00a0 21h00<\/b>\u00a0<\/li><\/ul>\t\t\t\t\t\t\t\t<\/div>\n\t\t\t\t<\/div>\n\t\t\t\t<div class=\"elementor-element elementor-element-a204b27 elementor-widget elementor-widget-spacer\" data-id=\"a204b27\" data-element_type=\"widget\" data-widget_type=\"spacer.default\">\n\t\t\t\t<div class=\"elementor-widget-container\">\n\t\t\t\t\t\t\t<div class=\"elementor-spacer\">\n\t\t\t<div class=\"elementor-spacer-inner\"><\/div>\n\t\t<\/div>\n\t\t\t\t\t\t<\/div>\n\t\t\t\t<\/div>\n\t\t\t\t<div class=\"elementor-element elementor-element-a43f807 ecran-signaletique-titre elementor-widget elementor-widget-heading\" data-id=\"a43f807\" data-element_type=\"widget\" data-widget_type=\"heading.default\">\n\t\t\t\t<div class=\"elementor-widget-container\">\n\t\t\t\t\t<h1 class=\"elementor-heading-title elementor-size-default\">Geste de l\u2019eau<\/h1>\t\t\t\t<\/div>\n\t\t\t\t<\/div>\n\t\t\t\t<div class=\"elementor-element elementor-element-161b453 elementor-widget elementor-widget-text-editor\" data-id=\"161b453\" data-element_type=\"widget\" data-widget_type=\"text-editor.default\">\n\t\t\t\t<div class=\"elementor-widget-container\">\n\t\t\t\t\t\t\t\t\t<p>Aux Piscines &nbsp; &nbsp; &nbsp; &nbsp; &nbsp; &nbsp; &nbsp;<b>09h00-11h30 &amp; 14h00-16h30<\/b><span style=\"font-size: 1.25em\">&nbsp;<\/span><\/p>\t\t\t\t\t\t\t\t<\/div>\n\t\t\t\t<\/div>\n\t\t\t\t\t<\/div>\n\t\t<\/div>\n\t\t\t\t<div class=\"elementor-column elementor-col-33 elementor-inner-column elementor-element elementor-element-7a710cee special-ecran-signaletique ecran-signaletique-col-3\" data-id=\"7a710cee\" data-element_type=\"column\" data-settings=\"{&quot;background_background&quot;:&quot;classic&quot;}\">\n\t\t\t<div class=\"elementor-widget-wrap elementor-element-populated\">\n\t\t\t\t\t\t<div class=\"elementor-element elementor-element-8c4367f ecran-signaletique-titre elementor-widget elementor-widget-heading\" data-id=\"8c4367f\" data-element_type=\"widget\" data-widget_type=\"heading.default\">\n\t\t\t\t<div class=\"elementor-widget-container\">\n\t\t\t\t\t<h1 class=\"elementor-heading-title elementor-size-default\">Aujourd'hui<div>au Centre d'Informations<\/div><\/h1>\t\t\t\t<\/div>\n\t\t\t\t<\/div>\n\t\t\t\t<div class=\"elementor-element elementor-element-79fb5e0 ecran-signaletique-horaires elementor-widget elementor-widget-text-editor\" data-id=\"79fb5e0\" data-element_type=\"widget\" data-widget_type=\"text-editor.default\">\n\t\t\t\t<div class=\"elementor-widget-container\">\n\t\t\t\t\t\t\t\t\t<p><strong>11h00 <\/strong>&#8211; Conf\u00e9rence sur le Message de Lourdes<strong><br \/>14h00<\/strong> &#8211;\u00a0 Visite &#8222;Sur les Pas de Bernadette&#8220;<br \/><strong>16h15<\/strong> &#8211; Conf\u00e9rence sur le Th\u00e8me d&#8217;ann\u00e9e<\/p>\t\t\t\t\t\t\t\t<\/div>\n\t\t\t\t<\/div>\n\t\t\t\t<div class=\"elementor-element elementor-element-1700cb8 elementor-widget elementor-widget-spacer\" data-id=\"1700cb8\" data-element_type=\"widget\" data-widget_type=\"spacer.default\">\n\t\t\t\t<div class=\"elementor-widget-container\">\n\t\t\t\t\t\t\t<div class=\"elementor-spacer\">\n\t\t\t<div class=\"elementor-spacer-inner\"><\/div>\n\t\t<\/div>\n\t\t\t\t\t\t<\/div>\n\t\t\t\t<\/div>\n\t\t\t\t<div class=\"elementor-element elementor-element-57cf3d7 ecran-signaletique-slider elementor-widget elementor-widget-image-carousel\" data-id=\"57cf3d7\" data-element_type=\"widget\" data-settings=\"{&quot;slides_to_show&quot;:&quot;1&quot;,&quot;navigation&quot;:&quot;none&quot;,&quot;effect&quot;:&quot;fade&quot;,&quot;autoplay&quot;:&quot;yes&quot;,&quot;pause_on_hover&quot;:&quot;yes&quot;,&quot;pause_on_interaction&quot;:&quot;yes&quot;,&quot;autoplay_speed&quot;:5000,&quot;infinite&quot;:&quot;yes&quot;,&quot;speed&quot;:500}\" data-widget_type=\"image-carousel.default\">\n\t\t\t\t<div class=\"elementor-widget-container\">\n\t\t\t\t\t\t\t<div class=\"elementor-image-carousel-wrapper swiper\" role=\"region\" aria-roledescription=\"carousel\" aria-label=\"Bild Karussell\" dir=\"ltr\">\n\t\t\t<div class=\"elementor-image-carousel swiper-wrapper\" aria-live=\"off\">\n\t\t\t\t\t\t\t\t<div class=\"swiper-slide\" role=\"group\" aria-roledescription=\"slide\" aria-label=\"1 von 3\"><figure class=\"swiper-slide-inner\"><img decoding=\"async\" class=\"swiper-slide-image\" src=\"https:\/\/www.lourdes-france.org\/wp-content\/uploads\/elementor\/thumbs\/gestedeleau-2-p61bwd3aihblb3egweg58g5tvsynpnd5mz8n50hns0.jpg\" alt=\"Oc\u00e9ane, stagiaire. Droits OK\" \/><\/figure><\/div><div class=\"swiper-slide\" role=\"group\" aria-roledescription=\"slide\" aria-label=\"2 von 3\"><figure class=\"swiper-slide-inner\"><img decoding=\"async\" class=\"swiper-slide-image\" src=\"https:\/\/www.lourdes-france.org\/wp-content\/uploads\/elementor\/thumbs\/cierge-notre-dame-paris-380-p61bybl6r203huk2gqx5xgdefpb6qy50wo624rl4tc.jpg\" alt=\"cierge-notre-dame-paris-380\" \/><\/figure><\/div><div class=\"swiper-slide\" role=\"group\" aria-roledescription=\"slide\" aria-label=\"3 von 3\"><figure class=\"swiper-slide-inner\"><img decoding=\"async\" class=\"swiper-slide-image\" src=\"https:\/\/www.lourdes-france.org\/wp-content\/uploads\/elementor\/thumbs\/main_chapelet_rocher_grotte-p8r4jjl2bn6in1uzqu6im8yib3yj0f07vh75m543a8.jpg\" alt=\"main_chapelet_rocher_grotte\" \/><\/figure><\/div>\t\t\t<\/div>\n\t\t\t\t\t\t\t\n\t\t\t\t\t\t\t\t\t<\/div>\n\t\t\t\t\t\t<\/div>\n\t\t\t\t<\/div>\n\t\t\t\t\t<\/div>\n\t\t<\/div>\n\t\t\t\t\t<\/div>\n\t\t<\/section>\n\t\t\t\t<\/div>\n\t\t","protected":false},"excerpt":{"rendered":"<p>Horaires de messe 07h00 &#8211; Crypte08h00 &#8211; Chapelle de l&#8217;Adoration10h00 &#8211; Grotte11h15 &#8211; Basilique ND du Rosaire16h15 &#8211; Basilique Immacul\u00e9e Conception18h30 &#8211; Hospitalet (forme extraordinaire)22h30 &#8211; Grotte Autres c\u00e9l\u00e9brations Chapelet \u00e0 la Grotte \u00a0 \u00a0 \u00a0 \u00a0 \u00a0 \u00a0 \u00a0 &hellip; <a href=\"https:\/\/www.lourdes-france.org\/de\/horaires-ecrans-vendredi\/\">Weiter<\/a><\/p>\n","protected":false},"author":22,"featured_media":0,"parent":0,"menu_order":0,"comment_status":"closed","ping_status":"closed","template":"","meta":{"_acf_changed":false,"footnotes":""},"class_list":["post-648111","page","type-page","status-publish","hentry"],"acf":[],"yoast_head":"<!-- This site is optimized with the Yoast SEO plugin v24.7 - https:\/\/yoast.com\/wordpress\/plugins\/seo\/ -->\n<title>Horaires \u00e9crans - Vendredi<\/title>\n<meta name=\"robots\" content=\"index, follow, max-snippet:-1, max-image-preview:large, max-video-preview:-1\" \/>\n<link rel=\"canonical\" href=\"https:\/\/www.lourdes-france.org\/de\/horaires-ecrans-vendredi\/\" \/>\n<meta name=\"twitter:label1\" content=\"Gesch\u00e4tzte Lesezeit\" \/>\n\t<meta name=\"twitter:data1\" content=\"4\u00a0Minuten\" \/>\n<script type=\"application\/ld+json\" class=\"yoast-schema-graph\">{\"@context\":\"https:\/\/schema.org\",\"@graph\":[{\"@type\":\"WebPage\",\"@id\":\"https:\/\/www.lourdes-france.org\/de\/horaires-ecrans-vendredi\/\",\"url\":\"https:\/\/www.lourdes-france.org\/de\/horaires-ecrans-vendredi\/\",\"name\":\"Horaires \u00e9crans - Vendredi\",\"isPartOf\":{\"@id\":\"https:\/\/preprod-lourdes.cawita.com\/#website\"},\"primaryImageOfPage\":{\"@id\":\"https:\/\/www.lourdes-france.org\/de\/horaires-ecrans-vendredi\/#primaryimage\"},\"image\":{\"@id\":\"https:\/\/www.lourdes-france.org\/de\/horaires-ecrans-vendredi\/#primaryimage\"},\"thumbnailUrl\":\"https:\/\/www.lourdes-france.org\/wp-content\/uploads\/elementor\/thumbs\/Drapeau-France-p0ydy49dql35yl0d2wcnrntuwoahchoo37t23rynhw.png\",\"datePublished\":\"2021-05-26T22:00:15+00:00\",\"dateModified\":\"2022-10-21T07:50:40+00:00\",\"breadcrumb\":{\"@id\":\"https:\/\/www.lourdes-france.org\/de\/horaires-ecrans-vendredi\/#breadcrumb\"},\"inLanguage\":\"de\",\"potentialAction\":[{\"@type\":\"ReadAction\",\"target\":[\"https:\/\/www.lourdes-france.org\/de\/horaires-ecrans-vendredi\/\"]}]},{\"@type\":\"ImageObject\",\"inLanguage\":\"de\",\"@id\":\"https:\/\/www.lourdes-france.org\/de\/horaires-ecrans-vendredi\/#primaryimage\",\"url\":\"https:\/\/www.lourdes-france.org\/wp-content\/uploads\/elementor\/thumbs\/Drapeau-France-p0ydy49dql35yl0d2wcnrntuwoahchoo37t23rynhw.png\",\"contentUrl\":\"https:\/\/www.lourdes-france.org\/wp-content\/uploads\/elementor\/thumbs\/Drapeau-France-p0ydy49dql35yl0d2wcnrntuwoahchoo37t23rynhw.png\"},{\"@type\":\"BreadcrumbList\",\"@id\":\"https:\/\/www.lourdes-france.org\/de\/horaires-ecrans-vendredi\/#breadcrumb\",\"itemListElement\":[{\"@type\":\"ListItem\",\"position\":1,\"name\":\"Accueil\",\"item\":\"https:\/\/www.lourdes-france.org\/\"},{\"@type\":\"ListItem\",\"position\":2,\"name\":\"Horaires \u00e9crans &#8211; Vendredi\"}]},{\"@type\":\"WebSite\",\"@id\":\"https:\/\/preprod-lourdes.cawita.com\/#website\",\"url\":\"https:\/\/preprod-lourdes.cawita.com\/\",\"name\":\"Soutenir le Sanctuaire Notre-Dame de Lourdes\",\"description\":\"\",\"potentialAction\":[{\"@type\":\"SearchAction\",\"target\":{\"@type\":\"EntryPoint\",\"urlTemplate\":\"https:\/\/preprod-lourdes.cawita.com\/?s={search_term_string}\"},\"query-input\":{\"@type\":\"PropertyValueSpecification\",\"valueRequired\":true,\"valueName\":\"search_term_string\"}}],\"inLanguage\":\"de\"}]}<\/script>\n<!-- \/ Yoast SEO plugin. -->","yoast_head_json":{"title":"Horaires \u00e9crans - Vendredi","robots":{"index":"index","follow":"follow","max-snippet":"max-snippet:-1","max-image-preview":"max-image-preview:large","max-video-preview":"max-video-preview:-1"},"canonical":"https:\/\/www.lourdes-france.org\/de\/horaires-ecrans-vendredi\/","twitter_misc":{"Gesch\u00e4tzte Lesezeit":"4\u00a0Minuten"},"schema":{"@context":"https:\/\/schema.org","@graph":[{"@type":"WebPage","@id":"https:\/\/www.lourdes-france.org\/de\/horaires-ecrans-vendredi\/","url":"https:\/\/www.lourdes-france.org\/de\/horaires-ecrans-vendredi\/","name":"Horaires \u00e9crans - Vendredi","isPartOf":{"@id":"https:\/\/preprod-lourdes.cawita.com\/#website"},"primaryImageOfPage":{"@id":"https:\/\/www.lourdes-france.org\/de\/horaires-ecrans-vendredi\/#primaryimage"},"image":{"@id":"https:\/\/www.lourdes-france.org\/de\/horaires-ecrans-vendredi\/#primaryimage"},"thumbnailUrl":"https:\/\/www.lourdes-france.org\/wp-content\/uploads\/elementor\/thumbs\/Drapeau-France-p0ydy49dql35yl0d2wcnrntuwoahchoo37t23rynhw.png","datePublished":"2021-05-26T22:00:15+00:00","dateModified":"2022-10-21T07:50:40+00:00","breadcrumb":{"@id":"https:\/\/www.lourdes-france.org\/de\/horaires-ecrans-vendredi\/#breadcrumb"},"inLanguage":"de","potentialAction":[{"@type":"ReadAction","target":["https:\/\/www.lourdes-france.org\/de\/horaires-ecrans-vendredi\/"]}]},{"@type":"ImageObject","inLanguage":"de","@id":"https:\/\/www.lourdes-france.org\/de\/horaires-ecrans-vendredi\/#primaryimage","url":"https:\/\/www.lourdes-france.org\/wp-content\/uploads\/elementor\/thumbs\/Drapeau-France-p0ydy49dql35yl0d2wcnrntuwoahchoo37t23rynhw.png","contentUrl":"https:\/\/www.lourdes-france.org\/wp-content\/uploads\/elementor\/thumbs\/Drapeau-France-p0ydy49dql35yl0d2wcnrntuwoahchoo37t23rynhw.png"},{"@type":"BreadcrumbList","@id":"https:\/\/www.lourdes-france.org\/de\/horaires-ecrans-vendredi\/#breadcrumb","itemListElement":[{"@type":"ListItem","position":1,"name":"Accueil","item":"https:\/\/www.lourdes-france.org\/"},{"@type":"ListItem","position":2,"name":"Horaires \u00e9crans &#8211; Vendredi"}]},{"@type":"WebSite","@id":"https:\/\/preprod-lourdes.cawita.com\/#website","url":"https:\/\/preprod-lourdes.cawita.com\/","name":"Soutenir le Sanctuaire Notre-Dame de Lourdes","description":"","potentialAction":[{"@type":"SearchAction","target":{"@type":"EntryPoint","urlTemplate":"https:\/\/preprod-lourdes.cawita.com\/?s={search_term_string}"},"query-input":{"@type":"PropertyValueSpecification","valueRequired":true,"valueName":"search_term_string"}}],"inLanguage":"de"}]}},"_links":{"self":[{"href":"https:\/\/www.lourdes-france.org\/de\/wp-json\/wp\/v2\/pages\/648111","targetHints":{"allow":["GET"]}}],"collection":[{"href":"https:\/\/www.lourdes-france.org\/de\/wp-json\/wp\/v2\/pages"}],"about":[{"href":"https:\/\/www.lourdes-france.org\/de\/wp-json\/wp\/v2\/types\/page"}],"author":[{"embeddable":true,"href":"https:\/\/www.lourdes-france.org\/de\/wp-json\/wp\/v2\/users\/22"}],"replies":[{"embeddable":true,"href":"https:\/\/www.lourdes-france.org\/de\/wp-json\/wp\/v2\/comments?post=648111"}],"version-history":[{"count":14,"href":"https:\/\/www.lourdes-france.org\/de\/wp-json\/wp\/v2\/pages\/648111\/revisions"}],"predecessor-version":[{"id":766248,"href":"https:\/\/www.lourdes-france.org\/de\/wp-json\/wp\/v2\/pages\/648111\/revisions\/766248"}],"wp:attachment":[{"href":"https:\/\/www.lourdes-france.org\/de\/wp-json\/wp\/v2\/media?parent=648111"}],"curies":[{"name":"wp","href":"https:\/\/api.w.org\/{rel}","templated":true}]}}