{"id":7647,"date":"2018-07-31T14:02:46","date_gmt":"2018-07-31T12:02:46","guid":{"rendered":"https:\/\/prod082018.lourdes-france.org\/faire-un-don-2\/"},"modified":"2026-03-31T12:17:46","modified_gmt":"2026-03-31T10:17:46","slug":"faire-un-don","status":"publish","type":"page","link":"https:\/\/www.lourdes-france.org\/de\/faire-un-don\/","title":{"rendered":"Spenden"},"content":{"rendered":"\t\t<div data-elementor-type=\"wp-post\" data-elementor-id=\"7647\" class=\"elementor elementor-7647 elementor-2898\" data-elementor-post-type=\"page\">\n\t\t\t\t\t\t<section class=\"elementor-section elementor-top-section elementor-element elementor-element-130275f elementor-section-full_width elementor-section-stretched elementor-section-height-default elementor-section-height-default\" data-id=\"130275f\" data-element_type=\"section\" data-settings=\"{&quot;stretch_section&quot;:&quot;section-stretched&quot;,&quot;background_background&quot;:&quot;classic&quot;}\">\n\t\t\t\t\t\t\t<div class=\"elementor-background-overlay\"><\/div>\n\t\t\t\t\t\t\t<div class=\"elementor-container elementor-column-gap-default\">\n\t\t\t\t\t<div class=\"elementor-column elementor-col-100 elementor-top-column elementor-element elementor-element-1d246e4\" data-id=\"1d246e4\" data-element_type=\"column\">\n\t\t\t<div class=\"elementor-widget-wrap elementor-element-populated\">\n\t\t\t\t\t\t<div class=\"elementor-element elementor-element-7a2cabe elementor-widget elementor-widget-heading\" data-id=\"7a2cabe\" data-element_type=\"widget\" data-widget_type=\"heading.default\">\n\t\t\t\t<div class=\"elementor-widget-container\">\n\t\t\t\t\t<h2 class=\"elementor-heading-title elementor-size-default\">   <\/h2>\t\t\t\t<\/div>\n\t\t\t\t<\/div>\n\t\t\t\t\t<\/div>\n\t\t<\/div>\n\t\t\t\t\t<\/div>\n\t\t<\/section>\n\t\t\t\t<section class=\"elementor-section elementor-top-section elementor-element elementor-element-4cf398a elementor-section-boxed elementor-section-height-default elementor-section-height-default\" data-id=\"4cf398a\" data-element_type=\"section\">\n\t\t\t\t\t\t<div class=\"elementor-container elementor-column-gap-default\">\n\t\t\t\t\t<div class=\"elementor-column elementor-col-100 elementor-top-column elementor-element elementor-element-f14c193\" data-id=\"f14c193\" data-element_type=\"column\">\n\t\t\t<div class=\"elementor-widget-wrap elementor-element-populated\">\n\t\t\t\t\t\t<div class=\"elementor-element elementor-element-d9cbca9 elementor-widget elementor-widget-text-editor\" data-id=\"d9cbca9\" data-element_type=\"widget\" data-widget_type=\"text-editor.default\">\n\t\t\t\t<div class=\"elementor-widget-container\">\n\t\t\t\t\t\t\t\t\t<h1 style=\"text-align: center;\">Spenden Sie an das Heiligtum Notre-Dame de Lourdes<\/h1>\t\t\t\t\t\t\t\t<\/div>\n\t\t\t\t<\/div>\n\t\t\t\t\t<\/div>\n\t\t<\/div>\n\t\t\t\t\t<\/div>\n\t\t<\/section>\n\t\t\t\t<section class=\"elementor-section elementor-top-section elementor-element elementor-element-d7596b6 elementor-section-boxed elementor-section-height-default elementor-section-height-default\" data-id=\"d7596b6\" data-element_type=\"section\">\n\t\t\t\t\t\t<div class=\"elementor-container elementor-column-gap-default\">\n\t\t\t\t\t<div class=\"elementor-column elementor-col-100 elementor-top-column elementor-element elementor-element-ac8cf18\" data-id=\"ac8cf18\" data-element_type=\"column\">\n\t\t\t<div class=\"elementor-widget-wrap elementor-element-populated\">\n\t\t\t\t\t\t<section class=\"elementor-section elementor-inner-section elementor-element elementor-element-d8fd2b7 elementor-section-boxed elementor-section-height-default elementor-section-height-default\" data-id=\"d8fd2b7\" data-element_type=\"section\">\n\t\t\t\t\t\t<div class=\"elementor-container elementor-column-gap-default\">\n\t\t\t\t\t<div class=\"elementor-column elementor-col-50 elementor-inner-column elementor-element elementor-element-7c5bc41\" data-id=\"7c5bc41\" data-element_type=\"column\">\n\t\t\t<div class=\"elementor-widget-wrap elementor-element-populated\">\n\t\t\t\t\t\t<div class=\"elementor-element elementor-element-509308c elementor-widget elementor-widget-text-editor\" data-id=\"509308c\" data-element_type=\"widget\" data-widget_type=\"text-editor.default\">\n\t\t\t\t<div class=\"elementor-widget-container\">\n\t\t\t\t\t\t\t\t\t<div id=\"GroupWiseSection_1761818503000_Camille.Bordedebat@lourdes-france.com_4C8239B0021D000082646F6D63363530_\" class=\"GroupWiseMessageBody active\"><div style=\"text-align: center;\"><p>Wir haben Ihre Empfehlungen und W\u00fcnsche zur Vereinfachung des Spendenvorgangs ber\u00fccksichtigt. Um Ihren Erwartungen gerecht zu werden, haben wir ein neues Spendenformular erstellt, das einfacher, \u00fcbersichtlicher und schneller ist und gleichzeitig Ihre Privatsph\u00e4re sch\u00fctzt. Diese Verbesserung ist nicht nur technischer Natur, sondern das Ergebnis der aufmerksamen Arbeit unseres Teams f\u00fcr Spendenservice, das sich t\u00e4glich daf\u00fcr einsetzt, Sie besser zu unterst\u00fctzen.<\/p><p>Wir haben die Verantwortung, Ihr Vertrauen zu gewinnen.<\/p><\/div><\/div>\t\t\t\t\t\t\t\t<\/div>\n\t\t\t\t<\/div>\n\t\t\t\t\t<\/div>\n\t\t<\/div>\n\t\t\t\t<div class=\"elementor-column elementor-col-50 elementor-inner-column elementor-element elementor-element-dcc3b98\" data-id=\"dcc3b98\" data-element_type=\"column\" data-settings=\"{&quot;background_background&quot;:&quot;classic&quot;}\">\n\t\t\t<div class=\"elementor-widget-wrap elementor-element-populated\">\n\t\t\t\t\t\t<div class=\"elementor-element elementor-element-4f82fbe elementor-view-default elementor-widget elementor-widget-icon\" data-id=\"4f82fbe\" data-element_type=\"widget\" data-widget_type=\"icon.default\">\n\t\t\t\t<div class=\"elementor-widget-container\">\n\t\t\t\t\t\t\t<div class=\"elementor-icon-wrapper\">\n\t\t\t<div class=\"elementor-icon\">\n\t\t\t<i aria-hidden=\"true\" class=\"fas fa-church\"><\/i>\t\t\t<\/div>\n\t\t<\/div>\n\t\t\t\t\t\t<\/div>\n\t\t\t\t<\/div>\n\t\t\t\t<div class=\"elementor-element elementor-element-9e2dcc8 elementor-align-center elementor-widget elementor-widget-button\" data-id=\"9e2dcc8\" data-element_type=\"widget\" data-widget_type=\"button.default\">\n\t\t\t\t<div class=\"elementor-widget-container\">\n\t\t\t\t\t\t\t\t\t<div class=\"elementor-button-wrapper\">\n\t\t\t\t\t<a class=\"elementor-button elementor-button-link elementor-size-sm\" href=\"https:\/\/don.lourdes-france.org\/de?utm_source=web&#038;utm_medium=web&#038;utm_campaign=org\">\n\t\t\t\t\t\t<span class=\"elementor-button-content-wrapper\">\n\t\t\t\t\t\t<span class=\"elementor-button-icon\">\n\t\t\t\t<i aria-hidden=\"true\" class=\"fas fa-heart\"><\/i>\t\t\t<\/span>\n\t\t\t\t\t\t\t\t\t<span class=\"elementor-button-text\"> Spenden<\/span>\n\t\t\t\t\t<\/span>\n\t\t\t\t\t<\/a>\n\t\t\t\t<\/div>\n\t\t\t\t\t\t\t\t<\/div>\n\t\t\t\t<\/div>\n\t\t\t\t<div class=\"elementor-element elementor-element-9cc2f66 elementor-widget__width-initial elementor-view-default elementor-widget elementor-widget-icon\" data-id=\"9cc2f66\" data-element_type=\"widget\" data-widget_type=\"icon.default\">\n\t\t\t\t<div class=\"elementor-widget-container\">\n\t\t\t\t\t\t\t<div class=\"elementor-icon-wrapper\">\n\t\t\t<div class=\"elementor-icon\">\n\t\t\t<i aria-hidden=\"true\" class=\"fas fa-credit-card\"><\/i>\t\t\t<\/div>\n\t\t<\/div>\n\t\t\t\t\t\t<\/div>\n\t\t\t\t<\/div>\n\t\t\t\t<div class=\"elementor-element elementor-element-4b0303c elementor-widget__width-initial elementor-view-default elementor-widget elementor-widget-icon\" data-id=\"4b0303c\" data-element_type=\"widget\" data-widget_type=\"icon.default\">\n\t\t\t\t<div class=\"elementor-widget-container\">\n\t\t\t\t\t\t\t<div class=\"elementor-icon-wrapper\">\n\t\t\t<div class=\"elementor-icon\">\n\t\t\t<i aria-hidden=\"true\" class=\"fab fa-cc-paypal\"><\/i>\t\t\t<\/div>\n\t\t<\/div>\n\t\t\t\t\t\t<\/div>\n\t\t\t\t<\/div>\n\t\t\t\t<div class=\"elementor-element elementor-element-c560a62 elementor-widget__width-initial elementor-view-default elementor-widget elementor-widget-icon\" data-id=\"c560a62\" data-element_type=\"widget\" data-widget_type=\"icon.default\">\n\t\t\t\t<div class=\"elementor-widget-container\">\n\t\t\t\t\t\t\t<div class=\"elementor-icon-wrapper\">\n\t\t\t<div class=\"elementor-icon\">\n\t\t\t<i aria-hidden=\"true\" class=\"fab fa-cc-mastercard\"><\/i>\t\t\t<\/div>\n\t\t<\/div>\n\t\t\t\t\t\t<\/div>\n\t\t\t\t<\/div>\n\t\t\t\t<div class=\"elementor-element elementor-element-27e47f5 elementor-widget__width-initial elementor-view-default elementor-widget elementor-widget-icon\" data-id=\"27e47f5\" data-element_type=\"widget\" data-widget_type=\"icon.default\">\n\t\t\t\t<div class=\"elementor-widget-container\">\n\t\t\t\t\t\t\t<div class=\"elementor-icon-wrapper\">\n\t\t\t<div class=\"elementor-icon\">\n\t\t\t<i aria-hidden=\"true\" class=\"fab fa-cc-visa\"><\/i>\t\t\t<\/div>\n\t\t<\/div>\n\t\t\t\t\t\t<\/div>\n\t\t\t\t<\/div>\n\t\t\t\t<div class=\"elementor-element elementor-element-5221cd6 elementor-widget elementor-widget-spacer\" data-id=\"5221cd6\" data-element_type=\"widget\" data-widget_type=\"spacer.default\">\n\t\t\t\t<div class=\"elementor-widget-container\">\n\t\t\t\t\t\t\t<div class=\"elementor-spacer\">\n\t\t\t<div class=\"elementor-spacer-inner\"><\/div>\n\t\t<\/div>\n\t\t\t\t\t\t<\/div>\n\t\t\t\t<\/div>\n\t\t\t\t\t<\/div>\n\t\t<\/div>\n\t\t\t\t\t<\/div>\n\t\t<\/section>\n\t\t\t\t\t<\/div>\n\t\t<\/div>\n\t\t\t\t\t<\/div>\n\t\t<\/section>\n\t\t\t\t<section class=\"elementor-section elementor-top-section elementor-element elementor-element-f853dbc elementor-hidden-desktop elementor-hidden-tablet elementor-hidden-mobile elementor-section-boxed elementor-section-height-default elementor-section-height-default\" data-id=\"f853dbc\" data-element_type=\"section\">\n\t\t\t\t\t\t<div class=\"elementor-container elementor-column-gap-no\">\n\t\t\t\t\t<div class=\"elementor-column elementor-col-100 elementor-top-column elementor-element elementor-element-f123779\" data-id=\"f123779\" data-element_type=\"column\">\n\t\t\t<div class=\"elementor-widget-wrap elementor-element-populated\">\n\t\t\t\t\t\t<div class=\"elementor-element elementor-element-a2cc4b1 elementor-widget elementor-widget-spacer\" data-id=\"a2cc4b1\" data-element_type=\"widget\" data-widget_type=\"spacer.default\">\n\t\t\t\t<div class=\"elementor-widget-container\">\n\t\t\t\t\t\t\t<div class=\"elementor-spacer\">\n\t\t\t<div class=\"elementor-spacer-inner\"><\/div>\n\t\t<\/div>\n\t\t\t\t\t\t<\/div>\n\t\t\t\t<\/div>\n\t\t\t\t<div class=\"elementor-element elementor-element-a05e783 elementor-widget elementor-widget-shortcode\" data-id=\"a05e783\" data-element_type=\"widget\" data-widget_type=\"shortcode.default\">\n\t\t\t\t<div class=\"elementor-widget-container\">\n\t\t\t\t\t\t\t<div class=\"elementor-shortcode\"><script type=\"text\/javascript\">\/\/ <![CDATA[\njQuery(document).ready(function(){\n\tsetInterval( function() { AutoiFrameAdjustiFrameHeight( 'auto-iframe', 50); }, 1000 );\n});\n\/\/ ]]><\/script>\n<iframe id=\"auto-iframe\" name=\"auto-iframe\" src=\"\/sndlphp\/frmpaie\/frmDons.php?p=W&#038;lang=de\" width=\"100%\" height=\"auto\" frameborder=\"0\" scrolling=\"no\"onload=\"AutoiFrameAdjustiFrameHeight('auto-iframe',50);\"><\/iframe><\/div>\n\t\t\t\t\t\t<\/div>\n\t\t\t\t<\/div>\n\t\t\t\t\t<\/div>\n\t\t<\/div>\n\t\t\t\t\t<\/div>\n\t\t<\/section>\n\t\t\t\t<\/div>\n\t\t","protected":false},"excerpt":{"rendered":"<p>Spenden Sie an das Heiligtum Notre-Dame de Lourdes Wir haben Ihre Empfehlungen und W\u00fcnsche zur Vereinfachung des Spendenvorgangs ber\u00fccksichtigt. Um Ihren Erwartungen gerecht zu werden, haben wir ein neues Spendenformular erstellt, das einfacher, \u00fcbersichtlicher und schneller ist und gleichzeitig Ihre &hellip; <a href=\"https:\/\/www.lourdes-france.org\/de\/faire-un-don\/\">Weiter<\/a><\/p>\n","protected":false},"author":7,"featured_media":0,"parent":0,"menu_order":0,"comment_status":"closed","ping_status":"closed","template":"","meta":{"_acf_changed":false,"footnotes":""},"class_list":["post-7647","page","type-page","status-publish","hentry"],"acf":[],"yoast_head":"<!-- This site is optimized with the Yoast SEO plugin v24.7 - https:\/\/yoast.com\/wordpress\/plugins\/seo\/ -->\n<title>Spenden<\/title>\n<meta name=\"robots\" content=\"index, follow, max-snippet:-1, max-image-preview:large, max-video-preview:-1\" \/>\n<link rel=\"canonical\" href=\"https:\/\/www.lourdes-france.org\/faire-un-don\/\" \/>\n<meta name=\"twitter:label1\" content=\"Gesch\u00e4tzte Lesezeit\" \/>\n\t<meta name=\"twitter:data1\" content=\"1\u00a0Minute\" \/>\n<script type=\"application\/ld+json\" class=\"yoast-schema-graph\">{\"@context\":\"https:\/\/schema.org\",\"@graph\":[{\"@type\":\"WebPage\",\"@id\":\"https:\/\/www.lourdes-france.org\/faire-un-don\/\",\"url\":\"https:\/\/www.lourdes-france.org\/faire-un-don\/\",\"name\":\"Spenden\",\"isPartOf\":{\"@id\":\"https:\/\/preprod-lourdes.cawita.com\/#website\"},\"datePublished\":\"2018-07-31T12:02:46+00:00\",\"dateModified\":\"2026-03-31T10:17:46+00:00\",\"breadcrumb\":{\"@id\":\"https:\/\/www.lourdes-france.org\/faire-un-don\/#breadcrumb\"},\"inLanguage\":\"de\",\"potentialAction\":[{\"@type\":\"ReadAction\",\"target\":[\"https:\/\/www.lourdes-france.org\/faire-un-don\/\"]}]},{\"@type\":\"BreadcrumbList\",\"@id\":\"https:\/\/www.lourdes-france.org\/faire-un-don\/#breadcrumb\",\"itemListElement\":[{\"@type\":\"ListItem\",\"position\":1,\"name\":\"Accueil\",\"item\":\"https:\/\/www.lourdes-france.org\/\"},{\"@type\":\"ListItem\",\"position\":2,\"name\":\"Spenden\"}]},{\"@type\":\"WebSite\",\"@id\":\"https:\/\/preprod-lourdes.cawita.com\/#website\",\"url\":\"https:\/\/preprod-lourdes.cawita.com\/\",\"name\":\"Soutenir le Sanctuaire Notre-Dame de Lourdes\",\"description\":\"\",\"potentialAction\":[{\"@type\":\"SearchAction\",\"target\":{\"@type\":\"EntryPoint\",\"urlTemplate\":\"https:\/\/preprod-lourdes.cawita.com\/?s={search_term_string}\"},\"query-input\":{\"@type\":\"PropertyValueSpecification\",\"valueRequired\":true,\"valueName\":\"search_term_string\"}}],\"inLanguage\":\"de\"}]}<\/script>\n<!-- \/ Yoast SEO plugin. -->","yoast_head_json":{"title":"Spenden","robots":{"index":"index","follow":"follow","max-snippet":"max-snippet:-1","max-image-preview":"max-image-preview:large","max-video-preview":"max-video-preview:-1"},"canonical":"https:\/\/www.lourdes-france.org\/faire-un-don\/","twitter_misc":{"Gesch\u00e4tzte Lesezeit":"1\u00a0Minute"},"schema":{"@context":"https:\/\/schema.org","@graph":[{"@type":"WebPage","@id":"https:\/\/www.lourdes-france.org\/faire-un-don\/","url":"https:\/\/www.lourdes-france.org\/faire-un-don\/","name":"Spenden","isPartOf":{"@id":"https:\/\/preprod-lourdes.cawita.com\/#website"},"datePublished":"2018-07-31T12:02:46+00:00","dateModified":"2026-03-31T10:17:46+00:00","breadcrumb":{"@id":"https:\/\/www.lourdes-france.org\/faire-un-don\/#breadcrumb"},"inLanguage":"de","potentialAction":[{"@type":"ReadAction","target":["https:\/\/www.lourdes-france.org\/faire-un-don\/"]}]},{"@type":"BreadcrumbList","@id":"https:\/\/www.lourdes-france.org\/faire-un-don\/#breadcrumb","itemListElement":[{"@type":"ListItem","position":1,"name":"Accueil","item":"https:\/\/www.lourdes-france.org\/"},{"@type":"ListItem","position":2,"name":"Spenden"}]},{"@type":"WebSite","@id":"https:\/\/preprod-lourdes.cawita.com\/#website","url":"https:\/\/preprod-lourdes.cawita.com\/","name":"Soutenir le Sanctuaire Notre-Dame de Lourdes","description":"","potentialAction":[{"@type":"SearchAction","target":{"@type":"EntryPoint","urlTemplate":"https:\/\/preprod-lourdes.cawita.com\/?s={search_term_string}"},"query-input":{"@type":"PropertyValueSpecification","valueRequired":true,"valueName":"search_term_string"}}],"inLanguage":"de"}]}},"_links":{"self":[{"href":"https:\/\/www.lourdes-france.org\/de\/wp-json\/wp\/v2\/pages\/7647","targetHints":{"allow":["GET"]}}],"collection":[{"href":"https:\/\/www.lourdes-france.org\/de\/wp-json\/wp\/v2\/pages"}],"about":[{"href":"https:\/\/www.lourdes-france.org\/de\/wp-json\/wp\/v2\/types\/page"}],"author":[{"embeddable":true,"href":"https:\/\/www.lourdes-france.org\/de\/wp-json\/wp\/v2\/users\/7"}],"replies":[{"embeddable":true,"href":"https:\/\/www.lourdes-france.org\/de\/wp-json\/wp\/v2\/comments?post=7647"}],"version-history":[{"count":3,"href":"https:\/\/www.lourdes-france.org\/de\/wp-json\/wp\/v2\/pages\/7647\/revisions"}],"predecessor-version":[{"id":1098240,"href":"https:\/\/www.lourdes-france.org\/de\/wp-json\/wp\/v2\/pages\/7647\/revisions\/1098240"}],"wp:attachment":[{"href":"https:\/\/www.lourdes-france.org\/de\/wp-json\/wp\/v2\/media?parent=7647"}],"curies":[{"name":"wp","href":"https:\/\/api.w.org\/{rel}","templated":true}]}}