{"id":8511,"date":"2018-07-30T16:46:06","date_gmt":"2018-07-30T14:46:06","guid":{"rendered":"https:\/\/www.lourdes-france.org\/mentions-legales\/"},"modified":"2024-02-07T16:23:55","modified_gmt":"2024-02-07T15:23:55","slug":"mentions-legales","status":"publish","type":"page","link":"https:\/\/www.lourdes-france.org\/de\/mentions-legales\/","title":{"rendered":"Rechtliche Hinweise \/ Nutzungsrechte"},"content":{"rendered":"\t\t<div data-elementor-type=\"wp-post\" data-elementor-id=\"8511\" class=\"elementor elementor-8511 elementor-2614\" data-elementor-post-type=\"page\">\n\t\t\t\t\t\t<section class=\"elementor-section elementor-top-section elementor-element elementor-element-dfb2431 elementor-section-boxed elementor-section-height-default elementor-section-height-default\" data-id=\"dfb2431\" data-element_type=\"section\">\n\t\t\t\t\t\t<div class=\"elementor-container elementor-column-gap-no\">\n\t\t\t\t\t<div class=\"elementor-column elementor-col-100 elementor-top-column elementor-element elementor-element-5048eb10\" data-id=\"5048eb10\" data-element_type=\"column\">\n\t\t\t<div class=\"elementor-widget-wrap elementor-element-populated\">\n\t\t\t\t\t\t<div class=\"elementor-element elementor-element-42c4b91f elementor-widget elementor-widget-text-editor\" data-id=\"42c4b91f\" data-element_type=\"widget\" data-widget_type=\"text-editor.default\">\n\t\t\t\t<div class=\"elementor-widget-container\">\n\t\t\t\t\t\t\t\t\t<h2>Autor der seite<\/h2>\t\t\t\t\t\t\t\t<\/div>\n\t\t\t\t<\/div>\n\t\t\t\t<div class=\"elementor-element elementor-element-3170b365 elementor-widget elementor-widget-text-editor\" data-id=\"3170b365\" data-element_type=\"widget\" data-widget_type=\"text-editor.default\">\n\t\t\t\t<div class=\"elementor-widget-container\">\n\t\t\t\t\t\t\t\t\t<p><span class=\"parcours-listparcours\">Die Webseite \u00a0<a href=\"https:\/\/www.lourdes-france.org\/\" target=\"_blank\" rel=\"noopener\"><span style=\"color: #e8a700;\">www.lourdes-france.org<\/span><\/a>\u00a0wird von der\u00a0 EURL Basilique du Rosaire mit einem Kapital von\u00a0 1 134 990 Euro unterhalten<\/span><\/p><ul><li>mit Sitz in der 1 avenue Monseigneur Th\u00e9as 65108 Lourdes Cedex France<\/li><li>eingetragen im Handelsregister von TARBES<\/li><li>unter der Nummer\u00a0 430 034 801<\/li><li>gesetzlicher Vertreter : Guillaume DE VULPIAN<\/li><li>leitender Redakteur: David TORCHALA<\/li><li>Textchef: Laurent JARNEAU<\/li><li>Webmaster : Jonathan LAUER<\/li><li>Telefon : 05 62 42 78 78<\/li><\/ul><p>\u00a0<\/p>\t\t\t\t\t\t\t\t<\/div>\n\t\t\t\t<\/div>\n\t\t\t\t<div class=\"elementor-element elementor-element-58076e65 elementor-widget elementor-widget-text-editor\" data-id=\"58076e65\" data-element_type=\"widget\" data-widget_type=\"text-editor.default\">\n\t\t\t\t<div class=\"elementor-widget-container\">\n\t\t\t\t\t\t\t\t\t<h2>Urheberrechte<\/h2>\t\t\t\t\t\t\t\t<\/div>\n\t\t\t\t<\/div>\n\t\t\t\t<div class=\"elementor-element elementor-element-1b4de0c2 elementor-widget elementor-widget-text-editor\" data-id=\"1b4de0c2\" data-element_type=\"widget\" data-widget_type=\"text-editor.default\">\n\t\t\t\t<div class=\"elementor-widget-container\">\n\t\t\t\t\t\t\t\t\t<span class=\"parcours-listparcours\"><ul>\n \t<li>Die Vervielf\u00e4ltigung oder Abbildung- ob ganz oder teilweise- der Seiten, Daten oder anderen Bestandteilen dieser Webseite in\u00a0welchem Verfahren undauf welchem\u00a0Tr\u00e4ger auch\u00a0immer &#8211;\u00a0ist\u00a0untersagt und stellt ohne\u00a0die Erlaubnis\u00a0des\u00a0Herausgebers\u00a0 eine F\u00e4lschung dar.<\/li>\n \t<li>Demnach liegen die Nutzungsrechte, selbst die Teilrechte, an diesem Werk bei der Wallfahrtsst\u00e4tte Unserer Lieben Frau von Lourdes.<\/li>\n \t<li>Diese Nutzungsrechte setzen sich insbesondere aus Vervielf\u00e4ltigungs-, Abbildungs- und Bearbeitungsrechten\u00a0 an allen auf der Webseite befindlichen Elementen zusammen\u00a0: Texte, Fotografien, Zeichnungen, Logos, Tondateien, Videosequenzen etc&#8230;<\/li>\n \t<li>Jede vollumf\u00e4ngliche oder partielle Reproduktion auf einem aktuellen (Gravuren, Fotografien, elektronische Reprographie oder Reprographie auf Papier, Mikroreproduktion, Alben, Postkarten, Modelle, Poster und andere insbesondere audiovisuelle Verfahren etc&#8230;.)\u00a0 oder k\u00fcnftign Datentr\u00e4ger ist ohne vorherige ausdr\u00fcckliche Genehmigung seitens der Wallfahrtsst\u00e4tte Lourdes strikt untersagt.<\/li>\n \t<li>Jede vollst\u00e4ndige oder teilweise Ver\u00f6ffentlichung \u00fcber jedweges bekannte oder am heutigen Tage unbekannte Verfahren oder Mittel, insbesondere mittels \u00f6ffentlicher Projektionen und Darstellungen, jedwege Verbreitung, insbesondere im Internet und \u00dcbertragung in \u00f6ffentlichem oder privatem Raum, ist ohne vorherige ausdr\u00fcckliche Genehmigung seitens der Wallfahrtsst\u00e4tte Lourdes strikt untersagt.<\/li>\n \t<li>Jedwege Bearbeitung des gesamten oder Teilen des Werkes, um insbesondere Formatierungen oder k\u00fcnstlerische Gestaltungen an einem Gegenstand oder einer Webdienstleitung vorzunehmen, ist ohne vorherige ausdr\u00fcckliche Genehmigung seitens der Wallfahrtsst\u00e4tte Lourdes strikt untersagt.<\/li>\n \t<li>Die Fotos wurden aufgenommen von : Vincent, Lacaze, Durand, Viron, Laera, Dufour.<\/li>\n<\/ul><\/span>\t\t\t\t\t\t\t\t<\/div>\n\t\t\t\t<\/div>\n\t\t\t\t<div class=\"elementor-element elementor-element-1838b550 elementor-widget elementor-widget-text-editor\" data-id=\"1838b550\" data-element_type=\"widget\" data-widget_type=\"text-editor.default\">\n\t\t\t\t<div class=\"elementor-widget-container\">\n\t\t\t\t\t\t\t\t\t<h2>Hinweis<\/h2>\t\t\t\t\t\t\t\t<\/div>\n\t\t\t\t<\/div>\n\t\t\t\t<div class=\"elementor-element elementor-element-3a2bbe33 elementor-widget elementor-widget-text-editor\" data-id=\"3a2bbe33\" data-element_type=\"widget\" data-widget_type=\"text-editor.default\">\n\t\t\t\t<div class=\"elementor-widget-container\">\n\t\t\t\t\t\t\t\t\t<span class=\"parcours-listparcours\"><ul>\n \t<li>Die auf dieser Seite\u00a0publizierten Inhalte dienen lediglich der\u00a0Information und liegen nicht im Verantwortungsbereich des Seitenbetreibers.<\/li>\n \t<li>Diese Informationen, die keinen Anspruch auf Vollst\u00e4ndigkeit erheben, stellen keinerlei Beratung jedweger Art dar.<\/li>\n \t<li>Diese Informationen k\u00f6nnen jederzeit und ohne Vorank\u00fcndigung ge\u00e4ndert werden.<\/li>\n<\/ul><\/span>\t\t\t\t\t\t\t\t<\/div>\n\t\t\t\t<\/div>\n\t\t\t\t<div class=\"elementor-element elementor-element-e7743b0 elementor-widget elementor-widget-text-editor\" data-id=\"e7743b0\" data-element_type=\"widget\" data-widget_type=\"text-editor.default\">\n\t\t\t\t<div class=\"elementor-widget-container\">\n\t\t\t\t\t\t\t\t\t<h2>Weblinks<\/h2>\t\t\t\t\t\t\t\t<\/div>\n\t\t\t\t<\/div>\n\t\t\t\t<div class=\"elementor-element elementor-element-616764cd elementor-widget elementor-widget-text-editor\" data-id=\"616764cd\" data-element_type=\"widget\" data-widget_type=\"text-editor.default\">\n\t\t\t\t<div class=\"elementor-widget-container\">\n\t\t\t\t\t\t\t\t\t<span class=\"parcours-listparcours\"><ul>\n \t<li>Das Einrichten von Hyperlinks zur Webseite \u00a0<a href=\"http:\/\/www.lourdes-france.org%20\/\"><span style=\"color: #e8a702;\">www.lourdes-france.org<\/span>\u00a0<\/a>\u00a0muss im Vorhinein vom leitenden Redakteur genehmigt werden.<\/li>\n \t<li>Die von der Webseite \u00a0<span style=\"color: #e8a702;\"><a style=\"color: #e8a702;\" href=\"http:\/\/www.lourdes-france.org%20\/\">www.lourdes-france.org\u00a0<\/a>\u00a0<\/span>ausgehenden Hyperlinks zu anderen Webseiten f\u00e4llt keinesfalls in den Verantwortungsbereich der Wallfahrtsst\u00e4tte.<\/li>\n<\/ul><\/span>\t\t\t\t\t\t\t\t<\/div>\n\t\t\t\t<\/div>\n\t\t\t\t<div class=\"elementor-element elementor-element-39d8be7 elementor-widget elementor-widget-text-editor\" data-id=\"39d8be7\" data-element_type=\"widget\" data-widget_type=\"text-editor.default\">\n\t\t\t\t<div class=\"elementor-widget-container\">\n\t\t\t\t\t\t\t\t\t<h2>Geltendes recht<\/h2>\t\t\t\t\t\t\t\t<\/div>\n\t\t\t\t<\/div>\n\t\t\t\t<div class=\"elementor-element elementor-element-103089eb elementor-widget elementor-widget-text-editor\" data-id=\"103089eb\" data-element_type=\"widget\" data-widget_type=\"text-editor.default\">\n\t\t\t\t<div class=\"elementor-widget-container\">\n\t\t\t\t\t\t\t\t\t<p>Bei Versto\u00df gegen diese Bestimmungen,sind die franz\u00f6sischen Gerichte allein zust\u00e4ndig, und ausdr\u00fcklich\u00a0ist\u00a0allein das\u00a0franz\u00f6sische Gesetz anwendbar.<\/p>\t\t\t\t\t\t\t\t<\/div>\n\t\t\t\t<\/div>\n\t\t\t\t<div class=\"elementor-element elementor-element-41219f4 elementor-widget elementor-widget-text-editor\" data-id=\"41219f4\" data-element_type=\"widget\" data-widget_type=\"text-editor.default\">\n\t\t\t\t<div class=\"elementor-widget-container\">\n\t\t\t\t\t\t\t\t\t<h2>Vertraulichkeitsbestimmungen f\u00fcR unsere handy-app<\/h2>\t\t\t\t\t\t\t\t<\/div>\n\t\t\t\t<\/div>\n\t\t\t\t<div class=\"elementor-element elementor-element-47675ba elementor-widget elementor-widget-text-editor\" data-id=\"47675ba\" data-element_type=\"widget\" data-widget_type=\"text-editor.default\">\n\t\t\t\t<div class=\"elementor-widget-container\">\n\t\t\t\t\t\t\t\t\t<p>Indem Sie sich in unserer App registrierer, stimmen Sie den\u00a0 hier aufgelisteten allgemeinen Nutzungsbedingungen zu\u00a0:<\/p><p>Diese App sammelt eine bestimmte Anzahl von pers\u00f6nlichen Daten ihrer Nutzer.<\/p><h3>INHALTSVERZEICHNIS<\/h3><p>Pers\u00f6nliche Daten, die zu folgendem Zweck und bei der Nutzung folgender Dienste gesammelt werden\u00a0:<\/p><ul><li><p>Zugang zu Dienstleistungen durch Dritte<\/p><\/li><li><p>Zugang zum Facebook-Account<\/p><\/li><li><p>Zustimmungen: Zugang zum pers\u00f6nlichen Konto innerhalb der App, Likes und Posts auf der Pinnwand<\/p><\/li><li><p>Zugang zum Twitter-Account<\/p><\/li><\/ul><p>Pers\u00f6nliche Daten: Zugang zum pers\u00f6nlichen Konto innerhalb der App und Unterschiedliche Arten von Daten<br \/>Pers\u00f6nliche Daten: Cookies und Nutzungsdaten<br \/>Austausch mit externen Plattformen und sozialen Netzwerken<\/p><h3>ART DER GESAMMELTEN DATEN<\/h3><p>Einige der Datenarten, die diese App selbst oder durch Dritte sammelt sind unter anderem\u00a0:Cookies und Nutzungsdaten.<br \/>Weitere pers\u00f6nliche Daten k\u00f6nnen an anderer Stelle dieser Vertraulichkeitsbestimmungen oder durch einen der Erkl\u00e4rungstexte, die zus\u00e4tzlich dem Sammeln von Daten gewidmet sind, beschrieben werden.<br \/>Die pers\u00f6nlichen Daten k\u00f6nnen freiwillig vom Nutzer geliefert oder automatisch w\u00e4hrend der Nutzung der App gesammelt werden.<br \/>Jede Nutzung von Cookies oder anderer Kontrollinstrumente durch die App oder die Eigent\u00fcmer von Dienstleistungen durch Dritte, die von dieser App in Anspruch genommen werden hat, au\u00dfer bei gegenteiligem Hinweis, einzig und allein zum Ziel, den Nutzer zu identifizieren und seine Pr\u00e4ferenzen zu speichern, um ihm daraufhin den Dienst, den er ben\u00f6tigt, zur Verf\u00fcgung zu stellen. Die Nicht-Weitergabe einiger pers\u00f6nlichen Daten kann die App daran hindern, bestimmte Dienste auszuf\u00fchren.<br \/>Der Nutzer ist verantwortlich f\u00fcr die pers\u00f6nlichen\u00a0 Daten von Dritten, die durch diese App ver\u00f6ffentlicht und weitergegeben werden und gibt an das recht zu haben, diese weiterzugeben oder zu verbreiten und enthebt damit den\u00a0 Data-Controller jedweger Verantwortung.<\/p><p><u><em>Methoden der Verarbeitung<\/em><\/u><br \/>Der Data-Controller verarbeitet die Nutzerdaten angemessen und greift dementsprechend zu Sicherheitsma\u00dfnahmen, um unerlaubten Zugang, die Ver\u00f6ffentlichung, Ver\u00e4nderung oder unerlaubte L\u00f6schung der Daten zu verhindern.<br \/>Die Verarbeitung der Daten\u00a0 erfolgt entsprechend der genutzten Computer und\/oder IT-Tools und gem\u00e4\u00df der Abl\u00e4ufe und Organisationsweisen, die strikt dem vorgeschriebenen Ziel dienen. Zus\u00e4tzlich zum Data-Controller k\u00f6nnen die Daten in einigen F\u00e4llen f\u00fcr einige verantwortliche Personen zug\u00e4nglich sein, die mit der Verwaltung der Seite (verwaltung, Verkauf, Marketing, rechtliche Fragen oder Systemverwaltung)beauftragt sind oder als\u00a0 externe Akteuren (wie ein technischer Dienstleister, ein\u00a0 Herbergsbetreiber, ein IT- oder Kommunikationsunternehmen) intervenieren und die falls n\u00f6tig als Subunternehmen bezeichnet werden. Die aktuelle Version der Liste dieser Akteure kann jederzeit vom Data-Controller angefordert werden.<\/p><p><u><strong><em>Ort<\/em><\/strong><\/u><br \/>Die Daten werden im B\u00fcro des Data-Controllers verarbeitet und an anderen Orten, an denen sich die an der Verarbeitung beteiligten Parteien befinden. F\u00fcr weitere Informationen kontaktieren Sie bitte den Data-Controller.<\/p><h3>VERWENDUNG DER GESAMMELTEN DATEN<\/h3><p>Die die Nutzer betreffenden Daten werden gesammelt, um zu gew\u00e4hrleisten, dass die App ihre Dienste bereitstellen kann und\u00a0 aus folgenden Gr\u00fcnden\u00a0:\u00a0 Zugang zu Dienstleistungen durch Dritte, einrichtung des pers\u00f6nlichen Nutzerkontos innerhalb der App, Kommentierung des Inhalts und Austausch mit externen Plattformen und Sozialen Netzwerken.<br \/>Die zu jedem Zweck n\u00f6tigen\u00a0 pers\u00f6nlichen\u00a0 Daten, werden in den dazugeh\u00f6rigen Abschnitten dieses Dokuments dargestellt.<br \/>Facebook- Zugriffsberechtigungen, die von dieser App erfragt werden.<br \/>Diese App erfragt einige Zugriffsberechtigungen f\u00fcr Facebook, die es ihr erlaubt einige Dienste durch Nutzng des Facebookkontos des Nutzers auszu\u00fcben und um auf dortige Informationen, einschlie\u00dflich einiger pers\u00f6nlicher Daten, zugreifen zu k\u00f6nnen.<br \/>F\u00fcr weitere Informationen bez\u00fcglich der Zugriffsberechtigungen f\u00fcr Facebook,\u00a0 informieren Sie sich in den offiziellen Facebook-Dokumenten.<br \/>(<span style=\"color: #e8a702;\"><a style=\"color: #e8a702;\" href=\"https:\/\/developers.facebook.com\/docs\/authentication\/permissions\" target=\"_blank\" rel=\"noopener\">https:\/\/developers.facebook.com\/docs\/authentication\/permissions\/<\/a><\/span>) and to the Facebook privacy policy (<span style=\"color: #e8a702;\"><a style=\"color: #e8a702;\" href=\"https:\/\/www.facebook.com\/about\/privacy\" target=\"_blank\" rel=\"noopener\">https:\/\/www.facebook.com\/about\/privacy<\/a>\/<\/span>).<\/p><p>Die erbetenen Zugriffsrechte sind folgende:<\/p><p>Basisinformationen : Laut Voreinstellung,\u00a0 beinhaltet dies bestimmte Nutzerdaten wie den Benutzernamen, den Namen, das foto, das Geschlecht und den Standort. Einige Verbindungen des Nutzers, wie seine Freunde, sind ebenfalls verf\u00fcgbar. Hat der Nutzer weitere Daten \u00f6ffentlich gemacht, sind auch mehr Informationen verf\u00fcgbar.<br \/>Likes : Erm\u00f6glicht den Zugang zur Auflistung aller Seiten, die der Nutzer gelikt hat.<br \/>Posts auf der Pinnwand : Erm\u00f6glicht es der App Inhalt, Likes oder Kommentare in den News-Feed des Nutzers oder seiner Freunde zu posten.<br \/>Zugang zum Facebook-Konto (Diese App )<br \/>Dieser\u00a0 Dienst erm\u00f6glicht\u00a0 es der App sich mit dem Facebook-Konto des Nutzers\u00a0 zu verbinden, bereitgestellt durch\u00a0 Facebook Inc.<br \/>Zugangsberchtigungen: Likes et Posts auf der Pinnwand<br \/>Ort der Verarbeitung: USA &#8211; Privacy Policy\u00a0<span style=\"color: #e8a702;\"><a style=\"color: #e8a702;\" href=\"https:\/\/www.facebook.com\/policy.php\" target=\"_blank\" rel=\"noopener\">https:\/\/www.facebook.com\/policy.php<\/a><\/span><br \/>Zugang zum Twitter-Account\u00a0 (Diese App)<br \/>Dieser\u00a0 Dienst erm\u00f6glicht\u00a0 es der App sich mit dem Twitter-Konto des Nutzers\u00a0 zu verbinden, bereitgestellt durch\u00a0 Twitter Inc.<\/p><h3>NUTZERRECHTE<\/h3><p>Die Nutzer k\u00f6nnen jederzeit in Erfahrung bringen, ob ihre Daten gespeichert wurden und den Data-Controller kontaktieren, um deren Inhalt und Ursprung zu kennen, ihre Exaktheit zu \u00fcberpr\u00fcfen oder darum zu bitten, dass sie vervollst\u00e4ndigt, gel\u00f6scht, aktualisiert oder berichtigt werden ,um zu beantragen, dass sie in ein anonymes Format \u00fcbertragen werden oder um alle Daten, die gegen das Gesetz versto\u00dfen, zu blockieren oder aber um sich aus rechtm\u00e4\u00dfigen Gr\u00fcnden ihrer Verarbeitung zu widersetzen. Die Anfragen m\u00fcssen an den Data-Controller entsprechend der untenstehenden Kontaktdaten gesendet werden.<br \/>Diese App unterst\u00fctzt keine &#8222;Do Not Rack&#8220;- Anfragen.<br \/>Um festzustellen, ob einer der Drittdienstleister die &#8222;Do Not Track&#8220;- Anfrage nutzen will , informieren Sie sich bitte \u00fcber ihre jeweiligen Vertraulichkeitsbestimmungen.<\/p><p><em><strong>Ver\u00e4nderungen dieser Vertraulichkeitsbestimmungen<\/strong><\/em><\/p><p>Der Data-Controller beh\u00e4lt sich das Recht vor, diese Vertraulichkeitsbestimmungen jederzeit \u00e4ndern zu k\u00f6nnen, indem er den Nutzern die Ver\u00e4nderungen auf dieser Seite mitteilt. Es wird sehr empfohlen, diese Seite oft zu \u00fcberpr\u00fcfen und dabei auf die letzten Ver\u00e4nderungen zu achten, die ganz oben im Dokument aufgelistet werden. Wenn ein Nutzer einen Einwand gegen eine Ver\u00e4nderung der Bestimmungen erhebt, muss er die Nutzung dieser app aufgeben und kann beim Data-Controller die L\u00f6schung seiner Daten beantragen. Au\u00dfer bei gegenteiligem Hinweis, betreffen diese Vertraulichkeitsbestimmungen alle pers\u00f6nlichen Daten, die der Data- Controller bez\u00fcglich der Benutzer besitzt.<br \/>Informationen, die\u00a0 durch diese App (oder Dienstleistungen durch Dritte, die von dieser App in Anspruch genommen werden) automatisch gesammelt werden , beinhalten\u00a0:IP- Adresse oder Domain-Name der Ger\u00e4te, die der Nutzer der App verwendet, die URL-Adresse(Uniform Resource Identifier), die Suchzeit, die Methode, mit welcher der Nutzer seine Suchanfrage einem Server \u00fcbergibt, die Gr\u00f6\u00dfe des Ordners, den er als Antwort erh\u00e4lt, den Digitalcode, der den Status der Antwort des Servers angibt (Fehler, Erfolgreich versandt, etc.), das Herkunftsland, die Funktionen des Browsers und das vom Nutzer verwendete Betriebssystem, die Dauer des Besuchs (z.B. die Zeit, die der Nutzer auf jeder einzelnen Seite der App verbracht hat) und\u00a0 Details bez\u00fcglich des Besuchablaufs des Nutzers innerhalb der App mit einem besonderen Hinweis auf die Abfolge der besuchten Seite und weiterer Einstellungen bez\u00fcglich des Ger\u00e4tesystems.<\/p><p><em><strong>Diese App<\/strong><\/em><\/p><p>Ger\u00e4t oder Programm durch das pers\u00f6nliche Daten des Nutzers gesammelt werden, Cookie, Datenelemente, die im Ger\u00e4t des Nutzers\u00a0 gespeichert werden.<br \/>Rechtliche Informationen<br \/>Hinweis f\u00fcr die europ\u00e4ischen Nutzer : diese Vertraulichkeitsbestimmungen wurden als Antwort auf die Vorschriften in\u00a0 Art. 10 der\u00a0 EC- Vorgaben n.95\/46\/EC, und in \u00dcbereinstimmung mit den Bestimmungen der Richtlinien\u00a0 2002\/58\/EC, in der durch die Richtlinien ge\u00e4nderten Fassung von 2009\/136\/EC, zum Thema Cookies, verfasst.<br \/>Diese Vertraulichkeitsbestimmungen betreffen ausschlie\u00dflich die App.<\/p><p>Anfrage bzgl. Zugangserlaubnis durch die App :<br \/>Die App verlangt mehrere Zugriffserlaubnisse auf pers\u00f6nliche Daten:<\/p><ul><li><p>Zugang zur Kamera<\/p><\/li><li><p>Geolokalisierung<\/p><\/li><li><p>Verbindung zu Drittdiensten wie Facebook<\/p><\/li><\/ul>\t\t\t\t\t\t\t\t<\/div>\n\t\t\t\t<\/div>\n\t\t\t\t\t<\/div>\n\t\t<\/div>\n\t\t\t\t\t<\/div>\n\t\t<\/section>\n\t\t\t\t<\/div>\n\t\t","protected":false},"excerpt":{"rendered":"<p>Autor der seite Die Webseite \u00a0www.lourdes-france.org\u00a0wird von der\u00a0 EURL Basilique du Rosaire mit einem Kapital von\u00a0 1 134 990 Euro unterhalten mit Sitz in der 1 avenue Monseigneur Th\u00e9as 65108 Lourdes Cedex France eingetragen im Handelsregister von TARBES unter der &hellip; <a href=\"https:\/\/www.lourdes-france.org\/de\/mentions-legales\/\">Weiter<\/a><\/p>\n","protected":false},"author":7,"featured_media":0,"parent":0,"menu_order":0,"comment_status":"closed","ping_status":"closed","template":"","meta":{"_acf_changed":false,"footnotes":""},"class_list":["post-8511","page","type-page","status-publish","hentry"],"acf":[],"yoast_head":"<!-- This site is optimized with the Yoast SEO plugin v24.7 - https:\/\/yoast.com\/wordpress\/plugins\/seo\/ -->\n<title>Rechtliche Hinweise \/ Nutzungsrechte<\/title>\n<meta name=\"robots\" content=\"index, follow, max-snippet:-1, max-image-preview:large, max-video-preview:-1\" \/>\n<link rel=\"canonical\" href=\"https:\/\/www.lourdes-france.org\/de\/mentions-legales\/\" \/>\n<meta name=\"twitter:label1\" content=\"Gesch\u00e4tzte Lesezeit\" \/>\n\t<meta name=\"twitter:data1\" content=\"9\u00a0Minuten\" \/>\n<script type=\"application\/ld+json\" class=\"yoast-schema-graph\">{\"@context\":\"https:\/\/schema.org\",\"@graph\":[{\"@type\":\"WebPage\",\"@id\":\"https:\/\/www.lourdes-france.org\/de\/mentions-legales\/\",\"url\":\"https:\/\/www.lourdes-france.org\/de\/mentions-legales\/\",\"name\":\"Rechtliche Hinweise \/ Nutzungsrechte\",\"isPartOf\":{\"@id\":\"https:\/\/preprod-lourdes.cawita.com\/#website\"},\"datePublished\":\"2018-07-30T14:46:06+00:00\",\"dateModified\":\"2024-02-07T15:23:55+00:00\",\"breadcrumb\":{\"@id\":\"https:\/\/www.lourdes-france.org\/de\/mentions-legales\/#breadcrumb\"},\"inLanguage\":\"de\",\"potentialAction\":[{\"@type\":\"ReadAction\",\"target\":[\"https:\/\/www.lourdes-france.org\/de\/mentions-legales\/\"]}]},{\"@type\":\"BreadcrumbList\",\"@id\":\"https:\/\/www.lourdes-france.org\/de\/mentions-legales\/#breadcrumb\",\"itemListElement\":[{\"@type\":\"ListItem\",\"position\":1,\"name\":\"Accueil\",\"item\":\"https:\/\/www.lourdes-france.org\/\"},{\"@type\":\"ListItem\",\"position\":2,\"name\":\"Rechtliche Hinweise \/ Nutzungsrechte\"}]},{\"@type\":\"WebSite\",\"@id\":\"https:\/\/preprod-lourdes.cawita.com\/#website\",\"url\":\"https:\/\/preprod-lourdes.cawita.com\/\",\"name\":\"Soutenir le Sanctuaire Notre-Dame de Lourdes\",\"description\":\"\",\"potentialAction\":[{\"@type\":\"SearchAction\",\"target\":{\"@type\":\"EntryPoint\",\"urlTemplate\":\"https:\/\/preprod-lourdes.cawita.com\/?s={search_term_string}\"},\"query-input\":{\"@type\":\"PropertyValueSpecification\",\"valueRequired\":true,\"valueName\":\"search_term_string\"}}],\"inLanguage\":\"de\"}]}<\/script>\n<!-- \/ Yoast SEO plugin. -->","yoast_head_json":{"title":"Rechtliche Hinweise \/ Nutzungsrechte","robots":{"index":"index","follow":"follow","max-snippet":"max-snippet:-1","max-image-preview":"max-image-preview:large","max-video-preview":"max-video-preview:-1"},"canonical":"https:\/\/www.lourdes-france.org\/de\/mentions-legales\/","twitter_misc":{"Gesch\u00e4tzte Lesezeit":"9\u00a0Minuten"},"schema":{"@context":"https:\/\/schema.org","@graph":[{"@type":"WebPage","@id":"https:\/\/www.lourdes-france.org\/de\/mentions-legales\/","url":"https:\/\/www.lourdes-france.org\/de\/mentions-legales\/","name":"Rechtliche Hinweise \/ Nutzungsrechte","isPartOf":{"@id":"https:\/\/preprod-lourdes.cawita.com\/#website"},"datePublished":"2018-07-30T14:46:06+00:00","dateModified":"2024-02-07T15:23:55+00:00","breadcrumb":{"@id":"https:\/\/www.lourdes-france.org\/de\/mentions-legales\/#breadcrumb"},"inLanguage":"de","potentialAction":[{"@type":"ReadAction","target":["https:\/\/www.lourdes-france.org\/de\/mentions-legales\/"]}]},{"@type":"BreadcrumbList","@id":"https:\/\/www.lourdes-france.org\/de\/mentions-legales\/#breadcrumb","itemListElement":[{"@type":"ListItem","position":1,"name":"Accueil","item":"https:\/\/www.lourdes-france.org\/"},{"@type":"ListItem","position":2,"name":"Rechtliche Hinweise \/ Nutzungsrechte"}]},{"@type":"WebSite","@id":"https:\/\/preprod-lourdes.cawita.com\/#website","url":"https:\/\/preprod-lourdes.cawita.com\/","name":"Soutenir le Sanctuaire Notre-Dame de Lourdes","description":"","potentialAction":[{"@type":"SearchAction","target":{"@type":"EntryPoint","urlTemplate":"https:\/\/preprod-lourdes.cawita.com\/?s={search_term_string}"},"query-input":{"@type":"PropertyValueSpecification","valueRequired":true,"valueName":"search_term_string"}}],"inLanguage":"de"}]}},"_links":{"self":[{"href":"https:\/\/www.lourdes-france.org\/de\/wp-json\/wp\/v2\/pages\/8511","targetHints":{"allow":["GET"]}}],"collection":[{"href":"https:\/\/www.lourdes-france.org\/de\/wp-json\/wp\/v2\/pages"}],"about":[{"href":"https:\/\/www.lourdes-france.org\/de\/wp-json\/wp\/v2\/types\/page"}],"author":[{"embeddable":true,"href":"https:\/\/www.lourdes-france.org\/de\/wp-json\/wp\/v2\/users\/7"}],"replies":[{"embeddable":true,"href":"https:\/\/www.lourdes-france.org\/de\/wp-json\/wp\/v2\/comments?post=8511"}],"version-history":[{"count":3,"href":"https:\/\/www.lourdes-france.org\/de\/wp-json\/wp\/v2\/pages\/8511\/revisions"}],"predecessor-version":[{"id":907102,"href":"https:\/\/www.lourdes-france.org\/de\/wp-json\/wp\/v2\/pages\/8511\/revisions\/907102"}],"wp:attachment":[{"href":"https:\/\/www.lourdes-france.org\/de\/wp-json\/wp\/v2\/media?parent=8511"}],"curies":[{"name":"wp","href":"https:\/\/api.w.org\/{rel}","templated":true}]}}