{"id":886172,"date":"2022-03-24T10:31:30","date_gmt":"2022-03-24T09:31:30","guid":{"rendered":"https:\/\/www.lourdes-france.org\/la-grotte-des-apparitions\/"},"modified":"2022-12-12T10:32:24","modified_gmt":"2022-12-12T09:32:24","slug":"la-grotte-des-apparitions","status":"publish","type":"page","link":"https:\/\/www.lourdes-france.org\/de\/la-grotte-des-apparitions\/","title":{"rendered":"Die Erscheinungsgrotte zu Massabielle"},"content":{"rendered":"\t\t<div data-elementor-type=\"wp-page\" data-elementor-id=\"886172\" class=\"elementor elementor-886172 elementor-848430\" data-elementor-post-type=\"page\">\n\t\t\t\t\t\t<section class=\"elementor-section elementor-top-section elementor-element elementor-element-5e6549a2 elementor-section-full_width elementor-section-stretched elementor-section-height-default elementor-section-height-default\" data-id=\"5e6549a2\" data-element_type=\"section\" data-settings=\"{&quot;stretch_section&quot;:&quot;section-stretched&quot;}\">\n\t\t\t\t\t\t<div class=\"elementor-container elementor-column-gap-default\">\n\t\t\t\t\t<div class=\"elementor-column elementor-col-100 elementor-top-column elementor-element elementor-element-2e9a6ecb\" data-id=\"2e9a6ecb\" data-element_type=\"column\">\n\t\t\t<div class=\"elementor-widget-wrap elementor-element-populated\">\n\t\t\t\t\t\t<div class=\"elementor-element elementor-element-22ecc232 elementor-widget elementor-widget-image\" data-id=\"22ecc232\" data-element_type=\"widget\" data-widget_type=\"image.default\">\n\t\t\t\t<div class=\"elementor-widget-container\">\n\t\t\t\t\t\t\t\t\t\t\t\t\t\t\t<img fetchpriority=\"high\" decoding=\"async\" width=\"1200\" height=\"800\" src=\"https:\/\/www.lourdes-france.org\/wp-content\/uploads\/2022\/03\/Vignette_Grotte_1200x800px.jpg\" class=\"attachment-full size-full wp-image-848442\" alt=\"\" srcset=\"https:\/\/www.lourdes-france.org\/wp-content\/uploads\/2022\/03\/Vignette_Grotte_1200x800px.jpg 1200w, https:\/\/www.lourdes-france.org\/wp-content\/uploads\/2022\/03\/Vignette_Grotte_1200x800px-300x200.jpg 300w, https:\/\/www.lourdes-france.org\/wp-content\/uploads\/2022\/03\/Vignette_Grotte_1200x800px-1024x683.jpg 1024w, https:\/\/www.lourdes-france.org\/wp-content\/uploads\/2022\/03\/Vignette_Grotte_1200x800px-768x512.jpg 768w\" sizes=\"(max-width: 1200px) 100vw, 1200px\" \/>\t\t\t\t\t\t\t\t\t\t\t\t\t\t\t<\/div>\n\t\t\t\t<\/div>\n\t\t\t\t\t<\/div>\n\t\t<\/div>\n\t\t\t\t\t<\/div>\n\t\t<\/section>\n\t\t\t\t<section class=\"elementor-section elementor-top-section elementor-element elementor-element-596d0202 elementor-section-boxed elementor-section-height-default elementor-section-height-default\" data-id=\"596d0202\" data-element_type=\"section\">\n\t\t\t\t\t\t<div class=\"elementor-container elementor-column-gap-default\">\n\t\t\t\t\t<div class=\"elementor-column elementor-col-100 elementor-top-column elementor-element elementor-element-206a01db\" data-id=\"206a01db\" data-element_type=\"column\">\n\t\t\t<div class=\"elementor-widget-wrap elementor-element-populated\">\n\t\t\t\t\t\t<div class=\"elementor-element elementor-element-124efdf8 elementor-widget elementor-widget-heading\" data-id=\"124efdf8\" data-element_type=\"widget\" data-widget_type=\"heading.default\">\n\t\t\t\t<div class=\"elementor-widget-container\">\n\t\t\t\t\t<h1 class=\"elementor-heading-title elementor-size-default\">Die Erscheinungsgrotte zu Massabielle<\/h1>\t\t\t\t<\/div>\n\t\t\t\t<\/div>\n\t\t\t\t\t<\/div>\n\t\t<\/div>\n\t\t\t\t\t<\/div>\n\t\t<\/section>\n\t\t\t\t<section class=\"elementor-section elementor-top-section elementor-element elementor-element-1d8b85c elementor-section-boxed elementor-section-height-default elementor-section-height-default\" data-id=\"1d8b85c\" data-element_type=\"section\" data-settings=\"{&quot;background_background&quot;:&quot;classic&quot;}\">\n\t\t\t\t\t\t<div class=\"elementor-container elementor-column-gap-default\">\n\t\t\t\t\t<div class=\"elementor-column elementor-col-100 elementor-top-column elementor-element elementor-element-a8a6888\" data-id=\"a8a6888\" data-element_type=\"column\">\n\t\t\t<div class=\"elementor-widget-wrap elementor-element-populated\">\n\t\t\t\t\t\t<div class=\"elementor-element elementor-element-85b7326 elementor-widget elementor-widget-text-editor\" data-id=\"85b7326\" data-element_type=\"widget\" data-widget_type=\"text-editor.default\">\n\t\t\t\t<div class=\"elementor-widget-container\">\n\t\t\t\t\t\t\t\t\t<p><strong>Die Grotte Massabielle zu besuchen, ist ein Muss f\u00fcr jeden Besucher, egal er ob als Passant oder als gl\u00e4ubiger Mensch zur Wallfahrtsst\u00e4tte nach Lourdes kommt. Der Besuch der Grotte vollzieht sich in Stille. Die meisten Menschen ber\u00fchren die Felswand der Grotte, aus Respekt oder um einen Wunsch oder ein Gebet auszusprechen. Passagen werden auch f\u00fcr Pilger mit Behinderungen organisiert.<br \/><br \/>In der Tat ist diese Grotte das Abbild des unsichtbaren Gottes, der uns Kraft verleiht! <em>\u201eHerr, du mein Fels und meine Burg und mein Retter; mein Gott, mein Fels, bei dem ich mich berge, mein Schild und Horn meines Heils, meine Zuflucht\u201c<\/em> (Ps 18,3).<br \/><br \/>Die Jungfrau Maria erschien \u00fcber dem Rosenstrauch in der Nische, um uns mitzuteilen, dass sie uns zum Herrn f\u00fchrt und sie auf dem Weg vorrangeht, es aber Christus, der Herr, ist, dem wir folgen m\u00fcssen.<\/strong><\/p>\t\t\t\t\t\t\t\t<\/div>\n\t\t\t\t<\/div>\n\t\t\t\t\t<\/div>\n\t\t<\/div>\n\t\t\t\t\t<\/div>\n\t\t<\/section>\n\t\t\t\t<section class=\"elementor-section elementor-top-section elementor-element elementor-element-8a07cf3 elementor-section-boxed elementor-section-height-default elementor-section-height-default\" data-id=\"8a07cf3\" data-element_type=\"section\">\n\t\t\t\t\t\t<div class=\"elementor-container elementor-column-gap-default\">\n\t\t\t\t\t<div class=\"elementor-column elementor-col-100 elementor-top-column elementor-element elementor-element-460f2ed\" data-id=\"460f2ed\" data-element_type=\"column\">\n\t\t\t<div class=\"elementor-widget-wrap elementor-element-populated\">\n\t\t\t\t\t\t<div class=\"elementor-element elementor-element-ef5b4ce elementor-widget elementor-widget-video\" data-id=\"ef5b4ce\" data-element_type=\"widget\" data-settings=\"{&quot;youtube_url&quot;:&quot;https:\\\/\\\/youtu.be\\\/xTWx-b93JJk&quot;,&quot;video_type&quot;:&quot;youtube&quot;,&quot;controls&quot;:&quot;yes&quot;}\" data-widget_type=\"video.default\">\n\t\t\t\t<div class=\"elementor-widget-container\">\n\t\t\t\t\t\t\t<div class=\"elementor-wrapper elementor-open-inline\">\n\t\t\t<div class=\"elementor-video\"><\/div>\t\t<\/div>\n\t\t\t\t\t\t<\/div>\n\t\t\t\t<\/div>\n\t\t\t\t\t<\/div>\n\t\t<\/div>\n\t\t\t\t\t<\/div>\n\t\t<\/section>\n\t\t\t\t<section class=\"elementor-section elementor-top-section elementor-element elementor-element-8355dbb elementor-section-boxed elementor-section-height-default elementor-section-height-default\" data-id=\"8355dbb\" data-element_type=\"section\">\n\t\t\t\t\t\t<div class=\"elementor-container elementor-column-gap-default\">\n\t\t\t\t\t<div class=\"elementor-column elementor-col-100 elementor-top-column elementor-element elementor-element-e82a482\" data-id=\"e82a482\" data-element_type=\"column\">\n\t\t\t<div class=\"elementor-widget-wrap elementor-element-populated\">\n\t\t\t\t\t\t<div class=\"elementor-element elementor-element-0545bfd elementor-widget elementor-widget-text-editor\" data-id=\"0545bfd\" data-element_type=\"widget\" data-widget_type=\"text-editor.default\">\n\t\t\t\t<div class=\"elementor-widget-container\">\n\t\t\t\t\t\t\t\t\t<p>Die Grotte von Massabielle befindet sich unterhalb der Stadt Lourdes, die von der Burg dominiert wird. Die Sonne f\u00e4llt niemals auf diesen schwarzen Felsen. Die Grotte von Massabielle misst 3,80 Meter in der H\u00f6he, 9,50 Meter in der Tiefe und 9,85 Meter in der Breite. Sie entspricht einer Spalte in einer Felswand von 27 Metern H\u00f6he. Die Wand ist stellenweise glatt und feucht. Die Grotte ist somit eine einfache Kalksteinh\u00f6hle. Abgesehen vom sichtbaren, ebenerdigen Bereich (wo der Altar steht) und dem Oberlicht (wo die Statue der Jungfrau installiert ist), hat die H\u00f6hle eine Karstausdehnung von etwa zehn Metern, was sie zu einer \u201eechten Karstgrotte\u201c und nicht zu einem einfachen Felsunterschlupf macht, wie es regelm\u00e4\u00dfig beschrieben wird.<br \/>Seit der neunten Erscheinung am 25. Februar 1858 flie\u00dft eine Quelle in die Grotte. Diese Quelle wurde 1974 erschlossen und das Wasser in ein Auffangbecken unter den Basiliken geleitet. Pilger k\u00f6nnen dieses Wasser von 10\u00b0C trinken und sie k\u00f6nnen es an den Wasserh\u00e4hnen abf\u00fcllen, deren Standort mehrmals ge\u00e4ndert wurde, um eine Atmosph\u00e4re der Stille und Meditation in der N\u00e4he der Grotte zu wahren. Sie k\u00f6nnen auch in den B\u00e4dern baden (erbaut 1882 und deren Standort sich ebenfalls ge\u00e4ndert hat, um kranke Pilger besser aufzunehmen), die sich rechts unterhalb der Quelle befinden. Der Vorplatz der B\u00e4der wird von einer gro\u00dfen, naturnah inspirierten Markise \u00fcberspannt.<br \/>1861 kaufte der Bischof Bertrand-S\u00e9v\u00e8re Laurence, Bischof von Tarbes, die Grotte von der Gemeinde.<br \/>Die von Joseph-Hugues Fabisch (der Name des Bildhauers ist auf dem Sockel deutlich zu sehen) geschaffene Statue der Jungfrau aus Carrara-Marmor, befindet sich oben rechts in der Grotte in zwei Meter H\u00f6he, in der Nebenh\u00f6hle des Felsen, die Erscheinungs-Nische genannt wird. Sie wurde am 4. April 1864, w\u00e4hrend der ersten von der Kirche autorisierten Prozession eingeweiht, an der etwa 20.000 Menschen, darunter 200 Priester, teilnahmen.<\/p>\t\t\t\t\t\t\t\t<\/div>\n\t\t\t\t<\/div>\n\t\t\t\t\t<\/div>\n\t\t<\/div>\n\t\t\t\t\t<\/div>\n\t\t<\/section>\n\t\t\t\t<\/div>\n\t\t","protected":false},"excerpt":{"rendered":"<p>Die Erscheinungsgrotte zu Massabielle Die Grotte Massabielle zu besuchen, ist ein Muss f\u00fcr jeden Besucher, egal er ob als Passant oder als gl\u00e4ubiger Mensch zur Wallfahrtsst\u00e4tte nach Lourdes kommt. Der Besuch der Grotte vollzieht sich in Stille. Die meisten Menschen &hellip; <a href=\"https:\/\/www.lourdes-france.org\/de\/la-grotte-des-apparitions\/\">Weiter<\/a><\/p>\n","protected":false},"author":7,"featured_media":0,"parent":0,"menu_order":0,"comment_status":"closed","ping_status":"closed","template":"","meta":{"_acf_changed":false,"footnotes":""},"class_list":["post-886172","page","type-page","status-publish","hentry"],"acf":[],"yoast_head":"<!-- This site is optimized with the Yoast SEO plugin v24.7 - https:\/\/yoast.com\/wordpress\/plugins\/seo\/ -->\n<title>La Grotte des apparitions<\/title>\n<meta name=\"description\" content=\"La grotte de Massabielle est un passage oblig\u00e9 pour tout visiteur se rendant au sanctuaire de Lourdes, qu\u2019il soit simple visiteur ou croyant.\" \/>\n<meta name=\"robots\" content=\"index, follow, max-snippet:-1, max-image-preview:large, max-video-preview:-1\" \/>\n<link rel=\"canonical\" href=\"https:\/\/www.lourdes-france.org\/de\/la-grotte-des-apparitions\/\" \/>\n<meta name=\"twitter:label1\" content=\"Gesch\u00e4tzte Lesezeit\" \/>\n\t<meta name=\"twitter:data1\" content=\"3\u00a0Minuten\" \/>\n<script type=\"application\/ld+json\" class=\"yoast-schema-graph\">{\"@context\":\"https:\/\/schema.org\",\"@graph\":[{\"@type\":\"WebPage\",\"@id\":\"https:\/\/www.lourdes-france.org\/de\/la-grotte-des-apparitions\/\",\"url\":\"https:\/\/www.lourdes-france.org\/de\/la-grotte-des-apparitions\/\",\"name\":\"La Grotte des apparitions\",\"isPartOf\":{\"@id\":\"https:\/\/preprod-lourdes.cawita.com\/#website\"},\"primaryImageOfPage\":{\"@id\":\"https:\/\/www.lourdes-france.org\/de\/la-grotte-des-apparitions\/#primaryimage\"},\"image\":{\"@id\":\"https:\/\/www.lourdes-france.org\/de\/la-grotte-des-apparitions\/#primaryimage\"},\"thumbnailUrl\":\"https:\/\/www.lourdes-france.org\/wp-content\/uploads\/2022\/03\/Vignette_Grotte_1200x800px.jpg\",\"datePublished\":\"2022-03-24T09:31:30+00:00\",\"dateModified\":\"2022-12-12T09:32:24+00:00\",\"description\":\"La grotte de Massabielle est un passage oblig\u00e9 pour tout visiteur se rendant au sanctuaire de Lourdes, qu\u2019il soit simple visiteur ou croyant.\",\"breadcrumb\":{\"@id\":\"https:\/\/www.lourdes-france.org\/de\/la-grotte-des-apparitions\/#breadcrumb\"},\"inLanguage\":\"de\",\"potentialAction\":[{\"@type\":\"ReadAction\",\"target\":[\"https:\/\/www.lourdes-france.org\/de\/la-grotte-des-apparitions\/\"]}]},{\"@type\":\"ImageObject\",\"inLanguage\":\"de\",\"@id\":\"https:\/\/www.lourdes-france.org\/de\/la-grotte-des-apparitions\/#primaryimage\",\"url\":\"https:\/\/www.lourdes-france.org\/wp-content\/uploads\/2022\/03\/Vignette_Grotte_1200x800px.jpg\",\"contentUrl\":\"https:\/\/www.lourdes-france.org\/wp-content\/uploads\/2022\/03\/Vignette_Grotte_1200x800px.jpg\"},{\"@type\":\"BreadcrumbList\",\"@id\":\"https:\/\/www.lourdes-france.org\/de\/la-grotte-des-apparitions\/#breadcrumb\",\"itemListElement\":[{\"@type\":\"ListItem\",\"position\":1,\"name\":\"Accueil\",\"item\":\"https:\/\/www.lourdes-france.org\/\"},{\"@type\":\"ListItem\",\"position\":2,\"name\":\"Die Erscheinungsgrotte zu Massabielle\"}]},{\"@type\":\"WebSite\",\"@id\":\"https:\/\/preprod-lourdes.cawita.com\/#website\",\"url\":\"https:\/\/preprod-lourdes.cawita.com\/\",\"name\":\"Soutenir le Sanctuaire Notre-Dame de Lourdes\",\"description\":\"\",\"potentialAction\":[{\"@type\":\"SearchAction\",\"target\":{\"@type\":\"EntryPoint\",\"urlTemplate\":\"https:\/\/preprod-lourdes.cawita.com\/?s={search_term_string}\"},\"query-input\":{\"@type\":\"PropertyValueSpecification\",\"valueRequired\":true,\"valueName\":\"search_term_string\"}}],\"inLanguage\":\"de\"}]}<\/script>\n<!-- \/ Yoast SEO plugin. -->","yoast_head_json":{"title":"La Grotte des apparitions","description":"La grotte de Massabielle est un passage oblig\u00e9 pour tout visiteur se rendant au sanctuaire de Lourdes, qu\u2019il soit simple visiteur ou croyant.","robots":{"index":"index","follow":"follow","max-snippet":"max-snippet:-1","max-image-preview":"max-image-preview:large","max-video-preview":"max-video-preview:-1"},"canonical":"https:\/\/www.lourdes-france.org\/de\/la-grotte-des-apparitions\/","twitter_misc":{"Gesch\u00e4tzte Lesezeit":"3\u00a0Minuten"},"schema":{"@context":"https:\/\/schema.org","@graph":[{"@type":"WebPage","@id":"https:\/\/www.lourdes-france.org\/de\/la-grotte-des-apparitions\/","url":"https:\/\/www.lourdes-france.org\/de\/la-grotte-des-apparitions\/","name":"La Grotte des apparitions","isPartOf":{"@id":"https:\/\/preprod-lourdes.cawita.com\/#website"},"primaryImageOfPage":{"@id":"https:\/\/www.lourdes-france.org\/de\/la-grotte-des-apparitions\/#primaryimage"},"image":{"@id":"https:\/\/www.lourdes-france.org\/de\/la-grotte-des-apparitions\/#primaryimage"},"thumbnailUrl":"https:\/\/www.lourdes-france.org\/wp-content\/uploads\/2022\/03\/Vignette_Grotte_1200x800px.jpg","datePublished":"2022-03-24T09:31:30+00:00","dateModified":"2022-12-12T09:32:24+00:00","description":"La grotte de Massabielle est un passage oblig\u00e9 pour tout visiteur se rendant au sanctuaire de Lourdes, qu\u2019il soit simple visiteur ou croyant.","breadcrumb":{"@id":"https:\/\/www.lourdes-france.org\/de\/la-grotte-des-apparitions\/#breadcrumb"},"inLanguage":"de","potentialAction":[{"@type":"ReadAction","target":["https:\/\/www.lourdes-france.org\/de\/la-grotte-des-apparitions\/"]}]},{"@type":"ImageObject","inLanguage":"de","@id":"https:\/\/www.lourdes-france.org\/de\/la-grotte-des-apparitions\/#primaryimage","url":"https:\/\/www.lourdes-france.org\/wp-content\/uploads\/2022\/03\/Vignette_Grotte_1200x800px.jpg","contentUrl":"https:\/\/www.lourdes-france.org\/wp-content\/uploads\/2022\/03\/Vignette_Grotte_1200x800px.jpg"},{"@type":"BreadcrumbList","@id":"https:\/\/www.lourdes-france.org\/de\/la-grotte-des-apparitions\/#breadcrumb","itemListElement":[{"@type":"ListItem","position":1,"name":"Accueil","item":"https:\/\/www.lourdes-france.org\/"},{"@type":"ListItem","position":2,"name":"Die Erscheinungsgrotte zu Massabielle"}]},{"@type":"WebSite","@id":"https:\/\/preprod-lourdes.cawita.com\/#website","url":"https:\/\/preprod-lourdes.cawita.com\/","name":"Soutenir le Sanctuaire Notre-Dame de Lourdes","description":"","potentialAction":[{"@type":"SearchAction","target":{"@type":"EntryPoint","urlTemplate":"https:\/\/preprod-lourdes.cawita.com\/?s={search_term_string}"},"query-input":{"@type":"PropertyValueSpecification","valueRequired":true,"valueName":"search_term_string"}}],"inLanguage":"de"}]}},"_links":{"self":[{"href":"https:\/\/www.lourdes-france.org\/de\/wp-json\/wp\/v2\/pages\/886172","targetHints":{"allow":["GET"]}}],"collection":[{"href":"https:\/\/www.lourdes-france.org\/de\/wp-json\/wp\/v2\/pages"}],"about":[{"href":"https:\/\/www.lourdes-france.org\/de\/wp-json\/wp\/v2\/types\/page"}],"author":[{"embeddable":true,"href":"https:\/\/www.lourdes-france.org\/de\/wp-json\/wp\/v2\/users\/7"}],"replies":[{"embeddable":true,"href":"https:\/\/www.lourdes-france.org\/de\/wp-json\/wp\/v2\/comments?post=886172"}],"version-history":[{"count":3,"href":"https:\/\/www.lourdes-france.org\/de\/wp-json\/wp\/v2\/pages\/886172\/revisions"}],"predecessor-version":[{"id":886181,"href":"https:\/\/www.lourdes-france.org\/de\/wp-json\/wp\/v2\/pages\/886172\/revisions\/886181"}],"wp:attachment":[{"href":"https:\/\/www.lourdes-france.org\/de\/wp-json\/wp\/v2\/media?parent=886172"}],"curies":[{"name":"wp","href":"https:\/\/api.w.org\/{rel}","templated":true}]}}