{"id":886197,"date":"2022-03-25T14:25:45","date_gmt":"2022-03-25T13:25:45","guid":{"rendered":"https:\/\/www.lourdes-france.org\/la-frequentation-en-lourdes\/"},"modified":"2024-06-20T08:49:30","modified_gmt":"2024-06-20T06:49:30","slug":"la-frequentation-en-lourdes","status":"publish","type":"page","link":"https:\/\/www.lourdes-france.org\/de\/la-frequentation-en-lourdes\/","title":{"rendered":"Die ganze Welt kommt nach Lourdes"},"content":{"rendered":"\t\t<div data-elementor-type=\"wp-page\" data-elementor-id=\"886197\" class=\"elementor elementor-886197\" data-elementor-post-type=\"page\">\n\t\t\t\t\t\t<section class=\"elementor-section elementor-top-section elementor-element elementor-element-12755932 elementor-section-full_width elementor-section-stretched elementor-section-height-default elementor-section-height-default\" data-id=\"12755932\" data-element_type=\"section\" data-settings=\"{&quot;stretch_section&quot;:&quot;section-stretched&quot;}\">\n\t\t\t\t\t\t<div class=\"elementor-container elementor-column-gap-default\">\n\t\t\t\t\t<div class=\"elementor-column elementor-col-100 elementor-top-column elementor-element elementor-element-66375c47\" data-id=\"66375c47\" data-element_type=\"column\">\n\t\t\t<div class=\"elementor-widget-wrap elementor-element-populated\">\n\t\t\t\t\t\t<div class=\"elementor-element elementor-element-79dde582 elementor-widget elementor-widget-image\" data-id=\"79dde582\" data-element_type=\"widget\" data-widget_type=\"image.default\">\n\t\t\t\t<div class=\"elementor-widget-container\">\n\t\t\t\t\t\t\t\t\t\t\t\t\t\t\t<img fetchpriority=\"high\" decoding=\"async\" width=\"2048\" height=\"1365\" src=\"https:\/\/www.lourdes-france.org\/wp-content\/uploads\/2022\/08\/8_AOUT_redimensionner-2048x1365.jpg\" class=\"attachment-2048x2048 size-2048x2048 wp-image-865684\" alt=\"\" srcset=\"https:\/\/www.lourdes-france.org\/wp-content\/uploads\/2022\/08\/8_AOUT_redimensionner-2048x1365.jpg 2048w, https:\/\/www.lourdes-france.org\/wp-content\/uploads\/2022\/08\/8_AOUT_redimensionner-300x200.jpg 300w, https:\/\/www.lourdes-france.org\/wp-content\/uploads\/2022\/08\/8_AOUT_redimensionner-1024x683.jpg 1024w, https:\/\/www.lourdes-france.org\/wp-content\/uploads\/2022\/08\/8_AOUT_redimensionner-768x512.jpg 768w, https:\/\/www.lourdes-france.org\/wp-content\/uploads\/2022\/08\/8_AOUT_redimensionner-1536x1024.jpg 1536w\" sizes=\"(max-width: 2048px) 100vw, 2048px\" \/>\t\t\t\t\t\t\t\t\t\t\t\t\t\t\t<\/div>\n\t\t\t\t<\/div>\n\t\t\t\t\t<\/div>\n\t\t<\/div>\n\t\t\t\t\t<\/div>\n\t\t<\/section>\n\t\t\t\t<section class=\"elementor-section elementor-top-section elementor-element elementor-element-604e8393 elementor-section-boxed elementor-section-height-default elementor-section-height-default\" data-id=\"604e8393\" data-element_type=\"section\">\n\t\t\t\t\t\t<div class=\"elementor-container elementor-column-gap-default\">\n\t\t\t\t\t<div class=\"elementor-column elementor-col-100 elementor-top-column elementor-element elementor-element-5c698f1a\" data-id=\"5c698f1a\" data-element_type=\"column\">\n\t\t\t<div class=\"elementor-widget-wrap elementor-element-populated\">\n\t\t\t\t\t\t<div class=\"elementor-element elementor-element-17c5882d elementor-widget elementor-widget-heading\" data-id=\"17c5882d\" data-element_type=\"widget\" data-widget_type=\"heading.default\">\n\t\t\t\t<div class=\"elementor-widget-container\">\n\t\t\t\t\t<h1 class=\"elementor-heading-title elementor-size-default\">Die ganze Welt kommt nach Lourdes<\/h1>\t\t\t\t<\/div>\n\t\t\t\t<\/div>\n\t\t\t\t\t<\/div>\n\t\t<\/div>\n\t\t\t\t\t<\/div>\n\t\t<\/section>\n\t\t\t\t<section class=\"elementor-section elementor-top-section elementor-element elementor-element-d58d35a elementor-section-boxed elementor-section-height-default elementor-section-height-default\" data-id=\"d58d35a\" data-element_type=\"section\">\n\t\t\t\t\t\t<div class=\"elementor-container elementor-column-gap-default\">\n\t\t\t\t\t<div class=\"elementor-column elementor-col-100 elementor-top-column elementor-element elementor-element-ed7e4ed\" data-id=\"ed7e4ed\" data-element_type=\"column\">\n\t\t\t<div class=\"elementor-widget-wrap elementor-element-populated\">\n\t\t\t\t\t\t<div class=\"elementor-element elementor-element-99bc134 elementor-widget elementor-widget-text-editor\" data-id=\"99bc134\" data-element_type=\"widget\" data-widget_type=\"text-editor.default\">\n\t\t\t\t<div class=\"elementor-widget-container\">\n\t\t\t\t\t\t\t\t\t<h2 style=\"text-align: left;\">Lourdes ist seit seiner Gr\u00fcndung ein internationales Heiligtum<\/h2><p>Ob auf Pilgerreise oder auf Besuch f\u00fcr einige Stunden, die Wallfahrtsst\u00e4tte Unserer Lieben Frau von Lourdes ist ein Treffpunkt, der allen offen steht.<br \/>Die Wallfahrtsst\u00e4tte ist mehr als ein historisches Geb\u00e4ude, das erhalten wird; Es ist ein lebendiger Ort, der sich Jahr f\u00fcr Jahr verwandelt, um die Pilger besser aufzunehmen und um die Universalit\u00e4t der Botschaft von Lourdes erfahrbar zu machen.<\/p><p>Seit den Erscheinungen im Jahr 1858 scharten sich die Massen in die Grotte von Massabielle um die kleine Bernadette Soubirous. Ein Zustrom, der nie abriss.<br \/>Die erste Wallfahrt aus dem Ausland fand in Jahr 1874 statt: Die belgische nationale Wallfahrt kam brachte mehr als tausend Pilger nach Lourdes.<\/p><p>Um diese st\u00e4ndig anwachsenden Pilgermassen aufnehmen zu k\u00f6nnen, hat das Heiligtum im Laufe der Jahre Basiliken, eine Kirche, Kapellen, eine Krankenherberge errichtet.<\/p><p>Pilger f\u00fcr einen Tag oder, in der Regel Pilger mit der Familie oder einer Di\u00f6zese, als Gl\u00e4ubige oder als Kurzzeitbesucher, ist es sehr schwierig, ein \u201etypisches Profil\u201c des Pilgers festzumachen.<br \/>Dennoch kann man unterscheiden:<\/p><p><span style=\"color: #007a9e;\"><strong>&#8211; Pilger<\/strong><\/span><br \/>Sie sind alle, die mit einem geistlichen Verlangen nach Lourdes kommen.<br \/>Es ist oft eine Pfarrei, eine Di\u00f6zese, ein Land, eine Ordensfamilie oder sogar ein Reiseveranstalter. Diese Pilgerorganisationen haben oft mehrere Dutzend Ausformungen.<br \/>Das Heiligtum kennt ihre genaue Anzahl, da sie aufgelistet sind. Sie sind in engem Kontakt mit der Wallfahrtsst\u00e4tte zur Reservation von Orten und Sonderw\u00fcnsche.<\/p><p><span style=\"color: #007a9e;\"><strong>&#8211; Besucher<\/strong><\/span><br \/>Dies sind diejenigen, die allein oder mit ihrer Familie f\u00fcr ein paar Tage oder ein paar Stunden nach Lourdes kommen. <br \/>Sie mischen sich unter die gro\u00dfe Menge von Pilgern und nehmen manchmal an Zelebrationen teil.<br \/>Pilger und Besucher aus aller Welt: 80 Nationalit\u00e4ten werden im Heiligtum willkommen gehei\u00dfen<br \/>Lourdes ist international, weil die Einfachheit und Tiefe seiner Botschaft Menschenmassen aus allen Nationen und Urspr\u00fcngen zusammenbringt.<br \/>Die Wallfahrtsst\u00e4tte hei\u00dft alle Welt und die ganze Gesellschaft willkommen, unabh\u00e4ngig von ihrer Kultur, Religion oder ihrer Abwesenheit. Jeder wird hier das finden, was er sucht.<\/p>\t\t\t\t\t\t\t\t<\/div>\n\t\t\t\t<\/div>\n\t\t\t\t\t<\/div>\n\t\t<\/div>\n\t\t\t\t\t<\/div>\n\t\t<\/section>\n\t\t\t\t<section class=\"elementor-section elementor-top-section elementor-element elementor-element-c5d3d6f elementor-section-boxed elementor-section-height-default elementor-section-height-default\" data-id=\"c5d3d6f\" data-element_type=\"section\">\n\t\t\t\t\t\t<div class=\"elementor-container elementor-column-gap-default\">\n\t\t\t\t\t<div class=\"elementor-column elementor-col-100 elementor-top-column elementor-element elementor-element-7d811a1\" data-id=\"7d811a1\" data-element_type=\"column\">\n\t\t\t<div class=\"elementor-widget-wrap elementor-element-populated\">\n\t\t\t\t\t\t<div class=\"elementor-element elementor-element-2a3f2f4 elementor-widget elementor-widget-text-editor\" data-id=\"2a3f2f4\" data-element_type=\"widget\" data-widget_type=\"text-editor.default\">\n\t\t\t\t<div class=\"elementor-widget-container\">\n\t\t\t\t\t\t\t\t\t<h2 style=\"text-align: left;\">Lourdes ist auf der ganzen Welt<\/h2>\n<p>\u201eLourdes\u201c ist ein Name, der auf der ganzen Welt bekannt ist.<br>Auf allen Kontinenten gibt es unz\u00e4hlige Nachahmungen der Grotte von Massabielle; aber auch Pfarreien, Schulen, sind nach \u201eUnsere Liebe Frau von Lourdes\u201c benannt.<\/p>\n<p><strong><span style=\"color: #007a9e;\">Einige Zahlen<\/span><br><\/strong>Organisierte Wallfahrten mit kranken Pilgern<br>2019: 445 000 Pilger<br>2020: 35 000 Pilger<br>2021: 100 000 Pilger<br>2022: 175 000 Pilger<br>2023: 370 000 Pilger<\/p>\n<p>Der Zustrom von Einzelpilger und Besuchern<br>2019: Genaue Anzahl unbekannt&nbsp;(gesch\u00e4tzt 3,5 Millionen)<br>2020: 800 000 Besucher<br>2021: 1,6 Mio. Besucher<br>2022: 2,7 Mio. Besucher<br>2023: 3,1 Mio. Besucher<br><\/p>\t\t\t\t\t\t\t\t<\/div>\n\t\t\t\t<\/div>\n\t\t\t\t\t<\/div>\n\t\t<\/div>\n\t\t\t\t\t<\/div>\n\t\t<\/section>\n\t\t\t\t<section class=\"elementor-section elementor-top-section elementor-element elementor-element-70b30d5 elementor-section-boxed elementor-section-height-default elementor-section-height-default\" data-id=\"70b30d5\" data-element_type=\"section\">\n\t\t\t\t\t\t<div class=\"elementor-container elementor-column-gap-default\">\n\t\t\t\t\t<div class=\"elementor-column elementor-col-100 elementor-top-column elementor-element elementor-element-ee8deed\" data-id=\"ee8deed\" data-element_type=\"column\">\n\t\t\t<div class=\"elementor-widget-wrap elementor-element-populated\">\n\t\t\t\t\t\t<div class=\"elementor-element elementor-element-1618131 elementor-widget elementor-widget-image\" data-id=\"1618131\" data-element_type=\"widget\" data-widget_type=\"image.default\">\n\t\t\t\t<div class=\"elementor-widget-container\">\n\t\t\t\t\t\t\t\t\t\t\t\t\t\t\t<img decoding=\"async\" width=\"500\" height=\"333\" src=\"https:\/\/www.lourdes-france.org\/wp-content\/uploads\/2022\/06\/Vignette_Frequentation2_500x333px.jpg\" class=\"attachment-large size-large wp-image-861082\" alt=\"\" srcset=\"https:\/\/www.lourdes-france.org\/wp-content\/uploads\/2022\/06\/Vignette_Frequentation2_500x333px.jpg 500w, https:\/\/www.lourdes-france.org\/wp-content\/uploads\/2022\/06\/Vignette_Frequentation2_500x333px-300x200.jpg 300w\" sizes=\"(max-width: 500px) 100vw, 500px\" \/>\t\t\t\t\t\t\t\t\t\t\t\t\t\t\t<\/div>\n\t\t\t\t<\/div>\n\t\t\t\t\t<\/div>\n\t\t<\/div>\n\t\t\t\t\t<\/div>\n\t\t<\/section>\n\t\t\t\t<\/div>\n\t\t","protected":false},"excerpt":{"rendered":"<p>Die ganze Welt kommt nach Lourdes Lourdes ist seit seiner Gr\u00fcndung ein internationales Heiligtum Ob auf Pilgerreise oder auf Besuch f\u00fcr einige Stunden, die Wallfahrtsst\u00e4tte Unserer Lieben Frau von Lourdes ist ein Treffpunkt, der allen offen steht.Die Wallfahrtsst\u00e4tte ist mehr &hellip; <a href=\"https:\/\/www.lourdes-france.org\/de\/la-frequentation-en-lourdes\/\">Weiter<\/a><\/p>\n","protected":false},"author":7,"featured_media":859612,"parent":0,"menu_order":0,"comment_status":"closed","ping_status":"closed","template":"","meta":{"_acf_changed":false,"footnotes":""},"class_list":["post-886197","page","type-page","status-publish","has-post-thumbnail","hentry"],"acf":[],"yoast_head":"<!-- This site is optimized with the Yoast SEO plugin v24.7 - https:\/\/yoast.com\/wordpress\/plugins\/seo\/ -->\n<title>Fr\u00e9quentation de Lourdes<\/title>\n<meta name=\"robots\" content=\"index, follow, max-snippet:-1, max-image-preview:large, max-video-preview:-1\" \/>\n<link rel=\"canonical\" href=\"https:\/\/www.lourdes-france.org\/de\/la-frequentation-en-lourdes\/\" \/>\n<meta name=\"twitter:label1\" content=\"Gesch\u00e4tzte Lesezeit\" \/>\n\t<meta name=\"twitter:data1\" content=\"3\u00a0Minuten\" \/>\n<script type=\"application\/ld+json\" class=\"yoast-schema-graph\">{\"@context\":\"https:\/\/schema.org\",\"@graph\":[{\"@type\":\"WebPage\",\"@id\":\"https:\/\/www.lourdes-france.org\/de\/la-frequentation-en-lourdes\/\",\"url\":\"https:\/\/www.lourdes-france.org\/de\/la-frequentation-en-lourdes\/\",\"name\":\"Fr\u00e9quentation de Lourdes\",\"isPartOf\":{\"@id\":\"https:\/\/preprod-lourdes.cawita.com\/#website\"},\"primaryImageOfPage\":{\"@id\":\"https:\/\/www.lourdes-france.org\/de\/la-frequentation-en-lourdes\/#primaryimage\"},\"image\":{\"@id\":\"https:\/\/www.lourdes-france.org\/de\/la-frequentation-en-lourdes\/#primaryimage\"},\"thumbnailUrl\":\"https:\/\/www.lourdes-france.org\/wp-content\/uploads\/2022\/06\/21_proc-mar-rosaire-36_redimensionner-scaled.jpg\",\"datePublished\":\"2022-03-25T13:25:45+00:00\",\"dateModified\":\"2024-06-20T06:49:30+00:00\",\"breadcrumb\":{\"@id\":\"https:\/\/www.lourdes-france.org\/de\/la-frequentation-en-lourdes\/#breadcrumb\"},\"inLanguage\":\"de\",\"potentialAction\":[{\"@type\":\"ReadAction\",\"target\":[\"https:\/\/www.lourdes-france.org\/de\/la-frequentation-en-lourdes\/\"]}]},{\"@type\":\"ImageObject\",\"inLanguage\":\"de\",\"@id\":\"https:\/\/www.lourdes-france.org\/de\/la-frequentation-en-lourdes\/#primaryimage\",\"url\":\"https:\/\/www.lourdes-france.org\/wp-content\/uploads\/2022\/06\/21_proc-mar-rosaire-36_redimensionner-scaled.jpg\",\"contentUrl\":\"https:\/\/www.lourdes-france.org\/wp-content\/uploads\/2022\/06\/21_proc-mar-rosaire-36_redimensionner-scaled.jpg\",\"width\":2560,\"height\":943,\"caption\":\"Fr\u00e9quentation de Lourdes\"},{\"@type\":\"BreadcrumbList\",\"@id\":\"https:\/\/www.lourdes-france.org\/de\/la-frequentation-en-lourdes\/#breadcrumb\",\"itemListElement\":[{\"@type\":\"ListItem\",\"position\":1,\"name\":\"Accueil\",\"item\":\"https:\/\/www.lourdes-france.org\/\"},{\"@type\":\"ListItem\",\"position\":2,\"name\":\"Die ganze Welt kommt nach Lourdes\"}]},{\"@type\":\"WebSite\",\"@id\":\"https:\/\/preprod-lourdes.cawita.com\/#website\",\"url\":\"https:\/\/preprod-lourdes.cawita.com\/\",\"name\":\"Soutenir le Sanctuaire Notre-Dame de Lourdes\",\"description\":\"\",\"potentialAction\":[{\"@type\":\"SearchAction\",\"target\":{\"@type\":\"EntryPoint\",\"urlTemplate\":\"https:\/\/preprod-lourdes.cawita.com\/?s={search_term_string}\"},\"query-input\":{\"@type\":\"PropertyValueSpecification\",\"valueRequired\":true,\"valueName\":\"search_term_string\"}}],\"inLanguage\":\"de\"}]}<\/script>\n<!-- \/ Yoast SEO plugin. -->","yoast_head_json":{"title":"Fr\u00e9quentation de Lourdes","robots":{"index":"index","follow":"follow","max-snippet":"max-snippet:-1","max-image-preview":"max-image-preview:large","max-video-preview":"max-video-preview:-1"},"canonical":"https:\/\/www.lourdes-france.org\/de\/la-frequentation-en-lourdes\/","twitter_misc":{"Gesch\u00e4tzte Lesezeit":"3\u00a0Minuten"},"schema":{"@context":"https:\/\/schema.org","@graph":[{"@type":"WebPage","@id":"https:\/\/www.lourdes-france.org\/de\/la-frequentation-en-lourdes\/","url":"https:\/\/www.lourdes-france.org\/de\/la-frequentation-en-lourdes\/","name":"Fr\u00e9quentation de Lourdes","isPartOf":{"@id":"https:\/\/preprod-lourdes.cawita.com\/#website"},"primaryImageOfPage":{"@id":"https:\/\/www.lourdes-france.org\/de\/la-frequentation-en-lourdes\/#primaryimage"},"image":{"@id":"https:\/\/www.lourdes-france.org\/de\/la-frequentation-en-lourdes\/#primaryimage"},"thumbnailUrl":"https:\/\/www.lourdes-france.org\/wp-content\/uploads\/2022\/06\/21_proc-mar-rosaire-36_redimensionner-scaled.jpg","datePublished":"2022-03-25T13:25:45+00:00","dateModified":"2024-06-20T06:49:30+00:00","breadcrumb":{"@id":"https:\/\/www.lourdes-france.org\/de\/la-frequentation-en-lourdes\/#breadcrumb"},"inLanguage":"de","potentialAction":[{"@type":"ReadAction","target":["https:\/\/www.lourdes-france.org\/de\/la-frequentation-en-lourdes\/"]}]},{"@type":"ImageObject","inLanguage":"de","@id":"https:\/\/www.lourdes-france.org\/de\/la-frequentation-en-lourdes\/#primaryimage","url":"https:\/\/www.lourdes-france.org\/wp-content\/uploads\/2022\/06\/21_proc-mar-rosaire-36_redimensionner-scaled.jpg","contentUrl":"https:\/\/www.lourdes-france.org\/wp-content\/uploads\/2022\/06\/21_proc-mar-rosaire-36_redimensionner-scaled.jpg","width":2560,"height":943,"caption":"Fr\u00e9quentation de Lourdes"},{"@type":"BreadcrumbList","@id":"https:\/\/www.lourdes-france.org\/de\/la-frequentation-en-lourdes\/#breadcrumb","itemListElement":[{"@type":"ListItem","position":1,"name":"Accueil","item":"https:\/\/www.lourdes-france.org\/"},{"@type":"ListItem","position":2,"name":"Die ganze Welt kommt nach Lourdes"}]},{"@type":"WebSite","@id":"https:\/\/preprod-lourdes.cawita.com\/#website","url":"https:\/\/preprod-lourdes.cawita.com\/","name":"Soutenir le Sanctuaire Notre-Dame de Lourdes","description":"","potentialAction":[{"@type":"SearchAction","target":{"@type":"EntryPoint","urlTemplate":"https:\/\/preprod-lourdes.cawita.com\/?s={search_term_string}"},"query-input":{"@type":"PropertyValueSpecification","valueRequired":true,"valueName":"search_term_string"}}],"inLanguage":"de"}]}},"_links":{"self":[{"href":"https:\/\/www.lourdes-france.org\/de\/wp-json\/wp\/v2\/pages\/886197","targetHints":{"allow":["GET"]}}],"collection":[{"href":"https:\/\/www.lourdes-france.org\/de\/wp-json\/wp\/v2\/pages"}],"about":[{"href":"https:\/\/www.lourdes-france.org\/de\/wp-json\/wp\/v2\/types\/page"}],"author":[{"embeddable":true,"href":"https:\/\/www.lourdes-france.org\/de\/wp-json\/wp\/v2\/users\/7"}],"replies":[{"embeddable":true,"href":"https:\/\/www.lourdes-france.org\/de\/wp-json\/wp\/v2\/comments?post=886197"}],"version-history":[{"count":3,"href":"https:\/\/www.lourdes-france.org\/de\/wp-json\/wp\/v2\/pages\/886197\/revisions"}],"predecessor-version":[{"id":938927,"href":"https:\/\/www.lourdes-france.org\/de\/wp-json\/wp\/v2\/pages\/886197\/revisions\/938927"}],"wp:featuredmedia":[{"embeddable":true,"href":"https:\/\/www.lourdes-france.org\/de\/wp-json\/wp\/v2\/media\/859612"}],"wp:attachment":[{"href":"https:\/\/www.lourdes-france.org\/de\/wp-json\/wp\/v2\/media?parent=886197"}],"curies":[{"name":"wp","href":"https:\/\/api.w.org\/{rel}","templated":true}]}}