{"id":886245,"date":"2022-03-24T11:30:41","date_gmt":"2022-03-24T10:30:41","guid":{"rendered":"https:\/\/www.lourdes-france.org\/lourdes-un-lieu-de-priere\/"},"modified":"2022-12-13T09:54:49","modified_gmt":"2022-12-13T08:54:49","slug":"lourdes-un-lieu-de-priere","status":"publish","type":"page","link":"https:\/\/www.lourdes-france.org\/de\/lourdes-un-lieu-de-priere\/","title":{"rendered":"Lourdes Ort des Gebets"},"content":{"rendered":"\t\t<div data-elementor-type=\"wp-page\" data-elementor-id=\"886245\" class=\"elementor elementor-886245 elementor-848511\" data-elementor-post-type=\"page\">\n\t\t\t\t\t\t<section class=\"elementor-section elementor-top-section elementor-element elementor-element-dff98dd elementor-section-full_width elementor-section-stretched elementor-section-height-default elementor-section-height-default\" data-id=\"dff98dd\" data-element_type=\"section\" data-settings=\"{&quot;stretch_section&quot;:&quot;section-stretched&quot;}\">\n\t\t\t\t\t\t<div class=\"elementor-container elementor-column-gap-default\">\n\t\t\t\t\t<div class=\"elementor-column elementor-col-100 elementor-top-column elementor-element elementor-element-767f6245\" data-id=\"767f6245\" data-element_type=\"column\">\n\t\t\t<div class=\"elementor-widget-wrap elementor-element-populated\">\n\t\t\t\t\t\t<div class=\"elementor-element elementor-element-41ff847b elementor-widget elementor-widget-image\" data-id=\"41ff847b\" data-element_type=\"widget\" data-widget_type=\"image.default\">\n\t\t\t\t<div class=\"elementor-widget-container\">\n\t\t\t\t\t\t\t\t\t\t\t\t\t\t\t<img fetchpriority=\"high\" decoding=\"async\" width=\"2048\" height=\"1365\" src=\"https:\/\/www.lourdes-france.org\/wp-content\/uploads\/2022\/06\/3_redimensionner-2048x1365.jpg\" class=\"attachment-2048x2048 size-2048x2048 wp-image-859643\" alt=\"\" srcset=\"https:\/\/www.lourdes-france.org\/wp-content\/uploads\/2022\/06\/3_redimensionner-2048x1365.jpg 2048w, https:\/\/www.lourdes-france.org\/wp-content\/uploads\/2022\/06\/3_redimensionner-300x200.jpg 300w, https:\/\/www.lourdes-france.org\/wp-content\/uploads\/2022\/06\/3_redimensionner-1024x683.jpg 1024w, https:\/\/www.lourdes-france.org\/wp-content\/uploads\/2022\/06\/3_redimensionner-768x512.jpg 768w, https:\/\/www.lourdes-france.org\/wp-content\/uploads\/2022\/06\/3_redimensionner-1536x1024.jpg 1536w\" sizes=\"(max-width: 2048px) 100vw, 2048px\" \/>\t\t\t\t\t\t\t\t\t\t\t\t\t\t\t<\/div>\n\t\t\t\t<\/div>\n\t\t\t\t\t<\/div>\n\t\t<\/div>\n\t\t\t\t\t<\/div>\n\t\t<\/section>\n\t\t\t\t<section class=\"elementor-section elementor-top-section elementor-element elementor-element-704a9592 elementor-section-boxed elementor-section-height-default elementor-section-height-default\" data-id=\"704a9592\" data-element_type=\"section\">\n\t\t\t\t\t\t<div class=\"elementor-container elementor-column-gap-default\">\n\t\t\t\t\t<div class=\"elementor-column elementor-col-100 elementor-top-column elementor-element elementor-element-69a5eedb\" data-id=\"69a5eedb\" data-element_type=\"column\">\n\t\t\t<div class=\"elementor-widget-wrap elementor-element-populated\">\n\t\t\t\t\t\t<div class=\"elementor-element elementor-element-25cf152a elementor-widget elementor-widget-heading\" data-id=\"25cf152a\" data-element_type=\"widget\" data-widget_type=\"heading.default\">\n\t\t\t\t<div class=\"elementor-widget-container\">\n\t\t\t\t\t<h1 class=\"elementor-heading-title elementor-size-default\">Lourdes Ort des Gebets<\/h1>\t\t\t\t<\/div>\n\t\t\t\t<\/div>\n\t\t\t\t\t<\/div>\n\t\t<\/div>\n\t\t\t\t\t<\/div>\n\t\t<\/section>\n\t\t\t\t<section class=\"elementor-section elementor-top-section elementor-element elementor-element-8ef2ed5 elementor-section-boxed elementor-section-height-default elementor-section-height-default\" data-id=\"8ef2ed5\" data-element_type=\"section\">\n\t\t\t\t\t\t<div class=\"elementor-container elementor-column-gap-default\">\n\t\t\t\t\t<div class=\"elementor-column elementor-col-100 elementor-top-column elementor-element elementor-element-c6a948b\" data-id=\"c6a948b\" data-element_type=\"column\">\n\t\t\t<div class=\"elementor-widget-wrap elementor-element-populated\">\n\t\t\t\t\t\t<div class=\"elementor-element elementor-element-4512f8a elementor-widget elementor-widget-text-editor\" data-id=\"4512f8a\" data-element_type=\"widget\" data-widget_type=\"text-editor.default\">\n\t\t\t\t<div class=\"elementor-widget-container\">\n\t\t\t\t\t\t\t\t\t<p style=\"text-align: left;\">Sobald Lourdespilger die Wallfahrtsst\u00e4tte betreten bekreuzigen sie sich im Bewusstsein, hier einen Ort des Gebets und der Besinnung zu betreten. Im gesamten Bereich besteht Rauchverboten, zu rennen oder etwas zu tun, was man in einer Kirche nicht tun w\u00fcrde, ist zu unterlassen &#8230; Zwar regen alle Orte zum Gebet an, an bestimmten Stellen werden Pilger jedoch st\u00e4rker angesprochen, wie:<\/p><ol><li style=\"text-align: left;\">Grotte<\/li><li style=\"text-align: left;\">Wasserspender<\/li><li style=\"text-align: left;\">Kerzen<\/li><\/ol><p>Ganz zu schweigen von den Basiliken, Kirchen und Gottesdienstst\u00e4tten, in denen Sie an einer Heiligen Messe, einer liturgischen Feier teilnehmen oder sich von den Mosaiken oder Buntglasfenstern anregen lassen k\u00f6nnen, die uns vom Leben Jesu oder dem Erscheinungsort erz\u00e4hlen.<br \/>In Lourdes k\u00f6nnen Pilger in der Beichtkapelle auch die Vergebung Gottes empfangen oder sich auf diese Begegnung vorbereiten, indem wir den Kreuzweg gehen, dessen Stationen uns anregen, \u00fcber die bedingungslose Liebe des Herrn, die er bis zum Ende gibt, zu meditieren.<br \/>Die Pilger k\u00f6nnen sich dem Rosenkranz an der Grotte anschlie\u00dfen und ihn gemeinsam mit allen vor Ort anwesenden Pilgern und mit denen, die dem Gebet via TV-Lourdes oder den sozialen Netzwerken folgen, betend betrachten.<br \/>Alle, die zur Wallfahrtsst\u00e4tte kommen, k\u00f6nnen die reale Gegenwart des Herrn bei der Anbetung des Altarsakraments erfahren, um in eine innige Beziehung mit ihm einzutreten und ihre Sorgen und Freuden in die Hand des Herrn legen.<br \/>Dasselbe Allerheiligste begegnet uns bei der Sakramentsprozession mit der Segnung der Kranken; Es ist zugleich eine Einladung, f\u00fcr alle Kranken, f\u00fcr Menschen mit Behinderungen und f\u00fcr vom Leben gezeichneten zu beten.<br \/>Zum Abschluss des Tages k\u00f6nnen die Pilger den Gebetstag gemeinsam mit anderen Pilgern und Besuchern bei der marianischen Lichterprozession beenden und dabei das \u201eAve\u201c von Lourdes singen und beten. Es ist eine besondere Art, so in Gemeinschaft mit der Universalkirche und der Jungfrau Maria zu beten.<\/p>\t\t\t\t\t\t\t\t<\/div>\n\t\t\t\t<\/div>\n\t\t\t\t\t<\/div>\n\t\t<\/div>\n\t\t\t\t\t<\/div>\n\t\t<\/section>\n\t\t\t\t<section class=\"elementor-section elementor-top-section elementor-element elementor-element-58c47f3 elementor-section-boxed elementor-section-height-default elementor-section-height-default\" data-id=\"58c47f3\" data-element_type=\"section\">\n\t\t\t\t\t\t<div class=\"elementor-container elementor-column-gap-default\">\n\t\t\t\t\t<div class=\"elementor-column elementor-col-100 elementor-top-column elementor-element elementor-element-70e8cb7\" data-id=\"70e8cb7\" data-element_type=\"column\">\n\t\t\t<div class=\"elementor-widget-wrap elementor-element-populated\">\n\t\t\t\t\t\t<div class=\"elementor-element elementor-element-3e5cb1d elementor-widget elementor-widget-image\" data-id=\"3e5cb1d\" data-element_type=\"widget\" data-widget_type=\"image.default\">\n\t\t\t\t<div class=\"elementor-widget-container\">\n\t\t\t\t\t\t\t\t\t\t\t\t<figure class=\"wp-caption\">\n\t\t\t\t\t\t\t\t\t\t<img decoding=\"async\" width=\"1024\" height=\"377\" src=\"https:\/\/www.lourdes-france.org\/wp-content\/uploads\/2022\/06\/21_proc-mar-rosaire-36_redimensionner-1024x377.jpg\" class=\"attachment-large size-large wp-image-859612\" alt=\"Procession aux flambeaux pendant le p\u00e8lerinage du Rosaire\" srcset=\"https:\/\/www.lourdes-france.org\/wp-content\/uploads\/2022\/06\/21_proc-mar-rosaire-36_redimensionner-1024x377.jpg 1024w, https:\/\/www.lourdes-france.org\/wp-content\/uploads\/2022\/06\/21_proc-mar-rosaire-36_redimensionner-300x111.jpg 300w, https:\/\/www.lourdes-france.org\/wp-content\/uploads\/2022\/06\/21_proc-mar-rosaire-36_redimensionner-768x283.jpg 768w, https:\/\/www.lourdes-france.org\/wp-content\/uploads\/2022\/06\/21_proc-mar-rosaire-36_redimensionner-1536x566.jpg 1536w, https:\/\/www.lourdes-france.org\/wp-content\/uploads\/2022\/06\/21_proc-mar-rosaire-36_redimensionner-2048x755.jpg 2048w\" sizes=\"(max-width: 1024px) 100vw, 1024px\" \/>\t\t\t\t\t\t\t\t\t\t\t<figcaption class=\"widget-image-caption wp-caption-text\">Procession mariale aux flambeaux (photo : Pierre VINCENT)<\/figcaption>\n\t\t\t\t\t\t\t\t\t\t<\/figure>\n\t\t\t\t\t\t\t\t\t<\/div>\n\t\t\t\t<\/div>\n\t\t\t\t\t<\/div>\n\t\t<\/div>\n\t\t\t\t\t<\/div>\n\t\t<\/section>\n\t\t\t\t<section class=\"elementor-section elementor-top-section elementor-element elementor-element-71e755f elementor-section-boxed elementor-section-height-default elementor-section-height-default\" data-id=\"71e755f\" data-element_type=\"section\">\n\t\t\t\t\t\t<div class=\"elementor-container elementor-column-gap-default\">\n\t\t\t\t\t<div class=\"elementor-column elementor-col-100 elementor-top-column elementor-element elementor-element-6a2fb9a\" data-id=\"6a2fb9a\" data-element_type=\"column\">\n\t\t\t<div class=\"elementor-widget-wrap elementor-element-populated\">\n\t\t\t\t\t\t<div class=\"elementor-element elementor-element-ee0625e elementor-widget elementor-widget-text-editor\" data-id=\"ee0625e\" data-element_type=\"widget\" data-widget_type=\"text-editor.default\">\n\t\t\t\t<div class=\"elementor-widget-container\">\n\t\t\t\t\t\t\t\t\t<h2 style=\"text-align: left;\">Wie betet man in Lourdes?<\/h2><p style=\"text-align: left;\">Anbetung, Dank zu sagen, Gnaden zu erflehen und um Vergebung zu bitten sind die vier Zwecke des christlichen Gebets, insbesondere f\u00fcr einen Katholiken. Das Gebet ist ein Austausch. Es st\u00e4rkt die Verbindung zwischen Gott und Mensch. Das Gebet ist das Mittel, durch das die Freundschaft des Menschen mit Gott, wie zwischen zwei Freunden die sich lieben, aufrechterh\u00e4lt.<\/p><p>Es gibt zwei Arten von Gebet: das gesprochene Gebet und das innere Gebet. Diese Unterscheidung l\u00e4sst uns verstehen, was der heilige Paulus meinte, als er sagte: \u201eWir m\u00fcssen ohne Unterlass beten\u201c. Das vokale Gebet wird mit Gesten und Worten vollzogen. Die wichtigsten Vokalgebete des katholischen Christen sind: das \u201eGegr\u00fc\u00dfet seist Du, Maria\u201c, auch Gru\u00df des Engels genannt, der auf die Worte des Erzengels Gabriels an die Selige Jungfrau Maria zur\u00fcckgeht. Es ist ein wesentliches Gebet im Leben des Christen. Das wichtige ist das Vaterunser, jenes Gebet, das der Jesus, der Herr seinen Aposteln zu beten gelehrt hat.<br \/>Der Pilger kann sich dem gemeinschaftlichen, von der Wallfahrtsst\u00e4tte vorgeschlagenen Gebet anschlie\u00dfen, er kann aber auch in sein Inneres einkehren und sich in die Gegenwart Gottes begeben. Durch Meditation und Besinnung versetzt sich die Seele in die Gegenwart Gottes. In der Stille \u00f6ffnet sie sich Gott in einem Akt des Glaubens und der Hoffnung.<br \/>Ein Christ kann zu jeder Tageszeit beten. Die Jungfrau Maria zum Beispiel bittet w\u00e4hrend der verschiedenen Erscheinungen und speziell in Lourdes darum, f\u00fcr die S\u00fcnder zu beten. Insbesondere betet ein Christ f\u00fcr diejenigen, die ihm nahestehen, d.h. f\u00fcr seine Familie, seine Eltern, Br\u00fcder und Schwestern, seine Freunde und auch f\u00fcr diejenigen, die ihm im Glauben nahestehen.<\/p>\t\t\t\t\t\t\t\t<\/div>\n\t\t\t\t<\/div>\n\t\t\t\t<section class=\"elementor-section elementor-inner-section elementor-element elementor-element-80232b3 elementor-section-boxed elementor-section-height-default elementor-section-height-default\" data-id=\"80232b3\" data-element_type=\"section\">\n\t\t\t\t\t\t<div class=\"elementor-container elementor-column-gap-no\">\n\t\t\t\t\t<div class=\"elementor-column elementor-col-50 elementor-inner-column elementor-element elementor-element-939a6bd\" data-id=\"939a6bd\" data-element_type=\"column\">\n\t\t\t<div class=\"elementor-widget-wrap elementor-element-populated\">\n\t\t\t\t\t\t<div class=\"elementor-element elementor-element-46530bc elementor-widget elementor-widget-text-editor\" data-id=\"46530bc\" data-element_type=\"widget\" data-widget_type=\"text-editor.default\">\n\t\t\t\t<div class=\"elementor-widget-container\">\n\t\t\t\t\t\t\t\t\t<p><span style=\"color: #007a9e;\"><strong>VTERUNSER<\/strong><\/span><br \/><em><br \/>Vater unser im Himmel,<br \/>geheiligt werde dein Name. <br \/>Dein Reich komme. <br \/>Dein Wille geschehe, wie im Himmel so auf Erden.<br \/>Unser t\u00e4gliches Brot gib uns heute. <br \/>Und vergib uns unsere Schuld,<br \/>wie auch wir vergeben unseren Schuldigern. <br \/>Und f\u00fchre uns nicht in Versuchung,<br \/>sondern erl\u00f6se uns von dem B\u00f6sen.<\/em><\/p><p><span style=\"color: #007a9e;\"><strong>Gegr\u00fc\u00dfet seist Du, Maria<br \/><\/strong><\/span><br \/><em>Gegr\u00fc\u00dfet seist Du, Maria, <br \/>voll der Gnade, der Herr ist mit dir.<br \/>Du bist gebenedeit unter den Frauen<br \/>und gebenedeit ist die Frucht deines Leibes, Jesus.<br \/>Heilige Maria, Mutter Gottes, <br \/>bitte f\u00fcr uns S\u00fcnder, <br \/>jetzt und in der Stunde unseres Todes. Amen<\/em><\/p>\t\t\t\t\t\t\t\t<\/div>\n\t\t\t\t<\/div>\n\t\t\t\t\t<\/div>\n\t\t<\/div>\n\t\t\t\t<div class=\"elementor-column elementor-col-50 elementor-inner-column elementor-element elementor-element-bc15bd3\" data-id=\"bc15bd3\" data-element_type=\"column\">\n\t\t\t<div class=\"elementor-widget-wrap elementor-element-populated\">\n\t\t\t\t\t\t<div class=\"elementor-element elementor-element-dd9be3b elementor-widget elementor-widget-image\" data-id=\"dd9be3b\" data-element_type=\"widget\" data-widget_type=\"image.default\">\n\t\t\t\t<div class=\"elementor-widget-container\">\n\t\t\t\t\t\t\t\t\t\t\t\t\t\t\t<img decoding=\"async\" width=\"683\" height=\"1024\" src=\"https:\/\/www.lourdes-france.org\/wp-content\/uploads\/2022\/06\/soiree_du_14_aout_redimensionner-683x1024.jpg\" class=\"attachment-large size-large wp-image-859437\" alt=\"\" srcset=\"https:\/\/www.lourdes-france.org\/wp-content\/uploads\/2022\/06\/soiree_du_14_aout_redimensionner-683x1024.jpg 683w, https:\/\/www.lourdes-france.org\/wp-content\/uploads\/2022\/06\/soiree_du_14_aout_redimensionner-200x300.jpg 200w, https:\/\/www.lourdes-france.org\/wp-content\/uploads\/2022\/06\/soiree_du_14_aout_redimensionner-768x1152.jpg 768w, https:\/\/www.lourdes-france.org\/wp-content\/uploads\/2022\/06\/soiree_du_14_aout_redimensionner-1024x1536.jpg 1024w, https:\/\/www.lourdes-france.org\/wp-content\/uploads\/2022\/06\/soiree_du_14_aout_redimensionner-1366x2048.jpg 1366w, https:\/\/www.lourdes-france.org\/wp-content\/uploads\/2022\/06\/soiree_du_14_aout_redimensionner-scaled.jpg 1707w\" sizes=\"(max-width: 683px) 100vw, 683px\" \/>\t\t\t\t\t\t\t\t\t\t\t\t\t\t\t<\/div>\n\t\t\t\t<\/div>\n\t\t\t\t\t<\/div>\n\t\t<\/div>\n\t\t\t\t\t<\/div>\n\t\t<\/section>\n\t\t\t\t\t<\/div>\n\t\t<\/div>\n\t\t\t\t\t<\/div>\n\t\t<\/section>\n\t\t\t\t<section class=\"elementor-section elementor-top-section elementor-element elementor-element-39aa049 elementor-section-boxed elementor-section-height-default elementor-section-height-default\" data-id=\"39aa049\" data-element_type=\"section\">\n\t\t\t\t\t\t<div class=\"elementor-container elementor-column-gap-default\">\n\t\t\t\t\t<div class=\"elementor-column elementor-col-33 elementor-top-column elementor-element elementor-element-b088321\" data-id=\"b088321\" data-element_type=\"column\">\n\t\t\t<div class=\"elementor-widget-wrap elementor-element-populated\">\n\t\t\t\t\t\t<div class=\"elementor-element elementor-element-5635d1b elementor-align-center elementor-widget elementor-widget-button\" data-id=\"5635d1b\" data-element_type=\"widget\" data-widget_type=\"button.default\">\n\t\t\t\t<div class=\"elementor-widget-container\">\n\t\t\t\t\t\t\t\t\t<div class=\"elementor-button-wrapper\">\n\t\t\t\t\t<a class=\"elementor-button elementor-button-link elementor-size-sm\" href=\"\/cierge-en-ligne\/\" target=\"_blank\">\n\t\t\t\t\t\t<span class=\"elementor-button-content-wrapper\">\n\t\t\t\t\t\t\t\t\t<span class=\"elementor-button-text\">D\u00c9POSER UN CIERGE<\/span>\n\t\t\t\t\t<\/span>\n\t\t\t\t\t<\/a>\n\t\t\t\t<\/div>\n\t\t\t\t\t\t\t\t<\/div>\n\t\t\t\t<\/div>\n\t\t\t\t\t<\/div>\n\t\t<\/div>\n\t\t\t\t<div class=\"elementor-column elementor-col-33 elementor-top-column elementor-element elementor-element-73a1912\" data-id=\"73a1912\" data-element_type=\"column\">\n\t\t\t<div class=\"elementor-widget-wrap elementor-element-populated\">\n\t\t\t\t\t\t<div class=\"elementor-element elementor-element-6c01529 elementor-align-center elementor-widget elementor-widget-button\" data-id=\"6c01529\" data-element_type=\"widget\" data-widget_type=\"button.default\">\n\t\t\t\t<div class=\"elementor-widget-container\">\n\t\t\t\t\t\t\t\t\t<div class=\"elementor-button-wrapper\">\n\t\t\t\t\t<a class=\"elementor-button elementor-button-link elementor-size-sm\" href=\"\/intention-priere\/\" target=\"_blank\">\n\t\t\t\t\t\t<span class=\"elementor-button-content-wrapper\">\n\t\t\t\t\t\t\t\t\t<span class=\"elementor-button-text\">CONFIER SA PRI\u00c8RE<\/span>\n\t\t\t\t\t<\/span>\n\t\t\t\t\t<\/a>\n\t\t\t\t<\/div>\n\t\t\t\t\t\t\t\t<\/div>\n\t\t\t\t<\/div>\n\t\t\t\t\t<\/div>\n\t\t<\/div>\n\t\t\t\t<div class=\"elementor-column elementor-col-33 elementor-top-column elementor-element elementor-element-cfbe7ba\" data-id=\"cfbe7ba\" data-element_type=\"column\">\n\t\t\t<div class=\"elementor-widget-wrap elementor-element-populated\">\n\t\t\t\t\t\t<div class=\"elementor-element elementor-element-1f57b77 elementor-align-center elementor-widget elementor-widget-button\" data-id=\"1f57b77\" data-element_type=\"widget\" data-widget_type=\"button.default\">\n\t\t\t\t<div class=\"elementor-widget-container\">\n\t\t\t\t\t\t\t\t\t<div class=\"elementor-button-wrapper\">\n\t\t\t\t\t<a class=\"elementor-button elementor-button-link elementor-size-sm\" href=\"\/offrande-de-messe\/\" target=\"_blank\">\n\t\t\t\t\t\t<span class=\"elementor-button-content-wrapper\">\n\t\t\t\t\t\t\t\t\t<span class=\"elementor-button-text\">OFFRIR UNE MESSE<\/span>\n\t\t\t\t\t<\/span>\n\t\t\t\t\t<\/a>\n\t\t\t\t<\/div>\n\t\t\t\t\t\t\t\t<\/div>\n\t\t\t\t<\/div>\n\t\t\t\t\t<\/div>\n\t\t<\/div>\n\t\t\t\t\t<\/div>\n\t\t<\/section>\n\t\t\t\t<\/div>\n\t\t","protected":false},"excerpt":{"rendered":"<p>Lourdes Ort des Gebets Sobald Lourdespilger die Wallfahrtsst\u00e4tte betreten bekreuzigen sie sich im Bewusstsein, hier einen Ort des Gebets und der Besinnung zu betreten. Im gesamten Bereich besteht Rauchverboten, zu rennen oder etwas zu tun, was man in einer Kirche &hellip; <a href=\"https:\/\/www.lourdes-france.org\/de\/lourdes-un-lieu-de-priere\/\">Weiter<\/a><\/p>\n","protected":false},"author":7,"featured_media":0,"parent":0,"menu_order":0,"comment_status":"closed","ping_status":"closed","template":"","meta":{"_acf_changed":false,"footnotes":""},"class_list":["post-886245","page","type-page","status-publish","hentry"],"acf":[],"yoast_head":"<!-- This site is optimized with the Yoast SEO plugin v24.7 - https:\/\/yoast.com\/wordpress\/plugins\/seo\/ -->\n<title>Lourdes Ort des Gebets<\/title>\n<meta name=\"robots\" content=\"index, follow, max-snippet:-1, max-image-preview:large, max-video-preview:-1\" \/>\n<link rel=\"canonical\" href=\"https:\/\/www.lourdes-france.org\/de\/lourdes-un-lieu-de-priere\/\" \/>\n<meta name=\"twitter:label1\" content=\"Gesch\u00e4tzte Lesezeit\" \/>\n\t<meta name=\"twitter:data1\" content=\"5\u00a0Minuten\" \/>\n<script type=\"application\/ld+json\" class=\"yoast-schema-graph\">{\"@context\":\"https:\/\/schema.org\",\"@graph\":[{\"@type\":\"WebPage\",\"@id\":\"https:\/\/www.lourdes-france.org\/de\/lourdes-un-lieu-de-priere\/\",\"url\":\"https:\/\/www.lourdes-france.org\/de\/lourdes-un-lieu-de-priere\/\",\"name\":\"Lourdes Ort des Gebets\",\"isPartOf\":{\"@id\":\"https:\/\/preprod-lourdes.cawita.com\/#website\"},\"primaryImageOfPage\":{\"@id\":\"https:\/\/www.lourdes-france.org\/de\/lourdes-un-lieu-de-priere\/#primaryimage\"},\"image\":{\"@id\":\"https:\/\/www.lourdes-france.org\/de\/lourdes-un-lieu-de-priere\/#primaryimage\"},\"thumbnailUrl\":\"https:\/\/www.lourdes-france.org\/wp-content\/uploads\/2022\/06\/3_redimensionner-2048x1365.jpg\",\"datePublished\":\"2022-03-24T10:30:41+00:00\",\"dateModified\":\"2022-12-13T08:54:49+00:00\",\"breadcrumb\":{\"@id\":\"https:\/\/www.lourdes-france.org\/de\/lourdes-un-lieu-de-priere\/#breadcrumb\"},\"inLanguage\":\"de\",\"potentialAction\":[{\"@type\":\"ReadAction\",\"target\":[\"https:\/\/www.lourdes-france.org\/de\/lourdes-un-lieu-de-priere\/\"]}]},{\"@type\":\"ImageObject\",\"inLanguage\":\"de\",\"@id\":\"https:\/\/www.lourdes-france.org\/de\/lourdes-un-lieu-de-priere\/#primaryimage\",\"url\":\"https:\/\/www.lourdes-france.org\/wp-content\/uploads\/2022\/06\/3_redimensionner-2048x1365.jpg\",\"contentUrl\":\"https:\/\/www.lourdes-france.org\/wp-content\/uploads\/2022\/06\/3_redimensionner-2048x1365.jpg\"},{\"@type\":\"BreadcrumbList\",\"@id\":\"https:\/\/www.lourdes-france.org\/de\/lourdes-un-lieu-de-priere\/#breadcrumb\",\"itemListElement\":[{\"@type\":\"ListItem\",\"position\":1,\"name\":\"Accueil\",\"item\":\"https:\/\/www.lourdes-france.org\/\"},{\"@type\":\"ListItem\",\"position\":2,\"name\":\"Lourdes Ort des Gebets\"}]},{\"@type\":\"WebSite\",\"@id\":\"https:\/\/preprod-lourdes.cawita.com\/#website\",\"url\":\"https:\/\/preprod-lourdes.cawita.com\/\",\"name\":\"Soutenir le Sanctuaire Notre-Dame de Lourdes\",\"description\":\"\",\"potentialAction\":[{\"@type\":\"SearchAction\",\"target\":{\"@type\":\"EntryPoint\",\"urlTemplate\":\"https:\/\/preprod-lourdes.cawita.com\/?s={search_term_string}\"},\"query-input\":{\"@type\":\"PropertyValueSpecification\",\"valueRequired\":true,\"valueName\":\"search_term_string\"}}],\"inLanguage\":\"de\"}]}<\/script>\n<!-- \/ Yoast SEO plugin. -->","yoast_head_json":{"title":"Lourdes Ort des Gebets","robots":{"index":"index","follow":"follow","max-snippet":"max-snippet:-1","max-image-preview":"max-image-preview:large","max-video-preview":"max-video-preview:-1"},"canonical":"https:\/\/www.lourdes-france.org\/de\/lourdes-un-lieu-de-priere\/","twitter_misc":{"Gesch\u00e4tzte Lesezeit":"5\u00a0Minuten"},"schema":{"@context":"https:\/\/schema.org","@graph":[{"@type":"WebPage","@id":"https:\/\/www.lourdes-france.org\/de\/lourdes-un-lieu-de-priere\/","url":"https:\/\/www.lourdes-france.org\/de\/lourdes-un-lieu-de-priere\/","name":"Lourdes Ort des Gebets","isPartOf":{"@id":"https:\/\/preprod-lourdes.cawita.com\/#website"},"primaryImageOfPage":{"@id":"https:\/\/www.lourdes-france.org\/de\/lourdes-un-lieu-de-priere\/#primaryimage"},"image":{"@id":"https:\/\/www.lourdes-france.org\/de\/lourdes-un-lieu-de-priere\/#primaryimage"},"thumbnailUrl":"https:\/\/www.lourdes-france.org\/wp-content\/uploads\/2022\/06\/3_redimensionner-2048x1365.jpg","datePublished":"2022-03-24T10:30:41+00:00","dateModified":"2022-12-13T08:54:49+00:00","breadcrumb":{"@id":"https:\/\/www.lourdes-france.org\/de\/lourdes-un-lieu-de-priere\/#breadcrumb"},"inLanguage":"de","potentialAction":[{"@type":"ReadAction","target":["https:\/\/www.lourdes-france.org\/de\/lourdes-un-lieu-de-priere\/"]}]},{"@type":"ImageObject","inLanguage":"de","@id":"https:\/\/www.lourdes-france.org\/de\/lourdes-un-lieu-de-priere\/#primaryimage","url":"https:\/\/www.lourdes-france.org\/wp-content\/uploads\/2022\/06\/3_redimensionner-2048x1365.jpg","contentUrl":"https:\/\/www.lourdes-france.org\/wp-content\/uploads\/2022\/06\/3_redimensionner-2048x1365.jpg"},{"@type":"BreadcrumbList","@id":"https:\/\/www.lourdes-france.org\/de\/lourdes-un-lieu-de-priere\/#breadcrumb","itemListElement":[{"@type":"ListItem","position":1,"name":"Accueil","item":"https:\/\/www.lourdes-france.org\/"},{"@type":"ListItem","position":2,"name":"Lourdes Ort des Gebets"}]},{"@type":"WebSite","@id":"https:\/\/preprod-lourdes.cawita.com\/#website","url":"https:\/\/preprod-lourdes.cawita.com\/","name":"Soutenir le Sanctuaire Notre-Dame de Lourdes","description":"","potentialAction":[{"@type":"SearchAction","target":{"@type":"EntryPoint","urlTemplate":"https:\/\/preprod-lourdes.cawita.com\/?s={search_term_string}"},"query-input":{"@type":"PropertyValueSpecification","valueRequired":true,"valueName":"search_term_string"}}],"inLanguage":"de"}]}},"_links":{"self":[{"href":"https:\/\/www.lourdes-france.org\/de\/wp-json\/wp\/v2\/pages\/886245","targetHints":{"allow":["GET"]}}],"collection":[{"href":"https:\/\/www.lourdes-france.org\/de\/wp-json\/wp\/v2\/pages"}],"about":[{"href":"https:\/\/www.lourdes-france.org\/de\/wp-json\/wp\/v2\/types\/page"}],"author":[{"embeddable":true,"href":"https:\/\/www.lourdes-france.org\/de\/wp-json\/wp\/v2\/users\/7"}],"replies":[{"embeddable":true,"href":"https:\/\/www.lourdes-france.org\/de\/wp-json\/wp\/v2\/comments?post=886245"}],"version-history":[{"count":3,"href":"https:\/\/www.lourdes-france.org\/de\/wp-json\/wp\/v2\/pages\/886245\/revisions"}],"predecessor-version":[{"id":886252,"href":"https:\/\/www.lourdes-france.org\/de\/wp-json\/wp\/v2\/pages\/886245\/revisions\/886252"}],"wp:attachment":[{"href":"https:\/\/www.lourdes-france.org\/de\/wp-json\/wp\/v2\/media?parent=886245"}],"curies":[{"name":"wp","href":"https:\/\/api.w.org\/{rel}","templated":true}]}}