{"id":889570,"date":"2022-03-21T08:52:41","date_gmt":"2022-03-21T07:52:41","guid":{"rendered":"https:\/\/www.lourdes-france.org\/3-basiliques\/"},"modified":"2023-02-14T11:48:04","modified_gmt":"2023-02-14T10:48:04","slug":"3-basiliques","status":"publish","type":"page","link":"https:\/\/www.lourdes-france.org\/de\/3-basiliques\/","title":{"rendered":"3 basiliques"},"content":{"rendered":"\t\t<div data-elementor-type=\"wp-page\" data-elementor-id=\"889570\" class=\"elementor elementor-889570 elementor-847841\" data-elementor-post-type=\"page\">\n\t\t\t\t\t\t<section class=\"elementor-section elementor-top-section elementor-element elementor-element-4d0742d elementor-section-full_width elementor-section-stretched elementor-section-height-default elementor-section-height-default\" data-id=\"4d0742d\" data-element_type=\"section\" data-settings=\"{&quot;stretch_section&quot;:&quot;section-stretched&quot;}\">\n\t\t\t\t\t\t<div class=\"elementor-container elementor-column-gap-default\">\n\t\t\t\t\t<div class=\"elementor-column elementor-col-100 elementor-top-column elementor-element elementor-element-8602406\" data-id=\"8602406\" data-element_type=\"column\">\n\t\t\t<div class=\"elementor-widget-wrap elementor-element-populated\">\n\t\t\t\t\t\t<div class=\"elementor-element elementor-element-42a3531 elementor-widget elementor-widget-image\" data-id=\"42a3531\" data-element_type=\"widget\" data-widget_type=\"image.default\">\n\t\t\t\t<div class=\"elementor-widget-container\">\n\t\t\t\t\t\t\t\t\t\t\t\t\t\t\t<img fetchpriority=\"high\" decoding=\"async\" width=\"1200\" height=\"800\" src=\"https:\/\/www.lourdes-france.org\/wp-content\/uploads\/2022\/03\/Vignette_3Basiliques_1200x800px-1.jpg\" class=\"attachment-2048x2048 size-2048x2048 wp-image-848153\" alt=\"\" srcset=\"https:\/\/www.lourdes-france.org\/wp-content\/uploads\/2022\/03\/Vignette_3Basiliques_1200x800px-1.jpg 1200w, https:\/\/www.lourdes-france.org\/wp-content\/uploads\/2022\/03\/Vignette_3Basiliques_1200x800px-1-300x200.jpg 300w, https:\/\/www.lourdes-france.org\/wp-content\/uploads\/2022\/03\/Vignette_3Basiliques_1200x800px-1-1024x683.jpg 1024w, https:\/\/www.lourdes-france.org\/wp-content\/uploads\/2022\/03\/Vignette_3Basiliques_1200x800px-1-768x512.jpg 768w\" sizes=\"(max-width: 1200px) 100vw, 1200px\" \/>\t\t\t\t\t\t\t\t\t\t\t\t\t\t\t<\/div>\n\t\t\t\t<\/div>\n\t\t\t\t\t<\/div>\n\t\t<\/div>\n\t\t\t\t\t<\/div>\n\t\t<\/section>\n\t\t\t\t<section class=\"elementor-section elementor-top-section elementor-element elementor-element-154451c elementor-section-boxed elementor-section-height-default elementor-section-height-default\" data-id=\"154451c\" data-element_type=\"section\">\n\t\t\t\t\t\t<div class=\"elementor-container elementor-column-gap-default\">\n\t\t\t\t\t<div class=\"elementor-column elementor-col-100 elementor-top-column elementor-element elementor-element-33f34f2\" data-id=\"33f34f2\" data-element_type=\"column\">\n\t\t\t<div class=\"elementor-widget-wrap elementor-element-populated\">\n\t\t\t\t\t\t<div class=\"elementor-element elementor-element-42807ec elementor-widget elementor-widget-heading\" data-id=\"42807ec\" data-element_type=\"widget\" data-widget_type=\"heading.default\">\n\t\t\t\t<div class=\"elementor-widget-container\">\n\t\t\t\t\t<h1 class=\"elementor-heading-title elementor-size-default\">Die 3 Basiliken<\/h1>\t\t\t\t<\/div>\n\t\t\t\t<\/div>\n\t\t\t\t\t<\/div>\n\t\t<\/div>\n\t\t\t\t\t<\/div>\n\t\t<\/section>\n\t\t\t\t<section class=\"elementor-section elementor-top-section elementor-element elementor-element-9981047 elementor-section-boxed elementor-section-height-default elementor-section-height-default\" data-id=\"9981047\" data-element_type=\"section\" data-settings=\"{&quot;background_background&quot;:&quot;classic&quot;}\">\n\t\t\t\t\t\t<div class=\"elementor-container elementor-column-gap-default\">\n\t\t\t\t\t<div class=\"elementor-column elementor-col-100 elementor-top-column elementor-element elementor-element-c930aec\" data-id=\"c930aec\" data-element_type=\"column\">\n\t\t\t<div class=\"elementor-widget-wrap elementor-element-populated\">\n\t\t\t\t\t\t<div class=\"elementor-element elementor-element-ccae615 elementor-widget elementor-widget-text-editor\" data-id=\"ccae615\" data-element_type=\"widget\" data-widget_type=\"text-editor.default\">\n\t\t\t\t<div class=\"elementor-widget-container\">\n\t\t\t\t\t\t\t\t\t<h5>Das Areal der Wallfahrtsst\u00e4tte umfasst 53 Hektar und verf\u00fcgt \u00fcber 22 Gottesdienstst\u00e4tten. Etwa 10.000 Hl. Messen werden dort jedes Jahr gefeiert.\u2028Der Titel \u201eBasilika&#8220;, der einer Kirche gegeben wird, ist eine Ehre, ein Privileg und eine Auszeichnung, die vom Papst verliehen wird und der diese Kirche unter den Schutz des Heiligen Stuhls stellt. Wenn man das Heiligtum durch die Pforte St. Michael betritt, f\u00e4llt der Blick auf die ersten beiden Basiliken. Die erste ist die, von der Jungfrau Maria w\u00e4hrend der 13. Erscheinung gew\u00fcnschte Kapelle, die Basilika zur Unbefleckten Empf\u00e4ngnis. Sie \u00fcberragt die Basilika Unserer Lieben Frau vom Rosenkranz, kurz Rosenkranzbasilika genannt. Die dritte Basilika, erstreckt sich unterirdisch entlang der gro\u00dfen Esplanade der Prozessionen. Jede dieser Basiliken wurde errichtet, um auf den wachsenden Zustrom von Pilgern zu reagieren: nach der Zeit der Erscheinungen bis in die fr\u00fchen sechziger Jahre des 20. Jahrhunderts. Jede hat eine besondere und einzigartige Architektur und zeichnet sich durch eine f\u00fcr sie bezeichnende Kunst aus.<\/h5>\t\t\t\t\t\t\t\t<\/div>\n\t\t\t\t<\/div>\n\t\t\t\t\t<\/div>\n\t\t<\/div>\n\t\t\t\t\t<\/div>\n\t\t<\/section>\n\t\t\t\t<section class=\"elementor-section elementor-top-section elementor-element elementor-element-2e7b622 elementor-section-content-middle elementor-section-boxed elementor-section-height-default elementor-section-height-default\" data-id=\"2e7b622\" data-element_type=\"section\">\n\t\t\t\t\t\t<div class=\"elementor-container elementor-column-gap-no\">\n\t\t\t\t\t<div class=\"elementor-column elementor-col-50 elementor-top-column elementor-element elementor-element-41a3fff\" data-id=\"41a3fff\" data-element_type=\"column\">\n\t\t\t<div class=\"elementor-widget-wrap elementor-element-populated\">\n\t\t\t\t\t\t<div class=\"elementor-element elementor-element-5000007 elementor-widget elementor-widget-text-editor\" data-id=\"5000007\" data-element_type=\"widget\" data-widget_type=\"text-editor.default\">\n\t\t\t\t<div class=\"elementor-widget-container\">\n\t\t\t\t\t\t\t\t\t<h2 style=\"text-align: left;\">Die Basilika zur Unbefleckten Empf\u00e4ngnis<\/h2><div>Es wurde 1866 fertiggestellt und ist die Kapelle, die von der Jungfrau Maria w\u00e4hrend der 13. Erscheinung gew\u00fcnscht wurde: \u201eGeht Sie zu den Priestern und sagen Sie ihnen, man m\u00f6ge hierher in Prozession kommen und dort eine Kapelle errichten.\u201c Sie tr\u00e4gt den Namen, den die Jungfrau Bernadette anvertraut hat: <i>\u00ab Que soy era Immaculada Councepciou \u00bb. \u201eIch bin die Unbefleckte Empf\u00e4ngnis\u201c<\/i><br \/><br \/><\/div><ul><li style=\"list-style-type: none;\"><p><b>Kenndaten<\/b><br \/>Stil: Neugotisch<br \/>Architekt: Hippolyte Durand<br \/>Einsegnung: 15. August 1871<br \/>Kirchweihe (Konsekration): 1. Juli 1876<br \/>Gr\u00f6\u00dfe: 51 Meter lang, 21 Meter breit und bis zur Spitze des Hauptturms 70 Meter hoch.<br \/>Bezeichnende Kunst: Die Buntglasfenster<br \/>42 Fenster auf einer Fl\u00e4che von 150 m\u00b2<br \/>Die Buntglasfenster beschreiben die Erscheinungen, die Geschichte von Lourdes und der Kirche.<\/p><\/li><\/ul>\t\t\t\t\t\t\t\t<\/div>\n\t\t\t\t<\/div>\n\t\t\t\t\t<\/div>\n\t\t<\/div>\n\t\t\t\t<div class=\"elementor-column elementor-col-50 elementor-top-column elementor-element elementor-element-85e5332\" data-id=\"85e5332\" data-element_type=\"column\">\n\t\t\t<div class=\"elementor-widget-wrap elementor-element-populated\">\n\t\t\t\t\t\t<div class=\"elementor-element elementor-element-a65030e e-transform elementor-widget elementor-widget-image\" data-id=\"a65030e\" data-element_type=\"widget\" data-settings=\"{&quot;_transform_skewX_effect&quot;:{&quot;unit&quot;:&quot;px&quot;,&quot;size&quot;:&quot;&quot;,&quot;sizes&quot;:[]},&quot;_transform_skewX_effect_tablet&quot;:{&quot;unit&quot;:&quot;deg&quot;,&quot;size&quot;:&quot;&quot;,&quot;sizes&quot;:[]},&quot;_transform_skewX_effect_mobile&quot;:{&quot;unit&quot;:&quot;deg&quot;,&quot;size&quot;:&quot;&quot;,&quot;sizes&quot;:[]},&quot;_transform_skewY_effect&quot;:{&quot;unit&quot;:&quot;px&quot;,&quot;size&quot;:&quot;&quot;,&quot;sizes&quot;:[]},&quot;_transform_skewY_effect_tablet&quot;:{&quot;unit&quot;:&quot;deg&quot;,&quot;size&quot;:&quot;&quot;,&quot;sizes&quot;:[]},&quot;_transform_skewY_effect_mobile&quot;:{&quot;unit&quot;:&quot;deg&quot;,&quot;size&quot;:&quot;&quot;,&quot;sizes&quot;:[]}}\" data-widget_type=\"image.default\">\n\t\t\t\t<div class=\"elementor-widget-container\">\n\t\t\t\t\t\t\t\t\t\t\t\t\t\t\t<img decoding=\"async\" width=\"1024\" height=\"683\" src=\"https:\/\/www.lourdes-france.org\/wp-content\/uploads\/2022\/08\/21_-2707-BIC-21_redimensionner_redimensionner-1024x683.jpg\" class=\"attachment-large size-large wp-image-865827\" alt=\"\" srcset=\"https:\/\/www.lourdes-france.org\/wp-content\/uploads\/2022\/08\/21_-2707-BIC-21_redimensionner_redimensionner-1024x683.jpg 1024w, https:\/\/www.lourdes-france.org\/wp-content\/uploads\/2022\/08\/21_-2707-BIC-21_redimensionner_redimensionner-300x200.jpg 300w, https:\/\/www.lourdes-france.org\/wp-content\/uploads\/2022\/08\/21_-2707-BIC-21_redimensionner_redimensionner-768x512.jpg 768w, https:\/\/www.lourdes-france.org\/wp-content\/uploads\/2022\/08\/21_-2707-BIC-21_redimensionner_redimensionner-1536x1024.jpg 1536w, https:\/\/www.lourdes-france.org\/wp-content\/uploads\/2022\/08\/21_-2707-BIC-21_redimensionner_redimensionner.jpg 1680w\" sizes=\"(max-width: 1024px) 100vw, 1024px\" \/>\t\t\t\t\t\t\t\t\t\t\t\t\t\t\t<\/div>\n\t\t\t\t<\/div>\n\t\t\t\t\t<\/div>\n\t\t<\/div>\n\t\t\t\t\t<\/div>\n\t\t<\/section>\n\t\t\t\t<section class=\"elementor-section elementor-top-section elementor-element elementor-element-848aa2b elementor-section-content-middle elementor-section-boxed elementor-section-height-default elementor-section-height-default\" data-id=\"848aa2b\" data-element_type=\"section\">\n\t\t\t\t\t\t<div class=\"elementor-container elementor-column-gap-no\">\n\t\t\t\t\t<div class=\"elementor-column elementor-col-50 elementor-top-column elementor-element elementor-element-1ff6c1c\" data-id=\"1ff6c1c\" data-element_type=\"column\">\n\t\t\t<div class=\"elementor-widget-wrap elementor-element-populated\">\n\t\t\t\t\t\t<div class=\"elementor-element elementor-element-b4bbfc5 elementor-widget elementor-widget-text-editor\" data-id=\"b4bbfc5\" data-element_type=\"widget\" data-widget_type=\"text-editor.default\">\n\t\t\t\t<div class=\"elementor-widget-container\">\n\t\t\t\t\t\t\t\t\t<h2>Die Basilika Unserer Lieben Frau vom Rosenkranz (Rosenkranzbasilika)<\/h2><ul><li><b>Kenndaten<\/b><br \/>Stil: R\u00f6misch-byzantinisch, in Form eines griechischen Kreuzes<br \/>Architekt: L\u00e9opold Hardy\u2028Einsegnung: 7. August 1889<br \/>Kirchweihe (Konsekration): 6. Oktober 1901<br \/>Bezeichnende Kunst: Die Mosaiken, die die Geheimnisse des Rosenkranzes abbilden\u2028Im Inneren : 2.000 m\u00b2 Mosaike aus der Werkstatt der italienischen Facchina, basierend auf den Zeichnungen zahlreicher K\u00fcnstler\u2028an der Portalseite: Die Lichtreichen Geheimnisse, die 2008 hinzugef\u00fcgt wurden, sind das Werk von Pater Marko Ivan Rupnik SJ<\/li><\/ul>\t\t\t\t\t\t\t\t<\/div>\n\t\t\t\t<\/div>\n\t\t\t\t\t<\/div>\n\t\t<\/div>\n\t\t\t\t<div class=\"elementor-column elementor-col-50 elementor-top-column elementor-element elementor-element-9a76d66\" data-id=\"9a76d66\" data-element_type=\"column\">\n\t\t\t<div class=\"elementor-widget-wrap elementor-element-populated\">\n\t\t\t\t\t\t<div class=\"elementor-element elementor-element-3ca9142 elementor-widget elementor-widget-image\" data-id=\"3ca9142\" data-element_type=\"widget\" data-widget_type=\"image.default\">\n\t\t\t\t<div class=\"elementor-widget-container\">\n\t\t\t\t\t\t\t\t\t\t\t\t\t\t\t<img decoding=\"async\" width=\"1024\" height=\"682\" src=\"https:\/\/www.lourdes-france.org\/wp-content\/uploads\/2022\/08\/chur_du_rosaire1_redimensionner-1024x682.jpg\" class=\"attachment-large size-large wp-image-865821\" alt=\"\" srcset=\"https:\/\/www.lourdes-france.org\/wp-content\/uploads\/2022\/08\/chur_du_rosaire1_redimensionner-1024x682.jpg 1024w, https:\/\/www.lourdes-france.org\/wp-content\/uploads\/2022\/08\/chur_du_rosaire1_redimensionner-300x200.jpg 300w, https:\/\/www.lourdes-france.org\/wp-content\/uploads\/2022\/08\/chur_du_rosaire1_redimensionner-768x512.jpg 768w, https:\/\/www.lourdes-france.org\/wp-content\/uploads\/2022\/08\/chur_du_rosaire1_redimensionner-1536x1024.jpg 1536w, https:\/\/www.lourdes-france.org\/wp-content\/uploads\/2022\/08\/chur_du_rosaire1_redimensionner.jpg 1880w\" sizes=\"(max-width: 1024px) 100vw, 1024px\" \/>\t\t\t\t\t\t\t\t\t\t\t\t\t\t\t<\/div>\n\t\t\t\t<\/div>\n\t\t\t\t\t<\/div>\n\t\t<\/div>\n\t\t\t\t\t<\/div>\n\t\t<\/section>\n\t\t\t\t<section class=\"elementor-section elementor-top-section elementor-element elementor-element-efac966 elementor-section-content-middle elementor-section-boxed elementor-section-height-default elementor-section-height-default\" data-id=\"efac966\" data-element_type=\"section\">\n\t\t\t\t\t\t<div class=\"elementor-container elementor-column-gap-no\">\n\t\t\t\t\t<div class=\"elementor-column elementor-col-50 elementor-top-column elementor-element elementor-element-30837e7\" data-id=\"30837e7\" data-element_type=\"column\">\n\t\t\t<div class=\"elementor-widget-wrap elementor-element-populated\">\n\t\t\t\t\t\t<div class=\"elementor-element elementor-element-0c76bec elementor-widget elementor-widget-text-editor\" data-id=\"0c76bec\" data-element_type=\"widget\" data-widget_type=\"text-editor.default\">\n\t\t\t\t<div class=\"elementor-widget-container\">\n\t\t\t\t\t\t\t\t\t<h2 style=\"text-align: left;\">Die Basilika St. Pius X<\/h2><p style=\"text-align: left;\">Diese unterirdische Basilika wurde 1958 zum hundertsten Jahrestag der Erscheinungen eingeweiht und ist aufgrund ihrer Dimensionen und ihrer modernen Formen dank moderner Mittel wie Spannbeton eine architektonische Meisterleistung, keinem zeitgen\u00f6ssischen Kirchengeb\u00e4ude gleicht.\u2028Sie ist der Ort der Feier internationalen Messen, gro\u00dfer Versammlungen und der Anbetung des Altarsakramentes und dem Sakramentssegen der Kranken an jedem Ende der eucharistischen Prozession.<\/p><ul><li style=\"text-align: left;\"><b>Kenndaten<\/b><br \/>Stil: In Form einer Ellipse oder des umgest\u00fcrzten Schiffes, aus Spannbeton<br \/>Architekt: Pierre Vago<br \/>Bauingenieur: Eug\u00e8ne Freyssinet<br \/>Kirchweihe (Konsekration): 25. M\u00e4rz 1958 (100 Jahre der Erscheinungen)<br \/>Gr\u00f6\u00dfe: 12 000 m\u00b2, 201 Meter lang und 81 Meter breit<br \/>Fassungsverm\u00f6gen: 5.000 Sitzpl\u00e4tze; 20.000 Pl\u00e4tze insgesamt<br \/>Bezeichnende Kunst: Die Gemmail-Bilder, <br \/>auch \u201eLichtkunst\u201c genannt, Diese Technik wurde nach dem Zweiten Weltkrieg von Jean Crotti eingef\u00fchrt und von Roger Malherbe-Navarra entwickelt.<br \/>52 Gemmail-Bilder sind in 3 Zyklen unterteilt:<br \/>\u2013 Kreuzweg von Denys Sol\u00e8re (1981)<br \/>\u2013 Geheimnisse des Rosenkranzes von Falcucci (1987)<br \/>\u2013 Erscheinungen von Massabielle von Margotton (1993)<br \/>+ Einige zus\u00e4tzliche Szenen; \u00dcbergeordnetes Leitmotiv ist Bernadettes \u201eWeg zum Licht\u201c und umfasst daher aus Szenen aus ihrem Alltag.<\/li><\/ul>\t\t\t\t\t\t\t\t<\/div>\n\t\t\t\t<\/div>\n\t\t\t\t\t<\/div>\n\t\t<\/div>\n\t\t\t\t<div class=\"elementor-column elementor-col-50 elementor-top-column elementor-element elementor-element-2a882fe\" data-id=\"2a882fe\" data-element_type=\"column\">\n\t\t\t<div class=\"elementor-widget-wrap elementor-element-populated\">\n\t\t\t\t\t\t<div class=\"elementor-element elementor-element-33903c5 elementor-widget__width-inherit elementor-widget elementor-widget-image\" data-id=\"33903c5\" data-element_type=\"widget\" data-widget_type=\"image.default\">\n\t\t\t\t<div class=\"elementor-widget-container\">\n\t\t\t\t\t\t\t\t\t\t\t\t\t\t\t<img loading=\"lazy\" decoding=\"async\" width=\"1024\" height=\"576\" src=\"https:\/\/www.lourdes-france.org\/wp-content\/uploads\/2022\/08\/basilique_St_Pie_X_vide_redimensionner-1024x576.jpg\" class=\"attachment-large size-large wp-image-865815\" alt=\"\" srcset=\"https:\/\/www.lourdes-france.org\/wp-content\/uploads\/2022\/08\/basilique_St_Pie_X_vide_redimensionner-1024x576.jpg 1024w, https:\/\/www.lourdes-france.org\/wp-content\/uploads\/2022\/08\/basilique_St_Pie_X_vide_redimensionner-300x169.jpg 300w, https:\/\/www.lourdes-france.org\/wp-content\/uploads\/2022\/08\/basilique_St_Pie_X_vide_redimensionner-768x432.jpg 768w, https:\/\/www.lourdes-france.org\/wp-content\/uploads\/2022\/08\/basilique_St_Pie_X_vide_redimensionner-1536x864.jpg 1536w, https:\/\/www.lourdes-france.org\/wp-content\/uploads\/2022\/08\/basilique_St_Pie_X_vide_redimensionner.jpg 1944w\" sizes=\"(max-width: 1024px) 100vw, 1024px\" \/>\t\t\t\t\t\t\t\t\t\t\t\t\t\t\t<\/div>\n\t\t\t\t<\/div>\n\t\t\t\t\t<\/div>\n\t\t<\/div>\n\t\t\t\t\t<\/div>\n\t\t<\/section>\n\t\t\t\t<\/div>\n\t\t","protected":false},"excerpt":{"rendered":"<p>Die 3 Basiliken Das Areal der Wallfahrtsst\u00e4tte umfasst 53 Hektar und verf\u00fcgt \u00fcber 22 Gottesdienstst\u00e4tten. Etwa 10.000 Hl. Messen werden dort jedes Jahr gefeiert.\u2028Der Titel \u201eBasilika&#8220;, der einer Kirche gegeben wird, ist eine Ehre, ein Privileg und eine Auszeichnung, die &hellip; <a href=\"https:\/\/www.lourdes-france.org\/de\/3-basiliques\/\">Weiter<\/a><\/p>\n","protected":false},"author":7,"featured_media":0,"parent":0,"menu_order":0,"comment_status":"closed","ping_status":"closed","template":"","meta":{"_acf_changed":false,"footnotes":""},"class_list":["post-889570","page","type-page","status-publish","hentry"],"acf":[],"yoast_head":"<!-- This site is optimized with the Yoast SEO plugin v24.7 - https:\/\/yoast.com\/wordpress\/plugins\/seo\/ -->\n<title>3 basiliques<\/title>\n<meta name=\"robots\" content=\"index, follow, max-snippet:-1, max-image-preview:large, max-video-preview:-1\" \/>\n<link rel=\"canonical\" href=\"https:\/\/www.lourdes-france.org\/de\/3-basiliques\/\" \/>\n<meta name=\"twitter:label1\" content=\"Gesch\u00e4tzte Lesezeit\" \/>\n\t<meta name=\"twitter:data1\" content=\"4\u00a0Minuten\" \/>\n<script type=\"application\/ld+json\" class=\"yoast-schema-graph\">{\"@context\":\"https:\/\/schema.org\",\"@graph\":[{\"@type\":\"WebPage\",\"@id\":\"https:\/\/www.lourdes-france.org\/de\/3-basiliques\/\",\"url\":\"https:\/\/www.lourdes-france.org\/de\/3-basiliques\/\",\"name\":\"3 basiliques\",\"isPartOf\":{\"@id\":\"https:\/\/preprod-lourdes.cawita.com\/#website\"},\"primaryImageOfPage\":{\"@id\":\"https:\/\/www.lourdes-france.org\/de\/3-basiliques\/#primaryimage\"},\"image\":{\"@id\":\"https:\/\/www.lourdes-france.org\/de\/3-basiliques\/#primaryimage\"},\"thumbnailUrl\":\"https:\/\/www.lourdes-france.org\/wp-content\/uploads\/2022\/03\/Vignette_3Basiliques_1200x800px-1.jpg\",\"datePublished\":\"2022-03-21T07:52:41+00:00\",\"dateModified\":\"2023-02-14T10:48:04+00:00\",\"breadcrumb\":{\"@id\":\"https:\/\/www.lourdes-france.org\/de\/3-basiliques\/#breadcrumb\"},\"inLanguage\":\"de\",\"potentialAction\":[{\"@type\":\"ReadAction\",\"target\":[\"https:\/\/www.lourdes-france.org\/de\/3-basiliques\/\"]}]},{\"@type\":\"ImageObject\",\"inLanguage\":\"de\",\"@id\":\"https:\/\/www.lourdes-france.org\/de\/3-basiliques\/#primaryimage\",\"url\":\"https:\/\/www.lourdes-france.org\/wp-content\/uploads\/2022\/03\/Vignette_3Basiliques_1200x800px-1.jpg\",\"contentUrl\":\"https:\/\/www.lourdes-france.org\/wp-content\/uploads\/2022\/03\/Vignette_3Basiliques_1200x800px-1.jpg\"},{\"@type\":\"BreadcrumbList\",\"@id\":\"https:\/\/www.lourdes-france.org\/de\/3-basiliques\/#breadcrumb\",\"itemListElement\":[{\"@type\":\"ListItem\",\"position\":1,\"name\":\"Accueil\",\"item\":\"https:\/\/www.lourdes-france.org\/\"},{\"@type\":\"ListItem\",\"position\":2,\"name\":\"3 basiliques\"}]},{\"@type\":\"WebSite\",\"@id\":\"https:\/\/preprod-lourdes.cawita.com\/#website\",\"url\":\"https:\/\/preprod-lourdes.cawita.com\/\",\"name\":\"Soutenir le Sanctuaire Notre-Dame de Lourdes\",\"description\":\"\",\"potentialAction\":[{\"@type\":\"SearchAction\",\"target\":{\"@type\":\"EntryPoint\",\"urlTemplate\":\"https:\/\/preprod-lourdes.cawita.com\/?s={search_term_string}\"},\"query-input\":{\"@type\":\"PropertyValueSpecification\",\"valueRequired\":true,\"valueName\":\"search_term_string\"}}],\"inLanguage\":\"de\"}]}<\/script>\n<!-- \/ Yoast SEO plugin. -->","yoast_head_json":{"title":"3 basiliques","robots":{"index":"index","follow":"follow","max-snippet":"max-snippet:-1","max-image-preview":"max-image-preview:large","max-video-preview":"max-video-preview:-1"},"canonical":"https:\/\/www.lourdes-france.org\/de\/3-basiliques\/","twitter_misc":{"Gesch\u00e4tzte Lesezeit":"4\u00a0Minuten"},"schema":{"@context":"https:\/\/schema.org","@graph":[{"@type":"WebPage","@id":"https:\/\/www.lourdes-france.org\/de\/3-basiliques\/","url":"https:\/\/www.lourdes-france.org\/de\/3-basiliques\/","name":"3 basiliques","isPartOf":{"@id":"https:\/\/preprod-lourdes.cawita.com\/#website"},"primaryImageOfPage":{"@id":"https:\/\/www.lourdes-france.org\/de\/3-basiliques\/#primaryimage"},"image":{"@id":"https:\/\/www.lourdes-france.org\/de\/3-basiliques\/#primaryimage"},"thumbnailUrl":"https:\/\/www.lourdes-france.org\/wp-content\/uploads\/2022\/03\/Vignette_3Basiliques_1200x800px-1.jpg","datePublished":"2022-03-21T07:52:41+00:00","dateModified":"2023-02-14T10:48:04+00:00","breadcrumb":{"@id":"https:\/\/www.lourdes-france.org\/de\/3-basiliques\/#breadcrumb"},"inLanguage":"de","potentialAction":[{"@type":"ReadAction","target":["https:\/\/www.lourdes-france.org\/de\/3-basiliques\/"]}]},{"@type":"ImageObject","inLanguage":"de","@id":"https:\/\/www.lourdes-france.org\/de\/3-basiliques\/#primaryimage","url":"https:\/\/www.lourdes-france.org\/wp-content\/uploads\/2022\/03\/Vignette_3Basiliques_1200x800px-1.jpg","contentUrl":"https:\/\/www.lourdes-france.org\/wp-content\/uploads\/2022\/03\/Vignette_3Basiliques_1200x800px-1.jpg"},{"@type":"BreadcrumbList","@id":"https:\/\/www.lourdes-france.org\/de\/3-basiliques\/#breadcrumb","itemListElement":[{"@type":"ListItem","position":1,"name":"Accueil","item":"https:\/\/www.lourdes-france.org\/"},{"@type":"ListItem","position":2,"name":"3 basiliques"}]},{"@type":"WebSite","@id":"https:\/\/preprod-lourdes.cawita.com\/#website","url":"https:\/\/preprod-lourdes.cawita.com\/","name":"Soutenir le Sanctuaire Notre-Dame de Lourdes","description":"","potentialAction":[{"@type":"SearchAction","target":{"@type":"EntryPoint","urlTemplate":"https:\/\/preprod-lourdes.cawita.com\/?s={search_term_string}"},"query-input":{"@type":"PropertyValueSpecification","valueRequired":true,"valueName":"search_term_string"}}],"inLanguage":"de"}]}},"_links":{"self":[{"href":"https:\/\/www.lourdes-france.org\/de\/wp-json\/wp\/v2\/pages\/889570","targetHints":{"allow":["GET"]}}],"collection":[{"href":"https:\/\/www.lourdes-france.org\/de\/wp-json\/wp\/v2\/pages"}],"about":[{"href":"https:\/\/www.lourdes-france.org\/de\/wp-json\/wp\/v2\/types\/page"}],"author":[{"embeddable":true,"href":"https:\/\/www.lourdes-france.org\/de\/wp-json\/wp\/v2\/users\/7"}],"replies":[{"embeddable":true,"href":"https:\/\/www.lourdes-france.org\/de\/wp-json\/wp\/v2\/comments?post=889570"}],"version-history":[{"count":3,"href":"https:\/\/www.lourdes-france.org\/de\/wp-json\/wp\/v2\/pages\/889570\/revisions"}],"predecessor-version":[{"id":889582,"href":"https:\/\/www.lourdes-france.org\/de\/wp-json\/wp\/v2\/pages\/889570\/revisions\/889582"}],"wp:attachment":[{"href":"https:\/\/www.lourdes-france.org\/de\/wp-json\/wp\/v2\/media?parent=889570"}],"curies":[{"name":"wp","href":"https:\/\/api.w.org\/{rel}","templated":true}]}}