{"id":889586,"date":"2022-03-24T14:09:09","date_gmt":"2022-03-24T13:09:09","guid":{"rendered":"https:\/\/www.lourdes-france.org\/les-miracles-de-lourdes\/"},"modified":"2023-02-14T12:02:25","modified_gmt":"2023-02-14T11:02:25","slug":"les-miracles-de-lourdes","status":"publish","type":"page","link":"https:\/\/www.lourdes-france.org\/de\/les-miracles-de-lourdes\/","title":{"rendered":"Les miracles de Lourdes"},"content":{"rendered":"\t\t<div data-elementor-type=\"wp-page\" data-elementor-id=\"889586\" class=\"elementor elementor-889586 elementor-848594\" data-elementor-post-type=\"page\">\n\t\t\t\t\t\t<section class=\"elementor-section elementor-top-section elementor-element elementor-element-b02271f elementor-section-full_width elementor-section-stretched elementor-section-height-default elementor-section-height-default\" data-id=\"b02271f\" data-element_type=\"section\" data-settings=\"{&quot;stretch_section&quot;:&quot;section-stretched&quot;}\">\n\t\t\t\t\t\t<div class=\"elementor-container elementor-column-gap-default\">\n\t\t\t\t\t<div class=\"elementor-column elementor-col-100 elementor-top-column elementor-element elementor-element-181e9395\" data-id=\"181e9395\" data-element_type=\"column\">\n\t\t\t<div class=\"elementor-widget-wrap elementor-element-populated\">\n\t\t\t\t\t\t<div class=\"elementor-element elementor-element-6ad1896e elementor-widget elementor-widget-image\" data-id=\"6ad1896e\" data-element_type=\"widget\" data-widget_type=\"image.default\">\n\t\t\t\t<div class=\"elementor-widget-container\">\n\t\t\t\t\t\t\t\t\t\t\t\t\t\t\t<img fetchpriority=\"high\" decoding=\"async\" width=\"2048\" height=\"1365\" src=\"https:\/\/www.lourdes-france.org\/wp-content\/uploads\/2022\/06\/7-1er_Cas_Louis_Bouriette_recadre-2048x1365.jpg\" class=\"attachment-2048x2048 size-2048x2048 wp-image-860681\" alt=\"\" srcset=\"https:\/\/www.lourdes-france.org\/wp-content\/uploads\/2022\/06\/7-1er_Cas_Louis_Bouriette_recadre-2048x1365.jpg 2048w, https:\/\/www.lourdes-france.org\/wp-content\/uploads\/2022\/06\/7-1er_Cas_Louis_Bouriette_recadre-300x200.jpg 300w, https:\/\/www.lourdes-france.org\/wp-content\/uploads\/2022\/06\/7-1er_Cas_Louis_Bouriette_recadre-1024x683.jpg 1024w, https:\/\/www.lourdes-france.org\/wp-content\/uploads\/2022\/06\/7-1er_Cas_Louis_Bouriette_recadre-768x512.jpg 768w, https:\/\/www.lourdes-france.org\/wp-content\/uploads\/2022\/06\/7-1er_Cas_Louis_Bouriette_recadre-1536x1024.jpg 1536w\" sizes=\"(max-width: 2048px) 100vw, 2048px\" \/>\t\t\t\t\t\t\t\t\t\t\t\t\t\t\t<\/div>\n\t\t\t\t<\/div>\n\t\t\t\t\t<\/div>\n\t\t<\/div>\n\t\t\t\t\t<\/div>\n\t\t<\/section>\n\t\t\t\t<section class=\"elementor-section elementor-top-section elementor-element elementor-element-70565c17 elementor-section-boxed elementor-section-height-default elementor-section-height-default\" data-id=\"70565c17\" data-element_type=\"section\">\n\t\t\t\t\t\t<div class=\"elementor-container elementor-column-gap-default\">\n\t\t\t\t\t<div class=\"elementor-column elementor-col-100 elementor-top-column elementor-element elementor-element-3ef5239b\" data-id=\"3ef5239b\" data-element_type=\"column\">\n\t\t\t<div class=\"elementor-widget-wrap elementor-element-populated\">\n\t\t\t\t\t\t<div class=\"elementor-element elementor-element-2dc243a4 elementor-widget elementor-widget-heading\" data-id=\"2dc243a4\" data-element_type=\"widget\" data-widget_type=\"heading.default\">\n\t\t\t\t<div class=\"elementor-widget-container\">\n\t\t\t\t\t<h1 class=\"elementor-heading-title elementor-size-default\">Die Wunder von Lourdes<\/h1>\t\t\t\t<\/div>\n\t\t\t\t<\/div>\n\t\t\t\t\t<\/div>\n\t\t<\/div>\n\t\t\t\t\t<\/div>\n\t\t<\/section>\n\t\t\t\t<section class=\"elementor-section elementor-top-section elementor-element elementor-element-125fbb1 elementor-section-boxed elementor-section-height-default elementor-section-height-default\" data-id=\"125fbb1\" data-element_type=\"section\" data-settings=\"{&quot;background_background&quot;:&quot;classic&quot;}\">\n\t\t\t\t\t\t<div class=\"elementor-container elementor-column-gap-default\">\n\t\t\t\t\t<div class=\"elementor-column elementor-col-100 elementor-top-column elementor-element elementor-element-45a2d7d\" data-id=\"45a2d7d\" data-element_type=\"column\">\n\t\t\t<div class=\"elementor-widget-wrap elementor-element-populated\">\n\t\t\t\t\t\t<div class=\"elementor-element elementor-element-cc2b2d3 elementor-widget elementor-widget-text-editor\" data-id=\"cc2b2d3\" data-element_type=\"widget\" data-widget_type=\"text-editor.default\">\n\t\t\t\t<div class=\"elementor-widget-container\">\n\t\t\t\t\t\t\t\t\t<h5>Die ersten Wunder in Lourdes ereigneten sich bereits w\u00e4hrend der Erscheinungen der Jungfrau Maria vor Bernadette im Jahr 1858. \u2028Seitdem wurden Tausende von Heilungsberichten in einer weltweit einzigartigen Organisation gesammelt: dem Bureau des constations m\u00e9dicales. (B\u00fcro f\u00fcr medizinische Befunde)<\/h5>\t\t\t\t\t\t\t\t<\/div>\n\t\t\t\t<\/div>\n\t\t\t\t\t<\/div>\n\t\t<\/div>\n\t\t\t\t\t<\/div>\n\t\t<\/section>\n\t\t\t\t<section class=\"elementor-section elementor-top-section elementor-element elementor-element-e692140 elementor-section-boxed elementor-section-height-default elementor-section-height-default\" data-id=\"e692140\" data-element_type=\"section\">\n\t\t\t\t\t\t<div class=\"elementor-container elementor-column-gap-default\">\n\t\t\t\t\t<div class=\"elementor-column elementor-col-100 elementor-top-column elementor-element elementor-element-95cb9bd\" data-id=\"95cb9bd\" data-element_type=\"column\">\n\t\t\t<div class=\"elementor-widget-wrap elementor-element-populated\">\n\t\t\t\t\t\t<div class=\"elementor-element elementor-element-4648000 elementor-widget elementor-widget-text-editor\" data-id=\"4648000\" data-element_type=\"widget\" data-widget_type=\"text-editor.default\">\n\t\t\t\t<div class=\"elementor-widget-container\">\n\t\t\t\t\t\t\t\t\t<h2>Ein weltweit einzigartiges B\u00fcro zu medizinischen Befunden<\/h2><p>Das 1883 gegr\u00fcndete \u201eBureau des constations m\u00e9dicales\u201c in Lourdes\u201c geh\u00f6rt wie die B\u00e4der zum historischen Erbe des Heiligtums von Lourdes.<sup>1<\/sup> Es ist einzigartig auf der Welt, denn kein anderes Heiligtum aus dem Bereich aller Religionen hat die st\u00e4ndige Pr\u00e4senz eines Arztes, der f\u00fcr die Beobachtung, \u00dcberpr\u00fcfung und Untersuchung von F\u00e4llen vermuteter Heilungen verantwortlich ist. Von mehr als 7.000 Heilungs-Akten, die seit den Erscheinungen in Lourdes eingereicht wurden, wurden bisher 70 F\u00e4lle von der Kirche als wundersam anerkannt<sup>2<\/sup>. Mehr als 80% der Heilungen, die als wundersam anerkannt werden, betreffen Frauen. Die j\u00fcngste Person, deren Heilung als wundersam erkannt wurde, war 2 Jahre alt. Die Herkunftsl\u00e4nder von Menschen, deren Genesung als Wunder anerkannt wurde, sind Frankreich (56), Italien (8), Belgien (3), Deutschland (1), \u00d6sterreich (1) und die Schweiz (1). Sechs Menschen versichern, durch die F\u00fcrsprache Unserer Lieben Frau von Lourdes geheilt worden zu sein, noch bevor sie nach Lourdes kamen. Die meisten Menschen wurden in Kontakt mit dem Wasser von Lourdes (50) geheilt, die meisten von ihnen in den Becken des Heiligtums.<\/p><h2>Geschichte<\/h2><p>Auf Wunsch von Pater R\u00e9mi Semp\u00e9, Pater von Garaison und dem erster Rektor des Heiligtums, gr\u00fcndete Dr. Georges-Fernand Dunot de Saint-Maclou das Bureau des Constatations m\u00e9dicales, damit niemand Lourdes verl\u00e4sst und behauptet, \u201egeheilt\u201c zu sein, ohne seine Heilungsgeschichte einer strengen und kollegialen medizinischen Untersuchung unterzogen zu haben. 1886 stimmte Papst Leo XIII. durch den Erzbischof von Cagliari, Vincenzo Gregorio Berchialla, den strengen Verfahren der Medizinischen B\u00fcros von Lourdes zu. Und 1905 wurde dem Bischof von Tarbes vom Heiligen Stuhl das Recht best\u00e4tigt, die Verfahren des B\u00fcros f\u00fcr medizinische Befunde zu nutzen, um gemeldete Heilungen zu untersuchen. Dieses Recht gilt noch heute.<\/p><h2>Erkl\u00e4rung eines Wunders: 4 entscheidende Schritte<\/h2><p>Der st\u00e4ndige Arzt des B\u00fcros f\u00fcr medizinische Befunde, eine Aufgabe, mit der seit 2009 Dr. Alessandro de Franciscis betraut ist, empf\u00e4ngt Menschen, die eine Heilung erkl\u00e4ren m\u00f6chten. Wenn er den Fall f\u00fcr ernst und einer weiteren Untersuchung w\u00fcrdig h\u00e4lt, erkundigt er sich bei seinen Kollegen und den Pflegekr\u00e4fte, die an diesem Tag in Lourdes anwesend waren und ihre Anwesenheit im Register des B\u00fcros f\u00fcr medizinische Befunde von Lourdes gemeldet haben. Wenn die \u00c4rzte kollegial beschlie\u00dfen, die Untersuchung fortzusetzen, wird die Heilung einem langen Untersuchungsprozess unterzogen, der mehrere Jahre dauern kann und an dessen Ende die Mitglieder des Internationalen Medizinischen Komitees von Lourdes (CMIL) dar\u00fcber abstimmen, dass die Heilung \u201enach derzeitigem Stand unseres Wissens unerkl\u00e4rlich ist\u201c. Der Ortsbischof der geheilten Person wird dann \u00fcber das Votum des CMIL informiert. Es obliegt dann an ihm als Vertreter der Hierarchie der Kirche, ein Wunder zu verk\u00fcnden <sup>3<\/sup>.<\/p><h2>Die Arbeit und das Votum der \u00c4rzte m\u00fcssen zwingend sieben Kriterien<sup>4<\/sup> respektieren:<\/h2><ol><li>Das 1. Kriterium ist, dass die Krankheit schwerwiegend ist, mit einer ung\u00fcnstigen Prognose.<\/li><li>Zweitens muss die Krankheit bekannt und von der Medizin aufgelistet sein.<\/li><li>Drittens muss diese Krankheit organisch, l\u00e4sional, sein das hei\u00dft, es muss objektive, biologische, radiologische Kriterien geben, alles, was derzeit in der Medizin existieren; das bedeutet, dass auch heute keine Heilungen von Krankheiten ohne genaue objektive Kriterien wie psychische, psychiatrische, funktionelle, nerv\u00f6se Krankheiten usw. anerkennt werden (das bedeutet nicht, dass diese Krankheiten nicht heilbar sind, aber in den Kriterien der Kirche wird die Heilung zum gegenw\u00e4rtigen Stand der Dinge nicht als Wunder anerkannt werden).<\/li><li>Viertens darf es keine Behandlung geben, der die Heilung zugerechnet werden k\u00f6nnte.<\/li><li>Das f\u00fcnfte Kriterium betrifft den Moment der Heilung selbst: die Heilung muss pl\u00f6tzlich, unerwartet, augenblicklich, sofort und ohne Rekonvaleszenz erfolgen.<\/li><li>Schlie\u00dflich gibt es nach der Heilung noch zwei Kriterien: Es darf nicht einfach eine R\u00fcckbildung der Symptome sein, sondern eine R\u00fcckkehr aller lebenswichtigen Funktionen, und schlie\u00dflich darf es nicht nur eine R\u00fcckbildung sein, sondern eine Heilung, das hei\u00dft dauerhaft und endg\u00fcltig.<\/li><\/ol><div>\u00a0<\/div><p><sup>1 \u2013 Das Ritual des Badens in B\u00e4dern von Lourdes ist in das immaterielle Kulturerbe eingeschrieben.<br \/>2 \u2013 Galerie der Portr\u00e4ts der 70 Wunder von Lourdes im 1. Stock des Accueil Johannes Paul II..<br \/>3 \u2013 Wunder: \u201eEine au\u00dfergew\u00f6hnliche Tatsache und erregende Bewunderung au\u00dferhalb des \u00fcblichen Verlaufs der Dinge. Eine Manifestation der Macht und des Eingreifens Gottes, die eine Offenbarung seiner Gegenwart und der Freiheit zum Ausdruck bringt und die er anwendet, um seine Ziele zu erreichen. Das Wunder hat keinen Zweck an sich, es eitet unseren Blick, indem es die unmittelbare Gegenwart Gottes offenbart.&#8220; (Quelle: Franz\u00f6sische Bischofskonferenz<br \/>4 \u2013 Diese Kriterien sind dieselben, die von der Kongregation f\u00fcr die Selig- und Heiligsprechungsprozesse im Vatikan verwendet werden, die sie im Zuge der Anerkennung von Wundern im Zusammenhang mit Seligsprechungen und Heiligsprechungen verwendet. Sie wurden von Kardinal Lambertini (sp\u00e4teren Papst Benedikt XIV.) definiert.<br \/><\/sup><\/p>\t\t\t\t\t\t\t\t<\/div>\n\t\t\t\t<\/div>\n\t\t\t\t\t<\/div>\n\t\t<\/div>\n\t\t\t\t\t<\/div>\n\t\t<\/section>\n\t\t\t\t<section class=\"elementor-section elementor-top-section elementor-element elementor-element-b071154 elementor-section-boxed elementor-section-height-default elementor-section-height-default\" data-id=\"b071154\" data-element_type=\"section\">\n\t\t\t\t\t\t<div class=\"elementor-container elementor-column-gap-default\">\n\t\t\t\t\t<div class=\"elementor-column elementor-col-100 elementor-top-column elementor-element elementor-element-5f12d29\" data-id=\"5f12d29\" data-element_type=\"column\">\n\t\t\t<div class=\"elementor-widget-wrap elementor-element-populated\">\n\t\t\t\t\t\t<div class=\"elementor-element elementor-element-8c6c5bb elementor-align-center elementor-widget elementor-widget-button\" data-id=\"8c6c5bb\" data-element_type=\"widget\" data-widget_type=\"button.default\">\n\t\t\t\t<div class=\"elementor-widget-container\">\n\t\t\t\t\t\t\t\t\t<div class=\"elementor-button-wrapper\">\n\t\t\t\t\t<a class=\"elementor-button elementor-button-link elementor-size-sm\" href=\"https:\/\/www.lourdes-france.com\/de\/guerison-et-miracles\/\" target=\"_blank\">\n\t\t\t\t\t\t<span class=\"elementor-button-content-wrapper\">\n\t\t\t\t\t\t\t\t\t<span class=\"elementor-button-text\">DIE 70 HEILUNGEN, DIE VON DER KATHOLISCHEN KIRCHE ALS WUNDER ANERKANNT WURDEN<\/span>\n\t\t\t\t\t<\/span>\n\t\t\t\t\t<\/a>\n\t\t\t\t<\/div>\n\t\t\t\t\t\t\t\t<\/div>\n\t\t\t\t<\/div>\n\t\t\t\t<div class=\"elementor-element elementor-element-bcb616a elementor-align-center elementor-widget elementor-widget-button\" data-id=\"bcb616a\" data-element_type=\"widget\" data-widget_type=\"button.default\">\n\t\t\t\t<div class=\"elementor-widget-container\">\n\t\t\t\t\t\t\t\t\t<div class=\"elementor-button-wrapper\">\n\t\t\t\t\t<a class=\"elementor-button elementor-button-link elementor-size-sm\" href=\"https:\/\/www.amilourdes.com\/de\" target=\"_blank\">\n\t\t\t\t\t\t<span class=\"elementor-button-content-wrapper\">\n\t\t\t\t\t\t\t\t\t<span class=\"elementor-button-text\">INTERNATIONALE MEDIZINISCHE VEREINIGUNG VON LOURDES (AMIL)<\/span>\n\t\t\t\t\t<\/span>\n\t\t\t\t\t<\/a>\n\t\t\t\t<\/div>\n\t\t\t\t\t\t\t\t<\/div>\n\t\t\t\t<\/div>\n\t\t\t\t\t<\/div>\n\t\t<\/div>\n\t\t\t\t\t<\/div>\n\t\t<\/section>\n\t\t\t\t<\/div>\n\t\t","protected":false},"excerpt":{"rendered":"<p>Die Wunder von Lourdes Die ersten Wunder in Lourdes ereigneten sich bereits w\u00e4hrend der Erscheinungen der Jungfrau Maria vor Bernadette im Jahr 1858. \u2028Seitdem wurden Tausende von Heilungsberichten in einer weltweit einzigartigen Organisation gesammelt: dem Bureau des constations m\u00e9dicales. (B\u00fcro &hellip; <a href=\"https:\/\/www.lourdes-france.org\/de\/les-miracles-de-lourdes\/\">Weiter<\/a><\/p>\n","protected":false},"author":7,"featured_media":0,"parent":0,"menu_order":0,"comment_status":"closed","ping_status":"closed","template":"","meta":{"_acf_changed":false,"footnotes":""},"class_list":["post-889586","page","type-page","status-publish","hentry"],"acf":[],"yoast_head":"<!-- This site is optimized with the Yoast SEO plugin v24.7 - https:\/\/yoast.com\/wordpress\/plugins\/seo\/ -->\n<title>Les miracles de Lourdes<\/title>\n<meta name=\"description\" content=\"Les premiers miracles de Lourdes ont eu lieu apr\u00e8s les apparitions de la Vierge \u00e0 Bernadette en 1858 recueillies par le Bureau des constatations m\u00e9dicales.\" \/>\n<meta name=\"robots\" content=\"index, follow, max-snippet:-1, max-image-preview:large, max-video-preview:-1\" \/>\n<link rel=\"canonical\" href=\"https:\/\/www.lourdes-france.org\/de\/les-miracles-de-lourdes\/\" \/>\n<meta name=\"twitter:label1\" content=\"Gesch\u00e4tzte Lesezeit\" \/>\n\t<meta name=\"twitter:data1\" content=\"5\u00a0Minuten\" \/>\n<script type=\"application\/ld+json\" class=\"yoast-schema-graph\">{\"@context\":\"https:\/\/schema.org\",\"@graph\":[{\"@type\":\"WebPage\",\"@id\":\"https:\/\/www.lourdes-france.org\/de\/les-miracles-de-lourdes\/\",\"url\":\"https:\/\/www.lourdes-france.org\/de\/les-miracles-de-lourdes\/\",\"name\":\"Les miracles de Lourdes\",\"isPartOf\":{\"@id\":\"https:\/\/preprod-lourdes.cawita.com\/#website\"},\"primaryImageOfPage\":{\"@id\":\"https:\/\/www.lourdes-france.org\/de\/les-miracles-de-lourdes\/#primaryimage\"},\"image\":{\"@id\":\"https:\/\/www.lourdes-france.org\/de\/les-miracles-de-lourdes\/#primaryimage\"},\"thumbnailUrl\":\"https:\/\/www.lourdes-france.org\/wp-content\/uploads\/2022\/06\/7-1er_Cas_Louis_Bouriette_recadre-2048x1365.jpg\",\"datePublished\":\"2022-03-24T13:09:09+00:00\",\"dateModified\":\"2023-02-14T11:02:25+00:00\",\"description\":\"Les premiers miracles de Lourdes ont eu lieu apr\u00e8s les apparitions de la Vierge \u00e0 Bernadette en 1858 recueillies par le Bureau des constatations m\u00e9dicales.\",\"breadcrumb\":{\"@id\":\"https:\/\/www.lourdes-france.org\/de\/les-miracles-de-lourdes\/#breadcrumb\"},\"inLanguage\":\"de\",\"potentialAction\":[{\"@type\":\"ReadAction\",\"target\":[\"https:\/\/www.lourdes-france.org\/de\/les-miracles-de-lourdes\/\"]}]},{\"@type\":\"ImageObject\",\"inLanguage\":\"de\",\"@id\":\"https:\/\/www.lourdes-france.org\/de\/les-miracles-de-lourdes\/#primaryimage\",\"url\":\"https:\/\/www.lourdes-france.org\/wp-content\/uploads\/2022\/06\/7-1er_Cas_Louis_Bouriette_recadre-2048x1365.jpg\",\"contentUrl\":\"https:\/\/www.lourdes-france.org\/wp-content\/uploads\/2022\/06\/7-1er_Cas_Louis_Bouriette_recadre-2048x1365.jpg\"},{\"@type\":\"BreadcrumbList\",\"@id\":\"https:\/\/www.lourdes-france.org\/de\/les-miracles-de-lourdes\/#breadcrumb\",\"itemListElement\":[{\"@type\":\"ListItem\",\"position\":1,\"name\":\"Accueil\",\"item\":\"https:\/\/www.lourdes-france.org\/\"},{\"@type\":\"ListItem\",\"position\":2,\"name\":\"Les miracles de Lourdes\"}]},{\"@type\":\"WebSite\",\"@id\":\"https:\/\/preprod-lourdes.cawita.com\/#website\",\"url\":\"https:\/\/preprod-lourdes.cawita.com\/\",\"name\":\"Soutenir le Sanctuaire Notre-Dame de Lourdes\",\"description\":\"\",\"potentialAction\":[{\"@type\":\"SearchAction\",\"target\":{\"@type\":\"EntryPoint\",\"urlTemplate\":\"https:\/\/preprod-lourdes.cawita.com\/?s={search_term_string}\"},\"query-input\":{\"@type\":\"PropertyValueSpecification\",\"valueRequired\":true,\"valueName\":\"search_term_string\"}}],\"inLanguage\":\"de\"}]}<\/script>\n<!-- \/ Yoast SEO plugin. -->","yoast_head_json":{"title":"Les miracles de Lourdes","description":"Les premiers miracles de Lourdes ont eu lieu apr\u00e8s les apparitions de la Vierge \u00e0 Bernadette en 1858 recueillies par le Bureau des constatations m\u00e9dicales.","robots":{"index":"index","follow":"follow","max-snippet":"max-snippet:-1","max-image-preview":"max-image-preview:large","max-video-preview":"max-video-preview:-1"},"canonical":"https:\/\/www.lourdes-france.org\/de\/les-miracles-de-lourdes\/","twitter_misc":{"Gesch\u00e4tzte Lesezeit":"5\u00a0Minuten"},"schema":{"@context":"https:\/\/schema.org","@graph":[{"@type":"WebPage","@id":"https:\/\/www.lourdes-france.org\/de\/les-miracles-de-lourdes\/","url":"https:\/\/www.lourdes-france.org\/de\/les-miracles-de-lourdes\/","name":"Les miracles de Lourdes","isPartOf":{"@id":"https:\/\/preprod-lourdes.cawita.com\/#website"},"primaryImageOfPage":{"@id":"https:\/\/www.lourdes-france.org\/de\/les-miracles-de-lourdes\/#primaryimage"},"image":{"@id":"https:\/\/www.lourdes-france.org\/de\/les-miracles-de-lourdes\/#primaryimage"},"thumbnailUrl":"https:\/\/www.lourdes-france.org\/wp-content\/uploads\/2022\/06\/7-1er_Cas_Louis_Bouriette_recadre-2048x1365.jpg","datePublished":"2022-03-24T13:09:09+00:00","dateModified":"2023-02-14T11:02:25+00:00","description":"Les premiers miracles de Lourdes ont eu lieu apr\u00e8s les apparitions de la Vierge \u00e0 Bernadette en 1858 recueillies par le Bureau des constatations m\u00e9dicales.","breadcrumb":{"@id":"https:\/\/www.lourdes-france.org\/de\/les-miracles-de-lourdes\/#breadcrumb"},"inLanguage":"de","potentialAction":[{"@type":"ReadAction","target":["https:\/\/www.lourdes-france.org\/de\/les-miracles-de-lourdes\/"]}]},{"@type":"ImageObject","inLanguage":"de","@id":"https:\/\/www.lourdes-france.org\/de\/les-miracles-de-lourdes\/#primaryimage","url":"https:\/\/www.lourdes-france.org\/wp-content\/uploads\/2022\/06\/7-1er_Cas_Louis_Bouriette_recadre-2048x1365.jpg","contentUrl":"https:\/\/www.lourdes-france.org\/wp-content\/uploads\/2022\/06\/7-1er_Cas_Louis_Bouriette_recadre-2048x1365.jpg"},{"@type":"BreadcrumbList","@id":"https:\/\/www.lourdes-france.org\/de\/les-miracles-de-lourdes\/#breadcrumb","itemListElement":[{"@type":"ListItem","position":1,"name":"Accueil","item":"https:\/\/www.lourdes-france.org\/"},{"@type":"ListItem","position":2,"name":"Les miracles de Lourdes"}]},{"@type":"WebSite","@id":"https:\/\/preprod-lourdes.cawita.com\/#website","url":"https:\/\/preprod-lourdes.cawita.com\/","name":"Soutenir le Sanctuaire Notre-Dame de Lourdes","description":"","potentialAction":[{"@type":"SearchAction","target":{"@type":"EntryPoint","urlTemplate":"https:\/\/preprod-lourdes.cawita.com\/?s={search_term_string}"},"query-input":{"@type":"PropertyValueSpecification","valueRequired":true,"valueName":"search_term_string"}}],"inLanguage":"de"}]}},"_links":{"self":[{"href":"https:\/\/www.lourdes-france.org\/de\/wp-json\/wp\/v2\/pages\/889586","targetHints":{"allow":["GET"]}}],"collection":[{"href":"https:\/\/www.lourdes-france.org\/de\/wp-json\/wp\/v2\/pages"}],"about":[{"href":"https:\/\/www.lourdes-france.org\/de\/wp-json\/wp\/v2\/types\/page"}],"author":[{"embeddable":true,"href":"https:\/\/www.lourdes-france.org\/de\/wp-json\/wp\/v2\/users\/7"}],"replies":[{"embeddable":true,"href":"https:\/\/www.lourdes-france.org\/de\/wp-json\/wp\/v2\/comments?post=889586"}],"version-history":[{"count":3,"href":"https:\/\/www.lourdes-france.org\/de\/wp-json\/wp\/v2\/pages\/889586\/revisions"}],"predecessor-version":[{"id":889601,"href":"https:\/\/www.lourdes-france.org\/de\/wp-json\/wp\/v2\/pages\/889586\/revisions\/889601"}],"wp:attachment":[{"href":"https:\/\/www.lourdes-france.org\/de\/wp-json\/wp\/v2\/media?parent=889586"}],"curies":[{"name":"wp","href":"https:\/\/api.w.org\/{rel}","templated":true}]}}