{"id":9555,"date":"2018-08-14T16:19:26","date_gmt":"2018-08-14T14:19:26","guid":{"rendered":"https:\/\/www.lourdes-france.org\/comment-venir-au-sanctuaire-moyens-de-transport\/"},"modified":"2021-03-02T16:08:33","modified_gmt":"2021-03-02T15:08:33","slug":"nach-lourdes-kommen","status":"publish","type":"page","link":"https:\/\/www.lourdes-france.org\/de\/nach-lourdes-kommen\/","title":{"rendered":"Nach Lourdes kommen: Verkehrsmittel"},"content":{"rendered":"\t\t<div data-elementor-type=\"wp-post\" data-elementor-id=\"9555\" class=\"elementor elementor-9555 elementor-9543 elementor-bc-flex-widget\" data-elementor-post-type=\"page\">\n\t\t\t\t\t\t<section class=\"elementor-section elementor-top-section elementor-element elementor-element-18b20428 elementor-section-boxed elementor-section-height-default elementor-section-height-default\" data-id=\"18b20428\" data-element_type=\"section\">\n\t\t\t\t\t\t<div class=\"elementor-container elementor-column-gap-no\">\n\t\t\t\t\t<div class=\"elementor-column elementor-col-100 elementor-top-column elementor-element elementor-element-769c9cc7\" data-id=\"769c9cc7\" data-element_type=\"column\">\n\t\t\t<div class=\"elementor-widget-wrap elementor-element-populated\">\n\t\t\t\t\t\t<div class=\"elementor-element elementor-element-28cf889b elementor-widget elementor-widget-text-editor\" data-id=\"28cf889b\" data-element_type=\"widget\" data-widget_type=\"text-editor.default\">\n\t\t\t\t<div class=\"elementor-widget-container\">\n\t\t\t\t\t\t\t\t\t<h2><span style=\"color: #e8a700;\">Auto<\/span><\/h2>\t\t\t\t\t\t\t\t<\/div>\n\t\t\t\t<\/div>\n\t\t\t\t<div class=\"elementor-element elementor-element-593d06b0 elementor-widget elementor-widget-text-editor\" data-id=\"593d06b0\" data-element_type=\"widget\" data-widget_type=\"text-editor.default\">\n\t\t\t\t<div class=\"elementor-widget-container\">\n\t\t\t\t\t\t\t\t\t<p>Die Wallfahrtsst\u00e4tte Lourdes ist erreichbar:<br \/>&#8211; auf direktem Wege (15 km) via die A 64<strong>:<br \/>&#8211; Ausfahrt &#8222;Lourdes&#8220;<\/strong> (Nr. 12 Tarbes-Ouest), dann weiter auf der RN 21.<br \/>&#8211; \u00fcber die A 65 <strong>Bordeaux-Lourdes<\/strong>, dann weiter auf der A 64 und der RN 21 = 2h30<br \/>&#8211; \u00fcber die A 65<strong> Toulouse-Lourdes<\/strong> , dann weiter auf der RN 21 = 2h<br \/>Die Anfahrt mit dem Wagen wird durch zahlreiche kostenlose Parkpl\u00e4tze in der Innenstadt sowie in der N\u00e4he der Wallfahrtsst\u00e4tte erleichtert.<\/p>\t\t\t\t\t\t\t\t<\/div>\n\t\t\t\t<\/div>\n\t\t\t\t<div class=\"elementor-element elementor-element-16a28ce elementor-widget elementor-widget-text-editor\" data-id=\"16a28ce\" data-element_type=\"widget\" data-widget_type=\"text-editor.default\">\n\t\t\t\t<div class=\"elementor-widget-container\">\n\t\t\t\t\t\t\t\t\t<h2><span style=\"color: #e8a700;\">Reisebus<\/span><\/h2>\t\t\t\t\t\t\t\t<\/div>\n\t\t\t\t<\/div>\n\t\t\t\t<div class=\"elementor-element elementor-element-58bb89f8 elementor-widget elementor-widget-text-editor\" data-id=\"58bb89f8\" data-element_type=\"widget\" data-widget_type=\"text-editor.default\">\n\t\t\t\t<div class=\"elementor-widget-container\">\n\t\t\t\t\t\t\t\t\t<p>Es besteht die M\u00f6glichkeit innerhalb der Wallfahrtsst\u00e4tte zu parken:<br \/><a href=\"mailto:francis.dias@lourdes-france.com\" target=\"_blank\" rel=\"noopener\">Bitte kontaktieren Sie M. Francis Dias<\/a><\/p>\t\t\t\t\t\t\t\t<\/div>\n\t\t\t\t<\/div>\n\t\t\t\t<div class=\"elementor-element elementor-element-71196e5 elementor-widget elementor-widget-text-editor\" data-id=\"71196e5\" data-element_type=\"widget\" data-widget_type=\"text-editor.default\">\n\t\t\t\t<div class=\"elementor-widget-container\">\n\t\t\t\t\t\t\t\t\t<h2><span style=\"color: #e8a700;\">Bahn<\/span><\/h2>\t\t\t\t\t\t\t\t<\/div>\n\t\t\t\t<\/div>\n\t\t\t\t<div class=\"elementor-element elementor-element-6c0435b elementor-widget elementor-widget-text-editor\" data-id=\"6c0435b\" data-element_type=\"widget\" data-widget_type=\"text-editor.default\">\n\t\t\t\t<div class=\"elementor-widget-container\">\n\t\t\t\t\t\t\t\t\t<p>Lourdes verf\u00fcgt \u00fcber einen Bahnhof, der vom TGV (=schneller Fernzug) und von Regionalz\u00fcgen angefahren wird.\u00a0 Die Wallfahrtsst\u00e4tte liegt ca. 10 min Fu\u00dfweg vom Bahnhof entfernt.<br \/>&#8211; Paris-Lourdes (5h30 im TGV) : 4 Zugverbindungen t\u00e4glich in beide Richtungen<br \/>&#8211; Direkte Zugverbindungen : Bordeaux \/ Toulouse \/ Montpellier \/ Marseille \/ Nizza\/ Lyon \/ Hendaye \/Genf \/ Irun<br \/><a href=\"https:\/\/www.gares-sncf.com\/fr\/gare\/frlde\/lourdes\" target=\"_blank\" rel=\"noopener\">Die Internetseite des Bahnhofs von Lourdes<\/a><\/p>\t\t\t\t\t\t\t\t<\/div>\n\t\t\t\t<\/div>\n\t\t\t\t<div class=\"elementor-element elementor-element-4fa11af elementor-widget elementor-widget-text-editor\" data-id=\"4fa11af\" data-element_type=\"widget\" data-widget_type=\"text-editor.default\">\n\t\t\t\t<div class=\"elementor-widget-container\">\n\t\t\t\t\t\t\t\t\t<h2><span style=\"color: #e8a700;\">Flugzeug<\/span><\/h2>\t\t\t\t\t\t\t\t<\/div>\n\t\t\t\t<\/div>\n\t\t\t\t<div class=\"elementor-element elementor-element-010c5fd elementor-widget elementor-widget-text-editor\" data-id=\"010c5fd\" data-element_type=\"widget\" data-widget_type=\"text-editor.default\">\n\t\t\t\t<div class=\"elementor-widget-container\">\n\t\t\t\t\t\t\t\t\t<p>Der internationale Flughafen Tarbes-Lourdes-Pyr\u00e9n\u00e9es liegt 10 km n\u00f6rdlich der Wallfahrtsst\u00e4tte von Lourdes entfernt.<br \/>&#8211; 3 Fl\u00fcge t\u00e4glich nach Paris-Orly<br \/><a href=\"http:\/\/www.tlp.aeroport.fr\/accueil\" target=\"_blank\" rel=\"noopener\">Besuchen Sie die Internetseite des Flughafens Tarbes-Lourdes-Pyr\u00e9n\u00e9es<\/a><\/p><p>Weitere Flugh\u00e4fen in der Umgebung : <br \/><a href=\"https:\/\/www.pau.aeroport.fr\/\" target=\"_blank\" rel=\"noopener\">&#8211; Pau-Pyr\u00e9n\u00e9es (45 km westlich von Lourdes)<\/a><br \/><a href=\"http:\/\/www.toulouse.aeroport.fr\/\" target=\"_blank\" rel=\"noopener\">&#8211; Toulouse-Blagnac (150 km \u00f6stlich von Lourdes)<\/a><\/p>\t\t\t\t\t\t\t\t<\/div>\n\t\t\t\t<\/div>\n\t\t\t\t<div class=\"elementor-element elementor-element-5cdf71d elementor-widget elementor-widget-text-editor\" data-id=\"5cdf71d\" data-element_type=\"widget\" data-widget_type=\"text-editor.default\">\n\t\t\t\t<div class=\"elementor-widget-container\">\n\t\t\t\t\t\t\t\t\t<h2><span style=\"color: #e8a700;\">Zu Fuss<br \/><\/span><\/h2>\t\t\t\t\t\t\t\t<\/div>\n\t\t\t\t<\/div>\n\t\t\t\t<div class=\"elementor-element elementor-element-be06de3 elementor-widget elementor-widget-text-editor\" data-id=\"be06de3\" data-element_type=\"widget\" data-widget_type=\"text-editor.default\">\n\t\t\t\t<div class=\"elementor-widget-container\">\n\t\t\t\t\t\t\t\t\t<p>Lourdes liegt auf dem Weg nach Santiago de Compostella. Mehrere gut ausgeschilderte Routen f\u00fchren hierher:<a href=\"http:\/\/www.st-jacques-65.com\/\" target=\"_blank\" rel=\"noopener\"> der GR 101 und der GR 78. Besuchen Sie die Internetseite des Vereins der Freunde von Santiago der Region Hautes-Pyr\u00e9n\u00e9es (l&#8217;association des Amis de Saint Jacques en Hautes-Pyr\u00e9n\u00e9es)<\/a><\/p>\t\t\t\t\t\t\t\t<\/div>\n\t\t\t\t<\/div>\n\t\t\t\t\t<\/div>\n\t\t<\/div>\n\t\t\t\t\t<\/div>\n\t\t<\/section>\n\t\t\t\t<\/div>\n\t\t","protected":false},"excerpt":{"rendered":"<p>Auto Die Wallfahrtsst\u00e4tte Lourdes ist erreichbar:&#8211; auf direktem Wege (15 km) via die A 64:&#8211; Ausfahrt &#8222;Lourdes&#8220; (Nr. 12 Tarbes-Ouest), dann weiter auf der RN 21.&#8211; \u00fcber die A 65 Bordeaux-Lourdes, dann weiter auf der A 64 und der RN &hellip; <a href=\"https:\/\/www.lourdes-france.org\/de\/nach-lourdes-kommen\/\">Weiter<\/a><\/p>\n","protected":false},"author":7,"featured_media":0,"parent":0,"menu_order":0,"comment_status":"closed","ping_status":"closed","template":"","meta":{"_acf_changed":false,"footnotes":""},"class_list":["post-9555","page","type-page","status-publish","hentry"],"acf":[],"yoast_head":"<!-- This site is optimized with the Yoast SEO plugin v24.7 - https:\/\/yoast.com\/wordpress\/plugins\/seo\/ -->\n<title>Nach Lourdes kommen: Verkehrsmittel<\/title>\n<meta name=\"robots\" content=\"index, follow, max-snippet:-1, max-image-preview:large, max-video-preview:-1\" \/>\n<link rel=\"canonical\" href=\"https:\/\/www.lourdes-france.org\/de\/nach-lourdes-kommen\/\" \/>\n<meta name=\"twitter:label1\" content=\"Gesch\u00e4tzte Lesezeit\" \/>\n\t<meta name=\"twitter:data1\" content=\"1\u00a0Minute\" \/>\n<script type=\"application\/ld+json\" class=\"yoast-schema-graph\">{\"@context\":\"https:\/\/schema.org\",\"@graph\":[{\"@type\":\"WebPage\",\"@id\":\"https:\/\/www.lourdes-france.org\/de\/nach-lourdes-kommen\/\",\"url\":\"https:\/\/www.lourdes-france.org\/de\/nach-lourdes-kommen\/\",\"name\":\"Nach Lourdes kommen: Verkehrsmittel\",\"isPartOf\":{\"@id\":\"https:\/\/preprod-lourdes.cawita.com\/#website\"},\"datePublished\":\"2018-08-14T14:19:26+00:00\",\"dateModified\":\"2021-03-02T15:08:33+00:00\",\"breadcrumb\":{\"@id\":\"https:\/\/www.lourdes-france.org\/de\/nach-lourdes-kommen\/#breadcrumb\"},\"inLanguage\":\"de\",\"potentialAction\":[{\"@type\":\"ReadAction\",\"target\":[\"https:\/\/www.lourdes-france.org\/de\/nach-lourdes-kommen\/\"]}]},{\"@type\":\"BreadcrumbList\",\"@id\":\"https:\/\/www.lourdes-france.org\/de\/nach-lourdes-kommen\/#breadcrumb\",\"itemListElement\":[{\"@type\":\"ListItem\",\"position\":1,\"name\":\"Accueil\",\"item\":\"https:\/\/www.lourdes-france.org\/\"},{\"@type\":\"ListItem\",\"position\":2,\"name\":\"Nach Lourdes kommen: Verkehrsmittel\"}]},{\"@type\":\"WebSite\",\"@id\":\"https:\/\/preprod-lourdes.cawita.com\/#website\",\"url\":\"https:\/\/preprod-lourdes.cawita.com\/\",\"name\":\"Soutenir le Sanctuaire Notre-Dame de Lourdes\",\"description\":\"\",\"potentialAction\":[{\"@type\":\"SearchAction\",\"target\":{\"@type\":\"EntryPoint\",\"urlTemplate\":\"https:\/\/preprod-lourdes.cawita.com\/?s={search_term_string}\"},\"query-input\":{\"@type\":\"PropertyValueSpecification\",\"valueRequired\":true,\"valueName\":\"search_term_string\"}}],\"inLanguage\":\"de\"}]}<\/script>\n<!-- \/ Yoast SEO plugin. -->","yoast_head_json":{"title":"Nach Lourdes kommen: Verkehrsmittel","robots":{"index":"index","follow":"follow","max-snippet":"max-snippet:-1","max-image-preview":"max-image-preview:large","max-video-preview":"max-video-preview:-1"},"canonical":"https:\/\/www.lourdes-france.org\/de\/nach-lourdes-kommen\/","twitter_misc":{"Gesch\u00e4tzte Lesezeit":"1\u00a0Minute"},"schema":{"@context":"https:\/\/schema.org","@graph":[{"@type":"WebPage","@id":"https:\/\/www.lourdes-france.org\/de\/nach-lourdes-kommen\/","url":"https:\/\/www.lourdes-france.org\/de\/nach-lourdes-kommen\/","name":"Nach Lourdes kommen: Verkehrsmittel","isPartOf":{"@id":"https:\/\/preprod-lourdes.cawita.com\/#website"},"datePublished":"2018-08-14T14:19:26+00:00","dateModified":"2021-03-02T15:08:33+00:00","breadcrumb":{"@id":"https:\/\/www.lourdes-france.org\/de\/nach-lourdes-kommen\/#breadcrumb"},"inLanguage":"de","potentialAction":[{"@type":"ReadAction","target":["https:\/\/www.lourdes-france.org\/de\/nach-lourdes-kommen\/"]}]},{"@type":"BreadcrumbList","@id":"https:\/\/www.lourdes-france.org\/de\/nach-lourdes-kommen\/#breadcrumb","itemListElement":[{"@type":"ListItem","position":1,"name":"Accueil","item":"https:\/\/www.lourdes-france.org\/"},{"@type":"ListItem","position":2,"name":"Nach Lourdes kommen: Verkehrsmittel"}]},{"@type":"WebSite","@id":"https:\/\/preprod-lourdes.cawita.com\/#website","url":"https:\/\/preprod-lourdes.cawita.com\/","name":"Soutenir le Sanctuaire Notre-Dame de Lourdes","description":"","potentialAction":[{"@type":"SearchAction","target":{"@type":"EntryPoint","urlTemplate":"https:\/\/preprod-lourdes.cawita.com\/?s={search_term_string}"},"query-input":{"@type":"PropertyValueSpecification","valueRequired":true,"valueName":"search_term_string"}}],"inLanguage":"de"}]}},"_links":{"self":[{"href":"https:\/\/www.lourdes-france.org\/de\/wp-json\/wp\/v2\/pages\/9555","targetHints":{"allow":["GET"]}}],"collection":[{"href":"https:\/\/www.lourdes-france.org\/de\/wp-json\/wp\/v2\/pages"}],"about":[{"href":"https:\/\/www.lourdes-france.org\/de\/wp-json\/wp\/v2\/types\/page"}],"author":[{"embeddable":true,"href":"https:\/\/www.lourdes-france.org\/de\/wp-json\/wp\/v2\/users\/7"}],"replies":[{"embeddable":true,"href":"https:\/\/www.lourdes-france.org\/de\/wp-json\/wp\/v2\/comments?post=9555"}],"version-history":[{"count":14,"href":"https:\/\/www.lourdes-france.org\/de\/wp-json\/wp\/v2\/pages\/9555\/revisions"}],"predecessor-version":[{"id":21104,"href":"https:\/\/www.lourdes-france.org\/de\/wp-json\/wp\/v2\/pages\/9555\/revisions\/21104"}],"wp:attachment":[{"href":"https:\/\/www.lourdes-france.org\/de\/wp-json\/wp\/v2\/media?parent=9555"}],"curies":[{"name":"wp","href":"https:\/\/api.w.org\/{rel}","templated":true}]}}