{"id":973042,"date":"2024-11-06T16:09:51","date_gmt":"2024-11-06T15:09:51","guid":{"rendered":"https:\/\/www.lourdes-france.org\/historique-8decembre\/"},"modified":"2025-11-13T12:47:28","modified_gmt":"2025-11-13T11:47:28","slug":"historique-8decembre","status":"publish","type":"page","link":"https:\/\/www.lourdes-france.org\/de\/historique-8decembre\/","title":{"rendered":"historique-8decembre"},"content":{"rendered":"\t\t<div data-elementor-type=\"wp-page\" data-elementor-id=\"973042\" class=\"elementor elementor-973042 elementor-971609\" data-elementor-post-type=\"page\">\n\t\t\t\t\t\t<section class=\"elementor-section elementor-top-section elementor-element elementor-element-2b49fa0 elementor-section-full_width elementor-section-stretched elementor-section-height-default elementor-section-height-default\" data-id=\"2b49fa0\" data-element_type=\"section\" data-settings=\"{&quot;stretch_section&quot;:&quot;section-stretched&quot;,&quot;background_background&quot;:&quot;video&quot;,&quot;background_video_link&quot;:&quot;https:\\\/\\\/www.lourdes-france.org\\\/wp-content\\\/uploads\\\/2024\\\/11\\\/rose_fond_anime-1.mp4&quot;}\">\n\t\t\t\t\t\t\t\t<div class=\"elementor-background-video-container elementor-hidden-mobile\" aria-hidden=\"true\">\n\t\t\t\t\t\t\t\t\t\t\t\t\t<video class=\"elementor-background-video-hosted\" autoplay muted playsinline loop><\/video>\n\t\t\t\t\t\t\t\t\t\t\t<\/div>\n\t\t\t\t\t\t\t\t\t<div class=\"elementor-background-overlay\"><\/div>\n\t\t\t\t\t\t\t<div class=\"elementor-container elementor-column-gap-default\">\n\t\t\t\t\t<div class=\"elementor-column elementor-col-100 elementor-top-column elementor-element elementor-element-3fb0239\" data-id=\"3fb0239\" data-element_type=\"column\">\n\t\t\t<div class=\"elementor-widget-wrap elementor-element-populated\">\n\t\t\t\t\t\t<div class=\"elementor-element elementor-element-22115b1 elementor-widget elementor-widget-heading\" data-id=\"22115b1\" data-element_type=\"widget\" data-widget_type=\"heading.default\">\n\t\t\t\t<div class=\"elementor-widget-container\">\n\t\t\t\t\t<h2 class=\"elementor-heading-title elementor-size-default\">   <\/h2>\t\t\t\t<\/div>\n\t\t\t\t<\/div>\n\t\t\t\t\t<\/div>\n\t\t<\/div>\n\t\t\t\t\t<\/div>\n\t\t<\/section>\n\t\t\t\t<section class=\"elementor-section elementor-top-section elementor-element elementor-element-aa2f38c elementor-section-boxed elementor-section-height-default elementor-section-height-default\" data-id=\"aa2f38c\" data-element_type=\"section\">\n\t\t\t\t\t\t<div class=\"elementor-container elementor-column-gap-default\">\n\t\t\t\t\t<div class=\"elementor-column elementor-col-100 elementor-top-column elementor-element elementor-element-447c480\" data-id=\"447c480\" data-element_type=\"column\">\n\t\t\t<div class=\"elementor-widget-wrap elementor-element-populated\">\n\t\t\t\t\t\t<div class=\"elementor-element elementor-element-7830d2e elementor-widget elementor-widget-text-editor\" data-id=\"7830d2e\" data-element_type=\"widget\" data-widget_type=\"text-editor.default\">\n\t\t\t\t<div class=\"elementor-widget-container\">\n\t\t\t\t\t\t\t\t\t<h1 style=\"text-align: center;\">Das Fest der Unbefleckten Empf\u00e4ngnis in Lourdes<\/h1>\t\t\t\t\t\t\t\t<\/div>\n\t\t\t\t<\/div>\n\t\t\t\t\t<\/div>\n\t\t<\/div>\n\t\t\t\t\t<\/div>\n\t\t<\/section>\n\t\t\t\t<section class=\"elementor-section elementor-top-section elementor-element elementor-element-ff3ac6e elementor-section-boxed elementor-section-height-default elementor-section-height-default\" data-id=\"ff3ac6e\" data-element_type=\"section\">\n\t\t\t\t\t\t<div class=\"elementor-container elementor-column-gap-default\">\n\t\t\t\t\t<div class=\"elementor-column elementor-col-100 elementor-top-column elementor-element elementor-element-bcbdc22\" data-id=\"bcbdc22\" data-element_type=\"column\">\n\t\t\t<div class=\"elementor-widget-wrap elementor-element-populated\">\n\t\t\t\t\t\t<div class=\"elementor-element elementor-element-4cd7ebe elementor-widget elementor-widget-text-editor\" data-id=\"4cd7ebe\" data-element_type=\"widget\" data-widget_type=\"text-editor.default\">\n\t\t\t\t<div class=\"elementor-widget-container\">\n\t\t\t\t\t\t\t\t\t<p style=\"text-align: center;\">Die Feier der Unbefleckten Empf\u00e4ngnis der Jungfrau Maria, ein Fest, das in den ersten Tagen des neuen Kirchenjahres und der Adventszeit begangen wird- erinnert uns an das einzigartige Schicksal dieser j\u00fcdischen Frau, die von Gott auserw\u00e4hlt wurde. F\u00fcr den christlichen Glauben ist Maria untrennbar mit dem Kind verbunden, das sie geboren hat Jesus in dem sich der lebendige Gott vollkommen offenbart hat.<\/p>\t\t\t\t\t\t\t\t<\/div>\n\t\t\t\t<\/div>\n\t\t\t\t<div class=\"elementor-element elementor-element-10aba51 elementor-widget elementor-widget-heading\" data-id=\"10aba51\" data-element_type=\"widget\" data-widget_type=\"heading.default\">\n\t\t\t\t<div class=\"elementor-widget-container\">\n\t\t\t\t\t<h2 class=\"elementor-heading-title elementor-size-default\">Das Dogma der Unbefleckten Empf\u00e4ngnis<\/h2>\t\t\t\t<\/div>\n\t\t\t\t<\/div>\n\t\t\t\t\t<\/div>\n\t\t<\/div>\n\t\t\t\t\t<\/div>\n\t\t<\/section>\n\t\t\t\t<section class=\"elementor-section elementor-top-section elementor-element elementor-element-e0384b9 elementor-section-boxed elementor-section-height-default elementor-section-height-default elementor-invisible\" data-id=\"e0384b9\" data-element_type=\"section\" data-settings=\"{&quot;animation&quot;:&quot;fadeInLeft&quot;}\">\n\t\t\t\t\t\t<div class=\"elementor-container elementor-column-gap-default\">\n\t\t\t\t\t<div class=\"elementor-column elementor-col-33 elementor-top-column elementor-element elementor-element-e2eafee\" data-id=\"e2eafee\" data-element_type=\"column\" data-settings=\"{&quot;background_background&quot;:&quot;classic&quot;}\">\n\t\t\t<div class=\"elementor-widget-wrap elementor-element-populated\">\n\t\t\t\t\t\t<div class=\"elementor-element elementor-element-0c6e353 elementor-widget elementor-widget-spacer\" data-id=\"0c6e353\" data-element_type=\"widget\" data-widget_type=\"spacer.default\">\n\t\t\t\t<div class=\"elementor-widget-container\">\n\t\t\t\t\t\t\t<div class=\"elementor-spacer\">\n\t\t\t<div class=\"elementor-spacer-inner\"><\/div>\n\t\t<\/div>\n\t\t\t\t\t\t<\/div>\n\t\t\t\t<\/div>\n\t\t\t\t\t<\/div>\n\t\t<\/div>\n\t\t\t\t<div class=\"elementor-column elementor-col-66 elementor-top-column elementor-element elementor-element-cfa01ff\" data-id=\"cfa01ff\" data-element_type=\"column\">\n\t\t\t<div class=\"elementor-widget-wrap elementor-element-populated\">\n\t\t\t\t\t\t<div class=\"elementor-element elementor-element-c3e3d5c elementor-widget elementor-widget-text-editor\" data-id=\"c3e3d5c\" data-element_type=\"widget\" data-widget_type=\"text-editor.default\">\n\t\t\t\t<div class=\"elementor-widget-container\">\n\t\t\t\t\t\t\t\t\t<p>Das Dogma der Unbefleckten Empf\u00e4ngnis, das am <strong>8. Dezember 1854<\/strong> von Papst Pius IX. in der Bulle Ineffabilis Deus feierlich verk\u00fcndet wurde, besagt, dass Maria, <strong>die Mutter Jesu, von ihrer Empf\u00e4ngnis an vor der Erbs\u00fcnde bewahrt wurde. Der Text der Bulle erkl\u00e4rt:<\/strong><br \/><em>\u201eWir erkl\u00e4ren, verk\u00fcnden und definieren, dass die Lehre, die festh\u00e4lt, dass die selige Jungfrau Maria im ersten Augenblick ihrer Empf\u00e4ngnis durch eine einzigartige Gnade und Gunst des allm\u00e4chtigen Gottes im Hinblick auf die Verdienste Jesu Christi, des Erl\u00f6sers des Menschengeschlechts, unversehrt von jedem Makel der Erbs\u00fcnde bewahrt worden ist, eine von Gott geoffenbarte Lehre ist und daher von allen Gl\u00e4ubigen fest und best\u00e4ndig geglaubt werden muss.\u201c<\/em><br \/><br \/><strong>Dieses Dogma best\u00e4tigt die einzigartige Stellung Marias in Gottes Heilsplan.<\/strong> Sie wurde als Mutter des Erl\u00f6sers auserw\u00e4hlt und genoss aus diesem Grund eine besondere Gnade, die sie von der S\u00fcnde fernhielt, eine Gnade im Vorgriff auf die Verdienste Jesu Christi.<\/p>\t\t\t\t\t\t\t\t<\/div>\n\t\t\t\t<\/div>\n\t\t\t\t\t<\/div>\n\t\t<\/div>\n\t\t\t\t\t<\/div>\n\t\t<\/section>\n\t\t\t\t<section class=\"elementor-section elementor-top-section elementor-element elementor-element-0d50e7a elementor-section-boxed elementor-section-height-default elementor-section-height-default\" data-id=\"0d50e7a\" data-element_type=\"section\">\n\t\t\t\t\t\t<div class=\"elementor-container elementor-column-gap-default\">\n\t\t\t\t\t<div class=\"elementor-column elementor-col-100 elementor-top-column elementor-element elementor-element-ac2066c\" data-id=\"ac2066c\" data-element_type=\"column\">\n\t\t\t<div class=\"elementor-widget-wrap elementor-element-populated\">\n\t\t\t\t\t\t<div class=\"elementor-element elementor-element-436ee49 elementor-widget elementor-widget-spacer\" data-id=\"436ee49\" data-element_type=\"widget\" data-widget_type=\"spacer.default\">\n\t\t\t\t<div class=\"elementor-widget-container\">\n\t\t\t\t\t\t\t<div class=\"elementor-spacer\">\n\t\t\t<div class=\"elementor-spacer-inner\"><\/div>\n\t\t<\/div>\n\t\t\t\t\t\t<\/div>\n\t\t\t\t<\/div>\n\t\t\t\t<div class=\"elementor-element elementor-element-8dc98bb elementor-widget elementor-widget-heading\" data-id=\"8dc98bb\" data-element_type=\"widget\" data-widget_type=\"heading.default\">\n\t\t\t\t<div class=\"elementor-widget-container\">\n\t\t\t\t\t<h2 class=\"elementor-heading-title elementor-size-default\">Lourdes und die Unbefleckte Empf\u00e4ngnis<\/h2>\t\t\t\t<\/div>\n\t\t\t\t<\/div>\n\t\t\t\t\t<\/div>\n\t\t<\/div>\n\t\t\t\t\t<\/div>\n\t\t<\/section>\n\t\t\t\t<section class=\"elementor-section elementor-top-section elementor-element elementor-element-983414a elementor-section-boxed elementor-section-height-default elementor-section-height-default elementor-invisible\" data-id=\"983414a\" data-element_type=\"section\" data-settings=\"{&quot;animation&quot;:&quot;fadeInRight&quot;}\">\n\t\t\t\t\t\t<div class=\"elementor-container elementor-column-gap-default\">\n\t\t\t\t\t<div class=\"elementor-column elementor-col-33 elementor-top-column elementor-element elementor-element-b86c160\" data-id=\"b86c160\" data-element_type=\"column\" data-settings=\"{&quot;background_background&quot;:&quot;classic&quot;}\">\n\t\t\t<div class=\"elementor-widget-wrap elementor-element-populated\">\n\t\t\t\t\t\t<div class=\"elementor-element elementor-element-9002649 elementor-widget elementor-widget-spacer\" data-id=\"9002649\" data-element_type=\"widget\" data-widget_type=\"spacer.default\">\n\t\t\t\t<div class=\"elementor-widget-container\">\n\t\t\t\t\t\t\t<div class=\"elementor-spacer\">\n\t\t\t<div class=\"elementor-spacer-inner\"><\/div>\n\t\t<\/div>\n\t\t\t\t\t\t<\/div>\n\t\t\t\t<\/div>\n\t\t\t\t\t<\/div>\n\t\t<\/div>\n\t\t\t\t<div class=\"elementor-column elementor-col-66 elementor-top-column elementor-element elementor-element-1c4db7d\" data-id=\"1c4db7d\" data-element_type=\"column\">\n\t\t\t<div class=\"elementor-widget-wrap elementor-element-populated\">\n\t\t\t\t\t\t<div class=\"elementor-element elementor-element-d3da52a elementor-widget elementor-widget-text-editor\" data-id=\"d3da52a\" data-element_type=\"widget\" data-widget_type=\"text-editor.default\">\n\t\t\t\t<div class=\"elementor-widget-container\">\n\t\t\t\t\t\t\t\t\t<p>Vier Jahre nach der Verk\u00fcndung des Dogmas,<strong> im Jahr 1858<\/strong>, best\u00e4tigen die Marienerscheinungen in Lourdes die Gr\u00f6\u00dfe des Geheimnisses der Unbefleckten Empf\u00e4ngnis. Am 25. M\u00e4rz dieses Jahres verk\u00fcndete Maria bei ihrer sechzehnten Erscheinung der jungen Bernadette Soubirous in der Grotte von Massabielle ihren Namen: <em>\u201eIch bin die Unbefleckte Empf\u00e4ngnis\u201c.<\/em> <br \/><br \/><strong>Diese Worte, von Maria selbst ausgesprochen, und durch die kleine Bernadette verk\u00fcndet, stellen eine g\u00f6ttliche Best\u00e4tigung des Dogmas dar, das einige Jahre zuvor durch den Papst verk\u00fcndet worden war.<\/strong><br \/><br \/>Von Anfang an wurde Maria f\u00fcr diese einzigartige Mission auserw\u00e4hlt, den Erl\u00f6ser der Welt in ihrem Scho\u00df zu tragen. <strong>Die Feier der Unbefleckten Empf\u00e4ngnis l\u00e4dt uns ein, diese au\u00dfergew\u00f6hnliche Gnade zu betrachten und \u00fcber die Liebe Gottes nachzudenken,<\/strong> die es Maria erm\u00f6glicht hat, bewahrt zu werden, um ihre Mission als Mutter Gottes vollst\u00e4ndig zu erf\u00fcllen.<br \/><br \/>Seit dem Konzil von Ephesus im Jahr 431 wird Maria als Theotokos, d.h. \u201eMutter Gottes\u201c anerkannt, eine Bezeichnung, die die Untrennbarkeit zwischen der Person Marias und ihrem Sohn, Jesus Christus, betont. <strong>Indem man Maria durch dieses sch\u00f6ne Fest ehrt, feiert man auch die von Jesus erf\u00fcllte Heilsmission.<\/strong><\/p>\t\t\t\t\t\t\t\t<\/div>\n\t\t\t\t<\/div>\n\t\t\t\t\t<\/div>\n\t\t<\/div>\n\t\t\t\t\t<\/div>\n\t\t<\/section>\n\t\t\t\t<section class=\"elementor-section elementor-top-section elementor-element elementor-element-3d85f8b elementor-section-boxed elementor-section-height-default elementor-section-height-default\" data-id=\"3d85f8b\" data-element_type=\"section\">\n\t\t\t\t\t\t<div class=\"elementor-container elementor-column-gap-default\">\n\t\t\t\t\t<div class=\"elementor-column elementor-col-100 elementor-top-column elementor-element elementor-element-d4110d9\" data-id=\"d4110d9\" data-element_type=\"column\">\n\t\t\t<div class=\"elementor-widget-wrap elementor-element-populated\">\n\t\t\t\t\t\t<div class=\"elementor-element elementor-element-6359f99 elementor-widget elementor-widget-spacer\" data-id=\"6359f99\" data-element_type=\"widget\" data-widget_type=\"spacer.default\">\n\t\t\t\t<div class=\"elementor-widget-container\">\n\t\t\t\t\t\t\t<div class=\"elementor-spacer\">\n\t\t\t<div class=\"elementor-spacer-inner\"><\/div>\n\t\t<\/div>\n\t\t\t\t\t\t<\/div>\n\t\t\t\t<\/div>\n\t\t\t\t<div class=\"elementor-element elementor-element-5edad67 elementor-widget elementor-widget-heading\" data-id=\"5edad67\" data-element_type=\"widget\" data-widget_type=\"heading.default\">\n\t\t\t\t<div class=\"elementor-widget-container\">\n\t\t\t\t\t<h2 class=\"elementor-heading-title elementor-size-default\">Rosen f\u00fcr die Unbefleckte Empf\u00e4ngnis in Lourdes\n<\/h2>\t\t\t\t<\/div>\n\t\t\t\t<\/div>\n\t\t\t\t\t<\/div>\n\t\t<\/div>\n\t\t\t\t\t<\/div>\n\t\t<\/section>\n\t\t\t\t<section class=\"elementor-section elementor-top-section elementor-element elementor-element-f6b9d46 elementor-section-boxed elementor-section-height-default elementor-section-height-default elementor-invisible\" data-id=\"f6b9d46\" data-element_type=\"section\" data-settings=\"{&quot;animation&quot;:&quot;fadeInLeft&quot;}\">\n\t\t\t\t\t\t<div class=\"elementor-container elementor-column-gap-default\">\n\t\t\t\t\t<div class=\"elementor-column elementor-col-33 elementor-top-column elementor-element elementor-element-0718e68\" data-id=\"0718e68\" data-element_type=\"column\" data-settings=\"{&quot;background_background&quot;:&quot;classic&quot;}\">\n\t\t\t<div class=\"elementor-widget-wrap elementor-element-populated\">\n\t\t\t\t\t\t<div class=\"elementor-element elementor-element-4e33f5b elementor-widget elementor-widget-spacer\" data-id=\"4e33f5b\" data-element_type=\"widget\" data-widget_type=\"spacer.default\">\n\t\t\t\t<div class=\"elementor-widget-container\">\n\t\t\t\t\t\t\t<div class=\"elementor-spacer\">\n\t\t\t<div class=\"elementor-spacer-inner\"><\/div>\n\t\t<\/div>\n\t\t\t\t\t\t<\/div>\n\t\t\t\t<\/div>\n\t\t\t\t\t<\/div>\n\t\t<\/div>\n\t\t\t\t<div class=\"elementor-column elementor-col-66 elementor-top-column elementor-element elementor-element-06f282d\" data-id=\"06f282d\" data-element_type=\"column\">\n\t\t\t<div class=\"elementor-widget-wrap elementor-element-populated\">\n\t\t\t\t\t\t<div class=\"elementor-element elementor-element-53cc82c elementor-widget elementor-widget-text-editor\" data-id=\"53cc82c\" data-element_type=\"widget\" data-widget_type=\"text-editor.default\">\n\t\t\t\t<div class=\"elementor-widget-container\">\n\t\t\t\t\t\t\t\t\t<p>Rosen, insbesondere wei\u00dfe Rosen, nehmen bei den Feierlichkeiten zur Unbefleckten Empf\u00e4ngnis einen wichtigen symbolischen Platz ein. <strong>Die Rose wird in der katholischen Tradition seit langem mit Maria in Verbindung gebracht, da sie sowohl ihre Reinheit als auch ihre m\u00fctterliche Rolle verk\u00f6rpert.<\/strong> Wei\u00df, das die Reinheit repr\u00e4sentiert, ist die bevorzugte Farbe f\u00fcr dieses Fest.<br \/><br \/>Am 8. Dezember, dem Fest der Unbefleckten Empf\u00e4ngnis,<strong> legt der Papst in Rom auf der Spanischen Treppe traditionell einen Blumenstrau\u00df am Fu\u00dfe einer \u00fcber 11 m hohen Marmors\u00e4ule nieder, die eine Statue von Maria tr\u00e4gt,<\/strong> die ihrer Unbefleckten Empf\u00e4ngnis huldigt.<br \/><br \/>1965 bat Padre Pio darum, am 8. Dezember, dem Hochfest der Unbefleckten Empf\u00e4ngnis, einen Kranz von Blumen am Fu\u00df der Statue der Unbefleckten Empf\u00e4ngnis auf der Piazza di Spagna in Rom niederzulegen. <strong>Seitdem versammeln sich dort viele der Padre Pio -Gebetsgruppen an jedem 8. Dezember, um in einer Prozession Blumen am Fu\u00df der Statue niederzulegen, gemeinsam mit dem Heiligen Vater und vielen R\u00f6mern.<\/strong><\/p><p>Seit dem 8. Dezember 2015 (50 Jahre nach seiner Bitte) bringen die Padre-Pio-Gebetsgruppen einen Blumenkranz zur Statue der Jungfrau Maria in der Grotte von Lourdes, an demselben Ort, an dem am 25. M\u00e4rz 1858 die Erscheinung Bernadette ihren Namen offenbarte: \u201eIch bin die Unbefleckte Empf\u00e4ngnis.\u201cUm diese Blumenehrung auszubauen und zu festigen,<strong> wurde 2017 beschlossen, die Familie Unserer Lieben Frau von Lourdes<\/strong> mit den Gebetsgruppen von Padre Pio zu vereinen. \u00dcber das Internet erm\u00f6glicht diese Initiative auch all jenen, die sich trotz der Entfernung an dieser Huldigung beteiligen m\u00f6chten, Maria eine Rose zu schenken.<\/p>\t\t\t\t\t\t\t\t<\/div>\n\t\t\t\t<\/div>\n\t\t\t\t\t<\/div>\n\t\t<\/div>\n\t\t\t\t\t<\/div>\n\t\t<\/section>\n\t\t\t\t<\/div>\n\t\t","protected":false},"excerpt":{"rendered":"<p>Das Fest der Unbefleckten Empf\u00e4ngnis in Lourdes Die Feier der Unbefleckten Empf\u00e4ngnis der Jungfrau Maria, ein Fest, das in den ersten Tagen des neuen Kirchenjahres und der Adventszeit begangen wird- erinnert uns an das einzigartige Schicksal dieser j\u00fcdischen Frau, die &hellip; <a href=\"https:\/\/www.lourdes-france.org\/de\/historique-8decembre\/\">Weiter<\/a><\/p>\n","protected":false},"author":7,"featured_media":0,"parent":0,"menu_order":0,"comment_status":"closed","ping_status":"closed","template":"","meta":{"_acf_changed":false,"footnotes":""},"class_list":["post-973042","page","type-page","status-publish","hentry"],"acf":[],"yoast_head":"<!-- This site is optimized with the Yoast SEO plugin v24.7 - https:\/\/yoast.com\/wordpress\/plugins\/seo\/ -->\n<title>historique-8decembre<\/title>\n<meta name=\"robots\" content=\"index, follow, max-snippet:-1, max-image-preview:large, max-video-preview:-1\" \/>\n<link rel=\"canonical\" href=\"https:\/\/www.lourdes-france.org\/historique-8decembre\/\" \/>\n<meta name=\"twitter:label1\" content=\"Gesch\u00e4tzte Lesezeit\" \/>\n\t<meta name=\"twitter:data1\" content=\"4\u00a0Minuten\" \/>\n<script type=\"application\/ld+json\" class=\"yoast-schema-graph\">{\"@context\":\"https:\/\/schema.org\",\"@graph\":[{\"@type\":\"WebPage\",\"@id\":\"https:\/\/www.lourdes-france.org\/historique-8decembre\/\",\"url\":\"https:\/\/www.lourdes-france.org\/historique-8decembre\/\",\"name\":\"historique-8decembre\",\"isPartOf\":{\"@id\":\"https:\/\/preprod-lourdes.cawita.com\/#website\"},\"datePublished\":\"2024-11-06T15:09:51+00:00\",\"dateModified\":\"2025-11-13T11:47:28+00:00\",\"breadcrumb\":{\"@id\":\"https:\/\/www.lourdes-france.org\/historique-8decembre\/#breadcrumb\"},\"inLanguage\":\"de\",\"potentialAction\":[{\"@type\":\"ReadAction\",\"target\":[\"https:\/\/www.lourdes-france.org\/historique-8decembre\/\"]}]},{\"@type\":\"BreadcrumbList\",\"@id\":\"https:\/\/www.lourdes-france.org\/historique-8decembre\/#breadcrumb\",\"itemListElement\":[{\"@type\":\"ListItem\",\"position\":1,\"name\":\"Accueil\",\"item\":\"https:\/\/www.lourdes-france.org\/\"},{\"@type\":\"ListItem\",\"position\":2,\"name\":\"historique-8decembre\"}]},{\"@type\":\"WebSite\",\"@id\":\"https:\/\/preprod-lourdes.cawita.com\/#website\",\"url\":\"https:\/\/preprod-lourdes.cawita.com\/\",\"name\":\"Soutenir le Sanctuaire Notre-Dame de Lourdes\",\"description\":\"\",\"potentialAction\":[{\"@type\":\"SearchAction\",\"target\":{\"@type\":\"EntryPoint\",\"urlTemplate\":\"https:\/\/preprod-lourdes.cawita.com\/?s={search_term_string}\"},\"query-input\":{\"@type\":\"PropertyValueSpecification\",\"valueRequired\":true,\"valueName\":\"search_term_string\"}}],\"inLanguage\":\"de\"}]}<\/script>\n<!-- \/ Yoast SEO plugin. -->","yoast_head_json":{"title":"historique-8decembre","robots":{"index":"index","follow":"follow","max-snippet":"max-snippet:-1","max-image-preview":"max-image-preview:large","max-video-preview":"max-video-preview:-1"},"canonical":"https:\/\/www.lourdes-france.org\/historique-8decembre\/","twitter_misc":{"Gesch\u00e4tzte Lesezeit":"4\u00a0Minuten"},"schema":{"@context":"https:\/\/schema.org","@graph":[{"@type":"WebPage","@id":"https:\/\/www.lourdes-france.org\/historique-8decembre\/","url":"https:\/\/www.lourdes-france.org\/historique-8decembre\/","name":"historique-8decembre","isPartOf":{"@id":"https:\/\/preprod-lourdes.cawita.com\/#website"},"datePublished":"2024-11-06T15:09:51+00:00","dateModified":"2025-11-13T11:47:28+00:00","breadcrumb":{"@id":"https:\/\/www.lourdes-france.org\/historique-8decembre\/#breadcrumb"},"inLanguage":"de","potentialAction":[{"@type":"ReadAction","target":["https:\/\/www.lourdes-france.org\/historique-8decembre\/"]}]},{"@type":"BreadcrumbList","@id":"https:\/\/www.lourdes-france.org\/historique-8decembre\/#breadcrumb","itemListElement":[{"@type":"ListItem","position":1,"name":"Accueil","item":"https:\/\/www.lourdes-france.org\/"},{"@type":"ListItem","position":2,"name":"historique-8decembre"}]},{"@type":"WebSite","@id":"https:\/\/preprod-lourdes.cawita.com\/#website","url":"https:\/\/preprod-lourdes.cawita.com\/","name":"Soutenir le Sanctuaire Notre-Dame de Lourdes","description":"","potentialAction":[{"@type":"SearchAction","target":{"@type":"EntryPoint","urlTemplate":"https:\/\/preprod-lourdes.cawita.com\/?s={search_term_string}"},"query-input":{"@type":"PropertyValueSpecification","valueRequired":true,"valueName":"search_term_string"}}],"inLanguage":"de"}]}},"_links":{"self":[{"href":"https:\/\/www.lourdes-france.org\/de\/wp-json\/wp\/v2\/pages\/973042","targetHints":{"allow":["GET"]}}],"collection":[{"href":"https:\/\/www.lourdes-france.org\/de\/wp-json\/wp\/v2\/pages"}],"about":[{"href":"https:\/\/www.lourdes-france.org\/de\/wp-json\/wp\/v2\/types\/page"}],"author":[{"embeddable":true,"href":"https:\/\/www.lourdes-france.org\/de\/wp-json\/wp\/v2\/users\/7"}],"replies":[{"embeddable":true,"href":"https:\/\/www.lourdes-france.org\/de\/wp-json\/wp\/v2\/comments?post=973042"}],"version-history":[{"count":3,"href":"https:\/\/www.lourdes-france.org\/de\/wp-json\/wp\/v2\/pages\/973042\/revisions"}],"predecessor-version":[{"id":1085381,"href":"https:\/\/www.lourdes-france.org\/de\/wp-json\/wp\/v2\/pages\/973042\/revisions\/1085381"}],"wp:attachment":[{"href":"https:\/\/www.lourdes-france.org\/de\/wp-json\/wp\/v2\/media?parent=973042"}],"curies":[{"name":"wp","href":"https:\/\/api.w.org\/{rel}","templated":true}]}}