{"id":975712,"date":"2024-11-22T08:58:42","date_gmt":"2024-11-22T07:58:42","guid":{"rendered":"https:\/\/www.lourdes-france.org\/neuvaine-8decembre\/"},"modified":"2024-12-02T14:35:28","modified_gmt":"2024-12-02T13:35:28","slug":"neuvaine-8decembre","status":"publish","type":"page","link":"https:\/\/www.lourdes-france.org\/de\/neuvaine-8decembre\/","title":{"rendered":"neuvaine-8decembre"},"content":{"rendered":"\t\t<div data-elementor-type=\"wp-page\" data-elementor-id=\"975712\" class=\"elementor elementor-975712 elementor-974951\" data-elementor-post-type=\"page\">\n\t\t\t\t\t\t<section class=\"elementor-section elementor-top-section elementor-element elementor-element-ec5c01f elementor-section-full_width elementor-section-stretched elementor-section-height-default elementor-section-height-default\" data-id=\"ec5c01f\" data-element_type=\"section\" data-settings=\"{&quot;stretch_section&quot;:&quot;section-stretched&quot;,&quot;background_background&quot;:&quot;video&quot;,&quot;background_video_link&quot;:&quot;https:\\\/\\\/www.lourdes-france.org\\\/wp-content\\\/uploads\\\/2024\\\/11\\\/rose_fond_anime-1.mp4&quot;,&quot;background_play_on_mobile&quot;:&quot;yes&quot;}\">\n\t\t\t\t\t\t\t\t<div class=\"elementor-background-video-container\" aria-hidden=\"true\">\n\t\t\t\t\t\t\t\t\t\t\t\t\t<video class=\"elementor-background-video-hosted\" autoplay muted playsinline loop><\/video>\n\t\t\t\t\t\t\t\t\t\t\t<\/div>\n\t\t\t\t\t\t\t\t\t<div class=\"elementor-background-overlay\"><\/div>\n\t\t\t\t\t\t\t<div class=\"elementor-container elementor-column-gap-default\">\n\t\t\t\t\t<div class=\"elementor-column elementor-col-100 elementor-top-column elementor-element elementor-element-b521d58\" data-id=\"b521d58\" data-element_type=\"column\">\n\t\t\t<div class=\"elementor-widget-wrap elementor-element-populated\">\n\t\t\t\t\t\t<div class=\"elementor-element elementor-element-10d0dca elementor-widget elementor-widget-heading\" data-id=\"10d0dca\" data-element_type=\"widget\" data-widget_type=\"heading.default\">\n\t\t\t\t<div class=\"elementor-widget-container\">\n\t\t\t\t\t<h2 class=\"elementor-heading-title elementor-size-default\">   <\/h2>\t\t\t\t<\/div>\n\t\t\t\t<\/div>\n\t\t\t\t\t<\/div>\n\t\t<\/div>\n\t\t\t\t\t<\/div>\n\t\t<\/section>\n\t\t\t\t<section class=\"elementor-section elementor-top-section elementor-element elementor-element-d763a94 elementor-section-boxed elementor-section-height-default elementor-section-height-default\" data-id=\"d763a94\" data-element_type=\"section\">\n\t\t\t\t\t\t<div class=\"elementor-container elementor-column-gap-default\">\n\t\t\t\t\t<div class=\"elementor-column elementor-col-100 elementor-top-column elementor-element elementor-element-2f35c52\" data-id=\"2f35c52\" data-element_type=\"column\">\n\t\t\t<div class=\"elementor-widget-wrap elementor-element-populated\">\n\t\t\t\t\t\t<div class=\"elementor-element elementor-element-b46d394 elementor-widget elementor-widget-text-editor\" data-id=\"b46d394\" data-element_type=\"widget\" data-widget_type=\"text-editor.default\">\n\t\t\t\t<div class=\"elementor-widget-container\">\n\t\t\t\t\t\t\t\t\t<h1 style=\"text-align: center;\">Novene zur Unbefleckten Empf\u00e4ngnis <br \/>vom 30. November bis 8. Dezember 2024<\/h1>\t\t\t\t\t\t\t\t<\/div>\n\t\t\t\t<\/div>\n\t\t\t\t<section class=\"elementor-section elementor-inner-section elementor-element elementor-element-2e106e7 elementor-section-boxed elementor-section-height-default elementor-section-height-default\" data-id=\"2e106e7\" data-element_type=\"section\">\n\t\t\t\t\t\t<div class=\"elementor-container elementor-column-gap-default\">\n\t\t\t\t\t<div class=\"elementor-column elementor-col-100 elementor-inner-column elementor-element elementor-element-16a644a\" data-id=\"16a644a\" data-element_type=\"column\">\n\t\t\t<div class=\"elementor-widget-wrap elementor-element-populated\">\n\t\t\t\t\t\t<div class=\"elementor-element elementor-element-af837ee elementor-widget elementor-widget-text-editor\" data-id=\"af837ee\" data-element_type=\"widget\" data-widget_type=\"text-editor.default\">\n\t\t\t\t<div class=\"elementor-widget-container\">\n\t\t\t\t\t\t\t\t\t<p style=\"text-align: left;\"><em><strong>O Maria,<\/strong><\/em><br \/><em>du bist Bernadette in der Grotte des Felsen erschienen,<\/em><br \/><em>in K\u00e4lte und winterlicher Dunkelheit.<\/em><br \/><em>Du brachtest die W\u00e4rme deiner Gegenwart,<\/em><br \/><em>die G\u00fcte deines freundschaftlichen L\u00e4chelns<\/em><br \/><em>und das Licht und die Sch\u00f6nheit der Gnade.<\/em><br \/><em>In die H\u00f6hlen unserer oft dunklen Leben,<\/em><br \/><em>in die H\u00f6hlen dieser Welt, in der das B\u00f6se m\u00e4chtig ist,<\/em><br \/><em>bringe Hoffnung und neues Vertrauen.<\/em><br \/><em>Du hast zu Bernadette gesagt:<strong> \u201eIch bin die Unbefleckte Empf\u00e4ngnis\u201c.<\/strong><\/em><br \/><em>Komm uns S\u00fcndern zu Hilfe.<\/em><br \/><em>Gib uns Mut zur Umkehr, Demut zur Bu\u00dfe,<\/em><br \/><em>und Ausdauer im Gebet f\u00fcr die S\u00fcnder, zu denen auch wir z\u00e4hlen.<\/em><br \/><em>Wir vertrauen dir all jene an, die uns nahestehen,<\/em><br \/><em>besonders aber die Kranken und Verzweifelten,<\/em><br \/><em>denn du bist die \u201eHilfe der Christenheit\u201c.<\/em><br \/><em>Von dir geleitet, hat Bernadette die Quelle freigelegt.<\/em><br \/><em>Geleite auch uns zu Jenem, der die Quelle des ewigen Lebens ist,<\/em><br \/><em>zu Ihm, der uns den Heiligen Geist verliehen hat, um zu beten:<\/em><br \/><strong><em>Vater unser im Himmel\u2026<\/em><\/strong><\/p><h6 style=\"text-align: left;\"><strong><em>Das Novenen-Gebet,<\/em><\/strong><br \/><strong><em>Vater Unser und zehn Ave-Maria beten,<\/em><\/strong><br \/><strong><em>zum Schluss die Zus\u00e4tze:<\/em><\/strong><br \/><strong><em>\u2022 \u201eUnsere Liebe Frau von Lourdes, bitte f\u00fcr uns!\u201c<\/em><\/strong><br \/><strong><em>\u2022 \u201eHeilige Bernadette, bitte f\u00fcr uns!\u201c<\/em><\/strong><br \/><strong><em>\u2022 \u201eO Maria, ohne S\u00fcnde empfangen,<\/em><\/strong><br \/><strong><em>bitte f\u00fcr uns, die wir unsere Zuflucht zu dir nehmen!\u201d<\/em><\/strong><\/h6>\t\t\t\t\t\t\t\t<\/div>\n\t\t\t\t<\/div>\n\t\t\t\t<div class=\"elementor-element elementor-element-59aa840 elementor-widget elementor-widget-image\" data-id=\"59aa840\" data-element_type=\"widget\" data-widget_type=\"image.default\">\n\t\t\t\t<div class=\"elementor-widget-container\">\n\t\t\t\t\t\t\t\t\t\t\t\t\t\t\t<img fetchpriority=\"high\" decoding=\"async\" width=\"1024\" height=\"683\" src=\"https:\/\/www.lourdes-france.org\/wp-content\/uploads\/2024\/11\/2023-carte-neuvaine-5-1024x683.jpg\" class=\"attachment-large size-large wp-image-975414\" alt=\"\" srcset=\"https:\/\/www.lourdes-france.org\/wp-content\/uploads\/2024\/11\/2023-carte-neuvaine-5-1024x683.jpg 1024w, https:\/\/www.lourdes-france.org\/wp-content\/uploads\/2024\/11\/2023-carte-neuvaine-5-300x200.jpg 300w, https:\/\/www.lourdes-france.org\/wp-content\/uploads\/2024\/11\/2023-carte-neuvaine-5-768x512.jpg 768w, https:\/\/www.lourdes-france.org\/wp-content\/uploads\/2024\/11\/2023-carte-neuvaine-5-1536x1024.jpg 1536w, https:\/\/www.lourdes-france.org\/wp-content\/uploads\/2024\/11\/2023-carte-neuvaine-5-2048x1365.jpg 2048w\" sizes=\"(max-width: 1024px) 100vw, 1024px\" \/>\t\t\t\t\t\t\t\t\t\t\t\t\t\t\t<\/div>\n\t\t\t\t<\/div>\n\t\t\t\t<div class=\"elementor-element elementor-element-18c8815 elementor-widget elementor-widget-text-editor\" data-id=\"18c8815\" data-element_type=\"widget\" data-widget_type=\"text-editor.default\">\n\t\t\t\t<div class=\"elementor-widget-container\">\n\t\t\t\t\t\t\t\t\t<p>Tausende von Menschen, Freunde von Lourdes auf der ganzen Welt, haben bereits ihre Dankbarkeit gegen\u00fcber Maria durch das Opfern einer Rose bezeugt.<br \/><br \/>Es ist noch Zeit, Unserer Lieben Frau von Lourdes zu danken. Freiwillige Helfer des Heiligtums werden Ihre Gabe an der Grotte hinterlegen.<\/p>\t\t\t\t\t\t\t\t<\/div>\n\t\t\t\t<\/div>\n\t\t\t\t<div class=\"elementor-element elementor-element-818de7c elementor-align-center elementor-widget elementor-widget-button\" data-id=\"818de7c\" data-element_type=\"widget\" data-widget_type=\"button.default\">\n\t\t\t\t<div class=\"elementor-widget-container\">\n\t\t\t\t\t\t\t\t\t<div class=\"elementor-button-wrapper\">\n\t\t\t\t\t<a class=\"elementor-button elementor-button-link elementor-size-sm\" href=\"https:\/\/www.lourdes-france.org\/de\/schenken-sie-unserer-lieben-frau-von-lourdes-eine-rose\/\">\n\t\t\t\t\t\t<span class=\"elementor-button-content-wrapper\">\n\t\t\t\t\t\t\t\t\t<span class=\"elementor-button-text\">Ich biete eine Rose an<\/span>\n\t\t\t\t\t<\/span>\n\t\t\t\t\t<\/a>\n\t\t\t\t<\/div>\n\t\t\t\t\t\t\t\t<\/div>\n\t\t\t\t<\/div>\n\t\t\t\t\t<\/div>\n\t\t<\/div>\n\t\t\t\t\t<\/div>\n\t\t<\/section>\n\t\t\t\t\t<\/div>\n\t\t<\/div>\n\t\t\t\t\t<\/div>\n\t\t<\/section>\n\t\t\t\t<\/div>\n\t\t","protected":false},"excerpt":{"rendered":"<p>Novene zur Unbefleckten Empf\u00e4ngnis vom 30. November bis 8. Dezember 2024 O Maria,du bist Bernadette in der Grotte des Felsen erschienen,in K\u00e4lte und winterlicher Dunkelheit.Du brachtest die W\u00e4rme deiner Gegenwart,die G\u00fcte deines freundschaftlichen L\u00e4chelnsund das Licht und die Sch\u00f6nheit der &hellip; <a href=\"https:\/\/www.lourdes-france.org\/de\/neuvaine-8decembre\/\">Weiter<\/a><\/p>\n","protected":false},"author":7,"featured_media":0,"parent":0,"menu_order":0,"comment_status":"closed","ping_status":"closed","template":"","meta":{"_acf_changed":false,"footnotes":""},"class_list":["post-975712","page","type-page","status-publish","hentry"],"acf":[],"yoast_head":"<!-- This site is optimized with the Yoast SEO plugin v24.7 - https:\/\/yoast.com\/wordpress\/plugins\/seo\/ -->\n<title>neuvaine-8decembre<\/title>\n<meta name=\"robots\" content=\"index, follow, max-snippet:-1, max-image-preview:large, max-video-preview:-1\" \/>\n<link rel=\"canonical\" href=\"https:\/\/www.lourdes-france.org\/de\/neuvaine-8decembre\/\" \/>\n<meta name=\"twitter:label1\" content=\"Gesch\u00e4tzte Lesezeit\" \/>\n\t<meta name=\"twitter:data1\" content=\"2\u00a0Minuten\" \/>\n<script type=\"application\/ld+json\" class=\"yoast-schema-graph\">{\"@context\":\"https:\/\/schema.org\",\"@graph\":[{\"@type\":\"WebPage\",\"@id\":\"https:\/\/www.lourdes-france.org\/de\/neuvaine-8decembre\/\",\"url\":\"https:\/\/www.lourdes-france.org\/de\/neuvaine-8decembre\/\",\"name\":\"neuvaine-8decembre\",\"isPartOf\":{\"@id\":\"https:\/\/preprod-lourdes.cawita.com\/#website\"},\"primaryImageOfPage\":{\"@id\":\"https:\/\/www.lourdes-france.org\/de\/neuvaine-8decembre\/#primaryimage\"},\"image\":{\"@id\":\"https:\/\/www.lourdes-france.org\/de\/neuvaine-8decembre\/#primaryimage\"},\"thumbnailUrl\":\"https:\/\/www.lourdes-france.org\/wp-content\/uploads\/2024\/11\/2023-carte-neuvaine-5-1024x683.jpg\",\"datePublished\":\"2024-11-22T07:58:42+00:00\",\"dateModified\":\"2024-12-02T13:35:28+00:00\",\"breadcrumb\":{\"@id\":\"https:\/\/www.lourdes-france.org\/de\/neuvaine-8decembre\/#breadcrumb\"},\"inLanguage\":\"de\",\"potentialAction\":[{\"@type\":\"ReadAction\",\"target\":[\"https:\/\/www.lourdes-france.org\/de\/neuvaine-8decembre\/\"]}]},{\"@type\":\"ImageObject\",\"inLanguage\":\"de\",\"@id\":\"https:\/\/www.lourdes-france.org\/de\/neuvaine-8decembre\/#primaryimage\",\"url\":\"https:\/\/www.lourdes-france.org\/wp-content\/uploads\/2024\/11\/2023-carte-neuvaine-5-1024x683.jpg\",\"contentUrl\":\"https:\/\/www.lourdes-france.org\/wp-content\/uploads\/2024\/11\/2023-carte-neuvaine-5-1024x683.jpg\"},{\"@type\":\"BreadcrumbList\",\"@id\":\"https:\/\/www.lourdes-france.org\/de\/neuvaine-8decembre\/#breadcrumb\",\"itemListElement\":[{\"@type\":\"ListItem\",\"position\":1,\"name\":\"Accueil\",\"item\":\"https:\/\/www.lourdes-france.org\/\"},{\"@type\":\"ListItem\",\"position\":2,\"name\":\"neuvaine-8decembre\"}]},{\"@type\":\"WebSite\",\"@id\":\"https:\/\/preprod-lourdes.cawita.com\/#website\",\"url\":\"https:\/\/preprod-lourdes.cawita.com\/\",\"name\":\"Soutenir le Sanctuaire Notre-Dame de Lourdes\",\"description\":\"\",\"potentialAction\":[{\"@type\":\"SearchAction\",\"target\":{\"@type\":\"EntryPoint\",\"urlTemplate\":\"https:\/\/preprod-lourdes.cawita.com\/?s={search_term_string}\"},\"query-input\":{\"@type\":\"PropertyValueSpecification\",\"valueRequired\":true,\"valueName\":\"search_term_string\"}}],\"inLanguage\":\"de\"}]}<\/script>\n<!-- \/ Yoast SEO plugin. -->","yoast_head_json":{"title":"neuvaine-8decembre","robots":{"index":"index","follow":"follow","max-snippet":"max-snippet:-1","max-image-preview":"max-image-preview:large","max-video-preview":"max-video-preview:-1"},"canonical":"https:\/\/www.lourdes-france.org\/de\/neuvaine-8decembre\/","twitter_misc":{"Gesch\u00e4tzte Lesezeit":"2\u00a0Minuten"},"schema":{"@context":"https:\/\/schema.org","@graph":[{"@type":"WebPage","@id":"https:\/\/www.lourdes-france.org\/de\/neuvaine-8decembre\/","url":"https:\/\/www.lourdes-france.org\/de\/neuvaine-8decembre\/","name":"neuvaine-8decembre","isPartOf":{"@id":"https:\/\/preprod-lourdes.cawita.com\/#website"},"primaryImageOfPage":{"@id":"https:\/\/www.lourdes-france.org\/de\/neuvaine-8decembre\/#primaryimage"},"image":{"@id":"https:\/\/www.lourdes-france.org\/de\/neuvaine-8decembre\/#primaryimage"},"thumbnailUrl":"https:\/\/www.lourdes-france.org\/wp-content\/uploads\/2024\/11\/2023-carte-neuvaine-5-1024x683.jpg","datePublished":"2024-11-22T07:58:42+00:00","dateModified":"2024-12-02T13:35:28+00:00","breadcrumb":{"@id":"https:\/\/www.lourdes-france.org\/de\/neuvaine-8decembre\/#breadcrumb"},"inLanguage":"de","potentialAction":[{"@type":"ReadAction","target":["https:\/\/www.lourdes-france.org\/de\/neuvaine-8decembre\/"]}]},{"@type":"ImageObject","inLanguage":"de","@id":"https:\/\/www.lourdes-france.org\/de\/neuvaine-8decembre\/#primaryimage","url":"https:\/\/www.lourdes-france.org\/wp-content\/uploads\/2024\/11\/2023-carte-neuvaine-5-1024x683.jpg","contentUrl":"https:\/\/www.lourdes-france.org\/wp-content\/uploads\/2024\/11\/2023-carte-neuvaine-5-1024x683.jpg"},{"@type":"BreadcrumbList","@id":"https:\/\/www.lourdes-france.org\/de\/neuvaine-8decembre\/#breadcrumb","itemListElement":[{"@type":"ListItem","position":1,"name":"Accueil","item":"https:\/\/www.lourdes-france.org\/"},{"@type":"ListItem","position":2,"name":"neuvaine-8decembre"}]},{"@type":"WebSite","@id":"https:\/\/preprod-lourdes.cawita.com\/#website","url":"https:\/\/preprod-lourdes.cawita.com\/","name":"Soutenir le Sanctuaire Notre-Dame de Lourdes","description":"","potentialAction":[{"@type":"SearchAction","target":{"@type":"EntryPoint","urlTemplate":"https:\/\/preprod-lourdes.cawita.com\/?s={search_term_string}"},"query-input":{"@type":"PropertyValueSpecification","valueRequired":true,"valueName":"search_term_string"}}],"inLanguage":"de"}]}},"_links":{"self":[{"href":"https:\/\/www.lourdes-france.org\/de\/wp-json\/wp\/v2\/pages\/975712","targetHints":{"allow":["GET"]}}],"collection":[{"href":"https:\/\/www.lourdes-france.org\/de\/wp-json\/wp\/v2\/pages"}],"about":[{"href":"https:\/\/www.lourdes-france.org\/de\/wp-json\/wp\/v2\/types\/page"}],"author":[{"embeddable":true,"href":"https:\/\/www.lourdes-france.org\/de\/wp-json\/wp\/v2\/users\/7"}],"replies":[{"embeddable":true,"href":"https:\/\/www.lourdes-france.org\/de\/wp-json\/wp\/v2\/comments?post=975712"}],"version-history":[{"count":3,"href":"https:\/\/www.lourdes-france.org\/de\/wp-json\/wp\/v2\/pages\/975712\/revisions"}],"predecessor-version":[{"id":976662,"href":"https:\/\/www.lourdes-france.org\/de\/wp-json\/wp\/v2\/pages\/975712\/revisions\/976662"}],"wp:attachment":[{"href":"https:\/\/www.lourdes-france.org\/de\/wp-json\/wp\/v2\/media?parent=975712"}],"curies":[{"name":"wp","href":"https:\/\/api.w.org\/{rel}","templated":true}]}}