{"id":1033607,"date":"2025-07-24T12:32:49","date_gmt":"2025-07-24T10:32:49","guid":{"rendered":"https:\/\/www.lourdes-france.org\/?page_id=1033607"},"modified":"2025-08-27T12:48:55","modified_gmt":"2025-08-27T10:48:55","slug":"beneficier-reduction-impot","status":"publish","type":"page","link":"https:\/\/www.lourdes-france.org\/en\/supporting-sanctuary-lourdes\/beneficier-reduction-impot\/","title":{"rendered":"Don au Sanctuaire de Lourdes B\u00e9n\u00e9ficiez d\u2019une r\u00e9duction d\u2019imp\u00f4t"},"content":{"rendered":"\t\t<div data-elementor-type=\"wp-page\" data-elementor-id=\"1033607\" class=\"elementor elementor-1033607 elementor-1028426\" data-elementor-post-type=\"page\">\n\t\t\t\t\t\t<section class=\"elementor-section elementor-top-section elementor-element elementor-element-01f34ce elementor-section-full_width elementor-section-stretched elementor-section-height-default elementor-section-height-default\" data-id=\"01f34ce\" data-element_type=\"section\" data-settings=\"{&quot;stretch_section&quot;:&quot;section-stretched&quot;,&quot;background_background&quot;:&quot;classic&quot;}\">\n\t\t\t\t\t\t<div class=\"elementor-container elementor-column-gap-default\">\n\t\t\t\t\t<div class=\"elementor-column elementor-col-100 elementor-top-column elementor-element elementor-element-1d31536\" data-id=\"1d31536\" data-element_type=\"column\">\n\t\t\t<div class=\"elementor-widget-wrap elementor-element-populated\">\n\t\t\t\t\t\t<div class=\"elementor-element elementor-element-72024e6 elementor-widget elementor-widget-spacer\" data-id=\"72024e6\" data-element_type=\"widget\" data-widget_type=\"spacer.default\">\n\t\t\t\t<div class=\"elementor-widget-container\">\n\t\t\t\t\t\t\t<div class=\"elementor-spacer\">\n\t\t\t<div class=\"elementor-spacer-inner\"><\/div>\n\t\t<\/div>\n\t\t\t\t\t\t<\/div>\n\t\t\t\t<\/div>\n\t\t\t\t\t<\/div>\n\t\t<\/div>\n\t\t\t\t\t<\/div>\n\t\t<\/section>\n\t\t\t\t<section class=\"elementor-section elementor-top-section elementor-element elementor-element-6379a86 elementor-section-full_width elementor-section-height-default elementor-section-height-default\" data-id=\"6379a86\" data-element_type=\"section\" data-settings=\"{&quot;background_background&quot;:&quot;classic&quot;}\">\n\t\t\t\t\t\t<div class=\"elementor-container elementor-column-gap-default\">\n\t\t\t\t\t<div class=\"elementor-column elementor-col-100 elementor-top-column elementor-element elementor-element-0b92072\" data-id=\"0b92072\" data-element_type=\"column\">\n\t\t\t<div class=\"elementor-widget-wrap elementor-element-populated\">\n\t\t\t\t\t\t<div class=\"elementor-element elementor-element-df3c087 elementor-widget elementor-widget-spacer\" data-id=\"df3c087\" data-element_type=\"widget\" data-widget_type=\"spacer.default\">\n\t\t\t\t<div class=\"elementor-widget-container\">\n\t\t\t\t\t\t\t<div class=\"elementor-spacer\">\n\t\t\t<div class=\"elementor-spacer-inner\"><\/div>\n\t\t<\/div>\n\t\t\t\t\t\t<\/div>\n\t\t\t\t<\/div>\n\t\t\t\t<div class=\"elementor-element elementor-element-c002ca3 elementor-widget elementor-widget-heading\" data-id=\"c002ca3\" data-element_type=\"widget\" data-widget_type=\"heading.default\">\n\t\t\t\t<div class=\"elementor-widget-container\">\n\t\t\t\t\t<h2 class=\"elementor-heading-title elementor-size-default\">Don au Sanctuaire de Lourdes B\u00e9n\u00e9ficiez d\u2019une r\u00e9duction d\u2019imp\u00f4t<\/h2>\t\t\t\t<\/div>\n\t\t\t\t<\/div>\n\t\t\t\t<div class=\"elementor-element elementor-element-2139c6e elementor-widget elementor-widget-heading\" data-id=\"2139c6e\" data-element_type=\"widget\" data-widget_type=\"heading.default\">\n\t\t\t\t<div class=\"elementor-widget-container\">\n\t\t\t\t\t<h2 class=\"elementor-heading-title elementor-size-default\">_________________<\/h2>\t\t\t\t<\/div>\n\t\t\t\t<\/div>\n\t\t\t\t<div class=\"elementor-element elementor-element-2da1b81 elementor-widget elementor-widget-text-editor\" data-id=\"2da1b81\" data-element_type=\"widget\" data-widget_type=\"text-editor.default\">\n\t\t\t\t<div class=\"elementor-widget-container\">\n\t\t\t\t\t\t\t\t\t<p>Vos <a href=\"https:\/\/www.lourdes-france.org\/?page_id=1034537&amp;preview=true\" target=\"_blank\" rel=\"noopener\">dons<\/a> au <a href=\"https:\/\/www.lourdes-france.com\">Sanctuaire de Lourdes<\/a> permettent aux contribuables en France de b\u00e9n\u00e9ficier d&#8217;une r<strong>\u00e9duction de l&#8217;imp\u00f4t sur le revenu \u00e0 hauteur de 66% de leur montant, dans la limite de 20% du revenu imposable<\/strong>. Lorsque les dons d\u00e9passent cette limite, l\u2019exc\u00e9dent est report\u00e9 sur les ann\u00e9es suivantes jusqu\u2019\u00e0 la 5\u00e8me inclusivement et ouvre droit \u00e0 la r\u00e9duction d\u2019imp\u00f4t dans les m\u00eames conditions.<\/p><p>Un re\u00e7u fiscal vous est automatiquement envoy\u00e9 par le <strong>Service Relations Donateurs<\/strong> du Sanctuaire qui vous accompagne et r\u00e9pond \u00e0 vos questions :<\/p>\t\t\t\t\t\t\t\t<\/div>\n\t\t\t\t<\/div>\n\t\t\t\t<div class=\"elementor-element elementor-element-d1a8dc2 elementor-widget elementor-widget-link-in-bio\" data-id=\"d1a8dc2\" data-element_type=\"widget\" data-widget_type=\"link-in-bio.default\">\n\t\t\t\t<div class=\"elementor-widget-container\">\n\t\t\t\t\t\t\t<div class=\"e-link-in-bio e-link-in-bio\">\n\t\t\t<div class=\"e-link-in-bio__content\">\n\n\t\t\t\t\t\t<div class=\"e-link-in-bio__identity\">\n\t\t\t\t\t\t\t\t\t<div class=\"e-link-in-bio__identity-image e-link-in-bio__identity-image-profile has-border has-style-circle\">\n\t\t\t\t\t\t\t<img fetchpriority=\"high\" decoding=\"async\" width=\"300\" height=\"200\" src=\"https:\/\/www.lourdes-france.org\/wp-content\/uploads\/2025\/07\/21_service-donateur-01-300x200.jpg\" class=\"e-link-in-bio__identity-image-element\" alt=\"Service des donateurs Corrine et Cathy\" srcset=\"https:\/\/www.lourdes-france.org\/wp-content\/uploads\/2025\/07\/21_service-donateur-01-300x200.jpg 300w, https:\/\/www.lourdes-france.org\/wp-content\/uploads\/2025\/07\/21_service-donateur-01-1024x683.jpg 1024w, https:\/\/www.lourdes-france.org\/wp-content\/uploads\/2025\/07\/21_service-donateur-01-768x512.jpg 768w, https:\/\/www.lourdes-france.org\/wp-content\/uploads\/2025\/07\/21_service-donateur-01-1536x1024.jpg 1536w, https:\/\/www.lourdes-france.org\/wp-content\/uploads\/2025\/07\/21_service-donateur-01-2048x1365.jpg 2048w\" sizes=\"(max-width: 300px) 100vw, 300px\" \/>\t\t\t\t\t\t\t\t\t\t\t\t\t<\/div>\n\t\t\t\t\t\t\t<\/div>\n\t\t\t\t\t<div class=\"e-link-in-bio__bio\">\n\t\t\t\t<h2 class=\"e-link-in-bio__heading\">Service des Donateurs<\/h2>\t\t\t\t<h2 class=\"e-link-in-bio__title\">Sanctuaire Notre-Dame de Lourdes<\/h2>\t\t\t\t\t\t\t\t\t\t\t<\/div>\n\t\t\t\t\t<div class=\"e-link-in-bio__icons has-size-medium\">\n\t\t\t\t\t\t\t<div class=\"e-link-in-bio__icon is-size-medium\">\n\t\t\t\t\t<a aria-label=\"Telephone\" class=\"e-link-in-bio__icon-link\" href=\"tel:+33562428282\">\n\t\t\t\t\t\t<span class=\"e-link-in-bio__icon-svg\">\n\t\t\t\t\t\t\t<i aria-hidden=\"true\" class=\"fas fa-phone-alt\"><\/i>\t\t\t\t\t\t<\/span>\n\t\t\t\t\t\t\t\t\t\t\t<\/a>\n\t\t\t\t<\/div>\n\t\t\t\t\t\t\t<div class=\"e-link-in-bio__icon is-size-medium\">\n\t\t\t\t\t<a aria-label=\"Email\" class=\"e-link-in-bio__icon-link\" href=\"mailto:donateur@lourdes-france.com\">\n\t\t\t\t\t\t<span class=\"e-link-in-bio__icon-svg\">\n\t\t\t\t\t\t\t<i aria-hidden=\"true\" class=\"fas fa-envelope\"><\/i>\t\t\t\t\t\t<\/span>\n\t\t\t\t\t\t\t\t\t\t\t<\/a>\n\t\t\t\t<\/div>\n\t\t\t\t\t<\/div>\n\t\t\n\t\t<div class=\"e-link-in-bio__ctas has-type-button\">\n\t\t\t\t\t\t\t<a target=\"_blank\" rel=\"noopener \" class=\"e-link-in-bio__cta is-type-button has-corners-rounded\" href=\"\">\n\t\t\t\t\t\t\t\t\t\t<span class=\"e-link-in-bio__cta-text\">\n\t\t\t\t\t\t1 avenue Mgr Th\u00e9as \u2013 65 108 Lourdes  France\t\t\t\t\t<\/span>\n\t\t\t\t<\/a>\n\t\t\t\t\t<\/div>\n\t\t\n\t\t\t<\/div>\n\t\t\t<div class=\"e-link-in-bio__bg\">\n\t\t\t\t<div class=\"e-link-in-bio__bg-overlay\"><\/div>\n\t\t\t<\/div>\n\t\t<\/div>\n\t\t\t\t\t\t<\/div>\n\t\t\t\t<\/div>\n\t\t\t\t<div class=\"elementor-element elementor-element-97c0ea1 elementor-view-default elementor-widget elementor-widget-icon\" data-id=\"97c0ea1\" data-element_type=\"widget\" data-widget_type=\"icon.default\">\n\t\t\t\t<div class=\"elementor-widget-container\">\n\t\t\t\t\t\t\t<div class=\"elementor-icon-wrapper\">\n\t\t\t<div class=\"elementor-icon\">\n\t\t\t<i aria-hidden=\"true\" class=\"fas fa-church\"><\/i>\t\t\t<\/div>\n\t\t<\/div>\n\t\t\t\t\t\t<\/div>\n\t\t\t\t<\/div>\n\t\t\t\t\t<\/div>\n\t\t<\/div>\n\t\t\t\t\t<\/div>\n\t\t<\/section>\n\t\t\t\t<\/div>\n\t\t","protected":false},"excerpt":{"rendered":"<p>Don au Sanctuaire de Lourdes B\u00e9n\u00e9ficiez d\u2019une r\u00e9duction d\u2019imp\u00f4t _________________ Vos dons au Sanctuaire de Lourdes permettent aux contribuables en France de b\u00e9n\u00e9ficier d&#8217;une r\u00e9duction de l&#8217;imp\u00f4t sur le revenu \u00e0 hauteur de 66% de leur montant, dans la limite &hellip; <a href=\"https:\/\/www.lourdes-france.org\/en\/supporting-sanctuary-lourdes\/beneficier-reduction-impot\/\">Continued<\/a><\/p>\n","protected":false},"author":7,"featured_media":1033715,"parent":1033706,"menu_order":0,"comment_status":"closed","ping_status":"closed","template":"","meta":{"_acf_changed":false,"footnotes":""},"class_list":["post-1033607","page","type-page","status-publish","has-post-thumbnail","hentry"],"acf":[],"yoast_head":"<!-- This site is optimized with the Yoast SEO plugin v24.7 - https:\/\/yoast.com\/wordpress\/plugins\/seo\/ -->\n<title>B\u00e9n\u00e9ficier d\u2019une r\u00e9duction d\u2019imp\u00f4t<\/title>\n<meta name=\"description\" content=\"Votre don au Sanctuaire de Lourdes, vous permet de b\u00e9n\u00e9ficier d\u2019une r\u00e9duction d&#039;imp\u00f4t sur le revenu \u00e0 hauteur de 66 % du montant.\" \/>\n<meta name=\"robots\" content=\"index, follow, max-snippet:-1, max-image-preview:large, max-video-preview:-1\" \/>\n<link rel=\"canonical\" href=\"https:\/\/www.lourdes-france.org\/en\/supporting-sanctuary-lourdes\/beneficier-reduction-impot\/\" \/>\n<meta name=\"twitter:label1\" content=\"Est. reading time\" \/>\n\t<meta name=\"twitter:data1\" content=\"1 minute\" \/>\n<script type=\"application\/ld+json\" class=\"yoast-schema-graph\">{\"@context\":\"https:\/\/schema.org\",\"@graph\":[{\"@type\":\"WebPage\",\"@id\":\"https:\/\/www.lourdes-france.org\/en\/supporting-sanctuary-lourdes\/beneficier-reduction-impot\/\",\"url\":\"https:\/\/www.lourdes-france.org\/en\/supporting-sanctuary-lourdes\/beneficier-reduction-impot\/\",\"name\":\"B\u00e9n\u00e9ficier d\u2019une r\u00e9duction d\u2019imp\u00f4t\",\"isPartOf\":{\"@id\":\"https:\/\/preprod-lourdes.cawita.com\/#website\"},\"primaryImageOfPage\":{\"@id\":\"https:\/\/www.lourdes-france.org\/en\/supporting-sanctuary-lourdes\/beneficier-reduction-impot\/#primaryimage\"},\"image\":{\"@id\":\"https:\/\/www.lourdes-france.org\/en\/supporting-sanctuary-lourdes\/beneficier-reduction-impot\/#primaryimage\"},\"thumbnailUrl\":\"https:\/\/www.lourdes-france.org\/wp-content\/uploads\/2025\/07\/Nous-soutenir-scaled-1.jpg\",\"datePublished\":\"2025-07-24T10:32:49+00:00\",\"dateModified\":\"2025-08-27T10:48:55+00:00\",\"description\":\"Votre don au Sanctuaire de Lourdes, vous permet de b\u00e9n\u00e9ficier d\u2019une r\u00e9duction d'imp\u00f4t sur le revenu \u00e0 hauteur de 66 % du montant.\",\"breadcrumb\":{\"@id\":\"https:\/\/www.lourdes-france.org\/en\/supporting-sanctuary-lourdes\/beneficier-reduction-impot\/#breadcrumb\"},\"inLanguage\":\"en-US\",\"potentialAction\":[{\"@type\":\"ReadAction\",\"target\":[\"https:\/\/www.lourdes-france.org\/en\/supporting-sanctuary-lourdes\/beneficier-reduction-impot\/\"]}]},{\"@type\":\"ImageObject\",\"inLanguage\":\"en-US\",\"@id\":\"https:\/\/www.lourdes-france.org\/en\/supporting-sanctuary-lourdes\/beneficier-reduction-impot\/#primaryimage\",\"url\":\"https:\/\/www.lourdes-france.org\/wp-content\/uploads\/2025\/07\/Nous-soutenir-scaled-1.jpg\",\"contentUrl\":\"https:\/\/www.lourdes-france.org\/wp-content\/uploads\/2025\/07\/Nous-soutenir-scaled-1.jpg\",\"width\":2560,\"height\":1707},{\"@type\":\"BreadcrumbList\",\"@id\":\"https:\/\/www.lourdes-france.org\/en\/supporting-sanctuary-lourdes\/beneficier-reduction-impot\/#breadcrumb\",\"itemListElement\":[{\"@type\":\"ListItem\",\"position\":1,\"name\":\"Accueil\",\"item\":\"https:\/\/www.lourdes-france.org\/\"},{\"@type\":\"ListItem\",\"position\":2,\"name\":\"Soutenir le Sanctuaire\",\"item\":\"https:\/\/www.lourdes-france.org\/soutenir-sanctuaire-lourdes-2\/\"},{\"@type\":\"ListItem\",\"position\":3,\"name\":\"Don au Sanctuaire de Lourdes B\u00e9n\u00e9ficiez d\u2019une r\u00e9duction d\u2019imp\u00f4t\"}]},{\"@type\":\"WebSite\",\"@id\":\"https:\/\/preprod-lourdes.cawita.com\/#website\",\"url\":\"https:\/\/preprod-lourdes.cawita.com\/\",\"name\":\"Soutenir le Sanctuaire Notre-Dame de Lourdes\",\"description\":\"\",\"potentialAction\":[{\"@type\":\"SearchAction\",\"target\":{\"@type\":\"EntryPoint\",\"urlTemplate\":\"https:\/\/preprod-lourdes.cawita.com\/?s={search_term_string}\"},\"query-input\":{\"@type\":\"PropertyValueSpecification\",\"valueRequired\":true,\"valueName\":\"search_term_string\"}}],\"inLanguage\":\"en-US\"}]}<\/script>\n<!-- \/ Yoast SEO plugin. -->","yoast_head_json":{"title":"B\u00e9n\u00e9ficier d\u2019une r\u00e9duction d\u2019imp\u00f4t","description":"Votre don au Sanctuaire de Lourdes, vous permet de b\u00e9n\u00e9ficier d\u2019une r\u00e9duction d'imp\u00f4t sur le revenu \u00e0 hauteur de 66 % du montant.","robots":{"index":"index","follow":"follow","max-snippet":"max-snippet:-1","max-image-preview":"max-image-preview:large","max-video-preview":"max-video-preview:-1"},"canonical":"https:\/\/www.lourdes-france.org\/en\/supporting-sanctuary-lourdes\/beneficier-reduction-impot\/","twitter_misc":{"Est. reading time":"1 minute"},"schema":{"@context":"https:\/\/schema.org","@graph":[{"@type":"WebPage","@id":"https:\/\/www.lourdes-france.org\/en\/supporting-sanctuary-lourdes\/beneficier-reduction-impot\/","url":"https:\/\/www.lourdes-france.org\/en\/supporting-sanctuary-lourdes\/beneficier-reduction-impot\/","name":"B\u00e9n\u00e9ficier d\u2019une r\u00e9duction d\u2019imp\u00f4t","isPartOf":{"@id":"https:\/\/preprod-lourdes.cawita.com\/#website"},"primaryImageOfPage":{"@id":"https:\/\/www.lourdes-france.org\/en\/supporting-sanctuary-lourdes\/beneficier-reduction-impot\/#primaryimage"},"image":{"@id":"https:\/\/www.lourdes-france.org\/en\/supporting-sanctuary-lourdes\/beneficier-reduction-impot\/#primaryimage"},"thumbnailUrl":"https:\/\/www.lourdes-france.org\/wp-content\/uploads\/2025\/07\/Nous-soutenir-scaled-1.jpg","datePublished":"2025-07-24T10:32:49+00:00","dateModified":"2025-08-27T10:48:55+00:00","description":"Votre don au Sanctuaire de Lourdes, vous permet de b\u00e9n\u00e9ficier d\u2019une r\u00e9duction d'imp\u00f4t sur le revenu \u00e0 hauteur de 66 % du montant.","breadcrumb":{"@id":"https:\/\/www.lourdes-france.org\/en\/supporting-sanctuary-lourdes\/beneficier-reduction-impot\/#breadcrumb"},"inLanguage":"en-US","potentialAction":[{"@type":"ReadAction","target":["https:\/\/www.lourdes-france.org\/en\/supporting-sanctuary-lourdes\/beneficier-reduction-impot\/"]}]},{"@type":"ImageObject","inLanguage":"en-US","@id":"https:\/\/www.lourdes-france.org\/en\/supporting-sanctuary-lourdes\/beneficier-reduction-impot\/#primaryimage","url":"https:\/\/www.lourdes-france.org\/wp-content\/uploads\/2025\/07\/Nous-soutenir-scaled-1.jpg","contentUrl":"https:\/\/www.lourdes-france.org\/wp-content\/uploads\/2025\/07\/Nous-soutenir-scaled-1.jpg","width":2560,"height":1707},{"@type":"BreadcrumbList","@id":"https:\/\/www.lourdes-france.org\/en\/supporting-sanctuary-lourdes\/beneficier-reduction-impot\/#breadcrumb","itemListElement":[{"@type":"ListItem","position":1,"name":"Accueil","item":"https:\/\/www.lourdes-france.org\/"},{"@type":"ListItem","position":2,"name":"Soutenir le Sanctuaire","item":"https:\/\/www.lourdes-france.org\/soutenir-sanctuaire-lourdes-2\/"},{"@type":"ListItem","position":3,"name":"Don au Sanctuaire de Lourdes B\u00e9n\u00e9ficiez d\u2019une r\u00e9duction d\u2019imp\u00f4t"}]},{"@type":"WebSite","@id":"https:\/\/preprod-lourdes.cawita.com\/#website","url":"https:\/\/preprod-lourdes.cawita.com\/","name":"Soutenir le Sanctuaire Notre-Dame de Lourdes","description":"","potentialAction":[{"@type":"SearchAction","target":{"@type":"EntryPoint","urlTemplate":"https:\/\/preprod-lourdes.cawita.com\/?s={search_term_string}"},"query-input":{"@type":"PropertyValueSpecification","valueRequired":true,"valueName":"search_term_string"}}],"inLanguage":"en-US"}]}},"_links":{"self":[{"href":"https:\/\/www.lourdes-france.org\/en\/wp-json\/wp\/v2\/pages\/1033607","targetHints":{"allow":["GET"]}}],"collection":[{"href":"https:\/\/www.lourdes-france.org\/en\/wp-json\/wp\/v2\/pages"}],"about":[{"href":"https:\/\/www.lourdes-france.org\/en\/wp-json\/wp\/v2\/types\/page"}],"author":[{"embeddable":true,"href":"https:\/\/www.lourdes-france.org\/en\/wp-json\/wp\/v2\/users\/7"}],"replies":[{"embeddable":true,"href":"https:\/\/www.lourdes-france.org\/en\/wp-json\/wp\/v2\/comments?post=1033607"}],"version-history":[{"count":3,"href":"https:\/\/www.lourdes-france.org\/en\/wp-json\/wp\/v2\/pages\/1033607\/revisions"}],"predecessor-version":[{"id":1061747,"href":"https:\/\/www.lourdes-france.org\/en\/wp-json\/wp\/v2\/pages\/1033607\/revisions\/1061747"}],"up":[{"embeddable":true,"href":"https:\/\/www.lourdes-france.org\/en\/wp-json\/wp\/v2\/pages\/1033706"}],"wp:featuredmedia":[{"embeddable":true,"href":"https:\/\/www.lourdes-france.org\/en\/wp-json\/wp\/v2\/media\/1033715"}],"wp:attachment":[{"href":"https:\/\/www.lourdes-france.org\/en\/wp-json\/wp\/v2\/media?parent=1033607"}],"curies":[{"name":"wp","href":"https:\/\/api.w.org\/{rel}","templated":true}]}}