{"id":1034949,"date":"2025-08-04T16:36:13","date_gmt":"2025-08-04T14:36:13","guid":{"rendered":"https:\/\/www.lourdes-france.org\/?page_id=1034949"},"modified":"2025-08-26T11:13:23","modified_gmt":"2025-08-26T09:13:23","slug":"culte-et-priere","status":"publish","type":"page","link":"https:\/\/www.lourdes-france.org\/en\/culte-et-priere\/","title":{"rendered":"Culte et Pri\u00e8re"},"content":{"rendered":"\t\t<div data-elementor-type=\"wp-page\" data-elementor-id=\"1034949\" class=\"elementor elementor-1034949 elementor-1027986\" data-elementor-post-type=\"page\">\n\t\t\t\t\t\t<section class=\"elementor-section elementor-top-section elementor-element elementor-element-d9052b1 elementor-section-full_width elementor-section-stretched elementor-section-height-default elementor-section-height-default\" data-id=\"d9052b1\" data-element_type=\"section\" data-settings=\"{&quot;stretch_section&quot;:&quot;section-stretched&quot;,&quot;background_background&quot;:&quot;classic&quot;}\">\n\t\t\t\t\t\t<div class=\"elementor-container elementor-column-gap-default\">\n\t\t\t\t\t<div class=\"elementor-column elementor-col-50 elementor-top-column elementor-element elementor-element-5e2b73e7 elementor-hidden-tablet elementor-hidden-mobile\" data-id=\"5e2b73e7\" data-element_type=\"column\">\n\t\t\t<div class=\"elementor-widget-wrap\">\n\t\t\t\t\t\t\t<\/div>\n\t\t<\/div>\n\t\t\t\t<div class=\"elementor-column elementor-col-50 elementor-top-column elementor-element elementor-element-1939dff7\" data-id=\"1939dff7\" data-element_type=\"column\">\n\t\t\t<div class=\"elementor-widget-wrap elementor-element-populated\">\n\t\t\t\t\t\t<div class=\"elementor-element elementor-element-2d8ebbeb elementor-widget elementor-widget-spacer\" data-id=\"2d8ebbeb\" data-element_type=\"widget\" data-widget_type=\"spacer.default\">\n\t\t\t\t<div class=\"elementor-widget-container\">\n\t\t\t\t\t\t\t<div class=\"elementor-spacer\">\n\t\t\t<div class=\"elementor-spacer-inner\"><\/div>\n\t\t<\/div>\n\t\t\t\t\t\t<\/div>\n\t\t\t\t<\/div>\n\t\t\t\t<div class=\"elementor-element elementor-element-29d2a3e9 elementor-widget elementor-widget-heading\" data-id=\"29d2a3e9\" data-element_type=\"widget\" data-widget_type=\"heading.default\">\n\t\t\t\t<div class=\"elementor-widget-container\">\n\t\t\t\t\t<h1 class=\"elementor-heading-title elementor-size-default\">IMPROVED WELCOME TO CELEBRATE AND PRAY<\/h1>\t\t\t\t<\/div>\n\t\t\t\t<\/div>\n\t\t\t\t<div class=\"elementor-element elementor-element-12c08c04 elementor-widget elementor-widget-spacer\" data-id=\"12c08c04\" data-element_type=\"widget\" data-widget_type=\"spacer.default\">\n\t\t\t\t<div class=\"elementor-widget-container\">\n\t\t\t\t\t\t\t<div class=\"elementor-spacer\">\n\t\t\t<div class=\"elementor-spacer-inner\"><\/div>\n\t\t<\/div>\n\t\t\t\t\t\t<\/div>\n\t\t\t\t<\/div>\n\t\t\t\t\t<\/div>\n\t\t<\/div>\n\t\t\t\t\t<\/div>\n\t\t<\/section>\n\t\t\t\t<section class=\"elementor-section elementor-top-section elementor-element elementor-element-11ece3dc elementor-section-full_width elementor-section-stretched elementor-section-height-default elementor-section-height-default\" data-id=\"11ece3dc\" data-element_type=\"section\" data-settings=\"{&quot;stretch_section&quot;:&quot;section-stretched&quot;}\">\n\t\t\t\t\t\t<div class=\"elementor-container elementor-column-gap-default\">\n\t\t\t\t\t<div class=\"elementor-column elementor-col-50 elementor-top-column elementor-element elementor-element-1e697e3\" data-id=\"1e697e3\" data-element_type=\"column\">\n\t\t\t<div class=\"elementor-widget-wrap elementor-element-populated\">\n\t\t\t\t\t\t<div class=\"elementor-element elementor-element-4e087be elementor-widget elementor-widget-image\" data-id=\"4e087be\" data-element_type=\"widget\" data-widget_type=\"image.default\">\n\t\t\t\t<div class=\"elementor-widget-container\">\n\t\t\t\t\t\t\t\t\t\t\t\t\t\t\t<img fetchpriority=\"high\" decoding=\"async\" width=\"724\" height=\"1024\" src=\"https:\/\/www.lourdes-france.org\/wp-content\/uploads\/2025\/07\/2-1-724x1024.jpg\" class=\"attachment-large size-large wp-image-1029138\" alt=\"Culte et pri\u00e8re\" srcset=\"https:\/\/www.lourdes-france.org\/wp-content\/uploads\/2025\/07\/2-1-724x1024.jpg 724w, https:\/\/www.lourdes-france.org\/wp-content\/uploads\/2025\/07\/2-1-212x300.jpg 212w, https:\/\/www.lourdes-france.org\/wp-content\/uploads\/2025\/07\/2-1-768x1086.jpg 768w, https:\/\/www.lourdes-france.org\/wp-content\/uploads\/2025\/07\/2-1-1086x1536.jpg 1086w, https:\/\/www.lourdes-france.org\/wp-content\/uploads\/2025\/07\/2-1.jpg 1414w\" sizes=\"(max-width: 724px) 100vw, 724px\" \/>\t\t\t\t\t\t\t\t\t\t\t\t\t\t\t<\/div>\n\t\t\t\t<\/div>\n\t\t\t\t\t<\/div>\n\t\t<\/div>\n\t\t\t\t<div class=\"elementor-column elementor-col-50 elementor-top-column elementor-element elementor-element-409f428d\" data-id=\"409f428d\" data-element_type=\"column\">\n\t\t\t<div class=\"elementor-widget-wrap elementor-element-populated\">\n\t\t\t\t\t\t<div class=\"elementor-element elementor-element-452fac0e elementor-widget elementor-widget-spacer\" data-id=\"452fac0e\" data-element_type=\"widget\" data-widget_type=\"spacer.default\">\n\t\t\t\t<div class=\"elementor-widget-container\">\n\t\t\t\t\t\t\t<div class=\"elementor-spacer\">\n\t\t\t<div class=\"elementor-spacer-inner\"><\/div>\n\t\t<\/div>\n\t\t\t\t\t\t<\/div>\n\t\t\t\t<\/div>\n\t\t\t\t<div class=\"elementor-element elementor-element-7083b345 elementor-widget__width-initial elementor-widget-mobile__width-inherit elementor-widget elementor-widget-text-editor\" data-id=\"7083b345\" data-element_type=\"widget\" data-widget_type=\"text-editor.default\">\n\t\t\t\t<div class=\"elementor-widget-container\">\n\t\t\t\t\t\t\t\t\t<p>At the<a href=\"https:\/\/www.lourdes-france.com\/\"> Lourdes Sanctuary<\/a>, prayer is the beating heart of each and every day. <a href=\"https:\/\/www.lourdes-france.com\/pelerin-dun-jour\/la-messe\/\">Masses<\/a>, processions, <a href=\"https:\/\/www.lourdes-france.com\/pelerin-dun-jour\/le-chapelet\/\">rosaries<\/a>, sacraments&#8230; Each liturgical event is carried out with devotion and simplicity, to bring Hope to all, especially the<a href=\"https:\/\/www.lourdes-france.org\/?page_id=1027988&amp;preview=true\"> most vulnerable<\/a>.<\/p><p>Preserving, maintaining and updating these holy places means that millions of pilgrims are able to pray in beauty, peace and dignity. Thanks to you, these sacred places continue to offer the world a unique meeting place with God.<\/p>\t\t\t\t\t\t\t\t<\/div>\n\t\t\t\t<\/div>\n\t\t\t\t\t<\/div>\n\t\t<\/div>\n\t\t\t\t\t<\/div>\n\t\t<\/section>\n\t\t\t\t<section class=\"elementor-section elementor-top-section elementor-element elementor-element-460d96f5 elementor-section-boxed elementor-section-height-default elementor-section-height-default\" data-id=\"460d96f5\" data-element_type=\"section\">\n\t\t\t\t\t\t<div class=\"elementor-container elementor-column-gap-default\">\n\t\t\t\t\t<div class=\"elementor-column elementor-col-100 elementor-top-column elementor-element elementor-element-7d5e1f6f\" data-id=\"7d5e1f6f\" data-element_type=\"column\">\n\t\t\t<div class=\"elementor-widget-wrap elementor-element-populated\">\n\t\t\t\t\t\t<section class=\"elementor-section elementor-inner-section elementor-element elementor-element-5098ef9d elementor-section-boxed elementor-section-height-default elementor-section-height-default\" data-id=\"5098ef9d\" data-element_type=\"section\">\n\t\t\t\t\t\t<div class=\"elementor-container elementor-column-gap-default\">\n\t\t\t\t\t<div class=\"elementor-column elementor-col-100 elementor-inner-column elementor-element elementor-element-42fca4f5\" data-id=\"42fca4f5\" data-element_type=\"column\">\n\t\t\t<div class=\"elementor-widget-wrap elementor-element-populated\">\n\t\t\t\t\t\t<div class=\"elementor-element elementor-element-2581fa16 elementor-widget elementor-widget-heading\" data-id=\"2581fa16\" data-element_type=\"widget\" data-widget_type=\"heading.default\">\n\t\t\t\t<div class=\"elementor-widget-container\">\n\t\t\t\t\t<h2 class=\"elementor-heading-title elementor-size-default\">Our project<\/h2>\t\t\t\t<\/div>\n\t\t\t\t<\/div>\n\t\t\t\t\t<\/div>\n\t\t<\/div>\n\t\t\t\t\t<\/div>\n\t\t<\/section>\n\t\t\t\t<div class=\"elementor-element elementor-element-b5faa4b elementor-hidden-tablet elementor-hidden-mobile elementor-skin-carousel elementor-pagination-type-bullets elementor-pagination-position-outside elementor-invisible elementor-widget elementor-widget-media-carousel\" data-id=\"b5faa4b\" data-element_type=\"widget\" data-settings=\"{&quot;slides_per_view&quot;:&quot;3&quot;,&quot;slides_to_scroll&quot;:&quot;1&quot;,&quot;_animation&quot;:&quot;slideInRight&quot;,&quot;slides_per_view_mobile&quot;:&quot;2&quot;,&quot;skin&quot;:&quot;carousel&quot;,&quot;effect&quot;:&quot;slide&quot;,&quot;pagination&quot;:&quot;bullets&quot;,&quot;speed&quot;:500,&quot;autoplay&quot;:&quot;yes&quot;,&quot;autoplay_speed&quot;:5000,&quot;loop&quot;:&quot;yes&quot;,&quot;pause_on_hover&quot;:&quot;yes&quot;,&quot;pause_on_interaction&quot;:&quot;yes&quot;,&quot;space_between&quot;:{&quot;unit&quot;:&quot;px&quot;,&quot;size&quot;:10,&quot;sizes&quot;:[]},&quot;space_between_tablet&quot;:{&quot;unit&quot;:&quot;px&quot;,&quot;size&quot;:10,&quot;sizes&quot;:[]},&quot;space_between_mobile&quot;:{&quot;unit&quot;:&quot;px&quot;,&quot;size&quot;:10,&quot;sizes&quot;:[]}}\" data-widget_type=\"media-carousel.default\">\n\t\t\t\t<div class=\"elementor-widget-container\">\n\t\t\t\t\t\t\t\t\t<div class=\"elementor-swiper\">\n\t\t\t\t\t<div class=\"elementor-main-swiper swiper\" role=\"region\" aria-roledescription=\"carousel\" aria-label=\"Projets\">\n\t\t\t\t<div class=\"swiper-wrapper\">\n\t\t\t\t\t\t\t\t\t\t\t<div class=\"swiper-slide\" role=\"group\" aria-roledescription=\"slide\">\n\t\t\t\t\t\t\t<a href=\"https:\/\/www.lourdes-france.org\/en\/basilique-de-limmaculee-conception\/\" target=\"_blank\">\t\t<div class=\"elementor-carousel-image\" role=\"img\" aria-label=\"5\" style=\"background-image: url(&#039;https:\/\/www.lourdes-france.org\/wp-content\/uploads\/2025\/08\/5-18.jpg&#039;)\">\n\n\t\t\t\n\t\t\t\t\t<\/div>\n\t\t<\/a>\t\t\t\t\t\t<\/div>\n\t\t\t\t\t\t\t\t\t\t\t<div class=\"swiper-slide\" role=\"group\" aria-roledescription=\"slide\">\n\t\t\t\t\t\t\t<a href=\"https:\/\/www.lourdes-france.org\/en\/?page_id=1034958&#038;preview=true\" target=\"_blank\">\t\t<div class=\"elementor-carousel-image\" role=\"img\" aria-label=\"6\" style=\"background-image: url(&#039;https:\/\/www.lourdes-france.org\/wp-content\/uploads\/2025\/08\/6-18.jpg&#039;)\">\n\n\t\t\t\n\t\t\t\t\t<\/div>\n\t\t<\/a>\t\t\t\t\t\t<\/div>\n\t\t\t\t\t\t\t\t\t\t\t<div class=\"swiper-slide\" role=\"group\" aria-roledescription=\"slide\">\n\t\t\t\t\t\t\t<a href=\"https:\/\/www.lourdes-france.org\/en\/?page_id=1034962&#038;preview=true\" target=\"_blank\">\t\t<div class=\"elementor-carousel-image\" role=\"img\" aria-label=\"7\" style=\"background-image: url(&#039;https:\/\/www.lourdes-france.org\/wp-content\/uploads\/2025\/08\/7-14.jpg&#039;)\">\n\n\t\t\t\n\t\t\t\t\t<\/div>\n\t\t<\/a>\t\t\t\t\t\t<\/div>\n\t\t\t\t\t\t\t\t\t\t\t<div class=\"swiper-slide\" role=\"group\" aria-roledescription=\"slide\">\n\t\t\t\t\t\t\t<a href=\"https:\/\/www.lourdes-france.org\/en\/?page_id=1034964&#038;preview=true\" target=\"_blank\">\t\t<div class=\"elementor-carousel-image\" role=\"img\" aria-label=\"8\" style=\"background-image: url(&#039;https:\/\/www.lourdes-france.org\/wp-content\/uploads\/2025\/08\/8-14.jpg&#039;)\">\n\n\t\t\t\n\t\t\t\t\t<\/div>\n\t\t<\/a>\t\t\t\t\t\t<\/div>\n\t\t\t\t\t\t\t\t\t\t\t<div class=\"swiper-slide\" role=\"group\" aria-roledescription=\"slide\">\n\t\t\t\t\t\t\t<a href=\"https:\/\/www.lourdes-france.org\/en\/?page_id=1034966&#038;preview=true\" target=\"_blank\">\t\t<div class=\"elementor-carousel-image\" role=\"img\" aria-label=\"9\" style=\"background-image: url(&#039;https:\/\/www.lourdes-france.org\/wp-content\/uploads\/2025\/08\/9-4.jpg&#039;)\">\n\n\t\t\t\n\t\t\t\t\t<\/div>\n\t\t<\/a>\t\t\t\t\t\t<\/div>\n\t\t\t\t\t\t\t\t\t<\/div>\n\t\t\t\t\t\t\t\t\t\t\t\t\t\t\t\t\t\t\t\t<div class=\"swiper-pagination\"><\/div>\n\t\t\t\t\t\t\t\t\t\t\t\t<\/div>\n\t\t\t\t<\/div>\n\t\t\t\t\t\t\t\t<\/div>\n\t\t\t\t<\/div>\n\t\t\t\t\t<\/div>\n\t\t<\/div>\n\t\t\t\t\t<\/div>\n\t\t<\/section>\n\t\t\t\t<\/div>\n\t\t","protected":false},"excerpt":{"rendered":"<p>IMPROVED WELCOME TO CELEBRATE AND PRAY At the Lourdes Sanctuary, prayer is the beating heart of each and every day. Masses, processions, rosaries, sacraments&#8230; Each liturgical event is carried out with devotion and simplicity, to bring Hope to all, especially &hellip; <a href=\"https:\/\/www.lourdes-france.org\/en\/culte-et-priere\/\">Continued<\/a><\/p>\n","protected":false},"author":7,"featured_media":1029138,"parent":0,"menu_order":0,"comment_status":"closed","ping_status":"closed","template":"","meta":{"_acf_changed":false,"footnotes":""},"class_list":["post-1034949","page","type-page","status-publish","has-post-thumbnail","hentry"],"acf":[],"yoast_head":"<!-- This site is optimized with the Yoast SEO plugin v24.7 - https:\/\/yoast.com\/wordpress\/plugins\/seo\/ -->\n<title>Culte et Pri\u00e8re<\/title>\n<meta name=\"description\" content=\"Au Sanctuaire de Lourdes, la pri\u00e8re est le c\u0153ur battant de chaque journ\u00e9e. Pr\u00e9server les lieux saints, les entretenir et les adapter, c\u2019est permettre \u00e0 des millions de p\u00e8lerins de prier dans la beaut\u00e9, la paix et la dignit\u00e9. Gr\u00e2ce \u00e0 vous, ces espaces sacr\u00e9s continuent d\u2019offrir au monde un lieu unique de rencontre avec Dieu.\" \/>\n<meta name=\"robots\" content=\"index, follow, max-snippet:-1, max-image-preview:large, max-video-preview:-1\" \/>\n<link rel=\"canonical\" href=\"https:\/\/www.lourdes-france.org\/culte-et-priere\/\" \/>\n<meta name=\"twitter:label1\" content=\"Est. reading time\" \/>\n\t<meta name=\"twitter:data1\" content=\"1 minute\" \/>\n<script type=\"application\/ld+json\" class=\"yoast-schema-graph\">{\"@context\":\"https:\/\/schema.org\",\"@graph\":[{\"@type\":\"WebPage\",\"@id\":\"https:\/\/www.lourdes-france.org\/culte-et-priere\/\",\"url\":\"https:\/\/www.lourdes-france.org\/culte-et-priere\/\",\"name\":\"Culte et Pri\u00e8re\",\"isPartOf\":{\"@id\":\"https:\/\/preprod-lourdes.cawita.com\/#website\"},\"primaryImageOfPage\":{\"@id\":\"https:\/\/www.lourdes-france.org\/culte-et-priere\/#primaryimage\"},\"image\":{\"@id\":\"https:\/\/www.lourdes-france.org\/culte-et-priere\/#primaryimage\"},\"thumbnailUrl\":\"https:\/\/www.lourdes-france.org\/wp-content\/uploads\/2025\/07\/2-1.jpg\",\"datePublished\":\"2025-08-04T14:36:13+00:00\",\"dateModified\":\"2025-08-26T09:13:23+00:00\",\"description\":\"Au Sanctuaire de Lourdes, la pri\u00e8re est le c\u0153ur battant de chaque journ\u00e9e. Pr\u00e9server les lieux saints, les entretenir et les adapter, c\u2019est permettre \u00e0 des millions de p\u00e8lerins de prier dans la beaut\u00e9, la paix et la dignit\u00e9. Gr\u00e2ce \u00e0 vous, ces espaces sacr\u00e9s continuent d\u2019offrir au monde un lieu unique de rencontre avec Dieu.\",\"breadcrumb\":{\"@id\":\"https:\/\/www.lourdes-france.org\/culte-et-priere\/#breadcrumb\"},\"inLanguage\":\"en-US\",\"potentialAction\":[{\"@type\":\"ReadAction\",\"target\":[\"https:\/\/www.lourdes-france.org\/culte-et-priere\/\"]}]},{\"@type\":\"ImageObject\",\"inLanguage\":\"en-US\",\"@id\":\"https:\/\/www.lourdes-france.org\/culte-et-priere\/#primaryimage\",\"url\":\"https:\/\/www.lourdes-france.org\/wp-content\/uploads\/2025\/07\/2-1.jpg\",\"contentUrl\":\"https:\/\/www.lourdes-france.org\/wp-content\/uploads\/2025\/07\/2-1.jpg\",\"width\":1414,\"height\":2000,\"caption\":\"Culte et pri\u00e8re\"},{\"@type\":\"BreadcrumbList\",\"@id\":\"https:\/\/www.lourdes-france.org\/culte-et-priere\/#breadcrumb\",\"itemListElement\":[{\"@type\":\"ListItem\",\"position\":1,\"name\":\"Accueil\",\"item\":\"https:\/\/www.lourdes-france.org\/\"},{\"@type\":\"ListItem\",\"position\":2,\"name\":\"Culte et Pri\u00e8re\"}]},{\"@type\":\"WebSite\",\"@id\":\"https:\/\/preprod-lourdes.cawita.com\/#website\",\"url\":\"https:\/\/preprod-lourdes.cawita.com\/\",\"name\":\"Soutenir le Sanctuaire Notre-Dame de Lourdes\",\"description\":\"\",\"potentialAction\":[{\"@type\":\"SearchAction\",\"target\":{\"@type\":\"EntryPoint\",\"urlTemplate\":\"https:\/\/preprod-lourdes.cawita.com\/?s={search_term_string}\"},\"query-input\":{\"@type\":\"PropertyValueSpecification\",\"valueRequired\":true,\"valueName\":\"search_term_string\"}}],\"inLanguage\":\"en-US\"}]}<\/script>\n<!-- \/ Yoast SEO plugin. -->","yoast_head_json":{"title":"Culte et Pri\u00e8re","description":"Au Sanctuaire de Lourdes, la pri\u00e8re est le c\u0153ur battant de chaque journ\u00e9e. Pr\u00e9server les lieux saints, les entretenir et les adapter, c\u2019est permettre \u00e0 des millions de p\u00e8lerins de prier dans la beaut\u00e9, la paix et la dignit\u00e9. Gr\u00e2ce \u00e0 vous, ces espaces sacr\u00e9s continuent d\u2019offrir au monde un lieu unique de rencontre avec Dieu.","robots":{"index":"index","follow":"follow","max-snippet":"max-snippet:-1","max-image-preview":"max-image-preview:large","max-video-preview":"max-video-preview:-1"},"canonical":"https:\/\/www.lourdes-france.org\/culte-et-priere\/","twitter_misc":{"Est. reading time":"1 minute"},"schema":{"@context":"https:\/\/schema.org","@graph":[{"@type":"WebPage","@id":"https:\/\/www.lourdes-france.org\/culte-et-priere\/","url":"https:\/\/www.lourdes-france.org\/culte-et-priere\/","name":"Culte et Pri\u00e8re","isPartOf":{"@id":"https:\/\/preprod-lourdes.cawita.com\/#website"},"primaryImageOfPage":{"@id":"https:\/\/www.lourdes-france.org\/culte-et-priere\/#primaryimage"},"image":{"@id":"https:\/\/www.lourdes-france.org\/culte-et-priere\/#primaryimage"},"thumbnailUrl":"https:\/\/www.lourdes-france.org\/wp-content\/uploads\/2025\/07\/2-1.jpg","datePublished":"2025-08-04T14:36:13+00:00","dateModified":"2025-08-26T09:13:23+00:00","description":"Au Sanctuaire de Lourdes, la pri\u00e8re est le c\u0153ur battant de chaque journ\u00e9e. Pr\u00e9server les lieux saints, les entretenir et les adapter, c\u2019est permettre \u00e0 des millions de p\u00e8lerins de prier dans la beaut\u00e9, la paix et la dignit\u00e9. Gr\u00e2ce \u00e0 vous, ces espaces sacr\u00e9s continuent d\u2019offrir au monde un lieu unique de rencontre avec Dieu.","breadcrumb":{"@id":"https:\/\/www.lourdes-france.org\/culte-et-priere\/#breadcrumb"},"inLanguage":"en-US","potentialAction":[{"@type":"ReadAction","target":["https:\/\/www.lourdes-france.org\/culte-et-priere\/"]}]},{"@type":"ImageObject","inLanguage":"en-US","@id":"https:\/\/www.lourdes-france.org\/culte-et-priere\/#primaryimage","url":"https:\/\/www.lourdes-france.org\/wp-content\/uploads\/2025\/07\/2-1.jpg","contentUrl":"https:\/\/www.lourdes-france.org\/wp-content\/uploads\/2025\/07\/2-1.jpg","width":1414,"height":2000,"caption":"Culte et pri\u00e8re"},{"@type":"BreadcrumbList","@id":"https:\/\/www.lourdes-france.org\/culte-et-priere\/#breadcrumb","itemListElement":[{"@type":"ListItem","position":1,"name":"Accueil","item":"https:\/\/www.lourdes-france.org\/"},{"@type":"ListItem","position":2,"name":"Culte et Pri\u00e8re"}]},{"@type":"WebSite","@id":"https:\/\/preprod-lourdes.cawita.com\/#website","url":"https:\/\/preprod-lourdes.cawita.com\/","name":"Soutenir le Sanctuaire Notre-Dame de Lourdes","description":"","potentialAction":[{"@type":"SearchAction","target":{"@type":"EntryPoint","urlTemplate":"https:\/\/preprod-lourdes.cawita.com\/?s={search_term_string}"},"query-input":{"@type":"PropertyValueSpecification","valueRequired":true,"valueName":"search_term_string"}}],"inLanguage":"en-US"}]}},"_links":{"self":[{"href":"https:\/\/www.lourdes-france.org\/en\/wp-json\/wp\/v2\/pages\/1034949","targetHints":{"allow":["GET"]}}],"collection":[{"href":"https:\/\/www.lourdes-france.org\/en\/wp-json\/wp\/v2\/pages"}],"about":[{"href":"https:\/\/www.lourdes-france.org\/en\/wp-json\/wp\/v2\/types\/page"}],"author":[{"embeddable":true,"href":"https:\/\/www.lourdes-france.org\/en\/wp-json\/wp\/v2\/users\/7"}],"replies":[{"embeddable":true,"href":"https:\/\/www.lourdes-france.org\/en\/wp-json\/wp\/v2\/comments?post=1034949"}],"version-history":[{"count":3,"href":"https:\/\/www.lourdes-france.org\/en\/wp-json\/wp\/v2\/pages\/1034949\/revisions"}],"predecessor-version":[{"id":1061011,"href":"https:\/\/www.lourdes-france.org\/en\/wp-json\/wp\/v2\/pages\/1034949\/revisions\/1061011"}],"wp:featuredmedia":[{"embeddable":true,"href":"https:\/\/www.lourdes-france.org\/en\/wp-json\/wp\/v2\/media\/1029138"}],"wp:attachment":[{"href":"https:\/\/www.lourdes-france.org\/en\/wp-json\/wp\/v2\/media?parent=1034949"}],"curies":[{"name":"wp","href":"https:\/\/api.w.org\/{rel}","templated":true}]}}