{"id":1051888,"date":"2025-08-08T17:14:44","date_gmt":"2025-08-08T15:14:44","guid":{"rendered":"https:\/\/www.lourdes-france.org\/pilgrimages-to-lourdes\/les-pelerins-de-lourdes\/"},"modified":"2025-09-12T14:38:06","modified_gmt":"2025-09-12T12:38:06","slug":"pilgrims-of-lourdes","status":"publish","type":"page","link":"https:\/\/www.lourdes-france.org\/en\/lourdes-pilgrimage\/pilgrims-of-lourdes\/","title":{"rendered":"Who are the pilgrims of Lourdes?"},"content":{"rendered":"\t\t<div data-elementor-type=\"wp-page\" data-elementor-id=\"1051888\" class=\"elementor elementor-1051888 elementor-1033089\" data-elementor-post-type=\"page\">\n\t\t\t\t\t\t<section class=\"elementor-section elementor-top-section elementor-element elementor-element-30f586f2 elementor-section-full_width elementor-section-stretched elementor-section-height-default elementor-section-height-default\" data-id=\"30f586f2\" data-element_type=\"section\" data-settings=\"{&quot;stretch_section&quot;:&quot;section-stretched&quot;,&quot;background_background&quot;:&quot;classic&quot;}\">\n\t\t\t\t\t\t<div class=\"elementor-container elementor-column-gap-default\">\n\t\t\t\t\t<div class=\"elementor-column elementor-col-100 elementor-top-column elementor-element elementor-element-5407edfd\" data-id=\"5407edfd\" data-element_type=\"column\">\n\t\t\t<div class=\"elementor-widget-wrap elementor-element-populated\">\n\t\t\t\t\t\t<div class=\"elementor-element elementor-element-76c6d3db elementor-widget elementor-widget-spacer\" data-id=\"76c6d3db\" data-element_type=\"widget\" data-widget_type=\"spacer.default\">\n\t\t\t\t<div class=\"elementor-widget-container\">\n\t\t\t\t\t\t\t<div class=\"elementor-spacer\">\n\t\t\t<div class=\"elementor-spacer-inner\"><\/div>\n\t\t<\/div>\n\t\t\t\t\t\t<\/div>\n\t\t\t\t<\/div>\n\t\t\t\t\t<\/div>\n\t\t<\/div>\n\t\t\t\t\t<\/div>\n\t\t<\/section>\n\t\t\t\t<section class=\"elementor-section elementor-top-section elementor-element elementor-element-2c8639ad elementor-section-full_width elementor-section-height-default elementor-section-height-default\" data-id=\"2c8639ad\" data-element_type=\"section\" data-settings=\"{&quot;background_background&quot;:&quot;classic&quot;}\">\n\t\t\t\t\t\t<div class=\"elementor-container elementor-column-gap-default\">\n\t\t\t\t\t<div class=\"elementor-column elementor-col-100 elementor-top-column elementor-element elementor-element-1886f46f\" data-id=\"1886f46f\" data-element_type=\"column\">\n\t\t\t<div class=\"elementor-widget-wrap elementor-element-populated\">\n\t\t\t\t\t\t<div class=\"elementor-element elementor-element-5c649848 elementor-widget elementor-widget-spacer\" data-id=\"5c649848\" data-element_type=\"widget\" data-widget_type=\"spacer.default\">\n\t\t\t\t<div class=\"elementor-widget-container\">\n\t\t\t\t\t\t\t<div class=\"elementor-spacer\">\n\t\t\t<div class=\"elementor-spacer-inner\"><\/div>\n\t\t<\/div>\n\t\t\t\t\t\t<\/div>\n\t\t\t\t<\/div>\n\t\t\t\t<div class=\"elementor-element elementor-element-1d6dfa6e elementor-widget elementor-widget-heading\" data-id=\"1d6dfa6e\" data-element_type=\"widget\" data-widget_type=\"heading.default\">\n\t\t\t\t<div class=\"elementor-widget-container\">\n\t\t\t\t\t<h1 class=\"elementor-heading-title elementor-size-default\">Who are the pilgrims of Lourdes?<\/h1>\t\t\t\t<\/div>\n\t\t\t\t<\/div>\n\t\t\t\t<div class=\"elementor-element elementor-element-6740d81 elementor-widget elementor-widget-heading\" data-id=\"6740d81\" data-element_type=\"widget\" data-widget_type=\"heading.default\">\n\t\t\t\t<div class=\"elementor-widget-container\">\n\t\t\t\t\t<h2 class=\"elementor-heading-title elementor-size-default\">_________________<\/h2>\t\t\t\t<\/div>\n\t\t\t\t<\/div>\n\t\t\t\t<div class=\"elementor-element elementor-element-4be2b016 elementor-widget elementor-widget-text-editor\" data-id=\"4be2b016\" data-element_type=\"widget\" data-widget_type=\"text-editor.default\">\n\t\t\t\t<div class=\"elementor-widget-container\">\n\t\t\t\t\t\t\t\t\t<p><b>The Sanctuary of Our Lady of Lourdes is an international shrine, a meeting place open to all.<\/b><\/p><h1><b style=\"font-style: normal;\">The whole world comes to Lourdes<\/b><\/h1><p>From the moment the apparitions began in 1858, crowds flocked to the Grotto of Massabielle, around little Bernadette Soubirous. <a href=\"https:\/\/www.lourdes-france.org\/en\/pilgrimages-to-lourdes\/\" target=\"_blank\" rel=\"noopener\">Pilgrimages<\/a> were organised and quickly spread throughout France and beyond. The first pilgrimage from abroad took place in 1874: the Belgian national pilgrimage brought more than a thousand pilgrims to Lourdes.\u2028<br \/>In order to accommodate the ever-increasing <a href=\"https:\/\/www.lourdes-france.org\/en\/pilgrimages-to-lourdes\/accueillir-les-pelerins\/\" target=\"_blank\" rel=\"noopener\">crowds of pilgrims<\/a>, the Sanctuary has been extended and developed over the years.<\/p><p>Whether a one-day pilgrim or a lifelong pilgrim, travelling with family or as part of a diocese, a devout worshipper or a casual visitor, it is difficult to identify any one \u2018typical profile\u2019 for pilgrims. Nevertheless, they can be broadly divided into the following categories:<\/p>\t\t\t\t\t\t\t\t<\/div>\n\t\t\t\t<\/div>\n\t\t\t\t<div class=\"elementor-element elementor-element-e644934 elementor-widget elementor-widget-image\" data-id=\"e644934\" data-element_type=\"widget\" data-widget_type=\"image.default\">\n\t\t\t\t<div class=\"elementor-widget-container\">\n\t\t\t\t\t\t\t\t\t\t\t\t\t\t\t<img fetchpriority=\"high\" decoding=\"async\" width=\"768\" height=\"432\" src=\"https:\/\/www.lourdes-france.org\/wp-content\/uploads\/2025\/08\/le_monde_entier_vient-1-768x432.jpg\" class=\"attachment-medium_large size-medium_large wp-image-1057042\" alt=\"P\u00e8lerinage national lors de la f\u00eate du 15 ao\u00fbt \u00e0 Lourdes\" srcset=\"https:\/\/www.lourdes-france.org\/wp-content\/uploads\/2025\/08\/le_monde_entier_vient-1-768x432.jpg 768w, https:\/\/www.lourdes-france.org\/wp-content\/uploads\/2025\/08\/le_monde_entier_vient-1-300x169.jpg 300w, https:\/\/www.lourdes-france.org\/wp-content\/uploads\/2025\/08\/le_monde_entier_vient-1-1024x576.jpg 1024w, https:\/\/www.lourdes-france.org\/wp-content\/uploads\/2025\/08\/le_monde_entier_vient-1-1536x864.jpg 1536w, https:\/\/www.lourdes-france.org\/wp-content\/uploads\/2025\/08\/le_monde_entier_vient-1-2048x1152.jpg 2048w\" sizes=\"(max-width: 768px) 100vw, 768px\" \/>\t\t\t\t\t\t\t\t\t\t\t\t\t\t\t<\/div>\n\t\t\t\t<\/div>\n\t\t\t\t<div class=\"elementor-element elementor-element-1a2e438 elementor-widget elementor-widget-text-editor\" data-id=\"1a2e438\" data-element_type=\"widget\" data-widget_type=\"text-editor.default\">\n\t\t\t\t<div class=\"elementor-widget-container\">\n\t\t\t\t\t\t\t\t\t<h2><b>Organised groups of pilgrims<\/b><\/h2><p>These groups account for 20% of visitors to Lourdes. They are people who come to Lourdes on a spiritual journey. They are often organised by a parish, diocese, country, religious family or even a tour operator. These pilgrimage organisations have often been in existence for several decades, and some for over a century.<br \/>The <a href=\"https:\/\/www.lourdes-france.com\/en\/\" target=\"_blank\" rel=\"noopener\">Sanctuary<\/a> knows exactly how many there are because they are registered. They liaise closely with the Sanctuary for venue bookings and any special requests.<\/p>\t\t\t\t\t\t\t\t<\/div>\n\t\t\t\t<\/div>\n\t\t\t\t<div class=\"elementor-element elementor-element-f604e78 elementor-widget elementor-widget-image\" data-id=\"f604e78\" data-element_type=\"widget\" data-widget_type=\"image.default\">\n\t\t\t\t<div class=\"elementor-widget-container\">\n\t\t\t\t\t\t\t\t\t\t\t\t\t\t\t<img decoding=\"async\" width=\"768\" height=\"512\" src=\"https:\/\/www.lourdes-france.org\/wp-content\/uploads\/2025\/08\/pelerinage_organise-768x512.jpg\" class=\"attachment-medium_large size-medium_large wp-image-1057025\" alt=\"P\u00e8lerinage organis\u00e9 \u00e0 Lourdes\" srcset=\"https:\/\/www.lourdes-france.org\/wp-content\/uploads\/2025\/08\/pelerinage_organise-768x512.jpg 768w, https:\/\/www.lourdes-france.org\/wp-content\/uploads\/2025\/08\/pelerinage_organise-300x200.jpg 300w, https:\/\/www.lourdes-france.org\/wp-content\/uploads\/2025\/08\/pelerinage_organise-1024x683.jpg 1024w, https:\/\/www.lourdes-france.org\/wp-content\/uploads\/2025\/08\/pelerinage_organise-1536x1024.jpg 1536w, https:\/\/www.lourdes-france.org\/wp-content\/uploads\/2025\/08\/pelerinage_organise-2048x1365.jpg 2048w\" sizes=\"(max-width: 768px) 100vw, 768px\" \/>\t\t\t\t\t\t\t\t\t\t\t\t\t\t\t<\/div>\n\t\t\t\t<\/div>\n\t\t\t\t<div class=\"elementor-element elementor-element-5efd279 elementor-widget elementor-widget-text-editor\" data-id=\"5efd279\" data-element_type=\"widget\" data-widget_type=\"text-editor.default\">\n\t\t\t\t<div class=\"elementor-widget-container\">\n\t\t\t\t\t\t\t\t\t<h2><b>Independent pilgrims<\/b><\/h2><p>This group makes up 80% of visitors to Lourdes. \u2028 They come to Lourdes on their own or with their families, for a few days or a few hours. They join the large crowd of pilgrims to take part in the major celebrations. \u2028\u2028<\/p><p>Pilgrims come from all over the world: the Sanctuary welcomes 80 different nationalities\u2028.<br \/>Lourdes is international because the simplicity and depth of its message brings together crowds from all nations and backgrounds. \u2028<br \/>The Sanctuary welcomes everyone, from all walks of life, regardless of their culture, religion or lack thereof. Here, everyone will find whatever it is they are trying to find.<\/p>\t\t\t\t\t\t\t\t<\/div>\n\t\t\t\t<\/div>\n\t\t\t\t<div class=\"elementor-element elementor-element-2a0163c elementor-widget elementor-widget-image\" data-id=\"2a0163c\" data-element_type=\"widget\" data-widget_type=\"image.default\">\n\t\t\t\t<div class=\"elementor-widget-container\">\n\t\t\t\t\t\t\t\t\t\t\t\t\t\t\t<img decoding=\"async\" width=\"768\" height=\"512\" src=\"https:\/\/www.lourdes-france.org\/wp-content\/uploads\/2025\/08\/pelerin_indivudel-768x512.jpg\" class=\"attachment-medium_large size-medium_large wp-image-1057050\" alt=\"Personne en fauteuil roulant \u00e0 Lourdes\" srcset=\"https:\/\/www.lourdes-france.org\/wp-content\/uploads\/2025\/08\/pelerin_indivudel-768x512.jpg 768w, https:\/\/www.lourdes-france.org\/wp-content\/uploads\/2025\/08\/pelerin_indivudel-300x200.jpg 300w, https:\/\/www.lourdes-france.org\/wp-content\/uploads\/2025\/08\/pelerin_indivudel-1024x683.jpg 1024w, https:\/\/www.lourdes-france.org\/wp-content\/uploads\/2025\/08\/pelerin_indivudel-1536x1024.jpg 1536w, https:\/\/www.lourdes-france.org\/wp-content\/uploads\/2025\/08\/pelerin_indivudel-2048x1365.jpg 2048w\" sizes=\"(max-width: 768px) 100vw, 768px\" \/>\t\t\t\t\t\t\t\t\t\t\t\t\t\t\t<\/div>\n\t\t\t\t<\/div>\n\t\t\t\t<div class=\"elementor-element elementor-element-9387462 elementor-align-center elementor-widget elementor-widget-button\" data-id=\"9387462\" data-element_type=\"widget\" data-widget_type=\"button.default\">\n\t\t\t\t<div class=\"elementor-widget-container\">\n\t\t\t\t\t\t\t\t\t<div class=\"elementor-button-wrapper\">\n\t\t\t\t\t<a class=\"elementor-button elementor-button-link elementor-size-sm\" href=\"\/les-pelerinages\/\">\n\t\t\t\t\t\t<span class=\"elementor-button-content-wrapper\">\n\t\t\t\t\t\t\t\t\t<span class=\"elementor-button-text\">LEARN MORE ABOUT PILGRIMAGES<\/span>\n\t\t\t\t\t<\/span>\n\t\t\t\t\t<\/a>\n\t\t\t\t<\/div>\n\t\t\t\t\t\t\t\t<\/div>\n\t\t\t\t<\/div>\n\t\t\t\t<div class=\"elementor-element elementor-element-b3c2fde elementor-widget elementor-widget-text-editor\" data-id=\"b3c2fde\" data-element_type=\"widget\" data-widget_type=\"text-editor.default\">\n\t\t\t\t<div class=\"elementor-widget-container\">\n\t\t\t\t\t\t\t\t\t<h1><b style=\"font-style: normal;\">A few statistics<\/b><\/h1><p><strong><span style=\"color: #007a9e;\">Orgqnised groups including sick pilgrims <br \/><\/span><\/strong>Orgqnised groups including sick pilgrims <br \/>2019: 445\u00a0000 pilgrims\u2028<br \/>2020: 35\u00a0000 pilgrims\u2028 <em>(Covid-19 pandemic)<\/em><br \/>2021: 100\u00a0000 pilgrims<br \/>\u20282022: 175 000 pilgrims\u2028<br \/>2023: 370 000 pilgrims\u2028<br \/>2024: 410 000 pilgrims<\/p><p><span style=\"color: #007a9e;\"><strong>Independent pilgrims and visitors<br \/><\/strong><\/span>2019: Actual figure unknown (estimation 3.5 million)<br \/>\u20282020: 800\u00a0000 pilgrims <em>(Covid-19 pandemic)<\/em><br \/>\u20282021: 1.6 million pilgrims\u2028<br \/>2022: 2.7 million pilgrims\u2028<br \/>2023: 3.1 million pilgrims\u2028<br \/>2024: 3.2 million pilgrims<\/p>\t\t\t\t\t\t\t\t<\/div>\n\t\t\t\t<\/div>\n\t\t\t\t<div class=\"elementor-element elementor-element-81cedaf elementor-align-center elementor-widget elementor-widget-button\" data-id=\"81cedaf\" data-element_type=\"widget\" data-widget_type=\"button.default\">\n\t\t\t\t<div class=\"elementor-widget-container\">\n\t\t\t\t\t\t\t\t\t<div class=\"elementor-button-wrapper\">\n\t\t\t\t\t<a class=\"elementor-button elementor-button-link elementor-size-sm\" href=\"https:\/\/www.lourdes-france.com\/en\/\" target=\"_blank\">\n\t\t\t\t\t\t<span class=\"elementor-button-content-wrapper\">\n\t\t\t\t\t\t\t\t\t<span class=\"elementor-button-text\">COME TO LOURDES<\/span>\n\t\t\t\t\t<\/span>\n\t\t\t\t\t<\/a>\n\t\t\t\t<\/div>\n\t\t\t\t\t\t\t\t<\/div>\n\t\t\t\t<\/div>\n\t\t\t\t<div class=\"elementor-element elementor-element-42d17945 elementor-view-default elementor-widget elementor-widget-icon\" data-id=\"42d17945\" data-element_type=\"widget\" data-widget_type=\"icon.default\">\n\t\t\t\t<div class=\"elementor-widget-container\">\n\t\t\t\t\t\t\t<div class=\"elementor-icon-wrapper\">\n\t\t\t<div class=\"elementor-icon\">\n\t\t\t<i aria-hidden=\"true\" class=\"fas fa-church\"><\/i>\t\t\t<\/div>\n\t\t<\/div>\n\t\t\t\t\t\t<\/div>\n\t\t\t\t<\/div>\n\t\t\t\t\t<\/div>\n\t\t<\/div>\n\t\t\t\t\t<\/div>\n\t\t<\/section>\n\t\t\t\t<\/div>\n\t\t","protected":false},"excerpt":{"rendered":"<p>Who are the pilgrims of Lourdes? _________________ The Sanctuary of Our Lady of Lourdes is an international shrine, a meeting place open to all. The whole world comes to Lourdes From the moment the apparitions began in 1858, crowds flocked &hellip; <a href=\"https:\/\/www.lourdes-france.org\/en\/lourdes-pilgrimage\/pilgrims-of-lourdes\/\">Continued<\/a><\/p>\n","protected":false},"author":7,"featured_media":1057034,"parent":867259,"menu_order":0,"comment_status":"closed","ping_status":"closed","template":"","meta":{"_acf_changed":false,"footnotes":""},"class_list":["post-1051888","page","type-page","status-publish","has-post-thumbnail","hentry"],"acf":[],"yoast_head":"<!-- This site is optimized with the Yoast SEO plugin v24.7 - https:\/\/yoast.com\/wordpress\/plugins\/seo\/ -->\n<title>Who are the pilgrims of Lourdes?<\/title>\n<meta name=\"description\" content=\"Whether pilgrims for a day or lifelong pilgrims, travelling with family or as part of a diocese, devout worshippers or visitors passing through, who are the pilgrims of Lourdes?\" \/>\n<meta name=\"robots\" content=\"index, follow, max-snippet:-1, max-image-preview:large, max-video-preview:-1\" \/>\n<link rel=\"canonical\" href=\"https:\/\/www.lourdes-france.org\/en\/lourdes-pilgrimage\/pilgrims-of-lourdes\/\" \/>\n<meta name=\"twitter:label1\" content=\"Est. reading time\" \/>\n\t<meta name=\"twitter:data1\" content=\"3 minutes\" \/>\n<script type=\"application\/ld+json\" class=\"yoast-schema-graph\">{\"@context\":\"https:\/\/schema.org\",\"@graph\":[{\"@type\":\"WebPage\",\"@id\":\"https:\/\/www.lourdes-france.org\/en\/lourdes-pilgrimage\/pilgrims-of-lourdes\/\",\"url\":\"https:\/\/www.lourdes-france.org\/en\/lourdes-pilgrimage\/pilgrims-of-lourdes\/\",\"name\":\"Who are the pilgrims of Lourdes?\",\"isPartOf\":{\"@id\":\"https:\/\/preprod-lourdes.cawita.com\/#website\"},\"primaryImageOfPage\":{\"@id\":\"https:\/\/www.lourdes-france.org\/en\/lourdes-pilgrimage\/pilgrims-of-lourdes\/#primaryimage\"},\"image\":{\"@id\":\"https:\/\/www.lourdes-france.org\/en\/lourdes-pilgrimage\/pilgrims-of-lourdes\/#primaryimage\"},\"thumbnailUrl\":\"https:\/\/www.lourdes-france.org\/wp-content\/uploads\/2025\/08\/image_mise_en_avant-scaled.jpg\",\"datePublished\":\"2025-08-08T15:14:44+00:00\",\"dateModified\":\"2025-09-12T12:38:06+00:00\",\"description\":\"Whether pilgrims for a day or lifelong pilgrims, travelling with family or as part of a diocese, devout worshippers or visitors passing through, who are the pilgrims of Lourdes?\",\"breadcrumb\":{\"@id\":\"https:\/\/www.lourdes-france.org\/en\/lourdes-pilgrimage\/pilgrims-of-lourdes\/#breadcrumb\"},\"inLanguage\":\"en-US\",\"potentialAction\":[{\"@type\":\"ReadAction\",\"target\":[\"https:\/\/www.lourdes-france.org\/en\/lourdes-pilgrimage\/pilgrims-of-lourdes\/\"]}]},{\"@type\":\"ImageObject\",\"inLanguage\":\"en-US\",\"@id\":\"https:\/\/www.lourdes-france.org\/en\/lourdes-pilgrimage\/pilgrims-of-lourdes\/#primaryimage\",\"url\":\"https:\/\/www.lourdes-france.org\/wp-content\/uploads\/2025\/08\/image_mise_en_avant-scaled.jpg\",\"contentUrl\":\"https:\/\/www.lourdes-france.org\/wp-content\/uploads\/2025\/08\/image_mise_en_avant-scaled.jpg\",\"width\":2560,\"height\":1707,\"caption\":\"Qui sont les p\u00e8lerins de Lourdes\"},{\"@type\":\"BreadcrumbList\",\"@id\":\"https:\/\/www.lourdes-france.org\/en\/lourdes-pilgrimage\/pilgrims-of-lourdes\/#breadcrumb\",\"itemListElement\":[{\"@type\":\"ListItem\",\"position\":1,\"name\":\"Accueil\",\"item\":\"https:\/\/www.lourdes-france.org\/\"},{\"@type\":\"ListItem\",\"position\":2,\"name\":\"Pilgrimages to Lourdes\",\"item\":\"https:\/\/www.lourdes-france.org\/en\/lourdes-pilgrimage\/\"},{\"@type\":\"ListItem\",\"position\":3,\"name\":\"Who are the pilgrims of Lourdes?\"}]},{\"@type\":\"WebSite\",\"@id\":\"https:\/\/preprod-lourdes.cawita.com\/#website\",\"url\":\"https:\/\/preprod-lourdes.cawita.com\/\",\"name\":\"Soutenir le Sanctuaire Notre-Dame de Lourdes\",\"description\":\"\",\"potentialAction\":[{\"@type\":\"SearchAction\",\"target\":{\"@type\":\"EntryPoint\",\"urlTemplate\":\"https:\/\/preprod-lourdes.cawita.com\/?s={search_term_string}\"},\"query-input\":{\"@type\":\"PropertyValueSpecification\",\"valueRequired\":true,\"valueName\":\"search_term_string\"}}],\"inLanguage\":\"en-US\"}]}<\/script>\n<!-- \/ Yoast SEO plugin. -->","yoast_head_json":{"title":"Who are the pilgrims of Lourdes?","description":"Whether pilgrims for a day or lifelong pilgrims, travelling with family or as part of a diocese, devout worshippers or visitors passing through, who are the pilgrims of Lourdes?","robots":{"index":"index","follow":"follow","max-snippet":"max-snippet:-1","max-image-preview":"max-image-preview:large","max-video-preview":"max-video-preview:-1"},"canonical":"https:\/\/www.lourdes-france.org\/en\/lourdes-pilgrimage\/pilgrims-of-lourdes\/","twitter_misc":{"Est. reading time":"3 minutes"},"schema":{"@context":"https:\/\/schema.org","@graph":[{"@type":"WebPage","@id":"https:\/\/www.lourdes-france.org\/en\/lourdes-pilgrimage\/pilgrims-of-lourdes\/","url":"https:\/\/www.lourdes-france.org\/en\/lourdes-pilgrimage\/pilgrims-of-lourdes\/","name":"Who are the pilgrims of Lourdes?","isPartOf":{"@id":"https:\/\/preprod-lourdes.cawita.com\/#website"},"primaryImageOfPage":{"@id":"https:\/\/www.lourdes-france.org\/en\/lourdes-pilgrimage\/pilgrims-of-lourdes\/#primaryimage"},"image":{"@id":"https:\/\/www.lourdes-france.org\/en\/lourdes-pilgrimage\/pilgrims-of-lourdes\/#primaryimage"},"thumbnailUrl":"https:\/\/www.lourdes-france.org\/wp-content\/uploads\/2025\/08\/image_mise_en_avant-scaled.jpg","datePublished":"2025-08-08T15:14:44+00:00","dateModified":"2025-09-12T12:38:06+00:00","description":"Whether pilgrims for a day or lifelong pilgrims, travelling with family or as part of a diocese, devout worshippers or visitors passing through, who are the pilgrims of Lourdes?","breadcrumb":{"@id":"https:\/\/www.lourdes-france.org\/en\/lourdes-pilgrimage\/pilgrims-of-lourdes\/#breadcrumb"},"inLanguage":"en-US","potentialAction":[{"@type":"ReadAction","target":["https:\/\/www.lourdes-france.org\/en\/lourdes-pilgrimage\/pilgrims-of-lourdes\/"]}]},{"@type":"ImageObject","inLanguage":"en-US","@id":"https:\/\/www.lourdes-france.org\/en\/lourdes-pilgrimage\/pilgrims-of-lourdes\/#primaryimage","url":"https:\/\/www.lourdes-france.org\/wp-content\/uploads\/2025\/08\/image_mise_en_avant-scaled.jpg","contentUrl":"https:\/\/www.lourdes-france.org\/wp-content\/uploads\/2025\/08\/image_mise_en_avant-scaled.jpg","width":2560,"height":1707,"caption":"Qui sont les p\u00e8lerins de Lourdes"},{"@type":"BreadcrumbList","@id":"https:\/\/www.lourdes-france.org\/en\/lourdes-pilgrimage\/pilgrims-of-lourdes\/#breadcrumb","itemListElement":[{"@type":"ListItem","position":1,"name":"Accueil","item":"https:\/\/www.lourdes-france.org\/"},{"@type":"ListItem","position":2,"name":"Pilgrimages to Lourdes","item":"https:\/\/www.lourdes-france.org\/en\/lourdes-pilgrimage\/"},{"@type":"ListItem","position":3,"name":"Who are the pilgrims of Lourdes?"}]},{"@type":"WebSite","@id":"https:\/\/preprod-lourdes.cawita.com\/#website","url":"https:\/\/preprod-lourdes.cawita.com\/","name":"Soutenir le Sanctuaire Notre-Dame de Lourdes","description":"","potentialAction":[{"@type":"SearchAction","target":{"@type":"EntryPoint","urlTemplate":"https:\/\/preprod-lourdes.cawita.com\/?s={search_term_string}"},"query-input":{"@type":"PropertyValueSpecification","valueRequired":true,"valueName":"search_term_string"}}],"inLanguage":"en-US"}]}},"_links":{"self":[{"href":"https:\/\/www.lourdes-france.org\/en\/wp-json\/wp\/v2\/pages\/1051888","targetHints":{"allow":["GET"]}}],"collection":[{"href":"https:\/\/www.lourdes-france.org\/en\/wp-json\/wp\/v2\/pages"}],"about":[{"href":"https:\/\/www.lourdes-france.org\/en\/wp-json\/wp\/v2\/types\/page"}],"author":[{"embeddable":true,"href":"https:\/\/www.lourdes-france.org\/en\/wp-json\/wp\/v2\/users\/7"}],"replies":[{"embeddable":true,"href":"https:\/\/www.lourdes-france.org\/en\/wp-json\/wp\/v2\/comments?post=1051888"}],"version-history":[{"count":3,"href":"https:\/\/www.lourdes-france.org\/en\/wp-json\/wp\/v2\/pages\/1051888\/revisions"}],"predecessor-version":[{"id":1067337,"href":"https:\/\/www.lourdes-france.org\/en\/wp-json\/wp\/v2\/pages\/1051888\/revisions\/1067337"}],"up":[{"embeddable":true,"href":"https:\/\/www.lourdes-france.org\/en\/wp-json\/wp\/v2\/pages\/867259"}],"wp:featuredmedia":[{"embeddable":true,"href":"https:\/\/www.lourdes-france.org\/en\/wp-json\/wp\/v2\/media\/1057034"}],"wp:attachment":[{"href":"https:\/\/www.lourdes-france.org\/en\/wp-json\/wp\/v2\/media?parent=1051888"}],"curies":[{"name":"wp","href":"https:\/\/api.w.org\/{rel}","templated":true}]}}