{"id":29395,"date":"2019-02-11T14:53:05","date_gmt":"2019-02-11T13:53:05","guid":{"rendered":"https:\/\/www.lourdes-france.org\/expliquez-moi-les-apparitions\/"},"modified":"2021-03-02T16:06:53","modified_gmt":"2021-03-02T15:06:53","slug":"expliquez-moi-les-apparitions","status":"publish","type":"page","link":"https:\/\/www.lourdes-france.org\/en\/expliquez-moi-les-apparitions\/","title":{"rendered":"Friday 16th July 1858 The 18th and final apparition"},"content":{"rendered":"\t\t<div data-elementor-type=\"wp-post\" data-elementor-id=\"29395\" class=\"elementor elementor-29395 elementor-29149\" data-elementor-post-type=\"page\">\n\t\t\t\t\t\t<section class=\"elementor-section elementor-top-section elementor-element elementor-element-6d2c02e1 elementor-section-boxed elementor-section-height-default elementor-section-height-default\" data-id=\"6d2c02e1\" data-element_type=\"section\">\n\t\t\t\t\t\t<div class=\"elementor-container elementor-column-gap-no\">\n\t\t\t\t\t<div class=\"elementor-column elementor-col-100 elementor-top-column elementor-element elementor-element-7d9cc9a3\" data-id=\"7d9cc9a3\" data-element_type=\"column\">\n\t\t\t<div class=\"elementor-widget-wrap elementor-element-populated\">\n\t\t\t\t\t\t<div class=\"elementor-element elementor-element-45bd2ed4 elementor-widget elementor-widget-text-editor\" data-id=\"45bd2ed4\" data-element_type=\"widget\" data-widget_type=\"text-editor.default\">\n\t\t\t\t<div class=\"elementor-widget-container\">\n\t\t\t\t\t\t\t\t\t<h2>Friday 16th july 1858 :<span style=\"color: #e8a702;\"> the final apparition<br \/><\/span><\/h2>\t\t\t\t\t\t\t\t<\/div>\n\t\t\t\t<\/div>\n\t\t\t\t\t<\/div>\n\t\t<\/div>\n\t\t\t\t\t<\/div>\n\t\t<\/section>\n\t\t\t\t<section class=\"elementor-section elementor-top-section elementor-element elementor-element-5c8395 elementor-section-boxed elementor-section-height-default elementor-section-height-default\" data-id=\"5c8395\" data-element_type=\"section\">\n\t\t\t\t\t\t<div class=\"elementor-container elementor-column-gap-no\">\n\t\t\t\t\t<div class=\"elementor-column elementor-col-100 elementor-top-column elementor-element elementor-element-70fc9297\" data-id=\"70fc9297\" data-element_type=\"column\">\n\t\t\t<div class=\"elementor-widget-wrap elementor-element-populated\">\n\t\t\t\t\t\t<section class=\"elementor-section elementor-inner-section elementor-element elementor-element-c70c65a elementor-section-boxed elementor-section-height-default elementor-section-height-default\" data-id=\"c70c65a\" data-element_type=\"section\">\n\t\t\t\t\t\t<div class=\"elementor-container elementor-column-gap-no\">\n\t\t\t\t\t<div class=\"elementor-column elementor-col-50 elementor-inner-column elementor-element elementor-element-db65f3b\" data-id=\"db65f3b\" data-element_type=\"column\">\n\t\t\t<div class=\"elementor-widget-wrap elementor-element-populated\">\n\t\t\t\t\t\t<div class=\"elementor-element elementor-element-48def105 elementor-widget elementor-widget-text-editor\" data-id=\"48def105\" data-element_type=\"widget\" data-widget_type=\"text-editor.default\">\n\t\t\t\t<div class=\"elementor-widget-container\">\n\t\t\t\t\t\t\t\t\t<p class=\"western\">For more than three months now, Bernadette Soubirous has not had an apparition of the one who, on 25th March, presented herself, saying, &#8220;I am Immaculate Conception. &#8220;<\/p>\t\t\t\t\t\t\t\t<\/div>\n\t\t\t\t<\/div>\n\t\t\t\t<div class=\"elementor-element elementor-element-8c629c5 elementor-widget elementor-widget-text-editor\" data-id=\"8c629c5\" data-element_type=\"widget\" data-widget_type=\"text-editor.default\">\n\t\t\t\t<div class=\"elementor-widget-container\">\n\t\t\t\t\t\t\t\t\t<p class=\"western\">In fact, the last apparition dates back to Passover Wednesday, 7th April 1858. Many events have taken place in the grotto, without Bernadette being involved in any way. The turmoil that reigns for some time encourages the authorities to prohibit access to the grotto from 15th June. Signs, boards, barricades are put up. Shortly after, because of the potentially explosive situation, the bishop goes as far as to forbid Catholics to go to the grotto. Two weeks later, his spirits being appeased, the bishop lifts his ban. Mary can return to Massabielle.<\/p>\t\t\t\t\t\t\t\t<\/div>\n\t\t\t\t<\/div>\n\t\t\t\t\t<\/div>\n\t\t<\/div>\n\t\t\t\t<div class=\"elementor-column elementor-col-50 elementor-inner-column elementor-element elementor-element-fc261fa\" data-id=\"fc261fa\" data-element_type=\"column\">\n\t\t\t<div class=\"elementor-widget-wrap elementor-element-populated\">\n\t\t\t\t\t\t<div class=\"elementor-element elementor-element-e6a27bd elementor-widget elementor-widget-image\" data-id=\"e6a27bd\" data-element_type=\"widget\" data-widget_type=\"image.default\">\n\t\t\t\t<div class=\"elementor-widget-container\">\n\t\t\t\t\t\t\t\t\t\t\t\t<figure class=\"wp-caption\">\n\t\t\t\t\t\t\t\t\t\t<img fetchpriority=\"high\" decoding=\"async\" width=\"800\" height=\"652\" src=\"https:\/\/www.lourdes-france.org\/wp-content\/uploads\/2019\/06\/2K8_APPARITIONS-18.jpg\" class=\"attachment-full size-full wp-image-55765\" alt=\"\" srcset=\"https:\/\/www.lourdes-france.org\/wp-content\/uploads\/2019\/06\/2K8_APPARITIONS-18.jpg 800w, https:\/\/www.lourdes-france.org\/wp-content\/uploads\/2019\/06\/2K8_APPARITIONS-18-300x245.jpg 300w, https:\/\/www.lourdes-france.org\/wp-content\/uploads\/2019\/06\/2K8_APPARITIONS-18-768x626.jpg 768w, https:\/\/www.lourdes-france.org\/wp-content\/uploads\/2019\/06\/2K8_APPARITIONS-18-344x280.jpg 344w\" sizes=\"(max-width: 800px) 100vw, 800px\" \/>\t\t\t\t\t\t\t\t\t\t\t<figcaption class=\"widget-image-caption wp-caption-text\"><p style=\"font-size:12px\">Cr\u00e9ation artistique de Ren\u00e9 Margotton, r\u00e9alis\u00e9s par Germaine et <\/br>Paul Sala-Malherbe<\/br>\u00a9 Sanctuaire Notre-Dame de Lourdes \/ Vincent<\/p><\/figcaption>\n\t\t\t\t\t\t\t\t\t\t<\/figure>\n\t\t\t\t\t\t\t\t\t<\/div>\n\t\t\t\t<\/div>\n\t\t\t\t\t<\/div>\n\t\t<\/div>\n\t\t\t\t\t<\/div>\n\t\t<\/section>\n\t\t\t\t<div class=\"elementor-element elementor-element-80cb1cb elementor-widget elementor-widget-text-editor\" data-id=\"80cb1cb\" data-element_type=\"widget\" data-widget_type=\"text-editor.default\">\n\t\t\t\t<div class=\"elementor-widget-container\">\n\t\t\t\t\t\t\t\t\t<p>On the evening of 16th July, Bernadette feels once again that irresistible inner compulsion that draws her to the grotto. It is a feeling she knows well, but one she has not experienced for a long time. She leaves, accompanied by Lucile Cast\u00e9rot, the youngest of her aunts, just 20 years old. But this time she knows what to expect and prepares for it. Firstly, she wears borrowed clothes which are a little too big for her, so as not to be recognised. Secondly, she chooses another route not going directly to the grotto, but in front of it. They do not cross the Gave, remaining on the right bank of the stream.<\/p>\t\t\t\t\t\t\t\t<\/div>\n\t\t\t\t<\/div>\n\t\t\t\t<div class=\"elementor-element elementor-element-8600e8e elementor-widget elementor-widget-text-editor\" data-id=\"8600e8e\" data-element_type=\"widget\" data-widget_type=\"text-editor.default\">\n\t\t\t\t<div class=\"elementor-widget-container\">\n\t\t\t\t\t\t\t\t\t<p>Bernadette kneels in front of the grotto, but at a certain distance from the hollow. It is about half past ten in the evening. Slowly, as the Virgin Mary taught her, she makes a generous sign of the cross. Then she begins to pray the rosary.<\/p>\t\t\t\t\t\t\t\t<\/div>\n\t\t\t\t<\/div>\n\t\t\t\t<div class=\"elementor-element elementor-element-01207d9 elementor-widget elementor-widget-text-editor\" data-id=\"01207d9\" data-element_type=\"widget\" data-widget_type=\"text-editor.default\">\n\t\t\t\t<div class=\"elementor-widget-container\">\n\t\t\t\t\t\t\t\t\t<p>On her right is her aunt Lucile and, on her left, two young girls, members of the parish association of the Children of Mary, who each carry a lighted candle in their hands. The night has almost fallen, but in the light of the candles, her three neighbours can see the transfigured face of Bernadette, radiating the happiness of another world.<\/p>\t\t\t\t\t\t\t\t<\/div>\n\t\t\t\t<\/div>\n\t\t\t\t<div class=\"elementor-element elementor-element-2aea7ee elementor-widget elementor-widget-text-editor\" data-id=\"2aea7ee\" data-element_type=\"widget\" data-widget_type=\"text-editor.default\">\n\t\t\t\t<div class=\"elementor-widget-container\">\n\t\t\t\t\t\t\t\t\t<p>The Immaculate Virgin is here for the eighteenth time. No words are exchanged. Yet, communion between the Mother of God and the young girl from Lourdes is intense. After this last apparition, Bernadette simply says, &#8220;<em>Mary was more beautiful than ever<\/em>&#8220;. She will specify that she saw the Blessed Virgin, as during the apparitions, that is to say, very close to her.<\/p>\t\t\t\t\t\t\t\t<\/div>\n\t\t\t\t<\/div>\n\t\t\t\t<div class=\"elementor-element elementor-element-655f413 elementor-widget elementor-widget-text-editor\" data-id=\"655f413\" data-element_type=\"widget\" data-widget_type=\"text-editor.default\">\n\t\t\t\t<div class=\"elementor-widget-container\">\n\t\t\t\t\t\t\t\t\t<p>Bernadette knows that she has just experienced her last meeting on this earth with the Immaculate Virgin.<\/p>\t\t\t\t\t\t\t\t<\/div>\n\t\t\t\t<\/div>\n\t\t\t\t\t<\/div>\n\t\t<\/div>\n\t\t\t\t\t<\/div>\n\t\t<\/section>\n\t\t\t\t<section class=\"elementor-section elementor-top-section elementor-element elementor-element-63576ec elementor-section-height-min-height elementor-section-boxed elementor-section-height-default elementor-section-items-middle\" data-id=\"63576ec\" data-element_type=\"section\" data-settings=\"{&quot;background_background&quot;:&quot;classic&quot;}\">\n\t\t\t\t\t\t<div class=\"elementor-container elementor-column-gap-default\">\n\t\t\t\t\t<div class=\"elementor-column elementor-col-100 elementor-top-column elementor-element elementor-element-5a645dc\" data-id=\"5a645dc\" data-element_type=\"column\">\n\t\t\t<div class=\"elementor-widget-wrap elementor-element-populated\">\n\t\t\t\t\t\t<div class=\"elementor-element elementor-element-c5d85dd elementor-align-center elementor-widget elementor-widget-button\" data-id=\"c5d85dd\" data-element_type=\"widget\" data-widget_type=\"button.default\">\n\t\t\t\t<div class=\"elementor-widget-container\">\n\t\t\t\t\t\t\t\t\t<div class=\"elementor-button-wrapper\">\n\t\t\t\t\t<a class=\"elementor-button elementor-button-link elementor-size-sm\" href=\"\/en\/annee-bernadette-1-apparition-1-cierge\/\">\n\t\t\t\t\t\t<span class=\"elementor-button-content-wrapper\">\n\t\t\t\t\t\t\t\t\t<span class=\"elementor-button-text\">18th apparition | 1 candle<\/span>\n\t\t\t\t\t<\/span>\n\t\t\t\t\t<\/a>\n\t\t\t\t<\/div>\n\t\t\t\t\t\t\t\t<\/div>\n\t\t\t\t<\/div>\n\t\t\t\t\t<\/div>\n\t\t<\/div>\n\t\t\t\t\t<\/div>\n\t\t<\/section>\n\t\t\t\t<section class=\"elementor-section elementor-top-section elementor-element elementor-element-9749456 elementor-section-boxed elementor-section-height-default elementor-section-height-default\" data-id=\"9749456\" data-element_type=\"section\">\n\t\t\t\t\t\t<div class=\"elementor-container elementor-column-gap-default\">\n\t\t\t\t\t<div class=\"elementor-column elementor-col-100 elementor-top-column elementor-element elementor-element-4efc5b0\" data-id=\"4efc5b0\" data-element_type=\"column\">\n\t\t\t<div class=\"elementor-widget-wrap elementor-element-populated\">\n\t\t\t\t\t\t<div class=\"elementor-element elementor-element-7fe76d6 elementor-widget elementor-widget-text-editor\" data-id=\"7fe76d6\" data-element_type=\"widget\" data-widget_type=\"text-editor.default\">\n\t\t\t\t<div class=\"elementor-widget-container\">\n\t\t\t\t\t\t\t\t\t<p>During this Bernadette Year, the Sanctuary of Our Lady of Lourdes invites you to light a candle on the dates of each of the apparitions of the Virgin Mary to Bernadette.<\/p>\t\t\t\t\t\t\t\t<\/div>\n\t\t\t\t<\/div>\n\t\t\t\t\t<\/div>\n\t\t<\/div>\n\t\t\t\t\t<\/div>\n\t\t<\/section>\n\t\t\t\t<\/div>\n\t\t","protected":false},"excerpt":{"rendered":"<p>Friday 16th july 1858 : the final apparition For more than three months now, Bernadette Soubirous has not had an apparition of the one who, on 25th March, presented herself, saying, &#8220;I am Immaculate Conception. &#8220; In fact, the last &hellip; <a href=\"https:\/\/www.lourdes-france.org\/en\/expliquez-moi-les-apparitions\/\">Continued<\/a><\/p>\n","protected":false},"author":7,"featured_media":0,"parent":0,"menu_order":0,"comment_status":"closed","ping_status":"closed","template":"","meta":{"_acf_changed":false,"footnotes":""},"class_list":["post-29395","page","type-page","status-publish","hentry"],"acf":[],"yoast_head":"<!-- This site is optimized with the Yoast SEO plugin v24.7 - https:\/\/yoast.com\/wordpress\/plugins\/seo\/ -->\n<title>Friday 16th July 1858 The 18th and final apparition<\/title>\n<meta name=\"robots\" content=\"index, follow, max-snippet:-1, max-image-preview:large, max-video-preview:-1\" \/>\n<link rel=\"canonical\" href=\"https:\/\/www.lourdes-france.org\/en\/expliquez-moi-les-apparitions\/\" \/>\n<meta name=\"twitter:label1\" content=\"Est. reading time\" \/>\n\t<meta name=\"twitter:data1\" content=\"2 minutes\" \/>\n<script type=\"application\/ld+json\" class=\"yoast-schema-graph\">{\"@context\":\"https:\/\/schema.org\",\"@graph\":[{\"@type\":\"WebPage\",\"@id\":\"https:\/\/www.lourdes-france.org\/en\/expliquez-moi-les-apparitions\/\",\"url\":\"https:\/\/www.lourdes-france.org\/en\/expliquez-moi-les-apparitions\/\",\"name\":\"Friday 16th July 1858 The 18th and final apparition\",\"isPartOf\":{\"@id\":\"https:\/\/preprod-lourdes.cawita.com\/#website\"},\"primaryImageOfPage\":{\"@id\":\"https:\/\/www.lourdes-france.org\/en\/expliquez-moi-les-apparitions\/#primaryimage\"},\"image\":{\"@id\":\"https:\/\/www.lourdes-france.org\/en\/expliquez-moi-les-apparitions\/#primaryimage\"},\"thumbnailUrl\":\"http:\/\/www.lourdes-france.org\/wp-content\/uploads\/2019\/06\/2K8_APPARITIONS-18.jpg\",\"datePublished\":\"2019-02-11T13:53:05+00:00\",\"dateModified\":\"2021-03-02T15:06:53+00:00\",\"breadcrumb\":{\"@id\":\"https:\/\/www.lourdes-france.org\/en\/expliquez-moi-les-apparitions\/#breadcrumb\"},\"inLanguage\":\"en-US\",\"potentialAction\":[{\"@type\":\"ReadAction\",\"target\":[\"https:\/\/www.lourdes-france.org\/en\/expliquez-moi-les-apparitions\/\"]}]},{\"@type\":\"ImageObject\",\"inLanguage\":\"en-US\",\"@id\":\"https:\/\/www.lourdes-france.org\/en\/expliquez-moi-les-apparitions\/#primaryimage\",\"url\":\"http:\/\/www.lourdes-france.org\/wp-content\/uploads\/2019\/06\/2K8_APPARITIONS-18.jpg\",\"contentUrl\":\"http:\/\/www.lourdes-france.org\/wp-content\/uploads\/2019\/06\/2K8_APPARITIONS-18.jpg\"},{\"@type\":\"BreadcrumbList\",\"@id\":\"https:\/\/www.lourdes-france.org\/en\/expliquez-moi-les-apparitions\/#breadcrumb\",\"itemListElement\":[{\"@type\":\"ListItem\",\"position\":1,\"name\":\"Accueil\",\"item\":\"https:\/\/www.lourdes-france.org\/\"},{\"@type\":\"ListItem\",\"position\":2,\"name\":\"Friday 16th July 1858 The 18th and final apparition\"}]},{\"@type\":\"WebSite\",\"@id\":\"https:\/\/preprod-lourdes.cawita.com\/#website\",\"url\":\"https:\/\/preprod-lourdes.cawita.com\/\",\"name\":\"Soutenir le Sanctuaire Notre-Dame de Lourdes\",\"description\":\"\",\"potentialAction\":[{\"@type\":\"SearchAction\",\"target\":{\"@type\":\"EntryPoint\",\"urlTemplate\":\"https:\/\/preprod-lourdes.cawita.com\/?s={search_term_string}\"},\"query-input\":{\"@type\":\"PropertyValueSpecification\",\"valueRequired\":true,\"valueName\":\"search_term_string\"}}],\"inLanguage\":\"en-US\"}]}<\/script>\n<!-- \/ Yoast SEO plugin. -->","yoast_head_json":{"title":"Friday 16th July 1858 The 18th and final apparition","robots":{"index":"index","follow":"follow","max-snippet":"max-snippet:-1","max-image-preview":"max-image-preview:large","max-video-preview":"max-video-preview:-1"},"canonical":"https:\/\/www.lourdes-france.org\/en\/expliquez-moi-les-apparitions\/","twitter_misc":{"Est. reading time":"2 minutes"},"schema":{"@context":"https:\/\/schema.org","@graph":[{"@type":"WebPage","@id":"https:\/\/www.lourdes-france.org\/en\/expliquez-moi-les-apparitions\/","url":"https:\/\/www.lourdes-france.org\/en\/expliquez-moi-les-apparitions\/","name":"Friday 16th July 1858 The 18th and final apparition","isPartOf":{"@id":"https:\/\/preprod-lourdes.cawita.com\/#website"},"primaryImageOfPage":{"@id":"https:\/\/www.lourdes-france.org\/en\/expliquez-moi-les-apparitions\/#primaryimage"},"image":{"@id":"https:\/\/www.lourdes-france.org\/en\/expliquez-moi-les-apparitions\/#primaryimage"},"thumbnailUrl":"http:\/\/www.lourdes-france.org\/wp-content\/uploads\/2019\/06\/2K8_APPARITIONS-18.jpg","datePublished":"2019-02-11T13:53:05+00:00","dateModified":"2021-03-02T15:06:53+00:00","breadcrumb":{"@id":"https:\/\/www.lourdes-france.org\/en\/expliquez-moi-les-apparitions\/#breadcrumb"},"inLanguage":"en-US","potentialAction":[{"@type":"ReadAction","target":["https:\/\/www.lourdes-france.org\/en\/expliquez-moi-les-apparitions\/"]}]},{"@type":"ImageObject","inLanguage":"en-US","@id":"https:\/\/www.lourdes-france.org\/en\/expliquez-moi-les-apparitions\/#primaryimage","url":"http:\/\/www.lourdes-france.org\/wp-content\/uploads\/2019\/06\/2K8_APPARITIONS-18.jpg","contentUrl":"http:\/\/www.lourdes-france.org\/wp-content\/uploads\/2019\/06\/2K8_APPARITIONS-18.jpg"},{"@type":"BreadcrumbList","@id":"https:\/\/www.lourdes-france.org\/en\/expliquez-moi-les-apparitions\/#breadcrumb","itemListElement":[{"@type":"ListItem","position":1,"name":"Accueil","item":"https:\/\/www.lourdes-france.org\/"},{"@type":"ListItem","position":2,"name":"Friday 16th July 1858 The 18th and final apparition"}]},{"@type":"WebSite","@id":"https:\/\/preprod-lourdes.cawita.com\/#website","url":"https:\/\/preprod-lourdes.cawita.com\/","name":"Soutenir le Sanctuaire Notre-Dame de Lourdes","description":"","potentialAction":[{"@type":"SearchAction","target":{"@type":"EntryPoint","urlTemplate":"https:\/\/preprod-lourdes.cawita.com\/?s={search_term_string}"},"query-input":{"@type":"PropertyValueSpecification","valueRequired":true,"valueName":"search_term_string"}}],"inLanguage":"en-US"}]}},"_links":{"self":[{"href":"https:\/\/www.lourdes-france.org\/en\/wp-json\/wp\/v2\/pages\/29395","targetHints":{"allow":["GET"]}}],"collection":[{"href":"https:\/\/www.lourdes-france.org\/en\/wp-json\/wp\/v2\/pages"}],"about":[{"href":"https:\/\/www.lourdes-france.org\/en\/wp-json\/wp\/v2\/types\/page"}],"author":[{"embeddable":true,"href":"https:\/\/www.lourdes-france.org\/en\/wp-json\/wp\/v2\/users\/7"}],"replies":[{"embeddable":true,"href":"https:\/\/www.lourdes-france.org\/en\/wp-json\/wp\/v2\/comments?post=29395"}],"version-history":[{"count":41,"href":"https:\/\/www.lourdes-france.org\/en\/wp-json\/wp\/v2\/pages\/29395\/revisions"}],"predecessor-version":[{"id":55779,"href":"https:\/\/www.lourdes-france.org\/en\/wp-json\/wp\/v2\/pages\/29395\/revisions\/55779"}],"wp:attachment":[{"href":"https:\/\/www.lourdes-france.org\/en\/wp-json\/wp\/v2\/media?parent=29395"}],"curies":[{"name":"wp","href":"https:\/\/api.w.org\/{rel}","templated":true}]}}