{"id":2957,"date":"2018-07-18T09:47:35","date_gmt":"2018-07-18T07:47:35","guid":{"rendered":"http:\/\/preprod.slou.pg3.xyz\/message-lourdes\/"},"modified":"2022-09-09T13:09:46","modified_gmt":"2022-09-09T11:09:46","slug":"message-lourdes","status":"publish","type":"page","link":"https:\/\/www.lourdes-france.org\/en\/message-lourdes\/","title":{"rendered":"The message of Lourdes"},"content":{"rendered":"\t\t<div data-elementor-type=\"wp-post\" data-elementor-id=\"2957\" class=\"elementor elementor-2957 elementor-524\" data-elementor-post-type=\"page\">\n\t\t\t\t\t\t<section class=\"elementor-section elementor-top-section elementor-element elementor-element-5c37ec31 elementor-section-boxed elementor-section-height-default elementor-section-height-default\" data-id=\"5c37ec31\" data-element_type=\"section\">\n\t\t\t\t\t\t<div class=\"elementor-container elementor-column-gap-no\">\n\t\t\t\t\t<div class=\"elementor-column elementor-col-100 elementor-top-column elementor-element elementor-element-331f322e\" data-id=\"331f322e\" data-element_type=\"column\">\n\t\t\t<div class=\"elementor-widget-wrap elementor-element-populated\">\n\t\t\t\t\t\t<div class=\"elementor-element elementor-element-7f643b3 elementor-widget elementor-widget-text-editor\" data-id=\"7f643b3\" data-element_type=\"widget\" data-widget_type=\"text-editor.default\">\n\t\t\t\t<div class=\"elementor-widget-container\">\n\t\t\t\t\t\t\t\t\t<h2>Le 18 f\u00e9vrier 1858 : <span style=\"color: #e8a700;\">des paroles extraordinaires<\/span><\/h2>\n\t\t\t\t\t\t\t\t<\/div>\n\t\t\t\t<\/div>\n\t\t\t\t<div class=\"elementor-element elementor-element-31ba1eb7 elementor-widget elementor-widget-text-editor\" data-id=\"31ba1eb7\" data-element_type=\"widget\" data-widget_type=\"text-editor.default\">\n\t\t\t\t<div class=\"elementor-widget-container\">\n\t\t\t\t\t\t\t\t\t<p>Lors de la troisi\u00e8me apparition, le 18 f\u00e9vrier, la Vierge parle pour la premi\u00e8re fois : &#8220;Ce que j&#8217;ai \u00e0 vous dire, ce n&#8217;est pas n\u00e9cessaire de le mettre par \u00e9crit&#8221;. Cela veut dire que Marie veut entrer avec Bernadette dans une relation qui est de l&#8217;ordre de l&#8217;amour, qui se situe au niveau du c\u0153ur. Bernadette est d&#8217;embl\u00e9e invit\u00e9e \u00e0 ouvrir les profondeurs de son c\u0153ur \u00e0 ce message d&#8217;Amour.<\/p>\n<p>A la deuxi\u00e8me parole de la Vierge : &#8220;Voulez-vous me faire la gr\u00e2ce de venir ici pendant quinze jours ?&#8221;, Bernadette est boulevers\u00e9e. C&#8217;est la premi\u00e8re fois qu&#8217;on lui dit &#8220;vous&#8221;. Bernadette, se sentant ainsi respect\u00e9e et aim\u00e9e, fait l&#8217;exp\u00e9rience d&#8217;\u00eatre elle- m\u00eame une personne. Nous sommes tous dignes aux yeux de Dieu. Parce que chacun est aim\u00e9 par Dieu.<\/p>\n<p>Troisi\u00e8me parole de la Vierge : &#8220;Je ne vous promets pas de vous rendre heureuse en ce monde, mais dans l&#8217;autre&#8221;. Quand J\u00e9sus, dans l&#8217;\u00c9vangile, nous invite \u00e0 d\u00e9couvrir le Royaume des cieux, il nous invite \u00e0 d\u00e9couvrir, dans le monde tel qu&#8217;il est, un &#8220;autre monde&#8221;. L\u00e0 o\u00f9 il y a l&#8217;Amour, Dieu est pr\u00e9sent. La Vierge Marie transmet \u00e0 Bernadette la certitude d\u2019une terre promise qui ne pourra \u00eatre atteinte que par del\u00e0 la mort.<\/p>\n\t\t\t\t\t\t\t\t<\/div>\n\t\t\t\t<\/div>\n\t\t\t\t<div class=\"elementor-element elementor-element-26e8855b elementor-widget elementor-widget-text-editor\" data-id=\"26e8855b\" data-element_type=\"widget\" data-widget_type=\"text-editor.default\">\n\t\t\t\t<div class=\"elementor-widget-container\">\n\t\t\t\t\t\t\t\t\t<h2>Dieu est <span style=\"color: #e8a700;\">Amour<\/span><\/h2>\n\t\t\t\t\t\t\t\t<\/div>\n\t\t\t\t<\/div>\n\t\t\t\t<div class=\"elementor-element elementor-element-5c392925 elementor-widget elementor-widget-text-editor\" data-id=\"5c392925\" data-element_type=\"widget\" data-widget_type=\"text-editor.default\">\n\t\t\t\t<div class=\"elementor-widget-container\">\n\t\t\t\t\t\t\t\t\t<p>Malgr\u00e9 sa mis\u00e8re, sa maladie, son inculture, Bernadette a toujours \u00e9t\u00e9 profond\u00e9ment heureuse. C&#8217;est cela le Royaume de Dieu, le monde du vrai Amour. Pendant les sept premi\u00e8res apparitions de Marie, Bernadette a montr\u00e9 un visage rayonnant de joie, de bonheur, de lumi\u00e8re. Mais, entre la huiti\u00e8me et la douzi\u00e8me apparition, tout change : le visage de Bernadette devient dur, triste, douloureux et surtout elle accomplit des gestes incompr\u00e9hensibles&#8230; Marcher \u00e0 genoux jusqu&#8217;au fond de la Grotte; embrasser le sol sale et d\u00e9go\u00fbtant de cette Grotte; manger quelques herbes am\u00e8res ; gratter le sol et essayer de boire de l&#8217;eau boueuse ; se barbouiller le visage avec de la boue. Puis, Bernadette regarde la foule, tous disent : &#8220;Elle est folle&#8221;. Pendant quatre apparitions, Bernadette reproduira les m\u00eames gestes. Qu&#8217;est-ce que cela signifie ? Personne n&#8217;a rien compris ! Nous sommes pourtant au c\u0153ur du &#8220;Message de Lourdes&#8221;.<\/p>\n\t\t\t\t\t\t\t\t<\/div>\n\t\t\t\t<\/div>\n\t\t\t\t<div class=\"elementor-element elementor-element-325a0cd3 elementor-widget elementor-widget-text-editor\" data-id=\"325a0cd3\" data-element_type=\"widget\" data-widget_type=\"text-editor.default\">\n\t\t\t\t<div class=\"elementor-widget-container\">\n\t\t\t\t\t\t\t\t\t<h2>Le sens biblique des <span style=\"color: #e8a700;\">apparitions<\/span><\/h2>\n\t\t\t\t\t\t\t\t<\/div>\n\t\t\t\t<\/div>\n\t\t\t\t<div class=\"elementor-element elementor-element-494809d8 elementor-widget elementor-widget-text-editor\" data-id=\"494809d8\" data-element_type=\"widget\" data-widget_type=\"text-editor.default\">\n\t\t\t\t<div class=\"elementor-widget-container\">\n\t\t\t\t\t\t\t\t\t<p>Les gestes de Bernadette sont des gestes bibliques. Bernadette exprimera l&#8217;Incarnation, la Passion et la Mort du Christ. Marcher \u00e0 genoux jusqu&#8217;au fond de la Grotte: c&#8217;est le geste de l&#8217;Incarnation, de l&#8217;abaissement de Dieu fait homme. Manger les herbes am\u00e8res rappelle la tradition juive que l\u2019on trouve dans les textes anciens. Se barbouiller le visage: le proph\u00e8te Isa\u00efe, lorsqu&#8217;il parle du Christ, le montre sous les traits du Serviteur souffrant.<\/p>\n\t\t\t\t\t\t\t\t<\/div>\n\t\t\t\t<\/div>\n\t\t\t\t<div class=\"elementor-element elementor-element-79837854 elementor-widget elementor-widget-text-editor\" data-id=\"79837854\" data-element_type=\"widget\" data-widget_type=\"text-editor.default\">\n\t\t\t\t<div class=\"elementor-widget-container\">\n\t\t\t\t\t\t\t\t\t<h2>La Grotte cache un tr\u00e9sor <span style=\"color: #e8a700;\">incommensurable<\/span><\/h2>\n\t\t\t\t\t\t\t\t<\/div>\n\t\t\t\t<\/div>\n\t\t\t\t<div class=\"elementor-element elementor-element-e6c037a elementor-widget elementor-widget-text-editor\" data-id=\"e6c037a\" data-element_type=\"widget\" data-widget_type=\"text-editor.default\">\n\t\t\t\t<div class=\"elementor-widget-container\">\n\t\t\t\t\t\t\t\t\t<p>A la neuvi\u00e8me apparition, &#8220;la Dame&#8221; demandera \u00e0 Bernadette d&#8217;aller gratter le sol, en lui disant : &#8220;Allez \u00e0 la source, boire et vous y laver&#8221;. Par ces gestes, nous est d\u00e9voil\u00e9 le myst\u00e8re m\u00eame du c\u0153ur du Christ : &#8220;Un soldat, de sa lance, lui transper\u00e7a le c\u0153ur et, aussit\u00f4t, jaillit du sang et de l&#8217;eau&#8221;. Le c\u0153ur de l&#8217;homme, bless\u00e9 par le p\u00e9ch\u00e9, est signifi\u00e9 par les herbes et la boue. Mais au fond de ce c\u0153ur, il y a la vie m\u00eame de Dieu, signifi\u00e9e par la source. On demande \u00e0 Bernadette: &#8220;Est-ce que &#8220;la Dame&#8221; te disait quelque chose ?&#8221;. Elle r\u00e9pondra : &#8220;Oui, de temps \u00e0 autre elle disait : &#8220;P\u00e9nitence, p\u00e9nitence, p\u00e9nitence. Priez pour les p\u00e9cheurs&#8221;. Par &#8220;p\u00e9nitence&#8221;, il faut comprendre conversion. Pour l&#8217;\u00c9glise, la conversion consiste, comme le Christ l&#8217;a enseign\u00e9, \u00e0 tourner son c\u0153ur vers Dieu, vers ses fr\u00e8res.<\/p>\n<p>Lors de la treizi\u00e8me apparition , Marie s&#8217;adresse ainsi \u00e0 Bernadette : &#8220;Allez dire aux pr\u00eatres qu&#8217;on b\u00e2tisse ici une chapelle et qu&#8217;on y vienne en procession&#8221;. &#8220;Qu&#8217;on vienne en procession&#8221;, signifie marcher, dans cette vie, toujours aupr\u00e8s de nos fr\u00e8res. &#8220;Qu&#8217;on b\u00e2tisse une chapelle&#8221;. A Lourdes, des chapelles ont \u00e9t\u00e9 construites, pour accueillir la foule des p\u00e8lerins. La chapelle, c&#8217;est &#8221; l&#8217;\u00c9glise&#8221; que nous devons construire, l\u00e0 o\u00f9 nous sommes.<\/p>\n\t\t\t\t\t\t\t\t<\/div>\n\t\t\t\t<\/div>\n\t\t\t\t<div class=\"elementor-element elementor-element-ed0aa28 elementor-widget elementor-widget-text-editor\" data-id=\"ed0aa28\" data-element_type=\"widget\" data-widget_type=\"text-editor.default\">\n\t\t\t\t<div class=\"elementor-widget-container\">\n\t\t\t\t\t\t\t\t\t<h2>La dame dit son nom : <span style=\"color: #e8a700;\">&#8220;Que soy era Immaculada Councepciou&#8221;<\/span><\/h2>\n\t\t\t\t\t\t\t\t<\/div>\n\t\t\t\t<\/div>\n\t\t\t\t<div class=\"elementor-element elementor-element-576be545 elementor-widget elementor-widget-text-editor\" data-id=\"576be545\" data-element_type=\"widget\" data-widget_type=\"text-editor.default\">\n\t\t\t\t<div class=\"elementor-widget-container\">\n\t\t\t\t\t\t\t\t\t<p>Le 25 mars 1858, jour de la seizi\u00e8me apparition, Bernadette demande \u00e0 &#8220;la Dame&#8221; de dire son nom. &#8220;La Dame&#8221; lui r\u00e9pond en patois : &#8220;Que soy era Immaculada Councepciou&#8221;, ce qui veut dire en fran\u00e7ais &#8220;Je suis l&#8217;Immacul\u00e9e Conception&#8221;. L&#8217;Immacul\u00e9e Conception, c&#8217;est &#8220;Marie con\u00e7ue sans p\u00e9ch\u00e9, gr\u00e2ce aux m\u00e9rites de la Croix du Christ&#8221; (d\u00e9finition du dogme promulgu\u00e9 en 1854). Bernadette se rend aussit\u00f4t chez Monsieur le Cur\u00e9 pour lui transmettre le nom de &#8220;la Dame&#8221;. Il comprend que c&#8217;est la M\u00e8re de Dieu qui appara\u00eet \u00e0 la Grotte. Plus tard, l&#8217;\u00e9v\u00eaque de Tarbes, Mgr Laurence, authentifiera cette r\u00e9v\u00e9lation.<\/p>\n\t\t\t\t\t\t\t\t<\/div>\n\t\t\t\t<\/div>\n\t\t\t\t<div class=\"elementor-element elementor-element-96f74c6 elementor-widget elementor-widget-image\" data-id=\"96f74c6\" data-element_type=\"widget\" data-widget_type=\"image.default\">\n\t\t\t\t<div class=\"elementor-widget-container\">\n\t\t\t\t\t\t\t\t\t\t\t\t\t\t\t<img fetchpriority=\"high\" decoding=\"async\" width=\"480\" height=\"320\" src=\"https:\/\/www.lourdes-france.org\/wp-content\/uploads\/2018\/07\/ambiancedumoisdaout.jpg\" class=\"attachment-large size-large wp-image-2958\" alt=\"\" srcset=\"https:\/\/www.lourdes-france.org\/wp-content\/uploads\/2018\/07\/ambiancedumoisdaout.jpg 480w, https:\/\/www.lourdes-france.org\/wp-content\/uploads\/2018\/07\/ambiancedumoisdaout-300x200.jpg 300w\" sizes=\"(max-width: 480px) 100vw, 480px\" \/>\t\t\t\t\t\t\t\t\t\t\t\t\t\t\t<\/div>\n\t\t\t\t<\/div>\n\t\t\t\t<div class=\"elementor-element elementor-element-be18ce9 elementor-widget elementor-widget-text-editor\" data-id=\"be18ce9\" data-element_type=\"widget\" data-widget_type=\"text-editor.default\">\n\t\t\t\t<div class=\"elementor-widget-container\">\n\t\t\t\t\t\t\t\t\t<h2>Tous appel\u00e9s \u00e0 devenir <span style=\"color: #e8a700;\">immacul\u00e9s<\/span><\/h2>\n\t\t\t\t\t\t\t\t<\/div>\n\t\t\t\t<\/div>\n\t\t\t\t<div class=\"elementor-element elementor-element-b2313ef elementor-widget elementor-widget-text-editor\" data-id=\"b2313ef\" data-element_type=\"widget\" data-widget_type=\"text-editor.default\">\n\t\t\t\t<div class=\"elementor-widget-container\">\n\t\t\t\t\t\t\t\t\t<p>La signature du message &#8211; quand la Dame dit son nom &#8211; intervient apr\u00e8s trois semaines d\u2019apparitions et trois semaines de silence (du 4 au 25 mars). Le 25 mars est le jour de l\u2019Annonciation, de la \u00ab conception \u00bb de J\u00e9sus dans le sein de Marie. La Dame de la Grotte dit sa vocation : elle est la m\u00e8re de J\u00e9sus, tout son \u00eatre est de concevoir le Fils de Dieu, elle est toute pour lui. Pour cela, elle est immacul\u00e9e, habit\u00e9e par Dieu. Ainsi, l\u2019\u00c9glise et tout chr\u00e9tien ont \u00e0 se laisser habiter par Dieu pour devenir immacul\u00e9s, radicalement pardonn\u00e9s et graci\u00e9s de fa\u00e7on \u00e0 \u00eatre, eux aussi, t\u00e9moins de Dieu.<\/p>\n\t\t\t\t\t\t\t\t<\/div>\n\t\t\t\t<\/div>\n\t\t\t\t\t<\/div>\n\t\t<\/div>\n\t\t\t\t\t<\/div>\n\t\t<\/section>\n\t\t\t\t<section class=\"elementor-section elementor-top-section elementor-element elementor-element-35aeaec elementor-section-boxed elementor-section-height-default elementor-section-height-default\" data-id=\"35aeaec\" data-element_type=\"section\">\n\t\t\t\t\t\t<div class=\"elementor-container elementor-column-gap-default\">\n\t\t\t\t\t<div class=\"elementor-column elementor-col-100 elementor-top-column elementor-element elementor-element-092ec74\" data-id=\"092ec74\" data-element_type=\"column\">\n\t\t\t<div class=\"elementor-widget-wrap\">\n\t\t\t\t\t\t\t<\/div>\n\t\t<\/div>\n\t\t\t\t\t<\/div>\n\t\t<\/section>\n\t\t\t\t<\/div>\n\t\t","protected":false},"excerpt":{"rendered":"<p>Le 18 f\u00e9vrier 1858 : des paroles extraordinaires Lors de la troisi\u00e8me apparition, le 18 f\u00e9vrier, la Vierge parle pour la premi\u00e8re fois : &#8220;Ce que j&#8217;ai \u00e0 vous dire, ce n&#8217;est pas n\u00e9cessaire de le mettre par \u00e9crit&#8221;. Cela &hellip; <a href=\"https:\/\/www.lourdes-france.org\/en\/message-lourdes\/\">Continued<\/a><\/p>\n","protected":false},"author":2,"featured_media":0,"parent":0,"menu_order":0,"comment_status":"closed","ping_status":"closed","template":"","meta":{"_acf_changed":false,"footnotes":""},"class_list":["post-2957","page","type-page","status-publish","hentry"],"acf":[],"yoast_head":"<!-- This site is optimized with the Yoast SEO plugin v24.7 - https:\/\/yoast.com\/wordpress\/plugins\/seo\/ -->\n<title>The message of Lourdes<\/title>\n<meta name=\"robots\" content=\"index, follow, max-snippet:-1, max-image-preview:large, max-video-preview:-1\" \/>\n<link rel=\"canonical\" href=\"https:\/\/preprod-lourdes.cawita.com\/message-lourdes\/\" \/>\n<meta name=\"twitter:label1\" content=\"Est. reading time\" \/>\n\t<meta name=\"twitter:data1\" content=\"5 minutes\" \/>\n<script type=\"application\/ld+json\" class=\"yoast-schema-graph\">{\"@context\":\"https:\/\/schema.org\",\"@graph\":[{\"@type\":\"WebPage\",\"@id\":\"https:\/\/preprod-lourdes.cawita.com\/message-lourdes\/\",\"url\":\"https:\/\/preprod-lourdes.cawita.com\/message-lourdes\/\",\"name\":\"The message of Lourdes\",\"isPartOf\":{\"@id\":\"https:\/\/preprod-lourdes.cawita.com\/#website\"},\"primaryImageOfPage\":{\"@id\":\"https:\/\/preprod-lourdes.cawita.com\/message-lourdes\/#primaryimage\"},\"image\":{\"@id\":\"https:\/\/preprod-lourdes.cawita.com\/message-lourdes\/#primaryimage\"},\"thumbnailUrl\":\"https:\/\/www.lourdes-france.org\/wp-content\/uploads\/2018\/07\/ambiancedumoisdaout.jpg\",\"datePublished\":\"2018-07-18T07:47:35+00:00\",\"dateModified\":\"2022-09-09T11:09:46+00:00\",\"breadcrumb\":{\"@id\":\"https:\/\/preprod-lourdes.cawita.com\/message-lourdes\/#breadcrumb\"},\"inLanguage\":\"en-US\",\"potentialAction\":[{\"@type\":\"ReadAction\",\"target\":[\"https:\/\/preprod-lourdes.cawita.com\/message-lourdes\/\"]}]},{\"@type\":\"ImageObject\",\"inLanguage\":\"en-US\",\"@id\":\"https:\/\/preprod-lourdes.cawita.com\/message-lourdes\/#primaryimage\",\"url\":\"https:\/\/www.lourdes-france.org\/wp-content\/uploads\/2018\/07\/ambiancedumoisdaout.jpg\",\"contentUrl\":\"https:\/\/www.lourdes-france.org\/wp-content\/uploads\/2018\/07\/ambiancedumoisdaout.jpg\"},{\"@type\":\"BreadcrumbList\",\"@id\":\"https:\/\/preprod-lourdes.cawita.com\/message-lourdes\/#breadcrumb\",\"itemListElement\":[{\"@type\":\"ListItem\",\"position\":1,\"name\":\"Accueil\",\"item\":\"https:\/\/www.lourdes-france.org\/\"},{\"@type\":\"ListItem\",\"position\":2,\"name\":\"The message of Lourdes\"}]},{\"@type\":\"WebSite\",\"@id\":\"https:\/\/preprod-lourdes.cawita.com\/#website\",\"url\":\"https:\/\/preprod-lourdes.cawita.com\/\",\"name\":\"Soutenir le Sanctuaire Notre-Dame de Lourdes\",\"description\":\"\",\"potentialAction\":[{\"@type\":\"SearchAction\",\"target\":{\"@type\":\"EntryPoint\",\"urlTemplate\":\"https:\/\/preprod-lourdes.cawita.com\/?s={search_term_string}\"},\"query-input\":{\"@type\":\"PropertyValueSpecification\",\"valueRequired\":true,\"valueName\":\"search_term_string\"}}],\"inLanguage\":\"en-US\"}]}<\/script>\n<!-- \/ Yoast SEO plugin. -->","yoast_head_json":{"title":"The message of Lourdes","robots":{"index":"index","follow":"follow","max-snippet":"max-snippet:-1","max-image-preview":"max-image-preview:large","max-video-preview":"max-video-preview:-1"},"canonical":"https:\/\/preprod-lourdes.cawita.com\/message-lourdes\/","twitter_misc":{"Est. reading time":"5 minutes"},"schema":{"@context":"https:\/\/schema.org","@graph":[{"@type":"WebPage","@id":"https:\/\/preprod-lourdes.cawita.com\/message-lourdes\/","url":"https:\/\/preprod-lourdes.cawita.com\/message-lourdes\/","name":"The message of Lourdes","isPartOf":{"@id":"https:\/\/preprod-lourdes.cawita.com\/#website"},"primaryImageOfPage":{"@id":"https:\/\/preprod-lourdes.cawita.com\/message-lourdes\/#primaryimage"},"image":{"@id":"https:\/\/preprod-lourdes.cawita.com\/message-lourdes\/#primaryimage"},"thumbnailUrl":"https:\/\/www.lourdes-france.org\/wp-content\/uploads\/2018\/07\/ambiancedumoisdaout.jpg","datePublished":"2018-07-18T07:47:35+00:00","dateModified":"2022-09-09T11:09:46+00:00","breadcrumb":{"@id":"https:\/\/preprod-lourdes.cawita.com\/message-lourdes\/#breadcrumb"},"inLanguage":"en-US","potentialAction":[{"@type":"ReadAction","target":["https:\/\/preprod-lourdes.cawita.com\/message-lourdes\/"]}]},{"@type":"ImageObject","inLanguage":"en-US","@id":"https:\/\/preprod-lourdes.cawita.com\/message-lourdes\/#primaryimage","url":"https:\/\/www.lourdes-france.org\/wp-content\/uploads\/2018\/07\/ambiancedumoisdaout.jpg","contentUrl":"https:\/\/www.lourdes-france.org\/wp-content\/uploads\/2018\/07\/ambiancedumoisdaout.jpg"},{"@type":"BreadcrumbList","@id":"https:\/\/preprod-lourdes.cawita.com\/message-lourdes\/#breadcrumb","itemListElement":[{"@type":"ListItem","position":1,"name":"Accueil","item":"https:\/\/www.lourdes-france.org\/"},{"@type":"ListItem","position":2,"name":"The message of Lourdes"}]},{"@type":"WebSite","@id":"https:\/\/preprod-lourdes.cawita.com\/#website","url":"https:\/\/preprod-lourdes.cawita.com\/","name":"Soutenir le Sanctuaire Notre-Dame de Lourdes","description":"","potentialAction":[{"@type":"SearchAction","target":{"@type":"EntryPoint","urlTemplate":"https:\/\/preprod-lourdes.cawita.com\/?s={search_term_string}"},"query-input":{"@type":"PropertyValueSpecification","valueRequired":true,"valueName":"search_term_string"}}],"inLanguage":"en-US"}]}},"_links":{"self":[{"href":"https:\/\/www.lourdes-france.org\/en\/wp-json\/wp\/v2\/pages\/2957","targetHints":{"allow":["GET"]}}],"collection":[{"href":"https:\/\/www.lourdes-france.org\/en\/wp-json\/wp\/v2\/pages"}],"about":[{"href":"https:\/\/www.lourdes-france.org\/en\/wp-json\/wp\/v2\/types\/page"}],"author":[{"embeddable":true,"href":"https:\/\/www.lourdes-france.org\/en\/wp-json\/wp\/v2\/users\/2"}],"replies":[{"embeddable":true,"href":"https:\/\/www.lourdes-france.org\/en\/wp-json\/wp\/v2\/comments?post=2957"}],"version-history":[{"count":18,"href":"https:\/\/www.lourdes-france.org\/en\/wp-json\/wp\/v2\/pages\/2957\/revisions"}],"predecessor-version":[{"id":869718,"href":"https:\/\/www.lourdes-france.org\/en\/wp-json\/wp\/v2\/pages\/2957\/revisions\/869718"}],"wp:attachment":[{"href":"https:\/\/www.lourdes-france.org\/en\/wp-json\/wp\/v2\/media?parent=2957"}],"curies":[{"name":"wp","href":"https:\/\/api.w.org\/{rel}","templated":true}]}}