{"id":2986,"date":"2018-07-18T09:17:53","date_gmt":"2018-07-18T07:17:53","guid":{"rendered":"http:\/\/preprod.slou.pg3.xyz\/guerisons-et-miracles\/"},"modified":"2019-10-29T09:18:36","modified_gmt":"2019-10-29T08:18:36","slug":"miraculous-healings","status":"publish","type":"page","link":"https:\/\/www.lourdes-france.org\/en\/miraculous-healings\/","title":{"rendered":"Miraculous healings"},"content":{"rendered":"\t\t<div data-elementor-type=\"wp-post\" data-elementor-id=\"2986\" class=\"elementor elementor-2986 elementor-512 elementor-bc-flex-widget\" data-elementor-post-type=\"page\">\n\t\t\t\t\t\t<section class=\"elementor-section elementor-top-section elementor-element elementor-element-5b255e06 elementor-section-boxed elementor-section-height-default elementor-section-height-default\" data-id=\"5b255e06\" data-element_type=\"section\">\n\t\t\t\t\t\t<div class=\"elementor-container elementor-column-gap-no\">\n\t\t\t\t\t<div class=\"elementor-column elementor-col-100 elementor-top-column elementor-element elementor-element-619b9315\" data-id=\"619b9315\" data-element_type=\"column\">\n\t\t\t<div class=\"elementor-widget-wrap elementor-element-populated\">\n\t\t\t\t\t\t<div class=\"elementor-element elementor-element-7ef3fe98 elementor-widget elementor-widget-text-editor\" data-id=\"7ef3fe98\" data-element_type=\"widget\" data-widget_type=\"text-editor.default\">\n\t\t\t\t<div class=\"elementor-widget-container\">\n\t\t\t\t\t\t\t\t\t<h2>70 cases of unexplained cures have been recognised as\u00a0<span style=\"color: #e8a700;\">miraculous<\/span> by the Church at this time<\/h2>\t\t\t\t\t\t\t\t<\/div>\n\t\t\t\t<\/div>\n\t\t\t\t<div class=\"elementor-element elementor-element-f05b195 elementor-widget elementor-widget-text-editor\" data-id=\"f05b195\" data-element_type=\"widget\" data-widget_type=\"text-editor.default\">\n\t\t\t\t<div class=\"elementor-widget-container\">\n\t\t\t\t\t\t\t\t\t<span class=\"parcours-listparcours\"><ol>\n \t<li>Catherine LATAPIE from Loubajac (France) Date of the miracle: Date of recognition : 18<sup>th<\/sup>\u00a0January 1862.<\/li>\n \t<li>Louis BOURIETTE from Lourdes (France).\u00a0 Date of recognition: 18<sup>th<\/sup>\u00a0January 1862.<\/li>\n \t<li>Blaisette CAZENAVE from Lourdes (France). Date of recognition :\u00a018<sup>th<\/sup>\u00a0January 1862.<\/li>\n \t<li>Henri BUSQUET from Nay (France).\u00a0Date of recognition : 18<sup>th<\/sup>\u00a0January 1862.<\/li>\n \t<li>Justin BOUHORT from Lourdes (France). Date of recognition : 18<sup>th<\/sup>\u00a0January 1862.<\/li>\n \t<li>Madeleine RIZAN from Nay (France).\u00a0 Date of recognition : 18<sup>th<\/sup>\u00a0January 1862<\/li>\n \t<li>Marie MOREAU from Tartas (France). Date of recognition : 18<sup>th<\/sup>\u00a0January 1862<\/li>\n \t<li>Pierre DE RUDDER from Jabbeke (Belgium).\u00a0Date of recognition : 25<sup>th<\/sup>\u00a0July 1908.<\/li>\n \t<li>Joachime DEHANT from Gesves (Belgium). Date of recognition : 25<sup>th<\/sup>\u00a0April 1908.<\/li>\n \t<li>Elisa SEISSON from Rognonas (France). Date of recognition : 2<sup>nd\u00a0<\/sup>July 1912.<\/li>\n \t<li>Sister Eugenia (Marie MABILLE) from Bernay (France). Date of recognition : 30<sup>th<\/sup>\u00a0August 1908.<\/li>\n \t<li>Sister Julienne (Aline BRUY\u00c8RE) from La Roque (France). Date of recognition : 7<sup>th<\/sup>\u00a0March 1912.<\/li>\n \t<li>Sister Jos\u00e9phine-Marie (Anne JOURDAIN) from Goincourt (France). Date of recognition :\u00a0 10<sup>th<\/sup>\u00a0October 1908.<\/li>\n \t<li>Am\u00e9lie CHAGNON from Poitiers (France).\u00a0 Date of recognition : 8<sup>th<\/sup>\u00a0September 1910.<\/li>\n \t<li>Cl\u00e9mentine TROUV\u00c9 (Sister Agn\u00e8s-Marie) from Rouille (France).\u00a0 Date of recognition :\u00a0 6<sup>th<\/sup>\u00a0June 1908.<\/li>\n \t<li>Marie LEBRANCHU (Mrs Wuiplier) from Paris (France). Date of recognition :\u00a0 6<sup>th<\/sup>\u00a0June1908.<\/li>\n \t<li>Marie LEMARCHAND (Mrs Authier) from Caen (France). Date of recognition : 6<sup>th<\/sup>\u00a0June1908.<\/li>\n \t<li>Elise LESAGE from Bucquoy (France).\u00a0 Date of recognition : 4<sup>th<\/sup>\u00a0February 1908.<\/li>\n \t<li>Sister Marie de la Pr\u00e9sentation (Sylvie DELPORTE) from Lille (France).\u00a0Date of recognition :\u00a0 15<sup>th<\/sup>\u00a0August 1908.<\/li>\n \t<li>Father CIRETTE from Beaumontel (France).\u00a0 Date of recognition : 11<sup>th<\/sup>\u00a0February 1907.<\/li>\n \t<li>Aur\u00e9lie HUPRELLE from Saint-Martin-le-N\u0153ud (France).\u00a0 Date of recognition :\u00a0 1<sup>st<\/sup>\u00a0May 1908.<\/li>\n \t<li>Esther BRACHMANN from Paris (France). Date of recognition : 6<sup>th<\/sup>\u00a0June 1908.<\/li>\n \t<li>Jeanne TULASNE from Tours (France). Date of recognition : 27<sup>th<\/sup>\u00a0October 1907.<\/li>\n \t<li>Cl\u00e9mentine MALOT from Gaudechart (France). Date of recognition : 1<sup>st\u00a0<\/sup>November 1908.<\/li>\n \t<li>Rose FRAN\u00c7OIS from Paris (France). Date of recognition : 6<sup>th\u00a0<\/sup>June 1908.<\/li>\n \t<li>Reverend father SALVATOR from Rouelle (France).\u00a0 Date of recognition : 1<sup>st<\/sup>\u00a0July 1908.<\/li>\n \t<li>Sister Maximilien from Marseille (France).\u00a0 Date of recognition :\u00a0 5<sup>th<\/sup>\u00a0February 1908.<\/li>\n \t<li>Marie SAVOYE from Cateau-Cambresis (France). Date of recognition :\u00a0 15<sup>th\u00a0<\/sup>August 1908.<\/li>\n \t<li>Johanna B\u00c9ZENAC from Saint-Laurent-des-B\u00e2tons (France).\u00a0 Date of recognition : 2<sup>nd<\/sup>\u00a0July 1908.<\/li>\n \t<li>Sister Saint-Hilaire (Lucie JUPIN) from Peyreleau (France).\u00a0Date of recognition :10<sup>th<\/sup>\u00a0May 1908.<\/li>\n \t<li>Sister Sainte-B\u00e9atrix (Rosalie VILDIER) from Evreux (France).\u00a0 Date of recognition :\u00a0 25<sup>th<\/sup>\u00a0March 1908.<\/li>\n \t<li>Marie-Th\u00e9r\u00e8se NOBLET from Avenay (France). Date of recognition : 11<sup>th<\/sup>\u00a0February 1908.<\/li>\n \t<li>C\u00e9cile DOUVILLE DE FRANSSU from Tournai (Belgium).\u00a0Date of recognition :\u00a0 8<sup>th<\/sup>\u00a0December 1909.<\/li>\n \t<li>Antonia MOULIN from Vienne (France).\u00a0 Date of recognition : 6<sup>th\u00a0<\/sup>November 1910.<\/li>\n \t<li>Marie BOREL from\u00a0 Mende (France).\u00a0 Date of recognition :\u00a0 4<sup>th<\/sup>\u00a0June 1911.<\/li>\n \t<li>Virginie HAUDEBOURG from Lons-le-Saulnier (France).\u00a0 Date of recognition : 25<sup>th<\/sup>\u00a0November 1912.<\/li>\n \t<li>Marie BIR\u00c9 from Sainte-Gemme-la-Plaine (France).\u00a0 Date of recognition : 30<sup>th<\/sup>\u00a0July 1910.<\/li>\n \t<li>Aim\u00e9e ALLOPE from Vern (France).\u00a0 Date of recognition :\u00a0 5<sup>th<\/sup>\u00a0August 1910.<\/li>\n \t<li>Juliette ORION from Saint-Hilaire-de-Voust (France). Date of recognition :\u00a0 18<sup>th<\/sup>\u00a0October 1913.<\/li>\n \t<li>Marie FABRE from Montredon (France).\u00a0 Date of recognition : 8<sup>th<\/sup>\u00a0September 1912.<\/li>\n \t<li>Henriette BRESSOLLES from Nice (France).\u00a0 Date of recognition : 4<sup>th<\/sup>\u00a0June 1957.<\/li>\n \t<li>Lydia BROSSE from Saint-Rapha\u00ebl (France).\u00a0 Date of recognition :\u00a0 5<sup>th<\/sup>\u00a0August 1958.<\/li>\n \t<li>Sister Marie-Marguerite (Fran\u00e7oise CAPITAINE) from\u00a0 Rennes (France). Date of recognition :\u00a0 20<sup>th<\/sup>\u00a0May 1946.<\/li>\n \t<li>Louise JAMAIN from Paris (France).\u00a0 Date of recognition :\u00a0 14<sup>th\u00a0<\/sup>December 1951.<\/li>\n \t<li>Francis PASCAL from Beaucaire (France).\u00a0Date of recognition : 31<sup>st<\/sup>\u00a0May 1949.<\/li>\n \t<li>Gabrielle CLAUZEL from Oran (Algeria).\u00a0 Date of recognition : 18<sup>th<\/sup>\u00a0March 1948.<\/li>\n \t<li>Yvonne FOURNIER from Limoges (France).\u00a0 Date of recognition : 14<sup>th\u00a0<\/sup>November 1959.<\/li>\n \t<li>Rose MARTIN from Nice (France).\u00a0Date of recognition : 17<sup>th\u00a0<\/sup>March 1958.<\/li>\n \t<li>Jeanne GESTAS from B\u00e8gles (France).\u00a0Date of recognition :\u00a0 13<sup>th<\/sup>\u00a0July1952.<\/li>\n \t<li>Marie-Th\u00e9r\u00e8se CANIN from Marseille (France). Date of recognition :\u00a0 6<sup>th<\/sup>\u00a0June 1952.<\/li>\n \t<li>Maddalena CARINI from San Remo (Italy).\u00a0 Date of recognition : 2<sup>nd<\/sup>\u00a0June 1960.<\/li>\n \t<li>Jeanne FR\u00c9TEL from Rennes (France).\u00a0 Date of recognition : 20<sup>th<\/sup>\u00a0November 1950.<\/li>\n \t<li>Th\u00e9a ANGELE (Sister Marie-Merc\u00e9d\u00e8s) from Tettnang (Germany).\u00a0Date of recognition : 28<sup>th<\/sup>\u00a0June 1961.<\/li>\n \t<li>Evasio GANORA from Casale (Italy).\u00a0 Date of recognition :\u00a0 31<sup>st\u00a0<\/sup>May 1955.<\/li>\n \t<li>Edeltraud FULDA from Vienne (Austria).\u00a0Date of recognition : 18<sup>th<\/sup>\u00a0May 1955.<\/li>\n \t<li>Paul PELLEGRIN from Toulon (France).\u00a0 Date of recognition :\u00a0 8<sup>th<\/sup>\u00a0December 1953.<\/li>\n \t<li>Father L\u00e9o SCHWAGER from Fribourg (Switzerland).\u00a0Date of recognition :\u00a0 18<sup>th<\/sup>\u00a0December1960.<\/li>\n \t<li>Alice COUTEAULT from Bouill\u00e9-Loretz (France).\u00a0 Date of recognition :\u00a0 16<sup>th<\/sup>\u00a0July 1956.<\/li>\n \t<li>Marie BIGOT from La Richardais (France).\u00a0 Date of recognition :\u00a0 15<sup>th<\/sup>\u00a0August 1956.<\/li>\n \t<li>Ginette NOUVEL from Carmaux (France). Date of recognition :\u00a0 31<sup>st\u00a0<\/sup>May 1963.<\/li>\n \t<li>Elisa ALOI from Patti (Italy). Date of recognition : 26<sup>th<\/sup>\u00a0May 1965.<\/li>\n \t<li>Juliette TAMBURINI from Marseille (France). Date of recognition : 11<sup>th<\/sup>\u00a0May 1965.<\/li>\n \t<li>Vittorio MICHELI from Scurelle (Italy). Date of recognition : 26<sup>th<\/sup>\u00a0May 1976.<\/li>\n \t<li>Serge PERRIN from Lion d&#8217;Angers (France). Date of recognition : 17th June 1978.<\/li>\n \t<li>Delizia CIROLLI from Patern\u00f2 (Italy).\u00a0 Date of recognition : 28<sup>th<\/sup>\u00a0June 1989.<\/li>\n \t<li>Jean-Pierre B\u00c9LY from La Couronne (France).\u00a0 Date of recognition : 9th February 1999<\/li>\n \t<li>Anna SANTANIELLO from Salerne (Italy). Date of recognition : 21<sup>st<\/sup>\u00a0September 2005<\/li>\n \t<li>Sister Luigina TRAVERSO from Casale Monferrato (Italy). Date of recognition : 11<sup>th<\/sup>\u00a0October 2012<\/li>\n \t<li>Danila CASTELLI\u00a0 from Bereguardo (Italy).\u00a0Date of recognition : 20<sup>th<\/sup>\u00a0June 2013<\/li>\n \t<li>Sister Bernadette MORIAU from Beauvais (France). Date of recognition : 11<sup>th<\/sup>\u00a0February 2018<\/li>\n<\/ol><\/span>\t\t\t\t\t\t\t\t<\/div>\n\t\t\t\t<\/div>\n\t\t\t\t\t<\/div>\n\t\t<\/div>\n\t\t\t\t\t<\/div>\n\t\t<\/section>\n\t\t\t\t<\/div>\n\t\t","protected":false},"excerpt":{"rendered":"<p>70 cases of unexplained cures have been recognised as\u00a0miraculous by the Church at this time Catherine LATAPIE from Loubajac (France) Date of the miracle: Date of recognition : 18th\u00a0January 1862. Louis BOURIETTE from Lourdes (France).\u00a0 Date of recognition: 18th\u00a0January 1862. &hellip; <a href=\"https:\/\/www.lourdes-france.org\/en\/miraculous-healings\/\">Continued<\/a><\/p>\n","protected":false},"author":2,"featured_media":0,"parent":0,"menu_order":0,"comment_status":"closed","ping_status":"closed","template":"","meta":{"_acf_changed":false,"footnotes":""},"class_list":["post-2986","page","type-page","status-publish","hentry"],"acf":[],"yoast_head":"<!-- This site is optimized with the Yoast SEO plugin v24.7 - https:\/\/yoast.com\/wordpress\/plugins\/seo\/ -->\n<title>Miraculous healings<\/title>\n<meta name=\"robots\" content=\"index, follow, max-snippet:-1, max-image-preview:large, max-video-preview:-1\" \/>\n<link rel=\"canonical\" href=\"https:\/\/www.lourdes-france.org\/en\/miraculous-healings\/\" \/>\n<meta name=\"twitter:label1\" content=\"Est. reading time\" \/>\n\t<meta name=\"twitter:data1\" content=\"4 minutes\" \/>\n<script type=\"application\/ld+json\" class=\"yoast-schema-graph\">{\"@context\":\"https:\/\/schema.org\",\"@graph\":[{\"@type\":\"WebPage\",\"@id\":\"https:\/\/www.lourdes-france.org\/en\/miraculous-healings\/\",\"url\":\"https:\/\/www.lourdes-france.org\/en\/miraculous-healings\/\",\"name\":\"Miraculous healings\",\"isPartOf\":{\"@id\":\"https:\/\/preprod-lourdes.cawita.com\/#website\"},\"datePublished\":\"2018-07-18T07:17:53+00:00\",\"dateModified\":\"2019-10-29T08:18:36+00:00\",\"breadcrumb\":{\"@id\":\"https:\/\/www.lourdes-france.org\/en\/miraculous-healings\/#breadcrumb\"},\"inLanguage\":\"en-US\",\"potentialAction\":[{\"@type\":\"ReadAction\",\"target\":[\"https:\/\/www.lourdes-france.org\/en\/miraculous-healings\/\"]}]},{\"@type\":\"BreadcrumbList\",\"@id\":\"https:\/\/www.lourdes-france.org\/en\/miraculous-healings\/#breadcrumb\",\"itemListElement\":[{\"@type\":\"ListItem\",\"position\":1,\"name\":\"Accueil\",\"item\":\"https:\/\/www.lourdes-france.org\/\"},{\"@type\":\"ListItem\",\"position\":2,\"name\":\"Miraculous healings\"}]},{\"@type\":\"WebSite\",\"@id\":\"https:\/\/preprod-lourdes.cawita.com\/#website\",\"url\":\"https:\/\/preprod-lourdes.cawita.com\/\",\"name\":\"Soutenir le Sanctuaire Notre-Dame de Lourdes\",\"description\":\"\",\"potentialAction\":[{\"@type\":\"SearchAction\",\"target\":{\"@type\":\"EntryPoint\",\"urlTemplate\":\"https:\/\/preprod-lourdes.cawita.com\/?s={search_term_string}\"},\"query-input\":{\"@type\":\"PropertyValueSpecification\",\"valueRequired\":true,\"valueName\":\"search_term_string\"}}],\"inLanguage\":\"en-US\"}]}<\/script>\n<!-- \/ Yoast SEO plugin. -->","yoast_head_json":{"title":"Miraculous healings","robots":{"index":"index","follow":"follow","max-snippet":"max-snippet:-1","max-image-preview":"max-image-preview:large","max-video-preview":"max-video-preview:-1"},"canonical":"https:\/\/www.lourdes-france.org\/en\/miraculous-healings\/","twitter_misc":{"Est. reading time":"4 minutes"},"schema":{"@context":"https:\/\/schema.org","@graph":[{"@type":"WebPage","@id":"https:\/\/www.lourdes-france.org\/en\/miraculous-healings\/","url":"https:\/\/www.lourdes-france.org\/en\/miraculous-healings\/","name":"Miraculous healings","isPartOf":{"@id":"https:\/\/preprod-lourdes.cawita.com\/#website"},"datePublished":"2018-07-18T07:17:53+00:00","dateModified":"2019-10-29T08:18:36+00:00","breadcrumb":{"@id":"https:\/\/www.lourdes-france.org\/en\/miraculous-healings\/#breadcrumb"},"inLanguage":"en-US","potentialAction":[{"@type":"ReadAction","target":["https:\/\/www.lourdes-france.org\/en\/miraculous-healings\/"]}]},{"@type":"BreadcrumbList","@id":"https:\/\/www.lourdes-france.org\/en\/miraculous-healings\/#breadcrumb","itemListElement":[{"@type":"ListItem","position":1,"name":"Accueil","item":"https:\/\/www.lourdes-france.org\/"},{"@type":"ListItem","position":2,"name":"Miraculous healings"}]},{"@type":"WebSite","@id":"https:\/\/preprod-lourdes.cawita.com\/#website","url":"https:\/\/preprod-lourdes.cawita.com\/","name":"Soutenir le Sanctuaire Notre-Dame de Lourdes","description":"","potentialAction":[{"@type":"SearchAction","target":{"@type":"EntryPoint","urlTemplate":"https:\/\/preprod-lourdes.cawita.com\/?s={search_term_string}"},"query-input":{"@type":"PropertyValueSpecification","valueRequired":true,"valueName":"search_term_string"}}],"inLanguage":"en-US"}]}},"_links":{"self":[{"href":"https:\/\/www.lourdes-france.org\/en\/wp-json\/wp\/v2\/pages\/2986","targetHints":{"allow":["GET"]}}],"collection":[{"href":"https:\/\/www.lourdes-france.org\/en\/wp-json\/wp\/v2\/pages"}],"about":[{"href":"https:\/\/www.lourdes-france.org\/en\/wp-json\/wp\/v2\/types\/page"}],"author":[{"embeddable":true,"href":"https:\/\/www.lourdes-france.org\/en\/wp-json\/wp\/v2\/users\/2"}],"replies":[{"embeddable":true,"href":"https:\/\/www.lourdes-france.org\/en\/wp-json\/wp\/v2\/comments?post=2986"}],"version-history":[{"count":14,"href":"https:\/\/www.lourdes-france.org\/en\/wp-json\/wp\/v2\/pages\/2986\/revisions"}],"predecessor-version":[{"id":180967,"href":"https:\/\/www.lourdes-france.org\/en\/wp-json\/wp\/v2\/pages\/2986\/revisions\/180967"}],"wp:attachment":[{"href":"https:\/\/www.lourdes-france.org\/en\/wp-json\/wp\/v2\/media?parent=2986"}],"curies":[{"name":"wp","href":"https:\/\/api.w.org\/{rel}","templated":true}]}}