{"id":3276,"date":"2018-07-18T09:51:13","date_gmt":"2018-07-18T07:51:13","guid":{"rendered":"http:\/\/preprod.slou.pg3.xyz\/prieres\/"},"modified":"2022-09-09T13:09:49","modified_gmt":"2022-09-09T11:09:49","slug":"prayers","status":"publish","type":"page","link":"https:\/\/www.lourdes-france.org\/en\/prayers\/","title":{"rendered":"Prayers"},"content":{"rendered":"\t\t<div data-elementor-type=\"wp-post\" data-elementor-id=\"3276\" class=\"elementor elementor-3276 elementor-531\" data-elementor-post-type=\"page\">\n\t\t\t\t\t\t<section class=\"elementor-section elementor-top-section elementor-element elementor-element-2981c620 elementor-section-boxed elementor-section-height-default elementor-section-height-default\" data-id=\"2981c620\" data-element_type=\"section\">\n\t\t\t\t\t\t<div class=\"elementor-container elementor-column-gap-no\">\n\t\t\t\t\t<div class=\"elementor-column elementor-col-100 elementor-top-column elementor-element elementor-element-1d941046\" data-id=\"1d941046\" data-element_type=\"column\">\n\t\t\t<div class=\"elementor-widget-wrap elementor-element-populated\">\n\t\t\t\t\t\t<div class=\"elementor-element elementor-element-4d89b5c elementor-widget elementor-widget-text-editor\" data-id=\"4d89b5c\" data-element_type=\"widget\" data-widget_type=\"text-editor.default\">\n\t\t\t\t<div class=\"elementor-widget-container\">\n\t\t\t\t\t\t\t\t\t<h2><span style=\"color: #e8a700;\">Grande neuvaine \u00e0 l\u2019Immacul\u00e9e<\/span><\/h2>\n\t\t\t\t\t\t\t\t<\/div>\n\t\t\t\t<\/div>\n\t\t\t\t<div class=\"elementor-element elementor-element-74b12dd elementor-widget elementor-widget-text-editor\" data-id=\"74b12dd\" data-element_type=\"widget\" data-widget_type=\"text-editor.default\">\n\t\t\t\t<div class=\"elementor-widget-container\">\n\t\t\t\t\t\t\t\t\t<p>En ces temps troubl\u00e9s, o\u00f9 beaucoup de nos contemporains, \u00e0 cause du coronavirus de<br \/>Wuhan, voient l&#8217;avenir avec inqui\u00e9tude, demandons au Seigneur que par l\u2019intercession de<br \/>Notre-Dame de Lourdes, il renouvelle en nous la confiance, l\u2019esp\u00e9rance et la paix du coeur.<br \/>Marie, parce que tu es le sourire de Dieu, le reflet de la lumi\u00e8re du Christ, la demeure de<br \/>l&#8217;Esprit Saint, parce que tu as choisi Bernadette dans sa mis\u00e8re, que tu es l&#8217;\u00e9toile du matin, la<br \/>porte du ciel et la premi\u00e8re cr\u00e9ature ressuscit\u00e9e, nous te prions et te confions nos vies \u00e0<br \/>l\u2019heure o\u00f9 tant d\u2019hommes et de femmes craignent pour leur sant\u00e9. Assiste les malades et<br \/>les personnels soignants, accueille ceux qui sont morts et sois le r\u00e9confort des familles.<\/p>\n<p>Credo<br \/>Pater noster<br \/>3 Ave Maria<br \/>Gloria Patri<\/p>\n<p><span style=\"color: #e8a702;\"><strong>Premier myst\u00e8re<\/strong><\/span> (selon le jour)<br \/>Dieu Notre P\u00e8re, parmi toutes tes cr\u00e9atures, tu as fait \u00e9clore Marie, la cr\u00e9ature parfaite,<br \/>\u00ab l&#8217;Immacul\u00e9e Conception \u00bb. Ici, \u00e0 Lourdes, elle a prononc\u00e9 ce nom et Bernadette l&#8217;a r\u00e9p\u00e9t\u00e9.<br \/>L&#8217;Immacul\u00e9e Conception, c&#8217;est un cri d&#8217;esp\u00e9rance : le mal, le p\u00e9ch\u00e9 et la mort ne sont plus<br \/>les vainqueurs. Marie, signe pr\u00e9curseur, aurore du salut !<br \/><em>Notre-Dame de Lourdes, toi notre refuge, nous te prions.<\/em><br \/>Notre P\u00e8re ; 10 Je vous salue Marie ; Gloire au P\u00e8re<br \/><em>\u00d4 Marie, con\u00e7ue sans p\u00e9ch\u00e9, priez pour nous qui avons recours \u00e0 vous !<br \/><\/em><br \/><span style=\"color: #e8a702;\"><strong>Deuxi\u00e8me myst\u00e8re<\/strong><\/span> (selon le jour)<br \/>Seigneur J\u00e9sus, tu nous as donn\u00e9 Marie comme M\u00e8re. Elle a partag\u00e9 ta Passion et ta<br \/>R\u00e9surrection. Ici, \u00e0 Lourdes, elle s&#8217;est montr\u00e9e \u00e0 Bernadette, attrist\u00e9e de nos p\u00e9ch\u00e9s mais<br \/>rayonnante de ta lumi\u00e8re. Par elle, nous te confions nos joies, nos peines, nos esp\u00e9rances,<br \/>celle des malades, des soignants et des chercheurs, celle de tous les hommes.<br \/><em>Notre-Dame de Lourdes, notre soeur et notre m\u00e8re, notre confidente et notre soutien dans<\/em><br \/><em>l\u2019\u00e9preuve, nous te prions.<\/em><br \/>Notre P\u00e8re ; 10 Je vous salue Marie ; Gloire au P\u00e8re<br \/><em>\u00d4 Marie, con\u00e7ue sans p\u00e9ch\u00e9, priez pour nous qui avons recours \u00e0 vous !<\/em><\/p>\n<p><span style=\"color: #e8a702;\"><strong>Troisi\u00e8me myst\u00e8re<\/strong><\/span> (selon le jour)<br \/>Esprit Saint, tu es Esprit d&#8217;amour et d&#8217;unit\u00e9. Ici, \u00e0 Lourdes, par Bernadette, Marie a demand\u00e9<br \/>de b\u00e2tir une chapelle et de venir en procession. Inspire l&#8217;\u00c9glise que le Christ a construite sur<br \/>la foi de Pierre : rassemble-la dans l&#8217;unit\u00e9 et donne \u00e0 tous ses membres nourris du pain de<br \/>vie de savoir affronter pleins de foi cette situation d\u2019urgence sanitaire internationale.<br \/><em>Notre-Dame de Lourdes, toi qui es combl\u00e9e de l&#8217;Esprit Saint, mod\u00e8le des chr\u00e9tiens et visage<\/em><br \/><em>maternel de l&#8217;\u00c9glise, nous te prions.<\/em><br \/>Notre P\u00e8re ; 10 Je vous salue Marie ; Gloire au P\u00e8re<br \/><em>\u00d4 Marie, con\u00e7ue sans p\u00e9ch\u00e9, priez pour nous qui avons recours \u00e0 vous !<br \/><\/em><br \/><span style=\"color: #e8a702;\"><strong>Quatri\u00e8me myst\u00e8re<\/strong><\/span> (selon le jour)<br \/>Pour tant de gr\u00e2ces re\u00e7ues, pour toutes les conversions, tous les pardons, toutes les<br \/>gu\u00e9risons, pour les vocations et les promesses que tu as confirm\u00e9es ou que tu as fait na\u00eetre<br \/>ici, pour la joie du service que tu nous donnes de go\u00fbter, et pour la force et l\u2019esp\u00e9rance que<br \/>tu mets en nos coeurs en ces temps troubl\u00e9s.<br \/><em>Notre-Dame de Lourdes, secours des chr\u00e9tiens, nous te remercions.<\/em><br \/>Notre P\u00e8re ; 10 Je vous salue Marie ; Gloire au P\u00e8re<br \/><em>\u00d4 Marie, con\u00e7ue sans p\u00e9ch\u00e9, priez pour nous qui avons recours \u00e0 vous !<br \/><\/em><br \/><span style=\"color: #e8a702;\"><strong>Cinqui\u00e8me myst\u00e8re<\/strong><\/span> (selon le jour)<br \/>Avec tous nos fr\u00e8res et soeurs humains, avec les peuples en mal de paix et de justice, avec les<br \/>jeunes qui cherchent leur voie, toi qui t&#8217;es montr\u00e9e toute jeune \u00e0 la jeune Bernadette, avec<br \/>les victimes des maladies, d&#8217;un handicap, d&#8217;un \u00e9chec, avec ceux qui auraient un motif de<br \/>d\u00e9sesp\u00e9rer et ceux qui pleurent un \u00eatre cher. Et pour ceux qui ont \u00e9t\u00e9 emport\u00e9s par cette<br \/>maladie.<br \/><em>Notre-Dame de Lourdes, nous te prions !<\/em><br \/>Notre P\u00e8re &#8211; 10 Je vous salue Marie &#8211; Gloire au P\u00e8re<br \/><em>\u00d4 Marie, con\u00e7ue sans p\u00e9ch\u00e9, priez pour nous qui avons recours \u00e0 vous !<\/em><\/p>\n<p><strong>CONCLUSION<\/strong><br \/><span style=\"color: #e8a702;\"><strong>La \u00ab Pri\u00e8re d\u2019une pauvre mendiante \u00e0 J\u00e9sus \u00bb de Sainte Bernadette Soubirous<\/strong><\/span><br \/><em>\u00ab O J\u00e9sus, donnez-moi, je vous prie, le pain de l&#8217;humilit\u00e9, le pain d&#8217;ob\u00e9issance, le pain de charit\u00e9, le pain de force pour rompre ma volont\u00e9 et la fondre \u00e0 la v\u00f4tre, le pain de la mortification int\u00e9rieure, le pain de d\u00e9tachement des cr\u00e9atures, le pain de patience pour supporter les peines que mon coeur souffre.<\/em><br \/><em>\u00d4 J\u00e9sus, Vous me voulez crucifi\u00e9e, fiat, le pain de ne voir que Vous seul en tout et toujours. J\u00e9sus, Marie, la Croix, je ne veux d&#8217;autres amis que ceux-l\u00e0 ! Ainsi soit-il. \u00bb<\/em><\/p>\n\t\t\t\t\t\t\t\t<\/div>\n\t\t\t\t<\/div>\n\t\t\t\t<div class=\"elementor-element elementor-element-47c80c0 elementor-widget elementor-widget-text-editor\" data-id=\"47c80c0\" data-element_type=\"widget\" data-widget_type=\"text-editor.default\">\n\t\t\t\t<div class=\"elementor-widget-container\">\n\t\t\t\t\t\t\t\t\t<h2>Neuvaine \u00e0 Notre-Dame de Lourdes &#8211; Du 3 au 11 f\u00e9vrier<\/h2>\n\t\t\t\t\t\t\t\t<\/div>\n\t\t\t\t<\/div>\n\t\t\t\t<div class=\"elementor-element elementor-element-3825a0c9 elementor-widget elementor-widget-text-editor\" data-id=\"3825a0c9\" data-element_type=\"widget\" data-widget_type=\"text-editor.default\">\n\t\t\t\t<div class=\"elementor-widget-container\">\n\t\t\t\t\t\t\t\t\t<p>Dire la pri\u00e8re de la neuvaine.<br \/>R\u00e9citer une dizaine de chapelet.<br \/>Invoquer : \u00ab Notre-Dame de Lourdes, priez pour nous ! \u00bb<br \/>\u00ab Sainte Bernadette, priez pour nous !<br \/>\u00ab \u00d4 Marie, con\u00e7ue sans p\u00e9ch\u00e9, priez pour nous qui avons recours \u00e0 vous ! \u00bb<\/p>\n<p>Messe et communion le 11 f\u00e9vrier.<br \/>La confession est recommand\u00e9e durant l\u2019octave.<\/p>\n<p><em>Marie,<\/em><br \/><em>Notre-Dame de Lourdes,<\/em><br \/><em>Toi qui es apparue dans le creux du rocher de Massabielle<\/em><br \/><em>A Bernadette, petite et simple berg\u00e8re de Bigorre,<\/em><br \/><em>Tu lui as apport\u00e9 la lumi\u00e8re rayonnante de ton sourire,<\/em><br \/><em>Le doux et radieux \u00e9clat de ta pr\u00e9sence.<\/em><br \/><em>Tu as tiss\u00e9 avec elle au long des jours une relation<\/em><br \/><em>O\u00f9 tu la regardais comme une personne parle \u00e0 une personne.<\/em><br \/><em>Nous voici devant toi, pauvres nous aussi, et nous te prions humblement.<\/em><br \/><em>Donne \u00e0 ceux qui doutent de d\u00e9couvrir la joie de la confiance,<\/em><br \/><em>Donne \u00e0 ceux qui d\u00e9sesp\u00e8rent de go\u00fbter ta discr\u00e8te pr\u00e9sence.<\/em><br \/><em>Marie,<\/em><br \/><em>Notre-Dame de Lourdes,<\/em><br \/><em>Toi qui as d\u00e9voil\u00e9 \u00e0 Bernadette ton nom<\/em><br \/><em>En disant simplement \u00ab Je suis l\u2019Immacul\u00e9e Conception \u00bb. <\/em><br \/><em>Fais-nous d\u00e9couvrir la joie du pardon sans cesse offert,<\/em><br \/><em>Mets-en nous le d\u00e9sir de l\u2019innocence recouvr\u00e9e et de la saintet\u00e9 joyeuse.<\/em><br \/><em>Viens en aide aux p\u00e9cheurs aveugl\u00e9s.<\/em><br \/><em>Tu as donn\u00e9 naissance au Sauveur du monde,<\/em><br \/><em>Regarde avec tendresse notre monde splendide et dramatique.<\/em><br \/><em>Ouvre en nous les chemins de l\u2019esp\u00e9rance,<\/em><br \/><em>Guide-nous vers Celui qui est la Source vive,<\/em><br \/><em>J\u00e9sus, ton Fils, qui nous apprend \u00e0 dire<\/em><br \/><em>Notre-P\u00e8re&#8230;<\/em><\/p>\n\t\t\t\t\t\t\t\t<\/div>\n\t\t\t\t<\/div>\n\t\t\t\t<div class=\"elementor-element elementor-element-c775638 elementor-widget elementor-widget-text-editor\" data-id=\"c775638\" data-element_type=\"widget\" data-widget_type=\"text-editor.default\">\n\t\t\t\t<div class=\"elementor-widget-container\">\n\t\t\t\t\t\t\t\t\t<p><em><strong>Je choisis ou je re\u00e7ois le nom d\u2019un saint qui m\u2019accompagne. <\/strong><strong>Nous faisons acte de confiance ou de cons\u00e9cration envers l\u2019Immacul\u00e9e Conception de Marie.<br \/><\/strong><\/em><\/p>\n\t\t\t\t\t\t\t\t<\/div>\n\t\t\t\t<\/div>\n\t\t\t\t<div class=\"elementor-element elementor-element-03ae0dd elementor-widget elementor-widget-text-editor\" data-id=\"03ae0dd\" data-element_type=\"widget\" data-widget_type=\"text-editor.default\">\n\t\t\t\t<div class=\"elementor-widget-container\">\n\t\t\t\t\t\t\t\t\t<h2><span style=\"color: #e8a700;\">Pri\u00e8re de cons\u00e9cration \u00e0 Marie (<em>St L-M Grignion de Montfort)<\/em><\/span><\/h2>\n\t\t\t\t\t\t\t\t<\/div>\n\t\t\t\t<\/div>\n\t\t\t\t<div class=\"elementor-element elementor-element-efbe224 elementor-widget elementor-widget-text-editor\" data-id=\"efbe224\" data-element_type=\"widget\" data-widget_type=\"text-editor.default\">\n\t\t\t\t<div class=\"elementor-widget-container\">\n\t\t\t\t\t\t\t\t\t<p>Je vous choisis aujourd\u2019hui,<br \/>\u00f4 Marie,<br \/>en pr\u00e9sence de toute la cour c\u00e9leste,<br \/>pour ma M\u00e8re et ma Reine.<br \/>Je vous livre et consacre,<br \/>en toute soumission et amour,<br \/>mon corps et mon \u00e2me,<br \/>mes biens int\u00e9rieurs et ext\u00e9rieurs,<br \/>et la valeur m\u00eame de mes bonnes actions<br \/>pass\u00e9es, pr\u00e9sentes et futures,<br \/>vous laissant un entier et plein droit<br \/>de disposer de moi,<br \/>et de tout ce qui m&#8217;appartient,<br \/>sans exception,<br \/>selon votre bon plaisir,<br \/>\u00e0 la plus grande Gloire de Dieu,<br \/>dans le temps et l&#8217;\u00e9ternit\u00e9.<\/p>\n<p>Ainsi soit-il<em>\u00a0<\/em><\/p>\n\t\t\t\t\t\t\t\t<\/div>\n\t\t\t\t<\/div>\n\t\t\t\t<div class=\"elementor-element elementor-element-e8368bc elementor-widget elementor-widget-text-editor\" data-id=\"e8368bc\" data-element_type=\"widget\" data-widget_type=\"text-editor.default\">\n\t\t\t\t<div class=\"elementor-widget-container\">\n\t\t\t\t\t\t\t\t\t<div style=\"color: #666666; font-family: Roboto, sans-serif; font-weight: 400; margin-top: 0px; margin-right: 0px; margin-left: 0px; padding: 0px; border: 0px; outline: 0px; font-variant-numeric: inherit; font-variant-east-asian: inherit; font-stretch: inherit; line-height: inherit; vertical-align: baseline;\" data-id=\"12b7c1c\" data-element_type=\"text-editor.default\">\n<div style=\"font-family: inherit; margin: 0px; padding: 0px; border: 0px; outline: 0px; font-variant: inherit; font-stretch: inherit; line-height: inherit; vertical-align: baseline; font-style: inherit; font-weight: inherit;\">\u00a0<\/div>\n<\/div>\n<h2 style=\"box-sizing: border-box; clear: both; font-family: DINPro-Bold; font-size: 26px; color: #676767; margin: 0px 0px 20px; padding: 0px; border: 0px; outline: 0px; font-variant: inherit; font-stretch: inherit; line-height: 1.4; vertical-align: baseline; font-style: inherit;\"><span style=\"box-sizing: border-box; font-family: inherit; margin: 0px; padding: 0px; border: 0px; outline: 0px; font-variant: inherit; font-stretch: inherit; line-height: inherit; vertical-align: baseline; font-style: inherit; font-weight: inherit; color: #e8a700;\">Acte de confiance en Marie (<em>Famille Notre Dame de Lourdes<\/em>)<\/span><\/h2>\n\t\t\t\t\t\t\t\t<\/div>\n\t\t\t\t<\/div>\n\t\t\t\t<div class=\"elementor-element elementor-element-886a520 elementor-widget elementor-widget-text-editor\" data-id=\"886a520\" data-element_type=\"widget\" data-widget_type=\"text-editor.default\">\n\t\t\t\t<div class=\"elementor-widget-container\">\n\t\t\t\t\t\t\t\t\t<div style=\"margin-top: 0px; margin-right: 0px; margin-left: 0px; padding: 0px; border: 0px; outline: 0px; font-variant-numeric: inherit; font-variant-east-asian: inherit; font-stretch: inherit; line-height: inherit; vertical-align: baseline;\" data-id=\"eb2c198\" data-element_type=\"text-editor.default\">\n<div style=\"font-family: inherit; margin: 0px; padding: 0px; border: 0px; outline: 0px; font-variant: inherit; font-stretch: inherit; line-height: inherit; vertical-align: baseline; font-style: inherit; font-weight: inherit;\">\n<div style=\"font-family: inherit; margin: 0px; padding: 0px; border: 0px; outline: 0px; font-variant: inherit; font-stretch: inherit; line-height: inherit; vertical-align: baseline; font-style: inherit; font-weight: inherit;\">\n<p>B\u00e9ni sois-tu, Dieu notre P\u00e8re,<br \/>D\u2019avoir cr\u00e9\u00e9 Marie si belle,<br \/>Et de nous l\u2019avoir donn\u00e9e pour M\u00e8re<br \/>Au pied de la Croix de J\u00e9sus.<br \/>B\u00e9ni sois-Tu de nous avoir appel\u00e9s,<br \/>Comme Bernadette,<br \/>A voir Marie dans ta lumi\u00e8re<br \/>Et \u00e0 boire \u00e0 la source de ton C\u0153ur.<\/p>\n<p>Marie, tu connais la mis\u00e8re et les p\u00e9ch\u00e9s<br \/>de nos vies et de la vie du monde.<br \/>Nous voulons nous confier \u00e0 toi aujourd\u2019hui<br \/>Totalement et sans r\u00e9serve ;<br \/>De toi nous rena\u00eetrons chaque jour<br \/>Par la puissance de l\u2019Esprit,<br \/>Nous vivrons de la vie de J\u00e9sus<br \/>Comme des petits serviteurs de nos fr\u00e8res.<\/p>\n<p>Apprends-nous, Marie, <br \/>A porter la vie du Seigneur.<br \/>Apprends-nous le oui de ton c\u0153ur.<\/p>\n<\/div>\n<\/div>\n<\/div>\n\t\t\t\t\t\t\t\t<\/div>\n\t\t\t\t<\/div>\n\t\t\t\t<div class=\"elementor-element elementor-element-6ef73dd3 elementor-widget elementor-widget-text-editor\" data-id=\"6ef73dd3\" data-element_type=\"widget\" data-widget_type=\"text-editor.default\">\n\t\t\t\t<div class=\"elementor-widget-container\">\n\t\t\t\t\t\t\t\t\t<h2><span style=\"color: #e8a700;\">Je vous salue Marie<\/span> (Ave Maria)\u00a0<\/h2>\n\t\t\t\t\t\t\t\t<\/div>\n\t\t\t\t<\/div>\n\t\t\t\t<div class=\"elementor-element elementor-element-1c7ce43 elementor-widget elementor-widget-text-editor\" data-id=\"1c7ce43\" data-element_type=\"widget\" data-widget_type=\"text-editor.default\">\n\t\t\t\t<div class=\"elementor-widget-container\">\n\t\t\t\t\t\t\t\t\t<p>Je vous salue, Marie, pleine de gr\u00e2ce, le Seigneur est avec vous. Vous \u00eates b\u00e9nie entre toutes les femmes et J\u00e9sus, le fruit de vos entrailles, est b\u00e9ni. Sainte Marie, m\u00e8re de Dieu, priez pour nous, pauvres p\u00e9cheurs, maintenant et \u00e0 l&#8217;heure de notre mort. Amen.<\/p>\n\t\t\t\t\t\t\t\t<\/div>\n\t\t\t\t<\/div>\n\t\t\t\t<div class=\"elementor-element elementor-element-67596a0d elementor-widget elementor-widget-text-editor\" data-id=\"67596a0d\" data-element_type=\"widget\" data-widget_type=\"text-editor.default\">\n\t\t\t\t<div class=\"elementor-widget-container\">\n\t\t\t\t\t\t\t\t\t<h2><span style=\"color: #e8a700;\">Salve Regina<\/span><\/h2>\n\t\t\t\t\t\t\t\t<\/div>\n\t\t\t\t<\/div>\n\t\t\t\t<div class=\"elementor-element elementor-element-6c6a516 elementor-widget elementor-widget-text-editor\" data-id=\"6c6a516\" data-element_type=\"widget\" data-widget_type=\"text-editor.default\">\n\t\t\t\t<div class=\"elementor-widget-container\">\n\t\t\t\t\t\t\t\t\t<p>Salut, \u00f4 Reine, m\u00e8re de mis\u00e9ricorde ; notre vie, notre douceur et notre esp\u00e9rance, salut ! Enfants d&#8217;Eve, exil\u00e9s, nous crions vers vous ; vers vous nous soupirons, g\u00e9missant et pleurant dans cette vall\u00e9e de larmes. O vous, notre avocate, tournez vers nous vos regards mis\u00e9ricordieux. Et apr\u00e8s cet exil, montrez-nous J\u00e9sus, le fruit b\u00e9ni de vos entrailles, \u00f4 cl\u00e9mente, \u00f4 mis\u00e9ricordieuse, \u00f4 douce Vierge Marie !<\/p>\n\t\t\t\t\t\t\t\t<\/div>\n\t\t\t\t<\/div>\n\t\t\t\t<div class=\"elementor-element elementor-element-580397d3 elementor-widget elementor-widget-text-editor\" data-id=\"580397d3\" data-element_type=\"widget\" data-widget_type=\"text-editor.default\">\n\t\t\t\t<div class=\"elementor-widget-container\">\n\t\t\t\t\t\t\t\t\t<h2><span style=\"color: #e8a700;\">Notre P\u00e8re<\/span><\/h2>\n\t\t\t\t\t\t\t\t<\/div>\n\t\t\t\t<\/div>\n\t\t\t\t<div class=\"elementor-element elementor-element-3523b042 elementor-widget elementor-widget-text-editor\" data-id=\"3523b042\" data-element_type=\"widget\" data-widget_type=\"text-editor.default\">\n\t\t\t\t<div class=\"elementor-widget-container\">\n\t\t\t\t\t\t\t\t\t<p>Notre P\u00e8re qui est aux cieux, que ton nom soit sanctifi\u00e9, que ton r\u00e8gne vienne, que ta volont\u00e9 soit faite sur la terre comme au ciel. Donne-nous aujourd&#8217;hui notre pain de ce jour. Pardonne-nous nos offenses comme nous pardonnons aussi \u00e0 ceux qui nous ont offens\u00e9s. Et ne nous laisse pas entrer en tentation, mais d\u00e9livre-nous du mal. Amen.<\/p>\n\t\t\t\t\t\t\t\t<\/div>\n\t\t\t\t<\/div>\n\t\t\t\t<div class=\"elementor-element elementor-element-2dbffb5 elementor-widget elementor-widget-text-editor\" data-id=\"2dbffb5\" data-element_type=\"widget\" data-widget_type=\"text-editor.default\">\n\t\t\t\t<div class=\"elementor-widget-container\">\n\t\t\t\t\t\t\t\t\t<h2><span style=\"color: #e8a700;\">Symbole des ap\u00f4tres<\/span><\/h2>\n\t\t\t\t\t\t\t\t<\/div>\n\t\t\t\t<\/div>\n\t\t\t\t<div class=\"elementor-element elementor-element-568a0db4 elementor-widget elementor-widget-text-editor\" data-id=\"568a0db4\" data-element_type=\"widget\" data-widget_type=\"text-editor.default\">\n\t\t\t\t<div class=\"elementor-widget-container\">\n\t\t\t\t\t\t\t\t\t<p>Je crois en Dieu le P\u00e8re tout puissant cr\u00e9ateur du ciel et de la terre. Et en J\u00e9sus Christ, son Fils unique, notre Seigneur, qui a \u00e9t\u00e9 con\u00e7u du Saint Esprit, est n\u00e9 de la Vierge Marie, a souffert sous Ponce Pilate, a \u00e9t\u00e9 crucifi\u00e9, est mort et a \u00e9t\u00e9 enseveli, est descendu aux enfers, le troisi\u00e8me jour est ressuscit\u00e9 des morts, est mont\u00e9 aux cieux, est assis \u00e0 la droite de Dieu le P\u00e8re tout-puissant d&#8217;o\u00f9 il viendra juger les vivants et les morts. Je crois en l&#8217;Esprit Saint, \u00e0 la sainte Eglise catholique, \u00e0 la communion des saints, \u00e0 la r\u00e9mission des p\u00e9ch\u00e9s, \u00e0 la r\u00e9surrection de la chair, \u00e0 la vie \u00e9ternelle. Amen.<\/p>\n\t\t\t\t\t\t\t\t<\/div>\n\t\t\t\t<\/div>\n\t\t\t\t\t<\/div>\n\t\t<\/div>\n\t\t\t\t\t<\/div>\n\t\t<\/section>\n\t\t\t\t<\/div>\n\t\t","protected":false},"excerpt":{"rendered":"<p>Grande neuvaine \u00e0 l\u2019Immacul\u00e9e En ces temps troubl\u00e9s, o\u00f9 beaucoup de nos contemporains, \u00e0 cause du coronavirus deWuhan, voient l&#8217;avenir avec inqui\u00e9tude, demandons au Seigneur que par l\u2019intercession deNotre-Dame de Lourdes, il renouvelle en nous la confiance, l\u2019esp\u00e9rance et la &hellip; <a href=\"https:\/\/www.lourdes-france.org\/en\/prayers\/\">Continued<\/a><\/p>\n","protected":false},"author":2,"featured_media":0,"parent":0,"menu_order":0,"comment_status":"closed","ping_status":"closed","template":"","meta":{"_acf_changed":false,"footnotes":""},"class_list":["post-3276","page","type-page","status-publish","hentry"],"acf":[],"yoast_head":"<!-- This site is optimized with the Yoast SEO plugin v24.7 - https:\/\/yoast.com\/wordpress\/plugins\/seo\/ -->\n<title>Prayers<\/title>\n<meta name=\"robots\" content=\"index, follow, max-snippet:-1, max-image-preview:large, max-video-preview:-1\" \/>\n<link rel=\"canonical\" href=\"https:\/\/preprod-lourdes.cawita.com\/prieres\/\" \/>\n<meta name=\"twitter:label1\" content=\"Est. reading time\" \/>\n\t<meta name=\"twitter:data1\" content=\"8 minutes\" \/>\n<script type=\"application\/ld+json\" class=\"yoast-schema-graph\">{\"@context\":\"https:\/\/schema.org\",\"@graph\":[{\"@type\":\"WebPage\",\"@id\":\"https:\/\/preprod-lourdes.cawita.com\/prieres\/\",\"url\":\"https:\/\/preprod-lourdes.cawita.com\/prieres\/\",\"name\":\"Prayers\",\"isPartOf\":{\"@id\":\"https:\/\/preprod-lourdes.cawita.com\/#website\"},\"datePublished\":\"2018-07-18T07:51:13+00:00\",\"dateModified\":\"2022-09-09T11:09:49+00:00\",\"breadcrumb\":{\"@id\":\"https:\/\/preprod-lourdes.cawita.com\/prieres\/#breadcrumb\"},\"inLanguage\":\"en-US\",\"potentialAction\":[{\"@type\":\"ReadAction\",\"target\":[\"https:\/\/preprod-lourdes.cawita.com\/prieres\/\"]}]},{\"@type\":\"BreadcrumbList\",\"@id\":\"https:\/\/preprod-lourdes.cawita.com\/prieres\/#breadcrumb\",\"itemListElement\":[{\"@type\":\"ListItem\",\"position\":1,\"name\":\"Accueil\",\"item\":\"https:\/\/www.lourdes-france.org\/\"},{\"@type\":\"ListItem\",\"position\":2,\"name\":\"Prayers\"}]},{\"@type\":\"WebSite\",\"@id\":\"https:\/\/preprod-lourdes.cawita.com\/#website\",\"url\":\"https:\/\/preprod-lourdes.cawita.com\/\",\"name\":\"Soutenir le Sanctuaire Notre-Dame de Lourdes\",\"description\":\"\",\"potentialAction\":[{\"@type\":\"SearchAction\",\"target\":{\"@type\":\"EntryPoint\",\"urlTemplate\":\"https:\/\/preprod-lourdes.cawita.com\/?s={search_term_string}\"},\"query-input\":{\"@type\":\"PropertyValueSpecification\",\"valueRequired\":true,\"valueName\":\"search_term_string\"}}],\"inLanguage\":\"en-US\"}]}<\/script>\n<!-- \/ Yoast SEO plugin. -->","yoast_head_json":{"title":"Prayers","robots":{"index":"index","follow":"follow","max-snippet":"max-snippet:-1","max-image-preview":"max-image-preview:large","max-video-preview":"max-video-preview:-1"},"canonical":"https:\/\/preprod-lourdes.cawita.com\/prieres\/","twitter_misc":{"Est. reading time":"8 minutes"},"schema":{"@context":"https:\/\/schema.org","@graph":[{"@type":"WebPage","@id":"https:\/\/preprod-lourdes.cawita.com\/prieres\/","url":"https:\/\/preprod-lourdes.cawita.com\/prieres\/","name":"Prayers","isPartOf":{"@id":"https:\/\/preprod-lourdes.cawita.com\/#website"},"datePublished":"2018-07-18T07:51:13+00:00","dateModified":"2022-09-09T11:09:49+00:00","breadcrumb":{"@id":"https:\/\/preprod-lourdes.cawita.com\/prieres\/#breadcrumb"},"inLanguage":"en-US","potentialAction":[{"@type":"ReadAction","target":["https:\/\/preprod-lourdes.cawita.com\/prieres\/"]}]},{"@type":"BreadcrumbList","@id":"https:\/\/preprod-lourdes.cawita.com\/prieres\/#breadcrumb","itemListElement":[{"@type":"ListItem","position":1,"name":"Accueil","item":"https:\/\/www.lourdes-france.org\/"},{"@type":"ListItem","position":2,"name":"Prayers"}]},{"@type":"WebSite","@id":"https:\/\/preprod-lourdes.cawita.com\/#website","url":"https:\/\/preprod-lourdes.cawita.com\/","name":"Soutenir le Sanctuaire Notre-Dame de Lourdes","description":"","potentialAction":[{"@type":"SearchAction","target":{"@type":"EntryPoint","urlTemplate":"https:\/\/preprod-lourdes.cawita.com\/?s={search_term_string}"},"query-input":{"@type":"PropertyValueSpecification","valueRequired":true,"valueName":"search_term_string"}}],"inLanguage":"en-US"}]}},"_links":{"self":[{"href":"https:\/\/www.lourdes-france.org\/en\/wp-json\/wp\/v2\/pages\/3276","targetHints":{"allow":["GET"]}}],"collection":[{"href":"https:\/\/www.lourdes-france.org\/en\/wp-json\/wp\/v2\/pages"}],"about":[{"href":"https:\/\/www.lourdes-france.org\/en\/wp-json\/wp\/v2\/types\/page"}],"author":[{"embeddable":true,"href":"https:\/\/www.lourdes-france.org\/en\/wp-json\/wp\/v2\/users\/2"}],"replies":[{"embeddable":true,"href":"https:\/\/www.lourdes-france.org\/en\/wp-json\/wp\/v2\/comments?post=3276"}],"version-history":[{"count":17,"href":"https:\/\/www.lourdes-france.org\/en\/wp-json\/wp\/v2\/pages\/3276\/revisions"}],"predecessor-version":[{"id":869722,"href":"https:\/\/www.lourdes-france.org\/en\/wp-json\/wp\/v2\/pages\/3276\/revisions\/869722"}],"wp:attachment":[{"href":"https:\/\/www.lourdes-france.org\/en\/wp-json\/wp\/v2\/media?parent=3276"}],"curies":[{"name":"wp","href":"https:\/\/api.w.org\/{rel}","templated":true}]}}