{"id":71703,"date":"2018-07-05T14:41:54","date_gmt":"2018-07-05T12:41:54","guid":{"rendered":"http:\/\/www.lourdes-france.org\/politique-de-confidentialite\/"},"modified":"2022-09-09T13:08:58","modified_gmt":"2022-09-09T11:08:58","slug":"politique-de-confidentialite","status":"publish","type":"page","link":"https:\/\/www.lourdes-france.org\/en\/politique-de-confidentialite\/","title":{"rendered":"Politique de confidentialit\u00e9"},"content":{"rendered":"\t\t<div data-elementor-type=\"wp-post\" data-elementor-id=\"71703\" class=\"elementor elementor-71703 elementor-3\" data-elementor-post-type=\"page\">\n\t\t\t\t\t\t<section class=\"elementor-section elementor-top-section elementor-element elementor-element-3a6a169 elementor-section-boxed elementor-section-height-default elementor-section-height-default\" data-id=\"3a6a169\" data-element_type=\"section\">\n\t\t\t\t\t\t<div class=\"elementor-container elementor-column-gap-default\">\n\t\t\t\t\t<div class=\"elementor-column elementor-col-100 elementor-top-column elementor-element elementor-element-9f1697\" data-id=\"9f1697\" data-element_type=\"column\">\n\t\t\t<div class=\"elementor-widget-wrap elementor-element-populated\">\n\t\t\t\t\t\t<div class=\"elementor-element elementor-element-616c60a2 elementor-widget elementor-widget-text-editor\" data-id=\"616c60a2\" data-element_type=\"widget\" data-widget_type=\"text-editor.default\">\n\t\t\t\t<div class=\"elementor-widget-container\">\n\t\t\t\t\t\t\t\t\t<h2><strong>Qui sommes-nous ?<\/strong><\/h2>\n<p>L\u2019adresse de notre site Web est : www.lourdes-france.org.<\/p>\n<p>La pr\u00e9sente politique de confidentialit\u00e9 d\u00e9finit et vous informe de la mani\u00e8re dont le Sanctuaire Notre-Dame de Lourdes utilise et prot\u00e8ge les informations que vous nous transmettez.<\/p>\n<h2><strong>1. Identit\u00e9 du responsable du traitement<\/strong><\/h2>\n<p>Monsieur Philippe Leroux est nomm\u00e9 d\u00e9l\u00e9gu\u00e9 RGPD pour le Sanctuaire Notre-Dame de Lourdes.<\/p>\n<p>L\u2019adresse mail dpo@lourdes-france.org, permettant tout contact avec le Sanctuaire de Lourdes concernant la gestion de vos donn\u00e9es.<\/p>\n<h2><strong>2. Obtention des donn\u00e9es<\/strong><\/h2>\n<p>le Sanctuaire Notre-Dame de Lourdes r\u00e9colte certaines donn\u00e9es : civilit\u00e9, nom, pr\u00e9nom, adresse postale, adresse mail, num\u00e9ro de t\u00e9l\u00e9phone. Le cas \u00e9ch\u00e9ant (bulletin d\u2019inscription) : date de naissance, service effectu\u00e9, etc. et dans le cas de votre pr\u00e9sence au P\u00e8lerinage du Rosaire, des photos vous faisant appara\u00eetre, (pour lesquelles vous avez sign\u00e9 une autorisation et une cession des droits lors de votre inscription).<\/p>\n<p>Ces donn\u00e9es sont obtenues :<\/p>\n<p>Par une demande d\u2019information via notre site internet grand public et\/ou par t\u00e9l\u00e9phone<br \/>Par n&#8217;importe quelle soumission des formulaires de transaction<br \/>Par l&#8217;inscription \u00e0 la newsletter<br \/>Par l&#8217;utilisation des cookies<\/p>\n<h2><strong>3. Utilisation de vos donn\u00e9es<\/strong><\/h2>\n<p>le Sanctuaire Notre-Dame de Lourdes utilise vos donn\u00e9es dans le cadre de l\u2019ex\u00e9cution du contrat suite \u00e0 votre demande et\/ou \u00e0 votre inscription et ne transmet \u00e0 tous les prestataires concern\u00e9s que les donn\u00e9es n\u00e9cessaires \u00e0 la parfaite ex\u00e9cution du service souscrit. Elle est \u00e9galement susceptible d\u2019utiliser vos donn\u00e9es aux fins d\u2019envoi d\u2019informations relatives \u00e0 ses activit\u00e9s et actualit\u00e9s.<\/p>\n<p>Conform\u00e9ment aux dispositions de la CNIL et de la RGPD, vous disposez d\u2019un droit d\u2019acc\u00e8s et de modification des informations vous concernant et g\u00e9r\u00e9es par le Sanctuaire de Lourdes. Pour exercer ce droit, il vous suffit d\u2019envoyer un mail \u00e0 cette adresse : dpo@lourdes-france.org. Les donn\u00e9es qui vous concernent ne sont accessibles que par le directeur et le secr\u00e9taire de l\u2019association, \u00e0 des fins de traitement de votre demande de renseignements.<\/p>\n<p>\u2013 \u00c0 moins que vous ne les fournissiez volontairement, le Sanctuaire de Lourdes ne rassemble pas d\u2019informations personnelles lorsque vous utilisez ce site. L\u2019information personnelle peut \u00eatre soumise \u00e0 le Sanctuaire de Lourdes, par vos soins, et \u00e0 des fins de demande de renseignements. Elle concerne alors votre nom, pr\u00e9nom, adresse, num\u00e9ro de t\u00e9l\u00e9phone et adresse mail.<br \/>\u2013 Seule le Sanctuaire de Lourdes et le secr\u00e9tariat de la r\u00e9gion \u00e0 laquelle est rattach\u00e9 votre code postal enregistrent vos donn\u00e9es \u00e0 des fins de traitement de votre demande d\u2019informations. Ces deux entit\u00e9s ne c\u00e8dent aucune information personnelle, aucun contact \u00e0 un tiers, fut-il partenaire ou non.<br \/>\u2013 Ces donn\u00e9es sont supprim\u00e9es au bout d\u2019une ann\u00e9e.<br \/>\u2013 L\u2019association n\u2019utilise pas ces donn\u00e9es pour envoyer de la publicit\u00e9. Nous consid\u00e9rons que les boites e-mail sont suffisamment encombr\u00e9es en l\u2019\u00e9tat. Seules les informations que vous avez sollicit\u00e9es vous sont donc envoy\u00e9es.<br \/>\u2013 Notez qu\u2019\u00e0 tout moment, vous pouvez demander de ne plus rien recevoir par e-mail. Dans ce cas, il vous suffit de le notifier en envoyant un mail \u00e0 l\u2019adresse suivante : dpo@lourdes-france.org<\/p>\n<h2><strong>4- Destinataire du traitement<\/strong><\/h2>\n<p>le Sanctuaire Notre-Dame de Lourdes est le seul destinataire de vos donn\u00e9es qui restent confidentielles et ne sont en aucun cas commercialis\u00e9es.<\/p>\n<h2><strong>5- Destinataire de conservation :<\/strong><\/h2>\n<p>le Sanctuaire Notre-Dame de Lourdes conserve ces donn\u00e9es sans limitation de dur\u00e9e. Elle les supprime sur demande, les modifie sur demande ou lorsque les informations ne sont plus pertinentes.<\/p>\n<h2><strong>6- Droit d\u2019acc\u00e8s, de communication, de rectification et d\u2019opposition<\/strong><\/h2>\n<p>Vous avez la possibilit\u00e9 d\u2019acc\u00e9der aux informations personnelles qui vous concernent. La l\u00e9gislation vous habilite \u00e0 demander la rectification, la mise \u00e0 jour, l\u2019effacement des donn\u00e9es vous concernant.<\/p>\n<p>le Sanctuaire Notre-Dame de Lourdes s\u2019engage \u00e0 r\u00e9pondre \u00e0 votre demande (d\u2019acc\u00e8s, de rectification, d\u2019opposition et de suppression de donn\u00e9es) dans un d\u00e9lai de moins de trois mois \u00e0 r\u00e9ception de votre demande.<\/p>\n<h2><strong>7. Cookies<\/strong><\/h2>\n<p>Les Cookies g\u00e9r\u00e9s par ce site sont ceux permettant l\u2019\u00e9tablissement de statistiques de fr\u00e9quentation par Google.<\/p>\n<p>Vous pouvez configurer votre logiciel de navigation de mani\u00e8re \u00e0 ce que des cookies soient enregistr\u00e9s dans votre terminal ou, au contraire, qu\u2019ils soient rejet\u00e9s, soit syst\u00e9matiquement, soit selon leur \u00e9metteur. Vous pouvez \u00e9galement configurer votre navigateur de mani\u00e8re \u00e0 ce que l\u2019acceptation ou le refus des cookies vous soient propos\u00e9s pr\u00e9alablement, avant qu\u2019un cookie soit susceptible d\u2019\u00eatre enregistr\u00e9 dans votre terminal. Pour la gestion des cookies et de vos choix, la configuration de chaque navigateur est diff\u00e9rente. Elle est d\u00e9crite dans le menu d\u2019aide de votre navigateur, qui vous permettra de savoir de quelle mani\u00e8re modifier vos souhaits en mati\u00e8re de cookies.<\/p>\n<p>Pour Internet ExplorerTM : http:\/\/windows.microsoft.com\/fr-FR\/windows-vista\/Block-or-allow-cookies,<br \/>Pour SafariTM : http:\/\/support.apple.com\/kb\/PH17191?viewlocale=fr_FR,<br \/>Pour ChromeTM : http:\/\/support.google.com\/chrome\/bin\/answer.py?hl=fr&amp;hlrm=en&amp;answer=95647,<br \/>Pour FirefoxTM : http:\/\/support.mozilla.org\/fr\/kb\/Activer%20et%20d%C3%A9sactiver%20les%20cookies,<br \/>Pour OperaTM : http:\/\/help.opera.com\/Windows\/10.20\/fr\/cookies.html<\/p>\n<h2><strong>8. Compl\u00e9ment Google Analytics<\/strong><\/h2>\n<p>Ce site utilise les services d\u2019analyse web Google Analytics de la soci\u00e9t\u00e9 Google In. (\u00ab Google \u00bb). Google Analytics utilise des \u201eCookies\u201c, des donn\u00e9es texte, qui sont enregistr\u00e9es sur votre ordinateur (par votre navigateur Internet) et qui permettent d\u2019analyser votre utilisation du site lors de votre visite. Les donn\u00e9es r\u00e9colt\u00e9es via les Cookies concernant votre utilisation du site sont transf\u00e9r\u00e9es sur un serveur de Google aux USA et enregistr\u00e9es sur place. Dans le cas d\u2019une activation de l\u2019anonymisation de l\u2019IP sur ce site, votre adresse IP sera toutefois compress\u00e9e au pr\u00e9alable par Google, dans les Etats membres de l\u2019Union Europ\u00e9enne ou dans les autres Etats membres du trait\u00e9 de l\u2019espace \u00e9conomique europ\u00e9en. Seulement dans des cas exceptionnels, l\u2019adresse IP compl\u00e9t\u00e9 sera transmise \u00e0 un serveur de Google aux Etats-Unis et alors compress\u00e9e. Google utilisera ces informations pour le compte du propri\u00e9taire de ce site, afin d\u2019analyser votre utilisation du site, d\u2019\u00e9tablir des rapports sur l\u2019activit\u00e9 des visiteurs et fournir aussi des donn\u00e9es aux services tiers li\u00e9s \u00e0 l\u2019utilisation du site et d\u2019Internet. Google ne reliera pas l\u2019adresse IP transmise par votre navigateur dans le cadre de Google Analytics \u00e0 d\u2019autres donn\u00e9es Google. Vous pouvez d\u00e9sactiver l\u2019installation et l\u2019utilisation des Cookies par un simple param\u00e9trage de votre logiciel de navigation Internet; nous vous informons cependant qu\u2019il est alors possible que vous ne puissiez acc\u00e9der \u00e0 toutes les fonctions du site de fa\u00e7on optimale. Mais vous pouvez emp\u00eacher l\u2019enregistrement des donn\u00e9es personnelles (incluant votre adresse IP) engendr\u00e9 par les Cookie et l\u2019utilisation du site, ainsi que l\u2019exploitation de ces donn\u00e9es par Google, en t\u00e9l\u00e9chargeant et installant gr\u00e2ce au lien suivant le Plugin navigateur disponible : http:\/\/tools.google.com\/dlpage\/gaoptout<\/p>\n<p>Vous trouverez plus d\u2019informations concernant les R\u00e8gles de confidentialit\u00e9 et conditions d\u2019utilisation de Google Analytics dans la rubrique A propos de Google Analytics.<\/p>\n\t\t\t\t\t\t\t\t<\/div>\n\t\t\t\t<\/div>\n\t\t\t\t\t<\/div>\n\t\t<\/div>\n\t\t\t\t\t<\/div>\n\t\t<\/section>\n\t\t\t\t<\/div>\n\t\t","protected":false},"excerpt":{"rendered":"<p>Qui sommes-nous ? L\u2019adresse de notre site Web est : www.lourdes-france.org. La pr\u00e9sente politique de confidentialit\u00e9 d\u00e9finit et vous informe de la mani\u00e8re dont le Sanctuaire Notre-Dame de Lourdes utilise et prot\u00e8ge les informations que vous nous transmettez. 1. Identit\u00e9 &hellip; <a href=\"https:\/\/www.lourdes-france.org\/en\/politique-de-confidentialite\/\">Continued<\/a><\/p>\n","protected":false},"author":7,"featured_media":0,"parent":0,"menu_order":0,"comment_status":"closed","ping_status":"open","template":"","meta":{"_acf_changed":false,"footnotes":""},"class_list":["post-71703","page","type-page","status-publish","hentry"],"acf":[],"yoast_head":"<!-- This site is optimized with the Yoast SEO plugin v24.7 - https:\/\/yoast.com\/wordpress\/plugins\/seo\/ -->\n<title>Politique de confidentialit\u00e9<\/title>\n<meta name=\"robots\" content=\"index, follow, max-snippet:-1, max-image-preview:large, max-video-preview:-1\" \/>\n<link rel=\"canonical\" href=\"https:\/\/preprod-lourdes.cawita.com\/politique-de-confidentialite\/\" \/>\n<meta name=\"twitter:label1\" content=\"Est. reading time\" \/>\n\t<meta name=\"twitter:data1\" content=\"6 minutes\" \/>\n<script type=\"application\/ld+json\" class=\"yoast-schema-graph\">{\"@context\":\"https:\/\/schema.org\",\"@graph\":[{\"@type\":\"WebPage\",\"@id\":\"https:\/\/preprod-lourdes.cawita.com\/politique-de-confidentialite\/\",\"url\":\"https:\/\/preprod-lourdes.cawita.com\/politique-de-confidentialite\/\",\"name\":\"Politique de confidentialit\u00e9\",\"isPartOf\":{\"@id\":\"https:\/\/preprod-lourdes.cawita.com\/#website\"},\"datePublished\":\"2018-07-05T12:41:54+00:00\",\"dateModified\":\"2022-09-09T11:08:58+00:00\",\"breadcrumb\":{\"@id\":\"https:\/\/preprod-lourdes.cawita.com\/politique-de-confidentialite\/#breadcrumb\"},\"inLanguage\":\"en-US\",\"potentialAction\":[{\"@type\":\"ReadAction\",\"target\":[\"https:\/\/preprod-lourdes.cawita.com\/politique-de-confidentialite\/\"]}]},{\"@type\":\"BreadcrumbList\",\"@id\":\"https:\/\/preprod-lourdes.cawita.com\/politique-de-confidentialite\/#breadcrumb\",\"itemListElement\":[{\"@type\":\"ListItem\",\"position\":1,\"name\":\"Accueil\",\"item\":\"https:\/\/www.lourdes-france.org\/\"},{\"@type\":\"ListItem\",\"position\":2,\"name\":\"Politique de confidentialit\u00e9\"}]},{\"@type\":\"WebSite\",\"@id\":\"https:\/\/preprod-lourdes.cawita.com\/#website\",\"url\":\"https:\/\/preprod-lourdes.cawita.com\/\",\"name\":\"Soutenir le Sanctuaire Notre-Dame de Lourdes\",\"description\":\"\",\"potentialAction\":[{\"@type\":\"SearchAction\",\"target\":{\"@type\":\"EntryPoint\",\"urlTemplate\":\"https:\/\/preprod-lourdes.cawita.com\/?s={search_term_string}\"},\"query-input\":{\"@type\":\"PropertyValueSpecification\",\"valueRequired\":true,\"valueName\":\"search_term_string\"}}],\"inLanguage\":\"en-US\"}]}<\/script>\n<!-- \/ Yoast SEO plugin. -->","yoast_head_json":{"title":"Politique de confidentialit\u00e9","robots":{"index":"index","follow":"follow","max-snippet":"max-snippet:-1","max-image-preview":"max-image-preview:large","max-video-preview":"max-video-preview:-1"},"canonical":"https:\/\/preprod-lourdes.cawita.com\/politique-de-confidentialite\/","twitter_misc":{"Est. reading time":"6 minutes"},"schema":{"@context":"https:\/\/schema.org","@graph":[{"@type":"WebPage","@id":"https:\/\/preprod-lourdes.cawita.com\/politique-de-confidentialite\/","url":"https:\/\/preprod-lourdes.cawita.com\/politique-de-confidentialite\/","name":"Politique de confidentialit\u00e9","isPartOf":{"@id":"https:\/\/preprod-lourdes.cawita.com\/#website"},"datePublished":"2018-07-05T12:41:54+00:00","dateModified":"2022-09-09T11:08:58+00:00","breadcrumb":{"@id":"https:\/\/preprod-lourdes.cawita.com\/politique-de-confidentialite\/#breadcrumb"},"inLanguage":"en-US","potentialAction":[{"@type":"ReadAction","target":["https:\/\/preprod-lourdes.cawita.com\/politique-de-confidentialite\/"]}]},{"@type":"BreadcrumbList","@id":"https:\/\/preprod-lourdes.cawita.com\/politique-de-confidentialite\/#breadcrumb","itemListElement":[{"@type":"ListItem","position":1,"name":"Accueil","item":"https:\/\/www.lourdes-france.org\/"},{"@type":"ListItem","position":2,"name":"Politique de confidentialit\u00e9"}]},{"@type":"WebSite","@id":"https:\/\/preprod-lourdes.cawita.com\/#website","url":"https:\/\/preprod-lourdes.cawita.com\/","name":"Soutenir le Sanctuaire Notre-Dame de Lourdes","description":"","potentialAction":[{"@type":"SearchAction","target":{"@type":"EntryPoint","urlTemplate":"https:\/\/preprod-lourdes.cawita.com\/?s={search_term_string}"},"query-input":{"@type":"PropertyValueSpecification","valueRequired":true,"valueName":"search_term_string"}}],"inLanguage":"en-US"}]}},"_links":{"self":[{"href":"https:\/\/www.lourdes-france.org\/en\/wp-json\/wp\/v2\/pages\/71703","targetHints":{"allow":["GET"]}}],"collection":[{"href":"https:\/\/www.lourdes-france.org\/en\/wp-json\/wp\/v2\/pages"}],"about":[{"href":"https:\/\/www.lourdes-france.org\/en\/wp-json\/wp\/v2\/types\/page"}],"author":[{"embeddable":true,"href":"https:\/\/www.lourdes-france.org\/en\/wp-json\/wp\/v2\/users\/7"}],"replies":[{"embeddable":true,"href":"https:\/\/www.lourdes-france.org\/en\/wp-json\/wp\/v2\/comments?post=71703"}],"version-history":[{"count":5,"href":"https:\/\/www.lourdes-france.org\/en\/wp-json\/wp\/v2\/pages\/71703\/revisions"}],"predecessor-version":[{"id":869695,"href":"https:\/\/www.lourdes-france.org\/en\/wp-json\/wp\/v2\/pages\/71703\/revisions\/869695"}],"wp:attachment":[{"href":"https:\/\/www.lourdes-france.org\/en\/wp-json\/wp\/v2\/media?parent=71703"}],"curies":[{"name":"wp","href":"https:\/\/api.w.org\/{rel}","templated":true}]}}