{"id":867184,"date":"2022-03-24T14:09:09","date_gmt":"2022-03-24T13:09:09","guid":{"rendered":"https:\/\/www.lourdes-france.org\/les-miracles-de-lourdes\/"},"modified":"2022-08-30T14:15:50","modified_gmt":"2022-08-30T12:15:50","slug":"the-miracles-of-lourdes","status":"publish","type":"page","link":"https:\/\/www.lourdes-france.org\/en\/the-miracles-of-lourdes\/","title":{"rendered":"The miracles of Lourdes"},"content":{"rendered":"\t\t<div data-elementor-type=\"wp-page\" data-elementor-id=\"867184\" class=\"elementor elementor-867184 elementor-848594\" data-elementor-post-type=\"page\">\n\t\t\t\t\t\t<section class=\"elementor-section elementor-top-section elementor-element elementor-element-b02271f elementor-section-full_width elementor-section-stretched elementor-section-height-default elementor-section-height-default\" data-id=\"b02271f\" data-element_type=\"section\" data-settings=\"{&quot;stretch_section&quot;:&quot;section-stretched&quot;}\">\n\t\t\t\t\t\t<div class=\"elementor-container elementor-column-gap-default\">\n\t\t\t\t\t<div class=\"elementor-column elementor-col-100 elementor-top-column elementor-element elementor-element-181e9395\" data-id=\"181e9395\" data-element_type=\"column\">\n\t\t\t<div class=\"elementor-widget-wrap elementor-element-populated\">\n\t\t\t\t\t\t<div class=\"elementor-element elementor-element-6ad1896e elementor-widget elementor-widget-image\" data-id=\"6ad1896e\" data-element_type=\"widget\" data-widget_type=\"image.default\">\n\t\t\t\t<div class=\"elementor-widget-container\">\n\t\t\t\t\t\t\t\t\t\t\t\t\t\t\t<img fetchpriority=\"high\" decoding=\"async\" width=\"2048\" height=\"1365\" src=\"https:\/\/www.lourdes-france.org\/wp-content\/uploads\/2022\/06\/7-1er_Cas_Louis_Bouriette_recadre-2048x1365.jpg\" class=\"attachment-2048x2048 size-2048x2048 wp-image-860678\" alt=\"\" srcset=\"https:\/\/www.lourdes-france.org\/wp-content\/uploads\/2022\/06\/7-1er_Cas_Louis_Bouriette_recadre-2048x1365.jpg 2048w, https:\/\/www.lourdes-france.org\/wp-content\/uploads\/2022\/06\/7-1er_Cas_Louis_Bouriette_recadre-300x200.jpg 300w, https:\/\/www.lourdes-france.org\/wp-content\/uploads\/2022\/06\/7-1er_Cas_Louis_Bouriette_recadre-1024x683.jpg 1024w, https:\/\/www.lourdes-france.org\/wp-content\/uploads\/2022\/06\/7-1er_Cas_Louis_Bouriette_recadre-768x512.jpg 768w, https:\/\/www.lourdes-france.org\/wp-content\/uploads\/2022\/06\/7-1er_Cas_Louis_Bouriette_recadre-1536x1024.jpg 1536w\" sizes=\"(max-width: 2048px) 100vw, 2048px\" \/>\t\t\t\t\t\t\t\t\t\t\t\t\t\t\t<\/div>\n\t\t\t\t<\/div>\n\t\t\t\t\t<\/div>\n\t\t<\/div>\n\t\t\t\t\t<\/div>\n\t\t<\/section>\n\t\t\t\t<section class=\"elementor-section elementor-top-section elementor-element elementor-element-70565c17 elementor-section-boxed elementor-section-height-default elementor-section-height-default\" data-id=\"70565c17\" data-element_type=\"section\">\n\t\t\t\t\t\t<div class=\"elementor-container elementor-column-gap-default\">\n\t\t\t\t\t<div class=\"elementor-column elementor-col-100 elementor-top-column elementor-element elementor-element-3ef5239b\" data-id=\"3ef5239b\" data-element_type=\"column\">\n\t\t\t<div class=\"elementor-widget-wrap elementor-element-populated\">\n\t\t\t\t\t\t<div class=\"elementor-element elementor-element-2dc243a4 elementor-widget elementor-widget-heading\" data-id=\"2dc243a4\" data-element_type=\"widget\" data-widget_type=\"heading.default\">\n\t\t\t\t<div class=\"elementor-widget-container\">\n\t\t\t\t\t<h1 class=\"elementor-heading-title elementor-size-default\">The miracles of Lourdes<\/h1>\t\t\t\t<\/div>\n\t\t\t\t<\/div>\n\t\t\t\t\t<\/div>\n\t\t<\/div>\n\t\t\t\t\t<\/div>\n\t\t<\/section>\n\t\t\t\t<section class=\"elementor-section elementor-top-section elementor-element elementor-element-125fbb1 elementor-section-boxed elementor-section-height-default elementor-section-height-default\" data-id=\"125fbb1\" data-element_type=\"section\" data-settings=\"{&quot;background_background&quot;:&quot;classic&quot;}\">\n\t\t\t\t\t\t<div class=\"elementor-container elementor-column-gap-default\">\n\t\t\t\t\t<div class=\"elementor-column elementor-col-100 elementor-top-column elementor-element elementor-element-45a2d7d\" data-id=\"45a2d7d\" data-element_type=\"column\">\n\t\t\t<div class=\"elementor-widget-wrap elementor-element-populated\">\n\t\t\t\t\t\t<div class=\"elementor-element elementor-element-cc2b2d3 elementor-widget elementor-widget-text-editor\" data-id=\"cc2b2d3\" data-element_type=\"widget\" data-widget_type=\"text-editor.default\">\n\t\t\t\t<div class=\"elementor-widget-container\">\n\t\t\t\t\t\t\t\t\t<h5>At Lourdes, the first miracles took place after the apparitions of the Virgin Mary to Bernadette in 1858.<br \/>Since then, thousands of declarations of cures have been collected by an institution that is unique in the world: the \u201cBureau des Constatations M\u00e9dicales\u201d (Medical Bureau of the Sanctuary).<\/h5>\t\t\t\t\t\t\t\t<\/div>\n\t\t\t\t<\/div>\n\t\t\t\t\t<\/div>\n\t\t<\/div>\n\t\t\t\t\t<\/div>\n\t\t<\/section>\n\t\t\t\t<section class=\"elementor-section elementor-top-section elementor-element elementor-element-e692140 elementor-section-boxed elementor-section-height-default elementor-section-height-default\" data-id=\"e692140\" data-element_type=\"section\">\n\t\t\t\t\t\t<div class=\"elementor-container elementor-column-gap-default\">\n\t\t\t\t\t<div class=\"elementor-column elementor-col-100 elementor-top-column elementor-element elementor-element-95cb9bd\" data-id=\"95cb9bd\" data-element_type=\"column\">\n\t\t\t<div class=\"elementor-widget-wrap elementor-element-populated\">\n\t\t\t\t\t\t<div class=\"elementor-element elementor-element-4648000 elementor-widget elementor-widget-text-editor\" data-id=\"4648000\" data-element_type=\"widget\" data-widget_type=\"text-editor.default\">\n\t\t\t\t<div class=\"elementor-widget-container\">\n\t\t\t\t\t\t\t\t\t<h2>A MEDICAL INVESTIGATION OFFICE UNIQUE IN THE WORLD<\/h2><p>Founded in 1883, the &#8220;Bureau des Constatations M\u00e9dicales de Lourdes&#8221; (Medical Bureau of the Sanctuary) is, like the baths<sup>1<\/sup>, part of the historical heritage of the Sanctuary of Our Lady of Lourdes. It is a unique place in the world, as no other shrine, regardless of religion, benefits from the permanent presence of a doctor in charge of noting, verifying and investigating cases of supposed cures.<br \/>While more than 7,000 cases of healing have been reported at Lourdes since the apparitions, 70 cases have been recognised as miraculous by the Church<sup>2<\/sup> so far. More than 80% of the cures recognised as miraculous concern women. The youngest person whose healing was recognised as miraculous was 2 years old. The countries of origin of the people whose healing was recognised as miraculous are: France (56), Italy (8), Belgium (3), Germany (1), Austria (1) and Switzerland (1). Six people claim to have been cured by the intercession of Our Lady of Lourdes while they had not come to Lourdes. Most of the people were healed by contact with Lourdes water (50), most of them at the Sanctuary&#8217;s baths.<\/p><h2>HISTORY<\/h2><p>At the request of Father R\u00e9mi Semp\u00e9, Father of Garaison, first Rector of the Sanctuary,\u00a0Dr Georges-Fernand Dunot de Saint-Maclou established the \u201cBureau des Constatations M\u00e9dicales\u201d (Medical Bureau of the Sanctuary), so that no one would leave Lourdes claiming to be \u201ccured\u201d without having submitted his or her healing story to a rigorous and collegiate medical assessment. In 1886, through the Archbishop of Cagliari, Monsignor Vincenzo Gregorio Berchialla, Pope Leo XIII gave his approval to the rigorous procedures of the Medical Bureau of Lourdes. And in 1905, the Bishop of Tarbes received confirmation from the Holy See of his right to use the procedures of the Medical Bureau of the Sanctuary to study the reported cures. This right still applies today.<\/p><h2>DECLARATION OF A MIRACLE: 4 DECISIVE STEPS<\/h2><p>The permanent doctor of the Medical Bureau of Lourdes, Dr Alessandro de Franciscis, who has been in charge of this mission since 2009, receives the people who wish to declare a cure. If he considers the case to be serious and worthy of further investigation, he will call in his fellow doctors and carers who are present at Lourdes on that day and who have registered their presence at the Medical Bureau of the Sanctuary. If the doctors collectively decide to continue the investigation, the cure is then subject to a long research process, which may last several years, and at the end of which the members of the International Medical Committee of Lourdes (CMIL) vote that the cure is \u201cunexplained in the present state of our knowledge\u201d.<br \/>The result of the CMIL vote is then reported to the bishop of the cured person&#8217;s place of residence. It is then up to the bishop, as the representative of the Church hierarchy, to decide whether to declare a miracle<sup>3<\/sup>.<\/p><h2>The doctors\u2019 work and voting must meet a set of 7 criteria<sup>4<\/sup>:<\/h2><ol><li>The 1st criterion is that the disease is serious, with an unfavourable prognosis.<\/li><li>Secondly, the disease must be known and recorded by medicine.<\/li><li>Thirdly, this disease must be organic, lesional, that is to say, there must be objective, biological, radiological criteria, everything that currently exists in medicine; this means that even today we will not recognise cures of pathologies without precise objective criteria, such as psychological, psychiatric, functional, nervous diseases, etc. (this does not mean that these diseases cannot be cured, but according to the criteria of the Church, they will not be recognised as miracles in the current state of affairs).<\/li><li>Fourthly, there must not have been any treatment to which the cure could be attributed.<\/li><li>The 5th criterion concerns the timing of the cure itself: recovery must be sudden, instantaneous, immediate and without convalescence.<\/li><li>Finally, after the cure, there are <strong>two additional criteria<\/strong>: it must not simply be a regression of symptoms but a return of all vital functions, and finally, it must not simply be a remission but a cure, i.e. lasting and definitive.<\/li><\/ol><p>\u00a0<\/p><p><sup>1 &#8211; The ritual of bathing in the baths of the Sanctuary of Our Lady of Lourdes is inscribed in the intangible cultural heritage.<br \/>2 &#8211; Gallery of portraits of the 70 miracles of Lourdes on the 1st floor of the Accueil Jean-Paul II.<br \/><\/sup><sup>3 &#8211; Miracle: \u201cAn extraordinary and awe-inspiring fact outside the usual course of events. It is a manifestation of God&#8217;s power and intervention which brings a revelation of his presence and the freedom he uses to accomplish his purposes. The miracle does not have its own purpose; it directs our gaze further by revealing the immediate presence of God\u201d (Source: French Bishops&#8217; Conference).<br \/>4 &#8211; These are the same criteria used by the Congregation for the Causes of Saints in the Vatican which uses them in the recognition of miracles in connection with beatifications and canonisations. They were defined by Cardinal Lambertini (future Pope Benedict XIV).<br \/><\/sup><\/p>\t\t\t\t\t\t\t\t<\/div>\n\t\t\t\t<\/div>\n\t\t\t\t\t<\/div>\n\t\t<\/div>\n\t\t\t\t\t<\/div>\n\t\t<\/section>\n\t\t\t\t<section class=\"elementor-section elementor-top-section elementor-element elementor-element-b071154 elementor-section-boxed elementor-section-height-default elementor-section-height-default\" data-id=\"b071154\" data-element_type=\"section\">\n\t\t\t\t\t\t<div class=\"elementor-container elementor-column-gap-default\">\n\t\t\t\t\t<div class=\"elementor-column elementor-col-100 elementor-top-column elementor-element elementor-element-5f12d29\" data-id=\"5f12d29\" data-element_type=\"column\">\n\t\t\t<div class=\"elementor-widget-wrap elementor-element-populated\">\n\t\t\t\t\t\t<div class=\"elementor-element elementor-element-8c6c5bb elementor-align-center elementor-widget elementor-widget-button\" data-id=\"8c6c5bb\" data-element_type=\"widget\" data-widget_type=\"button.default\">\n\t\t\t\t<div class=\"elementor-widget-container\">\n\t\t\t\t\t\t\t\t\t<div class=\"elementor-button-wrapper\">\n\t\t\t\t\t<a class=\"elementor-button elementor-button-link elementor-size-sm\" href=\"https:\/\/www.lourdes-france.com\/en\/miraculous-healings\/\" target=\"_blank\">\n\t\t\t\t\t\t<span class=\"elementor-button-content-wrapper\">\n\t\t\t\t\t\t\t\t\t<span class=\"elementor-button-text\">70 cases of unexplained cures have been recognised as miraculous by the Church at this time<\/span>\n\t\t\t\t\t<\/span>\n\t\t\t\t\t<\/a>\n\t\t\t\t<\/div>\n\t\t\t\t\t\t\t\t<\/div>\n\t\t\t\t<\/div>\n\t\t\t\t<div class=\"elementor-element elementor-element-bcb616a elementor-align-center elementor-widget elementor-widget-button\" data-id=\"bcb616a\" data-element_type=\"widget\" data-widget_type=\"button.default\">\n\t\t\t\t<div class=\"elementor-widget-container\">\n\t\t\t\t\t\t\t\t\t<div class=\"elementor-button-wrapper\">\n\t\t\t\t\t<a class=\"elementor-button elementor-button-link elementor-size-sm\" href=\"https:\/\/www.amilourdes.com\/\" target=\"_blank\">\n\t\t\t\t\t\t<span class=\"elementor-button-content-wrapper\">\n\t\t\t\t\t\t\t\t\t<span class=\"elementor-button-text\">INTERNATIONAL MEDICAL ASSOCIATION OF LOURDES (AMIL)<\/span>\n\t\t\t\t\t<\/span>\n\t\t\t\t\t<\/a>\n\t\t\t\t<\/div>\n\t\t\t\t\t\t\t\t<\/div>\n\t\t\t\t<\/div>\n\t\t\t\t\t<\/div>\n\t\t<\/div>\n\t\t\t\t\t<\/div>\n\t\t<\/section>\n\t\t\t\t<\/div>\n\t\t","protected":false},"excerpt":{"rendered":"<p>The miracles of Lourdes At Lourdes, the first miracles took place after the apparitions of the Virgin Mary to Bernadette in 1858.Since then, thousands of declarations of cures have been collected by an institution that is unique in the world: &hellip; <a href=\"https:\/\/www.lourdes-france.org\/en\/the-miracles-of-lourdes\/\">Continued<\/a><\/p>\n","protected":false},"author":7,"featured_media":0,"parent":0,"menu_order":0,"comment_status":"closed","ping_status":"closed","template":"","meta":{"_acf_changed":false,"footnotes":""},"class_list":["post-867184","page","type-page","status-publish","hentry"],"acf":[],"yoast_head":"<!-- This site is optimized with the Yoast SEO plugin v24.7 - https:\/\/yoast.com\/wordpress\/plugins\/seo\/ -->\n<title>Les miracles de Lourdes<\/title>\n<meta name=\"description\" content=\"Les premiers miracles de Lourdes ont eu lieu apr\u00e8s les apparitions de la Vierge \u00e0 Bernadette en 1858 recueillies par le Bureau des constatations m\u00e9dicales.\" \/>\n<meta name=\"robots\" content=\"index, follow, max-snippet:-1, max-image-preview:large, max-video-preview:-1\" \/>\n<link rel=\"canonical\" href=\"https:\/\/preprod-lourdes.cawita.com\/en\/the-miracles-of-lourdes\/\" \/>\n<meta name=\"twitter:label1\" content=\"Est. reading time\" \/>\n\t<meta name=\"twitter:data1\" content=\"5 minutes\" \/>\n<script type=\"application\/ld+json\" class=\"yoast-schema-graph\">{\"@context\":\"https:\/\/schema.org\",\"@graph\":[{\"@type\":\"WebPage\",\"@id\":\"https:\/\/preprod-lourdes.cawita.com\/en\/the-miracles-of-lourdes\/\",\"url\":\"https:\/\/preprod-lourdes.cawita.com\/en\/the-miracles-of-lourdes\/\",\"name\":\"Les miracles de Lourdes\",\"isPartOf\":{\"@id\":\"https:\/\/preprod-lourdes.cawita.com\/#website\"},\"primaryImageOfPage\":{\"@id\":\"https:\/\/preprod-lourdes.cawita.com\/en\/the-miracles-of-lourdes\/#primaryimage\"},\"image\":{\"@id\":\"https:\/\/preprod-lourdes.cawita.com\/en\/the-miracles-of-lourdes\/#primaryimage\"},\"thumbnailUrl\":\"https:\/\/www.lourdes-france.org\/wp-content\/uploads\/2022\/06\/7-1er_Cas_Louis_Bouriette_recadre-2048x1365.jpg\",\"datePublished\":\"2022-03-24T13:09:09+00:00\",\"dateModified\":\"2022-08-30T12:15:50+00:00\",\"description\":\"Les premiers miracles de Lourdes ont eu lieu apr\u00e8s les apparitions de la Vierge \u00e0 Bernadette en 1858 recueillies par le Bureau des constatations m\u00e9dicales.\",\"breadcrumb\":{\"@id\":\"https:\/\/preprod-lourdes.cawita.com\/en\/the-miracles-of-lourdes\/#breadcrumb\"},\"inLanguage\":\"en-US\",\"potentialAction\":[{\"@type\":\"ReadAction\",\"target\":[\"https:\/\/preprod-lourdes.cawita.com\/en\/the-miracles-of-lourdes\/\"]}]},{\"@type\":\"ImageObject\",\"inLanguage\":\"en-US\",\"@id\":\"https:\/\/preprod-lourdes.cawita.com\/en\/the-miracles-of-lourdes\/#primaryimage\",\"url\":\"https:\/\/www.lourdes-france.org\/wp-content\/uploads\/2022\/06\/7-1er_Cas_Louis_Bouriette_recadre-2048x1365.jpg\",\"contentUrl\":\"https:\/\/www.lourdes-france.org\/wp-content\/uploads\/2022\/06\/7-1er_Cas_Louis_Bouriette_recadre-2048x1365.jpg\"},{\"@type\":\"BreadcrumbList\",\"@id\":\"https:\/\/preprod-lourdes.cawita.com\/en\/the-miracles-of-lourdes\/#breadcrumb\",\"itemListElement\":[{\"@type\":\"ListItem\",\"position\":1,\"name\":\"Accueil\",\"item\":\"https:\/\/www.lourdes-france.org\/\"},{\"@type\":\"ListItem\",\"position\":2,\"name\":\"The miracles of Lourdes\"}]},{\"@type\":\"WebSite\",\"@id\":\"https:\/\/preprod-lourdes.cawita.com\/#website\",\"url\":\"https:\/\/preprod-lourdes.cawita.com\/\",\"name\":\"Soutenir le Sanctuaire Notre-Dame de Lourdes\",\"description\":\"\",\"potentialAction\":[{\"@type\":\"SearchAction\",\"target\":{\"@type\":\"EntryPoint\",\"urlTemplate\":\"https:\/\/preprod-lourdes.cawita.com\/?s={search_term_string}\"},\"query-input\":{\"@type\":\"PropertyValueSpecification\",\"valueRequired\":true,\"valueName\":\"search_term_string\"}}],\"inLanguage\":\"en-US\"}]}<\/script>\n<!-- \/ Yoast SEO plugin. -->","yoast_head_json":{"title":"Les miracles de Lourdes","description":"Les premiers miracles de Lourdes ont eu lieu apr\u00e8s les apparitions de la Vierge \u00e0 Bernadette en 1858 recueillies par le Bureau des constatations m\u00e9dicales.","robots":{"index":"index","follow":"follow","max-snippet":"max-snippet:-1","max-image-preview":"max-image-preview:large","max-video-preview":"max-video-preview:-1"},"canonical":"https:\/\/preprod-lourdes.cawita.com\/en\/the-miracles-of-lourdes\/","twitter_misc":{"Est. reading time":"5 minutes"},"schema":{"@context":"https:\/\/schema.org","@graph":[{"@type":"WebPage","@id":"https:\/\/preprod-lourdes.cawita.com\/en\/the-miracles-of-lourdes\/","url":"https:\/\/preprod-lourdes.cawita.com\/en\/the-miracles-of-lourdes\/","name":"Les miracles de Lourdes","isPartOf":{"@id":"https:\/\/preprod-lourdes.cawita.com\/#website"},"primaryImageOfPage":{"@id":"https:\/\/preprod-lourdes.cawita.com\/en\/the-miracles-of-lourdes\/#primaryimage"},"image":{"@id":"https:\/\/preprod-lourdes.cawita.com\/en\/the-miracles-of-lourdes\/#primaryimage"},"thumbnailUrl":"https:\/\/www.lourdes-france.org\/wp-content\/uploads\/2022\/06\/7-1er_Cas_Louis_Bouriette_recadre-2048x1365.jpg","datePublished":"2022-03-24T13:09:09+00:00","dateModified":"2022-08-30T12:15:50+00:00","description":"Les premiers miracles de Lourdes ont eu lieu apr\u00e8s les apparitions de la Vierge \u00e0 Bernadette en 1858 recueillies par le Bureau des constatations m\u00e9dicales.","breadcrumb":{"@id":"https:\/\/preprod-lourdes.cawita.com\/en\/the-miracles-of-lourdes\/#breadcrumb"},"inLanguage":"en-US","potentialAction":[{"@type":"ReadAction","target":["https:\/\/preprod-lourdes.cawita.com\/en\/the-miracles-of-lourdes\/"]}]},{"@type":"ImageObject","inLanguage":"en-US","@id":"https:\/\/preprod-lourdes.cawita.com\/en\/the-miracles-of-lourdes\/#primaryimage","url":"https:\/\/www.lourdes-france.org\/wp-content\/uploads\/2022\/06\/7-1er_Cas_Louis_Bouriette_recadre-2048x1365.jpg","contentUrl":"https:\/\/www.lourdes-france.org\/wp-content\/uploads\/2022\/06\/7-1er_Cas_Louis_Bouriette_recadre-2048x1365.jpg"},{"@type":"BreadcrumbList","@id":"https:\/\/preprod-lourdes.cawita.com\/en\/the-miracles-of-lourdes\/#breadcrumb","itemListElement":[{"@type":"ListItem","position":1,"name":"Accueil","item":"https:\/\/www.lourdes-france.org\/"},{"@type":"ListItem","position":2,"name":"The miracles of Lourdes"}]},{"@type":"WebSite","@id":"https:\/\/preprod-lourdes.cawita.com\/#website","url":"https:\/\/preprod-lourdes.cawita.com\/","name":"Soutenir le Sanctuaire Notre-Dame de Lourdes","description":"","potentialAction":[{"@type":"SearchAction","target":{"@type":"EntryPoint","urlTemplate":"https:\/\/preprod-lourdes.cawita.com\/?s={search_term_string}"},"query-input":{"@type":"PropertyValueSpecification","valueRequired":true,"valueName":"search_term_string"}}],"inLanguage":"en-US"}]}},"_links":{"self":[{"href":"https:\/\/www.lourdes-france.org\/en\/wp-json\/wp\/v2\/pages\/867184","targetHints":{"allow":["GET"]}}],"collection":[{"href":"https:\/\/www.lourdes-france.org\/en\/wp-json\/wp\/v2\/pages"}],"about":[{"href":"https:\/\/www.lourdes-france.org\/en\/wp-json\/wp\/v2\/types\/page"}],"author":[{"embeddable":true,"href":"https:\/\/www.lourdes-france.org\/en\/wp-json\/wp\/v2\/users\/7"}],"replies":[{"embeddable":true,"href":"https:\/\/www.lourdes-france.org\/en\/wp-json\/wp\/v2\/comments?post=867184"}],"version-history":[{"count":4,"href":"https:\/\/www.lourdes-france.org\/en\/wp-json\/wp\/v2\/pages\/867184\/revisions"}],"predecessor-version":[{"id":867213,"href":"https:\/\/www.lourdes-france.org\/en\/wp-json\/wp\/v2\/pages\/867184\/revisions\/867213"}],"wp:attachment":[{"href":"https:\/\/www.lourdes-france.org\/en\/wp-json\/wp\/v2\/media?parent=867184"}],"curies":[{"name":"wp","href":"https:\/\/api.w.org\/{rel}","templated":true}]}}