{"id":871464,"date":"2022-08-31T14:56:58","date_gmt":"2022-08-31T12:56:58","guid":{"rendered":"https:\/\/www.lourdes-france.org\/organiser-un-pelerinage-a-lourdes\/"},"modified":"2026-01-19T15:09:23","modified_gmt":"2026-01-19T14:09:23","slug":"organiser-un-pelerinage-a-lourdes","status":"publish","type":"page","link":"https:\/\/www.lourdes-france.org\/en\/lourdes-pilgrimage\/organiser-un-pelerinage-a-lourdes\/","title":{"rendered":"Organise a pilgrimage to Lourdes"},"content":{"rendered":"\t\t<div data-elementor-type=\"wp-page\" data-elementor-id=\"871464\" class=\"elementor elementor-871464 elementor-867539\" data-elementor-post-type=\"page\">\n\t\t\t\t\t\t<section class=\"elementor-section elementor-top-section elementor-element elementor-element-e0d823f elementor-section-full_width elementor-section-stretched elementor-section-height-default elementor-section-height-default\" data-id=\"e0d823f\" data-element_type=\"section\" data-settings=\"{&quot;stretch_section&quot;:&quot;section-stretched&quot;,&quot;background_background&quot;:&quot;classic&quot;}\">\n\t\t\t\t\t\t<div class=\"elementor-container elementor-column-gap-default\">\n\t\t\t\t\t<div class=\"elementor-column elementor-col-100 elementor-top-column elementor-element elementor-element-aea0d03\" data-id=\"aea0d03\" data-element_type=\"column\">\n\t\t\t<div class=\"elementor-widget-wrap elementor-element-populated\">\n\t\t\t\t\t\t<div class=\"elementor-element elementor-element-ec2dc0c elementor-widget elementor-widget-spacer\" data-id=\"ec2dc0c\" data-element_type=\"widget\" data-widget_type=\"spacer.default\">\n\t\t\t\t<div class=\"elementor-widget-container\">\n\t\t\t\t\t\t\t<div class=\"elementor-spacer\">\n\t\t\t<div class=\"elementor-spacer-inner\"><\/div>\n\t\t<\/div>\n\t\t\t\t\t\t<\/div>\n\t\t\t\t<\/div>\n\t\t\t\t\t<\/div>\n\t\t<\/div>\n\t\t\t\t\t<\/div>\n\t\t<\/section>\n\t\t\t\t<section class=\"elementor-section elementor-top-section elementor-element elementor-element-ab22b4e elementor-section-full_width elementor-section-height-default elementor-section-height-default\" data-id=\"ab22b4e\" data-element_type=\"section\" data-settings=\"{&quot;background_background&quot;:&quot;classic&quot;}\">\n\t\t\t\t\t\t<div class=\"elementor-container elementor-column-gap-default\">\n\t\t\t\t\t<div class=\"elementor-column elementor-col-100 elementor-top-column elementor-element elementor-element-d3692c0\" data-id=\"d3692c0\" data-element_type=\"column\">\n\t\t\t<div class=\"elementor-widget-wrap elementor-element-populated\">\n\t\t\t\t\t\t<div class=\"elementor-element elementor-element-97d9bce elementor-widget elementor-widget-spacer\" data-id=\"97d9bce\" data-element_type=\"widget\" data-widget_type=\"spacer.default\">\n\t\t\t\t<div class=\"elementor-widget-container\">\n\t\t\t\t\t\t\t<div class=\"elementor-spacer\">\n\t\t\t<div class=\"elementor-spacer-inner\"><\/div>\n\t\t<\/div>\n\t\t\t\t\t\t<\/div>\n\t\t\t\t<\/div>\n\t\t\t\t<div class=\"elementor-element elementor-element-f7e685f elementor-widget elementor-widget-heading\" data-id=\"f7e685f\" data-element_type=\"widget\" data-widget_type=\"heading.default\">\n\t\t\t\t<div class=\"elementor-widget-container\">\n\t\t\t\t\t<h2 class=\"elementor-heading-title elementor-size-default\">Organise a pilgrimage to Lourdes<\/h2>\t\t\t\t<\/div>\n\t\t\t\t<\/div>\n\t\t\t\t<div class=\"elementor-element elementor-element-efad5c5 elementor-widget elementor-widget-heading\" data-id=\"efad5c5\" data-element_type=\"widget\" data-widget_type=\"heading.default\">\n\t\t\t\t<div class=\"elementor-widget-container\">\n\t\t\t\t\t<h2 class=\"elementor-heading-title elementor-size-default\">_________________<\/h2>\t\t\t\t<\/div>\n\t\t\t\t<\/div>\n\t\t\t\t<div class=\"elementor-element elementor-element-d52b525 elementor-widget elementor-widget-text-editor\" data-id=\"d52b525\" data-element_type=\"widget\" data-widget_type=\"text-editor.default\">\n\t\t\t\t<div class=\"elementor-widget-container\">\n\t\t\t\t\t\t\t\t\t<p style=\"text-align: center;\"><strong>Are you planning to come to Lourdes with a group? On a pilgrimage? To prepare sacraments? Three or four days, for a spiritual time? With sick, elderly or young people? Whether you are Pilgrimage Directors or Hospitality Presidents, group leaders, catechists, priests, chaplains, travel agencies&#8230; welcome!<\/strong><\/p>\t\t\t\t\t\t\t\t<\/div>\n\t\t\t\t<\/div>\n\t\t\t\t<div class=\"elementor-element elementor-element-a528cbe elementor-widget elementor-widget-text-editor\" data-id=\"a528cbe\" data-element_type=\"widget\" data-widget_type=\"text-editor.default\">\n\t\t\t\t<div class=\"elementor-widget-container\">\n\t\t\t\t\t\t\t\t\t<p>The Sanctuary of Our Lady of Lourdes is a major pilgrimage site which welcomes many young, sick, disabled and vulnerable people. Attentive to their needs and their protection, the Sanctuary of Our Lady of Lourdes has established a charter for the protection of minors and vulnerable people, as well as awareness and information material for pilgrimage organisers.<\/p>\t\t\t\t\t\t\t\t<\/div>\n\t\t\t\t<\/div>\n\t\t\t\t<div class=\"elementor-element elementor-element-d7c027c elementor-align-center elementor-widget elementor-widget-button\" data-id=\"d7c027c\" data-element_type=\"widget\" data-widget_type=\"button.default\">\n\t\t\t\t<div class=\"elementor-widget-container\">\n\t\t\t\t\t\t\t\t\t<div class=\"elementor-button-wrapper\">\n\t\t\t\t\t<a class=\"elementor-button elementor-button-link elementor-size-sm\" href=\"https:\/\/www.lourdes-france.org\/en\/personnes-vulnerables\/\" target=\"_blank\">\n\t\t\t\t\t\t<span class=\"elementor-button-content-wrapper\">\n\t\t\t\t\t\t\t\t\t<span class=\"elementor-button-text\">Charter for the protection of minors and vulnerable people<\/span>\n\t\t\t\t\t<\/span>\n\t\t\t\t\t<\/a>\n\t\t\t\t<\/div>\n\t\t\t\t\t\t\t\t<\/div>\n\t\t\t\t<\/div>\n\t\t\t\t<div class=\"elementor-element elementor-element-9e67fdc elementor-align-center elementor-widget elementor-widget-button\" data-id=\"9e67fdc\" data-element_type=\"widget\" data-widget_type=\"button.default\">\n\t\t\t\t<div class=\"elementor-widget-container\">\n\t\t\t\t\t\t\t\t\t<div class=\"elementor-button-wrapper\">\n\t\t\t\t\t<a class=\"elementor-button elementor-button-link elementor-size-sm\" href=\"https:\/\/lourdes-opal.fr\" target=\"_blank\">\n\t\t\t\t\t\t<span class=\"elementor-button-content-wrapper\">\n\t\t\t\t\t\t\t\t\t<span class=\"elementor-button-text\">Acc\u00e8s plateforme de r\u00e9servation OPAL<\/span>\n\t\t\t\t\t<\/span>\n\t\t\t\t\t<\/a>\n\t\t\t\t<\/div>\n\t\t\t\t\t\t\t\t<\/div>\n\t\t\t\t<\/div>\n\t\t\t\t<div class=\"elementor-element elementor-element-fc0af0f elementor-align-center elementor-widget elementor-widget-button\" data-id=\"fc0af0f\" data-element_type=\"widget\" data-widget_type=\"button.default\">\n\t\t\t\t<div class=\"elementor-widget-container\">\n\t\t\t\t\t\t\t\t\t<div class=\"elementor-button-wrapper\">\n\t\t\t\t\t<a class=\"elementor-button elementor-button-link elementor-size-sm\" href=\"https:\/\/www.lourdes-france.org\/wp-content\/uploads\/2025\/05\/DEFplan-sanctuaire-nord_compressed.pdf\" target=\"_blank\">\n\t\t\t\t\t\t<span class=\"elementor-button-content-wrapper\">\n\t\t\t\t\t\t\t\t\t<span class=\"elementor-button-text\">Map of the Sanctuary<\/span>\n\t\t\t\t\t<\/span>\n\t\t\t\t\t<\/a>\n\t\t\t\t<\/div>\n\t\t\t\t\t\t\t\t<\/div>\n\t\t\t\t<\/div>\n\t\t\t\t<div class=\"elementor-element elementor-element-bf9e14a elementor-align-center elementor-widget elementor-widget-button\" data-id=\"bf9e14a\" data-element_type=\"widget\" data-widget_type=\"button.default\">\n\t\t\t\t<div class=\"elementor-widget-container\">\n\t\t\t\t\t\t\t\t\t<div class=\"elementor-button-wrapper\">\n\t\t\t\t\t<a class=\"elementor-button elementor-button-link elementor-size-sm\" href=\"https:\/\/www.lourdes-france.org\/wp-content\/uploads\/2025\/09\/serenite-pelerin-gb.pdf\" target=\"_blank\">\n\t\t\t\t\t\t<span class=\"elementor-button-content-wrapper\">\n\t\t\t\t\t\t\t\t\t<span class=\"elementor-button-text\">Pilgrims on Watch<\/span>\n\t\t\t\t\t<\/span>\n\t\t\t\t\t<\/a>\n\t\t\t\t<\/div>\n\t\t\t\t\t\t\t\t<\/div>\n\t\t\t\t<\/div>\n\t\t\t\t<div class=\"elementor-element elementor-element-98aaf5e elementor-widget elementor-widget-text-editor\" data-id=\"98aaf5e\" data-element_type=\"widget\" data-widget_type=\"text-editor.default\">\n\t\t\t\t<div class=\"elementor-widget-container\">\n\t\t\t\t\t\t\t\t\t<h2>BOOKING OF PLACES OF WORSHIP AND PASTORAL ACTIVITIES<\/h2><p><b>MID-JANUARY 2024 \u2013 <\/b>Calendar Committee<br \/>Definition of the pilgrimage dates for 2025<\/p><p><b>END OF JANUARY 2024 \u2013 <\/b>Booking confirmation for 2025<\/p><p><b>MID-NOVEMBER 2024 \u2013 <\/b>Collection of booking requests on the platform<\/p><p><b>JANUARY\/EARLY FEBRUARY 2025 \u2013 <\/b>Booking confirmation from the platform<\/p><p><b>LOURDES FEBRUARY DAYS \u2013 <\/b>If necessary, adjustments and exchanges between pilgrimages regarding common celebrations for 2025<\/p><p><b>DAY OF ARRIVAL \u2013 <\/b>Reception at the planning Department<br \/>Liturgy meeting at 1.30pm<\/p>\t\t\t\t\t\t\t\t<\/div>\n\t\t\t\t<\/div>\n\t\t\t\t<div class=\"elementor-element elementor-element-a75a47a elementor-widget elementor-widget-text-editor\" data-id=\"a75a47a\" data-element_type=\"widget\" data-widget_type=\"text-editor.default\">\n\t\t\t\t<div class=\"elementor-widget-container\">\n\t\t\t\t\t\t\t\t\t<h2>BOOKING ACCOMODATION IN THE SANCTUARY<\/h2><p><b>4 TO 6 MONTHS BEFORE DATE OF ARRIVAL \u2013 <\/b>Reception of the allocation file (Excel):<br \/>Checklist of the areas allocated at the Accueil Notre-Dame with the number of rooms and beds booked.<br \/>Indication of the number of rooms in other places of <a href=\"https:\/\/www.lourdes-france.org\/en\/accomodations-sanctuary-of-lourdes\/\" target=\"_blank\" rel=\"noopener\">accommodation<\/a> (for the \u2018hospitaliers\u2019).<br \/>Return of the file by the group leader.<br \/>Sending the contract via DocuSign.<\/p><p><b>1 TO 2 MONTHS BEFORE DATE OF ARRIVAL &#8211; <\/b>Adjustments of the number of rooms<br \/>Per area for the Accueil Notre-Dame or other places of accommodation, by the group leader.<br \/>Return of the signed contract.<\/p><p><b>1 MONTH BEFORE DATE OF ARRIVAL \u2013<\/b> End of free adjustments.<br \/>Any cancellation will result in penalties.<b><br \/><\/b><b>\u2013 <\/b>Reception of the reservation files for catering, medical equipment, transit rooms and chapels at the Accueil Notre-Dame (Excel files).<b><br \/><\/b><b>\u2013 <\/b>Reception of the list of participants to be completed (Excel).<\/p><p><b>15 DAYS PRIOR TO ARRIVAL DATE \u2013 <\/b>Return of the list of participants for the Accueil Notre-Dame and other places of accommodation in the Sanctuary.<br \/>Return of catering, medical equipment and room booking forms (Accueil Notre-Dame).<\/p><p><b>3 DAYS PRIOR TO ARRIVAL DATE \u2013 <\/b>If necessary, changes in the list of people accommodated.<\/p><p><b>DAY OF ARRIVAL \u2013<\/b> Meeting with the group leader.<br \/>Last changes in the list of participants and checklist of the stay. Presentation of the Reception Department as the contact point for the time of the pilgrimage.<\/p>\t\t\t\t\t\t\t\t<\/div>\n\t\t\t\t<\/div>\n\t\t\t\t<div class=\"elementor-element elementor-element-080a342 elementor-align-center elementor-widget elementor-widget-button\" data-id=\"080a342\" data-element_type=\"widget\" data-widget_type=\"button.default\">\n\t\t\t\t<div class=\"elementor-widget-container\">\n\t\t\t\t\t\t\t\t\t<div class=\"elementor-button-wrapper\">\n\t\t\t\t\t<a class=\"elementor-button elementor-button-link elementor-size-sm\" href=\"https:\/\/resa.lourdes-france.org\/\" target=\"_blank\">\n\t\t\t\t\t\t<span class=\"elementor-button-content-wrapper\">\n\t\t\t\t\t\t\t\t\t<span class=\"elementor-button-text\">Access to booking platform<\/span>\n\t\t\t\t\t<\/span>\n\t\t\t\t\t<\/a>\n\t\t\t\t<\/div>\n\t\t\t\t\t\t\t\t<\/div>\n\t\t\t\t<\/div>\n\t\t\t\t<div class=\"elementor-element elementor-element-6c7e4bc elementor-widget elementor-widget-text-editor\" data-id=\"6c7e4bc\" data-element_type=\"widget\" data-widget_type=\"text-editor.default\">\n\t\t\t\t<div class=\"elementor-widget-container\">\n\t\t\t\t\t\t\t\t\t<h2>JOIN THE \u201cPILGRIMS ON WATCH\u201d NETWORK<\/h2><p>Every week, \u201c<strong>Pilgrims on Watch<\/strong>\u201d actively contribute to the <strong>security of the Sanctuary of Lourdes<\/strong>. Working on a voluntary basis, they keep an eye on what\u2019s going on around them and report any suspicious behaviour to the Central Security Office, while going about their pilgrimage as normal.<\/p><p>To <strong>participate in this network<\/strong>, the directors of each pilgrimage should register named <strong>volunteers<\/strong> on OPAL. These volunteers will undergo brief awareness raising training and then join in this surveillance project. Participation is a Christian commitment to this iconic place of worship and an enriching experience founded on a <strong>spirit of solidarity and responsibility<\/strong>.<\/p>\t\t\t\t\t\t\t\t<\/div>\n\t\t\t\t<\/div>\n\t\t\t\t<div class=\"elementor-element elementor-element-aadbcbd elementor-align-center elementor-widget elementor-widget-button\" data-id=\"aadbcbd\" data-element_type=\"widget\" data-widget_type=\"button.default\">\n\t\t\t\t<div class=\"elementor-widget-container\">\n\t\t\t\t\t\t\t\t\t<div class=\"elementor-button-wrapper\">\n\t\t\t\t\t<a class=\"elementor-button elementor-button-link elementor-size-sm\" href=\"https:\/\/www.lourdes-france.org\/wp-content\/uploads\/2025\/09\/serenite-pelerin-gb.pdf\" target=\"_blank\">\n\t\t\t\t\t\t<span class=\"elementor-button-content-wrapper\">\n\t\t\t\t\t\t\t\t\t<span class=\"elementor-button-text\">Pilgrims on Watch<\/span>\n\t\t\t\t\t<\/span>\n\t\t\t\t\t<\/a>\n\t\t\t\t<\/div>\n\t\t\t\t\t\t\t\t<\/div>\n\t\t\t\t<\/div>\n\t\t\t\t<div class=\"elementor-element elementor-element-19f6841 elementor-widget elementor-widget-text-editor\" data-id=\"19f6841\" data-element_type=\"widget\" data-widget_type=\"text-editor.default\">\n\t\t\t\t<div class=\"elementor-widget-container\">\n\t\t\t\t\t\t\t\t\t<h2>TO HELP, ADVISE AND WELCOME YOU<\/h2><p><strong>Booking\/Planning Department<\/strong><br \/><a href=\"mailto:reservation@lourdes-france.com\">reservation@lourdes-france.com<\/a><br \/><a href=\"http:\/\/+33 (0)5 62 42 79 02\" data-wplink-url-error=\"true\">+33 (0)5 62 42 79 02<\/a><\/p><p><strong>Booking\/Accommodation Department<\/strong><br \/><a href=\"mailto:hebergement@lourdes-france.com\">hebergement@lourdes-france.com<\/a><br \/><a href=\"http:\/\/+33 (0)5 62 42 80 40\" data-wplink-url-error=\"true\">+33 (0)5 62 42 80 40<\/a><\/p><p><strong>Information and booking at the Youth Village<\/strong> <br \/><a href=\"mailto:village.jeunes@lourdes-france.com\">village.jeunes@lourdes-france.com<\/a><br \/><a href=\"http:\/\/+33 (0)5 62 42 79 95\" data-wplink-url-error=\"true\">+33 (0)5 62 42 79 95<\/a><\/p><p><strong>\u201cPilgrims on Watch\u201d &#8211; Bastien Challier<\/strong><br \/>Service Pr\u00e9vention S\u00e9curit\u00e9 \/ Sanctuary of Our Lady of Lourdes<br \/><a href=\"mailto:bastien.challier@lourdes-france.com\">bastien.challier@lourdes-france.com<\/a><br \/><a href=\"http:\/\/06 40 77 44 08\" data-wplink-url-error=\"true\">06 40 77 44 08<\/a> \u2013 <a href=\"http:\/\/+33 (0)5 62 42 79 85\" data-wplink-url-error=\"true\">+33 (0)5 62 42 79 85<\/a><br \/><br \/><\/p>\t\t\t\t\t\t\t\t<\/div>\n\t\t\t\t<\/div>\n\t\t\t\t<div class=\"elementor-element elementor-element-0dc4bf5 elementor-view-default elementor-widget elementor-widget-icon\" data-id=\"0dc4bf5\" data-element_type=\"widget\" data-widget_type=\"icon.default\">\n\t\t\t\t<div class=\"elementor-widget-container\">\n\t\t\t\t\t\t\t<div class=\"elementor-icon-wrapper\">\n\t\t\t<div class=\"elementor-icon\">\n\t\t\t<i aria-hidden=\"true\" class=\"fas fa-church\"><\/i>\t\t\t<\/div>\n\t\t<\/div>\n\t\t\t\t\t\t<\/div>\n\t\t\t\t<\/div>\n\t\t\t\t\t<\/div>\n\t\t<\/div>\n\t\t\t\t\t<\/div>\n\t\t<\/section>\n\t\t\t\t<\/div>\n\t\t","protected":false},"excerpt":{"rendered":"<p>Organise a pilgrimage to Lourdes _________________ Are you planning to come to Lourdes with a group? On a pilgrimage? To prepare sacraments? Three or four days, for a spiritual time? With sick, elderly or young people? Whether you are Pilgrimage &hellip; <a href=\"https:\/\/www.lourdes-france.org\/en\/lourdes-pilgrimage\/organiser-un-pelerinage-a-lourdes\/\">Continued<\/a><\/p>\n","protected":false},"author":7,"featured_media":156667,"parent":867259,"menu_order":0,"comment_status":"closed","ping_status":"closed","template":"","meta":{"_acf_changed":false,"footnotes":""},"class_list":["post-871464","page","type-page","status-publish","has-post-thumbnail","hentry"],"acf":[],"yoast_head":"<!-- This site is optimized with the Yoast SEO plugin v24.7 - https:\/\/yoast.com\/wordpress\/plugins\/seo\/ -->\n<title>Organise a pilgrimage to Lourdes<\/title>\n<meta name=\"robots\" content=\"index, follow, max-snippet:-1, max-image-preview:large, max-video-preview:-1\" \/>\n<link rel=\"canonical\" href=\"https:\/\/www.lourdes-france.org\/en\/lourdes-pilgrimage\/organiser-un-pelerinage-a-lourdes\/\" \/>\n<meta name=\"twitter:label1\" content=\"Est. reading time\" \/>\n\t<meta name=\"twitter:data1\" content=\"3 minutes\" \/>\n<script type=\"application\/ld+json\" class=\"yoast-schema-graph\">{\"@context\":\"https:\/\/schema.org\",\"@graph\":[{\"@type\":\"WebPage\",\"@id\":\"https:\/\/www.lourdes-france.org\/en\/lourdes-pilgrimage\/organiser-un-pelerinage-a-lourdes\/\",\"url\":\"https:\/\/www.lourdes-france.org\/en\/lourdes-pilgrimage\/organiser-un-pelerinage-a-lourdes\/\",\"name\":\"Organise a pilgrimage to Lourdes\",\"isPartOf\":{\"@id\":\"https:\/\/preprod-lourdes.cawita.com\/#website\"},\"primaryImageOfPage\":{\"@id\":\"https:\/\/www.lourdes-france.org\/en\/lourdes-pilgrimage\/organiser-un-pelerinage-a-lourdes\/#primaryimage\"},\"image\":{\"@id\":\"https:\/\/www.lourdes-france.org\/en\/lourdes-pilgrimage\/organiser-un-pelerinage-a-lourdes\/#primaryimage\"},\"thumbnailUrl\":\"https:\/\/www.lourdes-france.org\/wp-content\/uploads\/2019\/09\/DIAPORAMA_PHOTO-6_reduit_ROSAIRE-PAGE-1LNEWS_HOSPITALIER_MALADE_56237e896e_o.jpg\",\"datePublished\":\"2022-08-31T12:56:58+00:00\",\"dateModified\":\"2026-01-19T14:09:23+00:00\",\"breadcrumb\":{\"@id\":\"https:\/\/www.lourdes-france.org\/en\/lourdes-pilgrimage\/organiser-un-pelerinage-a-lourdes\/#breadcrumb\"},\"inLanguage\":\"en-US\",\"potentialAction\":[{\"@type\":\"ReadAction\",\"target\":[\"https:\/\/www.lourdes-france.org\/en\/lourdes-pilgrimage\/organiser-un-pelerinage-a-lourdes\/\"]}]},{\"@type\":\"ImageObject\",\"inLanguage\":\"en-US\",\"@id\":\"https:\/\/www.lourdes-france.org\/en\/lourdes-pilgrimage\/organiser-un-pelerinage-a-lourdes\/#primaryimage\",\"url\":\"https:\/\/www.lourdes-france.org\/wp-content\/uploads\/2019\/09\/DIAPORAMA_PHOTO-6_reduit_ROSAIRE-PAGE-1LNEWS_HOSPITALIER_MALADE_56237e896e_o.jpg\",\"contentUrl\":\"https:\/\/www.lourdes-france.org\/wp-content\/uploads\/2019\/09\/DIAPORAMA_PHOTO-6_reduit_ROSAIRE-PAGE-1LNEWS_HOSPITALIER_MALADE_56237e896e_o.jpg\",\"width\":1200,\"height\":800,\"caption\":\"Organiser un p\u00e8lerinage \u00e0 Lourdes\"},{\"@type\":\"BreadcrumbList\",\"@id\":\"https:\/\/www.lourdes-france.org\/en\/lourdes-pilgrimage\/organiser-un-pelerinage-a-lourdes\/#breadcrumb\",\"itemListElement\":[{\"@type\":\"ListItem\",\"position\":1,\"name\":\"Accueil\",\"item\":\"https:\/\/www.lourdes-france.org\/\"},{\"@type\":\"ListItem\",\"position\":2,\"name\":\"Pilgrimages to Lourdes\",\"item\":\"https:\/\/www.lourdes-france.org\/en\/lourdes-pilgrimage\/\"},{\"@type\":\"ListItem\",\"position\":3,\"name\":\"Organise a pilgrimage to Lourdes\"}]},{\"@type\":\"WebSite\",\"@id\":\"https:\/\/preprod-lourdes.cawita.com\/#website\",\"url\":\"https:\/\/preprod-lourdes.cawita.com\/\",\"name\":\"Soutenir le Sanctuaire Notre-Dame de Lourdes\",\"description\":\"\",\"potentialAction\":[{\"@type\":\"SearchAction\",\"target\":{\"@type\":\"EntryPoint\",\"urlTemplate\":\"https:\/\/preprod-lourdes.cawita.com\/?s={search_term_string}\"},\"query-input\":{\"@type\":\"PropertyValueSpecification\",\"valueRequired\":true,\"valueName\":\"search_term_string\"}}],\"inLanguage\":\"en-US\"}]}<\/script>\n<!-- \/ Yoast SEO plugin. -->","yoast_head_json":{"title":"Organise a pilgrimage to Lourdes","robots":{"index":"index","follow":"follow","max-snippet":"max-snippet:-1","max-image-preview":"max-image-preview:large","max-video-preview":"max-video-preview:-1"},"canonical":"https:\/\/www.lourdes-france.org\/en\/lourdes-pilgrimage\/organiser-un-pelerinage-a-lourdes\/","twitter_misc":{"Est. reading time":"3 minutes"},"schema":{"@context":"https:\/\/schema.org","@graph":[{"@type":"WebPage","@id":"https:\/\/www.lourdes-france.org\/en\/lourdes-pilgrimage\/organiser-un-pelerinage-a-lourdes\/","url":"https:\/\/www.lourdes-france.org\/en\/lourdes-pilgrimage\/organiser-un-pelerinage-a-lourdes\/","name":"Organise a pilgrimage to Lourdes","isPartOf":{"@id":"https:\/\/preprod-lourdes.cawita.com\/#website"},"primaryImageOfPage":{"@id":"https:\/\/www.lourdes-france.org\/en\/lourdes-pilgrimage\/organiser-un-pelerinage-a-lourdes\/#primaryimage"},"image":{"@id":"https:\/\/www.lourdes-france.org\/en\/lourdes-pilgrimage\/organiser-un-pelerinage-a-lourdes\/#primaryimage"},"thumbnailUrl":"https:\/\/www.lourdes-france.org\/wp-content\/uploads\/2019\/09\/DIAPORAMA_PHOTO-6_reduit_ROSAIRE-PAGE-1LNEWS_HOSPITALIER_MALADE_56237e896e_o.jpg","datePublished":"2022-08-31T12:56:58+00:00","dateModified":"2026-01-19T14:09:23+00:00","breadcrumb":{"@id":"https:\/\/www.lourdes-france.org\/en\/lourdes-pilgrimage\/organiser-un-pelerinage-a-lourdes\/#breadcrumb"},"inLanguage":"en-US","potentialAction":[{"@type":"ReadAction","target":["https:\/\/www.lourdes-france.org\/en\/lourdes-pilgrimage\/organiser-un-pelerinage-a-lourdes\/"]}]},{"@type":"ImageObject","inLanguage":"en-US","@id":"https:\/\/www.lourdes-france.org\/en\/lourdes-pilgrimage\/organiser-un-pelerinage-a-lourdes\/#primaryimage","url":"https:\/\/www.lourdes-france.org\/wp-content\/uploads\/2019\/09\/DIAPORAMA_PHOTO-6_reduit_ROSAIRE-PAGE-1LNEWS_HOSPITALIER_MALADE_56237e896e_o.jpg","contentUrl":"https:\/\/www.lourdes-france.org\/wp-content\/uploads\/2019\/09\/DIAPORAMA_PHOTO-6_reduit_ROSAIRE-PAGE-1LNEWS_HOSPITALIER_MALADE_56237e896e_o.jpg","width":1200,"height":800,"caption":"Organiser un p\u00e8lerinage \u00e0 Lourdes"},{"@type":"BreadcrumbList","@id":"https:\/\/www.lourdes-france.org\/en\/lourdes-pilgrimage\/organiser-un-pelerinage-a-lourdes\/#breadcrumb","itemListElement":[{"@type":"ListItem","position":1,"name":"Accueil","item":"https:\/\/www.lourdes-france.org\/"},{"@type":"ListItem","position":2,"name":"Pilgrimages to Lourdes","item":"https:\/\/www.lourdes-france.org\/en\/lourdes-pilgrimage\/"},{"@type":"ListItem","position":3,"name":"Organise a pilgrimage to Lourdes"}]},{"@type":"WebSite","@id":"https:\/\/preprod-lourdes.cawita.com\/#website","url":"https:\/\/preprod-lourdes.cawita.com\/","name":"Soutenir le Sanctuaire Notre-Dame de Lourdes","description":"","potentialAction":[{"@type":"SearchAction","target":{"@type":"EntryPoint","urlTemplate":"https:\/\/preprod-lourdes.cawita.com\/?s={search_term_string}"},"query-input":{"@type":"PropertyValueSpecification","valueRequired":true,"valueName":"search_term_string"}}],"inLanguage":"en-US"}]}},"_links":{"self":[{"href":"https:\/\/www.lourdes-france.org\/en\/wp-json\/wp\/v2\/pages\/871464","targetHints":{"allow":["GET"]}}],"collection":[{"href":"https:\/\/www.lourdes-france.org\/en\/wp-json\/wp\/v2\/pages"}],"about":[{"href":"https:\/\/www.lourdes-france.org\/en\/wp-json\/wp\/v2\/types\/page"}],"author":[{"embeddable":true,"href":"https:\/\/www.lourdes-france.org\/en\/wp-json\/wp\/v2\/users\/7"}],"replies":[{"embeddable":true,"href":"https:\/\/www.lourdes-france.org\/en\/wp-json\/wp\/v2\/comments?post=871464"}],"version-history":[{"count":3,"href":"https:\/\/www.lourdes-france.org\/en\/wp-json\/wp\/v2\/pages\/871464\/revisions"}],"predecessor-version":[{"id":1096386,"href":"https:\/\/www.lourdes-france.org\/en\/wp-json\/wp\/v2\/pages\/871464\/revisions\/1096386"}],"up":[{"embeddable":true,"href":"https:\/\/www.lourdes-france.org\/en\/wp-json\/wp\/v2\/pages\/867259"}],"wp:featuredmedia":[{"embeddable":true,"href":"https:\/\/www.lourdes-france.org\/en\/wp-json\/wp\/v2\/media\/156667"}],"wp:attachment":[{"href":"https:\/\/www.lourdes-france.org\/en\/wp-json\/wp\/v2\/media?parent=871464"}],"curies":[{"name":"wp","href":"https:\/\/api.w.org\/{rel}","templated":true}]}}