{"id":1007405,"date":"2025-04-28T12:34:29","date_gmt":"2025-04-28T10:34:29","guid":{"rendered":"https:\/\/www.lourdes-france.org\/mois-de-mai-mois-de-marie-2\/"},"modified":"2025-04-29T16:43:47","modified_gmt":"2025-04-29T14:43:47","slug":"mois-de-mai-mois-de-marie-2","status":"publish","type":"page","link":"https:\/\/www.lourdes-france.org\/es\/mois-de-mai-mois-de-marie-2\/","title":{"rendered":"Mois de mai, mois de Marie,"},"content":{"rendered":"\t\t<div data-elementor-type=\"wp-page\" data-elementor-id=\"1007405\" class=\"elementor elementor-1007405 elementor-1006958\" data-elementor-post-type=\"page\">\n\t\t\t\t\t\t<section class=\"elementor-section elementor-top-section elementor-element elementor-element-a5f95b3 elementor-section-full_width elementor-section-stretched elementor-section-height-default elementor-section-height-default\" data-id=\"a5f95b3\" data-element_type=\"section\" data-settings=\"{&quot;stretch_section&quot;:&quot;section-stretched&quot;,&quot;background_background&quot;:&quot;video&quot;,&quot;background_video_link&quot;:&quot;https:\\\/\\\/www.lourdes-france.org\\\/wp-content\\\/uploads\\\/2025\\\/04\\\/Design-sans-titre.mp4&quot;,&quot;shape_divider_bottom&quot;:&quot;opacity-fan&quot;,&quot;background_video_start&quot;:0,&quot;background_play_on_mobile&quot;:&quot;yes&quot;}\">\n\t\t\t\t\t\t\t\t<div class=\"elementor-background-video-container\" aria-hidden=\"true\">\n\t\t\t\t\t\t\t\t\t\t\t\t\t<video class=\"elementor-background-video-hosted\" autoplay muted playsinline loop><\/video>\n\t\t\t\t\t\t\t\t\t\t\t<\/div>\n\t\t\t\t\t\t\t\t\t<div class=\"elementor-background-overlay\"><\/div>\n\t\t\t\t\t\t<div class=\"elementor-shape elementor-shape-bottom\" aria-hidden=\"true\" data-negative=\"false\">\n\t\t\t<svg xmlns=\"http:\/\/www.w3.org\/2000\/svg\" viewBox=\"0 0 283.5 19.6\" preserveAspectRatio=\"none\">\n\t<path class=\"elementor-shape-fill\" style=\"opacity:0.33\" d=\"M0 0L0 18.8 141.8 4.1 283.5 18.8 283.5 0z\"\/>\n\t<path class=\"elementor-shape-fill\" style=\"opacity:0.33\" d=\"M0 0L0 12.6 141.8 4 283.5 12.6 283.5 0z\"\/>\n\t<path class=\"elementor-shape-fill\" style=\"opacity:0.33\" d=\"M0 0L0 6.4 141.8 4 283.5 6.4 283.5 0z\"\/>\n\t<path class=\"elementor-shape-fill\" d=\"M0 0L0 1.2 141.8 4 283.5 1.2 283.5 0z\"\/>\n<\/svg>\t\t<\/div>\n\t\t\t\t\t<div class=\"elementor-container elementor-column-gap-default\">\n\t\t\t\t\t<div class=\"elementor-column elementor-col-100 elementor-top-column elementor-element elementor-element-61586de\" data-id=\"61586de\" data-element_type=\"column\">\n\t\t\t<div class=\"elementor-widget-wrap elementor-element-populated\">\n\t\t\t\t\t\t<div class=\"elementor-element elementor-element-53aa215 elementor-widget elementor-widget-spacer\" data-id=\"53aa215\" data-element_type=\"widget\" data-widget_type=\"spacer.default\">\n\t\t\t\t<div class=\"elementor-widget-container\">\n\t\t\t\t\t\t\t<div class=\"elementor-spacer\">\n\t\t\t<div class=\"elementor-spacer-inner\"><\/div>\n\t\t<\/div>\n\t\t\t\t\t\t<\/div>\n\t\t\t\t<\/div>\n\t\t\t\t<div class=\"elementor-element elementor-element-c9b1300 elementor-view-default elementor-widget elementor-widget-icon\" data-id=\"c9b1300\" data-element_type=\"widget\" data-widget_type=\"icon.default\">\n\t\t\t\t<div class=\"elementor-widget-container\">\n\t\t\t\t\t\t\t<div class=\"elementor-icon-wrapper\">\n\t\t\t<div class=\"elementor-icon\">\n\t\t\t<i aria-hidden=\"true\" class=\"fas fa-cross\"><\/i>\t\t\t<\/div>\n\t\t<\/div>\n\t\t\t\t\t\t<\/div>\n\t\t\t\t<\/div>\n\t\t\t\t<div class=\"elementor-element elementor-element-a9877f5 elementor-widget elementor-widget-heading\" data-id=\"a9877f5\" data-element_type=\"widget\" data-widget_type=\"heading.default\">\n\t\t\t\t<div class=\"elementor-widget-container\">\n\t\t\t\t\t<h2 class=\"elementor-heading-title elementor-size-default\">Mes de mayo, mes de Mar\u00eda<\/h2>\t\t\t\t<\/div>\n\t\t\t\t<\/div>\n\t\t\t\t<div class=\"elementor-element elementor-element-c0d04b9 elementor-widget elementor-widget-text-editor\" data-id=\"c0d04b9\" data-element_type=\"widget\" data-widget_type=\"text-editor.default\">\n\t\t\t\t<div class=\"elementor-widget-container\">\n\t\t\t\t\t\t\t\t\t<p style=\"text-align: center;\"><span style=\"color: #ffffff;\">El mes de mayo es un tiempo especial\u2028para<\/span><br \/><span style=\"color: #ffffff;\">reforzar nuestro v\u00ednculo con Mar\u00eda<\/span><\/p>\t\t\t\t\t\t\t\t<\/div>\n\t\t\t\t<\/div>\n\t\t\t\t<div class=\"elementor-element elementor-element-6d849b2 elementor-align-center elementor-widget elementor-widget-button\" data-id=\"6d849b2\" data-element_type=\"widget\" data-widget_type=\"button.default\">\n\t\t\t\t<div class=\"elementor-widget-container\">\n\t\t\t\t\t\t\t\t\t<div class=\"elementor-button-wrapper\">\n\t\t\t\t\t<a class=\"elementor-button elementor-button-link elementor-size-sm\" href=\"https:\/\/offrande.lourdes-france.org\/es\/shop\/offrir-une-fleur-blanche-a-notre-dame-de-lourdes-21?utm_source=web&#038;utm_medium=landing_page&#038;utm_campaign=mois_de_Marie\">\n\t\t\t\t\t\t<span class=\"elementor-button-content-wrapper\">\n\t\t\t\t\t\t\t\t\t<span class=\"elementor-button-text\">Ofrecer una flor blanca<\/span>\n\t\t\t\t\t<\/span>\n\t\t\t\t\t<\/a>\n\t\t\t\t<\/div>\n\t\t\t\t\t\t\t\t<\/div>\n\t\t\t\t<\/div>\n\t\t\t\t<div class=\"elementor-element elementor-element-0945f5b elementor-widget elementor-widget-spacer\" data-id=\"0945f5b\" data-element_type=\"widget\" data-widget_type=\"spacer.default\">\n\t\t\t\t<div class=\"elementor-widget-container\">\n\t\t\t\t\t\t\t<div class=\"elementor-spacer\">\n\t\t\t<div class=\"elementor-spacer-inner\"><\/div>\n\t\t<\/div>\n\t\t\t\t\t\t<\/div>\n\t\t\t\t<\/div>\n\t\t\t\t\t<\/div>\n\t\t<\/div>\n\t\t\t\t\t<\/div>\n\t\t<\/section>\n\t\t\t\t<section class=\"elementor-section elementor-top-section elementor-element elementor-element-5769dc4 elementor-section-stretched elementor-section-boxed elementor-section-height-default elementor-section-height-default\" data-id=\"5769dc4\" data-element_type=\"section\" data-settings=\"{&quot;stretch_section&quot;:&quot;section-stretched&quot;}\">\n\t\t\t\t\t\t<div class=\"elementor-container elementor-column-gap-default\">\n\t\t\t\t\t<div class=\"elementor-column elementor-col-100 elementor-top-column elementor-element elementor-element-ed0f7c7\" data-id=\"ed0f7c7\" data-element_type=\"column\">\n\t\t\t<div class=\"elementor-widget-wrap elementor-element-populated\">\n\t\t\t\t\t\t<div class=\"elementor-element elementor-element-bc52592 elementor-widget elementor-widget-spacer\" data-id=\"bc52592\" data-element_type=\"widget\" data-widget_type=\"spacer.default\">\n\t\t\t\t<div class=\"elementor-widget-container\">\n\t\t\t\t\t\t\t<div class=\"elementor-spacer\">\n\t\t\t<div class=\"elementor-spacer-inner\"><\/div>\n\t\t<\/div>\n\t\t\t\t\t\t<\/div>\n\t\t\t\t<\/div>\n\t\t\t\t<div class=\"elementor-element elementor-element-12ea648 elementor-widget elementor-widget-text-editor\" data-id=\"12ea648\" data-element_type=\"widget\" data-widget_type=\"text-editor.default\">\n\t\t\t\t<div class=\"elementor-widget-container\">\n\t\t\t\t\t\t\t\t\t<p style=\"text-align: center;\">Cada a\u00f1o, el mes de mayo representa un tiempo privilegiado para los fieles que desean honrar a la Virgen Mar\u00eda. Esta tradici\u00f3n, s\u00f3lidamente enraizada en la historia de la Iglesia, invita a todos los cristianos del mundo a intensificar su oraci\u00f3n mariana, rezar el rosario y realizar gestos concretos de devoci\u00f3n.<\/p><p style=\"text-align: center;\">En el Santuario de Lourdes, este mes adquiere una importancia particular. Es un periodo significativo marcado por numerosas peregrinaciones y celebraciones especiales que re\u00fanen a los fieles bajo la mirada de Mar\u00eda, Madre de la esperanza.<span class=\"Apple-converted-space\">\u00a0<\/span><\/p>\t\t\t\t\t\t\t\t<\/div>\n\t\t\t\t<\/div>\n\t\t\t\t<div class=\"elementor-element elementor-element-2cf8a6e elementor-widget-divider--view-line elementor-widget elementor-widget-divider\" data-id=\"2cf8a6e\" data-element_type=\"widget\" data-widget_type=\"divider.default\">\n\t\t\t\t<div class=\"elementor-widget-container\">\n\t\t\t\t\t\t\t<div class=\"elementor-divider\">\n\t\t\t<span class=\"elementor-divider-separator\">\n\t\t\t\t\t\t<\/span>\n\t\t<\/div>\n\t\t\t\t\t\t<\/div>\n\t\t\t\t<\/div>\n\t\t\t\t<div class=\"elementor-element elementor-element-f7682d5 elementor-widget elementor-widget-text-editor\" data-id=\"f7682d5\" data-element_type=\"widget\" data-widget_type=\"text-editor.default\">\n\t\t\t\t<div class=\"elementor-widget-container\">\n\t\t\t\t\t\t\t\t\t<h2><span style=\"color: #997d4c;\"><b>\u00bfPor qu\u00e9 el mes de mayo est\u00e1 dedicado a Mar\u00eda?<\/b><\/span><\/h2><p>Anclada en la tradici\u00f3n cat\u00f3lica, la devoci\u00f3n a Mar\u00eda durante el mes de mayo hunde sus ra\u00edces en la historia de la Iglesia.<span class=\"Apple-converted-space\">\u00a0<\/span><\/p><p>Desde la Edad Media, mayo ha sido considerado un mes especial para honrar a Mar\u00eda, en gran parte por la asociaci\u00f3n de la Virgen con la belleza y la fertilidad de la primavera. Esta tradici\u00f3n se vio reforzada en el siglo XVIII, cuando las \u00f3rdenes religiosas, en particular los jesuitas, promovieron el mes de mayo como un tiempo significativo dedicado a la oraci\u00f3n y la devoci\u00f3n mariana.<\/p><p>Los papas tambi\u00e9n alentaron esta pr\u00e1ctica, sobre todo Le\u00f3n XIII, quien public\u00f3 varias enc\u00edclicas sobre la importancia del rezo del rosario durante el mes de mayo. A\u00fan hoy, este mes nos invita a profundizar nuestro v\u00ednculo espiritual con la Madre de Dios.<\/p><h2><span style=\"color: #997d4c;\"><b>\u00bfPor qu\u00e9 regalamos flores a Mar\u00eda?<\/b><\/span><\/h2><p>Desde hace siglos, los fieles ofrecen flores a la Virgen Mar\u00eda como muestra de amor y respeto. Estas ofrendas simbolizan la belleza y pureza de Mar\u00eda, del mismo modo que las flores despliegan su esplendor para rendir homenaje al cielo.<\/p><p>En el Santuario de Lourdes, cada mes de mayo se organiza una ofrenda floral, un momento \u00fanico para manifestar nuestra devoci\u00f3n a Mar\u00eda.<\/p>\t\t\t\t\t\t\t\t<\/div>\n\t\t\t\t<\/div>\n\t\t\t\t\t<\/div>\n\t\t<\/div>\n\t\t\t\t\t<\/div>\n\t\t<\/section>\n\t\t\t\t<section class=\"elementor-section elementor-top-section elementor-element elementor-element-c5b7bc2 elementor-section-full_width elementor-section-stretched elementor-section-height-default elementor-section-height-default\" data-id=\"c5b7bc2\" data-element_type=\"section\" data-settings=\"{&quot;stretch_section&quot;:&quot;section-stretched&quot;}\">\n\t\t\t\t\t\t<div class=\"elementor-container elementor-column-gap-default\">\n\t\t\t\t\t<div class=\"elementor-column elementor-col-100 elementor-top-column elementor-element elementor-element-237bfb9\" data-id=\"237bfb9\" data-element_type=\"column\">\n\t\t\t<div class=\"elementor-widget-wrap elementor-element-populated\">\n\t\t\t\t\t\t<div class=\"elementor-element elementor-element-f91c751 elementor-widget elementor-widget-gallery\" data-id=\"f91c751\" data-element_type=\"widget\" data-settings=\"{&quot;aspect_ratio&quot;:&quot;1:1&quot;,&quot;lazyload&quot;:&quot;yes&quot;,&quot;gallery_layout&quot;:&quot;grid&quot;,&quot;columns&quot;:4,&quot;columns_tablet&quot;:2,&quot;columns_mobile&quot;:1,&quot;gap&quot;:{&quot;unit&quot;:&quot;px&quot;,&quot;size&quot;:10,&quot;sizes&quot;:[]},&quot;gap_tablet&quot;:{&quot;unit&quot;:&quot;px&quot;,&quot;size&quot;:10,&quot;sizes&quot;:[]},&quot;gap_mobile&quot;:{&quot;unit&quot;:&quot;px&quot;,&quot;size&quot;:10,&quot;sizes&quot;:[]},&quot;link_to&quot;:&quot;file&quot;,&quot;overlay_background&quot;:&quot;yes&quot;,&quot;content_hover_animation&quot;:&quot;fade-in&quot;}\" data-widget_type=\"gallery.default\">\n\t\t\t\t<div class=\"elementor-widget-container\">\n\t\t\t\t\t\t\t<div class=\"elementor-gallery__container\">\n\t\t\t\t\t\t\t<a class=\"e-gallery-item elementor-gallery-item elementor-animated-content\" href=\"https:\/\/www.lourdes-france.org\/wp-content\/uploads\/2025\/04\/2024-Fleur-de-Marie-8-scaled.jpg\" data-elementor-open-lightbox=\"yes\" data-elementor-lightbox-slideshow=\"f91c751\" data-elementor-lightbox-title=\"2024-Fleur de Marie-8\" data-e-action-hash=\"#elementor-action%3Aaction%3Dlightbox%26settings%3DeyJpZCI6MTAwNzAwMiwidXJsIjoiaHR0cHM6XC9cL3d3dy5sb3VyZGVzLWZyYW5jZS5vcmdcL3dwLWNvbnRlbnRcL3VwbG9hZHNcLzIwMjVcLzA0XC8yMDI0LUZsZXVyLWRlLU1hcmllLTgtc2NhbGVkLmpwZyIsInNsaWRlc2hvdyI6ImY5MWM3NTEifQ%3D%3D\">\n\t\t\t\t\t<div class=\"e-gallery-image elementor-gallery-item__image\" data-thumbnail=\"https:\/\/www.lourdes-france.org\/wp-content\/uploads\/2025\/04\/2024-Fleur-de-Marie-8-scaled.jpg\" data-width=\"2560\" data-height=\"1707\" aria-label=\"\" role=\"img\" ><\/div>\n\t\t\t\t\t\t\t\t\t\t\t<div class=\"elementor-gallery-item__overlay\"><\/div>\n\t\t\t\t\t\t\t\t\t\t\t\t\t\t<\/a>\n\t\t\t\t\t\t\t<a class=\"e-gallery-item elementor-gallery-item elementor-animated-content\" href=\"https:\/\/www.lourdes-france.org\/wp-content\/uploads\/2025\/04\/2024-benevole-fleurs-14-scaled.jpg\" data-elementor-open-lightbox=\"yes\" data-elementor-lightbox-slideshow=\"f91c751\" data-elementor-lightbox-title=\"2024-b\u00e9n\u00e9vole fleurs-14\" data-e-action-hash=\"#elementor-action%3Aaction%3Dlightbox%26settings%3DeyJpZCI6MTAwNzAwOSwidXJsIjoiaHR0cHM6XC9cL3d3dy5sb3VyZGVzLWZyYW5jZS5vcmdcL3dwLWNvbnRlbnRcL3VwbG9hZHNcLzIwMjVcLzA0XC8yMDI0LWJlbmV2b2xlLWZsZXVycy0xNC1zY2FsZWQuanBnIiwic2xpZGVzaG93IjoiZjkxYzc1MSJ9\">\n\t\t\t\t\t<div class=\"e-gallery-image elementor-gallery-item__image\" data-thumbnail=\"https:\/\/www.lourdes-france.org\/wp-content\/uploads\/2025\/04\/2024-benevole-fleurs-14-scaled.jpg\" data-width=\"2560\" data-height=\"1707\" aria-label=\"\" role=\"img\" ><\/div>\n\t\t\t\t\t\t\t\t\t\t\t<div class=\"elementor-gallery-item__overlay\"><\/div>\n\t\t\t\t\t\t\t\t\t\t\t\t\t\t<\/a>\n\t\t\t\t\t\t\t<a class=\"e-gallery-item elementor-gallery-item elementor-animated-content\" href=\"https:\/\/www.lourdes-france.org\/wp-content\/uploads\/2025\/04\/2024-ambiance-pmi-samedi-65-scaled.jpg\" data-elementor-open-lightbox=\"yes\" data-elementor-lightbox-slideshow=\"f91c751\" data-elementor-lightbox-title=\"2024-ambiance pmi samedi-65\" data-e-action-hash=\"#elementor-action%3Aaction%3Dlightbox%26settings%3DeyJpZCI6MTAwNjk4MSwidXJsIjoiaHR0cHM6XC9cL3d3dy5sb3VyZGVzLWZyYW5jZS5vcmdcL3dwLWNvbnRlbnRcL3VwbG9hZHNcLzIwMjVcLzA0XC8yMDI0LWFtYmlhbmNlLXBtaS1zYW1lZGktNjUtc2NhbGVkLmpwZyIsInNsaWRlc2hvdyI6ImY5MWM3NTEifQ%3D%3D\">\n\t\t\t\t\t<div class=\"e-gallery-image elementor-gallery-item__image\" data-thumbnail=\"https:\/\/www.lourdes-france.org\/wp-content\/uploads\/2025\/04\/2024-ambiance-pmi-samedi-65-scaled.jpg\" data-width=\"2560\" data-height=\"1707\" aria-label=\"\" role=\"img\" ><\/div>\n\t\t\t\t\t\t\t\t\t\t\t<div class=\"elementor-gallery-item__overlay\"><\/div>\n\t\t\t\t\t\t\t\t\t\t\t\t\t\t<\/a>\n\t\t\t\t\t\t\t<a class=\"e-gallery-item elementor-gallery-item elementor-animated-content\" href=\"https:\/\/www.lourdes-france.org\/wp-content\/uploads\/2025\/04\/2024-benevole-fleurs-16-scaled.jpg\" data-elementor-open-lightbox=\"yes\" data-elementor-lightbox-slideshow=\"f91c751\" data-elementor-lightbox-title=\"2024-b\u00e9n\u00e9vole fleurs-16\" data-e-action-hash=\"#elementor-action%3Aaction%3Dlightbox%26settings%3DeyJpZCI6MTAwNjk5NSwidXJsIjoiaHR0cHM6XC9cL3d3dy5sb3VyZGVzLWZyYW5jZS5vcmdcL3dwLWNvbnRlbnRcL3VwbG9hZHNcLzIwMjVcLzA0XC8yMDI0LWJlbmV2b2xlLWZsZXVycy0xNi1zY2FsZWQuanBnIiwic2xpZGVzaG93IjoiZjkxYzc1MSJ9\">\n\t\t\t\t\t<div class=\"e-gallery-image elementor-gallery-item__image\" data-thumbnail=\"https:\/\/www.lourdes-france.org\/wp-content\/uploads\/2025\/04\/2024-benevole-fleurs-16-scaled.jpg\" data-width=\"2560\" data-height=\"1707\" aria-label=\"\" role=\"img\" ><\/div>\n\t\t\t\t\t\t\t\t\t\t\t<div class=\"elementor-gallery-item__overlay\"><\/div>\n\t\t\t\t\t\t\t\t\t\t\t\t\t\t<\/a>\n\t\t\t\t\t<\/div>\n\t\t\t\t\t<\/div>\n\t\t\t\t<\/div>\n\t\t\t\t\t<\/div>\n\t\t<\/div>\n\t\t\t\t\t<\/div>\n\t\t<\/section>\n\t\t\t\t<\/div>\n\t\t","protected":false},"excerpt":{"rendered":"<p>Mes de mayo, mes de Mar\u00eda El mes de mayo es un tiempo especial\u2028parareforzar nuestro v\u00ednculo con Mar\u00eda Ofrecer una flor blanca Cada a\u00f1o, el mes de mayo representa un tiempo privilegiado para los fieles que desean honrar a la &hellip; <a href=\"https:\/\/www.lourdes-france.org\/es\/mois-de-mai-mois-de-marie-2\/\">Continuar<\/a><\/p>\n","protected":false},"author":7,"featured_media":0,"parent":0,"menu_order":0,"comment_status":"closed","ping_status":"closed","template":"","meta":{"_acf_changed":false,"footnotes":""},"class_list":["post-1007405","page","type-page","status-publish","hentry"],"acf":[],"yoast_head":"<!-- This site is optimized with the Yoast SEO plugin v24.7 - https:\/\/yoast.com\/wordpress\/plugins\/seo\/ -->\n<title>Mois de mai, mois de Marie,<\/title>\n<meta name=\"robots\" content=\"index, follow, max-snippet:-1, max-image-preview:large, max-video-preview:-1\" \/>\n<link rel=\"canonical\" href=\"https:\/\/www.lourdes-france.org\/es\/mois-de-mai-mois-de-marie-2\/\" \/>\n<meta name=\"twitter:label1\" content=\"Tiempo de lectura\" \/>\n\t<meta name=\"twitter:data1\" content=\"2 minutos\" \/>\n<script type=\"application\/ld+json\" class=\"yoast-schema-graph\">{\"@context\":\"https:\/\/schema.org\",\"@graph\":[{\"@type\":\"WebPage\",\"@id\":\"https:\/\/www.lourdes-france.org\/es\/mois-de-mai-mois-de-marie-2\/\",\"url\":\"https:\/\/www.lourdes-france.org\/es\/mois-de-mai-mois-de-marie-2\/\",\"name\":\"Mois de mai, mois de Marie,\",\"isPartOf\":{\"@id\":\"https:\/\/preprod-lourdes.cawita.com\/#website\"},\"datePublished\":\"2025-04-28T10:34:29+00:00\",\"dateModified\":\"2025-04-29T14:43:47+00:00\",\"breadcrumb\":{\"@id\":\"https:\/\/www.lourdes-france.org\/es\/mois-de-mai-mois-de-marie-2\/#breadcrumb\"},\"inLanguage\":\"es\",\"potentialAction\":[{\"@type\":\"ReadAction\",\"target\":[\"https:\/\/www.lourdes-france.org\/es\/mois-de-mai-mois-de-marie-2\/\"]}]},{\"@type\":\"BreadcrumbList\",\"@id\":\"https:\/\/www.lourdes-france.org\/es\/mois-de-mai-mois-de-marie-2\/#breadcrumb\",\"itemListElement\":[{\"@type\":\"ListItem\",\"position\":1,\"name\":\"Accueil\",\"item\":\"https:\/\/www.lourdes-france.org\/\"},{\"@type\":\"ListItem\",\"position\":2,\"name\":\"Mois de mai, mois de Marie,\"}]},{\"@type\":\"WebSite\",\"@id\":\"https:\/\/preprod-lourdes.cawita.com\/#website\",\"url\":\"https:\/\/preprod-lourdes.cawita.com\/\",\"name\":\"Soutenir le Sanctuaire Notre-Dame de Lourdes\",\"description\":\"\",\"potentialAction\":[{\"@type\":\"SearchAction\",\"target\":{\"@type\":\"EntryPoint\",\"urlTemplate\":\"https:\/\/preprod-lourdes.cawita.com\/?s={search_term_string}\"},\"query-input\":{\"@type\":\"PropertyValueSpecification\",\"valueRequired\":true,\"valueName\":\"search_term_string\"}}],\"inLanguage\":\"es\"}]}<\/script>\n<!-- \/ Yoast SEO plugin. -->","yoast_head_json":{"title":"Mois de mai, mois de Marie,","robots":{"index":"index","follow":"follow","max-snippet":"max-snippet:-1","max-image-preview":"max-image-preview:large","max-video-preview":"max-video-preview:-1"},"canonical":"https:\/\/www.lourdes-france.org\/es\/mois-de-mai-mois-de-marie-2\/","twitter_misc":{"Tiempo de lectura":"2 minutos"},"schema":{"@context":"https:\/\/schema.org","@graph":[{"@type":"WebPage","@id":"https:\/\/www.lourdes-france.org\/es\/mois-de-mai-mois-de-marie-2\/","url":"https:\/\/www.lourdes-france.org\/es\/mois-de-mai-mois-de-marie-2\/","name":"Mois de mai, mois de Marie,","isPartOf":{"@id":"https:\/\/preprod-lourdes.cawita.com\/#website"},"datePublished":"2025-04-28T10:34:29+00:00","dateModified":"2025-04-29T14:43:47+00:00","breadcrumb":{"@id":"https:\/\/www.lourdes-france.org\/es\/mois-de-mai-mois-de-marie-2\/#breadcrumb"},"inLanguage":"es","potentialAction":[{"@type":"ReadAction","target":["https:\/\/www.lourdes-france.org\/es\/mois-de-mai-mois-de-marie-2\/"]}]},{"@type":"BreadcrumbList","@id":"https:\/\/www.lourdes-france.org\/es\/mois-de-mai-mois-de-marie-2\/#breadcrumb","itemListElement":[{"@type":"ListItem","position":1,"name":"Accueil","item":"https:\/\/www.lourdes-france.org\/"},{"@type":"ListItem","position":2,"name":"Mois de mai, mois de Marie,"}]},{"@type":"WebSite","@id":"https:\/\/preprod-lourdes.cawita.com\/#website","url":"https:\/\/preprod-lourdes.cawita.com\/","name":"Soutenir le Sanctuaire Notre-Dame de Lourdes","description":"","potentialAction":[{"@type":"SearchAction","target":{"@type":"EntryPoint","urlTemplate":"https:\/\/preprod-lourdes.cawita.com\/?s={search_term_string}"},"query-input":{"@type":"PropertyValueSpecification","valueRequired":true,"valueName":"search_term_string"}}],"inLanguage":"es"}]}},"_links":{"self":[{"href":"https:\/\/www.lourdes-france.org\/es\/wp-json\/wp\/v2\/pages\/1007405","targetHints":{"allow":["GET"]}}],"collection":[{"href":"https:\/\/www.lourdes-france.org\/es\/wp-json\/wp\/v2\/pages"}],"about":[{"href":"https:\/\/www.lourdes-france.org\/es\/wp-json\/wp\/v2\/types\/page"}],"author":[{"embeddable":true,"href":"https:\/\/www.lourdes-france.org\/es\/wp-json\/wp\/v2\/users\/7"}],"replies":[{"embeddable":true,"href":"https:\/\/www.lourdes-france.org\/es\/wp-json\/wp\/v2\/comments?post=1007405"}],"version-history":[{"count":3,"href":"https:\/\/www.lourdes-france.org\/es\/wp-json\/wp\/v2\/pages\/1007405\/revisions"}],"predecessor-version":[{"id":1007408,"href":"https:\/\/www.lourdes-france.org\/es\/wp-json\/wp\/v2\/pages\/1007405\/revisions\/1007408"}],"wp:attachment":[{"href":"https:\/\/www.lourdes-france.org\/es\/wp-json\/wp\/v2\/media?parent=1007405"}],"curies":[{"name":"wp","href":"https:\/\/api.w.org\/{rel}","templated":true}]}}