{"id":1033613,"date":"2025-08-08T09:00:36","date_gmt":"2025-08-08T07:00:36","guid":{"rendered":"https:\/\/www.lourdes-france.org\/?page_id=1033613"},"modified":"2025-08-26T14:06:58","modified_gmt":"2025-08-26T12:06:58","slug":"5-razones-para-donar","status":"publish","type":"page","link":"https:\/\/www.lourdes-france.org\/es\/apoyar-santuario-lourdes\/5-razones-para-donar\/","title":{"rendered":"5 raisons de donner au Sanctuaire de Lourdes"},"content":{"rendered":"\t\t<div data-elementor-type=\"wp-page\" data-elementor-id=\"1033613\" class=\"elementor elementor-1033613 elementor-1025219\" data-elementor-post-type=\"page\">\n\t\t\t\t\t\t<section class=\"elementor-section elementor-top-section elementor-element elementor-element-4cfeeae elementor-section-full_width elementor-section-stretched elementor-section-height-default elementor-section-height-default\" data-id=\"4cfeeae\" data-element_type=\"section\" data-settings=\"{&quot;stretch_section&quot;:&quot;section-stretched&quot;,&quot;background_background&quot;:&quot;classic&quot;}\">\n\t\t\t\t\t\t<div class=\"elementor-container elementor-column-gap-default\">\n\t\t\t\t\t<div class=\"elementor-column elementor-col-100 elementor-top-column elementor-element elementor-element-02bc77f\" data-id=\"02bc77f\" data-element_type=\"column\">\n\t\t\t<div class=\"elementor-widget-wrap elementor-element-populated\">\n\t\t\t\t\t\t<div class=\"elementor-element elementor-element-3a4d075 elementor-widget elementor-widget-spacer\" data-id=\"3a4d075\" data-element_type=\"widget\" data-widget_type=\"spacer.default\">\n\t\t\t\t<div class=\"elementor-widget-container\">\n\t\t\t\t\t\t\t<div class=\"elementor-spacer\">\n\t\t\t<div class=\"elementor-spacer-inner\"><\/div>\n\t\t<\/div>\n\t\t\t\t\t\t<\/div>\n\t\t\t\t<\/div>\n\t\t\t\t\t<\/div>\n\t\t<\/div>\n\t\t\t\t\t<\/div>\n\t\t<\/section>\n\t\t\t\t<section class=\"elementor-section elementor-top-section elementor-element elementor-element-3e72068 elementor-section-full_width elementor-section-height-default elementor-section-height-default\" data-id=\"3e72068\" data-element_type=\"section\" data-settings=\"{&quot;background_background&quot;:&quot;classic&quot;}\">\n\t\t\t\t\t\t<div class=\"elementor-container elementor-column-gap-default\">\n\t\t\t\t\t<div class=\"elementor-column elementor-col-100 elementor-top-column elementor-element elementor-element-5315277\" data-id=\"5315277\" data-element_type=\"column\">\n\t\t\t<div class=\"elementor-widget-wrap elementor-element-populated\">\n\t\t\t\t\t\t<div class=\"elementor-element elementor-element-bbf1209 elementor-widget elementor-widget-spacer\" data-id=\"bbf1209\" data-element_type=\"widget\" data-widget_type=\"spacer.default\">\n\t\t\t\t<div class=\"elementor-widget-container\">\n\t\t\t\t\t\t\t<div class=\"elementor-spacer\">\n\t\t\t<div class=\"elementor-spacer-inner\"><\/div>\n\t\t<\/div>\n\t\t\t\t\t\t<\/div>\n\t\t\t\t<\/div>\n\t\t\t\t<div class=\"elementor-element elementor-element-897d5de elementor-widget elementor-widget-heading\" data-id=\"897d5de\" data-element_type=\"widget\" data-widget_type=\"heading.default\">\n\t\t\t\t<div class=\"elementor-widget-container\">\n\t\t\t\t\t<h2 class=\"elementor-heading-title elementor-size-default\">5 razones para donar al Santuario de Lourdes<\/h2>\t\t\t\t<\/div>\n\t\t\t\t<\/div>\n\t\t\t\t<div class=\"elementor-element elementor-element-deff42b elementor-widget elementor-widget-heading\" data-id=\"deff42b\" data-element_type=\"widget\" data-widget_type=\"heading.default\">\n\t\t\t\t<div class=\"elementor-widget-container\">\n\t\t\t\t\t<h2 class=\"elementor-heading-title elementor-size-default\">_________________<\/h2>\t\t\t\t<\/div>\n\t\t\t\t<\/div>\n\t\t\t\t<div class=\"elementor-element elementor-element-69dde582 elementor-widget elementor-widget-text-editor\" data-id=\"69dde582\" data-element_type=\"widget\" data-widget_type=\"text-editor.default\">\n\t\t\t\t<div class=\"elementor-widget-container\">\n\t\t\t\t\t\t\t\t\t<p lang=\"es-ES\"><span style=\"color: #454545;\"><span style=\"font-family: .SFNS-Regular_wdth_opsz110000_G, serif;\">Hacer una <a href=\"https:\/\/www.lourdes-france.org\/it\/sostenere-santuario-lourdes\/perche-donare\/\" target=\"_blank\" rel=\"noopener\">donaci\u00f3n<\/a> al <a href=\"https:\/\/www.lourdes-france.com\/es\/\">Santuario de Lourdes<\/a> es participar activamente en su misi\u00f3n espiritual, humana y solidaria.<\/span><\/span><\/p><h2><span style=\"text-decoration: underline;\"><strong><span style=\"color: #454545;\"><span style=\"font-family: .SFNS-Regular_wdth_opsz110000_G, serif;\"><span lang=\"es-ES\"><span style=\"color: #007a9e; text-decoration: underline;\">A continuaci\u00f3n, presentamos 5 razones para donar:<\/span> <\/span><\/span><\/span><\/strong><\/span><\/h2><h4><span style=\"color: #007a9e;\"><span style=\"font-family: .SFNS-Regular_wdth_opsz110000_G, serif;\"><span lang=\"es-ES\"><b>Raz\u00f3n N.\u00ba 1. Apoyar un lugar de fe y esperanza<\/b><\/span><\/span><\/span><\/h4><p><span style=\"color: #454545;\"><span style=\"font-family: .SFNS-Regular_wdth_opsz110000_G, serif;\">Lourdes acoge cada a\u00f1o a m\u00e1s de <a href=\"https:\/\/www.lourdes-france.org\/es\/la-asistencia-a-lourdes\/\">3 millones de peregrinos<\/a> de todo el mundo.<br \/><\/span><\/span><span style=\"color: #454545;\"><span style=\"font-family: .SFNS-Regular_wdth_opsz110000_G, serif;\"><span lang=\"es-ES\">Sus donaciones permiten preservar este lugar de oraci\u00f3n, recogimiento y paz <a href=\"https:\/\/www.lourdes-france.com\/es\/lourdes-un-sanctuaire-accessible-a-tous\/\">accesible<\/a> para todos, sin importar sus recursos financieros.<br \/><\/span><\/span><\/span><\/p><h4><span style=\"color: #007a9e;\"><span style=\"font-family: .SFNS-Regular_wdth_opsz110000_G, serif;\"><span lang=\"es-ES\"><b>Raz\u00f3n N.\u00ba 2. Ayudar a las personas enfermas o con discapacidad<\/b><\/span><\/span><\/span><\/h4><p><span style=\"color: #454545;\"><span style=\"font-family: .SFNS-Regular_wdth_opsz110000_G, serif;\"><span lang=\"es-ES\">El Santuario es un lugar privilegiado de acogida para las <a href=\"https:\/\/www.lourdes-france.org\/es\/?page_id=1035017&amp;preview=true\">personas m\u00e1s vulnerables<\/a>. Las donaciones se destinan a la financiaci\u00f3n de infraestructuras medicalizadas que les permiten vivir su peregrinaci\u00f3n de forma plena.<br \/><\/span><\/span><\/span><\/p><h4><span style=\"color: #007a9e;\"><span style=\"font-family: .SFNS-Regular_wdth_opsz110000_G, serif;\"><span lang=\"es-ES\"><b>Raz\u00f3n N.\u00ba 3. Preservar un patrimonio espiritual e hist\u00f3rico<\/b><\/span><\/span><\/span><\/h4><p><span style=\"color: #454545;\"><span style=\"font-family: .SFNS-Regular_wdth_opsz110000_G, serif;\">Las 3 bas\u00edlicas, las 25 capillas, as\u00ed como las instalaciones y espacios naturales que forman parte del recinto del Santuario \u2014que abarca una extensi\u00f3n de 55 hect\u00e1reas\u2014 requieren un mantenimiento continuo. Su apoyo permite conservar este patrimonio \u00fanico, cargado de historia y fe.<br \/><\/span><\/span><\/p><h4><span style=\"color: #007a9e;\"><span style=\"font-family: .SFNS-Regular_wdth_opsz110000_G, serif;\"><span lang=\"es-ES\"><b>Raz\u00f3n N.\u00ba 4. Apoyar la misi\u00f3n de evangelizaci\u00f3n<\/b><\/span><\/span><\/span><\/h4><p><span style=\"color: #454545;\"><span style=\"font-family: .SFNS-Regular_wdth_opsz110000_G, serif;\"><span lang=\"es-ES\">Las donaciones tambi\u00e9n se destinan a la formaci\u00f3n de <a href=\"https:\/\/www.lourdes-france.com\/es\/voluntario\/\">voluntarios<\/a> y <a href=\"https:\/\/hospitalite-nd-lourdes.com\/es\/\">hospitalarios<\/a>, a la organizaci\u00f3n de las celebraciones \u2014en particular las grandes procesiones\u2014 y a la difusi\u00f3n del mensaje de Lourdes en todo el mundo. <br \/><\/span><\/span><\/span><\/p><h4><span style=\"color: #007a9e;\"><span style=\"font-family: .SFNS-Regular_wdth_opsz110000_G, serif;\"><span lang=\"es-ES\"><b>Raz\u00f3n N.\u00ba 5. Un acto de generosidad con sentido propio<\/b><\/span><\/span><\/span><\/h4><p><span style=\"color: #454545;\"><span style=\"font-family: .SFNS-Regular_wdth_opsz110000_G, serif;\">Donar al Santuario comprende un gesto concreto de fe, gratitud o solidaridad. Significa formar parte de una obra colectiva que trasciende generaciones y deja una huella profunda en miles de vidas.<\/span><\/span><\/p>\t\t\t\t\t\t\t\t<\/div>\n\t\t\t\t<\/div>\n\t\t\t\t<div class=\"elementor-element elementor-element-b7ba1a7 elementor-widget elementor-widget-link-in-bio\" data-id=\"b7ba1a7\" data-element_type=\"widget\" data-widget_type=\"link-in-bio.default\">\n\t\t\t\t<div class=\"elementor-widget-container\">\n\t\t\t\t\t\t\t<div class=\"e-link-in-bio e-link-in-bio\">\n\t\t\t<div class=\"e-link-in-bio__content\">\n\n\t\t\t\t\t\t<div class=\"e-link-in-bio__identity\">\n\t\t\t\t\t\t\t\t\t<div class=\"e-link-in-bio__identity-image e-link-in-bio__identity-image-profile has-border has-style-circle\">\n\t\t\t\t\t\t\t<img fetchpriority=\"high\" decoding=\"async\" width=\"300\" height=\"200\" src=\"https:\/\/www.lourdes-france.org\/wp-content\/uploads\/2025\/08\/21_service-donateur-01-scaled-1-300x200.jpg\" class=\"e-link-in-bio__identity-image-element\" alt=\"\" srcset=\"https:\/\/www.lourdes-france.org\/wp-content\/uploads\/2025\/08\/21_service-donateur-01-scaled-1-300x200.jpg 300w, https:\/\/www.lourdes-france.org\/wp-content\/uploads\/2025\/08\/21_service-donateur-01-scaled-1-1024x683.jpg 1024w, https:\/\/www.lourdes-france.org\/wp-content\/uploads\/2025\/08\/21_service-donateur-01-scaled-1-768x512.jpg 768w, https:\/\/www.lourdes-france.org\/wp-content\/uploads\/2025\/08\/21_service-donateur-01-scaled-1-1536x1024.jpg 1536w, https:\/\/www.lourdes-france.org\/wp-content\/uploads\/2025\/08\/21_service-donateur-01-scaled-1-2048x1366.jpg 2048w\" sizes=\"(max-width: 300px) 100vw, 300px\" \/>\t\t\t\t\t\t\t\t\t\t\t\t\t<\/div>\n\t\t\t\t\t\t\t<\/div>\n\t\t\t\t\t<div class=\"e-link-in-bio__bio\">\n\t\t\t\t<h2 class=\"e-link-in-bio__heading\">Service des Donateurs<\/h2>\t\t\t\t<h2 class=\"e-link-in-bio__title\">Santuario de Nuestra Se\u00f1ora de Lourdes<\/h2>\t\t\t\t\t\t\t\t\t\t\t<\/div>\n\t\t\t\t\t<div class=\"e-link-in-bio__icons has-size-medium\">\n\t\t\t\t\t\t\t<div class=\"e-link-in-bio__icon is-size-medium\">\n\t\t\t\t\t<a aria-label=\"Telephone\" class=\"e-link-in-bio__icon-link\" href=\"tel:+33562428282\">\n\t\t\t\t\t\t<span class=\"e-link-in-bio__icon-svg\">\n\t\t\t\t\t\t\t<i aria-hidden=\"true\" class=\"fas fa-phone-alt\"><\/i>\t\t\t\t\t\t<\/span>\n\t\t\t\t\t\t\t\t\t\t\t<\/a>\n\t\t\t\t<\/div>\n\t\t\t\t\t\t\t<div class=\"e-link-in-bio__icon is-size-medium\">\n\t\t\t\t\t<a aria-label=\"Email\" class=\"e-link-in-bio__icon-link\" href=\"mailto:donateur@lourdes-france.com\">\n\t\t\t\t\t\t<span class=\"e-link-in-bio__icon-svg\">\n\t\t\t\t\t\t\t<i aria-hidden=\"true\" class=\"fas fa-envelope\"><\/i>\t\t\t\t\t\t<\/span>\n\t\t\t\t\t\t\t\t\t\t\t<\/a>\n\t\t\t\t<\/div>\n\t\t\t\t\t<\/div>\n\t\t\n\t\t<div class=\"e-link-in-bio__ctas has-type-button\">\n\t\t\t\t\t\t\t<a target=\"_blank\" rel=\"noopener \" class=\"e-link-in-bio__cta is-type-button has-corners-rounded\" href=\"\">\n\t\t\t\t\t\t\t\t\t\t<span class=\"e-link-in-bio__cta-text\">\n\t\t\t\t\t\t1 avenue Mgr Th\u00e9as \u2013 65 108 Lourdes  France\t\t\t\t\t<\/span>\n\t\t\t\t<\/a>\n\t\t\t\t\t<\/div>\n\t\t\n\t\t\t<\/div>\n\t\t\t<div class=\"e-link-in-bio__bg\">\n\t\t\t\t<div class=\"e-link-in-bio__bg-overlay\"><\/div>\n\t\t\t<\/div>\n\t\t<\/div>\n\t\t\t\t\t\t<\/div>\n\t\t\t\t<\/div>\n\t\t\t\t<div class=\"elementor-element elementor-element-a723d0b elementor-view-default elementor-widget elementor-widget-icon\" data-id=\"a723d0b\" data-element_type=\"widget\" data-widget_type=\"icon.default\">\n\t\t\t\t<div class=\"elementor-widget-container\">\n\t\t\t\t\t\t\t<div class=\"elementor-icon-wrapper\">\n\t\t\t<div class=\"elementor-icon\">\n\t\t\t<i aria-hidden=\"true\" class=\"fas fa-church\"><\/i>\t\t\t<\/div>\n\t\t<\/div>\n\t\t\t\t\t\t<\/div>\n\t\t\t\t<\/div>\n\t\t\t\t\t<\/div>\n\t\t<\/div>\n\t\t\t\t\t<\/div>\n\t\t<\/section>\n\t\t\t\t<\/div>\n\t\t","protected":false},"excerpt":{"rendered":"<p>5 razones para donar al Santuario de Lourdes _________________ Hacer una donaci\u00f3n al Santuario de Lourdes es participar activamente en su misi\u00f3n espiritual, humana y solidaria. A continuaci\u00f3n, presentamos 5 razones para donar: Raz\u00f3n N.\u00ba 1. Apoyar un lugar de &hellip; <a href=\"https:\/\/www.lourdes-france.org\/es\/apoyar-santuario-lourdes\/5-razones-para-donar\/\">Continuar<\/a><\/p>\n","protected":false},"author":7,"featured_media":1033721,"parent":1033711,"menu_order":0,"comment_status":"closed","ping_status":"closed","template":"","meta":{"_acf_changed":false,"footnotes":""},"class_list":["post-1033613","page","type-page","status-publish","has-post-thumbnail","hentry"],"acf":[],"yoast_head":"<!-- This site is optimized with the Yoast SEO plugin v24.7 - https:\/\/yoast.com\/wordpress\/plugins\/seo\/ -->\n<title>5 razones para donar al Santuario de Lourdes<\/title>\n<meta name=\"description\" content=\"\u00bfPor qu\u00e9 donar al Santuario? \u00bfPor qu\u00e9 esta elecci\u00f3n? \u00bfPor qu\u00e9 Lourdes? Cinco razones para donar al Santuario de Lourdes.\" \/>\n<meta name=\"robots\" content=\"index, follow, max-snippet:-1, max-image-preview:large, max-video-preview:-1\" \/>\n<link rel=\"canonical\" href=\"https:\/\/www.lourdes-france.org\/it\/sostenere-santuario-lourdes\/5-raisons-de-donner\/\" \/>\n<meta name=\"twitter:label1\" content=\"Tiempo de lectura\" \/>\n\t<meta name=\"twitter:data1\" content=\"2 minutos\" \/>\n<script type=\"application\/ld+json\" class=\"yoast-schema-graph\">{\"@context\":\"https:\/\/schema.org\",\"@graph\":[{\"@type\":\"WebPage\",\"@id\":\"https:\/\/www.lourdes-france.org\/it\/sostenere-santuario-lourdes\/5-raisons-de-donner\/\",\"url\":\"https:\/\/www.lourdes-france.org\/it\/sostenere-santuario-lourdes\/5-raisons-de-donner\/\",\"name\":\"5 razones para donar al Santuario de Lourdes\",\"isPartOf\":{\"@id\":\"https:\/\/preprod-lourdes.cawita.com\/#website\"},\"primaryImageOfPage\":{\"@id\":\"https:\/\/www.lourdes-france.org\/it\/sostenere-santuario-lourdes\/5-raisons-de-donner\/#primaryimage\"},\"image\":{\"@id\":\"https:\/\/www.lourdes-france.org\/it\/sostenere-santuario-lourdes\/5-raisons-de-donner\/#primaryimage\"},\"thumbnailUrl\":\"https:\/\/www.lourdes-france.org\/wp-content\/uploads\/2025\/07\/Nous-soutenir-scaled-1.jpg\",\"datePublished\":\"2025-08-08T07:00:36+00:00\",\"dateModified\":\"2025-08-26T12:06:58+00:00\",\"description\":\"\u00bfPor qu\u00e9 donar al Santuario? \u00bfPor qu\u00e9 esta elecci\u00f3n? \u00bfPor qu\u00e9 Lourdes? Cinco razones para donar al Santuario de Lourdes.\",\"breadcrumb\":{\"@id\":\"https:\/\/www.lourdes-france.org\/it\/sostenere-santuario-lourdes\/5-raisons-de-donner\/#breadcrumb\"},\"inLanguage\":\"es\",\"potentialAction\":[{\"@type\":\"ReadAction\",\"target\":[\"https:\/\/www.lourdes-france.org\/it\/sostenere-santuario-lourdes\/5-raisons-de-donner\/\"]}]},{\"@type\":\"ImageObject\",\"inLanguage\":\"es\",\"@id\":\"https:\/\/www.lourdes-france.org\/it\/sostenere-santuario-lourdes\/5-raisons-de-donner\/#primaryimage\",\"url\":\"https:\/\/www.lourdes-france.org\/wp-content\/uploads\/2025\/07\/Nous-soutenir-scaled-1.jpg\",\"contentUrl\":\"https:\/\/www.lourdes-france.org\/wp-content\/uploads\/2025\/07\/Nous-soutenir-scaled-1.jpg\",\"width\":2560,\"height\":1707,\"caption\":\"Pourquoi faire un don au Sanctuaire de Lourdes ?\"},{\"@type\":\"BreadcrumbList\",\"@id\":\"https:\/\/www.lourdes-france.org\/it\/sostenere-santuario-lourdes\/5-raisons-de-donner\/#breadcrumb\",\"itemListElement\":[{\"@type\":\"ListItem\",\"position\":1,\"name\":\"Accueil\",\"item\":\"https:\/\/www.lourdes-france.org\/\"},{\"@type\":\"ListItem\",\"position\":2,\"name\":\"Soutenir le Sanctuaire\",\"item\":\"https:\/\/www.lourdes-france.org\/es\/apoyar-santuario-lourdes\/\"},{\"@type\":\"ListItem\",\"position\":3,\"name\":\"5 raisons de donner au Sanctuaire de Lourdes\"}]},{\"@type\":\"WebSite\",\"@id\":\"https:\/\/preprod-lourdes.cawita.com\/#website\",\"url\":\"https:\/\/preprod-lourdes.cawita.com\/\",\"name\":\"Soutenir le Sanctuaire Notre-Dame de Lourdes\",\"description\":\"\",\"potentialAction\":[{\"@type\":\"SearchAction\",\"target\":{\"@type\":\"EntryPoint\",\"urlTemplate\":\"https:\/\/preprod-lourdes.cawita.com\/?s={search_term_string}\"},\"query-input\":{\"@type\":\"PropertyValueSpecification\",\"valueRequired\":true,\"valueName\":\"search_term_string\"}}],\"inLanguage\":\"es\"}]}<\/script>\n<!-- \/ Yoast SEO plugin. -->","yoast_head_json":{"title":"5 razones para donar al Santuario de Lourdes","description":"\u00bfPor qu\u00e9 donar al Santuario? \u00bfPor qu\u00e9 esta elecci\u00f3n? \u00bfPor qu\u00e9 Lourdes? Cinco razones para donar al Santuario de Lourdes.","robots":{"index":"index","follow":"follow","max-snippet":"max-snippet:-1","max-image-preview":"max-image-preview:large","max-video-preview":"max-video-preview:-1"},"canonical":"https:\/\/www.lourdes-france.org\/it\/sostenere-santuario-lourdes\/5-raisons-de-donner\/","twitter_misc":{"Tiempo de lectura":"2 minutos"},"schema":{"@context":"https:\/\/schema.org","@graph":[{"@type":"WebPage","@id":"https:\/\/www.lourdes-france.org\/it\/sostenere-santuario-lourdes\/5-raisons-de-donner\/","url":"https:\/\/www.lourdes-france.org\/it\/sostenere-santuario-lourdes\/5-raisons-de-donner\/","name":"5 razones para donar al Santuario de Lourdes","isPartOf":{"@id":"https:\/\/preprod-lourdes.cawita.com\/#website"},"primaryImageOfPage":{"@id":"https:\/\/www.lourdes-france.org\/it\/sostenere-santuario-lourdes\/5-raisons-de-donner\/#primaryimage"},"image":{"@id":"https:\/\/www.lourdes-france.org\/it\/sostenere-santuario-lourdes\/5-raisons-de-donner\/#primaryimage"},"thumbnailUrl":"https:\/\/www.lourdes-france.org\/wp-content\/uploads\/2025\/07\/Nous-soutenir-scaled-1.jpg","datePublished":"2025-08-08T07:00:36+00:00","dateModified":"2025-08-26T12:06:58+00:00","description":"\u00bfPor qu\u00e9 donar al Santuario? \u00bfPor qu\u00e9 esta elecci\u00f3n? \u00bfPor qu\u00e9 Lourdes? Cinco razones para donar al Santuario de Lourdes.","breadcrumb":{"@id":"https:\/\/www.lourdes-france.org\/it\/sostenere-santuario-lourdes\/5-raisons-de-donner\/#breadcrumb"},"inLanguage":"es","potentialAction":[{"@type":"ReadAction","target":["https:\/\/www.lourdes-france.org\/it\/sostenere-santuario-lourdes\/5-raisons-de-donner\/"]}]},{"@type":"ImageObject","inLanguage":"es","@id":"https:\/\/www.lourdes-france.org\/it\/sostenere-santuario-lourdes\/5-raisons-de-donner\/#primaryimage","url":"https:\/\/www.lourdes-france.org\/wp-content\/uploads\/2025\/07\/Nous-soutenir-scaled-1.jpg","contentUrl":"https:\/\/www.lourdes-france.org\/wp-content\/uploads\/2025\/07\/Nous-soutenir-scaled-1.jpg","width":2560,"height":1707,"caption":"Pourquoi faire un don au Sanctuaire de Lourdes ?"},{"@type":"BreadcrumbList","@id":"https:\/\/www.lourdes-france.org\/it\/sostenere-santuario-lourdes\/5-raisons-de-donner\/#breadcrumb","itemListElement":[{"@type":"ListItem","position":1,"name":"Accueil","item":"https:\/\/www.lourdes-france.org\/"},{"@type":"ListItem","position":2,"name":"Soutenir le Sanctuaire","item":"https:\/\/www.lourdes-france.org\/es\/apoyar-santuario-lourdes\/"},{"@type":"ListItem","position":3,"name":"5 raisons de donner au Sanctuaire de Lourdes"}]},{"@type":"WebSite","@id":"https:\/\/preprod-lourdes.cawita.com\/#website","url":"https:\/\/preprod-lourdes.cawita.com\/","name":"Soutenir le Sanctuaire Notre-Dame de Lourdes","description":"","potentialAction":[{"@type":"SearchAction","target":{"@type":"EntryPoint","urlTemplate":"https:\/\/preprod-lourdes.cawita.com\/?s={search_term_string}"},"query-input":{"@type":"PropertyValueSpecification","valueRequired":true,"valueName":"search_term_string"}}],"inLanguage":"es"}]}},"_links":{"self":[{"href":"https:\/\/www.lourdes-france.org\/es\/wp-json\/wp\/v2\/pages\/1033613","targetHints":{"allow":["GET"]}}],"collection":[{"href":"https:\/\/www.lourdes-france.org\/es\/wp-json\/wp\/v2\/pages"}],"about":[{"href":"https:\/\/www.lourdes-france.org\/es\/wp-json\/wp\/v2\/types\/page"}],"author":[{"embeddable":true,"href":"https:\/\/www.lourdes-france.org\/es\/wp-json\/wp\/v2\/users\/7"}],"replies":[{"embeddable":true,"href":"https:\/\/www.lourdes-france.org\/es\/wp-json\/wp\/v2\/comments?post=1033613"}],"version-history":[{"count":3,"href":"https:\/\/www.lourdes-france.org\/es\/wp-json\/wp\/v2\/pages\/1033613\/revisions"}],"predecessor-version":[{"id":1061080,"href":"https:\/\/www.lourdes-france.org\/es\/wp-json\/wp\/v2\/pages\/1033613\/revisions\/1061080"}],"up":[{"embeddable":true,"href":"https:\/\/www.lourdes-france.org\/es\/wp-json\/wp\/v2\/pages\/1033711"}],"wp:featuredmedia":[{"embeddable":true,"href":"https:\/\/www.lourdes-france.org\/es\/wp-json\/wp\/v2\/media\/1033721"}],"wp:attachment":[{"href":"https:\/\/www.lourdes-france.org\/es\/wp-json\/wp\/v2\/media?parent=1033613"}],"curies":[{"name":"wp","href":"https:\/\/api.w.org\/{rel}","templated":true}]}}