{"id":1033633,"date":"2025-08-27T17:51:37","date_gmt":"2025-08-27T15:51:37","guid":{"rendered":"https:\/\/www.lourdes-france.org\/?page_id=1033633"},"modified":"2025-08-27T17:51:37","modified_gmt":"2025-08-27T15:51:37","slug":"su-donacion-con-confianza","status":"publish","type":"page","link":"https:\/\/www.lourdes-france.org\/es\/apoyar-santuario-lourdes\/su-donacion-con-confianza\/","title":{"rendered":"Votre don en confiance"},"content":{"rendered":"\t\t<div data-elementor-type=\"wp-page\" data-elementor-id=\"1033633\" class=\"elementor elementor-1033633 elementor-1028430\" data-elementor-post-type=\"page\">\n\t\t\t\t\t\t<section class=\"elementor-section elementor-top-section elementor-element elementor-element-4bf4b96 elementor-section-full_width elementor-section-stretched elementor-section-height-default elementor-section-height-default\" data-id=\"4bf4b96\" data-element_type=\"section\" data-settings=\"{&quot;stretch_section&quot;:&quot;section-stretched&quot;,&quot;background_background&quot;:&quot;classic&quot;}\">\n\t\t\t\t\t\t<div class=\"elementor-container elementor-column-gap-default\">\n\t\t\t\t\t<div class=\"elementor-column elementor-col-100 elementor-top-column elementor-element elementor-element-7c67f37\" data-id=\"7c67f37\" data-element_type=\"column\">\n\t\t\t<div class=\"elementor-widget-wrap elementor-element-populated\">\n\t\t\t\t\t\t<div class=\"elementor-element elementor-element-dd143da elementor-widget elementor-widget-spacer\" data-id=\"dd143da\" data-element_type=\"widget\" data-widget_type=\"spacer.default\">\n\t\t\t\t<div class=\"elementor-widget-container\">\n\t\t\t\t\t\t\t<div class=\"elementor-spacer\">\n\t\t\t<div class=\"elementor-spacer-inner\"><\/div>\n\t\t<\/div>\n\t\t\t\t\t\t<\/div>\n\t\t\t\t<\/div>\n\t\t\t\t\t<\/div>\n\t\t<\/div>\n\t\t\t\t\t<\/div>\n\t\t<\/section>\n\t\t\t\t<section class=\"elementor-section elementor-top-section elementor-element elementor-element-9123934 elementor-section-full_width elementor-section-height-default elementor-section-height-default\" data-id=\"9123934\" data-element_type=\"section\" data-settings=\"{&quot;background_background&quot;:&quot;classic&quot;}\">\n\t\t\t\t\t\t<div class=\"elementor-container elementor-column-gap-default\">\n\t\t\t\t\t<div class=\"elementor-column elementor-col-100 elementor-top-column elementor-element elementor-element-b2ad6eb\" data-id=\"b2ad6eb\" data-element_type=\"column\">\n\t\t\t<div class=\"elementor-widget-wrap elementor-element-populated\">\n\t\t\t\t\t\t<div class=\"elementor-element elementor-element-7e1fee7 elementor-widget elementor-widget-spacer\" data-id=\"7e1fee7\" data-element_type=\"widget\" data-widget_type=\"spacer.default\">\n\t\t\t\t<div class=\"elementor-widget-container\">\n\t\t\t\t\t\t\t<div class=\"elementor-spacer\">\n\t\t\t<div class=\"elementor-spacer-inner\"><\/div>\n\t\t<\/div>\n\t\t\t\t\t\t<\/div>\n\t\t\t\t<\/div>\n\t\t\t\t<div class=\"elementor-element elementor-element-ea92192 elementor-widget elementor-widget-heading\" data-id=\"ea92192\" data-element_type=\"widget\" data-widget_type=\"heading.default\">\n\t\t\t\t<div class=\"elementor-widget-container\">\n\t\t\t\t\t<h2 class=\"elementor-heading-title elementor-size-default\">Donar con total confianza<\/h2>\t\t\t\t<\/div>\n\t\t\t\t<\/div>\n\t\t\t\t<div class=\"elementor-element elementor-element-67c0897 elementor-widget elementor-widget-heading\" data-id=\"67c0897\" data-element_type=\"widget\" data-widget_type=\"heading.default\">\n\t\t\t\t<div class=\"elementor-widget-container\">\n\t\t\t\t\t<h2 class=\"elementor-heading-title elementor-size-default\">_________________<\/h2>\t\t\t\t<\/div>\n\t\t\t\t<\/div>\n\t\t\t\t<div class=\"elementor-element elementor-element-118bddc elementor-widget elementor-widget-text-editor\" data-id=\"118bddc\" data-element_type=\"widget\" data-widget_type=\"text-editor.default\">\n\t\t\t\t<div class=\"elementor-widget-container\">\n\t\t\t\t\t\t\t\t\t<p><span style=\"color: #454545;\"><span style=\"font-family: .SFNS-Regular_wdth_opsz110000_G, serif;\"><span lang=\"es-ES\">Los pagos realizados en la p\u00e1gina web del <a href=\"https:\/\/www.lourdes-france.com\/es\/\" target=\"_blank\" rel=\"noopener\">Santuario de Lourdes<\/a> son 100 % seguros. Un sistema de codificaci\u00f3n garantiza la <a href=\"https:\/\/www.lourdes-france.org\/es\/?page_id=1033630&amp;preview=true\" target=\"_blank\" rel=\"noopener\">confidencialidad<\/a> y el tratamiento seguro de sus datos.<\/span><\/span><\/span><\/p><p><span style=\"color: #454545;\">Toda la informaci\u00f3n bancaria para procesar el pago est\u00e1 cifrada mediante el protocolo SSL y, en ning\u00fan caso, se almacena en nuestros sistemas inform\u00e1ticos.<\/span><\/p><p><span style=\"color: #454545;\"><span style=\"font-family: .SFNS-Regular_wdth_opsz110000_G, serif;\"><span lang=\"es-ES\">Las cuentas anuales del Santuario de Lourdes (Asociaci\u00f3n Diocesana de Tarbes y Lourdes) son auditadas y certificadas por un auditor.<\/span><\/span><\/span><\/p><h2><span style=\"color: #454545;\"><span style=\"font-family: .SFNS-Regular_wdth_opsz110000_G, serif;\"><span style=\"font-size: large;\"><span lang=\"es-ES\"><b>Hacer una donaci\u00f3n<\/b><\/span><\/span><\/span><\/span><\/h2><p><span style=\"color: #454545;\"><span style=\"font-family: .SFNS-Regular_wdth_opsz110000_G, serif;\"><span lang=\"es-ES\">Acceda a la plataforma de donaciones en l\u00ednea \u2014100 % segura\u2014 del <a href=\"https:\/\/www.lourdes-france.org\/es\/faire-un-don\/\" target=\"_blank\" rel=\"noopener\"><strong>Santuario de Lourdes<\/strong><\/a>.<br \/><\/span><\/span><\/span><\/p><h2><span style=\"color: #454545;\"><span style=\"font-family: .SFNS-Regular_wdth_opsz110000_G, serif;\"><span style=\"font-size: large;\"><span lang=\"es-ES\"><b>Hacer una donaci\u00f3n<\/b><\/span><\/span><\/span><\/span> <span style=\"color: #454545;\"><span style=\"font-family: .SFNS-Regular_wdth_opsz110000_G, serif;\"><span style=\"font-size: large;\"><span lang=\"es-ES\"><b>mensual<\/b><\/span><\/span><\/span><\/span><\/h2><p lang=\"es-ES\"><span style=\"color: #454545;\"><span style=\"font-family: .SFNS-Regular_wdth_opsz110000_G, serif;\">Apoyar al Santuario de Lourdes cada mes significa participar de manera concreta en su misi\u00f3n espiritual y en la acogida de peregrinos de todo el mundo. Este acto de fidelidad asegura que el Santuario pueda continuar a largo plazo su misi\u00f3n de servicio a <a href=\"https:\/\/www.lourdes-france.org\/es\/?page_id=1035017&amp;preview=true\" target=\"_blank\" rel=\"noopener\">las personas m\u00e1s vulnerables, enfermas o en busca de esperanza<\/a>, al mismo tiempo que preserva los <a href=\"https:\/\/www.lourdes-france.org\/es\/?page_id=1034953&amp;preview=true\" target=\"_blank\" rel=\"noopener\">lugares de culto<\/a> que todos veneramos en oraci\u00f3n.<\/span><\/span><\/p><h2><span style=\"color: #454545;\"><span style=\"font-family: .SFNS-Regular_wdth_opsz110000_G, serif;\"><span lang=\"es-ES\"><b>Al elegir la donaci\u00f3n peri\u00f3dica:<\/b><\/span><\/span><\/span><\/h2><ul><li><p><span style=\"color: #454545;\"><span style=\"font-family: .SFNS-Regular_wdth_opsz110000_G, serif;\"><span style=\"font-size: medium;\"><span lang=\"es-ES\">Distribuye su aportaci\u00f3n a lo largo del a\u00f1o, facilitando as\u00ed la gesti\u00f3n de su presupuesto.<\/span><\/span><\/span><\/span><\/p><\/li><li><p><span style=\"color: #454545;\"><span style=\"font-family: .SFNS-Regular_wdth_opsz110000_G, serif;\"><span style=\"font-size: medium;\"><span lang=\"es-ES\">Conserva la libertad de interrumpir o modificar el importe de su contribuci\u00f3n en cualquier momento.<\/span><\/span><\/span><\/span><\/p><\/li><li><p><span style=\"color: #454545;\"><span style=\"font-family: .SFNS-Regular_wdth_opsz110000_G, serif;\"><span style=\"font-size: medium;\"><span lang=\"es-ES\">Reduce la recepci\u00f3n de correspondencia relacionada con solicitudes de donaciones (excepto en situaciones de emergencia).<\/span><\/span><\/span><\/span><\/p><\/li><\/ul><h2><span style=\"color: #454545;\"><span style=\"font-family: .SFNS-Regular_wdth_opsz110000_G, serif;\"><span lang=\"es-ES\"><b>Un apoyo valioso y duradero para el Santuario:<\/b><\/span><\/span><\/span><\/h2><ul><li><p><span style=\"color: #454545;\"><span style=\"font-family: .SFNS-Regular_wdth_opsz110000_G, serif;\"><span style=\"font-size: medium;\"><span lang=\"es-ES\"><strong>Menores gastos, mayor ayuda<\/strong>: la regularidad de las donaciones reduce los costes de captaci\u00f3n, lo que permite destinar m\u00e1s recursos a la <a href=\"https:\/\/www.lourdes-france.org\/es\/?page_id=1035017&amp;preview=true\" target=\"_blank\" rel=\"noopener\">acogida de peregrinos<\/a>, la pastoral, la atenci\u00f3n m\u00e9dica y el mantenimiento del Santuario.<\/span><\/span><\/span><\/span><\/p><\/li><li><p><span style=\"color: #454545;\"><span style=\"font-family: .SFNS-Regular_wdth_opsz110000_G, serif;\"><span style=\"font-size: medium;\"><span lang=\"es-ES\"><strong>Estabilidad de las misiones<\/strong>: las donaciones mensuales ofrecen una base financiera s\u00f3lida que garantiza la continuidad de los proyectos, especialmente en el acompa\u00f1amiento de las personas enfermas y en las labores de restauraci\u00f3n y conservaci\u00f3n.<\/span><\/span><\/span><\/span><\/p><\/li><li><p><span style=\"color: #454545;\"><span style=\"font-family: .SFNS-Regular_wdth_opsz110000_G, serif;\"><span style=\"font-size: medium;\"><span lang=\"es-ES\"><strong>Mayor capacidad de respuesta en caso de emergencia<\/strong>: un apoyo constante permite responder con mayor rapidez a las necesidades que puedan surgir.<\/span><\/span><\/span><\/span><\/p><\/li><\/ul><p><span style=\"color: #454545;\"><span style=\"font-family: .SFNS-Regular_wdth_opsz110000_G, serif;\"><span lang=\"es-ES\">Al convertirse en donante habitual, brinda al Santuario la posibilidad de planificar sus acciones con confianza, respondiendo as\u00ed al llamado de Mar\u00eda: <\/span><\/span><\/span><span style=\"color: #454545;\"><span style=\"font-family: .SFNS-RegularItalic_opsz110000_, serif;\"><span lang=\"es-ES\"><i>\u00abQue se venga en procesi\u00f3n\u00bb<\/i><\/span><\/span><\/span><span style=\"color: #454545;\"><span style=\"font-family: .SFNS-Regular_wdth_opsz110000_G, serif;\"><span lang=\"es-ES\">.<\/span><\/span><\/span><\/p>\t\t\t\t\t\t\t\t<\/div>\n\t\t\t\t<\/div>\n\t\t\t\t<div class=\"elementor-element elementor-element-8a9bd1b elementor-widget elementor-widget-link-in-bio\" data-id=\"8a9bd1b\" data-element_type=\"widget\" data-widget_type=\"link-in-bio.default\">\n\t\t\t\t<div class=\"elementor-widget-container\">\n\t\t\t\t\t\t\t<div class=\"e-link-in-bio e-link-in-bio\">\n\t\t\t<div class=\"e-link-in-bio__content\">\n\n\t\t\t\t\t\t<div class=\"e-link-in-bio__identity\">\n\t\t\t\t\t\t\t\t\t<div class=\"e-link-in-bio__identity-image e-link-in-bio__identity-image-profile has-border has-style-circle\">\n\t\t\t\t\t\t\t<img fetchpriority=\"high\" decoding=\"async\" width=\"300\" height=\"200\" src=\"https:\/\/www.lourdes-france.org\/wp-content\/uploads\/2025\/08\/21_service-donateur-01-scaled-1-300x200.jpg\" class=\"e-link-in-bio__identity-image-element\" alt=\"\" srcset=\"https:\/\/www.lourdes-france.org\/wp-content\/uploads\/2025\/08\/21_service-donateur-01-scaled-1-300x200.jpg 300w, https:\/\/www.lourdes-france.org\/wp-content\/uploads\/2025\/08\/21_service-donateur-01-scaled-1-1024x683.jpg 1024w, https:\/\/www.lourdes-france.org\/wp-content\/uploads\/2025\/08\/21_service-donateur-01-scaled-1-768x512.jpg 768w, https:\/\/www.lourdes-france.org\/wp-content\/uploads\/2025\/08\/21_service-donateur-01-scaled-1-1536x1024.jpg 1536w, https:\/\/www.lourdes-france.org\/wp-content\/uploads\/2025\/08\/21_service-donateur-01-scaled-1-2048x1366.jpg 2048w\" sizes=\"(max-width: 300px) 100vw, 300px\" \/>\t\t\t\t\t\t\t\t\t\t\t\t\t<\/div>\n\t\t\t\t\t\t\t<\/div>\n\t\t\t\t\t<div class=\"e-link-in-bio__bio\">\n\t\t\t\t<h2 class=\"e-link-in-bio__heading\">Service des Donateurs<\/h2>\t\t\t\t<h2 class=\"e-link-in-bio__title\">Santuario de Nuestra Se\u00f1ora de Lourdes<\/h2>\t\t\t\t\t\t\t\t\t\t\t<\/div>\n\t\t\t\t\t<div class=\"e-link-in-bio__icons has-size-medium\">\n\t\t\t\t\t\t\t<div class=\"e-link-in-bio__icon is-size-medium\">\n\t\t\t\t\t<a aria-label=\"Telephone\" class=\"e-link-in-bio__icon-link\" href=\"tel:+33562428282\">\n\t\t\t\t\t\t<span class=\"e-link-in-bio__icon-svg\">\n\t\t\t\t\t\t\t<i aria-hidden=\"true\" class=\"fas fa-phone-alt\"><\/i>\t\t\t\t\t\t<\/span>\n\t\t\t\t\t\t\t\t\t\t\t<\/a>\n\t\t\t\t<\/div>\n\t\t\t\t\t\t\t<div class=\"e-link-in-bio__icon is-size-medium\">\n\t\t\t\t\t<a aria-label=\"Email\" class=\"e-link-in-bio__icon-link\" href=\"mailto:donateur@lourdes-france.com\">\n\t\t\t\t\t\t<span class=\"e-link-in-bio__icon-svg\">\n\t\t\t\t\t\t\t<i aria-hidden=\"true\" class=\"fas fa-envelope\"><\/i>\t\t\t\t\t\t<\/span>\n\t\t\t\t\t\t\t\t\t\t\t<\/a>\n\t\t\t\t<\/div>\n\t\t\t\t\t<\/div>\n\t\t\n\t\t<div class=\"e-link-in-bio__ctas has-type-button\">\n\t\t\t\t\t\t\t<a target=\"_blank\" rel=\"noopener \" class=\"e-link-in-bio__cta is-type-button has-corners-rounded\" href=\"\">\n\t\t\t\t\t\t\t\t\t\t<span class=\"e-link-in-bio__cta-text\">\n\t\t\t\t\t\t1 avenue Mgr Th\u00e9as \u2013 65 108 Lourdes  France\t\t\t\t\t<\/span>\n\t\t\t\t<\/a>\n\t\t\t\t\t<\/div>\n\t\t\n\t\t\t<\/div>\n\t\t\t<div class=\"e-link-in-bio__bg\">\n\t\t\t\t<div class=\"e-link-in-bio__bg-overlay\"><\/div>\n\t\t\t<\/div>\n\t\t<\/div>\n\t\t\t\t\t\t<\/div>\n\t\t\t\t<\/div>\n\t\t\t\t<div class=\"elementor-element elementor-element-b773d1e elementor-view-default elementor-widget elementor-widget-icon\" data-id=\"b773d1e\" data-element_type=\"widget\" data-widget_type=\"icon.default\">\n\t\t\t\t<div class=\"elementor-widget-container\">\n\t\t\t\t\t\t\t<div class=\"elementor-icon-wrapper\">\n\t\t\t<div class=\"elementor-icon\">\n\t\t\t<i aria-hidden=\"true\" class=\"fas fa-church\"><\/i>\t\t\t<\/div>\n\t\t<\/div>\n\t\t\t\t\t\t<\/div>\n\t\t\t\t<\/div>\n\t\t\t\t\t<\/div>\n\t\t<\/div>\n\t\t\t\t\t<\/div>\n\t\t<\/section>\n\t\t\t\t<\/div>\n\t\t","protected":false},"excerpt":{"rendered":"<p>Donar con total confianza _________________ Los pagos realizados en la p\u00e1gina web del Santuario de Lourdes son 100 % seguros. Un sistema de codificaci\u00f3n garantiza la confidencialidad y el tratamiento seguro de sus datos. Toda la informaci\u00f3n bancaria para procesar &hellip; <a href=\"https:\/\/www.lourdes-france.org\/es\/apoyar-santuario-lourdes\/su-donacion-con-confianza\/\">Continuar<\/a><\/p>\n","protected":false},"author":7,"featured_media":1028783,"parent":1033711,"menu_order":0,"comment_status":"closed","ping_status":"closed","template":"","meta":{"_acf_changed":false,"footnotes":""},"class_list":["post-1033633","page","type-page","status-publish","has-post-thumbnail","hentry"],"acf":[],"yoast_head":"<!-- This site is optimized with the Yoast SEO plugin v24.7 - https:\/\/yoast.com\/wordpress\/plugins\/seo\/ -->\n<title>Su donaci\u00f3n con confianza<\/title>\n<meta name=\"description\" content=\"Con el Santuario, haga una donaci\u00f3n con total confianza. Los pagos en el sitio web est\u00e1n controlados, certificados, son confidenciales y 100 % seguros.\" \/>\n<meta name=\"robots\" content=\"index, follow, max-snippet:-1, max-image-preview:large, max-video-preview:-1\" \/>\n<link rel=\"canonical\" href=\"https:\/\/www.lourdes-france.org\/es\/apoyar-santuario-lourdes\/su-donacion-con-confianza\/\" \/>\n<meta name=\"twitter:label1\" content=\"Tiempo de lectura\" \/>\n\t<meta name=\"twitter:data1\" content=\"3 minutos\" \/>\n<script type=\"application\/ld+json\" class=\"yoast-schema-graph\">{\"@context\":\"https:\/\/schema.org\",\"@graph\":[{\"@type\":\"WebPage\",\"@id\":\"https:\/\/www.lourdes-france.org\/es\/apoyar-santuario-lourdes\/su-donacion-con-confianza\/\",\"url\":\"https:\/\/www.lourdes-france.org\/es\/apoyar-santuario-lourdes\/su-donacion-con-confianza\/\",\"name\":\"Su donaci\u00f3n con confianza\",\"isPartOf\":{\"@id\":\"https:\/\/preprod-lourdes.cawita.com\/#website\"},\"primaryImageOfPage\":{\"@id\":\"https:\/\/www.lourdes-france.org\/es\/apoyar-santuario-lourdes\/su-donacion-con-confianza\/#primaryimage\"},\"image\":{\"@id\":\"https:\/\/www.lourdes-france.org\/es\/apoyar-santuario-lourdes\/su-donacion-con-confianza\/#primaryimage\"},\"thumbnailUrl\":\"https:\/\/www.lourdes-france.org\/wp-content\/uploads\/2025\/07\/Nous-soutenir-scaled.jpg\",\"datePublished\":\"2025-08-27T15:51:37+00:00\",\"description\":\"Con el Santuario, haga una donaci\u00f3n con total confianza. Los pagos en el sitio web est\u00e1n controlados, certificados, son confidenciales y 100 % seguros.\",\"breadcrumb\":{\"@id\":\"https:\/\/www.lourdes-france.org\/es\/apoyar-santuario-lourdes\/su-donacion-con-confianza\/#breadcrumb\"},\"inLanguage\":\"es\",\"potentialAction\":[{\"@type\":\"ReadAction\",\"target\":[\"https:\/\/www.lourdes-france.org\/es\/apoyar-santuario-lourdes\/su-donacion-con-confianza\/\"]}]},{\"@type\":\"ImageObject\",\"inLanguage\":\"es\",\"@id\":\"https:\/\/www.lourdes-france.org\/es\/apoyar-santuario-lourdes\/su-donacion-con-confianza\/#primaryimage\",\"url\":\"https:\/\/www.lourdes-france.org\/wp-content\/uploads\/2025\/07\/Nous-soutenir-scaled.jpg\",\"contentUrl\":\"https:\/\/www.lourdes-france.org\/wp-content\/uploads\/2025\/07\/Nous-soutenir-scaled.jpg\",\"width\":2560,\"height\":1707,\"caption\":\"Nous soutenir\"},{\"@type\":\"BreadcrumbList\",\"@id\":\"https:\/\/www.lourdes-france.org\/es\/apoyar-santuario-lourdes\/su-donacion-con-confianza\/#breadcrumb\",\"itemListElement\":[{\"@type\":\"ListItem\",\"position\":1,\"name\":\"Accueil\",\"item\":\"https:\/\/www.lourdes-france.org\/\"},{\"@type\":\"ListItem\",\"position\":2,\"name\":\"Soutenir le Sanctuaire\",\"item\":\"https:\/\/www.lourdes-france.org\/es\/apoyar-santuario-lourdes\/\"},{\"@type\":\"ListItem\",\"position\":3,\"name\":\"Votre don en confiance\"}]},{\"@type\":\"WebSite\",\"@id\":\"https:\/\/preprod-lourdes.cawita.com\/#website\",\"url\":\"https:\/\/preprod-lourdes.cawita.com\/\",\"name\":\"Soutenir le Sanctuaire Notre-Dame de Lourdes\",\"description\":\"\",\"potentialAction\":[{\"@type\":\"SearchAction\",\"target\":{\"@type\":\"EntryPoint\",\"urlTemplate\":\"https:\/\/preprod-lourdes.cawita.com\/?s={search_term_string}\"},\"query-input\":{\"@type\":\"PropertyValueSpecification\",\"valueRequired\":true,\"valueName\":\"search_term_string\"}}],\"inLanguage\":\"es\"}]}<\/script>\n<!-- \/ Yoast SEO plugin. -->","yoast_head_json":{"title":"Su donaci\u00f3n con confianza","description":"Con el Santuario, haga una donaci\u00f3n con total confianza. Los pagos en el sitio web est\u00e1n controlados, certificados, son confidenciales y 100 % seguros.","robots":{"index":"index","follow":"follow","max-snippet":"max-snippet:-1","max-image-preview":"max-image-preview:large","max-video-preview":"max-video-preview:-1"},"canonical":"https:\/\/www.lourdes-france.org\/es\/apoyar-santuario-lourdes\/su-donacion-con-confianza\/","twitter_misc":{"Tiempo de lectura":"3 minutos"},"schema":{"@context":"https:\/\/schema.org","@graph":[{"@type":"WebPage","@id":"https:\/\/www.lourdes-france.org\/es\/apoyar-santuario-lourdes\/su-donacion-con-confianza\/","url":"https:\/\/www.lourdes-france.org\/es\/apoyar-santuario-lourdes\/su-donacion-con-confianza\/","name":"Su donaci\u00f3n con confianza","isPartOf":{"@id":"https:\/\/preprod-lourdes.cawita.com\/#website"},"primaryImageOfPage":{"@id":"https:\/\/www.lourdes-france.org\/es\/apoyar-santuario-lourdes\/su-donacion-con-confianza\/#primaryimage"},"image":{"@id":"https:\/\/www.lourdes-france.org\/es\/apoyar-santuario-lourdes\/su-donacion-con-confianza\/#primaryimage"},"thumbnailUrl":"https:\/\/www.lourdes-france.org\/wp-content\/uploads\/2025\/07\/Nous-soutenir-scaled.jpg","datePublished":"2025-08-27T15:51:37+00:00","description":"Con el Santuario, haga una donaci\u00f3n con total confianza. Los pagos en el sitio web est\u00e1n controlados, certificados, son confidenciales y 100 % seguros.","breadcrumb":{"@id":"https:\/\/www.lourdes-france.org\/es\/apoyar-santuario-lourdes\/su-donacion-con-confianza\/#breadcrumb"},"inLanguage":"es","potentialAction":[{"@type":"ReadAction","target":["https:\/\/www.lourdes-france.org\/es\/apoyar-santuario-lourdes\/su-donacion-con-confianza\/"]}]},{"@type":"ImageObject","inLanguage":"es","@id":"https:\/\/www.lourdes-france.org\/es\/apoyar-santuario-lourdes\/su-donacion-con-confianza\/#primaryimage","url":"https:\/\/www.lourdes-france.org\/wp-content\/uploads\/2025\/07\/Nous-soutenir-scaled.jpg","contentUrl":"https:\/\/www.lourdes-france.org\/wp-content\/uploads\/2025\/07\/Nous-soutenir-scaled.jpg","width":2560,"height":1707,"caption":"Nous soutenir"},{"@type":"BreadcrumbList","@id":"https:\/\/www.lourdes-france.org\/es\/apoyar-santuario-lourdes\/su-donacion-con-confianza\/#breadcrumb","itemListElement":[{"@type":"ListItem","position":1,"name":"Accueil","item":"https:\/\/www.lourdes-france.org\/"},{"@type":"ListItem","position":2,"name":"Soutenir le Sanctuaire","item":"https:\/\/www.lourdes-france.org\/es\/apoyar-santuario-lourdes\/"},{"@type":"ListItem","position":3,"name":"Votre don en confiance"}]},{"@type":"WebSite","@id":"https:\/\/preprod-lourdes.cawita.com\/#website","url":"https:\/\/preprod-lourdes.cawita.com\/","name":"Soutenir le Sanctuaire Notre-Dame de Lourdes","description":"","potentialAction":[{"@type":"SearchAction","target":{"@type":"EntryPoint","urlTemplate":"https:\/\/preprod-lourdes.cawita.com\/?s={search_term_string}"},"query-input":{"@type":"PropertyValueSpecification","valueRequired":true,"valueName":"search_term_string"}}],"inLanguage":"es"}]}},"_links":{"self":[{"href":"https:\/\/www.lourdes-france.org\/es\/wp-json\/wp\/v2\/pages\/1033633","targetHints":{"allow":["GET"]}}],"collection":[{"href":"https:\/\/www.lourdes-france.org\/es\/wp-json\/wp\/v2\/pages"}],"about":[{"href":"https:\/\/www.lourdes-france.org\/es\/wp-json\/wp\/v2\/types\/page"}],"author":[{"embeddable":true,"href":"https:\/\/www.lourdes-france.org\/es\/wp-json\/wp\/v2\/users\/7"}],"replies":[{"embeddable":true,"href":"https:\/\/www.lourdes-france.org\/es\/wp-json\/wp\/v2\/comments?post=1033633"}],"version-history":[{"count":3,"href":"https:\/\/www.lourdes-france.org\/es\/wp-json\/wp\/v2\/pages\/1033633\/revisions"}],"predecessor-version":[{"id":1061772,"href":"https:\/\/www.lourdes-france.org\/es\/wp-json\/wp\/v2\/pages\/1033633\/revisions\/1061772"}],"up":[{"embeddable":true,"href":"https:\/\/www.lourdes-france.org\/es\/wp-json\/wp\/v2\/pages\/1033711"}],"wp:featuredmedia":[{"embeddable":true,"href":"https:\/\/www.lourdes-france.org\/es\/wp-json\/wp\/v2\/media\/1028783"}],"wp:attachment":[{"href":"https:\/\/www.lourdes-france.org\/es\/wp-json\/wp\/v2\/media?parent=1033633"}],"curies":[{"name":"wp","href":"https:\/\/api.w.org\/{rel}","templated":true}]}}